{"id":19805,"date":"2025-06-10T18:10:37","date_gmt":"2025-06-10T18:10:37","guid":{"rendered":"https:\/\/vitablanca.ma\/product\/la-roche-posay-toleriane-sensitive-riche-40ml\/"},"modified":"2025-12-17T19:08:14","modified_gmt":"2025-12-17T19:08:14","slug":"la-roche-posay-toleriane-sensitive-riche-40ml","status":"publish","type":"product","link":"https:\/\/vitablanca.ma\/ar\/product-2\/la-roche-posay-toleriane-sensitive-riche-40ml\/","title":{"rendered":"\u0644\u0627 \u0631\u0648\u0634 \u0628\u0648\u0632\u064a\u0647 \u062a\u0648\u0644\u064a\u0631\u064a\u0627\u0646 \u0633\u064a\u0646\u0633\u064a\u062a\u064a\u0641 \u0631\u064a\u062a\u0634 40 \u0645\u0644"},"content":{"rendered":"<h2>La Roche Posay Toleriane Sensitive Riche\u00a0La nouvelle hydratation dermatologique, si s\u00fbre qu\u2019elle convient aux b\u00e9b\u00e9s.<\/h2>\n<p><span>Pour les peaux sensibles \u00e0 tendance s\u00e8che \u00e0 tr\u00e8s s\u00e8che. Rougeurs occasionnelles, tiraillements, picotements, s\u00e9cheresse. Convient au b\u00e9b\u00e9s.<br \/>40ml.<\/span><\/p>\n<section class=\"obj_detail product clearfix\">\n<div id=\"carousselpack\" class=\"ctn_description clearfix\">\n<div class=\"ctn_col var_center\">\n<div class=\"ctn_properties\">\n<h3>PROPRI\u00c9T\u00c9S<\/h3>\n<p><strong>ACTIFS APAISANTS ET PROTECTEURS<br \/><\/strong><br \/><strong>[Glyc\u00e9rine]<\/strong><span>\u00a0<\/span>hydrate 48h.<br \/><strong>[Beurre de Karit\u00e9]<\/strong><span>\u00a0<\/span>r\u00e9pare et prot\u00e8ge la barri\u00e8re cutan\u00e9e.<br \/><strong>[Vitamine B3]<\/strong><span>\u00a0<\/span>apaise et r\u00e9duit la sensibilit\u00e9 cutan\u00e9e.<br \/><strong>[Eau thermale de La Roche-Posay]<span>\u00a0<\/span><\/strong>aux propri\u00e9t\u00e9s pr\u00e9biotiques, apaise et r\u00e9duit les irritations, aide \u00e0 maintenir la peau en bonne sant\u00e9<strong>.<\/strong><br \/>Non com\u00e9dog\u00e8ne.<br \/>Non irritant\/non sensibilisant.<br \/>Haute Tol\u00e9rance.\u00a0<br \/>Convient aux b\u00e9b\u00e9s.\u00a0<\/p>\n<\/div>\n<\/div>\n<\/div>\n<\/section>\n<section class=\"obj_detail product clearfix\">\n<div class=\"obj_encart clearfix\">\n<div class=\"ctn_col var_efficacy\">\n<h3>EFFICACIT\u00c9<\/h3>\n<p>Test\u00e9 sous contr\u00f4le dermatologique, p\u00e9diatrique et ophtalmologique.<br \/>Apr\u00e8s 4 semaines<br \/>Apaise les peaux sensibles et r\u00e9duit les inconforts* :\u00a0<br \/>\u2013 Picotements<br \/>\u2013 Tiraillements<br \/>\u2013 Sensations de d\u00e9mangeaison<br \/>\u2013 S\u00e9cheresse<\/p>\n<\/div>\n<div class=\"ctn_col var_texture\">\n<h3>TEXTURE & APPLICATION<\/h3>\n<div>Appliquer sur le visage et cou matin et soir apr\u00e8s le nettoyage.<br \/>Texture riche pour les peaux sensibles \u00e0 tendance s\u00e8ches.<\/p>\n<\/div>\n<\/div>\n<\/div>\n<\/section>\n","protected":false},"excerpt":{"rendered":"<p>La Roche Posay Toleriane Sensitive Riche\u00a0La nouvelle hydratation dermatologique, si s\u00fbre qu\u2019elle convient aux b\u00e9b\u00e9s. Pour les peaux sensibles \u00e0 tendance s\u00e8che \u00e0 tr\u00e8s s\u00e8che. Rougeurs occasionnelles, tiraillements, picotements, s\u00e9cheresse. Convient au b\u00e9b\u00e9s.40ml. PROPRI\u00c9T\u00c9S ACTIFS APAISANTS ET PROTECTEURS[Glyc\u00e9rine]\u00a0hydrate 48h.[Beurre de Karit\u00e9]\u00a0r\u00e9pare et prot\u00e8ge la barri\u00e8re cutan\u00e9e.[Vitamine B3]\u00a0apaise et r\u00e9duit la sensibilit\u00e9 cutan\u00e9e.[Eau thermale de La [&hellip;]<\/p>\n","protected":false},"featured_media":19799,"template":"","meta":[],"product_brand":[3456],"product_cat":[18],"product_tag":[3459,3471,3473,3468,3472,3470,3474,3462,3464,3460,3465,3461,3457,3466,3469,3458,3463,3467],"class_list":{"0":"post-19805","1":"product","2":"type-product","3":"status-publish","4":"has-post-thumbnail","6":"product_brand-la-roche-posay-maroc-prix","7":"product_cat-beaute-sante","8":"product_tag-acheter-la-roche-posay-en-ligne-maroc","9":"product_tag-anthelios-maroc","10":"product_tag-cosmetiques-maroc","11":"product_tag-creme-solaire-maroc","12":"product_tag-dermatologie-maroc","13":"product_tag-effaclar-maroc","14":"product_tag-hydratation-peau","15":"product_tag-la-roche-posay-acne-maroc","16":"product_tag-la-roche-posay-anthelios-maroc","17":"product_tag-la-roche-posay-creme-solaire-maroc","18":"product_tag-la-roche-posay-effaclar-maroc","19":"product_tag-la-roche-posay-hydratant-visage-maroc","20":"product_tag-la-roche-posay-maroc","21":"product_tag-la-roche-posay-maroc-prix","22":"product_tag-peau-sensible-maroc","23":"product_tag-produits-la-roche-posay-maroc","24":"product_tag-serum-la-roche-posay-maroc","25":"product_tag-soins-visage-maroc","27":"first","28":"instock","29":"sale","30":"taxable","31":"shipping-taxable","32":"purchasable","33":"product-type-simple"},"yoast_head":"<!-- This site is optimized with the Yoast SEO plugin v27.6 - https:\/\/yoast.com\/product\/yoast-seo-wordpress\/ -->\n<title>La Roche Posay Toleriane Sensitive Riche 40ml - Maroc Prix<\/title>\n<meta name=\"description\" content=\"La Roche Posay Toleriane Sensitive Riche 40ml\" \/>\n<meta name=\"robots\" content=\"index, follow, max-snippet:-1, max-image-preview:large, max-video-preview:-1\" \/>\n<link rel=\"canonical\" href=\"https:\/\/vitablanca.ma\/ar\/product-2\/la-roche-posay-toleriane-sensitive-riche-40ml\/\" \/>\n<meta property=\"og:locale\" content=\"ar_AR\" \/>\n<meta property=\"og:type\" content=\"article\" \/>\n<meta property=\"og:title\" content=\"La Roche Posay Toleriane Sensitive Riche 40ml - Maroc Prix\" \/>\n<meta property=\"og:description\" content=\"La Roche Posay Toleriane Sensitive Riche 40ml\" \/>\n<meta property=\"og:url\" content=\"https:\/\/vitablanca.ma\/ar\/product-2\/la-roche-posay-toleriane-sensitive-riche-40ml\/\" \/>\n<meta property=\"og:site_name\" content=\"Vitablanca.ma &ndash; Sant&eacute;, vitalit&eacute; et bien-&ecirc;tre pour tous les Marocains\" \/>\n<meta property=\"article:publisher\" content=\"https:\/\/www.facebook.com\/profile.php?id=61576678196717\" \/>\n<meta property=\"article:modified_time\" content=\"2025-12-17T19:08:14+00:00\" \/>\n<meta property=\"og:image\" content=\"https:\/\/vitablanca.ma\/wp-content\/uploads\/2025\/06\/La-Roche-Posay-Toleriane-Sensitive-Riche-40ml-nova-parapharmacie-maroc.jpg\" \/>\n\t<meta property=\"og:image:width\" content=\"1000\" \/>\n\t<meta property=\"og:image:height\" content=\"1000\" \/>\n\t<meta property=\"og:image:type\" content=\"image\/jpeg\" \/>\n<meta name=\"twitter:card\" content=\"summary_large_image\" \/>\n<meta name=\"twitter:label1\" content=\"\u0648\u0642\u062a \u0627\u0644\u0642\u0631\u0627\u0621\u0629 \u0627\u0644\u0645\u064f\u0642\u062f\u0651\u0631\" \/>\n\t<meta name=\"twitter:data1\" content=\"\u062f\u0642\u064a\u0642\u0629 \u0648\u0627\u062d\u062f\u0629\" \/>\n<script type=\"application\/ld+json\" class=\"yoast-schema-graph\">{\"@context\":\"https:\\\/\\\/schema.org\",\"@graph\":[{\"@type\":[\"WebPage\",\"ItemPage\"],\"@id\":\"https:\\\/\\\/vitablanca.ma\\\/produit\\\/la-roche-posay-toleriane-sensitive-riche-40ml\\\/\",\"url\":\"https:\\\/\\\/vitablanca.ma\\\/produit\\\/la-roche-posay-toleriane-sensitive-riche-40ml\\\/\",\"name\":\"La Roche Posay Toleriane Sensitive Riche 40ml - Maroc Prix\",\"isPartOf\":{\"@id\":\"https:\\\/\\\/vitablanca.ma\\\/#website\"},\"primaryImageOfPage\":{\"@id\":\"https:\\\/\\\/vitablanca.ma\\\/produit\\\/la-roche-posay-toleriane-sensitive-riche-40ml\\\/#primaryimage\"},\"image\":{\"@id\":\"https:\\\/\\\/vitablanca.ma\\\/produit\\\/la-roche-posay-toleriane-sensitive-riche-40ml\\\/#primaryimage\"},\"thumbnailUrl\":\"https:\\\/\\\/vitablanca.ma\\\/wp-content\\\/uploads\\\/2025\\\/06\\\/La-Roche-Posay-Toleriane-Sensitive-Riche-40ml-nova-parapharmacie-maroc.jpg\",\"datePublished\":\"2025-06-10T18:10:37+00:00\",\"dateModified\":\"2025-12-17T19:08:14+00:00\",\"description\":\"La Roche Posay Toleriane Sensitive Riche 40ml\",\"breadcrumb\":{\"@id\":\"https:\\\/\\\/vitablanca.ma\\\/produit\\\/la-roche-posay-toleriane-sensitive-riche-40ml\\\/#breadcrumb\"},\"inLanguage\":\"ar\",\"potentialAction\":[{\"@type\":\"ReadAction\",\"target\":[\"https:\\\/\\\/vitablanca.ma\\\/produit\\\/la-roche-posay-toleriane-sensitive-riche-40ml\\\/\"]}]},{\"@type\":\"ImageObject\",\"inLanguage\":\"ar\",\"@id\":\"https:\\\/\\\/vitablanca.ma\\\/produit\\\/la-roche-posay-toleriane-sensitive-riche-40ml\\\/#primaryimage\",\"url\":\"https:\\\/\\\/vitablanca.ma\\\/wp-content\\\/uploads\\\/2025\\\/06\\\/La-Roche-Posay-Toleriane-Sensitive-Riche-40ml-nova-parapharmacie-maroc.jpg\",\"contentUrl\":\"https:\\\/\\\/vitablanca.ma\\\/wp-content\\\/uploads\\\/2025\\\/06\\\/La-Roche-Posay-Toleriane-Sensitive-Riche-40ml-nova-parapharmacie-maroc.jpg\",\"width\":1000,\"height\":1000},{\"@type\":\"BreadcrumbList\",\"@id\":\"https:\\\/\\\/vitablanca.ma\\\/produit\\\/la-roche-posay-toleriane-sensitive-riche-40ml\\\/#breadcrumb\",\"itemListElement\":[{\"@type\":\"ListItem\",\"position\":1,\"name\":\"Home\",\"item\":\"https:\\\/\\\/vitablanca.ma\\\/\"},{\"@type\":\"ListItem\",\"position\":2,\"name\":\"Tous Les Produits\",\"item\":\"https:\\\/\\\/vitablanca.ma\\\/tous-les-produits\\\/\"},{\"@type\":\"ListItem\",\"position\":3,\"name\":\"La Roche Posay Toleriane Sensitive Riche 40ml\"}]},{\"@type\":\"WebSite\",\"@id\":\"https:\\\/\\\/vitablanca.ma\\\/#website\",\"url\":\"https:\\\/\\\/vitablanca.ma\\\/\",\"name\":\"VitaBlanca.ma | Compl\u00e9ments alimentaires, sant\u00e9 & beaut\u00e9 au Maroc\",\"description\":\"vendre vitamines et compl\u00e9ments premium des USA &amp; Canada, Nouvelle Z\u00e9lande,Maroc (NOW Foods, Solgar, Manuka). Livraison rapide partout au Maroc.\",\"publisher\":{\"@id\":\"https:\\\/\\\/vitablanca.ma\\\/#organization\"},\"alternateName\":\"VitaBlanca.ma\",\"potentialAction\":[{\"@type\":\"SearchAction\",\"target\":{\"@type\":\"EntryPoint\",\"urlTemplate\":\"https:\\\/\\\/vitablanca.ma\\\/?s={search_term_string}\"},\"query-input\":{\"@type\":\"PropertyValueSpecification\",\"valueRequired\":true,\"valueName\":\"search_term_string\"}}],\"inLanguage\":\"ar\"},{\"@type\":\"Organization\",\"@id\":\"https:\\\/\\\/vitablanca.ma\\\/#organization\",\"name\":\"VitaBlanca\",\"url\":\"https:\\\/\\\/vitablanca.ma\\\/\",\"logo\":{\"@type\":\"ImageObject\",\"inLanguage\":\"ar\",\"@id\":\"https:\\\/\\\/vitablanca.ma\\\/#\\\/schema\\\/logo\\\/image\\\/\",\"url\":\"https:\\\/\\\/vitablanca.ma\\\/wp-content\\\/uploads\\\/2025\\\/05\\\/cropped-vitablanca.png\",\"contentUrl\":\"https:\\\/\\\/vitablanca.ma\\\/wp-content\\\/uploads\\\/2025\\\/05\\\/cropped-vitablanca.png\",\"width\":360,\"height\":67,\"caption\":\"VitaBlanca\"},\"image\":{\"@id\":\"https:\\\/\\\/vitablanca.ma\\\/#\\\/schema\\\/logo\\\/image\\\/\"},\"sameAs\":[\"https:\\\/\\\/www.facebook.com\\\/profile.php?id=61576678196717\",\"https:\\\/\\\/www.tiktok.com\\\/@vitablanca.ma\",\"https:\\\/\\\/www.instagram.com\\\/vitablanca.ma\\\/\"]}]}<\/script>\n<!-- \/ Yoast SEO plugin. -->","yoast_head_json":{"title":"La Roche Posay Toleriane Sensitive Rich 40ml - \u0633\u0639\u0631 \u0627\u0644\u0645\u063a\u0631\u0628","description":"\u0644\u0627 \u0631\u0648\u0634 \u0628\u0648\u0632\u064a\u0647 \u062a\u0648\u0644\u064a\u0631\u064a\u0627\u0646 \u0633\u064a\u0646\u0633\u064a\u062a\u064a\u0641 \u0631\u064a\u062a\u0634 40 \u0645\u0644","robots":{"index":"index","follow":"follow","max-snippet":"max-snippet:-1","max-image-preview":"max-image-preview:large","max-video-preview":"max-video-preview:-1"},"canonical":"https:\/\/vitablanca.ma\/ar\/product-2\/la-roche-posay-toleriane-sensitive-riche-40ml\/","og_locale":"ar_AR","og_type":"article","og_title":"La Roche Posay Toleriane Sensitive Riche 40ml - Maroc Prix","og_description":"La Roche Posay Toleriane Sensitive Riche 40ml","og_url":"https:\/\/vitablanca.ma\/ar\/product-2\/la-roche-posay-toleriane-sensitive-riche-40ml\/","og_site_name":"Vitablanca.ma &ndash; Sant&eacute;, vitalit&eacute; et bien-&ecirc;tre pour tous les Marocains","article_publisher":"https:\/\/www.facebook.com\/profile.php?id=61576678196717","article_modified_time":"2025-12-17T19:08:14+00:00","og_image":[{"width":1000,"height":1000,"url":"https:\/\/vitablanca.ma\/wp-content\/uploads\/2025\/06\/La-Roche-Posay-Toleriane-Sensitive-Riche-40ml-nova-parapharmacie-maroc.jpg","type":"image\/jpeg"}],"twitter_card":"summary_large_image","twitter_misc":{"\u0648\u0642\u062a \u0627\u0644\u0642\u0631\u0627\u0621\u0629 \u0627\u0644\u0645\u064f\u0642\u062f\u0651\u0631":"\u062f\u0642\u064a\u0642\u0629 \u0648\u0627\u062d\u062f\u0629"},"schema":{"@context":"https:\/\/schema.org","@graph":[{"@type":["WebPage","ItemPage"],"@id":"https:\/\/vitablanca.ma\/produit\/la-roche-posay-toleriane-sensitive-riche-40ml\/","url":"https:\/\/vitablanca.ma\/produit\/la-roche-posay-toleriane-sensitive-riche-40ml\/","name":"La Roche Posay Toleriane Sensitive Rich 40ml - \u0633\u0639\u0631 \u0627\u0644\u0645\u063a\u0631\u0628","isPartOf":{"@id":"https:\/\/vitablanca.ma\/#website"},"primaryImageOfPage":{"@id":"https:\/\/vitablanca.ma\/produit\/la-roche-posay-toleriane-sensitive-riche-40ml\/#primaryimage"},"image":{"@id":"https:\/\/vitablanca.ma\/produit\/la-roche-posay-toleriane-sensitive-riche-40ml\/#primaryimage"},"thumbnailUrl":"https:\/\/vitablanca.ma\/wp-content\/uploads\/2025\/06\/La-Roche-Posay-Toleriane-Sensitive-Riche-40ml-nova-parapharmacie-maroc.jpg","datePublished":"2025-06-10T18:10:37+00:00","dateModified":"2025-12-17T19:08:14+00:00","description":"\u0644\u0627 \u0631\u0648\u0634 \u0628\u0648\u0632\u064a\u0647 \u062a\u0648\u0644\u064a\u0631\u064a\u0627\u0646 \u0633\u064a\u0646\u0633\u064a\u062a\u064a\u0641 \u0631\u064a\u062a\u0634 40 \u0645\u0644","breadcrumb":{"@id":"https:\/\/vitablanca.ma\/produit\/la-roche-posay-toleriane-sensitive-riche-40ml\/#breadcrumb"},"inLanguage":"ar","potentialAction":[{"@type":"ReadAction","target":["https:\/\/vitablanca.ma\/produit\/la-roche-posay-toleriane-sensitive-riche-40ml\/"]}]},{"@type":"ImageObject","inLanguage":"ar","@id":"https:\/\/vitablanca.ma\/produit\/la-roche-posay-toleriane-sensitive-riche-40ml\/#primaryimage","url":"https:\/\/vitablanca.ma\/wp-content\/uploads\/2025\/06\/La-Roche-Posay-Toleriane-Sensitive-Riche-40ml-nova-parapharmacie-maroc.jpg","contentUrl":"https:\/\/vitablanca.ma\/wp-content\/uploads\/2025\/06\/La-Roche-Posay-Toleriane-Sensitive-Riche-40ml-nova-parapharmacie-maroc.jpg","width":1000,"height":1000},{"@type":"BreadcrumbList","@id":"https:\/\/vitablanca.ma\/produit\/la-roche-posay-toleriane-sensitive-riche-40ml\/#breadcrumb","itemListElement":[{"@type":"ListItem","position":1,"name":"Home","item":"https:\/\/vitablanca.ma\/"},{"@type":"ListItem","position":2,"name":"Tous Les Produits","item":"https:\/\/vitablanca.ma\/tous-les-produits\/"},{"@type":"ListItem","position":3,"name":"La Roche Posay Toleriane Sensitive Riche 40ml"}]},{"@type":"WebSite","@id":"https:\/\/vitablanca.ma\/#website","url":"https:\/\/vitablanca.ma\/","name":"VitaBlanca.ma | \u0627\u0644\u0645\u0643\u0645\u0644\u0627\u062a \u0627\u0644\u063a\u0630\u0627\u0626\u064a\u0629\u060c \u0627\u0644\u0635\u062d\u0629 \u0648\u0627\u0644\u062c\u0645\u0627\u0644 \u0641\u064a \u0627\u0644\u0645\u063a\u0631\u0628","description":"\u0646\u0628\u064a\u0639 \u0641\u064a\u062a\u0627\u0645\u064a\u0646\u0627\u062a \u0648\u0645\u0643\u0645\u0644\u0627\u062a \u063a\u0630\u0627\u0626\u064a\u0629 \u0641\u0627\u062e\u0631\u0629 \u0645\u0646 \u0627\u0644\u0648\u0644\u0627\u064a\u0627\u062a \u0627\u0644\u0645\u062a\u062d\u062f\u0629 \u0627\u0644\u0623\u0645\u0631\u064a\u0643\u064a\u0629 \u0648\u0643\u0646\u062f\u0627 \u0648\u0646\u064a\u0648\u0632\u064a\u0644\u0646\u062f\u0627 \u0648\u0627\u0644\u0645\u063a\u0631\u0628 (\u0646\u0627\u0648 \u0641\u0648\u062f\u0632\u060c \u0633\u0648\u0644\u062c\u0627\u0631\u060c \u0645\u0627\u0646\u0648\u0643\u0627). \u062a\u0648\u0635\u064a\u0644 \u0633\u0631\u064a\u0639 \u0625\u0644\u0649 \u062c\u0645\u064a\u0639 \u0623\u0646\u062d\u0627\u0621 \u0627\u0644\u0645\u063a\u0631\u0628.","publisher":{"@id":"https:\/\/vitablanca.ma\/#organization"},"alternateName":"VitaBlanca.ma","potentialAction":[{"@type":"SearchAction","target":{"@type":"EntryPoint","urlTemplate":"https:\/\/vitablanca.ma\/?s={search_term_string}"},"query-input":{"@type":"PropertyValueSpecification","valueRequired":true,"valueName":"search_term_string"}}],"inLanguage":"ar"},{"@type":"Organization","@id":"https:\/\/vitablanca.ma\/#organization","name":"\u0641\u064a\u062a\u0627\u0628\u0644\u0627\u0646\u0643\u0627","url":"https:\/\/vitablanca.ma\/","logo":{"@type":"ImageObject","inLanguage":"ar","@id":"https:\/\/vitablanca.ma\/#\/schema\/logo\/image\/","url":"https:\/\/vitablanca.ma\/wp-content\/uploads\/2025\/05\/cropped-vitablanca.png","contentUrl":"https:\/\/vitablanca.ma\/wp-content\/uploads\/2025\/05\/cropped-vitablanca.png","width":360,"height":67,"caption":"VitaBlanca"},"image":{"@id":"https:\/\/vitablanca.ma\/#\/schema\/logo\/image\/"},"sameAs":["https:\/\/www.facebook.com\/profile.php?id=61576678196717","https:\/\/www.tiktok.com\/@vitablanca.ma","https:\/\/www.instagram.com\/vitablanca.ma\/"]}]}},"jetpack_sharing_enabled":true,"_links":{"self":[{"href":"https:\/\/vitablanca.ma\/ar\/wp-json\/wp\/v2\/product\/19805","targetHints":{"allow":["GET"]}}],"collection":[{"href":"https:\/\/vitablanca.ma\/ar\/wp-json\/wp\/v2\/product"}],"about":[{"href":"https:\/\/vitablanca.ma\/ar\/wp-json\/wp\/v2\/types\/product"}],"wp:featuredmedia":[{"embeddable":true,"href":"https:\/\/vitablanca.ma\/ar\/wp-json\/wp\/v2\/media\/19799"}],"wp:attachment":[{"href":"https:\/\/vitablanca.ma\/ar\/wp-json\/wp\/v2\/media?parent=19805"}],"wp:term":[{"taxonomy":"product_brand","embeddable":true,"href":"https:\/\/vitablanca.ma\/ar\/wp-json\/wp\/v2\/product_brand?post=19805"},{"taxonomy":"product_cat","embeddable":true,"href":"https:\/\/vitablanca.ma\/ar\/wp-json\/wp\/v2\/product_cat?post=19805"},{"taxonomy":"product_tag","embeddable":true,"href":"https:\/\/vitablanca.ma\/ar\/wp-json\/wp\/v2\/product_tag?post=19805"}],"curies":[{"name":"wp","href":"https:\/\/api.w.org\/{rel}","templated":true}]}}