{"id":19782,"date":"2025-06-10T18:09:42","date_gmt":"2025-06-10T18:09:42","guid":{"rendered":"https:\/\/vitablanca.ma\/product\/lysaskin-xerolys-50-soin-pour-callosites-40ml\/"},"modified":"2025-06-10T18:09:42","modified_gmt":"2025-06-10T18:09:42","slug":"lysaskin-xerolys-50-soin-pour-callosites-40ml","status":"publish","type":"product","link":"https:\/\/vitablanca.ma\/ar\/product-2\/lysaskin-xerolys-50-soin-pour-callosites-40ml\/","title":{"rendered":"Lysaskin XEROlys 50 Soin Pour Callosit\u00e9s 40ml"},"content":{"rendered":"<h2><span data-mce-fragment=\"1\">XEROlys 50 Soin Pour Callosit\u00e9s.<\/span><\/h2>\n<p>Soin k\u00e9ratolytique et hydratant pour les callosit\u00e9s.<br \/>R\u00e9duit l\u2019\u00e9paisseur des callosit\u00e9s ou des hyperk\u00e9ratoses localis\u00e9es.<br \/>40\u0645\u0644.<\/p>\n<div class=\"tabs-container\">\n<div id=\"tab-description\" class=\"tab-content\">\n<h3>\u062f\u0648\u0627\u0639\u064a \u0627\u0644\u0627\u0633\u062a\u0639\u0645\u0627\u0644<\/h3>\n<\/div>\n<\/div>\n<p>Xerolys50 est un soin k\u00e9ratolytique et hydratant pour les callosit\u00e9s (mains, coudes, pieds, ongles, cuir chevelu\u2026). Il r\u00e9duit l\u2019\u00e9paisseur des callosit\u00e9s ou des hyperk\u00e9ratoses localis\u00e9es. Xerolys50 apporte rapidement confort, souplesse et apaisement.<\/p>\n<p>L\u2019URODIUM\u00ae contenu dans Xerolys50, est une formule active\u00a0brevet\u00e9e, qui am\u00e9liore le pouvoir exfoliant et hydratant de l\u2019Ur\u00e9e (dos\u00e9 \u00e0 50% \u2013 Actif k\u00e9ratolytique et Facteur Naturel d\u2019Hydratation de la peau) et surtout sa r\u00e9manence (action de tr\u00e8s longue dur\u00e9e).<\/p>\n<p>L\u2019association d\u2019actifs contenue dans Xerolys50 (ur\u00e9e, chlorure de sodium, acide lactique et acide glycolique) permet une action plus efficace pour lutter contre l\u2019\u00e9paississement de l\u2019\u00e9piderme.<\/p>\n<p>Xerolys50 apporte aussi une hydratation intense et durable \u00e0 la peau ainsi d\u00e9s\u00e9paissie. Le mode d\u2019\u00e9mulsion Eau dans Huile, par son effet filmog\u00e8ne, prolonge les propri\u00e9t\u00e9s k\u00e9ratolytiques et hydratantes de Xerolys50.<\/p>\n<h3>\u0637\u0631\u064a\u0642\u0629 \u0627\u0644\u0627\u0633\u062a\u062e\u062f\u0627\u0645<\/h3>\n<p>Appliquez Xerolys50 sur les callosit\u00e9s (mains, coudes, pieds, ongles, cuir chevelu\u2026), en massant pour bien faire p\u00e9n\u00e9trer la cr\u00e8me. Pour une plus grande efficacit\u00e9, utilisez Xerolys50 apr\u00e8s le bain, la douche ou le soir au coucher apr\u00e8s avoir ponc\u00e9, si n\u00e9cessaire, les zones calleuses avec un mat\u00e9riel adapt\u00e9.<\/p>\n<p>Non parfum\u00e9.<\/p>","protected":false},"excerpt":{"rendered":"<p>XEROlys 50 Soin Pour Callosit\u00e9s. Soin k\u00e9ratolytique et hydratant pour les callosit\u00e9s.R\u00e9duit l\u2019\u00e9paisseur des callosit\u00e9s ou des hyperk\u00e9ratoses localis\u00e9es.40ml. Indications Xerolys50 est un soin k\u00e9ratolytique et hydratant pour les callosit\u00e9s (mains, coudes, pieds, ongles, cuir chevelu\u2026). Il r\u00e9duit l\u2019\u00e9paisseur des callosit\u00e9s ou des hyperk\u00e9ratoses localis\u00e9es. Xerolys50 apporte rapidement confort, souplesse et apaisement. L\u2019URODIUM\u00ae contenu dans [&hellip;]<\/p>\n","protected":false},"featured_media":19778,"template":"","meta":{"om_disable_all_campaigns":false},"product_brand":[],"product_cat":[15],"product_tag":[],"class_list":{"0":"post-19782","1":"product","2":"type-product","3":"status-publish","4":"has-post-thumbnail","6":"product_cat-beaute-sante-complements-alimentaires-soins-et-bien-etre-au-meilleur-prix","8":"first","9":"instock","10":"sale","11":"taxable","12":"shipping-taxable","13":"purchasable","14":"product-type-simple"},"yoast_head":"<!-- This site is optimized with the Yoast SEO plugin v27.4 - https:\/\/yoast.com\/product\/yoast-seo-wordpress\/ -->\n<title>Lysaskin XEROlys 50 Soin Pour Callosit\u00e9s 40ml - Maroc Prix<\/title>\n<meta name=\"description\" content=\"Lysaskin XEROlys 50 Soin Pour Callosit\u00e9s 40ml\" \/>\n<meta name=\"robots\" content=\"index, follow, max-snippet:-1, max-image-preview:large, max-video-preview:-1\" \/>\n<link rel=\"canonical\" href=\"https:\/\/vitablanca.ma\/ar\/product-2\/lysaskin-xerolys-50-soin-pour-callosites-40ml\/\" \/>\n<meta property=\"og:locale\" content=\"ar_AR\" \/>\n<meta property=\"og:type\" content=\"article\" \/>\n<meta property=\"og:title\" content=\"Lysaskin XEROlys 50 Soin Pour Callosit\u00e9s 40ml - Maroc Prix\" \/>\n<meta property=\"og:description\" content=\"Lysaskin XEROlys 50 Soin Pour Callosit\u00e9s 40ml\" \/>\n<meta property=\"og:url\" content=\"https:\/\/vitablanca.ma\/ar\/product-2\/lysaskin-xerolys-50-soin-pour-callosites-40ml\/\" \/>\n<meta property=\"og:site_name\" content=\"Vitablanca.ma &ndash; Sant&eacute;, vitalit&eacute; et bien-&ecirc;tre pour tous les Marocains\" \/>\n<meta property=\"article:publisher\" content=\"https:\/\/www.facebook.com\/profile.php?id=61576678196717\" \/>\n<meta property=\"og:image\" content=\"https:\/\/vitablanca.ma\/wp-content\/uploads\/2025\/06\/XEROlys-50-Soin-Pour-Callosites-40-ml-nova-parapharmacie-casablanca.jpg\" \/>\n\t<meta property=\"og:image:width\" content=\"1000\" \/>\n\t<meta property=\"og:image:height\" content=\"1000\" \/>\n\t<meta property=\"og:image:type\" content=\"image\/jpeg\" \/>\n<meta name=\"twitter:card\" content=\"summary_large_image\" \/>\n<meta name=\"twitter:label1\" content=\"\u0648\u0642\u062a \u0627\u0644\u0642\u0631\u0627\u0621\u0629 \u0627\u0644\u0645\u064f\u0642\u062f\u0651\u0631\" \/>\n\t<meta name=\"twitter:data1\" content=\"\u062f\u0642\u064a\u0642\u0629 \u0648\u0627\u062d\u062f\u0629\" \/>\n<script type=\"application\/ld+json\" class=\"yoast-schema-graph\">{\"@context\":\"https:\\\/\\\/schema.org\",\"@graph\":[{\"@type\":[\"WebPage\",\"ItemPage\"],\"@id\":\"https:\\\/\\\/vitablanca.ma\\\/produit\\\/lysaskin-xerolys-50-soin-pour-callosites-40ml\\\/\",\"url\":\"https:\\\/\\\/vitablanca.ma\\\/produit\\\/lysaskin-xerolys-50-soin-pour-callosites-40ml\\\/\",\"name\":\"Lysaskin XEROlys 50 Soin Pour Callosit\u00e9s 40ml - Maroc Prix\",\"isPartOf\":{\"@id\":\"https:\\\/\\\/vitablanca.ma\\\/#website\"},\"primaryImageOfPage\":{\"@id\":\"https:\\\/\\\/vitablanca.ma\\\/produit\\\/lysaskin-xerolys-50-soin-pour-callosites-40ml\\\/#primaryimage\"},\"image\":{\"@id\":\"https:\\\/\\\/vitablanca.ma\\\/produit\\\/lysaskin-xerolys-50-soin-pour-callosites-40ml\\\/#primaryimage\"},\"thumbnailUrl\":\"https:\\\/\\\/vitablanca.ma\\\/wp-content\\\/uploads\\\/2025\\\/06\\\/XEROlys-50-Soin-Pour-Callosites-40-ml-nova-parapharmacie-casablanca.jpg\",\"datePublished\":\"2025-06-10T18:09:42+00:00\",\"description\":\"Lysaskin XEROlys 50 Soin Pour Callosit\u00e9s 40ml\",\"breadcrumb\":{\"@id\":\"https:\\\/\\\/vitablanca.ma\\\/produit\\\/lysaskin-xerolys-50-soin-pour-callosites-40ml\\\/#breadcrumb\"},\"inLanguage\":\"ar\",\"potentialAction\":[{\"@type\":\"ReadAction\",\"target\":[\"https:\\\/\\\/vitablanca.ma\\\/produit\\\/lysaskin-xerolys-50-soin-pour-callosites-40ml\\\/\"]}]},{\"@type\":\"ImageObject\",\"inLanguage\":\"ar\",\"@id\":\"https:\\\/\\\/vitablanca.ma\\\/produit\\\/lysaskin-xerolys-50-soin-pour-callosites-40ml\\\/#primaryimage\",\"url\":\"https:\\\/\\\/vitablanca.ma\\\/wp-content\\\/uploads\\\/2025\\\/06\\\/XEROlys-50-Soin-Pour-Callosites-40-ml-nova-parapharmacie-casablanca.jpg\",\"contentUrl\":\"https:\\\/\\\/vitablanca.ma\\\/wp-content\\\/uploads\\\/2025\\\/06\\\/XEROlys-50-Soin-Pour-Callosites-40-ml-nova-parapharmacie-casablanca.jpg\",\"width\":1000,\"height\":1000},{\"@type\":\"BreadcrumbList\",\"@id\":\"https:\\\/\\\/vitablanca.ma\\\/produit\\\/lysaskin-xerolys-50-soin-pour-callosites-40ml\\\/#breadcrumb\",\"itemListElement\":[{\"@type\":\"ListItem\",\"position\":1,\"name\":\"Home\",\"item\":\"https:\\\/\\\/vitablanca.ma\\\/\"},{\"@type\":\"ListItem\",\"position\":2,\"name\":\"Tous Les Produits\",\"item\":\"https:\\\/\\\/vitablanca.ma\\\/tous-les-produits\\\/\"},{\"@type\":\"ListItem\",\"position\":3,\"name\":\"Lysaskin XEROlys 50 Soin Pour Callosit\u00e9s 40ml\"}]},{\"@type\":\"WebSite\",\"@id\":\"https:\\\/\\\/vitablanca.ma\\\/#website\",\"url\":\"https:\\\/\\\/vitablanca.ma\\\/\",\"name\":\"VitaBlanca.ma | Compl\u00e9ments alimentaires, sant\u00e9 & beaut\u00e9 au Maroc\",\"description\":\"vendre vitamines et compl\u00e9ments premium des USA &amp; Canada, Nouvelle Z\u00e9lande,Maroc (NOW Foods, Solgar, Manuka). Livraison rapide partout au Maroc.\",\"publisher\":{\"@id\":\"https:\\\/\\\/vitablanca.ma\\\/#organization\"},\"alternateName\":\"VitaBlanca.ma\",\"potentialAction\":[{\"@type\":\"SearchAction\",\"target\":{\"@type\":\"EntryPoint\",\"urlTemplate\":\"https:\\\/\\\/vitablanca.ma\\\/?s={search_term_string}\"},\"query-input\":{\"@type\":\"PropertyValueSpecification\",\"valueRequired\":true,\"valueName\":\"search_term_string\"}}],\"inLanguage\":\"ar\"},{\"@type\":\"Organization\",\"@id\":\"https:\\\/\\\/vitablanca.ma\\\/#organization\",\"name\":\"VitaBlanca\",\"url\":\"https:\\\/\\\/vitablanca.ma\\\/\",\"logo\":{\"@type\":\"ImageObject\",\"inLanguage\":\"ar\",\"@id\":\"https:\\\/\\\/vitablanca.ma\\\/#\\\/schema\\\/logo\\\/image\\\/\",\"url\":\"https:\\\/\\\/vitablanca.ma\\\/wp-content\\\/uploads\\\/2025\\\/05\\\/cropped-vitablanca.png\",\"contentUrl\":\"https:\\\/\\\/vitablanca.ma\\\/wp-content\\\/uploads\\\/2025\\\/05\\\/cropped-vitablanca.png\",\"width\":360,\"height\":67,\"caption\":\"VitaBlanca\"},\"image\":{\"@id\":\"https:\\\/\\\/vitablanca.ma\\\/#\\\/schema\\\/logo\\\/image\\\/\"},\"sameAs\":[\"https:\\\/\\\/www.facebook.com\\\/profile.php?id=61576678196717\",\"https:\\\/\\\/www.tiktok.com\\\/@vitablanca.ma\",\"https:\\\/\\\/www.instagram.com\\\/vitablanca.ma\\\/\"]}]}<\/script>\n<!-- \/ Yoast SEO plugin. -->","yoast_head_json":{"title":"Lysaskin XEROlys 50 Soin Pour Callosit\u00e9s 40ml - Maroc Prix","description":"Lysaskin XEROlys 50 Soin Pour Callosit\u00e9s 40ml","robots":{"index":"index","follow":"follow","max-snippet":"max-snippet:-1","max-image-preview":"max-image-preview:large","max-video-preview":"max-video-preview:-1"},"canonical":"https:\/\/vitablanca.ma\/ar\/product-2\/lysaskin-xerolys-50-soin-pour-callosites-40ml\/","og_locale":"ar_AR","og_type":"article","og_title":"Lysaskin XEROlys 50 Soin Pour Callosit\u00e9s 40ml - Maroc Prix","og_description":"Lysaskin XEROlys 50 Soin Pour Callosit\u00e9s 40ml","og_url":"https:\/\/vitablanca.ma\/ar\/product-2\/lysaskin-xerolys-50-soin-pour-callosites-40ml\/","og_site_name":"Vitablanca.ma &ndash; Sant&eacute;, vitalit&eacute; et bien-&ecirc;tre pour tous les Marocains","article_publisher":"https:\/\/www.facebook.com\/profile.php?id=61576678196717","og_image":[{"width":1000,"height":1000,"url":"https:\/\/vitablanca.ma\/wp-content\/uploads\/2025\/06\/XEROlys-50-Soin-Pour-Callosites-40-ml-nova-parapharmacie-casablanca.jpg","type":"image\/jpeg"}],"twitter_card":"summary_large_image","twitter_misc":{"\u0648\u0642\u062a \u0627\u0644\u0642\u0631\u0627\u0621\u0629 \u0627\u0644\u0645\u064f\u0642\u062f\u0651\u0631":"\u062f\u0642\u064a\u0642\u0629 \u0648\u0627\u062d\u062f\u0629"},"schema":{"@context":"https:\/\/schema.org","@graph":[{"@type":["WebPage","ItemPage"],"@id":"https:\/\/vitablanca.ma\/produit\/lysaskin-xerolys-50-soin-pour-callosites-40ml\/","url":"https:\/\/vitablanca.ma\/produit\/lysaskin-xerolys-50-soin-pour-callosites-40ml\/","name":"Lysaskin XEROlys 50 Soin Pour Callosit\u00e9s 40ml - Maroc Prix","isPartOf":{"@id":"https:\/\/vitablanca.ma\/#website"},"primaryImageOfPage":{"@id":"https:\/\/vitablanca.ma\/produit\/lysaskin-xerolys-50-soin-pour-callosites-40ml\/#primaryimage"},"image":{"@id":"https:\/\/vitablanca.ma\/produit\/lysaskin-xerolys-50-soin-pour-callosites-40ml\/#primaryimage"},"thumbnailUrl":"https:\/\/vitablanca.ma\/wp-content\/uploads\/2025\/06\/XEROlys-50-Soin-Pour-Callosites-40-ml-nova-parapharmacie-casablanca.jpg","datePublished":"2025-06-10T18:09:42+00:00","description":"Lysaskin XEROlys 50 Soin Pour Callosit\u00e9s 40ml","breadcrumb":{"@id":"https:\/\/vitablanca.ma\/produit\/lysaskin-xerolys-50-soin-pour-callosites-40ml\/#breadcrumb"},"inLanguage":"ar","potentialAction":[{"@type":"ReadAction","target":["https:\/\/vitablanca.ma\/produit\/lysaskin-xerolys-50-soin-pour-callosites-40ml\/"]}]},{"@type":"ImageObject","inLanguage":"ar","@id":"https:\/\/vitablanca.ma\/produit\/lysaskin-xerolys-50-soin-pour-callosites-40ml\/#primaryimage","url":"https:\/\/vitablanca.ma\/wp-content\/uploads\/2025\/06\/XEROlys-50-Soin-Pour-Callosites-40-ml-nova-parapharmacie-casablanca.jpg","contentUrl":"https:\/\/vitablanca.ma\/wp-content\/uploads\/2025\/06\/XEROlys-50-Soin-Pour-Callosites-40-ml-nova-parapharmacie-casablanca.jpg","width":1000,"height":1000},{"@type":"BreadcrumbList","@id":"https:\/\/vitablanca.ma\/produit\/lysaskin-xerolys-50-soin-pour-callosites-40ml\/#breadcrumb","itemListElement":[{"@type":"ListItem","position":1,"name":"Home","item":"https:\/\/vitablanca.ma\/"},{"@type":"ListItem","position":2,"name":"Tous Les Produits","item":"https:\/\/vitablanca.ma\/tous-les-produits\/"},{"@type":"ListItem","position":3,"name":"Lysaskin XEROlys 50 Soin Pour Callosit\u00e9s 40ml"}]},{"@type":"WebSite","@id":"https:\/\/vitablanca.ma\/#website","url":"https:\/\/vitablanca.ma\/","name":"VitaBlanca.ma | \u0627\u0644\u0645\u0643\u0645\u0644\u0627\u062a \u0627\u0644\u063a\u0630\u0627\u0626\u064a\u0629\u060c \u0627\u0644\u0635\u062d\u0629 \u0648\u0627\u0644\u062c\u0645\u0627\u0644 \u0641\u064a \u0627\u0644\u0645\u063a\u0631\u0628","description":"\u0646\u0628\u064a\u0639 \u0641\u064a\u062a\u0627\u0645\u064a\u0646\u0627\u062a \u0648\u0645\u0643\u0645\u0644\u0627\u062a \u063a\u0630\u0627\u0626\u064a\u0629 \u0641\u0627\u062e\u0631\u0629 \u0645\u0646 \u0627\u0644\u0648\u0644\u0627\u064a\u0627\u062a \u0627\u0644\u0645\u062a\u062d\u062f\u0629 \u0627\u0644\u0623\u0645\u0631\u064a\u0643\u064a\u0629 \u0648\u0643\u0646\u062f\u0627 \u0648\u0646\u064a\u0648\u0632\u064a\u0644\u0646\u062f\u0627 \u0648\u0627\u0644\u0645\u063a\u0631\u0628 (\u0646\u0627\u0648 \u0641\u0648\u062f\u0632\u060c \u0633\u0648\u0644\u062c\u0627\u0631\u060c \u0645\u0627\u0646\u0648\u0643\u0627). \u062a\u0648\u0635\u064a\u0644 \u0633\u0631\u064a\u0639 \u0625\u0644\u0649 \u062c\u0645\u064a\u0639 \u0623\u0646\u062d\u0627\u0621 \u0627\u0644\u0645\u063a\u0631\u0628.","publisher":{"@id":"https:\/\/vitablanca.ma\/#organization"},"alternateName":"VitaBlanca.ma","potentialAction":[{"@type":"SearchAction","target":{"@type":"EntryPoint","urlTemplate":"https:\/\/vitablanca.ma\/?s={search_term_string}"},"query-input":{"@type":"PropertyValueSpecification","valueRequired":true,"valueName":"search_term_string"}}],"inLanguage":"ar"},{"@type":"Organization","@id":"https:\/\/vitablanca.ma\/#organization","name":"\u0641\u064a\u062a\u0627\u0628\u0644\u0627\u0646\u0643\u0627","url":"https:\/\/vitablanca.ma\/","logo":{"@type":"ImageObject","inLanguage":"ar","@id":"https:\/\/vitablanca.ma\/#\/schema\/logo\/image\/","url":"https:\/\/vitablanca.ma\/wp-content\/uploads\/2025\/05\/cropped-vitablanca.png","contentUrl":"https:\/\/vitablanca.ma\/wp-content\/uploads\/2025\/05\/cropped-vitablanca.png","width":360,"height":67,"caption":"VitaBlanca"},"image":{"@id":"https:\/\/vitablanca.ma\/#\/schema\/logo\/image\/"},"sameAs":["https:\/\/www.facebook.com\/profile.php?id=61576678196717","https:\/\/www.tiktok.com\/@vitablanca.ma","https:\/\/www.instagram.com\/vitablanca.ma\/"]}]}},"jetpack_sharing_enabled":true,"_links":{"self":[{"href":"https:\/\/vitablanca.ma\/ar\/wp-json\/wp\/v2\/product\/19782","targetHints":{"allow":["GET"]}}],"collection":[{"href":"https:\/\/vitablanca.ma\/ar\/wp-json\/wp\/v2\/product"}],"about":[{"href":"https:\/\/vitablanca.ma\/ar\/wp-json\/wp\/v2\/types\/product"}],"wp:featuredmedia":[{"embeddable":true,"href":"https:\/\/vitablanca.ma\/ar\/wp-json\/wp\/v2\/media\/19778"}],"wp:attachment":[{"href":"https:\/\/vitablanca.ma\/ar\/wp-json\/wp\/v2\/media?parent=19782"}],"wp:term":[{"taxonomy":"product_brand","embeddable":true,"href":"https:\/\/vitablanca.ma\/ar\/wp-json\/wp\/v2\/product_brand?post=19782"},{"taxonomy":"product_cat","embeddable":true,"href":"https:\/\/vitablanca.ma\/ar\/wp-json\/wp\/v2\/product_cat?post=19782"},{"taxonomy":"product_tag","embeddable":true,"href":"https:\/\/vitablanca.ma\/ar\/wp-json\/wp\/v2\/product_tag?post=19782"}],"curies":[{"name":"wp","href":"https:\/\/api.w.org\/{rel}","templated":true}]}}