{"id":19728,"date":"2025-06-10T18:07:36","date_gmt":"2025-06-10T18:07:36","guid":{"rendered":"https:\/\/vitablanca.ma\/product\/klorane-shampoing-sec-teinte-au-lait-davoine-150ml\/"},"modified":"2026-01-21T23:56:46","modified_gmt":"2026-01-21T23:56:46","slug":"klorane-shampoing-sec-teinte-au-lait-davoine-150ml","status":"publish","type":"product","link":"https:\/\/vitablanca.ma\/ar\/product-2\/klorane-shampoing-sec-teinte-au-lait-davoine-150ml\/","title":{"rendered":"Klorane Shampoing Sec Teint\u00e9 Au Lait D&rsquo;Avoine 150ml"},"content":{"rendered":"<h2 data-mce-fragment=\"1\"><span data-mce-fragment=\"1\">Klorane Shampoing Sec Teint\u00e9 Au Lait D&rsquo;Avoine\u00a0Nettoie sans eau.<\/span><\/h2>\n<p data-mce-fragment=\"1\"><span data-mce-fragment=\"1\">Ce\u00a0Shampoing sec sans rin\u00e7age, extra-doux\u00a0nettoie en douceur pour redonner volume, fra\u00eecheur et texture aux cheveux.<br data-mce-fragment=\"1\"><\/span>Des cheveux propres et du volume en 2 min et sans eau.<br data-mce-fragment=\"1\">Nettoyant, adoucissant, texturisant.<br data-mce-fragment=\"1\">150\u0645\u0644.<\/p>\n<div class=\"block-content\" data-mce-fragment=\"1\">\n<p data-mce-fragment=\"1\">Depuis 1971, le\u00a0Shampoing sec Klorane\u00a0au lait d\u2019Avoine\u00a0apporte fra\u00eecheur et l\u00e9g\u00e8ret\u00e9 entre 2 shampoings, tout en \u00e9conomisant l\u2019eau.\u00a0Sans rin\u00e7age, ce Shampoing se vaporise sur cheveux secs pour nettoyer en douceur et absorber l\u2019exc\u00e8s de s\u00e9bum en respectant l\u2019\u00e9quilibre du cuir chevelu. La formule est \u00e9labor\u00e9e \u00e0 partir de lait d\u2019Avoine\u00a0adoucissant et de poudres d\u2019origine naturelle \u00e0 tr\u00e8s haut pouvoir absorbant. En 2 minutes, les cheveux retrouvent volume et texture dans un agr\u00e9able parfum frais. Pratique \u00e0 utiliser, le\u00a0Shampoing sec\u00a0s\u2019emporte partout et ne laisse pas de r\u00e9sidus.<\/p>\n<\/div>\n<div class=\"block-content has-heading\" data-mce-fragment=\"1\">\n<div class=\"block-content-heading\" data-mce-fragment=\"1\">\n<h3 id=\"\" class=\"\" data-mce-fragment=\"1\">\u0645\u064a\u0632\u0629<\/h3>\n<\/div>\n<p data-mce-fragment=\"1\">Pratique, doux et efficace, le\u00a0Shampoing sec\u00a0permet d\u2019\u00e9conomiser du temps, mais \u00e9galement de l\u2019eau. #savewater : \u00e9conomisez jusqu&rsquo;\u00e0 180 litres d&rsquo;eau en utilisant un shampoing sec. Avec la\u00a0Klorane\u00a0botanical foundation, Klorane s\u2019engage pour pr\u00e9server l\u2019eau et vos cheveux.<\/p>\n<div class=\"block-content-heading\" data-mce-fragment=\"1\">\n<h3 id=\"\" class=\"\" data-mce-fragment=\"1\">\u0641\u0648\u0627\u0626\u062f<\/h3>\n<\/div>\n<p data-mce-fragment=\"1\">&#8211; Nettoyant : la formule extra-douce sans rin\u00e7age au lait d\u2019Avoine assainit le cuir chevelu sans agresser et \u00e9limine l\u2019exc\u00e8s de s\u00e9bum en 2 minutes.<br data-mce-fragment=\"1\">&#8211; Texturisant : en quelques vaporisations, il redonne volume, mati\u00e8re et texture aux cheveux sans avoir besoin de les mouiller.<br data-mce-fragment=\"1\">&#8211; Coiffant : v\u00e9ritable geste fra\u00eecheur et secret de beaut\u00e9, le Shampoing sec Avoine facilite la r\u00e9alisation de toutes les coiffures et favorise leur tenue.<\/p>\n<p class=\"style-1\" data-mce-fragment=\"1\"><strong data-mce-fragment=\"1\">\u0645\u062b\u0627\u0644\u064a:<\/strong><span data-mce-fragment=\"1\">\u00a0<\/span>\u0644\u00a0<span data-mce-fragment=\"1\">Adolescents, adultes<\/span><\/p>\n<p class=\"style-1\" data-mce-fragment=\"1\"><strong data-mce-fragment=\"1\">\u0646\u0648\u0639 \u0627\u0644\u0634\u0639\u0631:<\/strong>\u00a0<span data-mce-fragment=\"1\">Tous types de cheveux<\/span><\/p>\n<p class=\"style-1\" data-mce-fragment=\"1\"><strong data-mce-fragment=\"1\">\u064a\u062d\u062a\u0627\u062c:<\/strong>\u00a0<span data-mce-fragment=\"1\">Effet doux, ultra-doux<\/span><\/p>\n<h3 class=\"resultats__title\" data-mce-fragment=\"1\"><span id=\"\" class=\"block-name anm animated\" data-mce-fragment=\"1\">R\u00e9sultats<\/span><\/h3>\n<div class=\"resultats__sub-title anm animated\" data-mce-fragment=\"1\">\n<p data-mce-fragment=\"1\">Hydrater, adoucir et prot\u00e9ger en toute douceur.<\/p>\n<p data-mce-fragment=\"1\"><span id=\"\" class=\"anm block-name animated\" data-mce-fragment=\"1\"><strong data-mce-fragment=\"1\">\u0637\u0644\u0628<\/strong><br data-mce-fragment=\"1\"><\/span>Le shampoing sec extra-doux haute tol\u00e9rance pour laver sans eau.<br data-mce-fragment=\"1\">Id\u00e9al pour les matins o\u00f9 on n&rsquo;a pas le temps ! En 2 minutes, les cheveux retrouvent l\u00e9g\u00e8ret\u00e9 et fra\u00eecheur sans eau.<\/p>\n<p data-mce-fragment=\"1\"><strong data-mce-fragment=\"1\">\u0645\u0639\u062f\u0644 \u0627\u0644\u0627\u0633\u062a\u062e\u062f\u0627\u0645<\/strong><br data-mce-fragment=\"1\">\u0643\u0644\u0645\u0627 \u062f\u0639\u062a \u0627\u0644\u062d\u0627\u062c\u0629<\/p>\n<p data-mce-fragment=\"1\"><strong data-mce-fragment=\"1\">1 . AGITER<\/strong><br data-mce-fragment=\"1\">Agiter le spray avant emploi.<br data-mce-fragment=\"1\"><br data-mce-fragment=\"1\"><strong data-mce-fragment=\"1\">2 . VAPORISER<\/strong><br data-mce-fragment=\"1\">Vaporiser raie par raie \u00e0 15 cm du cuir chevelu et laisser agir 2 min.<br data-mce-fragment=\"1\"><br data-mce-fragment=\"1\"><strong data-mce-fragment=\"1\">3 . ELIMINER<\/strong><br data-mce-fragment=\"1\">Bien brosser ou utiliser un s\u00e8che-cheveux pour \u00e9liminer les r\u00e9sidus.<\/p>\n<div class=\"block-heading-title\" data-mce-fragment=\"1\">\n<h3 class=\"anm block-name animated\" data-mce-fragment=\"1\">\u0645\u0643\u0648\u0646\u0627\u062a<\/h3>\n<\/div>\n<div class=\"block-heading-description anm animated\" data-mce-fragment=\"1\">\n<p data-mce-fragment=\"1\">Des ingr\u00e9dients absorbants d&rsquo;origine naturelle.<\/p>\n<\/div>\n<\/div>\n<\/div>","protected":false},"excerpt":{"rendered":"<p>Klorane Shampoing Sec Teint\u00e9 Au Lait D&rsquo;Avoine\u00a0Nettoie sans eau. Ce\u00a0Shampoing sec sans rin\u00e7age, extra-doux\u00a0nettoie en douceur pour redonner volume, fra\u00eecheur et texture aux cheveux.Des cheveux propres et du volume en 2 min et sans eau.Nettoyant, adoucissant, texturisant.150ml. Depuis 1971, le\u00a0Shampoing sec Klorane\u00a0au lait d\u2019Avoine\u00a0apporte fra\u00eecheur et l\u00e9g\u00e8ret\u00e9 entre 2 shampoings, tout en \u00e9conomisant l\u2019eau.\u00a0Sans rin\u00e7age, [&hellip;]<\/p>\n","protected":false},"featured_media":19724,"template":"","meta":{"om_disable_all_campaigns":false},"product_brand":[6000],"product_cat":[18,15],"product_tag":[],"class_list":{"0":"post-19728","1":"product","2":"type-product","3":"status-publish","4":"has-post-thumbnail","6":"product_brand-klorane-maroc-prix","7":"product_cat-beaute-sante","8":"product_cat-beaute-sante-complements-alimentaires-soins-et-bien-etre-au-meilleur-prix","10":"first","11":"instock","12":"sale","13":"taxable","14":"shipping-taxable","15":"purchasable","16":"product-type-simple"},"yoast_head":"<!-- This site is optimized with the Yoast SEO plugin v27.4 - https:\/\/yoast.com\/product\/yoast-seo-wordpress\/ -->\n<title>Klorane Shampoing Sec Teint\u00e9 Au Lait D&#039;Avoine 150ml - Maroc Prix<\/title>\n<meta name=\"description\" content=\"Klorane Shampoing Sec Teint\u00e9 Au Lait D&#039;Avoine 150ml\" \/>\n<meta name=\"robots\" content=\"index, follow, max-snippet:-1, max-image-preview:large, max-video-preview:-1\" \/>\n<link rel=\"canonical\" href=\"https:\/\/vitablanca.ma\/ar\/product-2\/klorane-shampoing-sec-teinte-au-lait-davoine-150ml\/\" \/>\n<meta property=\"og:locale\" content=\"ar_AR\" \/>\n<meta property=\"og:type\" content=\"article\" \/>\n<meta property=\"og:title\" content=\"Klorane Shampoing Sec Teint\u00e9 Au Lait D&#039;Avoine 150ml - Maroc Prix\" \/>\n<meta property=\"og:description\" content=\"Klorane Shampoing Sec Teint\u00e9 Au Lait D&#039;Avoine 150ml\" \/>\n<meta property=\"og:url\" content=\"https:\/\/vitablanca.ma\/ar\/product-2\/klorane-shampoing-sec-teinte-au-lait-davoine-150ml\/\" \/>\n<meta property=\"og:site_name\" content=\"Vitablanca.ma &ndash; Sant&eacute;, vitalit&eacute; et bien-&ecirc;tre pour tous les Marocains\" \/>\n<meta property=\"article:publisher\" content=\"https:\/\/www.facebook.com\/profile.php?id=61576678196717\" \/>\n<meta property=\"article:modified_time\" content=\"2026-01-21T23:56:46+00:00\" \/>\n<meta property=\"og:image\" content=\"https:\/\/vitablanca.ma\/wp-content\/uploads\/2025\/06\/Klorane-Shampoing-Sec-Teinte-Au-Lait-D_Avoine-150ml-nova-parapharmacie-casablanca.jpg\" \/>\n\t<meta property=\"og:image:width\" content=\"1000\" \/>\n\t<meta property=\"og:image:height\" content=\"1000\" \/>\n\t<meta property=\"og:image:type\" content=\"image\/jpeg\" \/>\n<meta name=\"twitter:card\" content=\"summary_large_image\" \/>\n<meta name=\"twitter:label1\" content=\"\u0648\u0642\u062a \u0627\u0644\u0642\u0631\u0627\u0621\u0629 \u0627\u0644\u0645\u064f\u0642\u062f\u0651\u0631\" \/>\n\t<meta name=\"twitter:data1\" content=\"\u062f\u0642\u064a\u0642\u062a\u0627\u0646\" \/>\n<script type=\"application\/ld+json\" class=\"yoast-schema-graph\">{\"@context\":\"https:\\\/\\\/schema.org\",\"@graph\":[{\"@type\":[\"WebPage\",\"ItemPage\"],\"@id\":\"https:\\\/\\\/vitablanca.ma\\\/produit\\\/klorane-shampoing-sec-teinte-au-lait-davoine-150ml\\\/\",\"url\":\"https:\\\/\\\/vitablanca.ma\\\/produit\\\/klorane-shampoing-sec-teinte-au-lait-davoine-150ml\\\/\",\"name\":\"Klorane Shampoing Sec Teint\u00e9 Au Lait D'Avoine 150ml - Maroc Prix\",\"isPartOf\":{\"@id\":\"https:\\\/\\\/vitablanca.ma\\\/#website\"},\"primaryImageOfPage\":{\"@id\":\"https:\\\/\\\/vitablanca.ma\\\/produit\\\/klorane-shampoing-sec-teinte-au-lait-davoine-150ml\\\/#primaryimage\"},\"image\":{\"@id\":\"https:\\\/\\\/vitablanca.ma\\\/produit\\\/klorane-shampoing-sec-teinte-au-lait-davoine-150ml\\\/#primaryimage\"},\"thumbnailUrl\":\"https:\\\/\\\/vitablanca.ma\\\/wp-content\\\/uploads\\\/2025\\\/06\\\/Klorane-Shampoing-Sec-Teinte-Au-Lait-D_Avoine-150ml-nova-parapharmacie-casablanca.jpg\",\"datePublished\":\"2025-06-10T18:07:36+00:00\",\"dateModified\":\"2026-01-21T23:56:46+00:00\",\"description\":\"Klorane Shampoing Sec Teint\u00e9 Au Lait D'Avoine 150ml\",\"breadcrumb\":{\"@id\":\"https:\\\/\\\/vitablanca.ma\\\/produit\\\/klorane-shampoing-sec-teinte-au-lait-davoine-150ml\\\/#breadcrumb\"},\"inLanguage\":\"ar\",\"potentialAction\":[{\"@type\":\"ReadAction\",\"target\":[\"https:\\\/\\\/vitablanca.ma\\\/produit\\\/klorane-shampoing-sec-teinte-au-lait-davoine-150ml\\\/\"]}]},{\"@type\":\"ImageObject\",\"inLanguage\":\"ar\",\"@id\":\"https:\\\/\\\/vitablanca.ma\\\/produit\\\/klorane-shampoing-sec-teinte-au-lait-davoine-150ml\\\/#primaryimage\",\"url\":\"https:\\\/\\\/vitablanca.ma\\\/wp-content\\\/uploads\\\/2025\\\/06\\\/Klorane-Shampoing-Sec-Teinte-Au-Lait-D_Avoine-150ml-nova-parapharmacie-casablanca.jpg\",\"contentUrl\":\"https:\\\/\\\/vitablanca.ma\\\/wp-content\\\/uploads\\\/2025\\\/06\\\/Klorane-Shampoing-Sec-Teinte-Au-Lait-D_Avoine-150ml-nova-parapharmacie-casablanca.jpg\",\"width\":1000,\"height\":1000},{\"@type\":\"BreadcrumbList\",\"@id\":\"https:\\\/\\\/vitablanca.ma\\\/produit\\\/klorane-shampoing-sec-teinte-au-lait-davoine-150ml\\\/#breadcrumb\",\"itemListElement\":[{\"@type\":\"ListItem\",\"position\":1,\"name\":\"Home\",\"item\":\"https:\\\/\\\/vitablanca.ma\\\/\"},{\"@type\":\"ListItem\",\"position\":2,\"name\":\"Tous Les Produits\",\"item\":\"https:\\\/\\\/vitablanca.ma\\\/tous-les-produits\\\/\"},{\"@type\":\"ListItem\",\"position\":3,\"name\":\"Klorane Shampoing Sec Teint\u00e9 Au Lait D&#8217;Avoine 150ml\"}]},{\"@type\":\"WebSite\",\"@id\":\"https:\\\/\\\/vitablanca.ma\\\/#website\",\"url\":\"https:\\\/\\\/vitablanca.ma\\\/\",\"name\":\"VitaBlanca.ma | Compl\u00e9ments alimentaires, sant\u00e9 & beaut\u00e9 au Maroc\",\"description\":\"vendre vitamines et compl\u00e9ments premium des USA &amp; Canada, Nouvelle Z\u00e9lande,Maroc (NOW Foods, Solgar, Manuka). Livraison rapide partout au Maroc.\",\"publisher\":{\"@id\":\"https:\\\/\\\/vitablanca.ma\\\/#organization\"},\"alternateName\":\"VitaBlanca.ma\",\"potentialAction\":[{\"@type\":\"SearchAction\",\"target\":{\"@type\":\"EntryPoint\",\"urlTemplate\":\"https:\\\/\\\/vitablanca.ma\\\/?s={search_term_string}\"},\"query-input\":{\"@type\":\"PropertyValueSpecification\",\"valueRequired\":true,\"valueName\":\"search_term_string\"}}],\"inLanguage\":\"ar\"},{\"@type\":\"Organization\",\"@id\":\"https:\\\/\\\/vitablanca.ma\\\/#organization\",\"name\":\"VitaBlanca\",\"url\":\"https:\\\/\\\/vitablanca.ma\\\/\",\"logo\":{\"@type\":\"ImageObject\",\"inLanguage\":\"ar\",\"@id\":\"https:\\\/\\\/vitablanca.ma\\\/#\\\/schema\\\/logo\\\/image\\\/\",\"url\":\"https:\\\/\\\/vitablanca.ma\\\/wp-content\\\/uploads\\\/2025\\\/05\\\/cropped-vitablanca.png\",\"contentUrl\":\"https:\\\/\\\/vitablanca.ma\\\/wp-content\\\/uploads\\\/2025\\\/05\\\/cropped-vitablanca.png\",\"width\":360,\"height\":67,\"caption\":\"VitaBlanca\"},\"image\":{\"@id\":\"https:\\\/\\\/vitablanca.ma\\\/#\\\/schema\\\/logo\\\/image\\\/\"},\"sameAs\":[\"https:\\\/\\\/www.facebook.com\\\/profile.php?id=61576678196717\",\"https:\\\/\\\/www.tiktok.com\\\/@vitablanca.ma\",\"https:\\\/\\\/www.instagram.com\\\/vitablanca.ma\\\/\"]}]}<\/script>\n<!-- \/ Yoast SEO plugin. -->","yoast_head_json":{"title":"Klorane Shampoing Sec Teint\u00e9 Au Lait D'Avoine 150ml - Maroc Prix","description":"\u0634\u0627\u0645\u0628\u0648 \u0643\u0644\u0648\u0631\u0627\u0646 \u0627\u0644\u062c\u0627\u0641 \u0627\u0644\u0645\u0644\u0648\u0646 \u0628\u062d\u0644\u064a\u0628 \u0627\u0644\u0634\u0648\u0641\u0627\u0646 150 \u0645\u0644","robots":{"index":"index","follow":"follow","max-snippet":"max-snippet:-1","max-image-preview":"max-image-preview:large","max-video-preview":"max-video-preview:-1"},"canonical":"https:\/\/vitablanca.ma\/ar\/product-2\/klorane-shampoing-sec-teinte-au-lait-davoine-150ml\/","og_locale":"ar_AR","og_type":"article","og_title":"Klorane Shampoing Sec Teint\u00e9 Au Lait D'Avoine 150ml - Maroc Prix","og_description":"Klorane Shampoing Sec Teint\u00e9 Au Lait D'Avoine 150ml","og_url":"https:\/\/vitablanca.ma\/ar\/product-2\/klorane-shampoing-sec-teinte-au-lait-davoine-150ml\/","og_site_name":"Vitablanca.ma &ndash; Sant&eacute;, vitalit&eacute; et bien-&ecirc;tre pour tous les Marocains","article_publisher":"https:\/\/www.facebook.com\/profile.php?id=61576678196717","article_modified_time":"2026-01-21T23:56:46+00:00","og_image":[{"width":1000,"height":1000,"url":"https:\/\/vitablanca.ma\/wp-content\/uploads\/2025\/06\/Klorane-Shampoing-Sec-Teinte-Au-Lait-D_Avoine-150ml-nova-parapharmacie-casablanca.jpg","type":"image\/jpeg"}],"twitter_card":"summary_large_image","twitter_misc":{"\u0648\u0642\u062a \u0627\u0644\u0642\u0631\u0627\u0621\u0629 \u0627\u0644\u0645\u064f\u0642\u062f\u0651\u0631":"\u062f\u0642\u064a\u0642\u062a\u0627\u0646"},"schema":{"@context":"https:\/\/schema.org","@graph":[{"@type":["WebPage","ItemPage"],"@id":"https:\/\/vitablanca.ma\/produit\/klorane-shampoing-sec-teinte-au-lait-davoine-150ml\/","url":"https:\/\/vitablanca.ma\/produit\/klorane-shampoing-sec-teinte-au-lait-davoine-150ml\/","name":"Klorane Shampoing Sec Teint\u00e9 Au Lait D'Avoine 150ml - Maroc Prix","isPartOf":{"@id":"https:\/\/vitablanca.ma\/#website"},"primaryImageOfPage":{"@id":"https:\/\/vitablanca.ma\/produit\/klorane-shampoing-sec-teinte-au-lait-davoine-150ml\/#primaryimage"},"image":{"@id":"https:\/\/vitablanca.ma\/produit\/klorane-shampoing-sec-teinte-au-lait-davoine-150ml\/#primaryimage"},"thumbnailUrl":"https:\/\/vitablanca.ma\/wp-content\/uploads\/2025\/06\/Klorane-Shampoing-Sec-Teinte-Au-Lait-D_Avoine-150ml-nova-parapharmacie-casablanca.jpg","datePublished":"2025-06-10T18:07:36+00:00","dateModified":"2026-01-21T23:56:46+00:00","description":"\u0634\u0627\u0645\u0628\u0648 \u0643\u0644\u0648\u0631\u0627\u0646 \u0627\u0644\u062c\u0627\u0641 \u0627\u0644\u0645\u0644\u0648\u0646 \u0628\u062d\u0644\u064a\u0628 \u0627\u0644\u0634\u0648\u0641\u0627\u0646 150 \u0645\u0644","breadcrumb":{"@id":"https:\/\/vitablanca.ma\/produit\/klorane-shampoing-sec-teinte-au-lait-davoine-150ml\/#breadcrumb"},"inLanguage":"ar","potentialAction":[{"@type":"ReadAction","target":["https:\/\/vitablanca.ma\/produit\/klorane-shampoing-sec-teinte-au-lait-davoine-150ml\/"]}]},{"@type":"ImageObject","inLanguage":"ar","@id":"https:\/\/vitablanca.ma\/produit\/klorane-shampoing-sec-teinte-au-lait-davoine-150ml\/#primaryimage","url":"https:\/\/vitablanca.ma\/wp-content\/uploads\/2025\/06\/Klorane-Shampoing-Sec-Teinte-Au-Lait-D_Avoine-150ml-nova-parapharmacie-casablanca.jpg","contentUrl":"https:\/\/vitablanca.ma\/wp-content\/uploads\/2025\/06\/Klorane-Shampoing-Sec-Teinte-Au-Lait-D_Avoine-150ml-nova-parapharmacie-casablanca.jpg","width":1000,"height":1000},{"@type":"BreadcrumbList","@id":"https:\/\/vitablanca.ma\/produit\/klorane-shampoing-sec-teinte-au-lait-davoine-150ml\/#breadcrumb","itemListElement":[{"@type":"ListItem","position":1,"name":"Home","item":"https:\/\/vitablanca.ma\/"},{"@type":"ListItem","position":2,"name":"Tous Les Produits","item":"https:\/\/vitablanca.ma\/tous-les-produits\/"},{"@type":"ListItem","position":3,"name":"Klorane Shampoing Sec Teint\u00e9 Au Lait D&#8217;Avoine 150ml"}]},{"@type":"WebSite","@id":"https:\/\/vitablanca.ma\/#website","url":"https:\/\/vitablanca.ma\/","name":"VitaBlanca.ma | \u0627\u0644\u0645\u0643\u0645\u0644\u0627\u062a \u0627\u0644\u063a\u0630\u0627\u0626\u064a\u0629\u060c \u0627\u0644\u0635\u062d\u0629 \u0648\u0627\u0644\u062c\u0645\u0627\u0644 \u0641\u064a \u0627\u0644\u0645\u063a\u0631\u0628","description":"\u0646\u0628\u064a\u0639 \u0641\u064a\u062a\u0627\u0645\u064a\u0646\u0627\u062a \u0648\u0645\u0643\u0645\u0644\u0627\u062a \u063a\u0630\u0627\u0626\u064a\u0629 \u0641\u0627\u062e\u0631\u0629 \u0645\u0646 \u0627\u0644\u0648\u0644\u0627\u064a\u0627\u062a \u0627\u0644\u0645\u062a\u062d\u062f\u0629 \u0627\u0644\u0623\u0645\u0631\u064a\u0643\u064a\u0629 \u0648\u0643\u0646\u062f\u0627 \u0648\u0646\u064a\u0648\u0632\u064a\u0644\u0646\u062f\u0627 \u0648\u0627\u0644\u0645\u063a\u0631\u0628 (\u0646\u0627\u0648 \u0641\u0648\u062f\u0632\u060c \u0633\u0648\u0644\u062c\u0627\u0631\u060c \u0645\u0627\u0646\u0648\u0643\u0627). \u062a\u0648\u0635\u064a\u0644 \u0633\u0631\u064a\u0639 \u0625\u0644\u0649 \u062c\u0645\u064a\u0639 \u0623\u0646\u062d\u0627\u0621 \u0627\u0644\u0645\u063a\u0631\u0628.","publisher":{"@id":"https:\/\/vitablanca.ma\/#organization"},"alternateName":"VitaBlanca.ma","potentialAction":[{"@type":"SearchAction","target":{"@type":"EntryPoint","urlTemplate":"https:\/\/vitablanca.ma\/?s={search_term_string}"},"query-input":{"@type":"PropertyValueSpecification","valueRequired":true,"valueName":"search_term_string"}}],"inLanguage":"ar"},{"@type":"Organization","@id":"https:\/\/vitablanca.ma\/#organization","name":"\u0641\u064a\u062a\u0627\u0628\u0644\u0627\u0646\u0643\u0627","url":"https:\/\/vitablanca.ma\/","logo":{"@type":"ImageObject","inLanguage":"ar","@id":"https:\/\/vitablanca.ma\/#\/schema\/logo\/image\/","url":"https:\/\/vitablanca.ma\/wp-content\/uploads\/2025\/05\/cropped-vitablanca.png","contentUrl":"https:\/\/vitablanca.ma\/wp-content\/uploads\/2025\/05\/cropped-vitablanca.png","width":360,"height":67,"caption":"VitaBlanca"},"image":{"@id":"https:\/\/vitablanca.ma\/#\/schema\/logo\/image\/"},"sameAs":["https:\/\/www.facebook.com\/profile.php?id=61576678196717","https:\/\/www.tiktok.com\/@vitablanca.ma","https:\/\/www.instagram.com\/vitablanca.ma\/"]}]}},"jetpack_sharing_enabled":true,"_links":{"self":[{"href":"https:\/\/vitablanca.ma\/ar\/wp-json\/wp\/v2\/product\/19728","targetHints":{"allow":["GET"]}}],"collection":[{"href":"https:\/\/vitablanca.ma\/ar\/wp-json\/wp\/v2\/product"}],"about":[{"href":"https:\/\/vitablanca.ma\/ar\/wp-json\/wp\/v2\/types\/product"}],"wp:featuredmedia":[{"embeddable":true,"href":"https:\/\/vitablanca.ma\/ar\/wp-json\/wp\/v2\/media\/19724"}],"wp:attachment":[{"href":"https:\/\/vitablanca.ma\/ar\/wp-json\/wp\/v2\/media?parent=19728"}],"wp:term":[{"taxonomy":"product_brand","embeddable":true,"href":"https:\/\/vitablanca.ma\/ar\/wp-json\/wp\/v2\/product_brand?post=19728"},{"taxonomy":"product_cat","embeddable":true,"href":"https:\/\/vitablanca.ma\/ar\/wp-json\/wp\/v2\/product_cat?post=19728"},{"taxonomy":"product_tag","embeddable":true,"href":"https:\/\/vitablanca.ma\/ar\/wp-json\/wp\/v2\/product_tag?post=19728"}],"curies":[{"name":"wp","href":"https:\/\/api.w.org\/{rel}","templated":true}]}}