{"id":19667,"date":"2025-06-10T18:04:47","date_gmt":"2025-06-10T18:04:47","guid":{"rendered":"https:\/\/vitablanca.ma\/product\/la-roche-posay-toleriane-mascara-volume\/"},"modified":"2025-12-17T19:08:12","modified_gmt":"2025-12-17T19:08:12","slug":"la-roche-posay-toleriane-mascara-volume","status":"publish","type":"product","link":"https:\/\/vitablanca.ma\/ar\/product-2\/la-roche-posay-toleriane-mascara-volume\/","title":{"rendered":"\u0645\u0627\u0633\u0643\u0627\u0631\u0627 \u0644\u0627\u0631\u0648\u0634 \u0628\u0648\u0632\u064a\u0647 \u062a\u0648\u0644\u064a\u0631\u064a\u0627\u0646 \u0644\u062a\u0643\u062b\u064a\u0641 \u0627\u0644\u0631\u0645\u0648\u0634"},"content":{"rendered":"<h2 data-mce-fragment=\"1\" class=\"t_subtitle\">\u0645\u0627\u0633\u0643\u0627\u0631\u0627 \u0644\u0627\u0631\u0648\u0634 \u0628\u0648\u0632\u064a\u0647 \u062a\u0648\u0644\u064a\u0631\u064a\u0627\u0646 \u0644\u062a\u0643\u062b\u064a\u0641 \u0627\u0644\u0631\u0645\u0648\u0634<span>\u00a0\u0623\u0633\u0648\u062f\u00a0<\/span>\u0645\u0638\u0647\u0631 \u0645\u0643\u062b\u0641 \u0644\u0644\u063a\u0627\u064a\u0629.<\/h2>\n<section class=\"obj_detail product clearfix\">\n<div id=\"carousselpack\" class=\"ctn_description clearfix\">\n<div class=\"ctn_col var_center\">\n<div class=\"ctn_properties\">\n<section class=\"obj_detail product clearfix\">\n<div class=\"ctn_description clearfix\" id=\"carousselpack\">\n<div class=\"ctn_col var_center\">\n<div class=\"ctn_properties\">\n<h3>\u0645\u0644\u0643\u064a\u0627\u062a<\/h3>\n<p>\u0627\u0644\u0639\u064a\u0648\u0646 \u0627\u0644\u062d\u0633\u0627\u0633\u0629 \u0648\u0645\u0631\u062a\u062f\u064a \u0627\u0644\u0639\u062f\u0633\u0627\u062a \u0627\u0644\u0644\u0627\u0635\u0642\u0629.<br \/>Un volume extr\u00eame, sans inconfort de l\u2019application au d\u00e9maquillage:<br \/>1. \u062a\u0631\u0643\u064a\u0628\u0629 \u0645\u0643\u062b\u0641\u0629 \u0648\u0645\u062a\u062c\u062f\u062f\u0629 \u0627\u0644\u0647\u0648\u0627\u0621 \u062a\u0639\u0645\u0644 \u0639\u0644\u0649 \u062a\u0643\u062b\u064a\u0641 \u0627\u0644\u0631\u0645\u0648\u0634 \u0628\u0634\u0643\u0644 \u0645\u0643\u062b\u0641 \u062f\u0648\u0646 \u0625\u062b\u0642\u0627\u0644\u0647\u0627 \u0643\u0645\u0627 \u0623\u0646\u0647\u0627 \u0633\u0647\u0644\u0629 \u0627\u0644\u0625\u0632\u0627\u0644\u0629 \u0644\u0644\u063a\u0627\u064a\u0629.<br \/>2. Sa brosse d\u00e9ploie chaque cil, sans irriter le contour de l\u2019\u0153il.<\/p>\n<p>C\u00e9ramide & cire de carnauba \u00e9paississante<\/p>\n<\/div>\n<\/div>\n<\/div>\n<\/section>\n<section class=\"obj_detail product clearfix\">\n<div class=\"obj_encart clearfix\">\n<div class=\"ctn_col var_texture\">\n<h3>TEXTURE & APPLICATION<\/h3>\n<div>Placer la brosse \u00e0 la racine des cils et, au fur et \u00e0 mesure du geste maquillage, effectuer un l\u00e9ger mouvement de rotation du poignet, comme lors d\u2019un brushing, pour coiffer la frange avec les poils longs, qui s\u00e9parent les cils et \u00e9tirent la formule jusqu\u2019aux pointes, sans \u00ab\u00a0paquets\u00a0\u00bb ni surcharge.\n<\/div>\n<\/div>\n<\/div>\n<\/section>\n<\/div>\n<\/div>\n<\/div>\n<\/section>\n<section class=\"obj_detail product clearfix\">\n<div class=\"obj_encart clearfix\">\n<div class=\"ctn_col var_texture\"><\/div>\n<\/div>\n<\/section>","protected":false},"excerpt":{"rendered":"<p>La Roche Posay Toleriane Mascara Volume\u00a0Noir\u00a0extreme regard intense. PROPRI\u00c9T\u00c9S Yeux sensibles et porteurs de lentilles.Un volume extr\u00eame, sans inconfort de l\u2019application au d\u00e9maquillage:1. Sa formule volumatrice micro-a\u00e9r\u00e9e densifie intens\u00e9ment les cils sans les alourdir et se d\u00e9maquille tr\u00e8s facilement.2. Sa brosse d\u00e9ploie chaque cil, sans irriter le contour de l\u2019\u0153il. C\u00e9ramide &#038; cire de carnauba [&hellip;]<\/p>\n","protected":false},"featured_media":19661,"template":"","meta":[],"product_brand":[3456],"product_cat":[18],"product_tag":[3459,3471,3473,3468,3472,3470,3474,3462,3464,3460,3465,3461,3457,3466,3469,3458,3463,3467],"class_list":{"0":"post-19667","1":"product","2":"type-product","3":"status-publish","4":"has-post-thumbnail","6":"product_brand-la-roche-posay-maroc-prix","7":"product_cat-beaute-sante","8":"product_tag-acheter-la-roche-posay-en-ligne-maroc","9":"product_tag-anthelios-maroc","10":"product_tag-cosmetiques-maroc","11":"product_tag-creme-solaire-maroc","12":"product_tag-dermatologie-maroc","13":"product_tag-effaclar-maroc","14":"product_tag-hydratation-peau","15":"product_tag-la-roche-posay-acne-maroc","16":"product_tag-la-roche-posay-anthelios-maroc","17":"product_tag-la-roche-posay-creme-solaire-maroc","18":"product_tag-la-roche-posay-effaclar-maroc","19":"product_tag-la-roche-posay-hydratant-visage-maroc","20":"product_tag-la-roche-posay-maroc","21":"product_tag-la-roche-posay-maroc-prix","22":"product_tag-peau-sensible-maroc","23":"product_tag-produits-la-roche-posay-maroc","24":"product_tag-serum-la-roche-posay-maroc","25":"product_tag-soins-visage-maroc","27":"first","28":"instock","29":"sale","30":"taxable","31":"shipping-taxable","32":"purchasable","33":"product-type-simple"},"yoast_head":"<!-- This site is optimized with the Yoast SEO plugin v27.6 - https:\/\/yoast.com\/product\/yoast-seo-wordpress\/ -->\n<title>La Roche Posay Toleriane Mascara Volume - Maroc Prix<\/title>\n<meta name=\"description\" content=\"La Roche Posay Toleriane Mascara Volume\" \/>\n<meta name=\"robots\" content=\"index, follow, max-snippet:-1, max-image-preview:large, max-video-preview:-1\" \/>\n<link rel=\"canonical\" href=\"https:\/\/vitablanca.ma\/ar\/product-2\/la-roche-posay-toleriane-mascara-volume\/\" \/>\n<meta property=\"og:locale\" content=\"ar_AR\" \/>\n<meta property=\"og:type\" content=\"article\" \/>\n<meta property=\"og:title\" content=\"La Roche Posay Toleriane Mascara Volume - Maroc Prix\" \/>\n<meta property=\"og:description\" content=\"La Roche Posay Toleriane Mascara Volume\" \/>\n<meta property=\"og:url\" content=\"https:\/\/vitablanca.ma\/ar\/product-2\/la-roche-posay-toleriane-mascara-volume\/\" \/>\n<meta property=\"og:site_name\" content=\"Vitablanca.ma &ndash; Sant&eacute;, vitalit&eacute; et bien-&ecirc;tre pour tous les Marocains\" \/>\n<meta property=\"article:publisher\" content=\"https:\/\/www.facebook.com\/profile.php?id=61576678196717\" \/>\n<meta property=\"article:modified_time\" content=\"2025-12-17T19:08:12+00:00\" \/>\n<meta property=\"og:image\" content=\"https:\/\/vitablanca.ma\/wp-content\/uploads\/2025\/06\/La-Roche-Posay-Toleriane-Mascara-Volume-nova-parapharmacie-casablanca-Raccourci.jpg\" \/>\n\t<meta property=\"og:image:width\" content=\"1000\" \/>\n\t<meta property=\"og:image:height\" content=\"1000\" \/>\n\t<meta property=\"og:image:type\" content=\"image\/jpeg\" \/>\n<meta name=\"twitter:card\" content=\"summary_large_image\" \/>\n<meta name=\"twitter:label1\" content=\"\u0648\u0642\u062a \u0627\u0644\u0642\u0631\u0627\u0621\u0629 \u0627\u0644\u0645\u064f\u0642\u062f\u0651\u0631\" \/>\n\t<meta name=\"twitter:data1\" content=\"\u062f\u0642\u064a\u0642\u0629 \u0648\u0627\u062d\u062f\u0629\" \/>\n<script type=\"application\/ld+json\" class=\"yoast-schema-graph\">{\"@context\":\"https:\\\/\\\/schema.org\",\"@graph\":[{\"@type\":[\"WebPage\",\"ItemPage\"],\"@id\":\"https:\\\/\\\/vitablanca.ma\\\/produit\\\/la-roche-posay-toleriane-mascara-volume\\\/\",\"url\":\"https:\\\/\\\/vitablanca.ma\\\/produit\\\/la-roche-posay-toleriane-mascara-volume\\\/\",\"name\":\"La Roche Posay Toleriane Mascara Volume - Maroc Prix\",\"isPartOf\":{\"@id\":\"https:\\\/\\\/vitablanca.ma\\\/#website\"},\"primaryImageOfPage\":{\"@id\":\"https:\\\/\\\/vitablanca.ma\\\/produit\\\/la-roche-posay-toleriane-mascara-volume\\\/#primaryimage\"},\"image\":{\"@id\":\"https:\\\/\\\/vitablanca.ma\\\/produit\\\/la-roche-posay-toleriane-mascara-volume\\\/#primaryimage\"},\"thumbnailUrl\":\"https:\\\/\\\/vitablanca.ma\\\/wp-content\\\/uploads\\\/2025\\\/06\\\/La-Roche-Posay-Toleriane-Mascara-Volume-nova-parapharmacie-casablanca-Raccourci.jpg\",\"datePublished\":\"2025-06-10T18:04:47+00:00\",\"dateModified\":\"2025-12-17T19:08:12+00:00\",\"description\":\"La Roche Posay Toleriane Mascara Volume\",\"breadcrumb\":{\"@id\":\"https:\\\/\\\/vitablanca.ma\\\/produit\\\/la-roche-posay-toleriane-mascara-volume\\\/#breadcrumb\"},\"inLanguage\":\"ar\",\"potentialAction\":[{\"@type\":\"ReadAction\",\"target\":[\"https:\\\/\\\/vitablanca.ma\\\/produit\\\/la-roche-posay-toleriane-mascara-volume\\\/\"]}]},{\"@type\":\"ImageObject\",\"inLanguage\":\"ar\",\"@id\":\"https:\\\/\\\/vitablanca.ma\\\/produit\\\/la-roche-posay-toleriane-mascara-volume\\\/#primaryimage\",\"url\":\"https:\\\/\\\/vitablanca.ma\\\/wp-content\\\/uploads\\\/2025\\\/06\\\/La-Roche-Posay-Toleriane-Mascara-Volume-nova-parapharmacie-casablanca-Raccourci.jpg\",\"contentUrl\":\"https:\\\/\\\/vitablanca.ma\\\/wp-content\\\/uploads\\\/2025\\\/06\\\/La-Roche-Posay-Toleriane-Mascara-Volume-nova-parapharmacie-casablanca-Raccourci.jpg\",\"width\":1000,\"height\":1000},{\"@type\":\"BreadcrumbList\",\"@id\":\"https:\\\/\\\/vitablanca.ma\\\/produit\\\/la-roche-posay-toleriane-mascara-volume\\\/#breadcrumb\",\"itemListElement\":[{\"@type\":\"ListItem\",\"position\":1,\"name\":\"Home\",\"item\":\"https:\\\/\\\/vitablanca.ma\\\/\"},{\"@type\":\"ListItem\",\"position\":2,\"name\":\"Tous Les Produits\",\"item\":\"https:\\\/\\\/vitablanca.ma\\\/tous-les-produits\\\/\"},{\"@type\":\"ListItem\",\"position\":3,\"name\":\"La Roche Posay Toleriane Mascara Volume\"}]},{\"@type\":\"WebSite\",\"@id\":\"https:\\\/\\\/vitablanca.ma\\\/#website\",\"url\":\"https:\\\/\\\/vitablanca.ma\\\/\",\"name\":\"VitaBlanca.ma | Compl\u00e9ments alimentaires, sant\u00e9 & beaut\u00e9 au Maroc\",\"description\":\"vendre vitamines et compl\u00e9ments premium des USA &amp; Canada, Nouvelle Z\u00e9lande,Maroc (NOW Foods, Solgar, Manuka). Livraison rapide partout au Maroc.\",\"publisher\":{\"@id\":\"https:\\\/\\\/vitablanca.ma\\\/#organization\"},\"alternateName\":\"VitaBlanca.ma\",\"potentialAction\":[{\"@type\":\"SearchAction\",\"target\":{\"@type\":\"EntryPoint\",\"urlTemplate\":\"https:\\\/\\\/vitablanca.ma\\\/?s={search_term_string}\"},\"query-input\":{\"@type\":\"PropertyValueSpecification\",\"valueRequired\":true,\"valueName\":\"search_term_string\"}}],\"inLanguage\":\"ar\"},{\"@type\":\"Organization\",\"@id\":\"https:\\\/\\\/vitablanca.ma\\\/#organization\",\"name\":\"VitaBlanca\",\"url\":\"https:\\\/\\\/vitablanca.ma\\\/\",\"logo\":{\"@type\":\"ImageObject\",\"inLanguage\":\"ar\",\"@id\":\"https:\\\/\\\/vitablanca.ma\\\/#\\\/schema\\\/logo\\\/image\\\/\",\"url\":\"https:\\\/\\\/vitablanca.ma\\\/wp-content\\\/uploads\\\/2025\\\/05\\\/cropped-vitablanca.png\",\"contentUrl\":\"https:\\\/\\\/vitablanca.ma\\\/wp-content\\\/uploads\\\/2025\\\/05\\\/cropped-vitablanca.png\",\"width\":360,\"height\":67,\"caption\":\"VitaBlanca\"},\"image\":{\"@id\":\"https:\\\/\\\/vitablanca.ma\\\/#\\\/schema\\\/logo\\\/image\\\/\"},\"sameAs\":[\"https:\\\/\\\/www.facebook.com\\\/profile.php?id=61576678196717\",\"https:\\\/\\\/www.tiktok.com\\\/@vitablanca.ma\",\"https:\\\/\\\/www.instagram.com\\\/vitablanca.ma\\\/\"]}]}<\/script>\n<!-- \/ Yoast SEO plugin. -->","yoast_head_json":{"title":"\u0644\u0627\u0631\u0648\u0634 \u0628\u0648\u0632\u064a\u0647 \u062a\u0648\u0644\u064a\u0631\u064a\u0627\u0646 \u0641\u0648\u0644\u064a\u0648\u0645 \u0645\u0627\u0633\u0643\u0627\u0631\u0627 - \u0633\u0639\u0631 \u0627\u0644\u0645\u063a\u0631\u0628","description":"\u0645\u0627\u0633\u0643\u0627\u0631\u0627 \u0644\u0627\u0631\u0648\u0634 \u0628\u0648\u0632\u064a\u0647 \u062a\u0648\u0644\u064a\u0631\u064a\u0627\u0646 \u0644\u062a\u0643\u062b\u064a\u0641 \u0627\u0644\u0631\u0645\u0648\u0634","robots":{"index":"index","follow":"follow","max-snippet":"max-snippet:-1","max-image-preview":"max-image-preview:large","max-video-preview":"max-video-preview:-1"},"canonical":"https:\/\/vitablanca.ma\/ar\/product-2\/la-roche-posay-toleriane-mascara-volume\/","og_locale":"ar_AR","og_type":"article","og_title":"La Roche Posay Toleriane Mascara Volume - Maroc Prix","og_description":"La Roche Posay Toleriane Mascara Volume","og_url":"https:\/\/vitablanca.ma\/ar\/product-2\/la-roche-posay-toleriane-mascara-volume\/","og_site_name":"Vitablanca.ma &ndash; Sant&eacute;, vitalit&eacute; et bien-&ecirc;tre pour tous les Marocains","article_publisher":"https:\/\/www.facebook.com\/profile.php?id=61576678196717","article_modified_time":"2025-12-17T19:08:12+00:00","og_image":[{"width":1000,"height":1000,"url":"https:\/\/vitablanca.ma\/wp-content\/uploads\/2025\/06\/La-Roche-Posay-Toleriane-Mascara-Volume-nova-parapharmacie-casablanca-Raccourci.jpg","type":"image\/jpeg"}],"twitter_card":"summary_large_image","twitter_misc":{"\u0648\u0642\u062a \u0627\u0644\u0642\u0631\u0627\u0621\u0629 \u0627\u0644\u0645\u064f\u0642\u062f\u0651\u0631":"\u062f\u0642\u064a\u0642\u0629 \u0648\u0627\u062d\u062f\u0629"},"schema":{"@context":"https:\/\/schema.org","@graph":[{"@type":["WebPage","ItemPage"],"@id":"https:\/\/vitablanca.ma\/produit\/la-roche-posay-toleriane-mascara-volume\/","url":"https:\/\/vitablanca.ma\/produit\/la-roche-posay-toleriane-mascara-volume\/","name":"\u0644\u0627\u0631\u0648\u0634 \u0628\u0648\u0632\u064a\u0647 \u062a\u0648\u0644\u064a\u0631\u064a\u0627\u0646 \u0641\u0648\u0644\u064a\u0648\u0645 \u0645\u0627\u0633\u0643\u0627\u0631\u0627 - \u0633\u0639\u0631 \u0627\u0644\u0645\u063a\u0631\u0628","isPartOf":{"@id":"https:\/\/vitablanca.ma\/#website"},"primaryImageOfPage":{"@id":"https:\/\/vitablanca.ma\/produit\/la-roche-posay-toleriane-mascara-volume\/#primaryimage"},"image":{"@id":"https:\/\/vitablanca.ma\/produit\/la-roche-posay-toleriane-mascara-volume\/#primaryimage"},"thumbnailUrl":"https:\/\/vitablanca.ma\/wp-content\/uploads\/2025\/06\/La-Roche-Posay-Toleriane-Mascara-Volume-nova-parapharmacie-casablanca-Raccourci.jpg","datePublished":"2025-06-10T18:04:47+00:00","dateModified":"2025-12-17T19:08:12+00:00","description":"\u0645\u0627\u0633\u0643\u0627\u0631\u0627 \u0644\u0627\u0631\u0648\u0634 \u0628\u0648\u0632\u064a\u0647 \u062a\u0648\u0644\u064a\u0631\u064a\u0627\u0646 \u0644\u062a\u0643\u062b\u064a\u0641 \u0627\u0644\u0631\u0645\u0648\u0634","breadcrumb":{"@id":"https:\/\/vitablanca.ma\/produit\/la-roche-posay-toleriane-mascara-volume\/#breadcrumb"},"inLanguage":"ar","potentialAction":[{"@type":"ReadAction","target":["https:\/\/vitablanca.ma\/produit\/la-roche-posay-toleriane-mascara-volume\/"]}]},{"@type":"ImageObject","inLanguage":"ar","@id":"https:\/\/vitablanca.ma\/produit\/la-roche-posay-toleriane-mascara-volume\/#primaryimage","url":"https:\/\/vitablanca.ma\/wp-content\/uploads\/2025\/06\/La-Roche-Posay-Toleriane-Mascara-Volume-nova-parapharmacie-casablanca-Raccourci.jpg","contentUrl":"https:\/\/vitablanca.ma\/wp-content\/uploads\/2025\/06\/La-Roche-Posay-Toleriane-Mascara-Volume-nova-parapharmacie-casablanca-Raccourci.jpg","width":1000,"height":1000},{"@type":"BreadcrumbList","@id":"https:\/\/vitablanca.ma\/produit\/la-roche-posay-toleriane-mascara-volume\/#breadcrumb","itemListElement":[{"@type":"ListItem","position":1,"name":"Home","item":"https:\/\/vitablanca.ma\/"},{"@type":"ListItem","position":2,"name":"Tous Les Produits","item":"https:\/\/vitablanca.ma\/tous-les-produits\/"},{"@type":"ListItem","position":3,"name":"La Roche Posay Toleriane Mascara Volume"}]},{"@type":"WebSite","@id":"https:\/\/vitablanca.ma\/#website","url":"https:\/\/vitablanca.ma\/","name":"VitaBlanca.ma | \u0627\u0644\u0645\u0643\u0645\u0644\u0627\u062a \u0627\u0644\u063a\u0630\u0627\u0626\u064a\u0629\u060c \u0627\u0644\u0635\u062d\u0629 \u0648\u0627\u0644\u062c\u0645\u0627\u0644 \u0641\u064a \u0627\u0644\u0645\u063a\u0631\u0628","description":"\u0646\u0628\u064a\u0639 \u0641\u064a\u062a\u0627\u0645\u064a\u0646\u0627\u062a \u0648\u0645\u0643\u0645\u0644\u0627\u062a \u063a\u0630\u0627\u0626\u064a\u0629 \u0641\u0627\u062e\u0631\u0629 \u0645\u0646 \u0627\u0644\u0648\u0644\u0627\u064a\u0627\u062a \u0627\u0644\u0645\u062a\u062d\u062f\u0629 \u0627\u0644\u0623\u0645\u0631\u064a\u0643\u064a\u0629 \u0648\u0643\u0646\u062f\u0627 \u0648\u0646\u064a\u0648\u0632\u064a\u0644\u0646\u062f\u0627 \u0648\u0627\u0644\u0645\u063a\u0631\u0628 (\u0646\u0627\u0648 \u0641\u0648\u062f\u0632\u060c \u0633\u0648\u0644\u062c\u0627\u0631\u060c \u0645\u0627\u0646\u0648\u0643\u0627). \u062a\u0648\u0635\u064a\u0644 \u0633\u0631\u064a\u0639 \u0625\u0644\u0649 \u062c\u0645\u064a\u0639 \u0623\u0646\u062d\u0627\u0621 \u0627\u0644\u0645\u063a\u0631\u0628.","publisher":{"@id":"https:\/\/vitablanca.ma\/#organization"},"alternateName":"VitaBlanca.ma","potentialAction":[{"@type":"SearchAction","target":{"@type":"EntryPoint","urlTemplate":"https:\/\/vitablanca.ma\/?s={search_term_string}"},"query-input":{"@type":"PropertyValueSpecification","valueRequired":true,"valueName":"search_term_string"}}],"inLanguage":"ar"},{"@type":"Organization","@id":"https:\/\/vitablanca.ma\/#organization","name":"\u0641\u064a\u062a\u0627\u0628\u0644\u0627\u0646\u0643\u0627","url":"https:\/\/vitablanca.ma\/","logo":{"@type":"ImageObject","inLanguage":"ar","@id":"https:\/\/vitablanca.ma\/#\/schema\/logo\/image\/","url":"https:\/\/vitablanca.ma\/wp-content\/uploads\/2025\/05\/cropped-vitablanca.png","contentUrl":"https:\/\/vitablanca.ma\/wp-content\/uploads\/2025\/05\/cropped-vitablanca.png","width":360,"height":67,"caption":"VitaBlanca"},"image":{"@id":"https:\/\/vitablanca.ma\/#\/schema\/logo\/image\/"},"sameAs":["https:\/\/www.facebook.com\/profile.php?id=61576678196717","https:\/\/www.tiktok.com\/@vitablanca.ma","https:\/\/www.instagram.com\/vitablanca.ma\/"]}]}},"jetpack_sharing_enabled":true,"_links":{"self":[{"href":"https:\/\/vitablanca.ma\/ar\/wp-json\/wp\/v2\/product\/19667","targetHints":{"allow":["GET"]}}],"collection":[{"href":"https:\/\/vitablanca.ma\/ar\/wp-json\/wp\/v2\/product"}],"about":[{"href":"https:\/\/vitablanca.ma\/ar\/wp-json\/wp\/v2\/types\/product"}],"wp:featuredmedia":[{"embeddable":true,"href":"https:\/\/vitablanca.ma\/ar\/wp-json\/wp\/v2\/media\/19661"}],"wp:attachment":[{"href":"https:\/\/vitablanca.ma\/ar\/wp-json\/wp\/v2\/media?parent=19667"}],"wp:term":[{"taxonomy":"product_brand","embeddable":true,"href":"https:\/\/vitablanca.ma\/ar\/wp-json\/wp\/v2\/product_brand?post=19667"},{"taxonomy":"product_cat","embeddable":true,"href":"https:\/\/vitablanca.ma\/ar\/wp-json\/wp\/v2\/product_cat?post=19667"},{"taxonomy":"product_tag","embeddable":true,"href":"https:\/\/vitablanca.ma\/ar\/wp-json\/wp\/v2\/product_tag?post=19667"}],"curies":[{"name":"wp","href":"https:\/\/api.w.org\/{rel}","templated":true}]}}