{"id":19644,"date":"2025-06-10T18:03:54","date_gmt":"2025-06-10T18:03:54","guid":{"rendered":"https:\/\/vitablanca.ma\/product\/klorane-shampoing-a-lortie-bio\/"},"modified":"2026-01-21T23:56:47","modified_gmt":"2026-01-21T23:56:47","slug":"klorane-shampoing-a-lortie-bio","status":"publish","type":"product","link":"https:\/\/vitablanca.ma\/ar\/product-2\/klorane-shampoing-a-lortie-bio\/","title":{"rendered":"\u0634\u0627\u0645\u0628\u0648 \u0646\u0628\u0627\u062a \u0627\u0644\u0642\u0631\u0627\u0635 \u0627\u0644\u0639\u0636\u0648\u064a \u0645\u0646 \u0643\u0644\u0648\u0631\u0627\u0646"},"content":{"rendered":"<h2>\u0634\u0627\u0645\u0628\u0648 \u0646\u0628\u0627\u062a \u0627\u0644\u0642\u0631\u0627\u0635 \u0627\u0644\u0639\u0636\u0648\u064a \u0645\u0646 \u0643\u0644\u0648\u0631\u0627\u0646\u00a0<span data-mce-fragment=\"1\">Nettoie, R\u00e9duit le s\u00e9bum, Purifie.<\/span><br \/>\n<\/h2>\n<p class=\"p-info__description\">En diminuant la production de s\u00e9bum, le Shampoing \u00e0 l\u2019Ortie BIO assainit les cheveux gras et r\u00e9\u00e9quilibre le cuir chevelu gras.<br \/>En cure de 3 semaines, diminution de 50% du taux de s\u00e9bum.<br \/>Nettoyant, purifiant, s\u00e9bor\u00e9gulateur.<br \/>200 \u0645\u0644-400 \u0645\u0644<\/p>\n<div class=\"block-content\">\n<p>Gr\u00e2ce \u00e0 sa base lavante \u00e9quilibrante enrichie en extrait d\u2019Ortie BIO, ce shampoing nettoie efficacement les cheveux gras et diminue en douceur l\u2019exc\u00e8s de s\u00e9bum*. V\u00e9ritable soin \u00e0 l\u2019effet \u00ab buvard \u00bb, il tire ses propri\u00e9t\u00e9s r\u00e9gulatrices et assainissantes de l\u2019Ortie blanche, dont la racine est riche en actifs v\u00e9g\u00e9taux s\u00e9bor\u00e9ducteurs. Purifi\u00e9, le cuir chevelu est propre, la chevelure reste l\u00e9g\u00e8re et a\u00e9r\u00e9e plus longtemps. Les shampoings s\u2019espacent progressivement.<\/p>\n<\/div>\n<div class=\"block-content has-heading\">\n<div class=\"block-content-heading\">\n<h3 class=\"\" id=\"\">\u0645\u064a\u0632\u0629<\/h3>\n<\/div>\n<p>Les shampoings s\u2019espacent progressivement, le cuir chevelu purifi\u00e9 retrouve son \u00e9quilibre et les cheveux sont \u00e0 nouveau sains.<\/p>\n<div class=\"block-content-heading\">\n<h3 class=\"\" id=\"\">\u0641\u0648\u0627\u0626\u062f<\/h3>\n<\/div>\n<p>\u2013 Purifiant : base lavante douce et astringente pour purifier le cuir chevelu et les cheveux gras sans d\u00e9caper.<br \/>\u2013 S\u00e9bor\u00e9gulateur : son action s\u00e9bor\u00e9gulatrice r\u00e9\u00e9quilibre les glandes s\u00e9bac\u00e9es et diminue la production de s\u00e9bum, pour des cheveux qui regraissent moins vite**.<br \/>\u2013 Permet d\u2019espacer les shampoings : sa formule efficace \u00e0 l\u2019Ortie blanche cultiv\u00e9e dans le respect de l\u2019\u00e9cosyst\u00e8me environnant permet de limiter les shampoings.<\/p>\n<p class=\"style-1\"><strong>\u0645\u062b\u0627\u0644\u064a:<\/strong> \u0644\u00a0<span>\u0627\u0644\u0628\u0627\u0644\u063a\u0648\u0646<\/span><\/p>\n<p class=\"style-1\"><strong>\u0646\u0648\u0639 \u0627\u0644\u0634\u0639\u0631:<\/strong>\u00a0<span>Cheveux gras, cuir chevelu gras<\/span><\/p>\n<p class=\"style-1\"><strong>\u064a\u062d\u062a\u0627\u062c:<\/strong>\u00a0<span>R\u00e9duction du s\u00e9bum<\/span><\/p>\n<h3 class=\"resultats__title\"><span class=\"block-name anm animated\" id=\"\">R\u00e9sultats<\/span><\/h3>\n<div class=\"resultats__sub-title anm animated\">\n<p>Retrouver un cuir chevelu purifi\u00e9 et propre avec des cheveux l\u00e9gers et a\u00e9r\u00e9s.<\/p>\n<h3 class=\"application__title\"><span class=\"anm block-name animated\" id=\"\">\u0637\u0644\u0628<\/span><\/h3>\n<div class=\"application__sub-title anm animated\">\n<p>Le shampoing doux \u00e0 l\u2019Ortie BIO et \u00e0 l\u2019Argile pour purifier les cheveux gras.<\/p>\n<div class=\"app-step__item anm animated\">\n<div class=\"application__desc anm align-center animated\">\n<div class=\"app-step__title\">\n<h3 class=\"style-1\" id=\"\">\u0645\u0639\u062f\u0644 \u0627\u0644\u0627\u0633\u062a\u062e\u062f\u0627\u0645<\/h3>\n<\/div>\n<div class=\"application__cons\"><span>\u0643\u0644\u0645\u0627 \u062f\u0639\u062a \u0627\u0644\u062d\u0627\u062c\u0629<\/span><\/div>\n<div class=\"application__cons\"><strong>1. \u0627\u0644\u062a\u0642\u062f\u0645 \u0628\u0637\u0644\u0628<\/strong><\/div>\n<\/div>\n<\/div>\n<div class=\"app-step__item anm animated\">\n<div class=\"app-step__title\">\n<p class=\"style-1\">Appliquer sur les cheveux et le cuir chevelu humides.<\/p>\n<p class=\"style-1\"><strong>2 . MOUSSER<\/strong><br \/>Faire mousser le shampoing et masser d\u00e9licatement.<\/p>\n<p class=\"style-1\"><strong>3 . RINCER<\/strong><br \/>Rincer les cheveux et le cuir chevelu.<\/p>\n<\/div>\n<\/div>\n<\/div>\n<\/div>\n<\/div>","protected":false},"excerpt":{"rendered":"<p>Klorane Shampoing \u00e0 l\u2019Ortie BIO\u00a0Nettoie, R\u00e9duit le s\u00e9bum, Purifie. En diminuant la production de s\u00e9bum, le Shampoing \u00e0 l\u2019Ortie BIO assainit les cheveux gras et r\u00e9\u00e9quilibre le cuir chevelu gras.En cure de 3 semaines, diminution de 50% du taux de s\u00e9bum.Nettoyant, purifiant, s\u00e9bor\u00e9gulateur.200ml-400ml Gr\u00e2ce \u00e0 sa base lavante \u00e9quilibrante enrichie en extrait d\u2019Ortie BIO, ce [&hellip;]<\/p>\n","protected":false},"featured_media":19638,"template":"","meta":[],"product_brand":[6000],"product_cat":[18,15],"product_tag":[],"class_list":{"0":"post-19644","1":"product","2":"type-product","3":"status-publish","4":"has-post-thumbnail","6":"product_brand-klorane-maroc-prix","7":"product_cat-beaute-sante","8":"product_cat-beaute-sante-complements-alimentaires-soins-et-bien-etre-au-meilleur-prix","10":"first","11":"instock","12":"sale","13":"taxable","14":"shipping-taxable","15":"purchasable","16":"product-type-variable"},"yoast_head":"<!-- This site is optimized with the Yoast SEO plugin v27.6 - https:\/\/yoast.com\/product\/yoast-seo-wordpress\/ -->\n<title>Klorane Shampoing \u00e0 l\u2019Ortie BIO - Maroc Prix<\/title>\n<meta name=\"description\" content=\"Klorane Shampoing \u00e0 l\u2019Ortie BIO\" \/>\n<meta name=\"robots\" content=\"index, follow, max-snippet:-1, max-image-preview:large, max-video-preview:-1\" \/>\n<link rel=\"canonical\" href=\"https:\/\/vitablanca.ma\/ar\/product-2\/klorane-shampoing-a-lortie-bio\/\" \/>\n<meta property=\"og:locale\" content=\"ar_AR\" \/>\n<meta property=\"og:type\" content=\"article\" \/>\n<meta property=\"og:title\" content=\"Klorane Shampoing \u00e0 l\u2019Ortie BIO - Maroc Prix\" \/>\n<meta property=\"og:description\" content=\"Klorane Shampoing \u00e0 l\u2019Ortie BIO\" \/>\n<meta property=\"og:url\" content=\"https:\/\/vitablanca.ma\/ar\/product-2\/klorane-shampoing-a-lortie-bio\/\" \/>\n<meta property=\"og:site_name\" content=\"Vitablanca.ma &ndash; Sant&eacute;, vitalit&eacute; et bien-&ecirc;tre pour tous les Marocains\" \/>\n<meta property=\"article:publisher\" content=\"https:\/\/www.facebook.com\/profile.php?id=61576678196717\" \/>\n<meta property=\"article:modified_time\" content=\"2026-01-21T23:56:47+00:00\" \/>\n<meta property=\"og:image\" content=\"https:\/\/vitablanca.ma\/wp-content\/uploads\/2025\/06\/Klorane-Shampoing-a-l_Ortie-BIO-200ml-nova-parapharmacie-casablanca.jpg\" \/>\n\t<meta property=\"og:image:width\" content=\"1000\" \/>\n\t<meta property=\"og:image:height\" content=\"1000\" \/>\n\t<meta property=\"og:image:type\" content=\"image\/jpeg\" \/>\n<meta name=\"twitter:card\" content=\"summary_large_image\" \/>\n<meta name=\"twitter:label1\" content=\"\u0648\u0642\u062a \u0627\u0644\u0642\u0631\u0627\u0621\u0629 \u0627\u0644\u0645\u064f\u0642\u062f\u0651\u0631\" \/>\n\t<meta name=\"twitter:data1\" content=\"\u062f\u0642\u064a\u0642\u062a\u0627\u0646\" \/>\n<script type=\"application\/ld+json\" class=\"yoast-schema-graph\">{\"@context\":\"https:\\\/\\\/schema.org\",\"@graph\":[{\"@type\":[\"WebPage\",\"ItemPage\"],\"@id\":\"https:\\\/\\\/vitablanca.ma\\\/produit\\\/klorane-shampoing-a-lortie-bio\\\/\",\"url\":\"https:\\\/\\\/vitablanca.ma\\\/produit\\\/klorane-shampoing-a-lortie-bio\\\/\",\"name\":\"Klorane Shampoing \u00e0 l\u2019Ortie BIO - Maroc Prix\",\"isPartOf\":{\"@id\":\"https:\\\/\\\/vitablanca.ma\\\/#website\"},\"primaryImageOfPage\":{\"@id\":\"https:\\\/\\\/vitablanca.ma\\\/produit\\\/klorane-shampoing-a-lortie-bio\\\/#primaryimage\"},\"image\":{\"@id\":\"https:\\\/\\\/vitablanca.ma\\\/produit\\\/klorane-shampoing-a-lortie-bio\\\/#primaryimage\"},\"thumbnailUrl\":\"https:\\\/\\\/vitablanca.ma\\\/wp-content\\\/uploads\\\/2025\\\/06\\\/Klorane-Shampoing-a-l_Ortie-BIO-200ml-nova-parapharmacie-casablanca.jpg\",\"datePublished\":\"2025-06-10T18:03:54+00:00\",\"dateModified\":\"2026-01-21T23:56:47+00:00\",\"description\":\"Klorane Shampoing \u00e0 l\u2019Ortie BIO\",\"breadcrumb\":{\"@id\":\"https:\\\/\\\/vitablanca.ma\\\/produit\\\/klorane-shampoing-a-lortie-bio\\\/#breadcrumb\"},\"inLanguage\":\"ar\",\"potentialAction\":[{\"@type\":\"ReadAction\",\"target\":[\"https:\\\/\\\/vitablanca.ma\\\/produit\\\/klorane-shampoing-a-lortie-bio\\\/\"]}]},{\"@type\":\"ImageObject\",\"inLanguage\":\"ar\",\"@id\":\"https:\\\/\\\/vitablanca.ma\\\/produit\\\/klorane-shampoing-a-lortie-bio\\\/#primaryimage\",\"url\":\"https:\\\/\\\/vitablanca.ma\\\/wp-content\\\/uploads\\\/2025\\\/06\\\/Klorane-Shampoing-a-l_Ortie-BIO-200ml-nova-parapharmacie-casablanca.jpg\",\"contentUrl\":\"https:\\\/\\\/vitablanca.ma\\\/wp-content\\\/uploads\\\/2025\\\/06\\\/Klorane-Shampoing-a-l_Ortie-BIO-200ml-nova-parapharmacie-casablanca.jpg\",\"width\":1000,\"height\":1000},{\"@type\":\"BreadcrumbList\",\"@id\":\"https:\\\/\\\/vitablanca.ma\\\/produit\\\/klorane-shampoing-a-lortie-bio\\\/#breadcrumb\",\"itemListElement\":[{\"@type\":\"ListItem\",\"position\":1,\"name\":\"Home\",\"item\":\"https:\\\/\\\/vitablanca.ma\\\/\"},{\"@type\":\"ListItem\",\"position\":2,\"name\":\"Tous Les Produits\",\"item\":\"https:\\\/\\\/vitablanca.ma\\\/tous-les-produits\\\/\"},{\"@type\":\"ListItem\",\"position\":3,\"name\":\"Klorane Shampoing \u00e0 l\u2019Ortie BIO\"}]},{\"@type\":\"WebSite\",\"@id\":\"https:\\\/\\\/vitablanca.ma\\\/#website\",\"url\":\"https:\\\/\\\/vitablanca.ma\\\/\",\"name\":\"VitaBlanca.ma | Compl\u00e9ments alimentaires, sant\u00e9 & beaut\u00e9 au Maroc\",\"description\":\"vendre vitamines et compl\u00e9ments premium des USA &amp; Canada, Nouvelle Z\u00e9lande,Maroc (NOW Foods, Solgar, Manuka). Livraison rapide partout au Maroc.\",\"publisher\":{\"@id\":\"https:\\\/\\\/vitablanca.ma\\\/#organization\"},\"alternateName\":\"VitaBlanca.ma\",\"potentialAction\":[{\"@type\":\"SearchAction\",\"target\":{\"@type\":\"EntryPoint\",\"urlTemplate\":\"https:\\\/\\\/vitablanca.ma\\\/?s={search_term_string}\"},\"query-input\":{\"@type\":\"PropertyValueSpecification\",\"valueRequired\":true,\"valueName\":\"search_term_string\"}}],\"inLanguage\":\"ar\"},{\"@type\":\"Organization\",\"@id\":\"https:\\\/\\\/vitablanca.ma\\\/#organization\",\"name\":\"VitaBlanca\",\"url\":\"https:\\\/\\\/vitablanca.ma\\\/\",\"logo\":{\"@type\":\"ImageObject\",\"inLanguage\":\"ar\",\"@id\":\"https:\\\/\\\/vitablanca.ma\\\/#\\\/schema\\\/logo\\\/image\\\/\",\"url\":\"https:\\\/\\\/vitablanca.ma\\\/wp-content\\\/uploads\\\/2025\\\/05\\\/cropped-vitablanca.png\",\"contentUrl\":\"https:\\\/\\\/vitablanca.ma\\\/wp-content\\\/uploads\\\/2025\\\/05\\\/cropped-vitablanca.png\",\"width\":360,\"height\":67,\"caption\":\"VitaBlanca\"},\"image\":{\"@id\":\"https:\\\/\\\/vitablanca.ma\\\/#\\\/schema\\\/logo\\\/image\\\/\"},\"sameAs\":[\"https:\\\/\\\/www.facebook.com\\\/profile.php?id=61576678196717\",\"https:\\\/\\\/www.tiktok.com\\\/@vitablanca.ma\",\"https:\\\/\\\/www.instagram.com\\\/vitablanca.ma\\\/\"]}]}<\/script>\n<!-- \/ Yoast SEO plugin. -->","yoast_head_json":{"title":"Klorane Shampoing \u00e0 l\u2019Ortie BIO - Maroc Prix","description":"\u0634\u0627\u0645\u0628\u0648 \u0646\u0628\u0627\u062a \u0627\u0644\u0642\u0631\u0627\u0635 \u0627\u0644\u0639\u0636\u0648\u064a \u0645\u0646 \u0643\u0644\u0648\u0631\u0627\u0646","robots":{"index":"index","follow":"follow","max-snippet":"max-snippet:-1","max-image-preview":"max-image-preview:large","max-video-preview":"max-video-preview:-1"},"canonical":"https:\/\/vitablanca.ma\/ar\/product-2\/klorane-shampoing-a-lortie-bio\/","og_locale":"ar_AR","og_type":"article","og_title":"Klorane Shampoing \u00e0 l\u2019Ortie BIO - Maroc Prix","og_description":"Klorane Shampoing \u00e0 l\u2019Ortie BIO","og_url":"https:\/\/vitablanca.ma\/ar\/product-2\/klorane-shampoing-a-lortie-bio\/","og_site_name":"Vitablanca.ma &ndash; Sant&eacute;, vitalit&eacute; et bien-&ecirc;tre pour tous les Marocains","article_publisher":"https:\/\/www.facebook.com\/profile.php?id=61576678196717","article_modified_time":"2026-01-21T23:56:47+00:00","og_image":[{"width":1000,"height":1000,"url":"https:\/\/vitablanca.ma\/wp-content\/uploads\/2025\/06\/Klorane-Shampoing-a-l_Ortie-BIO-200ml-nova-parapharmacie-casablanca.jpg","type":"image\/jpeg"}],"twitter_card":"summary_large_image","twitter_misc":{"\u0648\u0642\u062a \u0627\u0644\u0642\u0631\u0627\u0621\u0629 \u0627\u0644\u0645\u064f\u0642\u062f\u0651\u0631":"\u062f\u0642\u064a\u0642\u062a\u0627\u0646"},"schema":{"@context":"https:\/\/schema.org","@graph":[{"@type":["WebPage","ItemPage"],"@id":"https:\/\/vitablanca.ma\/produit\/klorane-shampoing-a-lortie-bio\/","url":"https:\/\/vitablanca.ma\/produit\/klorane-shampoing-a-lortie-bio\/","name":"Klorane Shampoing \u00e0 l\u2019Ortie BIO - Maroc Prix","isPartOf":{"@id":"https:\/\/vitablanca.ma\/#website"},"primaryImageOfPage":{"@id":"https:\/\/vitablanca.ma\/produit\/klorane-shampoing-a-lortie-bio\/#primaryimage"},"image":{"@id":"https:\/\/vitablanca.ma\/produit\/klorane-shampoing-a-lortie-bio\/#primaryimage"},"thumbnailUrl":"https:\/\/vitablanca.ma\/wp-content\/uploads\/2025\/06\/Klorane-Shampoing-a-l_Ortie-BIO-200ml-nova-parapharmacie-casablanca.jpg","datePublished":"2025-06-10T18:03:54+00:00","dateModified":"2026-01-21T23:56:47+00:00","description":"\u0634\u0627\u0645\u0628\u0648 \u0646\u0628\u0627\u062a \u0627\u0644\u0642\u0631\u0627\u0635 \u0627\u0644\u0639\u0636\u0648\u064a \u0645\u0646 \u0643\u0644\u0648\u0631\u0627\u0646","breadcrumb":{"@id":"https:\/\/vitablanca.ma\/produit\/klorane-shampoing-a-lortie-bio\/#breadcrumb"},"inLanguage":"ar","potentialAction":[{"@type":"ReadAction","target":["https:\/\/vitablanca.ma\/produit\/klorane-shampoing-a-lortie-bio\/"]}]},{"@type":"ImageObject","inLanguage":"ar","@id":"https:\/\/vitablanca.ma\/produit\/klorane-shampoing-a-lortie-bio\/#primaryimage","url":"https:\/\/vitablanca.ma\/wp-content\/uploads\/2025\/06\/Klorane-Shampoing-a-l_Ortie-BIO-200ml-nova-parapharmacie-casablanca.jpg","contentUrl":"https:\/\/vitablanca.ma\/wp-content\/uploads\/2025\/06\/Klorane-Shampoing-a-l_Ortie-BIO-200ml-nova-parapharmacie-casablanca.jpg","width":1000,"height":1000},{"@type":"BreadcrumbList","@id":"https:\/\/vitablanca.ma\/produit\/klorane-shampoing-a-lortie-bio\/#breadcrumb","itemListElement":[{"@type":"ListItem","position":1,"name":"Home","item":"https:\/\/vitablanca.ma\/"},{"@type":"ListItem","position":2,"name":"Tous Les Produits","item":"https:\/\/vitablanca.ma\/tous-les-produits\/"},{"@type":"ListItem","position":3,"name":"Klorane Shampoing \u00e0 l\u2019Ortie BIO"}]},{"@type":"WebSite","@id":"https:\/\/vitablanca.ma\/#website","url":"https:\/\/vitablanca.ma\/","name":"VitaBlanca.ma | \u0627\u0644\u0645\u0643\u0645\u0644\u0627\u062a \u0627\u0644\u063a\u0630\u0627\u0626\u064a\u0629\u060c \u0627\u0644\u0635\u062d\u0629 \u0648\u0627\u0644\u062c\u0645\u0627\u0644 \u0641\u064a \u0627\u0644\u0645\u063a\u0631\u0628","description":"\u0646\u0628\u064a\u0639 \u0641\u064a\u062a\u0627\u0645\u064a\u0646\u0627\u062a \u0648\u0645\u0643\u0645\u0644\u0627\u062a \u063a\u0630\u0627\u0626\u064a\u0629 \u0641\u0627\u062e\u0631\u0629 \u0645\u0646 \u0627\u0644\u0648\u0644\u0627\u064a\u0627\u062a \u0627\u0644\u0645\u062a\u062d\u062f\u0629 \u0627\u0644\u0623\u0645\u0631\u064a\u0643\u064a\u0629 \u0648\u0643\u0646\u062f\u0627 \u0648\u0646\u064a\u0648\u0632\u064a\u0644\u0646\u062f\u0627 \u0648\u0627\u0644\u0645\u063a\u0631\u0628 (\u0646\u0627\u0648 \u0641\u0648\u062f\u0632\u060c \u0633\u0648\u0644\u062c\u0627\u0631\u060c \u0645\u0627\u0646\u0648\u0643\u0627). \u062a\u0648\u0635\u064a\u0644 \u0633\u0631\u064a\u0639 \u0625\u0644\u0649 \u062c\u0645\u064a\u0639 \u0623\u0646\u062d\u0627\u0621 \u0627\u0644\u0645\u063a\u0631\u0628.","publisher":{"@id":"https:\/\/vitablanca.ma\/#organization"},"alternateName":"VitaBlanca.ma","potentialAction":[{"@type":"SearchAction","target":{"@type":"EntryPoint","urlTemplate":"https:\/\/vitablanca.ma\/?s={search_term_string}"},"query-input":{"@type":"PropertyValueSpecification","valueRequired":true,"valueName":"search_term_string"}}],"inLanguage":"ar"},{"@type":"Organization","@id":"https:\/\/vitablanca.ma\/#organization","name":"\u0641\u064a\u062a\u0627\u0628\u0644\u0627\u0646\u0643\u0627","url":"https:\/\/vitablanca.ma\/","logo":{"@type":"ImageObject","inLanguage":"ar","@id":"https:\/\/vitablanca.ma\/#\/schema\/logo\/image\/","url":"https:\/\/vitablanca.ma\/wp-content\/uploads\/2025\/05\/cropped-vitablanca.png","contentUrl":"https:\/\/vitablanca.ma\/wp-content\/uploads\/2025\/05\/cropped-vitablanca.png","width":360,"height":67,"caption":"VitaBlanca"},"image":{"@id":"https:\/\/vitablanca.ma\/#\/schema\/logo\/image\/"},"sameAs":["https:\/\/www.facebook.com\/profile.php?id=61576678196717","https:\/\/www.tiktok.com\/@vitablanca.ma","https:\/\/www.instagram.com\/vitablanca.ma\/"]}]}},"jetpack_sharing_enabled":true,"_links":{"self":[{"href":"https:\/\/vitablanca.ma\/ar\/wp-json\/wp\/v2\/product\/19644","targetHints":{"allow":["GET"]}}],"collection":[{"href":"https:\/\/vitablanca.ma\/ar\/wp-json\/wp\/v2\/product"}],"about":[{"href":"https:\/\/vitablanca.ma\/ar\/wp-json\/wp\/v2\/types\/product"}],"wp:featuredmedia":[{"embeddable":true,"href":"https:\/\/vitablanca.ma\/ar\/wp-json\/wp\/v2\/media\/19638"}],"wp:attachment":[{"href":"https:\/\/vitablanca.ma\/ar\/wp-json\/wp\/v2\/media?parent=19644"}],"wp:term":[{"taxonomy":"product_brand","embeddable":true,"href":"https:\/\/vitablanca.ma\/ar\/wp-json\/wp\/v2\/product_brand?post=19644"},{"taxonomy":"product_cat","embeddable":true,"href":"https:\/\/vitablanca.ma\/ar\/wp-json\/wp\/v2\/product_cat?post=19644"},{"taxonomy":"product_tag","embeddable":true,"href":"https:\/\/vitablanca.ma\/ar\/wp-json\/wp\/v2\/product_tag?post=19644"}],"curies":[{"name":"wp","href":"https:\/\/api.w.org\/{rel}","templated":true}]}}