{"id":19578,"date":"2025-06-10T18:01:17","date_gmt":"2025-06-10T18:01:17","guid":{"rendered":"https:\/\/vitablanca.ma\/product\/klorane-bebe-eau-nettoyante-au-calendula-500ml\/"},"modified":"2026-01-21T23:56:48","modified_gmt":"2026-01-21T23:56:48","slug":"klorane-bebe-eau-nettoyante-au-calendula-500ml","status":"publish","type":"product","link":"https:\/\/vitablanca.ma\/ar\/product-2\/klorane-bebe-eau-nettoyante-au-calendula-500ml\/","title":{"rendered":"\u0645\u0627\u0621 \u062a\u0646\u0638\u064a\u0641 \u0643\u0644\u0648\u0631\u0627\u064a\u0646 \u0628\u064a\u0628\u064a \u0643\u0627\u0644\u064a\u0646\u062f\u0648\u0644\u0627 \u0665\u0660\u0660 \u0645\u0644"},"content":{"rendered":"<h2>Klorane B\u00e9b\u00e9 Eau Nettoyante Au Calendula\u00a0<span data-mce-fragment=\"1\">Nettoie la peau en \u00e9vitant le dess\u00e8chement pour rafra\u00eechir b\u00e9b\u00e9 a\u0300 tout moment<\/span><br \/>\n<\/h2>\n<p class=\"style-1\"><span>\u0627\u0644\u0631\u0636\u0639 \u0648\u0627\u0644\u0623\u0637\u0641\u0627\u0644 \u0645\u0646\u0630 \u0627\u0644\u0648\u0644\u0627\u062f\u0629<br \/><\/span><span>\u0627\u0644\u0628\u0634\u0631\u0629 \u0627\u0644\u0639\u0627\u062f\u064a\u0629<br \/><\/span><span>Soin b\u00e9b\u00e9<\/span><\/p>\n<p class=\"style-1\"><span>Utilisable d\u00e8s la naissance pour assurer l\u2019hygi\u00e8ne quotidienne, l\u2019Eau nettoyante Klorane B\u00e9b\u00e9 nettoie en douceur et prot\u00e8ge la peau du dess\u00e8chement. Alternative efficace au bain, la formule naturellement* hydratante au Calendula \u00e9limine les impuret\u00e9s sans agresser les \u00e9pidermes sensibles, tout en apaisant les sensations d\u2019irritation. Sa formule ultral\u00e9g\u00e8re et son parfum relaxant garantissent un vrai moment de douceur partag\u00e9. La peau de b\u00e9b\u00e9 reste propre, souple et prot\u00e9g\u00e9e, pour un confort optimal en un seul geste.<\/span><\/p>\n<div class=\"block-content-heading\">\n<h3 class=\"\" id=\"\">\u0645\u064a\u0632\u0629<\/h3>\n<\/div>\n<p>Coup de c\u0153ur des mamans, ce produit de toilette se dose ais\u00e9ment gr\u00e2ce \u00e0 sa pompe \u00ab 1 seule main \u00bb qui garantit une utilisation plus simple et plus s\u00fbre. Ultrapratique, ce syst\u00e8me permet de garder toujours une main sur b\u00e9b\u00e9.<\/p>\n<div class=\"block-content-heading\">\n<h3 class=\"\" id=\"\">\u0641\u0648\u0627\u0626\u062f<\/h3>\n<\/div>\n<p>\u2013 Naturellement douce : infus\u00e9e de Calendula apaisant obtenu \u00e0 partir de fleurs issues de culture BIO, sa formule \u00e0 98 % d\u2019ingr\u00e9dients d\u2019origine** naturelle ne contient pas d\u2019alcool et a \u00e9t\u00e9 test\u00e9e sous contr\u00f4le p\u00e9diatrique***.<br \/>\u2013 Nettoyante : cette eau sans rin\u00e7age nettoie efficacement en respectant la peau gr\u00e2ce \u00e0 ses agents lavants doux.<br \/>\u2013 Protectrice : enrichie en actifs hydratants naturels, l\u2019Eau nettoyante apaise et prot\u00e8ge la peau des sensations de s\u00e9cheresse.<\/p>\n<h3 class=\"style-1\">\n<span><\/span><br \/>\n<\/h3>\n<p class=\"style-1\"><span><\/span><\/p>","protected":false},"excerpt":{"rendered":"<p>Klorane B\u00e9b\u00e9 Eau Nettoyante Au Calendula\u00a0Nettoie la peau en \u00e9vitant le dess\u00e8chement pour rafra\u00eechir b\u00e9b\u00e9 a\u0300 tout moment Nourrissons, b\u00e9b\u00e9s, d\u00e8s la naissancePeau normaleSoin b\u00e9b\u00e9 Utilisable d\u00e8s la naissance pour assurer l\u2019hygi\u00e8ne quotidienne, l\u2019Eau nettoyante Klorane B\u00e9b\u00e9 nettoie en douceur et prot\u00e8ge la peau du dess\u00e8chement. Alternative efficace au bain, la formule naturellement* hydratante au [&hellip;]<\/p>\n","protected":false},"featured_media":19557,"template":"","meta":[],"product_brand":[6000],"product_cat":[18,15],"product_tag":[],"class_list":{"0":"post-19578","1":"product","2":"type-product","3":"status-publish","4":"has-post-thumbnail","6":"product_brand-klorane-maroc-prix","7":"product_cat-beaute-sante","8":"product_cat-beaute-sante-complements-alimentaires-soins-et-bien-etre-au-meilleur-prix","10":"first","11":"instock","12":"sale","13":"taxable","14":"shipping-taxable","15":"purchasable","16":"product-type-simple"},"yoast_head":"<!-- This site is optimized with the Yoast SEO plugin v27.6 - https:\/\/yoast.com\/product\/yoast-seo-wordpress\/ -->\n<title>Klorane B\u00e9b\u00e9 Eau Nettoyante Au Calendula 500ml - Maroc Prix<\/title>\n<meta name=\"description\" content=\"Klorane B\u00e9b\u00e9 Eau Nettoyante Au Calendula 500ml\" \/>\n<meta name=\"robots\" content=\"index, follow, max-snippet:-1, max-image-preview:large, max-video-preview:-1\" \/>\n<link rel=\"canonical\" href=\"https:\/\/vitablanca.ma\/ar\/product-2\/klorane-bebe-eau-nettoyante-au-calendula-500ml\/\" \/>\n<meta property=\"og:locale\" content=\"ar_AR\" \/>\n<meta property=\"og:type\" content=\"article\" \/>\n<meta property=\"og:title\" content=\"Klorane B\u00e9b\u00e9 Eau Nettoyante Au Calendula 500ml - Maroc Prix\" \/>\n<meta property=\"og:description\" content=\"Klorane B\u00e9b\u00e9 Eau Nettoyante Au Calendula 500ml\" \/>\n<meta property=\"og:url\" content=\"https:\/\/vitablanca.ma\/ar\/product-2\/klorane-bebe-eau-nettoyante-au-calendula-500ml\/\" \/>\n<meta property=\"og:site_name\" content=\"Vitablanca.ma &ndash; Sant&eacute;, vitalit&eacute; et bien-&ecirc;tre pour tous les Marocains\" \/>\n<meta property=\"article:publisher\" content=\"https:\/\/www.facebook.com\/profile.php?id=61576678196717\" \/>\n<meta property=\"article:modified_time\" content=\"2026-01-21T23:56:48+00:00\" \/>\n<meta property=\"og:image\" content=\"https:\/\/vitablanca.ma\/wp-content\/uploads\/2025\/06\/Klorane-Bebe-Eau-Nettoyante-Au-Calendula-500ml-nova-parapharmacie-maroc.jpg\" \/>\n\t<meta property=\"og:image:width\" content=\"1000\" \/>\n\t<meta property=\"og:image:height\" content=\"1000\" \/>\n\t<meta property=\"og:image:type\" content=\"image\/jpeg\" \/>\n<meta name=\"twitter:card\" content=\"summary_large_image\" \/>\n<meta name=\"twitter:label1\" content=\"\u0648\u0642\u062a \u0627\u0644\u0642\u0631\u0627\u0621\u0629 \u0627\u0644\u0645\u064f\u0642\u062f\u0651\u0631\" \/>\n\t<meta name=\"twitter:data1\" content=\"\u062f\u0642\u064a\u0642\u0629 \u0648\u0627\u062d\u062f\u0629\" \/>\n<script type=\"application\/ld+json\" class=\"yoast-schema-graph\">{\"@context\":\"https:\\\/\\\/schema.org\",\"@graph\":[{\"@type\":[\"WebPage\",\"ItemPage\"],\"@id\":\"https:\\\/\\\/vitablanca.ma\\\/produit\\\/klorane-bebe-eau-nettoyante-au-calendula-500ml\\\/\",\"url\":\"https:\\\/\\\/vitablanca.ma\\\/produit\\\/klorane-bebe-eau-nettoyante-au-calendula-500ml\\\/\",\"name\":\"Klorane B\u00e9b\u00e9 Eau Nettoyante Au Calendula 500ml - Maroc Prix\",\"isPartOf\":{\"@id\":\"https:\\\/\\\/vitablanca.ma\\\/#website\"},\"primaryImageOfPage\":{\"@id\":\"https:\\\/\\\/vitablanca.ma\\\/produit\\\/klorane-bebe-eau-nettoyante-au-calendula-500ml\\\/#primaryimage\"},\"image\":{\"@id\":\"https:\\\/\\\/vitablanca.ma\\\/produit\\\/klorane-bebe-eau-nettoyante-au-calendula-500ml\\\/#primaryimage\"},\"thumbnailUrl\":\"https:\\\/\\\/vitablanca.ma\\\/wp-content\\\/uploads\\\/2025\\\/06\\\/Klorane-Bebe-Eau-Nettoyante-Au-Calendula-500ml-nova-parapharmacie-maroc.jpg\",\"datePublished\":\"2025-06-10T18:01:17+00:00\",\"dateModified\":\"2026-01-21T23:56:48+00:00\",\"description\":\"Klorane B\u00e9b\u00e9 Eau Nettoyante Au Calendula 500ml\",\"breadcrumb\":{\"@id\":\"https:\\\/\\\/vitablanca.ma\\\/produit\\\/klorane-bebe-eau-nettoyante-au-calendula-500ml\\\/#breadcrumb\"},\"inLanguage\":\"ar\",\"potentialAction\":[{\"@type\":\"ReadAction\",\"target\":[\"https:\\\/\\\/vitablanca.ma\\\/produit\\\/klorane-bebe-eau-nettoyante-au-calendula-500ml\\\/\"]}]},{\"@type\":\"ImageObject\",\"inLanguage\":\"ar\",\"@id\":\"https:\\\/\\\/vitablanca.ma\\\/produit\\\/klorane-bebe-eau-nettoyante-au-calendula-500ml\\\/#primaryimage\",\"url\":\"https:\\\/\\\/vitablanca.ma\\\/wp-content\\\/uploads\\\/2025\\\/06\\\/Klorane-Bebe-Eau-Nettoyante-Au-Calendula-500ml-nova-parapharmacie-maroc.jpg\",\"contentUrl\":\"https:\\\/\\\/vitablanca.ma\\\/wp-content\\\/uploads\\\/2025\\\/06\\\/Klorane-Bebe-Eau-Nettoyante-Au-Calendula-500ml-nova-parapharmacie-maroc.jpg\",\"width\":1000,\"height\":1000},{\"@type\":\"BreadcrumbList\",\"@id\":\"https:\\\/\\\/vitablanca.ma\\\/produit\\\/klorane-bebe-eau-nettoyante-au-calendula-500ml\\\/#breadcrumb\",\"itemListElement\":[{\"@type\":\"ListItem\",\"position\":1,\"name\":\"Home\",\"item\":\"https:\\\/\\\/vitablanca.ma\\\/\"},{\"@type\":\"ListItem\",\"position\":2,\"name\":\"Tous Les Produits\",\"item\":\"https:\\\/\\\/vitablanca.ma\\\/tous-les-produits\\\/\"},{\"@type\":\"ListItem\",\"position\":3,\"name\":\"Klorane B\u00e9b\u00e9 Eau Nettoyante Au Calendula 500ml\"}]},{\"@type\":\"WebSite\",\"@id\":\"https:\\\/\\\/vitablanca.ma\\\/#website\",\"url\":\"https:\\\/\\\/vitablanca.ma\\\/\",\"name\":\"VitaBlanca.ma | Compl\u00e9ments alimentaires, sant\u00e9 & beaut\u00e9 au Maroc\",\"description\":\"vendre vitamines et compl\u00e9ments premium des USA &amp; Canada, Nouvelle Z\u00e9lande,Maroc (NOW Foods, Solgar, Manuka). Livraison rapide partout au Maroc.\",\"publisher\":{\"@id\":\"https:\\\/\\\/vitablanca.ma\\\/#organization\"},\"alternateName\":\"VitaBlanca.ma\",\"potentialAction\":[{\"@type\":\"SearchAction\",\"target\":{\"@type\":\"EntryPoint\",\"urlTemplate\":\"https:\\\/\\\/vitablanca.ma\\\/?s={search_term_string}\"},\"query-input\":{\"@type\":\"PropertyValueSpecification\",\"valueRequired\":true,\"valueName\":\"search_term_string\"}}],\"inLanguage\":\"ar\"},{\"@type\":\"Organization\",\"@id\":\"https:\\\/\\\/vitablanca.ma\\\/#organization\",\"name\":\"VitaBlanca\",\"url\":\"https:\\\/\\\/vitablanca.ma\\\/\",\"logo\":{\"@type\":\"ImageObject\",\"inLanguage\":\"ar\",\"@id\":\"https:\\\/\\\/vitablanca.ma\\\/#\\\/schema\\\/logo\\\/image\\\/\",\"url\":\"https:\\\/\\\/vitablanca.ma\\\/wp-content\\\/uploads\\\/2025\\\/05\\\/cropped-vitablanca.png\",\"contentUrl\":\"https:\\\/\\\/vitablanca.ma\\\/wp-content\\\/uploads\\\/2025\\\/05\\\/cropped-vitablanca.png\",\"width\":360,\"height\":67,\"caption\":\"VitaBlanca\"},\"image\":{\"@id\":\"https:\\\/\\\/vitablanca.ma\\\/#\\\/schema\\\/logo\\\/image\\\/\"},\"sameAs\":[\"https:\\\/\\\/www.facebook.com\\\/profile.php?id=61576678196717\",\"https:\\\/\\\/www.tiktok.com\\\/@vitablanca.ma\",\"https:\\\/\\\/www.instagram.com\\\/vitablanca.ma\\\/\"]}]}<\/script>\n<!-- \/ Yoast SEO plugin. -->","yoast_head_json":{"title":"Klorane B\u00e9b\u00e9 Eau Nettoyante Au Calendula 500ml - Maroc Prix","description":"\u0645\u0627\u0621 \u062a\u0646\u0638\u064a\u0641 \u0643\u0644\u0648\u0631\u0627\u064a\u0646 \u0628\u064a\u0628\u064a \u0643\u0627\u0644\u064a\u0646\u062f\u0648\u0644\u0627 \u0665\u0660\u0660 \u0645\u0644","robots":{"index":"index","follow":"follow","max-snippet":"max-snippet:-1","max-image-preview":"max-image-preview:large","max-video-preview":"max-video-preview:-1"},"canonical":"https:\/\/vitablanca.ma\/ar\/product-2\/klorane-bebe-eau-nettoyante-au-calendula-500ml\/","og_locale":"ar_AR","og_type":"article","og_title":"Klorane B\u00e9b\u00e9 Eau Nettoyante Au Calendula 500ml - Maroc Prix","og_description":"Klorane B\u00e9b\u00e9 Eau Nettoyante Au Calendula 500ml","og_url":"https:\/\/vitablanca.ma\/ar\/product-2\/klorane-bebe-eau-nettoyante-au-calendula-500ml\/","og_site_name":"Vitablanca.ma &ndash; Sant&eacute;, vitalit&eacute; et bien-&ecirc;tre pour tous les Marocains","article_publisher":"https:\/\/www.facebook.com\/profile.php?id=61576678196717","article_modified_time":"2026-01-21T23:56:48+00:00","og_image":[{"width":1000,"height":1000,"url":"https:\/\/vitablanca.ma\/wp-content\/uploads\/2025\/06\/Klorane-Bebe-Eau-Nettoyante-Au-Calendula-500ml-nova-parapharmacie-maroc.jpg","type":"image\/jpeg"}],"twitter_card":"summary_large_image","twitter_misc":{"\u0648\u0642\u062a \u0627\u0644\u0642\u0631\u0627\u0621\u0629 \u0627\u0644\u0645\u064f\u0642\u062f\u0651\u0631":"\u062f\u0642\u064a\u0642\u0629 \u0648\u0627\u062d\u062f\u0629"},"schema":{"@context":"https:\/\/schema.org","@graph":[{"@type":["WebPage","ItemPage"],"@id":"https:\/\/vitablanca.ma\/produit\/klorane-bebe-eau-nettoyante-au-calendula-500ml\/","url":"https:\/\/vitablanca.ma\/produit\/klorane-bebe-eau-nettoyante-au-calendula-500ml\/","name":"Klorane B\u00e9b\u00e9 Eau Nettoyante Au Calendula 500ml - Maroc Prix","isPartOf":{"@id":"https:\/\/vitablanca.ma\/#website"},"primaryImageOfPage":{"@id":"https:\/\/vitablanca.ma\/produit\/klorane-bebe-eau-nettoyante-au-calendula-500ml\/#primaryimage"},"image":{"@id":"https:\/\/vitablanca.ma\/produit\/klorane-bebe-eau-nettoyante-au-calendula-500ml\/#primaryimage"},"thumbnailUrl":"https:\/\/vitablanca.ma\/wp-content\/uploads\/2025\/06\/Klorane-Bebe-Eau-Nettoyante-Au-Calendula-500ml-nova-parapharmacie-maroc.jpg","datePublished":"2025-06-10T18:01:17+00:00","dateModified":"2026-01-21T23:56:48+00:00","description":"\u0645\u0627\u0621 \u062a\u0646\u0638\u064a\u0641 \u0643\u0644\u0648\u0631\u0627\u064a\u0646 \u0628\u064a\u0628\u064a \u0643\u0627\u0644\u064a\u0646\u062f\u0648\u0644\u0627 \u0665\u0660\u0660 \u0645\u0644","breadcrumb":{"@id":"https:\/\/vitablanca.ma\/produit\/klorane-bebe-eau-nettoyante-au-calendula-500ml\/#breadcrumb"},"inLanguage":"ar","potentialAction":[{"@type":"ReadAction","target":["https:\/\/vitablanca.ma\/produit\/klorane-bebe-eau-nettoyante-au-calendula-500ml\/"]}]},{"@type":"ImageObject","inLanguage":"ar","@id":"https:\/\/vitablanca.ma\/produit\/klorane-bebe-eau-nettoyante-au-calendula-500ml\/#primaryimage","url":"https:\/\/vitablanca.ma\/wp-content\/uploads\/2025\/06\/Klorane-Bebe-Eau-Nettoyante-Au-Calendula-500ml-nova-parapharmacie-maroc.jpg","contentUrl":"https:\/\/vitablanca.ma\/wp-content\/uploads\/2025\/06\/Klorane-Bebe-Eau-Nettoyante-Au-Calendula-500ml-nova-parapharmacie-maroc.jpg","width":1000,"height":1000},{"@type":"BreadcrumbList","@id":"https:\/\/vitablanca.ma\/produit\/klorane-bebe-eau-nettoyante-au-calendula-500ml\/#breadcrumb","itemListElement":[{"@type":"ListItem","position":1,"name":"Home","item":"https:\/\/vitablanca.ma\/"},{"@type":"ListItem","position":2,"name":"Tous Les Produits","item":"https:\/\/vitablanca.ma\/tous-les-produits\/"},{"@type":"ListItem","position":3,"name":"Klorane B\u00e9b\u00e9 Eau Nettoyante Au Calendula 500ml"}]},{"@type":"WebSite","@id":"https:\/\/vitablanca.ma\/#website","url":"https:\/\/vitablanca.ma\/","name":"VitaBlanca.ma | \u0627\u0644\u0645\u0643\u0645\u0644\u0627\u062a \u0627\u0644\u063a\u0630\u0627\u0626\u064a\u0629\u060c \u0627\u0644\u0635\u062d\u0629 \u0648\u0627\u0644\u062c\u0645\u0627\u0644 \u0641\u064a \u0627\u0644\u0645\u063a\u0631\u0628","description":"\u0646\u0628\u064a\u0639 \u0641\u064a\u062a\u0627\u0645\u064a\u0646\u0627\u062a \u0648\u0645\u0643\u0645\u0644\u0627\u062a \u063a\u0630\u0627\u0626\u064a\u0629 \u0641\u0627\u062e\u0631\u0629 \u0645\u0646 \u0627\u0644\u0648\u0644\u0627\u064a\u0627\u062a \u0627\u0644\u0645\u062a\u062d\u062f\u0629 \u0627\u0644\u0623\u0645\u0631\u064a\u0643\u064a\u0629 \u0648\u0643\u0646\u062f\u0627 \u0648\u0646\u064a\u0648\u0632\u064a\u0644\u0646\u062f\u0627 \u0648\u0627\u0644\u0645\u063a\u0631\u0628 (\u0646\u0627\u0648 \u0641\u0648\u062f\u0632\u060c \u0633\u0648\u0644\u062c\u0627\u0631\u060c \u0645\u0627\u0646\u0648\u0643\u0627). \u062a\u0648\u0635\u064a\u0644 \u0633\u0631\u064a\u0639 \u0625\u0644\u0649 \u062c\u0645\u064a\u0639 \u0623\u0646\u062d\u0627\u0621 \u0627\u0644\u0645\u063a\u0631\u0628.","publisher":{"@id":"https:\/\/vitablanca.ma\/#organization"},"alternateName":"VitaBlanca.ma","potentialAction":[{"@type":"SearchAction","target":{"@type":"EntryPoint","urlTemplate":"https:\/\/vitablanca.ma\/?s={search_term_string}"},"query-input":{"@type":"PropertyValueSpecification","valueRequired":true,"valueName":"search_term_string"}}],"inLanguage":"ar"},{"@type":"Organization","@id":"https:\/\/vitablanca.ma\/#organization","name":"\u0641\u064a\u062a\u0627\u0628\u0644\u0627\u0646\u0643\u0627","url":"https:\/\/vitablanca.ma\/","logo":{"@type":"ImageObject","inLanguage":"ar","@id":"https:\/\/vitablanca.ma\/#\/schema\/logo\/image\/","url":"https:\/\/vitablanca.ma\/wp-content\/uploads\/2025\/05\/cropped-vitablanca.png","contentUrl":"https:\/\/vitablanca.ma\/wp-content\/uploads\/2025\/05\/cropped-vitablanca.png","width":360,"height":67,"caption":"VitaBlanca"},"image":{"@id":"https:\/\/vitablanca.ma\/#\/schema\/logo\/image\/"},"sameAs":["https:\/\/www.facebook.com\/profile.php?id=61576678196717","https:\/\/www.tiktok.com\/@vitablanca.ma","https:\/\/www.instagram.com\/vitablanca.ma\/"]}]}},"jetpack_sharing_enabled":true,"_links":{"self":[{"href":"https:\/\/vitablanca.ma\/ar\/wp-json\/wp\/v2\/product\/19578","targetHints":{"allow":["GET"]}}],"collection":[{"href":"https:\/\/vitablanca.ma\/ar\/wp-json\/wp\/v2\/product"}],"about":[{"href":"https:\/\/vitablanca.ma\/ar\/wp-json\/wp\/v2\/types\/product"}],"wp:featuredmedia":[{"embeddable":true,"href":"https:\/\/vitablanca.ma\/ar\/wp-json\/wp\/v2\/media\/19557"}],"wp:attachment":[{"href":"https:\/\/vitablanca.ma\/ar\/wp-json\/wp\/v2\/media?parent=19578"}],"wp:term":[{"taxonomy":"product_brand","embeddable":true,"href":"https:\/\/vitablanca.ma\/ar\/wp-json\/wp\/v2\/product_brand?post=19578"},{"taxonomy":"product_cat","embeddable":true,"href":"https:\/\/vitablanca.ma\/ar\/wp-json\/wp\/v2\/product_cat?post=19578"},{"taxonomy":"product_tag","embeddable":true,"href":"https:\/\/vitablanca.ma\/ar\/wp-json\/wp\/v2\/product_tag?post=19578"}],"curies":[{"name":"wp","href":"https:\/\/api.w.org\/{rel}","templated":true}]}}