{"id":19407,"date":"2025-06-10T17:57:42","date_gmt":"2025-06-10T17:57:42","guid":{"rendered":"https:\/\/vitablanca.ma\/product\/isispharma-glyco-a-medium-peeling-30ml\/"},"modified":"2025-12-24T16:33:19","modified_gmt":"2025-12-24T16:33:19","slug":"isispharma-glyco-a-medium-peeling-30ml","status":"publish","type":"product","link":"https:\/\/vitablanca.ma\/ar\/product-2\/isispharma-glyco-a-medium-peeling-30ml\/","title":{"rendered":"\u0625\u064a\u0632\u064a\u0633 \u0641\u0627\u0631\u0645\u0627 \u062c\u0644\u064a\u0643\u0648-\u0623 \u0644\u0644\u062a\u0642\u0634\u064a\u0631 \u0627\u0644\u0645\u062a\u0648\u0633\u0637 30 \u0645\u0644"},"content":{"rendered":"<h2>Isispharma Glyco-a Medium Peeling<\/h2>\n<p>30 \u0645\u0644<\/p>\n<p>La cr\u00e8me de nuit GLYCO-A\u00ae MEDIUM Peeling offre \u00e0 tous l\u2019efficacit\u00e9 d\u2019un peeling chez soi, avec une concentration d\u2019acide glycolique optimale de 12%, pour un teint plus lumineux et une peau matifi\u00e9e et liss\u00e9e.<\/p>\n<p>Le pH de GLYCO-A MEDIUM Peeling est de 3 pour un parfait \u00e9quilibre entre tol\u00e9rance de la peau et efficacit\u00e9 du soin.<\/p>\n<h3><strong>Le saviez-vous ?<\/strong><\/h3>\n<p>Plus le pH est acide, plus le peeling est efficace !<br \/>Lorsqu\u2019un peeling est appliqu\u00e9 sur la peau, l\u2019action de l\u2019acide glycolique ne dure que 30 minutes environ.<\/p>\n<p>Exc\u00e8s de s\u00e9bum. Premiers signes de l\u2019\u00e2ge. Imperfections.<\/p>\n<h3>\u0643\u064a\u0641\u064a\u0629 \u0627\u0633\u062a\u062e\u062f\u0627\u0645\u0647\u061f<\/h3>\n<p>Le soir uniquement, 2 \u00e0 3 fois par semaine et apr\u00e8s un nettoyage soign\u00e9, appliquer une fine couche sur l\u2019ensemble du visage et masser d\u00e9licatement jusqu\u2019\u00e0 p\u00e9n\u00e9tration compl\u00e8te du produit.<\/p>\n<div class=\"sp_details--tab-content accordion_item--content\">\n<div class=\"accordion_item--content-inner rich-text\">\n<div class=\"sp_details--content\">\n<p>V\u00e9ritable soin qui agit pendant la nuit, la cr\u00e8me de nuit GLYCO-A MEDIUM Peeling ne n\u00e9cessite pas de rin\u00e7age. Toutefois, si la peau manque de confort, nous vous recommandons de conserver votre peeling sur la peau pour une dur\u00e9e minimum de 30 minutes afin de b\u00e9n\u00e9ficier de toute l\u2019efficacit\u00e9 des AHA.<\/p>\n<p>L\u2019action des AHA sur la peau peut provoquer quelques petits picotements. Il s\u2019agit d\u2019une r\u00e9action normale qui ne dure jamais tr\u00e8s longtemps, quelques minutes seulement. Si ces picotement persistent au-del\u00e0 d\u2019une dizaine de minutes, adapter la concentration \u00e0 votre sensibilit\u00e9.<\/p>\n<h3><strong>\u062a\u0645 \u0627\u062e\u062a\u0628\u0627\u0631\u0647 \u0645\u0646 \u0642\u0628\u0644 \u0623\u0637\u0628\u0627\u0621 \u0627\u0644\u062c\u0644\u062f\u064a\u0629<\/strong><\/h3>\n<p>\u00c9viter le contour des yeux. En cas de contact, rincer abondamment avec de l\u2019eau clair.<\/p>\n<p>\u2022 L\u2019application d\u2019une haute protection solaire est indispensable pendant la dur\u00e9e traitement et jusqu\u2019\u00e0 une semaine apr\u00e8s son interruption.<br \/>\u2022 \u00c9viter l\u2019application de peeling superficiel pendant la p\u00e9riode estivale.<br \/>\u2022 Ne pas appliquer sur les peaux sensibles ou sensibilis\u00e9es. Eviter de cumuler les exfoliations (chimiques et m\u00e9caniques).<br \/>\u2022 Ne pas appliquer de peeling dans les 72h suivant une \u00e9pilation.<br \/>\u2022 24 heures avant la toute premi\u00e8re application faites un test d\u2019allergie avec votre peeling au niveau du pli du coude.<br \/>\u2022 Ne pas utiliser si vous \u00eates enceinte. Ne pas appliquer chez les enfants de moins de 12 ans.<br \/>\u2022 Certains traitements m\u00e9dicamenteux ne sont pas compatibles avec le peeling. Demander l\u2019avis \u00e0 votre m\u00e9decin.<\/p>\n<\/div>\n<\/div>\n<\/div>","protected":false},"excerpt":{"rendered":"<p>Isispharma Glyco-a Medium Peeling 30ml La cr\u00e8me de nuit GLYCO-A\u00ae MEDIUM Peeling offre \u00e0 tous l\u2019efficacit\u00e9 d\u2019un peeling chez soi, avec une concentration d\u2019acide glycolique optimale de 12%, pour un teint plus lumineux et une peau matifi\u00e9e et liss\u00e9e. Le pH de GLYCO-A MEDIUM Peeling est de 3 pour un parfait \u00e9quilibre entre tol\u00e9rance de [&hellip;]<\/p>\n","protected":false},"featured_media":19406,"template":"","meta":{"om_disable_all_campaigns":false},"product_brand":[5496],"product_cat":[15],"product_tag":[5502,5487,5497,5499,3469,5498,5501,5500,5503],"class_list":{"0":"post-19407","1":"product","2":"type-product","3":"status-publish","4":"has-post-thumbnail","6":"product_brand-isispharma-maroc-prix","7":"product_cat-beaute-sante-complements-alimentaires-soins-et-bien-etre-au-meilleur-prix","8":"product_tag-anti-rougeurs-maroc","9":"product_tag-isispharma-maroc","10":"product_tag-isispharma-produits-maroc","11":"product_tag-neotone-maroc","12":"product_tag-peau-sensible-maroc","13":"product_tag-ruboril-maroc","14":"product_tag-soin-dermatologique-maroc","15":"product_tag-teen-derm-maroc","16":"product_tag-traitement-taches-maroc","18":"first","19":"instock","20":"sale","21":"taxable","22":"shipping-taxable","23":"purchasable","24":"product-type-simple"},"yoast_head":"<!-- This site is optimized with the Yoast SEO plugin v27.4 - https:\/\/yoast.com\/product\/yoast-seo-wordpress\/ -->\n<title>Isispharma Glyco-a Medium Peeling 30ml - Maroc Prix<\/title>\n<meta name=\"description\" content=\"Isispharma Glyco-a Medium Peeling 30ml\" \/>\n<meta name=\"robots\" content=\"index, follow, max-snippet:-1, max-image-preview:large, max-video-preview:-1\" \/>\n<link rel=\"canonical\" href=\"https:\/\/vitablanca.ma\/ar\/product-2\/isispharma-glyco-a-medium-peeling-30ml\/\" \/>\n<meta property=\"og:locale\" content=\"ar_AR\" \/>\n<meta property=\"og:type\" content=\"article\" \/>\n<meta property=\"og:title\" content=\"Isispharma Glyco-a Medium Peeling 30ml - Maroc Prix\" \/>\n<meta property=\"og:description\" content=\"Isispharma Glyco-a Medium Peeling 30ml\" \/>\n<meta property=\"og:url\" content=\"https:\/\/vitablanca.ma\/ar\/product-2\/isispharma-glyco-a-medium-peeling-30ml\/\" \/>\n<meta property=\"og:site_name\" content=\"Vitablanca.ma &ndash; Sant&eacute;, vitalit&eacute; et bien-&ecirc;tre pour tous les Marocains\" \/>\n<meta property=\"article:publisher\" content=\"https:\/\/www.facebook.com\/profile.php?id=61576678196717\" \/>\n<meta property=\"article:modified_time\" content=\"2025-12-24T16:33:19+00:00\" \/>\n<meta property=\"og:image\" content=\"https:\/\/vitablanca.ma\/wp-content\/uploads\/2025\/06\/Isispharma-Glyco-a-Medium-Peeling-30ml-prix-maroc-parapharmacie-casablanca.jpg\" \/>\n\t<meta property=\"og:image:width\" content=\"1000\" \/>\n\t<meta property=\"og:image:height\" content=\"1000\" \/>\n\t<meta property=\"og:image:type\" content=\"image\/jpeg\" \/>\n<meta name=\"twitter:card\" content=\"summary_large_image\" \/>\n<meta name=\"twitter:label1\" content=\"\u0648\u0642\u062a \u0627\u0644\u0642\u0631\u0627\u0621\u0629 \u0627\u0644\u0645\u064f\u0642\u062f\u0651\u0631\" \/>\n\t<meta name=\"twitter:data1\" content=\"\u062f\u0642\u064a\u0642\u062a\u0627\u0646\" \/>\n<script type=\"application\/ld+json\" class=\"yoast-schema-graph\">{\"@context\":\"https:\\\/\\\/schema.org\",\"@graph\":[{\"@type\":[\"WebPage\",\"ItemPage\"],\"@id\":\"https:\\\/\\\/vitablanca.ma\\\/produit\\\/isispharma-glyco-a-medium-peeling-30ml\\\/\",\"url\":\"https:\\\/\\\/vitablanca.ma\\\/produit\\\/isispharma-glyco-a-medium-peeling-30ml\\\/\",\"name\":\"Isispharma Glyco-a Medium Peeling 30ml - Maroc Prix\",\"isPartOf\":{\"@id\":\"https:\\\/\\\/vitablanca.ma\\\/#website\"},\"primaryImageOfPage\":{\"@id\":\"https:\\\/\\\/vitablanca.ma\\\/produit\\\/isispharma-glyco-a-medium-peeling-30ml\\\/#primaryimage\"},\"image\":{\"@id\":\"https:\\\/\\\/vitablanca.ma\\\/produit\\\/isispharma-glyco-a-medium-peeling-30ml\\\/#primaryimage\"},\"thumbnailUrl\":\"https:\\\/\\\/vitablanca.ma\\\/wp-content\\\/uploads\\\/2025\\\/06\\\/Isispharma-Glyco-a-Medium-Peeling-30ml-prix-maroc-parapharmacie-casablanca.jpg\",\"datePublished\":\"2025-06-10T17:57:42+00:00\",\"dateModified\":\"2025-12-24T16:33:19+00:00\",\"description\":\"Isispharma Glyco-a Medium Peeling 30ml\",\"breadcrumb\":{\"@id\":\"https:\\\/\\\/vitablanca.ma\\\/produit\\\/isispharma-glyco-a-medium-peeling-30ml\\\/#breadcrumb\"},\"inLanguage\":\"ar\",\"potentialAction\":[{\"@type\":\"ReadAction\",\"target\":[\"https:\\\/\\\/vitablanca.ma\\\/produit\\\/isispharma-glyco-a-medium-peeling-30ml\\\/\"]}]},{\"@type\":\"ImageObject\",\"inLanguage\":\"ar\",\"@id\":\"https:\\\/\\\/vitablanca.ma\\\/produit\\\/isispharma-glyco-a-medium-peeling-30ml\\\/#primaryimage\",\"url\":\"https:\\\/\\\/vitablanca.ma\\\/wp-content\\\/uploads\\\/2025\\\/06\\\/Isispharma-Glyco-a-Medium-Peeling-30ml-prix-maroc-parapharmacie-casablanca.jpg\",\"contentUrl\":\"https:\\\/\\\/vitablanca.ma\\\/wp-content\\\/uploads\\\/2025\\\/06\\\/Isispharma-Glyco-a-Medium-Peeling-30ml-prix-maroc-parapharmacie-casablanca.jpg\",\"width\":1000,\"height\":1000},{\"@type\":\"BreadcrumbList\",\"@id\":\"https:\\\/\\\/vitablanca.ma\\\/produit\\\/isispharma-glyco-a-medium-peeling-30ml\\\/#breadcrumb\",\"itemListElement\":[{\"@type\":\"ListItem\",\"position\":1,\"name\":\"Home\",\"item\":\"https:\\\/\\\/vitablanca.ma\\\/\"},{\"@type\":\"ListItem\",\"position\":2,\"name\":\"Tous Les Produits\",\"item\":\"https:\\\/\\\/vitablanca.ma\\\/tous-les-produits\\\/\"},{\"@type\":\"ListItem\",\"position\":3,\"name\":\"Isispharma Glyco-a Medium Peeling 30ml\"}]},{\"@type\":\"WebSite\",\"@id\":\"https:\\\/\\\/vitablanca.ma\\\/#website\",\"url\":\"https:\\\/\\\/vitablanca.ma\\\/\",\"name\":\"VitaBlanca.ma | Compl\u00e9ments alimentaires, sant\u00e9 & beaut\u00e9 au Maroc\",\"description\":\"vendre vitamines et compl\u00e9ments premium des USA &amp; Canada, Nouvelle Z\u00e9lande,Maroc (NOW Foods, Solgar, Manuka). Livraison rapide partout au Maroc.\",\"publisher\":{\"@id\":\"https:\\\/\\\/vitablanca.ma\\\/#organization\"},\"alternateName\":\"VitaBlanca.ma\",\"potentialAction\":[{\"@type\":\"SearchAction\",\"target\":{\"@type\":\"EntryPoint\",\"urlTemplate\":\"https:\\\/\\\/vitablanca.ma\\\/?s={search_term_string}\"},\"query-input\":{\"@type\":\"PropertyValueSpecification\",\"valueRequired\":true,\"valueName\":\"search_term_string\"}}],\"inLanguage\":\"ar\"},{\"@type\":\"Organization\",\"@id\":\"https:\\\/\\\/vitablanca.ma\\\/#organization\",\"name\":\"VitaBlanca\",\"url\":\"https:\\\/\\\/vitablanca.ma\\\/\",\"logo\":{\"@type\":\"ImageObject\",\"inLanguage\":\"ar\",\"@id\":\"https:\\\/\\\/vitablanca.ma\\\/#\\\/schema\\\/logo\\\/image\\\/\",\"url\":\"https:\\\/\\\/vitablanca.ma\\\/wp-content\\\/uploads\\\/2025\\\/05\\\/cropped-vitablanca.png\",\"contentUrl\":\"https:\\\/\\\/vitablanca.ma\\\/wp-content\\\/uploads\\\/2025\\\/05\\\/cropped-vitablanca.png\",\"width\":360,\"height\":67,\"caption\":\"VitaBlanca\"},\"image\":{\"@id\":\"https:\\\/\\\/vitablanca.ma\\\/#\\\/schema\\\/logo\\\/image\\\/\"},\"sameAs\":[\"https:\\\/\\\/www.facebook.com\\\/profile.php?id=61576678196717\",\"https:\\\/\\\/www.tiktok.com\\\/@vitablanca.ma\",\"https:\\\/\\\/www.instagram.com\\\/vitablanca.ma\\\/\"]}]}<\/script>\n<!-- \/ Yoast SEO plugin. -->","yoast_head_json":{"title":"Isispharma Glyco-a Medium Peeling 30ml - Maroc Prix","description":"\u0625\u064a\u0632\u064a\u0633 \u0641\u0627\u0631\u0645\u0627 \u062c\u0644\u064a\u0643\u0648-\u0623 \u0644\u0644\u062a\u0642\u0634\u064a\u0631 \u0627\u0644\u0645\u062a\u0648\u0633\u0637 30 \u0645\u0644","robots":{"index":"index","follow":"follow","max-snippet":"max-snippet:-1","max-image-preview":"max-image-preview:large","max-video-preview":"max-video-preview:-1"},"canonical":"https:\/\/vitablanca.ma\/ar\/product-2\/isispharma-glyco-a-medium-peeling-30ml\/","og_locale":"ar_AR","og_type":"article","og_title":"Isispharma Glyco-a Medium Peeling 30ml - Maroc Prix","og_description":"Isispharma Glyco-a Medium Peeling 30ml","og_url":"https:\/\/vitablanca.ma\/ar\/product-2\/isispharma-glyco-a-medium-peeling-30ml\/","og_site_name":"Vitablanca.ma &ndash; Sant&eacute;, vitalit&eacute; et bien-&ecirc;tre pour tous les Marocains","article_publisher":"https:\/\/www.facebook.com\/profile.php?id=61576678196717","article_modified_time":"2025-12-24T16:33:19+00:00","og_image":[{"width":1000,"height":1000,"url":"https:\/\/vitablanca.ma\/wp-content\/uploads\/2025\/06\/Isispharma-Glyco-a-Medium-Peeling-30ml-prix-maroc-parapharmacie-casablanca.jpg","type":"image\/jpeg"}],"twitter_card":"summary_large_image","twitter_misc":{"\u0648\u0642\u062a \u0627\u0644\u0642\u0631\u0627\u0621\u0629 \u0627\u0644\u0645\u064f\u0642\u062f\u0651\u0631":"\u062f\u0642\u064a\u0642\u062a\u0627\u0646"},"schema":{"@context":"https:\/\/schema.org","@graph":[{"@type":["WebPage","ItemPage"],"@id":"https:\/\/vitablanca.ma\/produit\/isispharma-glyco-a-medium-peeling-30ml\/","url":"https:\/\/vitablanca.ma\/produit\/isispharma-glyco-a-medium-peeling-30ml\/","name":"Isispharma Glyco-a Medium Peeling 30ml - Maroc Prix","isPartOf":{"@id":"https:\/\/vitablanca.ma\/#website"},"primaryImageOfPage":{"@id":"https:\/\/vitablanca.ma\/produit\/isispharma-glyco-a-medium-peeling-30ml\/#primaryimage"},"image":{"@id":"https:\/\/vitablanca.ma\/produit\/isispharma-glyco-a-medium-peeling-30ml\/#primaryimage"},"thumbnailUrl":"https:\/\/vitablanca.ma\/wp-content\/uploads\/2025\/06\/Isispharma-Glyco-a-Medium-Peeling-30ml-prix-maroc-parapharmacie-casablanca.jpg","datePublished":"2025-06-10T17:57:42+00:00","dateModified":"2025-12-24T16:33:19+00:00","description":"\u0625\u064a\u0632\u064a\u0633 \u0641\u0627\u0631\u0645\u0627 \u062c\u0644\u064a\u0643\u0648-\u0623 \u0644\u0644\u062a\u0642\u0634\u064a\u0631 \u0627\u0644\u0645\u062a\u0648\u0633\u0637 30 \u0645\u0644","breadcrumb":{"@id":"https:\/\/vitablanca.ma\/produit\/isispharma-glyco-a-medium-peeling-30ml\/#breadcrumb"},"inLanguage":"ar","potentialAction":[{"@type":"ReadAction","target":["https:\/\/vitablanca.ma\/produit\/isispharma-glyco-a-medium-peeling-30ml\/"]}]},{"@type":"ImageObject","inLanguage":"ar","@id":"https:\/\/vitablanca.ma\/produit\/isispharma-glyco-a-medium-peeling-30ml\/#primaryimage","url":"https:\/\/vitablanca.ma\/wp-content\/uploads\/2025\/06\/Isispharma-Glyco-a-Medium-Peeling-30ml-prix-maroc-parapharmacie-casablanca.jpg","contentUrl":"https:\/\/vitablanca.ma\/wp-content\/uploads\/2025\/06\/Isispharma-Glyco-a-Medium-Peeling-30ml-prix-maroc-parapharmacie-casablanca.jpg","width":1000,"height":1000},{"@type":"BreadcrumbList","@id":"https:\/\/vitablanca.ma\/produit\/isispharma-glyco-a-medium-peeling-30ml\/#breadcrumb","itemListElement":[{"@type":"ListItem","position":1,"name":"Home","item":"https:\/\/vitablanca.ma\/"},{"@type":"ListItem","position":2,"name":"Tous Les Produits","item":"https:\/\/vitablanca.ma\/tous-les-produits\/"},{"@type":"ListItem","position":3,"name":"Isispharma Glyco-a Medium Peeling 30ml"}]},{"@type":"WebSite","@id":"https:\/\/vitablanca.ma\/#website","url":"https:\/\/vitablanca.ma\/","name":"VitaBlanca.ma | \u0627\u0644\u0645\u0643\u0645\u0644\u0627\u062a \u0627\u0644\u063a\u0630\u0627\u0626\u064a\u0629\u060c \u0627\u0644\u0635\u062d\u0629 \u0648\u0627\u0644\u062c\u0645\u0627\u0644 \u0641\u064a \u0627\u0644\u0645\u063a\u0631\u0628","description":"\u0646\u0628\u064a\u0639 \u0641\u064a\u062a\u0627\u0645\u064a\u0646\u0627\u062a \u0648\u0645\u0643\u0645\u0644\u0627\u062a \u063a\u0630\u0627\u0626\u064a\u0629 \u0641\u0627\u062e\u0631\u0629 \u0645\u0646 \u0627\u0644\u0648\u0644\u0627\u064a\u0627\u062a \u0627\u0644\u0645\u062a\u062d\u062f\u0629 \u0627\u0644\u0623\u0645\u0631\u064a\u0643\u064a\u0629 \u0648\u0643\u0646\u062f\u0627 \u0648\u0646\u064a\u0648\u0632\u064a\u0644\u0646\u062f\u0627 \u0648\u0627\u0644\u0645\u063a\u0631\u0628 (\u0646\u0627\u0648 \u0641\u0648\u062f\u0632\u060c \u0633\u0648\u0644\u062c\u0627\u0631\u060c \u0645\u0627\u0646\u0648\u0643\u0627). \u062a\u0648\u0635\u064a\u0644 \u0633\u0631\u064a\u0639 \u0625\u0644\u0649 \u062c\u0645\u064a\u0639 \u0623\u0646\u062d\u0627\u0621 \u0627\u0644\u0645\u063a\u0631\u0628.","publisher":{"@id":"https:\/\/vitablanca.ma\/#organization"},"alternateName":"VitaBlanca.ma","potentialAction":[{"@type":"SearchAction","target":{"@type":"EntryPoint","urlTemplate":"https:\/\/vitablanca.ma\/?s={search_term_string}"},"query-input":{"@type":"PropertyValueSpecification","valueRequired":true,"valueName":"search_term_string"}}],"inLanguage":"ar"},{"@type":"Organization","@id":"https:\/\/vitablanca.ma\/#organization","name":"\u0641\u064a\u062a\u0627\u0628\u0644\u0627\u0646\u0643\u0627","url":"https:\/\/vitablanca.ma\/","logo":{"@type":"ImageObject","inLanguage":"ar","@id":"https:\/\/vitablanca.ma\/#\/schema\/logo\/image\/","url":"https:\/\/vitablanca.ma\/wp-content\/uploads\/2025\/05\/cropped-vitablanca.png","contentUrl":"https:\/\/vitablanca.ma\/wp-content\/uploads\/2025\/05\/cropped-vitablanca.png","width":360,"height":67,"caption":"VitaBlanca"},"image":{"@id":"https:\/\/vitablanca.ma\/#\/schema\/logo\/image\/"},"sameAs":["https:\/\/www.facebook.com\/profile.php?id=61576678196717","https:\/\/www.tiktok.com\/@vitablanca.ma","https:\/\/www.instagram.com\/vitablanca.ma\/"]}]}},"jetpack_sharing_enabled":true,"_links":{"self":[{"href":"https:\/\/vitablanca.ma\/ar\/wp-json\/wp\/v2\/product\/19407","targetHints":{"allow":["GET"]}}],"collection":[{"href":"https:\/\/vitablanca.ma\/ar\/wp-json\/wp\/v2\/product"}],"about":[{"href":"https:\/\/vitablanca.ma\/ar\/wp-json\/wp\/v2\/types\/product"}],"wp:featuredmedia":[{"embeddable":true,"href":"https:\/\/vitablanca.ma\/ar\/wp-json\/wp\/v2\/media\/19406"}],"wp:attachment":[{"href":"https:\/\/vitablanca.ma\/ar\/wp-json\/wp\/v2\/media?parent=19407"}],"wp:term":[{"taxonomy":"product_brand","embeddable":true,"href":"https:\/\/vitablanca.ma\/ar\/wp-json\/wp\/v2\/product_brand?post=19407"},{"taxonomy":"product_cat","embeddable":true,"href":"https:\/\/vitablanca.ma\/ar\/wp-json\/wp\/v2\/product_cat?post=19407"},{"taxonomy":"product_tag","embeddable":true,"href":"https:\/\/vitablanca.ma\/ar\/wp-json\/wp\/v2\/product_tag?post=19407"}],"curies":[{"name":"wp","href":"https:\/\/api.w.org\/{rel}","templated":true}]}}