{"id":19405,"date":"2025-06-10T17:57:39","date_gmt":"2025-06-10T17:57:39","guid":{"rendered":"https:\/\/vitablanca.ma\/product\/gum-brosse-a-dent-duo-super-tip-463\/"},"modified":"2025-06-10T17:57:39","modified_gmt":"2025-06-10T17:57:39","slug":"gum-brosse-a-dent-duo-super-tip-463","status":"publish","type":"product","link":"https:\/\/vitablanca.ma\/ar\/product-2\/gum-brosse-a-dent-duo-super-tip-463\/","title":{"rendered":"\u0641\u0631\u0634\u0627\u0629 \u0623\u0633\u0646\u0627\u0646 \u063a\u0627\u0645 \u062f\u064a\u0648 \u0633\u0648\u0628\u0631 \u062a\u064a\u0628 463"},"content":{"rendered":"<h1 class=\"text-2xl md:text-3xl md:leading-[42px] pr-2\" data-mce-fragment=\"1\">Gum Dentifrice BIO Soin quotidien 75ml<\/h1>\n<p>Ses brins situ\u00e9s \u00e0 l\u2019extr\u00e9mit\u00e9 de la t\u00eate ont \u00e9t\u00e9 sp\u00e9cialement con\u00e7us avec une longueur permettant d\u2019atteindre les zones difficiles d\u2019acc\u00e8s, comme les espaces interdentaires ou encore les troisi\u00e8mes molaires (dents de sagesse). Compte tenu de leur emplacement, ces espaces sont plus sujets au d\u00e9veloppement de la plaque dentaire. Il convient donc de bien les nettoyer pour emp\u00eacher les inflammations ou les infections parodontales.<\/p>\n<p>Les\u00a0brins centraux, quant \u00e0 eux, gr\u00e2ce \u00e0 leur l\u00e9g\u00e8re sur\u00e9l\u00e9vation, suivent d\u00e9licatement la fronti\u00e8re entre les dents et la gencive afin d\u2019\u00e9liminer les r\u00e9sidus alimentaires sans irriter la gencive.<\/p>\n<h3>Conseils d&rsquo;utilisation :<\/h3>\n<p><span>Utilisez la brosse \u00e0 dents Gum Duo Super Tip 463 au moins deux fois par jour, en effectuant des mouvements doux et circulaires le long de la ligne des gencives et sur toutes les surfaces des dents. Brossez-vous les dents pendant au moins deux minutes \u00e0 chaque utilisation. Renouvelez la brosse \u00e0 dents tous les 3 mois ou d\u00e8s que les poils sont us\u00e9s pour garantir un nettoyage efficace.<\/span><\/p>\n","protected":false},"excerpt":{"rendered":"<p>Gum Dentifrice BIO Soin quotidien 75ml Ses brins situ\u00e9s \u00e0 l\u2019extr\u00e9mit\u00e9 de la t\u00eate ont \u00e9t\u00e9 sp\u00e9cialement con\u00e7us avec une longueur permettant d\u2019atteindre les zones difficiles d\u2019acc\u00e8s, comme les espaces interdentaires ou encore les troisi\u00e8mes molaires (dents de sagesse). Compte tenu de leur emplacement, ces espaces sont plus sujets au d\u00e9veloppement de la plaque dentaire. [&hellip;]<\/p>\n","protected":false},"featured_media":19403,"template":"","meta":{"om_disable_all_campaigns":false},"product_brand":[],"product_cat":[15],"product_tag":[],"class_list":{"0":"post-19405","1":"product","2":"type-product","3":"status-publish","4":"has-post-thumbnail","6":"product_cat-beaute-sante-complements-alimentaires-soins-et-bien-etre-au-meilleur-prix","8":"first","9":"instock","10":"sale","11":"taxable","12":"shipping-taxable","13":"purchasable","14":"product-type-simple"},"yoast_head":"<!-- This site is optimized with the Yoast SEO plugin v27.4 - https:\/\/yoast.com\/product\/yoast-seo-wordpress\/ -->\n<title>Gum Brosse \u00e0 dent Duo Super Tip 463 - Maroc Prix<\/title>\n<meta name=\"description\" content=\"Gum Brosse \u00e0 dent Duo Super Tip 463\" \/>\n<meta name=\"robots\" content=\"index, follow, max-snippet:-1, max-image-preview:large, max-video-preview:-1\" \/>\n<link rel=\"canonical\" href=\"https:\/\/vitablanca.ma\/ar\/product-2\/gum-brosse-a-dent-duo-super-tip-463\/\" \/>\n<meta property=\"og:locale\" content=\"ar_AR\" \/>\n<meta property=\"og:type\" content=\"article\" \/>\n<meta property=\"og:title\" content=\"Gum Brosse \u00e0 dent Duo Super Tip 463 - Maroc Prix\" \/>\n<meta property=\"og:description\" content=\"Gum Brosse \u00e0 dent Duo Super Tip 463\" \/>\n<meta property=\"og:url\" content=\"https:\/\/vitablanca.ma\/ar\/product-2\/gum-brosse-a-dent-duo-super-tip-463\/\" \/>\n<meta property=\"og:site_name\" content=\"Vitablanca.ma &ndash; Sant&eacute;, vitalit&eacute; et bien-&ecirc;tre pour tous les Marocains\" \/>\n<meta property=\"article:publisher\" content=\"https:\/\/www.facebook.com\/profile.php?id=61576678196717\" \/>\n<meta property=\"og:image\" content=\"https:\/\/vitablanca.ma\/wp-content\/uploads\/2025\/06\/BAD-Supertip-463.jpg\" \/>\n\t<meta property=\"og:image:width\" content=\"1000\" \/>\n\t<meta property=\"og:image:height\" content=\"1000\" \/>\n\t<meta property=\"og:image:type\" content=\"image\/jpeg\" \/>\n<meta name=\"twitter:card\" content=\"summary_large_image\" \/>\n<meta name=\"twitter:label1\" content=\"\u0648\u0642\u062a \u0627\u0644\u0642\u0631\u0627\u0621\u0629 \u0627\u0644\u0645\u064f\u0642\u062f\u0651\u0631\" \/>\n\t<meta name=\"twitter:data1\" content=\"\u062f\u0642\u064a\u0642\u0629 \u0648\u0627\u062d\u062f\u0629\" \/>\n<script type=\"application\/ld+json\" class=\"yoast-schema-graph\">{\"@context\":\"https:\\\/\\\/schema.org\",\"@graph\":[{\"@type\":[\"WebPage\",\"ItemPage\"],\"@id\":\"https:\\\/\\\/vitablanca.ma\\\/produit\\\/gum-brosse-a-dent-duo-super-tip-463\\\/\",\"url\":\"https:\\\/\\\/vitablanca.ma\\\/produit\\\/gum-brosse-a-dent-duo-super-tip-463\\\/\",\"name\":\"Gum Brosse \u00e0 dent Duo Super Tip 463 - Maroc Prix\",\"isPartOf\":{\"@id\":\"https:\\\/\\\/vitablanca.ma\\\/#website\"},\"primaryImageOfPage\":{\"@id\":\"https:\\\/\\\/vitablanca.ma\\\/produit\\\/gum-brosse-a-dent-duo-super-tip-463\\\/#primaryimage\"},\"image\":{\"@id\":\"https:\\\/\\\/vitablanca.ma\\\/produit\\\/gum-brosse-a-dent-duo-super-tip-463\\\/#primaryimage\"},\"thumbnailUrl\":\"https:\\\/\\\/vitablanca.ma\\\/wp-content\\\/uploads\\\/2025\\\/06\\\/BAD-Supertip-463.jpg\",\"datePublished\":\"2025-06-10T17:57:39+00:00\",\"description\":\"Gum Brosse \u00e0 dent Duo Super Tip 463\",\"breadcrumb\":{\"@id\":\"https:\\\/\\\/vitablanca.ma\\\/produit\\\/gum-brosse-a-dent-duo-super-tip-463\\\/#breadcrumb\"},\"inLanguage\":\"ar\",\"potentialAction\":[{\"@type\":\"ReadAction\",\"target\":[\"https:\\\/\\\/vitablanca.ma\\\/produit\\\/gum-brosse-a-dent-duo-super-tip-463\\\/\"]}]},{\"@type\":\"ImageObject\",\"inLanguage\":\"ar\",\"@id\":\"https:\\\/\\\/vitablanca.ma\\\/produit\\\/gum-brosse-a-dent-duo-super-tip-463\\\/#primaryimage\",\"url\":\"https:\\\/\\\/vitablanca.ma\\\/wp-content\\\/uploads\\\/2025\\\/06\\\/BAD-Supertip-463.jpg\",\"contentUrl\":\"https:\\\/\\\/vitablanca.ma\\\/wp-content\\\/uploads\\\/2025\\\/06\\\/BAD-Supertip-463.jpg\",\"width\":1000,\"height\":1000},{\"@type\":\"BreadcrumbList\",\"@id\":\"https:\\\/\\\/vitablanca.ma\\\/produit\\\/gum-brosse-a-dent-duo-super-tip-463\\\/#breadcrumb\",\"itemListElement\":[{\"@type\":\"ListItem\",\"position\":1,\"name\":\"Home\",\"item\":\"https:\\\/\\\/vitablanca.ma\\\/\"},{\"@type\":\"ListItem\",\"position\":2,\"name\":\"Tous Les Produits\",\"item\":\"https:\\\/\\\/vitablanca.ma\\\/tous-les-produits\\\/\"},{\"@type\":\"ListItem\",\"position\":3,\"name\":\"Gum Brosse \u00e0 dent Duo Super Tip 463\"}]},{\"@type\":\"WebSite\",\"@id\":\"https:\\\/\\\/vitablanca.ma\\\/#website\",\"url\":\"https:\\\/\\\/vitablanca.ma\\\/\",\"name\":\"VitaBlanca.ma | Compl\u00e9ments alimentaires, sant\u00e9 & beaut\u00e9 au Maroc\",\"description\":\"vendre vitamines et compl\u00e9ments premium des USA &amp; Canada, Nouvelle Z\u00e9lande,Maroc (NOW Foods, Solgar, Manuka). Livraison rapide partout au Maroc.\",\"publisher\":{\"@id\":\"https:\\\/\\\/vitablanca.ma\\\/#organization\"},\"alternateName\":\"VitaBlanca.ma\",\"potentialAction\":[{\"@type\":\"SearchAction\",\"target\":{\"@type\":\"EntryPoint\",\"urlTemplate\":\"https:\\\/\\\/vitablanca.ma\\\/?s={search_term_string}\"},\"query-input\":{\"@type\":\"PropertyValueSpecification\",\"valueRequired\":true,\"valueName\":\"search_term_string\"}}],\"inLanguage\":\"ar\"},{\"@type\":\"Organization\",\"@id\":\"https:\\\/\\\/vitablanca.ma\\\/#organization\",\"name\":\"VitaBlanca\",\"url\":\"https:\\\/\\\/vitablanca.ma\\\/\",\"logo\":{\"@type\":\"ImageObject\",\"inLanguage\":\"ar\",\"@id\":\"https:\\\/\\\/vitablanca.ma\\\/#\\\/schema\\\/logo\\\/image\\\/\",\"url\":\"https:\\\/\\\/vitablanca.ma\\\/wp-content\\\/uploads\\\/2025\\\/05\\\/cropped-vitablanca.png\",\"contentUrl\":\"https:\\\/\\\/vitablanca.ma\\\/wp-content\\\/uploads\\\/2025\\\/05\\\/cropped-vitablanca.png\",\"width\":360,\"height\":67,\"caption\":\"VitaBlanca\"},\"image\":{\"@id\":\"https:\\\/\\\/vitablanca.ma\\\/#\\\/schema\\\/logo\\\/image\\\/\"},\"sameAs\":[\"https:\\\/\\\/www.facebook.com\\\/profile.php?id=61576678196717\",\"https:\\\/\\\/www.tiktok.com\\\/@vitablanca.ma\",\"https:\\\/\\\/www.instagram.com\\\/vitablanca.ma\\\/\"]}]}<\/script>\n<!-- \/ Yoast SEO plugin. -->","yoast_head_json":{"title":"Gum Brosse \u00e0 dent Duo Super Tip 463 - Maroc Prix","description":"\u0641\u0631\u0634\u0627\u0629 \u0623\u0633\u0646\u0627\u0646 \u063a\u0627\u0645 \u062f\u064a\u0648 \u0633\u0648\u0628\u0631 \u062a\u064a\u0628 463","robots":{"index":"index","follow":"follow","max-snippet":"max-snippet:-1","max-image-preview":"max-image-preview:large","max-video-preview":"max-video-preview:-1"},"canonical":"https:\/\/vitablanca.ma\/ar\/product-2\/gum-brosse-a-dent-duo-super-tip-463\/","og_locale":"ar_AR","og_type":"article","og_title":"Gum Brosse \u00e0 dent Duo Super Tip 463 - Maroc Prix","og_description":"Gum Brosse \u00e0 dent Duo Super Tip 463","og_url":"https:\/\/vitablanca.ma\/ar\/product-2\/gum-brosse-a-dent-duo-super-tip-463\/","og_site_name":"Vitablanca.ma &ndash; Sant&eacute;, vitalit&eacute; et bien-&ecirc;tre pour tous les Marocains","article_publisher":"https:\/\/www.facebook.com\/profile.php?id=61576678196717","og_image":[{"width":1000,"height":1000,"url":"https:\/\/vitablanca.ma\/wp-content\/uploads\/2025\/06\/BAD-Supertip-463.jpg","type":"image\/jpeg"}],"twitter_card":"summary_large_image","twitter_misc":{"\u0648\u0642\u062a \u0627\u0644\u0642\u0631\u0627\u0621\u0629 \u0627\u0644\u0645\u064f\u0642\u062f\u0651\u0631":"\u062f\u0642\u064a\u0642\u0629 \u0648\u0627\u062d\u062f\u0629"},"schema":{"@context":"https:\/\/schema.org","@graph":[{"@type":["WebPage","ItemPage"],"@id":"https:\/\/vitablanca.ma\/produit\/gum-brosse-a-dent-duo-super-tip-463\/","url":"https:\/\/vitablanca.ma\/produit\/gum-brosse-a-dent-duo-super-tip-463\/","name":"Gum Brosse \u00e0 dent Duo Super Tip 463 - Maroc Prix","isPartOf":{"@id":"https:\/\/vitablanca.ma\/#website"},"primaryImageOfPage":{"@id":"https:\/\/vitablanca.ma\/produit\/gum-brosse-a-dent-duo-super-tip-463\/#primaryimage"},"image":{"@id":"https:\/\/vitablanca.ma\/produit\/gum-brosse-a-dent-duo-super-tip-463\/#primaryimage"},"thumbnailUrl":"https:\/\/vitablanca.ma\/wp-content\/uploads\/2025\/06\/BAD-Supertip-463.jpg","datePublished":"2025-06-10T17:57:39+00:00","description":"\u0641\u0631\u0634\u0627\u0629 \u0623\u0633\u0646\u0627\u0646 \u063a\u0627\u0645 \u062f\u064a\u0648 \u0633\u0648\u0628\u0631 \u062a\u064a\u0628 463","breadcrumb":{"@id":"https:\/\/vitablanca.ma\/produit\/gum-brosse-a-dent-duo-super-tip-463\/#breadcrumb"},"inLanguage":"ar","potentialAction":[{"@type":"ReadAction","target":["https:\/\/vitablanca.ma\/produit\/gum-brosse-a-dent-duo-super-tip-463\/"]}]},{"@type":"ImageObject","inLanguage":"ar","@id":"https:\/\/vitablanca.ma\/produit\/gum-brosse-a-dent-duo-super-tip-463\/#primaryimage","url":"https:\/\/vitablanca.ma\/wp-content\/uploads\/2025\/06\/BAD-Supertip-463.jpg","contentUrl":"https:\/\/vitablanca.ma\/wp-content\/uploads\/2025\/06\/BAD-Supertip-463.jpg","width":1000,"height":1000},{"@type":"BreadcrumbList","@id":"https:\/\/vitablanca.ma\/produit\/gum-brosse-a-dent-duo-super-tip-463\/#breadcrumb","itemListElement":[{"@type":"ListItem","position":1,"name":"Home","item":"https:\/\/vitablanca.ma\/"},{"@type":"ListItem","position":2,"name":"Tous Les Produits","item":"https:\/\/vitablanca.ma\/tous-les-produits\/"},{"@type":"ListItem","position":3,"name":"Gum Brosse \u00e0 dent Duo Super Tip 463"}]},{"@type":"WebSite","@id":"https:\/\/vitablanca.ma\/#website","url":"https:\/\/vitablanca.ma\/","name":"VitaBlanca.ma | \u0627\u0644\u0645\u0643\u0645\u0644\u0627\u062a \u0627\u0644\u063a\u0630\u0627\u0626\u064a\u0629\u060c \u0627\u0644\u0635\u062d\u0629 \u0648\u0627\u0644\u062c\u0645\u0627\u0644 \u0641\u064a \u0627\u0644\u0645\u063a\u0631\u0628","description":"\u0646\u0628\u064a\u0639 \u0641\u064a\u062a\u0627\u0645\u064a\u0646\u0627\u062a \u0648\u0645\u0643\u0645\u0644\u0627\u062a \u063a\u0630\u0627\u0626\u064a\u0629 \u0641\u0627\u062e\u0631\u0629 \u0645\u0646 \u0627\u0644\u0648\u0644\u0627\u064a\u0627\u062a \u0627\u0644\u0645\u062a\u062d\u062f\u0629 \u0627\u0644\u0623\u0645\u0631\u064a\u0643\u064a\u0629 \u0648\u0643\u0646\u062f\u0627 \u0648\u0646\u064a\u0648\u0632\u064a\u0644\u0646\u062f\u0627 \u0648\u0627\u0644\u0645\u063a\u0631\u0628 (\u0646\u0627\u0648 \u0641\u0648\u062f\u0632\u060c \u0633\u0648\u0644\u062c\u0627\u0631\u060c \u0645\u0627\u0646\u0648\u0643\u0627). \u062a\u0648\u0635\u064a\u0644 \u0633\u0631\u064a\u0639 \u0625\u0644\u0649 \u062c\u0645\u064a\u0639 \u0623\u0646\u062d\u0627\u0621 \u0627\u0644\u0645\u063a\u0631\u0628.","publisher":{"@id":"https:\/\/vitablanca.ma\/#organization"},"alternateName":"VitaBlanca.ma","potentialAction":[{"@type":"SearchAction","target":{"@type":"EntryPoint","urlTemplate":"https:\/\/vitablanca.ma\/?s={search_term_string}"},"query-input":{"@type":"PropertyValueSpecification","valueRequired":true,"valueName":"search_term_string"}}],"inLanguage":"ar"},{"@type":"Organization","@id":"https:\/\/vitablanca.ma\/#organization","name":"\u0641\u064a\u062a\u0627\u0628\u0644\u0627\u0646\u0643\u0627","url":"https:\/\/vitablanca.ma\/","logo":{"@type":"ImageObject","inLanguage":"ar","@id":"https:\/\/vitablanca.ma\/#\/schema\/logo\/image\/","url":"https:\/\/vitablanca.ma\/wp-content\/uploads\/2025\/05\/cropped-vitablanca.png","contentUrl":"https:\/\/vitablanca.ma\/wp-content\/uploads\/2025\/05\/cropped-vitablanca.png","width":360,"height":67,"caption":"VitaBlanca"},"image":{"@id":"https:\/\/vitablanca.ma\/#\/schema\/logo\/image\/"},"sameAs":["https:\/\/www.facebook.com\/profile.php?id=61576678196717","https:\/\/www.tiktok.com\/@vitablanca.ma","https:\/\/www.instagram.com\/vitablanca.ma\/"]}]}},"jetpack_sharing_enabled":true,"_links":{"self":[{"href":"https:\/\/vitablanca.ma\/ar\/wp-json\/wp\/v2\/product\/19405","targetHints":{"allow":["GET"]}}],"collection":[{"href":"https:\/\/vitablanca.ma\/ar\/wp-json\/wp\/v2\/product"}],"about":[{"href":"https:\/\/vitablanca.ma\/ar\/wp-json\/wp\/v2\/types\/product"}],"wp:featuredmedia":[{"embeddable":true,"href":"https:\/\/vitablanca.ma\/ar\/wp-json\/wp\/v2\/media\/19403"}],"wp:attachment":[{"href":"https:\/\/vitablanca.ma\/ar\/wp-json\/wp\/v2\/media?parent=19405"}],"wp:term":[{"taxonomy":"product_brand","embeddable":true,"href":"https:\/\/vitablanca.ma\/ar\/wp-json\/wp\/v2\/product_brand?post=19405"},{"taxonomy":"product_cat","embeddable":true,"href":"https:\/\/vitablanca.ma\/ar\/wp-json\/wp\/v2\/product_cat?post=19405"},{"taxonomy":"product_tag","embeddable":true,"href":"https:\/\/vitablanca.ma\/ar\/wp-json\/wp\/v2\/product_tag?post=19405"}],"curies":[{"name":"wp","href":"https:\/\/api.w.org\/{rel}","templated":true}]}}