{"id":19396,"date":"2025-06-10T17:57:31","date_gmt":"2025-06-10T17:57:31","guid":{"rendered":"https:\/\/vitablanca.ma\/product\/klorane-beurre-de-mangue-shampooing-400-ml\/"},"modified":"2026-01-21T23:56:49","modified_gmt":"2026-01-21T23:56:49","slug":"klorane-beurre-de-mangue-shampooing-400-ml","status":"publish","type":"product","link":"https:\/\/vitablanca.ma\/ar\/product-2\/klorane-beurre-de-mangue-shampooing-400-ml\/","title":{"rendered":"\u0634\u0627\u0645\u0628\u0648 \u0643\u0644\u0648\u0631\u0627\u0646 \u0628\u0632\u0628\u062f\u0629 \u0627\u0644\u0645\u0627\u0646\u062c\u0648 | 400 \u0645\u0644"},"content":{"rendered":"<h2 class=\"h1\">KLORANE Beurre \u00a0De Mangue Shampooing Offre | 400 Ml<\/h2>\n<p>\u00a0<\/p>\n<p>Klorane &#8211; Shampoing Nutrition \u00e0 la Mangue &#8211; Cheveux secs<\/p>\n<p>Nourrit | Apporte de la brillance | Nettoie<\/p>\n<p>Flacon 400 ml<\/p>\n<p data-mce-fragment=\"1\"><span data-mce-fragment=\"1\">Ce shampooing au beurre de Mangue nourrit et gaine les cheveux secs sans les alourdir tout en prot\u00e9geant la tige capilaire. Nourris et prot\u00e9g\u00e9s du dess\u00e8chement, les cheveux retrouvent souplesse, douceur et brillance.<br \/>400\u0645\u0644.<\/span><\/p>\n<h3 data-mce-fragment=\"1\">\u0643\u0641\u0627\u0621\u0629<\/h3>\n<div class=\"tab-content\" id=\"product-composition-block-content\" data-mce-fragment=\"1\">\n<div class=\"tab-pane fade active in\" id=\"efficiency\" role=\"tabpanel\" aria-labelledby=\"home-tab\" data-mce-fragment=\"1\">\n<div class=\"panel panel-default\" data-mce-fragment=\"1\">\n<div id=\"collapse-efficiency\" class=\"panel-collapse collapse active in\" data-mce-fragment=\"1\">\n<div class=\"panel-body\" data-mce-fragment=\"1\">\n<p data-mce-fragment=\"1\">\u0623\u0643\u062b\u0631 \u0644\u064a\u0648\u0646\u0629 - 90% \u0645\u0646 \u0627\u0644\u0631\u0636\u0627*\u060c \u0623\u0643\u062b\u0631 \u0645\u0631\u0648\u0646\u0629 - 90% \u0645\u0646 \u0627\u0644\u0631\u0636\u0627*<\/p>\n<p data-mce-fragment=\"1\">*\u0627\u062e\u062a\u0628\u0627\u0631 \u0631\u0636\u0627 - \u0663\u0660 \u0634\u062e\u0635\u064b\u0627 - \u0628\u0639\u062f \u0662\u0661 \u064a\u0648\u0645\u064b\u0627 \u0645\u0646 \u0627\u0644\u0627\u0633\u062a\u062e\u062f\u0627\u0645. \u062e\u0636\u0639 \u0644\u0644\u0627\u062e\u062a\u0628\u0627\u0631 \u062a\u062d\u062a \u0625\u0634\u0631\u0627\u0641 \u0623\u0637\u0628\u0627\u0621 \u0627\u0644\u062c\u0644\u062f\u064a\u0629.<\/p>\n<p class=\"product-strip-block-title\" data-mce-fragment=\"1\"><strong data-mce-fragment=\"1\">\u0634\u0639\u0631<\/strong><br data-mce-fragment=\"1\">\u0634\u0639\u0631 \u062c\u0627\u0641.<\/p>\n<p class=\"product-strip-block-title\" data-mce-fragment=\"1\"><strong data-mce-fragment=\"1\">\u0627\u0644\u0645\u0643\u0648\u0646\u0627\u062a \u0627\u0644\u0646\u0634\u0637\u0629 \u0627\u0644\u0637\u0628\u064a\u0639\u064a\u0629<\/strong><br data-mce-fragment=\"1\">\u0632\u0628\u062f\u0629 \u0627\u0644\u0645\u0627\u0646\u062c\u0648\u060c \u0637\u0631\u064a\u0629 \u0648\u062d\u0631\u064a\u0631\u064a\u0629\u060c \u063a\u0646\u064a\u0629 \u0628\u0627\u0644\u0623\u062d\u0645\u0627\u0636 \u0627\u0644\u062f\u0647\u0646\u064a\u0629 \u0637\u0648\u064a\u0644\u0629 \u0627\u0644\u0633\u0644\u0633\u0644\u0629.<\/p>\n<p class=\"product-strip-block-title\" data-mce-fragment=\"1\"><strong data-mce-fragment=\"1\">\u0645\u0635\u0645\u0645 \u0635\u062f\u064a\u0642 \u0644\u0644\u0628\u064a\u0626\u0629<\/strong><br data-mce-fragment=\"1\">\u0632\u062c\u0627\u062c\u0629 \u0645\u0635\u0646\u0648\u0639\u0629 \u0645\u0646 \u0645\u0627\u062f\u0629 PET \u0627\u0644\u0645\u0639\u0627\u062f \u062a\u062f\u0648\u064a\u0631\u0647\u0627 \u0648\u0627\u0644\u0642\u0627\u0628\u0644\u0629 \u0644\u0625\u0639\u0627\u062f\u0629 \u0627\u0644\u062a\u062f\u0648\u064a\u0631 50%.<\/p>\n<h3 class=\"product-strip-block-title\" data-mce-fragment=\"1\">\u0637\u0631\u064a\u0642\u0629 \u0627\u0644\u0627\u0633\u062a\u062e\u062f\u0627\u0645:\u00a0<\/h3>\n<p data-mce-fragment=\"1\">\u0636\u0639\u064a\u0647 \u0639\u0644\u0649 \u0627\u0644\u0634\u0639\u0631 \u0627\u0644\u0645\u0628\u0644\u0644\u060c \u062f\u0644\u0643\u064a \u0641\u0631\u0648\u0629 \u0631\u0623\u0633\u0643 \u0644\u0628\u0636\u0639 \u062b\u0648\u0627\u0646\u064d. \u0627\u0634\u0637\u0641\u064a\u0647 \u062c\u064a\u062f\u064b\u0627. \u0644\u0644\u062d\u0635\u0648\u0644 \u0639\u0644\u0649 \u0623\u0642\u0635\u0649 \u062a\u063a\u0630\u064a\u0629\u060c \u0627\u0633\u062a\u062e\u062f\u0645\u064a \u0628\u0644\u0633\u0645 \u0623\u0648 \u0642\u0646\u0627\u0639 \u0632\u0628\u062f\u0629 \u0627\u0644\u0645\u0627\u0646\u062c\u0648.<\/p>\n<\/div>\n<\/div>\n<\/div>\n<\/div>\n<\/div>","protected":false},"excerpt":{"rendered":"<p>KLORANE Beurre \u00a0De Mangue Shampooing Offre | 400 Ml \u00a0 Klorane &#8211; Shampoing Nutrition \u00e0 la Mangue &#8211; Cheveux secs Nourrit | Apporte de la brillance | Nettoie Flacon 400 ml Ce shampooing au beurre de Mangue nourrit et gaine les cheveux secs sans les alourdir tout en prot\u00e9geant la tige capilaire. Nourris et prot\u00e9g\u00e9s [&hellip;]<\/p>\n","protected":false},"featured_media":19389,"template":"","meta":{"om_disable_all_campaigns":false},"product_brand":[6000],"product_cat":[18,15],"product_tag":[],"class_list":{"0":"post-19396","1":"product","2":"type-product","3":"status-publish","4":"has-post-thumbnail","6":"product_brand-klorane-maroc-prix","7":"product_cat-beaute-sante","8":"product_cat-beaute-sante-complements-alimentaires-soins-et-bien-etre-au-meilleur-prix","10":"first","11":"instock","12":"sale","13":"taxable","14":"shipping-taxable","15":"purchasable","16":"product-type-simple"},"yoast_head":"<!-- This site is optimized with the Yoast SEO plugin v27.4 - https:\/\/yoast.com\/product\/yoast-seo-wordpress\/ -->\n<title>KLORANE Beurre De Mangue Shampooing | 400 Ml - Maroc Prix<\/title>\n<meta name=\"description\" content=\"KLORANE Beurre De Mangue Shampooing | 400 Ml\" \/>\n<meta name=\"robots\" content=\"index, follow, max-snippet:-1, max-image-preview:large, max-video-preview:-1\" \/>\n<link rel=\"canonical\" href=\"https:\/\/vitablanca.ma\/ar\/product-2\/klorane-beurre-de-mangue-shampooing-400-ml\/\" \/>\n<meta property=\"og:locale\" content=\"ar_AR\" \/>\n<meta property=\"og:type\" content=\"article\" \/>\n<meta property=\"og:title\" content=\"KLORANE Beurre De Mangue Shampooing | 400 Ml - Maroc Prix\" \/>\n<meta property=\"og:description\" content=\"KLORANE Beurre De Mangue Shampooing | 400 Ml\" \/>\n<meta property=\"og:url\" content=\"https:\/\/vitablanca.ma\/ar\/product-2\/klorane-beurre-de-mangue-shampooing-400-ml\/\" \/>\n<meta property=\"og:site_name\" content=\"Vitablanca.ma &ndash; Sant&eacute;, vitalit&eacute; et bien-&ecirc;tre pour tous les Marocains\" \/>\n<meta property=\"article:publisher\" content=\"https:\/\/www.facebook.com\/profile.php?id=61576678196717\" \/>\n<meta property=\"article:modified_time\" content=\"2026-01-21T23:56:49+00:00\" \/>\n<meta property=\"og:image\" content=\"https:\/\/vitablanca.ma\/wp-content\/uploads\/2025\/06\/Klorane-Shampooing-Au-Beurre-De-Mangue-400ml-nova-parapharmacie-casablanca.jpg\" \/>\n\t<meta property=\"og:image:width\" content=\"1000\" \/>\n\t<meta property=\"og:image:height\" content=\"1000\" \/>\n\t<meta property=\"og:image:type\" content=\"image\/jpeg\" \/>\n<meta name=\"twitter:card\" content=\"summary_large_image\" \/>\n<meta name=\"twitter:label1\" content=\"\u0648\u0642\u062a \u0627\u0644\u0642\u0631\u0627\u0621\u0629 \u0627\u0644\u0645\u064f\u0642\u062f\u0651\u0631\" \/>\n\t<meta name=\"twitter:data1\" content=\"\u062f\u0642\u064a\u0642\u0629 \u0648\u0627\u062d\u062f\u0629\" \/>\n<script type=\"application\/ld+json\" class=\"yoast-schema-graph\">{\"@context\":\"https:\\\/\\\/schema.org\",\"@graph\":[{\"@type\":[\"WebPage\",\"ItemPage\"],\"@id\":\"https:\\\/\\\/vitablanca.ma\\\/produit\\\/klorane-beurre-de-mangue-shampooing-400-ml\\\/\",\"url\":\"https:\\\/\\\/vitablanca.ma\\\/produit\\\/klorane-beurre-de-mangue-shampooing-400-ml\\\/\",\"name\":\"KLORANE Beurre De Mangue Shampooing | 400 Ml - Maroc Prix\",\"isPartOf\":{\"@id\":\"https:\\\/\\\/vitablanca.ma\\\/#website\"},\"primaryImageOfPage\":{\"@id\":\"https:\\\/\\\/vitablanca.ma\\\/produit\\\/klorane-beurre-de-mangue-shampooing-400-ml\\\/#primaryimage\"},\"image\":{\"@id\":\"https:\\\/\\\/vitablanca.ma\\\/produit\\\/klorane-beurre-de-mangue-shampooing-400-ml\\\/#primaryimage\"},\"thumbnailUrl\":\"https:\\\/\\\/vitablanca.ma\\\/wp-content\\\/uploads\\\/2025\\\/06\\\/Klorane-Shampooing-Au-Beurre-De-Mangue-400ml-nova-parapharmacie-casablanca.jpg\",\"datePublished\":\"2025-06-10T17:57:31+00:00\",\"dateModified\":\"2026-01-21T23:56:49+00:00\",\"description\":\"KLORANE Beurre De Mangue Shampooing | 400 Ml\",\"breadcrumb\":{\"@id\":\"https:\\\/\\\/vitablanca.ma\\\/produit\\\/klorane-beurre-de-mangue-shampooing-400-ml\\\/#breadcrumb\"},\"inLanguage\":\"ar\",\"potentialAction\":[{\"@type\":\"ReadAction\",\"target\":[\"https:\\\/\\\/vitablanca.ma\\\/produit\\\/klorane-beurre-de-mangue-shampooing-400-ml\\\/\"]}]},{\"@type\":\"ImageObject\",\"inLanguage\":\"ar\",\"@id\":\"https:\\\/\\\/vitablanca.ma\\\/produit\\\/klorane-beurre-de-mangue-shampooing-400-ml\\\/#primaryimage\",\"url\":\"https:\\\/\\\/vitablanca.ma\\\/wp-content\\\/uploads\\\/2025\\\/06\\\/Klorane-Shampooing-Au-Beurre-De-Mangue-400ml-nova-parapharmacie-casablanca.jpg\",\"contentUrl\":\"https:\\\/\\\/vitablanca.ma\\\/wp-content\\\/uploads\\\/2025\\\/06\\\/Klorane-Shampooing-Au-Beurre-De-Mangue-400ml-nova-parapharmacie-casablanca.jpg\",\"width\":1000,\"height\":1000},{\"@type\":\"BreadcrumbList\",\"@id\":\"https:\\\/\\\/vitablanca.ma\\\/produit\\\/klorane-beurre-de-mangue-shampooing-400-ml\\\/#breadcrumb\",\"itemListElement\":[{\"@type\":\"ListItem\",\"position\":1,\"name\":\"Home\",\"item\":\"https:\\\/\\\/vitablanca.ma\\\/\"},{\"@type\":\"ListItem\",\"position\":2,\"name\":\"Tous Les Produits\",\"item\":\"https:\\\/\\\/vitablanca.ma\\\/tous-les-produits\\\/\"},{\"@type\":\"ListItem\",\"position\":3,\"name\":\"KLORANE Beurre De Mangue Shampooing | 400 Ml\"}]},{\"@type\":\"WebSite\",\"@id\":\"https:\\\/\\\/vitablanca.ma\\\/#website\",\"url\":\"https:\\\/\\\/vitablanca.ma\\\/\",\"name\":\"VitaBlanca.ma | Compl\u00e9ments alimentaires, sant\u00e9 & beaut\u00e9 au Maroc\",\"description\":\"vendre vitamines et compl\u00e9ments premium des USA &amp; Canada, Nouvelle Z\u00e9lande,Maroc (NOW Foods, Solgar, Manuka). Livraison rapide partout au Maroc.\",\"publisher\":{\"@id\":\"https:\\\/\\\/vitablanca.ma\\\/#organization\"},\"alternateName\":\"VitaBlanca.ma\",\"potentialAction\":[{\"@type\":\"SearchAction\",\"target\":{\"@type\":\"EntryPoint\",\"urlTemplate\":\"https:\\\/\\\/vitablanca.ma\\\/?s={search_term_string}\"},\"query-input\":{\"@type\":\"PropertyValueSpecification\",\"valueRequired\":true,\"valueName\":\"search_term_string\"}}],\"inLanguage\":\"ar\"},{\"@type\":\"Organization\",\"@id\":\"https:\\\/\\\/vitablanca.ma\\\/#organization\",\"name\":\"VitaBlanca\",\"url\":\"https:\\\/\\\/vitablanca.ma\\\/\",\"logo\":{\"@type\":\"ImageObject\",\"inLanguage\":\"ar\",\"@id\":\"https:\\\/\\\/vitablanca.ma\\\/#\\\/schema\\\/logo\\\/image\\\/\",\"url\":\"https:\\\/\\\/vitablanca.ma\\\/wp-content\\\/uploads\\\/2025\\\/05\\\/cropped-vitablanca.png\",\"contentUrl\":\"https:\\\/\\\/vitablanca.ma\\\/wp-content\\\/uploads\\\/2025\\\/05\\\/cropped-vitablanca.png\",\"width\":360,\"height\":67,\"caption\":\"VitaBlanca\"},\"image\":{\"@id\":\"https:\\\/\\\/vitablanca.ma\\\/#\\\/schema\\\/logo\\\/image\\\/\"},\"sameAs\":[\"https:\\\/\\\/www.facebook.com\\\/profile.php?id=61576678196717\",\"https:\\\/\\\/www.tiktok.com\\\/@vitablanca.ma\",\"https:\\\/\\\/www.instagram.com\\\/vitablanca.ma\\\/\"]}]}<\/script>\n<!-- \/ Yoast SEO plugin. -->","yoast_head_json":{"title":"KLORANE Beurre De Mangue Shampooing | 400 Ml - Maroc Prix","description":"KLORANE Beurre De Mangue Shampooing | 400 Ml","robots":{"index":"index","follow":"follow","max-snippet":"max-snippet:-1","max-image-preview":"max-image-preview:large","max-video-preview":"max-video-preview:-1"},"canonical":"https:\/\/vitablanca.ma\/ar\/product-2\/klorane-beurre-de-mangue-shampooing-400-ml\/","og_locale":"ar_AR","og_type":"article","og_title":"KLORANE Beurre De Mangue Shampooing | 400 Ml - Maroc Prix","og_description":"KLORANE Beurre De Mangue Shampooing | 400 Ml","og_url":"https:\/\/vitablanca.ma\/ar\/product-2\/klorane-beurre-de-mangue-shampooing-400-ml\/","og_site_name":"Vitablanca.ma &ndash; Sant&eacute;, vitalit&eacute; et bien-&ecirc;tre pour tous les Marocains","article_publisher":"https:\/\/www.facebook.com\/profile.php?id=61576678196717","article_modified_time":"2026-01-21T23:56:49+00:00","og_image":[{"width":1000,"height":1000,"url":"https:\/\/vitablanca.ma\/wp-content\/uploads\/2025\/06\/Klorane-Shampooing-Au-Beurre-De-Mangue-400ml-nova-parapharmacie-casablanca.jpg","type":"image\/jpeg"}],"twitter_card":"summary_large_image","twitter_misc":{"\u0648\u0642\u062a \u0627\u0644\u0642\u0631\u0627\u0621\u0629 \u0627\u0644\u0645\u064f\u0642\u062f\u0651\u0631":"\u062f\u0642\u064a\u0642\u0629 \u0648\u0627\u062d\u062f\u0629"},"schema":{"@context":"https:\/\/schema.org","@graph":[{"@type":["WebPage","ItemPage"],"@id":"https:\/\/vitablanca.ma\/produit\/klorane-beurre-de-mangue-shampooing-400-ml\/","url":"https:\/\/vitablanca.ma\/produit\/klorane-beurre-de-mangue-shampooing-400-ml\/","name":"KLORANE Beurre De Mangue Shampooing | 400 Ml - Maroc Prix","isPartOf":{"@id":"https:\/\/vitablanca.ma\/#website"},"primaryImageOfPage":{"@id":"https:\/\/vitablanca.ma\/produit\/klorane-beurre-de-mangue-shampooing-400-ml\/#primaryimage"},"image":{"@id":"https:\/\/vitablanca.ma\/produit\/klorane-beurre-de-mangue-shampooing-400-ml\/#primaryimage"},"thumbnailUrl":"https:\/\/vitablanca.ma\/wp-content\/uploads\/2025\/06\/Klorane-Shampooing-Au-Beurre-De-Mangue-400ml-nova-parapharmacie-casablanca.jpg","datePublished":"2025-06-10T17:57:31+00:00","dateModified":"2026-01-21T23:56:49+00:00","description":"KLORANE Beurre De Mangue Shampooing | 400 Ml","breadcrumb":{"@id":"https:\/\/vitablanca.ma\/produit\/klorane-beurre-de-mangue-shampooing-400-ml\/#breadcrumb"},"inLanguage":"ar","potentialAction":[{"@type":"ReadAction","target":["https:\/\/vitablanca.ma\/produit\/klorane-beurre-de-mangue-shampooing-400-ml\/"]}]},{"@type":"ImageObject","inLanguage":"ar","@id":"https:\/\/vitablanca.ma\/produit\/klorane-beurre-de-mangue-shampooing-400-ml\/#primaryimage","url":"https:\/\/vitablanca.ma\/wp-content\/uploads\/2025\/06\/Klorane-Shampooing-Au-Beurre-De-Mangue-400ml-nova-parapharmacie-casablanca.jpg","contentUrl":"https:\/\/vitablanca.ma\/wp-content\/uploads\/2025\/06\/Klorane-Shampooing-Au-Beurre-De-Mangue-400ml-nova-parapharmacie-casablanca.jpg","width":1000,"height":1000},{"@type":"BreadcrumbList","@id":"https:\/\/vitablanca.ma\/produit\/klorane-beurre-de-mangue-shampooing-400-ml\/#breadcrumb","itemListElement":[{"@type":"ListItem","position":1,"name":"Home","item":"https:\/\/vitablanca.ma\/"},{"@type":"ListItem","position":2,"name":"Tous Les Produits","item":"https:\/\/vitablanca.ma\/tous-les-produits\/"},{"@type":"ListItem","position":3,"name":"KLORANE Beurre De Mangue Shampooing | 400 Ml"}]},{"@type":"WebSite","@id":"https:\/\/vitablanca.ma\/#website","url":"https:\/\/vitablanca.ma\/","name":"VitaBlanca.ma | \u0627\u0644\u0645\u0643\u0645\u0644\u0627\u062a \u0627\u0644\u063a\u0630\u0627\u0626\u064a\u0629\u060c \u0627\u0644\u0635\u062d\u0629 \u0648\u0627\u0644\u062c\u0645\u0627\u0644 \u0641\u064a \u0627\u0644\u0645\u063a\u0631\u0628","description":"\u0646\u0628\u064a\u0639 \u0641\u064a\u062a\u0627\u0645\u064a\u0646\u0627\u062a \u0648\u0645\u0643\u0645\u0644\u0627\u062a \u063a\u0630\u0627\u0626\u064a\u0629 \u0641\u0627\u062e\u0631\u0629 \u0645\u0646 \u0627\u0644\u0648\u0644\u0627\u064a\u0627\u062a \u0627\u0644\u0645\u062a\u062d\u062f\u0629 \u0627\u0644\u0623\u0645\u0631\u064a\u0643\u064a\u0629 \u0648\u0643\u0646\u062f\u0627 \u0648\u0646\u064a\u0648\u0632\u064a\u0644\u0646\u062f\u0627 \u0648\u0627\u0644\u0645\u063a\u0631\u0628 (\u0646\u0627\u0648 \u0641\u0648\u062f\u0632\u060c \u0633\u0648\u0644\u062c\u0627\u0631\u060c \u0645\u0627\u0646\u0648\u0643\u0627). \u062a\u0648\u0635\u064a\u0644 \u0633\u0631\u064a\u0639 \u0625\u0644\u0649 \u062c\u0645\u064a\u0639 \u0623\u0646\u062d\u0627\u0621 \u0627\u0644\u0645\u063a\u0631\u0628.","publisher":{"@id":"https:\/\/vitablanca.ma\/#organization"},"alternateName":"VitaBlanca.ma","potentialAction":[{"@type":"SearchAction","target":{"@type":"EntryPoint","urlTemplate":"https:\/\/vitablanca.ma\/?s={search_term_string}"},"query-input":{"@type":"PropertyValueSpecification","valueRequired":true,"valueName":"search_term_string"}}],"inLanguage":"ar"},{"@type":"Organization","@id":"https:\/\/vitablanca.ma\/#organization","name":"\u0641\u064a\u062a\u0627\u0628\u0644\u0627\u0646\u0643\u0627","url":"https:\/\/vitablanca.ma\/","logo":{"@type":"ImageObject","inLanguage":"ar","@id":"https:\/\/vitablanca.ma\/#\/schema\/logo\/image\/","url":"https:\/\/vitablanca.ma\/wp-content\/uploads\/2025\/05\/cropped-vitablanca.png","contentUrl":"https:\/\/vitablanca.ma\/wp-content\/uploads\/2025\/05\/cropped-vitablanca.png","width":360,"height":67,"caption":"VitaBlanca"},"image":{"@id":"https:\/\/vitablanca.ma\/#\/schema\/logo\/image\/"},"sameAs":["https:\/\/www.facebook.com\/profile.php?id=61576678196717","https:\/\/www.tiktok.com\/@vitablanca.ma","https:\/\/www.instagram.com\/vitablanca.ma\/"]}]}},"jetpack_sharing_enabled":true,"_links":{"self":[{"href":"https:\/\/vitablanca.ma\/ar\/wp-json\/wp\/v2\/product\/19396","targetHints":{"allow":["GET"]}}],"collection":[{"href":"https:\/\/vitablanca.ma\/ar\/wp-json\/wp\/v2\/product"}],"about":[{"href":"https:\/\/vitablanca.ma\/ar\/wp-json\/wp\/v2\/types\/product"}],"wp:featuredmedia":[{"embeddable":true,"href":"https:\/\/vitablanca.ma\/ar\/wp-json\/wp\/v2\/media\/19389"}],"wp:attachment":[{"href":"https:\/\/vitablanca.ma\/ar\/wp-json\/wp\/v2\/media?parent=19396"}],"wp:term":[{"taxonomy":"product_brand","embeddable":true,"href":"https:\/\/vitablanca.ma\/ar\/wp-json\/wp\/v2\/product_brand?post=19396"},{"taxonomy":"product_cat","embeddable":true,"href":"https:\/\/vitablanca.ma\/ar\/wp-json\/wp\/v2\/product_cat?post=19396"},{"taxonomy":"product_tag","embeddable":true,"href":"https:\/\/vitablanca.ma\/ar\/wp-json\/wp\/v2\/product_tag?post=19396"}],"curies":[{"name":"wp","href":"https:\/\/api.w.org\/{rel}","templated":true}]}}