{"id":19373,"date":"2025-06-10T17:57:12","date_gmt":"2025-06-10T17:57:12","guid":{"rendered":"https:\/\/vitablanca.ma\/product\/kin-b5-dentifrice-pate-125ml\/"},"modified":"2025-09-16T17:57:01","modified_gmt":"2025-09-16T17:57:01","slug":"kin-b5-dentifrice-pate-125ml","status":"publish","type":"product","link":"https:\/\/vitablanca.ma\/ar\/product-2\/kin-b5-dentifrice-pate-125ml\/","title":{"rendered":"\u0645\u0639\u062c\u0648\u0646 \u0623\u0633\u0646\u0627\u0646 \u0643\u064a\u0646 \u0628\u064a 5 125 \u0645\u0644"},"content":{"rendered":"<h1>\u0645\u0639\u062c\u0648\u0646 \u0623\u0633\u0646\u0627\u0646 \u0643\u064a\u0646 \u0628\u064a 5 125 \u0645\u0644<\/h1>\n<p><span>L&rsquo;accumulation de biofilm dentaire est le principal responsable des pathologies gingivales (inflammation et saignement des gencives). Il est donc tr\u00e8s important d\u2019utiliser au quotidien des produits sp\u00e9cifiques qui contr\u00f4lent la plaque dentaire et renforcent les gencives.<\/span><\/p>\n<h3><strong>\u062a\u0639\u0628\u064a\u0631 :<\/strong><\/h3>\n<p><span>Chlorure de c\u00e9tylpyridinium (CPC) : 0,05 %<\/span><br \/><span>Citrate de zinc<\/span><br \/><span>\u0628\u0631\u0648\u0641\u064a\u062a\u0627\u0645\u064a\u0646 \u06285<\/span><br \/><span>\u0641\u064a\u062a\u0627\u0645\u064a\u0646 \u06283<\/span><br \/><span>Xylitol : 10,00 %<\/span><br \/><span>Fluorure de sodium : 1 450 ppm F-<\/span><\/p>\n<h3><strong>\u062f\u0648\u0627\u0639\u064a \u0627\u0644\u0627\u0633\u062a\u0639\u0645\u0627\u0644:<\/strong><\/h3>\n<p><span>Le dentifrice KIN B5 est indiqu\u00e9 pour les soins bucco-dentaires quotidiens :<\/span><br \/><span>&#8211; Aide \u00e0 contr\u00f4ler le biofilm dentaire, protection antiplaque.<\/span><br \/><span>&#8211; Renforce et tonifie les gencives, action antioxydante et revitalisante.<\/span><br \/><span>&#8211; Pr\u00e9vient les caries et renforce l&rsquo;\u00e9mail des dents.<\/span><\/p>\n<h3><strong>\u062a\u0639\u0644\u064a\u0645\u0627\u062a \u0627\u0644\u0627\u0633\u062a\u062e\u062f\u0627\u0645:<\/strong><\/h3>\n<p><span>Brossez-vous les dents pendant 2 \u00e0 3 minutes, au moins trois fois par jour, de pr\u00e9f\u00e9rence apr\u00e8s chaque repas et avant de vous coucher.<\/span><\/p>\n<h3><strong>AVERTISSEMENTS :<\/strong><\/h3>\n<p><span>Indiqu\u00e9 pour les personnes de plus de 12 ans.<\/span><br \/><span>Ne pas manger.<\/span><br \/><span>\u062e\u0627\u0644\u064a \u0645\u0646 \u0627\u0644\u063a\u0644\u0648\u062a\u064a\u0646.<\/span><\/p>\n<p style=\"text-align: center\"><span>\u064a\u0643\u062a\u0634\u0641 <strong>Kin B5 Dentifrice Pate<\/strong>\u00a0\u060c \u0645\u0646\u062a\u062c \u062a\u0645 \u0627\u062e\u062a\u064a\u0627\u0631\u0647 \u0628\u0639\u0646\u0627\u064a\u0629 \u0644\u062a\u0644\u0628\u064a\u0629 \u0627\u062d\u062a\u064a\u0627\u062c\u0627\u062a\u0643 \u0627\u0644\u0645\u062d\u062f\u062f\u0629\u060c \u0648\u0627\u0633\u062a\u0645\u062a\u0639 \u0628\u062a\u062c\u0631\u0628\u0629 \u062a\u0633\u0648\u0642 \u0627\u0633\u062a\u062b\u0646\u0627\u0626\u064a\u0629 \u0639\u0644\u0649 \u0645\u0648\u0642\u0639\u0646\u0627\u060c\u00a0<strong>Vita Blanca Parapharmacie Maroc<\/strong><\/span><\/p>","protected":false},"excerpt":{"rendered":"<p>Kin B5 Dentifrice Pate 125ml L&rsquo;accumulation de biofilm dentaire est le principal responsable des pathologies gingivales (inflammation et saignement des gencives). Il est donc tr\u00e8s important d\u2019utiliser au quotidien des produits sp\u00e9cifiques qui contr\u00f4lent la plaque dentaire et renforcent les gencives. COMPOSITION : Chlorure de c\u00e9tylpyridinium (CPC) : 0,05 %Citrate de zincProvitamine B5Vitamine B3Xylitol : [&hellip;]<\/p>\n","protected":false},"featured_media":19372,"template":"","meta":{"om_disable_all_campaigns":false},"product_brand":[],"product_cat":[15],"product_tag":[],"class_list":{"0":"post-19373","1":"product","2":"type-product","3":"status-publish","4":"has-post-thumbnail","6":"product_cat-beaute-sante-complements-alimentaires-soins-et-bien-etre-au-meilleur-prix","8":"first","9":"instock","10":"sale","11":"taxable","12":"shipping-taxable","13":"purchasable","14":"product-type-simple"},"yoast_head":"<!-- This site is optimized with the Yoast SEO plugin v27.5 - https:\/\/yoast.com\/product\/yoast-seo-wordpress\/ -->\n<title>Kin B5 Dentifrice Pate 125ml - Maroc Prix<\/title>\n<meta name=\"description\" content=\"Kin B5 Dentifrice Pate 125ml\" \/>\n<meta name=\"robots\" content=\"index, follow, max-snippet:-1, max-image-preview:large, max-video-preview:-1\" \/>\n<link rel=\"canonical\" href=\"https:\/\/vitablanca.ma\/ar\/product-2\/kin-b5-dentifrice-pate-125ml\/\" \/>\n<meta property=\"og:locale\" content=\"ar_AR\" \/>\n<meta property=\"og:type\" content=\"article\" \/>\n<meta property=\"og:title\" content=\"Kin B5 Dentifrice Pate 125ml - Maroc Prix\" \/>\n<meta property=\"og:description\" content=\"Kin B5 Dentifrice Pate 125ml\" \/>\n<meta property=\"og:url\" content=\"https:\/\/vitablanca.ma\/ar\/product-2\/kin-b5-dentifrice-pate-125ml\/\" \/>\n<meta property=\"og:site_name\" content=\"Vitablanca.ma &ndash; Sant&eacute;, vitalit&eacute; et bien-&ecirc;tre pour tous les Marocains\" \/>\n<meta property=\"article:publisher\" content=\"https:\/\/www.facebook.com\/profile.php?id=61576678196717\" \/>\n<meta property=\"article:modified_time\" content=\"2025-09-16T17:57:01+00:00\" \/>\n<meta property=\"og:image\" content=\"https:\/\/vitablanca.ma\/wp-content\/uploads\/2025\/06\/kin-b5-dentifrice-125-ml-Nova-para-prix-Maroc.jpg\" \/>\n\t<meta property=\"og:image:width\" content=\"595\" \/>\n\t<meta property=\"og:image:height\" content=\"655\" \/>\n\t<meta property=\"og:image:type\" content=\"image\/jpeg\" \/>\n<meta name=\"twitter:card\" content=\"summary_large_image\" \/>\n<meta name=\"twitter:label1\" content=\"\u0648\u0642\u062a \u0627\u0644\u0642\u0631\u0627\u0621\u0629 \u0627\u0644\u0645\u064f\u0642\u062f\u0651\u0631\" \/>\n\t<meta name=\"twitter:data1\" content=\"\u062f\u0642\u064a\u0642\u0629 \u0648\u0627\u062d\u062f\u0629\" \/>\n<script type=\"application\/ld+json\" class=\"yoast-schema-graph\">{\"@context\":\"https:\\\/\\\/schema.org\",\"@graph\":[{\"@type\":[\"WebPage\",\"ItemPage\"],\"@id\":\"https:\\\/\\\/vitablanca.ma\\\/produit\\\/kin-b5-dentifrice-pate-125ml\\\/\",\"url\":\"https:\\\/\\\/vitablanca.ma\\\/produit\\\/kin-b5-dentifrice-pate-125ml\\\/\",\"name\":\"Kin B5 Dentifrice Pate 125ml - Maroc Prix\",\"isPartOf\":{\"@id\":\"https:\\\/\\\/vitablanca.ma\\\/#website\"},\"primaryImageOfPage\":{\"@id\":\"https:\\\/\\\/vitablanca.ma\\\/produit\\\/kin-b5-dentifrice-pate-125ml\\\/#primaryimage\"},\"image\":{\"@id\":\"https:\\\/\\\/vitablanca.ma\\\/produit\\\/kin-b5-dentifrice-pate-125ml\\\/#primaryimage\"},\"thumbnailUrl\":\"https:\\\/\\\/vitablanca.ma\\\/wp-content\\\/uploads\\\/2025\\\/06\\\/kin-b5-dentifrice-125-ml-Nova-para-prix-Maroc.jpg\",\"datePublished\":\"2025-06-10T17:57:12+00:00\",\"dateModified\":\"2025-09-16T17:57:01+00:00\",\"description\":\"Kin B5 Dentifrice Pate 125ml\",\"breadcrumb\":{\"@id\":\"https:\\\/\\\/vitablanca.ma\\\/produit\\\/kin-b5-dentifrice-pate-125ml\\\/#breadcrumb\"},\"inLanguage\":\"ar\",\"potentialAction\":[{\"@type\":\"ReadAction\",\"target\":[\"https:\\\/\\\/vitablanca.ma\\\/produit\\\/kin-b5-dentifrice-pate-125ml\\\/\"]}]},{\"@type\":\"ImageObject\",\"inLanguage\":\"ar\",\"@id\":\"https:\\\/\\\/vitablanca.ma\\\/produit\\\/kin-b5-dentifrice-pate-125ml\\\/#primaryimage\",\"url\":\"https:\\\/\\\/vitablanca.ma\\\/wp-content\\\/uploads\\\/2025\\\/06\\\/kin-b5-dentifrice-125-ml-Nova-para-prix-Maroc.jpg\",\"contentUrl\":\"https:\\\/\\\/vitablanca.ma\\\/wp-content\\\/uploads\\\/2025\\\/06\\\/kin-b5-dentifrice-125-ml-Nova-para-prix-Maroc.jpg\",\"width\":595,\"height\":655},{\"@type\":\"BreadcrumbList\",\"@id\":\"https:\\\/\\\/vitablanca.ma\\\/produit\\\/kin-b5-dentifrice-pate-125ml\\\/#breadcrumb\",\"itemListElement\":[{\"@type\":\"ListItem\",\"position\":1,\"name\":\"Home\",\"item\":\"https:\\\/\\\/vitablanca.ma\\\/\"},{\"@type\":\"ListItem\",\"position\":2,\"name\":\"Tous Les Produits\",\"item\":\"https:\\\/\\\/vitablanca.ma\\\/tous-les-produits\\\/\"},{\"@type\":\"ListItem\",\"position\":3,\"name\":\"Kin B5 Dentifrice Pate 125ml\"}]},{\"@type\":\"WebSite\",\"@id\":\"https:\\\/\\\/vitablanca.ma\\\/#website\",\"url\":\"https:\\\/\\\/vitablanca.ma\\\/\",\"name\":\"VitaBlanca.ma | Compl\u00e9ments alimentaires, sant\u00e9 & beaut\u00e9 au Maroc\",\"description\":\"vendre vitamines et compl\u00e9ments premium des USA &amp; Canada, Nouvelle Z\u00e9lande,Maroc (NOW Foods, Solgar, Manuka). Livraison rapide partout au Maroc.\",\"publisher\":{\"@id\":\"https:\\\/\\\/vitablanca.ma\\\/#organization\"},\"alternateName\":\"VitaBlanca.ma\",\"potentialAction\":[{\"@type\":\"SearchAction\",\"target\":{\"@type\":\"EntryPoint\",\"urlTemplate\":\"https:\\\/\\\/vitablanca.ma\\\/?s={search_term_string}\"},\"query-input\":{\"@type\":\"PropertyValueSpecification\",\"valueRequired\":true,\"valueName\":\"search_term_string\"}}],\"inLanguage\":\"ar\"},{\"@type\":\"Organization\",\"@id\":\"https:\\\/\\\/vitablanca.ma\\\/#organization\",\"name\":\"VitaBlanca\",\"url\":\"https:\\\/\\\/vitablanca.ma\\\/\",\"logo\":{\"@type\":\"ImageObject\",\"inLanguage\":\"ar\",\"@id\":\"https:\\\/\\\/vitablanca.ma\\\/#\\\/schema\\\/logo\\\/image\\\/\",\"url\":\"https:\\\/\\\/vitablanca.ma\\\/wp-content\\\/uploads\\\/2025\\\/05\\\/cropped-vitablanca.png\",\"contentUrl\":\"https:\\\/\\\/vitablanca.ma\\\/wp-content\\\/uploads\\\/2025\\\/05\\\/cropped-vitablanca.png\",\"width\":360,\"height\":67,\"caption\":\"VitaBlanca\"},\"image\":{\"@id\":\"https:\\\/\\\/vitablanca.ma\\\/#\\\/schema\\\/logo\\\/image\\\/\"},\"sameAs\":[\"https:\\\/\\\/www.facebook.com\\\/profile.php?id=61576678196717\",\"https:\\\/\\\/www.tiktok.com\\\/@vitablanca.ma\",\"https:\\\/\\\/www.instagram.com\\\/vitablanca.ma\\\/\"]}]}<\/script>\n<!-- \/ Yoast SEO plugin. -->","yoast_head_json":{"title":"Kin B5 Dentifrice Pate 125ml - Maroc Prix","description":"\u0645\u0639\u062c\u0648\u0646 \u0623\u0633\u0646\u0627\u0646 \u0643\u064a\u0646 \u0628\u064a 5 125 \u0645\u0644","robots":{"index":"index","follow":"follow","max-snippet":"max-snippet:-1","max-image-preview":"max-image-preview:large","max-video-preview":"max-video-preview:-1"},"canonical":"https:\/\/vitablanca.ma\/ar\/product-2\/kin-b5-dentifrice-pate-125ml\/","og_locale":"ar_AR","og_type":"article","og_title":"Kin B5 Dentifrice Pate 125ml - Maroc Prix","og_description":"Kin B5 Dentifrice Pate 125ml","og_url":"https:\/\/vitablanca.ma\/ar\/product-2\/kin-b5-dentifrice-pate-125ml\/","og_site_name":"Vitablanca.ma &ndash; Sant&eacute;, vitalit&eacute; et bien-&ecirc;tre pour tous les Marocains","article_publisher":"https:\/\/www.facebook.com\/profile.php?id=61576678196717","article_modified_time":"2025-09-16T17:57:01+00:00","og_image":[{"width":595,"height":655,"url":"https:\/\/vitablanca.ma\/wp-content\/uploads\/2025\/06\/kin-b5-dentifrice-125-ml-Nova-para-prix-Maroc.jpg","type":"image\/jpeg"}],"twitter_card":"summary_large_image","twitter_misc":{"\u0648\u0642\u062a \u0627\u0644\u0642\u0631\u0627\u0621\u0629 \u0627\u0644\u0645\u064f\u0642\u062f\u0651\u0631":"\u062f\u0642\u064a\u0642\u0629 \u0648\u0627\u062d\u062f\u0629"},"schema":{"@context":"https:\/\/schema.org","@graph":[{"@type":["WebPage","ItemPage"],"@id":"https:\/\/vitablanca.ma\/produit\/kin-b5-dentifrice-pate-125ml\/","url":"https:\/\/vitablanca.ma\/produit\/kin-b5-dentifrice-pate-125ml\/","name":"Kin B5 Dentifrice Pate 125ml - Maroc Prix","isPartOf":{"@id":"https:\/\/vitablanca.ma\/#website"},"primaryImageOfPage":{"@id":"https:\/\/vitablanca.ma\/produit\/kin-b5-dentifrice-pate-125ml\/#primaryimage"},"image":{"@id":"https:\/\/vitablanca.ma\/produit\/kin-b5-dentifrice-pate-125ml\/#primaryimage"},"thumbnailUrl":"https:\/\/vitablanca.ma\/wp-content\/uploads\/2025\/06\/kin-b5-dentifrice-125-ml-Nova-para-prix-Maroc.jpg","datePublished":"2025-06-10T17:57:12+00:00","dateModified":"2025-09-16T17:57:01+00:00","description":"\u0645\u0639\u062c\u0648\u0646 \u0623\u0633\u0646\u0627\u0646 \u0643\u064a\u0646 \u0628\u064a 5 125 \u0645\u0644","breadcrumb":{"@id":"https:\/\/vitablanca.ma\/produit\/kin-b5-dentifrice-pate-125ml\/#breadcrumb"},"inLanguage":"ar","potentialAction":[{"@type":"ReadAction","target":["https:\/\/vitablanca.ma\/produit\/kin-b5-dentifrice-pate-125ml\/"]}]},{"@type":"ImageObject","inLanguage":"ar","@id":"https:\/\/vitablanca.ma\/produit\/kin-b5-dentifrice-pate-125ml\/#primaryimage","url":"https:\/\/vitablanca.ma\/wp-content\/uploads\/2025\/06\/kin-b5-dentifrice-125-ml-Nova-para-prix-Maroc.jpg","contentUrl":"https:\/\/vitablanca.ma\/wp-content\/uploads\/2025\/06\/kin-b5-dentifrice-125-ml-Nova-para-prix-Maroc.jpg","width":595,"height":655},{"@type":"BreadcrumbList","@id":"https:\/\/vitablanca.ma\/produit\/kin-b5-dentifrice-pate-125ml\/#breadcrumb","itemListElement":[{"@type":"ListItem","position":1,"name":"Home","item":"https:\/\/vitablanca.ma\/"},{"@type":"ListItem","position":2,"name":"Tous Les Produits","item":"https:\/\/vitablanca.ma\/tous-les-produits\/"},{"@type":"ListItem","position":3,"name":"Kin B5 Dentifrice Pate 125ml"}]},{"@type":"WebSite","@id":"https:\/\/vitablanca.ma\/#website","url":"https:\/\/vitablanca.ma\/","name":"VitaBlanca.ma | \u0627\u0644\u0645\u0643\u0645\u0644\u0627\u062a \u0627\u0644\u063a\u0630\u0627\u0626\u064a\u0629\u060c \u0627\u0644\u0635\u062d\u0629 \u0648\u0627\u0644\u062c\u0645\u0627\u0644 \u0641\u064a \u0627\u0644\u0645\u063a\u0631\u0628","description":"\u0646\u0628\u064a\u0639 \u0641\u064a\u062a\u0627\u0645\u064a\u0646\u0627\u062a \u0648\u0645\u0643\u0645\u0644\u0627\u062a \u063a\u0630\u0627\u0626\u064a\u0629 \u0641\u0627\u062e\u0631\u0629 \u0645\u0646 \u0627\u0644\u0648\u0644\u0627\u064a\u0627\u062a \u0627\u0644\u0645\u062a\u062d\u062f\u0629 \u0627\u0644\u0623\u0645\u0631\u064a\u0643\u064a\u0629 \u0648\u0643\u0646\u062f\u0627 \u0648\u0646\u064a\u0648\u0632\u064a\u0644\u0646\u062f\u0627 \u0648\u0627\u0644\u0645\u063a\u0631\u0628 (\u0646\u0627\u0648 \u0641\u0648\u062f\u0632\u060c \u0633\u0648\u0644\u062c\u0627\u0631\u060c \u0645\u0627\u0646\u0648\u0643\u0627). \u062a\u0648\u0635\u064a\u0644 \u0633\u0631\u064a\u0639 \u0625\u0644\u0649 \u062c\u0645\u064a\u0639 \u0623\u0646\u062d\u0627\u0621 \u0627\u0644\u0645\u063a\u0631\u0628.","publisher":{"@id":"https:\/\/vitablanca.ma\/#organization"},"alternateName":"VitaBlanca.ma","potentialAction":[{"@type":"SearchAction","target":{"@type":"EntryPoint","urlTemplate":"https:\/\/vitablanca.ma\/?s={search_term_string}"},"query-input":{"@type":"PropertyValueSpecification","valueRequired":true,"valueName":"search_term_string"}}],"inLanguage":"ar"},{"@type":"Organization","@id":"https:\/\/vitablanca.ma\/#organization","name":"\u0641\u064a\u062a\u0627\u0628\u0644\u0627\u0646\u0643\u0627","url":"https:\/\/vitablanca.ma\/","logo":{"@type":"ImageObject","inLanguage":"ar","@id":"https:\/\/vitablanca.ma\/#\/schema\/logo\/image\/","url":"https:\/\/vitablanca.ma\/wp-content\/uploads\/2025\/05\/cropped-vitablanca.png","contentUrl":"https:\/\/vitablanca.ma\/wp-content\/uploads\/2025\/05\/cropped-vitablanca.png","width":360,"height":67,"caption":"VitaBlanca"},"image":{"@id":"https:\/\/vitablanca.ma\/#\/schema\/logo\/image\/"},"sameAs":["https:\/\/www.facebook.com\/profile.php?id=61576678196717","https:\/\/www.tiktok.com\/@vitablanca.ma","https:\/\/www.instagram.com\/vitablanca.ma\/"]}]}},"jetpack_sharing_enabled":true,"_links":{"self":[{"href":"https:\/\/vitablanca.ma\/ar\/wp-json\/wp\/v2\/product\/19373","targetHints":{"allow":["GET"]}}],"collection":[{"href":"https:\/\/vitablanca.ma\/ar\/wp-json\/wp\/v2\/product"}],"about":[{"href":"https:\/\/vitablanca.ma\/ar\/wp-json\/wp\/v2\/types\/product"}],"wp:featuredmedia":[{"embeddable":true,"href":"https:\/\/vitablanca.ma\/ar\/wp-json\/wp\/v2\/media\/19372"}],"wp:attachment":[{"href":"https:\/\/vitablanca.ma\/ar\/wp-json\/wp\/v2\/media?parent=19373"}],"wp:term":[{"taxonomy":"product_brand","embeddable":true,"href":"https:\/\/vitablanca.ma\/ar\/wp-json\/wp\/v2\/product_brand?post=19373"},{"taxonomy":"product_cat","embeddable":true,"href":"https:\/\/vitablanca.ma\/ar\/wp-json\/wp\/v2\/product_cat?post=19373"},{"taxonomy":"product_tag","embeddable":true,"href":"https:\/\/vitablanca.ma\/ar\/wp-json\/wp\/v2\/product_tag?post=19373"}],"curies":[{"name":"wp","href":"https:\/\/api.w.org\/{rel}","templated":true}]}}