{"id":19357,"date":"2025-06-10T17:56:43","date_gmt":"2025-06-10T17:56:43","guid":{"rendered":"https:\/\/vitablanca.ma\/product\/klorane-bebe-lait-de-toilette-sans-rincage-au-calendula-500ml\/"},"modified":"2026-01-21T23:56:49","modified_gmt":"2026-01-21T23:56:49","slug":"klorane-bebe-lait-de-toilette-sans-rincage-au-calendula-500ml","status":"publish","type":"product","link":"https:\/\/vitablanca.ma\/ar\/product-2\/klorane-bebe-lait-de-toilette-sans-rincage-au-calendula-500ml\/","title":{"rendered":"\u062d\u0644\u064a\u0628 \u0627\u0644\u062a\u0646\u0638\u064a\u0641 \u0643\u0644\u0648\u0631\u0627\u0646 \u0644\u0644\u0623\u0637\u0641\u0627\u0644 \u0628\u062f\u0648\u0646 \u0634\u0637\u0641 \u0645\u0639 \u0627\u0644\u0622\u0630\u0631\u064a\u0648\u0646 500 \u0645\u0644"},"content":{"rendered":"<h2>Klorane B\u00e9b\u00e9 Lait De Toilette Sans Rin\u00e7age Au Calendula\u00a0<span data-mce-fragment=\"1\">nettoie, nourrit et prot\u00e8ge la peau sensible de\u00a0b\u00e9b\u00e9.<\/span><br \/>\n<\/h2>\n<p class=\"style-1\"><span>\u0627\u0644\u0631\u0636\u0639 \u0648\u0627\u0644\u0623\u0637\u0641\u0627\u0644 \u0645\u0646\u0630 \u0627\u0644\u0648\u0644\u0627\u062f\u0629<br \/><\/span><span>Peau normale, peau s\u00e8che<br \/><\/span><span>Nettoyant, apaisement<\/span><\/p>\n<div class=\"block-content\">\n<p>Pour nettoyer en douceur plusieurs fois par jour la peau des nourrissons, nous avons s\u00e9lectionn\u00e9 le Calendula apaisant, obtenu \u00e0 partir de fleurs issues de culture BIO. Ses puissantes vertus anti-inflammatoires et r\u00e9paratrices vont assouplir et hydrater les peaux normales \u00e0 s\u00e8ches lors de la toilette. Test\u00e9e sous contr\u00f4le p\u00e9diatrique, la formulation naturelle* du\u00a0Lait nettoyant b\u00e9b\u00e9\u00a0est \u00e9galement enrichie en huiles v\u00e9g\u00e9tales pour une peau visiblement nourrie, apais\u00e9e et prot\u00e9g\u00e9e***. En d\u00e9gageant un parfum tendre et relaxant, le\u00a0Lait de toilette Klorane\u00a0offre une r\u00e9ponse douce \u00e0 ce geste intime du quotidien.<\/p>\n<\/div>\n<div class=\"block-content-heading\">\n<h3 id=\"\" class=\"\">\u0641\u0648\u0627\u0626\u062f<\/h3>\n<\/div>\n<ul>\n<li>Nettoie : sa base lavante sans alcool nettoie d\u00e9licatement la peau du visage, du corps et du si\u00e8ge de b\u00e9b\u00e9.<\/li>\n<li>Nourrit : sa formule l\u00e9g\u00e8re et lact\u00e9e nourrit les peaux normales \u00e0 s\u00e8ches, favorise l\u2019hydratation et l\u2019assouplissement de l\u2019\u00e9piderme.<\/li>\n<li>Prot\u00e8ge : en renfor\u00e7ant le film hydrolipidique de la peau, ses agents hydratants naturels pr\u00e9servent du dess\u00e8chement et pr\u00e9viennent les irritations li\u00e9es au frottement.<\/li>\n<\/ul>\n<div class=\"block-content-heading\">\n<h3 id=\"\" class=\"\">\u0645\u064a\u0632\u0629<\/h3>\n<\/div>\n<p>Sans rin\u00e7age, le lait de toilette apporte fra\u00eecheur et apaisement d\u00e8s que n\u00e9cessaire. Parfaitement propre et d\u00e9licatement parfum\u00e9, b\u00e9b\u00e9 est pr\u00eat pour de nouvelles aventures.<\/p>\n<div class=\"block-content-heading\"><\/div>\n<h3 class=\"style-1\"><span><br \/><\/span><\/h3>\n<h3 class=\"style-1\">\n<span><\/span><br \/>\n<\/h3>","protected":false},"excerpt":{"rendered":"<p>Klorane B\u00e9b\u00e9 Lait De Toilette Sans Rin\u00e7age Au Calendula\u00a0nettoie, nourrit et prot\u00e8ge la peau sensible de\u00a0b\u00e9b\u00e9. Nourrissons, b\u00e9b\u00e9s, d\u00e8s la naissancePeau normale, peau s\u00e8cheNettoyant, apaisement Pour nettoyer en douceur plusieurs fois par jour la peau des nourrissons, nous avons s\u00e9lectionn\u00e9 le Calendula apaisant, obtenu \u00e0 partir de fleurs issues de culture BIO. Ses puissantes vertus [&hellip;]<\/p>\n","protected":false},"featured_media":19355,"template":"","meta":{"om_disable_all_campaigns":false},"product_brand":[6000],"product_cat":[18,15],"product_tag":[],"class_list":{"0":"post-19357","1":"product","2":"type-product","3":"status-publish","4":"has-post-thumbnail","6":"product_brand-klorane-maroc-prix","7":"product_cat-beaute-sante","8":"product_cat-beaute-sante-complements-alimentaires-soins-et-bien-etre-au-meilleur-prix","10":"first","11":"instock","12":"sale","13":"taxable","14":"shipping-taxable","15":"purchasable","16":"product-type-simple"},"yoast_head":"<!-- This site is optimized with the Yoast SEO plugin v27.3 - https:\/\/yoast.com\/product\/yoast-seo-wordpress\/ -->\n<title>Klorane B\u00e9b\u00e9 Lait De Toilette Sans Rin\u00e7age Au Calendula 500ml - Maroc Prix<\/title>\n<meta name=\"description\" content=\"Klorane B\u00e9b\u00e9 Lait De Toilette Sans Rin\u00e7age Au Calendula 500ml\" \/>\n<meta name=\"robots\" content=\"index, follow, max-snippet:-1, max-image-preview:large, max-video-preview:-1\" \/>\n<link rel=\"canonical\" href=\"https:\/\/vitablanca.ma\/ar\/product-2\/klorane-bebe-lait-de-toilette-sans-rincage-au-calendula-500ml\/\" \/>\n<meta property=\"og:locale\" content=\"ar_AR\" \/>\n<meta property=\"og:type\" content=\"article\" \/>\n<meta property=\"og:title\" content=\"Klorane B\u00e9b\u00e9 Lait De Toilette Sans Rin\u00e7age Au Calendula 500ml - Maroc Prix\" \/>\n<meta property=\"og:description\" content=\"Klorane B\u00e9b\u00e9 Lait De Toilette Sans Rin\u00e7age Au Calendula 500ml\" \/>\n<meta property=\"og:url\" content=\"https:\/\/vitablanca.ma\/ar\/product-2\/klorane-bebe-lait-de-toilette-sans-rincage-au-calendula-500ml\/\" \/>\n<meta property=\"og:site_name\" content=\"Vitablanca.ma &ndash; Sant&eacute;, vitalit&eacute; et bien-&ecirc;tre pour tous les Marocains\" \/>\n<meta property=\"article:publisher\" content=\"https:\/\/www.facebook.com\/profile.php?id=61576678196717\" \/>\n<meta property=\"article:modified_time\" content=\"2026-01-21T23:56:49+00:00\" \/>\n<meta property=\"og:image\" content=\"https:\/\/vitablanca.ma\/wp-content\/uploads\/2025\/06\/Klorane-Bebe-Lait-De-Toilette-Sans-Rincage-Au-Calendula-500ml-nova-parapharmacie-maroc.jpg\" \/>\n\t<meta property=\"og:image:width\" content=\"1000\" \/>\n\t<meta property=\"og:image:height\" content=\"1000\" \/>\n\t<meta property=\"og:image:type\" content=\"image\/jpeg\" \/>\n<meta name=\"twitter:card\" content=\"summary_large_image\" \/>\n<meta name=\"twitter:label1\" content=\"\u0648\u0642\u062a \u0627\u0644\u0642\u0631\u0627\u0621\u0629 \u0627\u0644\u0645\u064f\u0642\u062f\u0651\u0631\" \/>\n\t<meta name=\"twitter:data1\" content=\"\u062f\u0642\u064a\u0642\u0629 \u0648\u0627\u062d\u062f\u0629\" \/>\n<script type=\"application\/ld+json\" class=\"yoast-schema-graph\">{\"@context\":\"https:\\\/\\\/schema.org\",\"@graph\":[{\"@type\":[\"WebPage\",\"ItemPage\"],\"@id\":\"https:\\\/\\\/vitablanca.ma\\\/produit\\\/klorane-bebe-lait-de-toilette-sans-rincage-au-calendula-500ml\\\/\",\"url\":\"https:\\\/\\\/vitablanca.ma\\\/produit\\\/klorane-bebe-lait-de-toilette-sans-rincage-au-calendula-500ml\\\/\",\"name\":\"Klorane B\u00e9b\u00e9 Lait De Toilette Sans Rin\u00e7age Au Calendula 500ml - Maroc Prix\",\"isPartOf\":{\"@id\":\"https:\\\/\\\/vitablanca.ma\\\/#website\"},\"primaryImageOfPage\":{\"@id\":\"https:\\\/\\\/vitablanca.ma\\\/produit\\\/klorane-bebe-lait-de-toilette-sans-rincage-au-calendula-500ml\\\/#primaryimage\"},\"image\":{\"@id\":\"https:\\\/\\\/vitablanca.ma\\\/produit\\\/klorane-bebe-lait-de-toilette-sans-rincage-au-calendula-500ml\\\/#primaryimage\"},\"thumbnailUrl\":\"https:\\\/\\\/vitablanca.ma\\\/wp-content\\\/uploads\\\/2025\\\/06\\\/Klorane-Bebe-Lait-De-Toilette-Sans-Rincage-Au-Calendula-500ml-nova-parapharmacie-maroc.jpg\",\"datePublished\":\"2025-06-10T17:56:43+00:00\",\"dateModified\":\"2026-01-21T23:56:49+00:00\",\"description\":\"Klorane B\u00e9b\u00e9 Lait De Toilette Sans Rin\u00e7age Au Calendula 500ml\",\"breadcrumb\":{\"@id\":\"https:\\\/\\\/vitablanca.ma\\\/produit\\\/klorane-bebe-lait-de-toilette-sans-rincage-au-calendula-500ml\\\/#breadcrumb\"},\"inLanguage\":\"ar\",\"potentialAction\":[{\"@type\":\"ReadAction\",\"target\":[\"https:\\\/\\\/vitablanca.ma\\\/produit\\\/klorane-bebe-lait-de-toilette-sans-rincage-au-calendula-500ml\\\/\"]}]},{\"@type\":\"ImageObject\",\"inLanguage\":\"ar\",\"@id\":\"https:\\\/\\\/vitablanca.ma\\\/produit\\\/klorane-bebe-lait-de-toilette-sans-rincage-au-calendula-500ml\\\/#primaryimage\",\"url\":\"https:\\\/\\\/vitablanca.ma\\\/wp-content\\\/uploads\\\/2025\\\/06\\\/Klorane-Bebe-Lait-De-Toilette-Sans-Rincage-Au-Calendula-500ml-nova-parapharmacie-maroc.jpg\",\"contentUrl\":\"https:\\\/\\\/vitablanca.ma\\\/wp-content\\\/uploads\\\/2025\\\/06\\\/Klorane-Bebe-Lait-De-Toilette-Sans-Rincage-Au-Calendula-500ml-nova-parapharmacie-maroc.jpg\",\"width\":1000,\"height\":1000},{\"@type\":\"BreadcrumbList\",\"@id\":\"https:\\\/\\\/vitablanca.ma\\\/produit\\\/klorane-bebe-lait-de-toilette-sans-rincage-au-calendula-500ml\\\/#breadcrumb\",\"itemListElement\":[{\"@type\":\"ListItem\",\"position\":1,\"name\":\"Home\",\"item\":\"https:\\\/\\\/vitablanca.ma\\\/\"},{\"@type\":\"ListItem\",\"position\":2,\"name\":\"Tous Les Produits\",\"item\":\"https:\\\/\\\/vitablanca.ma\\\/tous-les-produits\\\/\"},{\"@type\":\"ListItem\",\"position\":3,\"name\":\"Klorane B\u00e9b\u00e9 Lait De Toilette Sans Rin\u00e7age Au Calendula 500ml\"}]},{\"@type\":\"WebSite\",\"@id\":\"https:\\\/\\\/vitablanca.ma\\\/#website\",\"url\":\"https:\\\/\\\/vitablanca.ma\\\/\",\"name\":\"VitaBlanca.ma | Compl\u00e9ments alimentaires, sant\u00e9 & beaut\u00e9 au Maroc\",\"description\":\"vendre vitamines et compl\u00e9ments premium des USA &amp; Canada, Nouvelle Z\u00e9lande,Maroc (NOW Foods, Solgar, Manuka). Livraison rapide partout au Maroc.\",\"publisher\":{\"@id\":\"https:\\\/\\\/vitablanca.ma\\\/#organization\"},\"alternateName\":\"VitaBlanca.ma\",\"potentialAction\":[{\"@type\":\"SearchAction\",\"target\":{\"@type\":\"EntryPoint\",\"urlTemplate\":\"https:\\\/\\\/vitablanca.ma\\\/?s={search_term_string}\"},\"query-input\":{\"@type\":\"PropertyValueSpecification\",\"valueRequired\":true,\"valueName\":\"search_term_string\"}}],\"inLanguage\":\"ar\"},{\"@type\":\"Organization\",\"@id\":\"https:\\\/\\\/vitablanca.ma\\\/#organization\",\"name\":\"VitaBlanca\",\"url\":\"https:\\\/\\\/vitablanca.ma\\\/\",\"logo\":{\"@type\":\"ImageObject\",\"inLanguage\":\"ar\",\"@id\":\"https:\\\/\\\/vitablanca.ma\\\/#\\\/schema\\\/logo\\\/image\\\/\",\"url\":\"https:\\\/\\\/vitablanca.ma\\\/wp-content\\\/uploads\\\/2025\\\/05\\\/cropped-vitablanca.png\",\"contentUrl\":\"https:\\\/\\\/vitablanca.ma\\\/wp-content\\\/uploads\\\/2025\\\/05\\\/cropped-vitablanca.png\",\"width\":360,\"height\":67,\"caption\":\"VitaBlanca\"},\"image\":{\"@id\":\"https:\\\/\\\/vitablanca.ma\\\/#\\\/schema\\\/logo\\\/image\\\/\"},\"sameAs\":[\"https:\\\/\\\/www.facebook.com\\\/profile.php?id=61576678196717\",\"https:\\\/\\\/www.tiktok.com\\\/@vitablanca.ma\",\"https:\\\/\\\/www.instagram.com\\\/vitablanca.ma\\\/\"]}]}<\/script>\n<!-- \/ Yoast SEO plugin. -->","yoast_head_json":{"title":"Klorane B\u00e9b\u00e9 Lait De Toilette Sans Rin\u00e7age Au Calendula 500ml - Maroc Prix","description":"\u062d\u0644\u064a\u0628 \u0627\u0644\u062a\u0646\u0638\u064a\u0641 \u0643\u0644\u0648\u0631\u0627\u0646 \u0644\u0644\u0623\u0637\u0641\u0627\u0644 \u0628\u062f\u0648\u0646 \u0634\u0637\u0641 \u0645\u0639 \u0627\u0644\u0622\u0630\u0631\u064a\u0648\u0646 500 \u0645\u0644","robots":{"index":"index","follow":"follow","max-snippet":"max-snippet:-1","max-image-preview":"max-image-preview:large","max-video-preview":"max-video-preview:-1"},"canonical":"https:\/\/vitablanca.ma\/ar\/product-2\/klorane-bebe-lait-de-toilette-sans-rincage-au-calendula-500ml\/","og_locale":"ar_AR","og_type":"article","og_title":"Klorane B\u00e9b\u00e9 Lait De Toilette Sans Rin\u00e7age Au Calendula 500ml - Maroc Prix","og_description":"Klorane B\u00e9b\u00e9 Lait De Toilette Sans Rin\u00e7age Au Calendula 500ml","og_url":"https:\/\/vitablanca.ma\/ar\/product-2\/klorane-bebe-lait-de-toilette-sans-rincage-au-calendula-500ml\/","og_site_name":"Vitablanca.ma &ndash; Sant&eacute;, vitalit&eacute; et bien-&ecirc;tre pour tous les Marocains","article_publisher":"https:\/\/www.facebook.com\/profile.php?id=61576678196717","article_modified_time":"2026-01-21T23:56:49+00:00","og_image":[{"width":1000,"height":1000,"url":"https:\/\/vitablanca.ma\/wp-content\/uploads\/2025\/06\/Klorane-Bebe-Lait-De-Toilette-Sans-Rincage-Au-Calendula-500ml-nova-parapharmacie-maroc.jpg","type":"image\/jpeg"}],"twitter_card":"summary_large_image","twitter_misc":{"\u0648\u0642\u062a \u0627\u0644\u0642\u0631\u0627\u0621\u0629 \u0627\u0644\u0645\u064f\u0642\u062f\u0651\u0631":"\u062f\u0642\u064a\u0642\u0629 \u0648\u0627\u062d\u062f\u0629"},"schema":{"@context":"https:\/\/schema.org","@graph":[{"@type":["WebPage","ItemPage"],"@id":"https:\/\/vitablanca.ma\/produit\/klorane-bebe-lait-de-toilette-sans-rincage-au-calendula-500ml\/","url":"https:\/\/vitablanca.ma\/produit\/klorane-bebe-lait-de-toilette-sans-rincage-au-calendula-500ml\/","name":"Klorane B\u00e9b\u00e9 Lait De Toilette Sans Rin\u00e7age Au Calendula 500ml - Maroc Prix","isPartOf":{"@id":"https:\/\/vitablanca.ma\/#website"},"primaryImageOfPage":{"@id":"https:\/\/vitablanca.ma\/produit\/klorane-bebe-lait-de-toilette-sans-rincage-au-calendula-500ml\/#primaryimage"},"image":{"@id":"https:\/\/vitablanca.ma\/produit\/klorane-bebe-lait-de-toilette-sans-rincage-au-calendula-500ml\/#primaryimage"},"thumbnailUrl":"https:\/\/vitablanca.ma\/wp-content\/uploads\/2025\/06\/Klorane-Bebe-Lait-De-Toilette-Sans-Rincage-Au-Calendula-500ml-nova-parapharmacie-maroc.jpg","datePublished":"2025-06-10T17:56:43+00:00","dateModified":"2026-01-21T23:56:49+00:00","description":"\u062d\u0644\u064a\u0628 \u0627\u0644\u062a\u0646\u0638\u064a\u0641 \u0643\u0644\u0648\u0631\u0627\u0646 \u0644\u0644\u0623\u0637\u0641\u0627\u0644 \u0628\u062f\u0648\u0646 \u0634\u0637\u0641 \u0645\u0639 \u0627\u0644\u0622\u0630\u0631\u064a\u0648\u0646 500 \u0645\u0644","breadcrumb":{"@id":"https:\/\/vitablanca.ma\/produit\/klorane-bebe-lait-de-toilette-sans-rincage-au-calendula-500ml\/#breadcrumb"},"inLanguage":"ar","potentialAction":[{"@type":"ReadAction","target":["https:\/\/vitablanca.ma\/produit\/klorane-bebe-lait-de-toilette-sans-rincage-au-calendula-500ml\/"]}]},{"@type":"ImageObject","inLanguage":"ar","@id":"https:\/\/vitablanca.ma\/produit\/klorane-bebe-lait-de-toilette-sans-rincage-au-calendula-500ml\/#primaryimage","url":"https:\/\/vitablanca.ma\/wp-content\/uploads\/2025\/06\/Klorane-Bebe-Lait-De-Toilette-Sans-Rincage-Au-Calendula-500ml-nova-parapharmacie-maroc.jpg","contentUrl":"https:\/\/vitablanca.ma\/wp-content\/uploads\/2025\/06\/Klorane-Bebe-Lait-De-Toilette-Sans-Rincage-Au-Calendula-500ml-nova-parapharmacie-maroc.jpg","width":1000,"height":1000},{"@type":"BreadcrumbList","@id":"https:\/\/vitablanca.ma\/produit\/klorane-bebe-lait-de-toilette-sans-rincage-au-calendula-500ml\/#breadcrumb","itemListElement":[{"@type":"ListItem","position":1,"name":"Home","item":"https:\/\/vitablanca.ma\/"},{"@type":"ListItem","position":2,"name":"Tous Les Produits","item":"https:\/\/vitablanca.ma\/tous-les-produits\/"},{"@type":"ListItem","position":3,"name":"Klorane B\u00e9b\u00e9 Lait De Toilette Sans Rin\u00e7age Au Calendula 500ml"}]},{"@type":"WebSite","@id":"https:\/\/vitablanca.ma\/#website","url":"https:\/\/vitablanca.ma\/","name":"VitaBlanca.ma | \u0627\u0644\u0645\u0643\u0645\u0644\u0627\u062a \u0627\u0644\u063a\u0630\u0627\u0626\u064a\u0629\u060c \u0627\u0644\u0635\u062d\u0629 \u0648\u0627\u0644\u062c\u0645\u0627\u0644 \u0641\u064a \u0627\u0644\u0645\u063a\u0631\u0628","description":"\u0646\u0628\u064a\u0639 \u0641\u064a\u062a\u0627\u0645\u064a\u0646\u0627\u062a \u0648\u0645\u0643\u0645\u0644\u0627\u062a \u063a\u0630\u0627\u0626\u064a\u0629 \u0641\u0627\u062e\u0631\u0629 \u0645\u0646 \u0627\u0644\u0648\u0644\u0627\u064a\u0627\u062a \u0627\u0644\u0645\u062a\u062d\u062f\u0629 \u0627\u0644\u0623\u0645\u0631\u064a\u0643\u064a\u0629 \u0648\u0643\u0646\u062f\u0627 \u0648\u0646\u064a\u0648\u0632\u064a\u0644\u0646\u062f\u0627 \u0648\u0627\u0644\u0645\u063a\u0631\u0628 (\u0646\u0627\u0648 \u0641\u0648\u062f\u0632\u060c \u0633\u0648\u0644\u062c\u0627\u0631\u060c \u0645\u0627\u0646\u0648\u0643\u0627). \u062a\u0648\u0635\u064a\u0644 \u0633\u0631\u064a\u0639 \u0625\u0644\u0649 \u062c\u0645\u064a\u0639 \u0623\u0646\u062d\u0627\u0621 \u0627\u0644\u0645\u063a\u0631\u0628.","publisher":{"@id":"https:\/\/vitablanca.ma\/#organization"},"alternateName":"VitaBlanca.ma","potentialAction":[{"@type":"SearchAction","target":{"@type":"EntryPoint","urlTemplate":"https:\/\/vitablanca.ma\/?s={search_term_string}"},"query-input":{"@type":"PropertyValueSpecification","valueRequired":true,"valueName":"search_term_string"}}],"inLanguage":"ar"},{"@type":"Organization","@id":"https:\/\/vitablanca.ma\/#organization","name":"\u0641\u064a\u062a\u0627\u0628\u0644\u0627\u0646\u0643\u0627","url":"https:\/\/vitablanca.ma\/","logo":{"@type":"ImageObject","inLanguage":"ar","@id":"https:\/\/vitablanca.ma\/#\/schema\/logo\/image\/","url":"https:\/\/vitablanca.ma\/wp-content\/uploads\/2025\/05\/cropped-vitablanca.png","contentUrl":"https:\/\/vitablanca.ma\/wp-content\/uploads\/2025\/05\/cropped-vitablanca.png","width":360,"height":67,"caption":"VitaBlanca"},"image":{"@id":"https:\/\/vitablanca.ma\/#\/schema\/logo\/image\/"},"sameAs":["https:\/\/www.facebook.com\/profile.php?id=61576678196717","https:\/\/www.tiktok.com\/@vitablanca.ma","https:\/\/www.instagram.com\/vitablanca.ma\/"]}]}},"jetpack_sharing_enabled":true,"_links":{"self":[{"href":"https:\/\/vitablanca.ma\/ar\/wp-json\/wp\/v2\/product\/19357","targetHints":{"allow":["GET"]}}],"collection":[{"href":"https:\/\/vitablanca.ma\/ar\/wp-json\/wp\/v2\/product"}],"about":[{"href":"https:\/\/vitablanca.ma\/ar\/wp-json\/wp\/v2\/types\/product"}],"wp:featuredmedia":[{"embeddable":true,"href":"https:\/\/vitablanca.ma\/ar\/wp-json\/wp\/v2\/media\/19355"}],"wp:attachment":[{"href":"https:\/\/vitablanca.ma\/ar\/wp-json\/wp\/v2\/media?parent=19357"}],"wp:term":[{"taxonomy":"product_brand","embeddable":true,"href":"https:\/\/vitablanca.ma\/ar\/wp-json\/wp\/v2\/product_brand?post=19357"},{"taxonomy":"product_cat","embeddable":true,"href":"https:\/\/vitablanca.ma\/ar\/wp-json\/wp\/v2\/product_cat?post=19357"},{"taxonomy":"product_tag","embeddable":true,"href":"https:\/\/vitablanca.ma\/ar\/wp-json\/wp\/v2\/product_tag?post=19357"}],"curies":[{"name":"wp","href":"https:\/\/api.w.org\/{rel}","templated":true}]}}