{"id":19345,"date":"2025-06-10T17:56:34","date_gmt":"2025-06-10T17:56:34","guid":{"rendered":"https:\/\/vitablanca.ma\/product\/isispharma-uveblock-dry-touch-teinte-spf50-40ml\/"},"modified":"2025-12-24T16:33:20","modified_gmt":"2025-12-24T16:33:20","slug":"isispharma-uveblock-dry-touch-teinte-spf50-40ml","status":"publish","type":"product","link":"https:\/\/vitablanca.ma\/ar\/product-2\/isispharma-uveblock-dry-touch-teinte-spf50-40ml\/","title":{"rendered":"Isispharma Uveblock Dry Touch Teint\u00e9 SPF50+ 40ml"},"content":{"rendered":"<div class=\"sp_details--tab accordion_item open\">\n<h2 class=\"sp_details--tab-title accordion_item--toggle\">Isispharma Uveblock Dry Touch Teint\u00e9 SPF50+\u00a0<span>prot\u00e8ge hautement et matifie votre peau \u00e0 tendance grasse<\/span><br \/>\n<\/h2>\n<h3 class=\"sp_details--tab-title accordion_item--toggle\">COMMENT L&rsquo;UTILISER ?<span class=\"sp_details--tab-toggle-icon\"><\/span><br \/>\n<\/h3>\n<div class=\"sp_details--tab-content accordion_item--content\">\n<div class=\"accordion_item--content-inner rich-text\">\n<div class=\"sp_details--content\">\n<p><strong>Sur votre visage<\/strong><br \/>Appliquez Uveblock SPF50 Dry Touch avant chaque exposition solaire. Renouvelez fr\u00e9quemment et apr\u00e8s chaque bain, activit\u00e9 sportive ou frottement.<\/p>\n<p>Sa version teint\u00e9e vous permet de parfaire votre teint tout au long de la journ\u00e9e.<\/p>\n<p>Le soin Uveblock SPF 50 Dry touch vous garantit une haute protection \u00e0 large spectre et son complexe d\u2019actifs activent les syst\u00e8mes naturels de d\u00e9fense cutan\u00e9e.<\/p>\n<p><strong>Test\u00e9e sous contr\u00f4le dermatologique<\/strong><br \/>Sa formule non com\u00e9dog\u00e8ne est adapt\u00e9e aux peaux les plus sensibles \u00e0 tendance grasse. Elle assure une excellente tol\u00e9rance \u00e0 tous les types de peau.<\/p>\n<p>JOUR<\/p>\n<\/div>\n<\/div>\n<\/div>\n<\/div>\n<div class=\"sp_details--tab accordion_item open\">\n<h3 class=\"sp_details--tab-title accordion_item--toggle\">NOS R\u00c9SULTATS CLINIQUES<span class=\"sp_details--tab-toggle-icon\"><\/span><br \/>\n<\/h3>\n<div class=\"sp_details--tab-content accordion_item--content\">\n<div class=\"accordion_item--content-inner rich-text\">\n<div class=\"sp_details--content\">\n<p><strong>Efficacit\u00e9 prouv\u00e9e<\/strong><\/p>\n<p>\u2022\u00a0\u00c9talement facile 100%<br \/>\u2022\u00a0P\u00e9n\u00e9tration rapide 100%*<br \/>\u2022\u00a0Le produit offre un effet \u00ab seconde peau \u00bb 100%*<\/p>\n<div class=\"annotation\">\n<p>*Test d\u2019usage sur 21 volontaires pendant 28 jours<\/p>\n<\/div>\n<\/div>\n<\/div>\n<\/div>\n<\/div>\n<div class=\"sp_details--tab accordion_item open\">\n<h3 class=\"sp_details--tab-title accordion_item--toggle\">LA COMPOSITION DE NOTRE PRODUIT<span class=\"sp_details--tab-toggle-icon\"><\/span><br \/>\n<\/h3>\n<div class=\"sp_details--tab-content accordion_item--content\">\n<div class=\"accordion_item--content-inner rich-text\">\n<div class=\"sp_details--content\">\n<p class=\"composition-title\"><strong>INGR\u00c9DIENTS UVEBLOCK SPF 50+ Dry touch &#8211; Teinte claire<\/strong><\/p>\n<p class=\"annotation\">AQUA (WATER), ETHYLHEXYL METHOXYCINNAMATE, METHYLENE BIS-BENZOTRIAZOLYL TETRAMETHYLBUTYLPHENOL [NANO], BUTYL METHOXYDIBENZOYLMETHANE, C12-15 ALKYL BENZOATE, ETHYLHEXYL SALICYLATE, DIISOPROPYL ADIPATE, DIETHYLHEXYL SYRINGYLIDENEMALONATE, ZEA MAYS (CORN) STARCH, DIETHYLAMINO HYDROXYBENZOYL HEXYL BENZOATE, ETHYLHEXYL TRIAZONE, PROPANEDIOL DICAPRYLATE, GLYCERYL STEARATE, PEG-100 STEARATE, POLYSORBATE 80, SILICA, CETYL ALCOHOL, CI 77891 (TITANIUM DIOXIDE), GLYCERIN, PENTYLENE GLYCOL, DECYL GLUCOSIDE, MAGNESIUM ALUMINUM SILICATE, PROPANEDIOL, XANTHAN GUM, SODIUM BENZOATE, CAPRYLIC\/CAPRIC TRIGLYCERIDE, CHLORPHENESIN, CI 77492 (IRON OXIDES), CITRIC ACID, ECTOIN, PROPYLENE GLYCOL, DISODIUM EDTA, CI 77491 (IRON OXIDES), PHYTIC ACID, SODIUM HYDROXIDE, SOPHORA JAPONICA FLOWER EXTRACT<\/p>\n<h3 class=\"composition-title\"><\/h3>\n<p class=\"composition-title\"><strong>INGR\u00c9DIENTS UVEBLOCK SPF 50+ Dry touch\u00a0Medium\u00a0<\/strong><\/p>\n<p class=\"annotation\">AQUA (WATER), ETHYLHEXYL METHOXYCINNAMATE, METHYLENE BIS-BENZOTRIAZOLYL TETRAMETHYLBUTYLPHENOL [NANO], BUTYL METHOXYDIBENZOYLMETHANE, C12-15 ALKYL BENZOATE, ETHYLHEXYL SALICYLATE, DIISOPROPYL ADIPATE, DIETHYLHEXYL SYRINGYLIDENEMALONATE, ZEA MAYS (CORN) STARCH, DIETHYLAMINO HYDROXYBENZOYL HEXYL BENZOATE, ETHYLHEXYL TRIAZONE, PROPANEDIOL DICAPRYLATE, GLYCERYL STEARATE, PEG-100 STEARATE, POLYSORBATE 80, SILICA, CETYL ALCOHOL, GLYCERIN, PENTYLENE GLYCOL, DECYL GLUCOSIDE, MAGNESIUM ALUMINUM SILICATE, PROPANEDIOL, XANTHAN GUM, SODIUM BENZOATE , CAPRYLIC\/CAPRIC TRIGLYCERIDE, CHLORPHENESIN, CITRIC ACID, ECTOIN, PROPYLENE GLYCOL, DISODIUM EDTA, SOPHORA JAPONICA FLOWER EXTRACT<\/p>\n<p class=\"annotation\">\u00a0<\/p>\n<p class=\"annotation\" style=\"text-align: center\"><\/p>\n<\/div>\n<\/div>\n<\/div>\n<\/div>\n","protected":false},"excerpt":{"rendered":"<p>Isispharma Uveblock Dry Touch Teint\u00e9 SPF50+\u00a0prot\u00e8ge hautement et matifie votre peau \u00e0 tendance grasse COMMENT L&rsquo;UTILISER ? Sur votre visageAppliquez Uveblock SPF50 Dry Touch avant chaque exposition solaire. Renouvelez fr\u00e9quemment et apr\u00e8s chaque bain, activit\u00e9 sportive ou frottement. Sa version teint\u00e9e vous permet de parfaire votre teint tout au long de la journ\u00e9e. Le soin [&hellip;]<\/p>\n","protected":false},"featured_media":19335,"template":"","meta":{"om_disable_all_campaigns":false},"product_brand":[5496],"product_cat":[15],"product_tag":[5502,5487,5497,5499,3469,5498,5501,5500,5503],"class_list":{"0":"post-19345","1":"product","2":"type-product","3":"status-publish","4":"has-post-thumbnail","6":"product_brand-isispharma-maroc-prix","7":"product_cat-beaute-sante-complements-alimentaires-soins-et-bien-etre-au-meilleur-prix","8":"product_tag-anti-rougeurs-maroc","9":"product_tag-isispharma-maroc","10":"product_tag-isispharma-produits-maroc","11":"product_tag-neotone-maroc","12":"product_tag-peau-sensible-maroc","13":"product_tag-ruboril-maroc","14":"product_tag-soin-dermatologique-maroc","15":"product_tag-teen-derm-maroc","16":"product_tag-traitement-taches-maroc","18":"first","19":"instock","20":"sale","21":"taxable","22":"shipping-taxable","23":"purchasable","24":"product-type-variable"},"yoast_head":"<!-- This site is optimized with the Yoast SEO plugin v27.4 - https:\/\/yoast.com\/product\/yoast-seo-wordpress\/ -->\n<title>Isispharma Uveblock Dry Touch Teint\u00e9 SPF50+ 40ml - Maroc Prix<\/title>\n<meta name=\"description\" content=\"Isispharma Uveblock Dry Touch Teint\u00e9 SPF50+ 40ml\" \/>\n<meta name=\"robots\" content=\"index, follow, max-snippet:-1, max-image-preview:large, max-video-preview:-1\" \/>\n<link rel=\"canonical\" href=\"https:\/\/vitablanca.ma\/ar\/product-2\/isispharma-uveblock-dry-touch-teinte-spf50-40ml\/\" \/>\n<meta property=\"og:locale\" content=\"ar_AR\" \/>\n<meta property=\"og:type\" content=\"article\" \/>\n<meta property=\"og:title\" content=\"Isispharma Uveblock Dry Touch Teint\u00e9 SPF50+ 40ml - Maroc Prix\" \/>\n<meta property=\"og:description\" content=\"Isispharma Uveblock Dry Touch Teint\u00e9 SPF50+ 40ml\" \/>\n<meta property=\"og:url\" content=\"https:\/\/vitablanca.ma\/ar\/product-2\/isispharma-uveblock-dry-touch-teinte-spf50-40ml\/\" \/>\n<meta property=\"og:site_name\" content=\"Vitablanca.ma &ndash; Sant&eacute;, vitalit&eacute; et bien-&ecirc;tre pour tous les Marocains\" \/>\n<meta property=\"article:publisher\" content=\"https:\/\/www.facebook.com\/profile.php?id=61576678196717\" \/>\n<meta property=\"article:modified_time\" content=\"2025-12-24T16:33:20+00:00\" \/>\n<meta property=\"og:image\" content=\"https:\/\/vitablanca.ma\/wp-content\/uploads\/2025\/06\/Isispharma-Uveblock-Dry-Touch-Teinte-Claire-SPF50_-40ml-Nova-para-prix-Maroc.png\" \/>\n\t<meta property=\"og:image:width\" content=\"1000\" \/>\n\t<meta property=\"og:image:height\" content=\"1000\" \/>\n\t<meta property=\"og:image:type\" content=\"image\/png\" \/>\n<meta name=\"twitter:card\" content=\"summary_large_image\" \/>\n<meta name=\"twitter:label1\" content=\"\u0648\u0642\u062a \u0627\u0644\u0642\u0631\u0627\u0621\u0629 \u0627\u0644\u0645\u064f\u0642\u062f\u0651\u0631\" \/>\n\t<meta name=\"twitter:data1\" content=\"\u062f\u0642\u064a\u0642\u062a\u0627\u0646\" \/>\n<script type=\"application\/ld+json\" class=\"yoast-schema-graph\">{\"@context\":\"https:\\\/\\\/schema.org\",\"@graph\":[{\"@type\":[\"WebPage\",\"ItemPage\"],\"@id\":\"https:\\\/\\\/vitablanca.ma\\\/produit\\\/isispharma-uveblock-dry-touch-teinte-spf50-40ml\\\/\",\"url\":\"https:\\\/\\\/vitablanca.ma\\\/produit\\\/isispharma-uveblock-dry-touch-teinte-spf50-40ml\\\/\",\"name\":\"Isispharma Uveblock Dry Touch Teint\u00e9 SPF50+ 40ml - Maroc Prix\",\"isPartOf\":{\"@id\":\"https:\\\/\\\/vitablanca.ma\\\/#website\"},\"primaryImageOfPage\":{\"@id\":\"https:\\\/\\\/vitablanca.ma\\\/produit\\\/isispharma-uveblock-dry-touch-teinte-spf50-40ml\\\/#primaryimage\"},\"image\":{\"@id\":\"https:\\\/\\\/vitablanca.ma\\\/produit\\\/isispharma-uveblock-dry-touch-teinte-spf50-40ml\\\/#primaryimage\"},\"thumbnailUrl\":\"https:\\\/\\\/vitablanca.ma\\\/wp-content\\\/uploads\\\/2025\\\/06\\\/Isispharma-Uveblock-Dry-Touch-Teinte-Claire-SPF50_-40ml-Nova-para-prix-Maroc.png\",\"datePublished\":\"2025-06-10T17:56:34+00:00\",\"dateModified\":\"2025-12-24T16:33:20+00:00\",\"description\":\"Isispharma Uveblock Dry Touch Teint\u00e9 SPF50+ 40ml\",\"breadcrumb\":{\"@id\":\"https:\\\/\\\/vitablanca.ma\\\/produit\\\/isispharma-uveblock-dry-touch-teinte-spf50-40ml\\\/#breadcrumb\"},\"inLanguage\":\"ar\",\"potentialAction\":[{\"@type\":\"ReadAction\",\"target\":[\"https:\\\/\\\/vitablanca.ma\\\/produit\\\/isispharma-uveblock-dry-touch-teinte-spf50-40ml\\\/\"]}]},{\"@type\":\"ImageObject\",\"inLanguage\":\"ar\",\"@id\":\"https:\\\/\\\/vitablanca.ma\\\/produit\\\/isispharma-uveblock-dry-touch-teinte-spf50-40ml\\\/#primaryimage\",\"url\":\"https:\\\/\\\/vitablanca.ma\\\/wp-content\\\/uploads\\\/2025\\\/06\\\/Isispharma-Uveblock-Dry-Touch-Teinte-Claire-SPF50_-40ml-Nova-para-prix-Maroc.png\",\"contentUrl\":\"https:\\\/\\\/vitablanca.ma\\\/wp-content\\\/uploads\\\/2025\\\/06\\\/Isispharma-Uveblock-Dry-Touch-Teinte-Claire-SPF50_-40ml-Nova-para-prix-Maroc.png\",\"width\":1000,\"height\":1000},{\"@type\":\"BreadcrumbList\",\"@id\":\"https:\\\/\\\/vitablanca.ma\\\/produit\\\/isispharma-uveblock-dry-touch-teinte-spf50-40ml\\\/#breadcrumb\",\"itemListElement\":[{\"@type\":\"ListItem\",\"position\":1,\"name\":\"Home\",\"item\":\"https:\\\/\\\/vitablanca.ma\\\/\"},{\"@type\":\"ListItem\",\"position\":2,\"name\":\"Tous Les Produits\",\"item\":\"https:\\\/\\\/vitablanca.ma\\\/tous-les-produits\\\/\"},{\"@type\":\"ListItem\",\"position\":3,\"name\":\"Isispharma Uveblock Dry Touch Teint\u00e9 SPF50+ 40ml\"}]},{\"@type\":\"WebSite\",\"@id\":\"https:\\\/\\\/vitablanca.ma\\\/#website\",\"url\":\"https:\\\/\\\/vitablanca.ma\\\/\",\"name\":\"VitaBlanca.ma | Compl\u00e9ments alimentaires, sant\u00e9 & beaut\u00e9 au Maroc\",\"description\":\"vendre vitamines et compl\u00e9ments premium des USA &amp; Canada, Nouvelle Z\u00e9lande,Maroc (NOW Foods, Solgar, Manuka). Livraison rapide partout au Maroc.\",\"publisher\":{\"@id\":\"https:\\\/\\\/vitablanca.ma\\\/#organization\"},\"alternateName\":\"VitaBlanca.ma\",\"potentialAction\":[{\"@type\":\"SearchAction\",\"target\":{\"@type\":\"EntryPoint\",\"urlTemplate\":\"https:\\\/\\\/vitablanca.ma\\\/?s={search_term_string}\"},\"query-input\":{\"@type\":\"PropertyValueSpecification\",\"valueRequired\":true,\"valueName\":\"search_term_string\"}}],\"inLanguage\":\"ar\"},{\"@type\":\"Organization\",\"@id\":\"https:\\\/\\\/vitablanca.ma\\\/#organization\",\"name\":\"VitaBlanca\",\"url\":\"https:\\\/\\\/vitablanca.ma\\\/\",\"logo\":{\"@type\":\"ImageObject\",\"inLanguage\":\"ar\",\"@id\":\"https:\\\/\\\/vitablanca.ma\\\/#\\\/schema\\\/logo\\\/image\\\/\",\"url\":\"https:\\\/\\\/vitablanca.ma\\\/wp-content\\\/uploads\\\/2025\\\/05\\\/cropped-vitablanca.png\",\"contentUrl\":\"https:\\\/\\\/vitablanca.ma\\\/wp-content\\\/uploads\\\/2025\\\/05\\\/cropped-vitablanca.png\",\"width\":360,\"height\":67,\"caption\":\"VitaBlanca\"},\"image\":{\"@id\":\"https:\\\/\\\/vitablanca.ma\\\/#\\\/schema\\\/logo\\\/image\\\/\"},\"sameAs\":[\"https:\\\/\\\/www.facebook.com\\\/profile.php?id=61576678196717\",\"https:\\\/\\\/www.tiktok.com\\\/@vitablanca.ma\",\"https:\\\/\\\/www.instagram.com\\\/vitablanca.ma\\\/\"]}]}<\/script>\n<!-- \/ Yoast SEO plugin. -->","yoast_head_json":{"title":"Isispharma Uveblock Dry Touch Teint\u00e9 SPF50+ 40ml - Maroc Prix","description":"Isispharma Uveblock Dry Touch Teint\u00e9 SPF50+ 40ml","robots":{"index":"index","follow":"follow","max-snippet":"max-snippet:-1","max-image-preview":"max-image-preview:large","max-video-preview":"max-video-preview:-1"},"canonical":"https:\/\/vitablanca.ma\/ar\/product-2\/isispharma-uveblock-dry-touch-teinte-spf50-40ml\/","og_locale":"ar_AR","og_type":"article","og_title":"Isispharma Uveblock Dry Touch Teint\u00e9 SPF50+ 40ml - Maroc Prix","og_description":"Isispharma Uveblock Dry Touch Teint\u00e9 SPF50+ 40ml","og_url":"https:\/\/vitablanca.ma\/ar\/product-2\/isispharma-uveblock-dry-touch-teinte-spf50-40ml\/","og_site_name":"Vitablanca.ma &ndash; Sant&eacute;, vitalit&eacute; et bien-&ecirc;tre pour tous les Marocains","article_publisher":"https:\/\/www.facebook.com\/profile.php?id=61576678196717","article_modified_time":"2025-12-24T16:33:20+00:00","og_image":[{"width":1000,"height":1000,"url":"https:\/\/vitablanca.ma\/wp-content\/uploads\/2025\/06\/Isispharma-Uveblock-Dry-Touch-Teinte-Claire-SPF50_-40ml-Nova-para-prix-Maroc.png","type":"image\/png"}],"twitter_card":"summary_large_image","twitter_misc":{"\u0648\u0642\u062a \u0627\u0644\u0642\u0631\u0627\u0621\u0629 \u0627\u0644\u0645\u064f\u0642\u062f\u0651\u0631":"\u062f\u0642\u064a\u0642\u062a\u0627\u0646"},"schema":{"@context":"https:\/\/schema.org","@graph":[{"@type":["WebPage","ItemPage"],"@id":"https:\/\/vitablanca.ma\/produit\/isispharma-uveblock-dry-touch-teinte-spf50-40ml\/","url":"https:\/\/vitablanca.ma\/produit\/isispharma-uveblock-dry-touch-teinte-spf50-40ml\/","name":"Isispharma Uveblock Dry Touch Teint\u00e9 SPF50+ 40ml - Maroc Prix","isPartOf":{"@id":"https:\/\/vitablanca.ma\/#website"},"primaryImageOfPage":{"@id":"https:\/\/vitablanca.ma\/produit\/isispharma-uveblock-dry-touch-teinte-spf50-40ml\/#primaryimage"},"image":{"@id":"https:\/\/vitablanca.ma\/produit\/isispharma-uveblock-dry-touch-teinte-spf50-40ml\/#primaryimage"},"thumbnailUrl":"https:\/\/vitablanca.ma\/wp-content\/uploads\/2025\/06\/Isispharma-Uveblock-Dry-Touch-Teinte-Claire-SPF50_-40ml-Nova-para-prix-Maroc.png","datePublished":"2025-06-10T17:56:34+00:00","dateModified":"2025-12-24T16:33:20+00:00","description":"Isispharma Uveblock Dry Touch Teint\u00e9 SPF50+ 40ml","breadcrumb":{"@id":"https:\/\/vitablanca.ma\/produit\/isispharma-uveblock-dry-touch-teinte-spf50-40ml\/#breadcrumb"},"inLanguage":"ar","potentialAction":[{"@type":"ReadAction","target":["https:\/\/vitablanca.ma\/produit\/isispharma-uveblock-dry-touch-teinte-spf50-40ml\/"]}]},{"@type":"ImageObject","inLanguage":"ar","@id":"https:\/\/vitablanca.ma\/produit\/isispharma-uveblock-dry-touch-teinte-spf50-40ml\/#primaryimage","url":"https:\/\/vitablanca.ma\/wp-content\/uploads\/2025\/06\/Isispharma-Uveblock-Dry-Touch-Teinte-Claire-SPF50_-40ml-Nova-para-prix-Maroc.png","contentUrl":"https:\/\/vitablanca.ma\/wp-content\/uploads\/2025\/06\/Isispharma-Uveblock-Dry-Touch-Teinte-Claire-SPF50_-40ml-Nova-para-prix-Maroc.png","width":1000,"height":1000},{"@type":"BreadcrumbList","@id":"https:\/\/vitablanca.ma\/produit\/isispharma-uveblock-dry-touch-teinte-spf50-40ml\/#breadcrumb","itemListElement":[{"@type":"ListItem","position":1,"name":"Home","item":"https:\/\/vitablanca.ma\/"},{"@type":"ListItem","position":2,"name":"Tous Les Produits","item":"https:\/\/vitablanca.ma\/tous-les-produits\/"},{"@type":"ListItem","position":3,"name":"Isispharma Uveblock Dry Touch Teint\u00e9 SPF50+ 40ml"}]},{"@type":"WebSite","@id":"https:\/\/vitablanca.ma\/#website","url":"https:\/\/vitablanca.ma\/","name":"VitaBlanca.ma | \u0627\u0644\u0645\u0643\u0645\u0644\u0627\u062a \u0627\u0644\u063a\u0630\u0627\u0626\u064a\u0629\u060c \u0627\u0644\u0635\u062d\u0629 \u0648\u0627\u0644\u062c\u0645\u0627\u0644 \u0641\u064a \u0627\u0644\u0645\u063a\u0631\u0628","description":"\u0646\u0628\u064a\u0639 \u0641\u064a\u062a\u0627\u0645\u064a\u0646\u0627\u062a \u0648\u0645\u0643\u0645\u0644\u0627\u062a \u063a\u0630\u0627\u0626\u064a\u0629 \u0641\u0627\u062e\u0631\u0629 \u0645\u0646 \u0627\u0644\u0648\u0644\u0627\u064a\u0627\u062a \u0627\u0644\u0645\u062a\u062d\u062f\u0629 \u0627\u0644\u0623\u0645\u0631\u064a\u0643\u064a\u0629 \u0648\u0643\u0646\u062f\u0627 \u0648\u0646\u064a\u0648\u0632\u064a\u0644\u0646\u062f\u0627 \u0648\u0627\u0644\u0645\u063a\u0631\u0628 (\u0646\u0627\u0648 \u0641\u0648\u062f\u0632\u060c \u0633\u0648\u0644\u062c\u0627\u0631\u060c \u0645\u0627\u0646\u0648\u0643\u0627). \u062a\u0648\u0635\u064a\u0644 \u0633\u0631\u064a\u0639 \u0625\u0644\u0649 \u062c\u0645\u064a\u0639 \u0623\u0646\u062d\u0627\u0621 \u0627\u0644\u0645\u063a\u0631\u0628.","publisher":{"@id":"https:\/\/vitablanca.ma\/#organization"},"alternateName":"VitaBlanca.ma","potentialAction":[{"@type":"SearchAction","target":{"@type":"EntryPoint","urlTemplate":"https:\/\/vitablanca.ma\/?s={search_term_string}"},"query-input":{"@type":"PropertyValueSpecification","valueRequired":true,"valueName":"search_term_string"}}],"inLanguage":"ar"},{"@type":"Organization","@id":"https:\/\/vitablanca.ma\/#organization","name":"\u0641\u064a\u062a\u0627\u0628\u0644\u0627\u0646\u0643\u0627","url":"https:\/\/vitablanca.ma\/","logo":{"@type":"ImageObject","inLanguage":"ar","@id":"https:\/\/vitablanca.ma\/#\/schema\/logo\/image\/","url":"https:\/\/vitablanca.ma\/wp-content\/uploads\/2025\/05\/cropped-vitablanca.png","contentUrl":"https:\/\/vitablanca.ma\/wp-content\/uploads\/2025\/05\/cropped-vitablanca.png","width":360,"height":67,"caption":"VitaBlanca"},"image":{"@id":"https:\/\/vitablanca.ma\/#\/schema\/logo\/image\/"},"sameAs":["https:\/\/www.facebook.com\/profile.php?id=61576678196717","https:\/\/www.tiktok.com\/@vitablanca.ma","https:\/\/www.instagram.com\/vitablanca.ma\/"]}]}},"jetpack_sharing_enabled":true,"_links":{"self":[{"href":"https:\/\/vitablanca.ma\/ar\/wp-json\/wp\/v2\/product\/19345","targetHints":{"allow":["GET"]}}],"collection":[{"href":"https:\/\/vitablanca.ma\/ar\/wp-json\/wp\/v2\/product"}],"about":[{"href":"https:\/\/vitablanca.ma\/ar\/wp-json\/wp\/v2\/types\/product"}],"wp:featuredmedia":[{"embeddable":true,"href":"https:\/\/vitablanca.ma\/ar\/wp-json\/wp\/v2\/media\/19335"}],"wp:attachment":[{"href":"https:\/\/vitablanca.ma\/ar\/wp-json\/wp\/v2\/media?parent=19345"}],"wp:term":[{"taxonomy":"product_brand","embeddable":true,"href":"https:\/\/vitablanca.ma\/ar\/wp-json\/wp\/v2\/product_brand?post=19345"},{"taxonomy":"product_cat","embeddable":true,"href":"https:\/\/vitablanca.ma\/ar\/wp-json\/wp\/v2\/product_cat?post=19345"},{"taxonomy":"product_tag","embeddable":true,"href":"https:\/\/vitablanca.ma\/ar\/wp-json\/wp\/v2\/product_tag?post=19345"}],"curies":[{"name":"wp","href":"https:\/\/api.w.org\/{rel}","templated":true}]}}