{"id":19342,"date":"2025-06-10T17:56:29","date_gmt":"2025-06-10T17:56:29","guid":{"rendered":"https:\/\/vitablanca.ma\/product\/gum-original-white-dentifrice-75ml-1745\/"},"modified":"2025-06-10T17:56:29","modified_gmt":"2025-06-10T17:56:29","slug":"gum-original-white-dentifrice-75ml-1745","status":"publish","type":"product","link":"https:\/\/vitablanca.ma\/ar\/product-2\/gum-original-white-dentifrice-75ml-1745\/","title":{"rendered":"\u0645\u0639\u062c\u0648\u0646 \u0623\u0633\u0646\u0627\u0646 \u063a\u0627\u0645 \u0627\u0644\u0623\u0635\u0644\u064a \u0627\u0644\u0623\u0628\u064a\u0636 75 \u0645\u0644 (1745)"},"content":{"rendered":"<div class=\"product detail parbase\" data-mce-fragment=\"1\">\n<div class=\"gum-Product cq-dd-product-data-reference grid-container\" data-mce-fragment=\"1\">\n<div data-v-317ff41e=\"\" class=\"custom-grid grid-x grid-margin-x small-mt-60 small-mb-60 medium-mb-120\" data-mce-fragment=\"1\">\n<div data-v-317ff41e=\"\" class=\"cell medium-7 float-right text-center medium-text-left medium-pr-60 large-pr-120\" data-mce-fragment=\"1\">\n<div data-v-317ff41e=\"\" class=\"h3-title small-mb-30 medium-mb-60 medium-mt-0 c-txt-grey-dark\" data-mce-fragment=\"1\">\n<h2 data-mce-fragment=\"1\"><span>Gum Original White Dentifrice nettoie en douceur les dents et revitalise les gencives.<\/span><\/h2>\n<p data-v-317ff41e=\"\" data-mce-fragment=\"1\">\u0645\u0646 \u0627\u0644\u0637\u0628\u064a\u0639\u064a \u062a\u0645\u0627\u0645\u064b\u0627 \u0623\u0646 \u062a\u0641\u0642\u062f \u0627\u0644\u0623\u0633\u0646\u0627\u0646 \u0628\u064a\u0627\u0636\u0647\u0627 \u0627\u0644\u0623\u0635\u0644\u064a \u0645\u0639 \u0645\u0631\u0648\u0631 \u0627\u0644\u0648\u0642\u062a. \u0642\u062f \u064a\u062d\u062f\u062b \u0647\u0630\u0627 \u0627\u0644\u062a\u063a\u064a\u064a\u0631 \u0628\u0633\u0628\u0628 \u0628\u0642\u0639 \u0628\u0639\u0636 \u0627\u0644\u0623\u0637\u0639\u0645\u0629 \u0623\u0648 \u0627\u0644\u0645\u0634\u0631\u0648\u0628\u0627\u062a \u0623\u0648 \u0627\u0644\u062a\u0628\u063a \u0623\u0648 \u0627\u0644\u0623\u062f\u0648\u064a\u0629\u060c \u0628\u0627\u0644\u0625\u0636\u0627\u0641\u0629 \u0625\u0644\u0649 \u0639\u0645\u0644\u064a\u0629 \u0627\u0644\u0634\u064a\u062e\u0648\u062e\u0629 \u0627\u0644\u0637\u0628\u064a\u0639\u064a\u0629.<\/p>\n<p data-v-317ff41e=\"\" data-mce-fragment=\"1\">Nos experts ont mis au point la gamme GUM Original White, non seulement pour \u00e9liminer efficacement les colorations, mais aussi pour aider \u00e0 pr\u00e9venir leur r\u00e9apparition.\u00a0 \u00a0<\/p>\n<p data-v-317ff41e=\"\" data-mce-fragment=\"1\">Id\u00e9al pour un usage quotidien, le dentifrice GUM Original White nettoie en douceur les dents, tout en renfor\u00e7ant vos dents et vos gencives.<\/p>\n<\/div>\n<\/div>\n<\/div>\n<\/div>\n<\/div>\n<div class=\"product-detail-parsys\" data-mce-fragment=\"1\">\n<div class=\"container-narrow\" data-mce-fragment=\"1\">\n<div data-mce-fragment=\"1\">\n<div class=\"experiencefragment\" data-mce-fragment=\"1\">\n<div class=\"xf-content-height\" data-mce-fragment=\"1\">\n<div class=\"producthighlights parbase\" data-mce-fragment=\"1\">\n<div class=\"grid-container small-mt-45 medium-mt-90 small-mb-45 medium-mb-90\" data-mce-fragment=\"1\">\n<div class=\"grid-x align-center\" data-mce-fragment=\"1\">\n<div class=\"small-12 medium-10 cell producthighlights__inner c-bg-gradient-default c-txt-white small-p-30 medium-p-60 small-pl-45 small-pr-45 medium-pl-90 medium-pr-90 large-pl-120 large-pr-120\" data-mce-fragment=\"1\">\n<div class=\"grid-container full\" data-mce-fragment=\"1\">\n<div class=\"grid-x align-justify grid-x--single-col\" data-mce-fragment=\"1\">\n<div class=\"cell small-12\" data-mce-fragment=\"1\">\n<div class=\"aem-fix\" data-mce-fragment=\"1\">\n<div class=\"aem-fix\" data-mce-fragment=\"1\">\n<h3 class=\"small-mb-15 small-mt-0 medium-mb-30 medium-mt-0 c-txt-white text-center\" data-mce-fragment=\"1\">\u0646\u0642\u0627\u0637<span data-mce-fragment=\"1\">\u00a0<\/span><b data-mce-fragment=\"1\">\u0642\u0648\u064a<\/b><br \/>\n<\/h3>\n<\/div>\n<div class=\"aem-fix\" data-mce-fragment=\"1\">\n<ul data-mce-fragment=\"1\">\n<li data-mce-fragment=\"1\">Elimine en douceur les colorations sans ab\u00eemer l\u2019\u00e9mail gr\u00e2ce \u00e0 la double action de la silice micronis\u00e9e et de l&rsquo;actif Stain Clear<span data-mce-fragment=\"1\"><sup data-mce-fragment=\"1\">TM<\/sup><\/span><br data-mce-fragment=\"1\">\n<\/li>\n<li data-mce-fragment=\"1\">Forme des micro-bulles pour une meilleure dispersion sur les surfaces dentaires<br data-mce-fragment=\"1\">\n<\/li>\n<li data-mce-fragment=\"1\">Renforce et prot\u00e8ge l\u2019\u00e9mail gr\u00e2ce au fluor (1490 ppm) et \u00e0 l&rsquo;isomalt<br data-mce-fragment=\"1\">\n<\/li>\n<li data-mce-fragment=\"1\">\u064a\u0646\u0634\u0637 \u0627\u0644\u0644\u062b\u0629<\/li>\n<\/ul>\n<\/div>\n<\/div>\n<\/div>\n<\/div>\n<\/div>\n<\/div>\n<\/div>\n<\/div>\n<\/div>\n<div class=\"columncontrol parbase\" data-mce-fragment=\"1\">\n<div class=\"grid-container small-mt-10 small-mb-10 medium-mt-20 medium-mb-20\" data-mce-fragment=\"1\">\n<div class=\"grid-x grid-margin-x align-middle\" data-mce-fragment=\"1\">\n<div class=\"cell small-12 medium-6 large-6\" data-mce-fragment=\"1\">\n<div data-mce-fragment=\"1\">\n<div class=\"cmp cmp-text\" data-mce-fragment=\"1\">\n<div class=\"grid-container\" data-mce-fragment=\"1\">\n<div class=\"grid-x align-center small-mt-30 small-mb-30 medium-mt-60 medium-mb-60\" data-mce-fragment=\"1\">\n<div class=\"cell small-12 medium-8\" data-mce-fragment=\"1\">\n<p data-mce-fragment=\"1\">Id\u00e9al pour un usage quotidien, le dentifrice GUM\u00a0Original White nettoie en douceur les dents, tout en renfor\u00e7ant vos dents et vos gencives.\u00a0Non seulement il \u00e9limine efficacement les colorations, mais il aide aussi \u00e0 pr\u00e9venir leur r\u00e9apparition.<\/p>\n<p data-mce-fragment=\"1\">Il offre de meilleurs r\u00e9sultats lorsqu&rsquo;il est utilis\u00e9 en combinaison avec<span data-mce-fragment=\"1\">\u00a0<\/span>la brosse \u00e0 dents GUM Original White.<\/p>\n<\/div>\n<\/div>\n<\/div>\n<\/div>\n<\/div>\n<\/div>\n<\/div>\n<\/div>\n<\/div>\n<div class=\"columncontrol parbase\" data-mce-fragment=\"1\">\n<div class=\"grid-container small-mt-10 small-mb-10 medium-mt-20 medium-mb-20\" data-mce-fragment=\"1\">\n<div class=\"grid-x grid-margin-x align-middle\" data-mce-fragment=\"1\">\n<div class=\"cell small-12 medium-6 large-6\" data-mce-fragment=\"1\">\n<div data-mce-fragment=\"1\">\n<div class=\"cmp cmp-text\" data-mce-fragment=\"1\">\n<div class=\"grid-container\" data-mce-fragment=\"1\">\n<div class=\"grid-x align-center small-mt-30 small-mb-30 medium-mt-60 medium-mb-60\" data-mce-fragment=\"1\">\n<div class=\"cell small-12 medium-8\" data-mce-fragment=\"1\">\n<p data-mce-fragment=\"1\">\u064a\u0642\u0648\u0645 \u0628\u062a\u0646\u0638\u064a\u0641 \u0627\u0644\u0623\u0633\u0646\u0627\u0646 \u0628\u0644\u0637\u0641 \u0648\u062a\u0646\u0634\u064a\u0637 \u0627\u0644\u0644\u062b\u0629.<\/p>\n<p data-mce-fragment=\"1\">Contient de la vitamine E et de la pro-vitamine B5 pour garder les gencives en bonne sant\u00e9 et gr\u00e2ce<span data-mce-fragment=\"1\">\u00a0au fluor et \u00e0 l&rsquo;isomalt pour fortifier l&rsquo;\u00e9mail.<\/span><\/p>\n<\/div>\n<\/div>\n<\/div>\n<\/div>\n<\/div>\n<\/div>\n<\/div>\n<\/div>\n<\/div>\n<\/div>\n<\/div>\n<\/div>\n<\/div>\n<\/div>","protected":false},"excerpt":{"rendered":"<p>Gum Original White Dentifrice nettoie en douceur les dents et revitalise les gencives. Il est parfaitement normal que les dents perdent de leur blancheur originelle avec le temps. Ce changement peut \u00eatre caus\u00e9 par des taches li\u00e9es \u00e0 la consommation de certains aliments, de boissons, de tabac, ou de m\u00e9dicaments, ainsi que par le processus [&hellip;]<\/p>\n","protected":false},"featured_media":19336,"template":"","meta":{"om_disable_all_campaigns":false},"product_brand":[],"product_cat":[15],"product_tag":[],"class_list":{"0":"post-19342","1":"product","2":"type-product","3":"status-publish","4":"has-post-thumbnail","6":"product_cat-beaute-sante-complements-alimentaires-soins-et-bien-etre-au-meilleur-prix","8":"first","9":"instock","10":"sale","11":"taxable","12":"shipping-taxable","13":"purchasable","14":"product-type-simple"},"yoast_head":"<!-- This site is optimized with the Yoast SEO plugin v27.4 - https:\/\/yoast.com\/product\/yoast-seo-wordpress\/ -->\n<title>Gum Original White Dentifrice 75ml (1745) - Maroc Prix<\/title>\n<meta name=\"description\" content=\"Gum Original White Dentifrice 75ml (1745)\" \/>\n<meta name=\"robots\" content=\"index, follow, max-snippet:-1, max-image-preview:large, max-video-preview:-1\" \/>\n<link rel=\"canonical\" href=\"https:\/\/vitablanca.ma\/ar\/product-2\/gum-original-white-dentifrice-75ml-1745\/\" \/>\n<meta property=\"og:locale\" content=\"ar_AR\" \/>\n<meta property=\"og:type\" content=\"article\" \/>\n<meta property=\"og:title\" content=\"Gum Original White Dentifrice 75ml (1745) - Maroc Prix\" \/>\n<meta property=\"og:description\" content=\"Gum Original White Dentifrice 75ml (1745)\" \/>\n<meta property=\"og:url\" content=\"https:\/\/vitablanca.ma\/ar\/product-2\/gum-original-white-dentifrice-75ml-1745\/\" \/>\n<meta property=\"og:site_name\" content=\"Vitablanca.ma &ndash; Sant&eacute;, vitalit&eacute; et bien-&ecirc;tre pour tous les Marocains\" \/>\n<meta property=\"article:publisher\" content=\"https:\/\/www.facebook.com\/profile.php?id=61576678196717\" \/>\n<meta property=\"og:image\" content=\"https:\/\/vitablanca.ma\/wp-content\/uploads\/2025\/06\/Gum-Original-White-Dentifrice-75ml-_1745_-nova-parapharmacie-maroc.png\" \/>\n\t<meta property=\"og:image:width\" content=\"1000\" \/>\n\t<meta property=\"og:image:height\" content=\"1000\" \/>\n\t<meta property=\"og:image:type\" content=\"image\/png\" \/>\n<meta name=\"twitter:card\" content=\"summary_large_image\" \/>\n<meta name=\"twitter:label1\" content=\"\u0648\u0642\u062a \u0627\u0644\u0642\u0631\u0627\u0621\u0629 \u0627\u0644\u0645\u064f\u0642\u062f\u0651\u0631\" \/>\n\t<meta name=\"twitter:data1\" content=\"\u062f\u0642\u064a\u0642\u0629 \u0648\u0627\u062d\u062f\u0629\" \/>\n<script type=\"application\/ld+json\" class=\"yoast-schema-graph\">{\"@context\":\"https:\\\/\\\/schema.org\",\"@graph\":[{\"@type\":[\"WebPage\",\"ItemPage\"],\"@id\":\"https:\\\/\\\/vitablanca.ma\\\/produit\\\/gum-original-white-dentifrice-75ml-1745\\\/\",\"url\":\"https:\\\/\\\/vitablanca.ma\\\/produit\\\/gum-original-white-dentifrice-75ml-1745\\\/\",\"name\":\"Gum Original White Dentifrice 75ml (1745) - Maroc Prix\",\"isPartOf\":{\"@id\":\"https:\\\/\\\/vitablanca.ma\\\/#website\"},\"primaryImageOfPage\":{\"@id\":\"https:\\\/\\\/vitablanca.ma\\\/produit\\\/gum-original-white-dentifrice-75ml-1745\\\/#primaryimage\"},\"image\":{\"@id\":\"https:\\\/\\\/vitablanca.ma\\\/produit\\\/gum-original-white-dentifrice-75ml-1745\\\/#primaryimage\"},\"thumbnailUrl\":\"https:\\\/\\\/vitablanca.ma\\\/wp-content\\\/uploads\\\/2025\\\/06\\\/Gum-Original-White-Dentifrice-75ml-_1745_-nova-parapharmacie-maroc.png\",\"datePublished\":\"2025-06-10T17:56:29+00:00\",\"description\":\"Gum Original White Dentifrice 75ml (1745)\",\"breadcrumb\":{\"@id\":\"https:\\\/\\\/vitablanca.ma\\\/produit\\\/gum-original-white-dentifrice-75ml-1745\\\/#breadcrumb\"},\"inLanguage\":\"ar\",\"potentialAction\":[{\"@type\":\"ReadAction\",\"target\":[\"https:\\\/\\\/vitablanca.ma\\\/produit\\\/gum-original-white-dentifrice-75ml-1745\\\/\"]}]},{\"@type\":\"ImageObject\",\"inLanguage\":\"ar\",\"@id\":\"https:\\\/\\\/vitablanca.ma\\\/produit\\\/gum-original-white-dentifrice-75ml-1745\\\/#primaryimage\",\"url\":\"https:\\\/\\\/vitablanca.ma\\\/wp-content\\\/uploads\\\/2025\\\/06\\\/Gum-Original-White-Dentifrice-75ml-_1745_-nova-parapharmacie-maroc.png\",\"contentUrl\":\"https:\\\/\\\/vitablanca.ma\\\/wp-content\\\/uploads\\\/2025\\\/06\\\/Gum-Original-White-Dentifrice-75ml-_1745_-nova-parapharmacie-maroc.png\",\"width\":1000,\"height\":1000},{\"@type\":\"BreadcrumbList\",\"@id\":\"https:\\\/\\\/vitablanca.ma\\\/produit\\\/gum-original-white-dentifrice-75ml-1745\\\/#breadcrumb\",\"itemListElement\":[{\"@type\":\"ListItem\",\"position\":1,\"name\":\"Home\",\"item\":\"https:\\\/\\\/vitablanca.ma\\\/\"},{\"@type\":\"ListItem\",\"position\":2,\"name\":\"Tous Les Produits\",\"item\":\"https:\\\/\\\/vitablanca.ma\\\/tous-les-produits\\\/\"},{\"@type\":\"ListItem\",\"position\":3,\"name\":\"Gum Original White Dentifrice 75ml (1745)\"}]},{\"@type\":\"WebSite\",\"@id\":\"https:\\\/\\\/vitablanca.ma\\\/#website\",\"url\":\"https:\\\/\\\/vitablanca.ma\\\/\",\"name\":\"VitaBlanca.ma | Compl\u00e9ments alimentaires, sant\u00e9 & beaut\u00e9 au Maroc\",\"description\":\"vendre vitamines et compl\u00e9ments premium des USA &amp; Canada, Nouvelle Z\u00e9lande,Maroc (NOW Foods, Solgar, Manuka). Livraison rapide partout au Maroc.\",\"publisher\":{\"@id\":\"https:\\\/\\\/vitablanca.ma\\\/#organization\"},\"alternateName\":\"VitaBlanca.ma\",\"potentialAction\":[{\"@type\":\"SearchAction\",\"target\":{\"@type\":\"EntryPoint\",\"urlTemplate\":\"https:\\\/\\\/vitablanca.ma\\\/?s={search_term_string}\"},\"query-input\":{\"@type\":\"PropertyValueSpecification\",\"valueRequired\":true,\"valueName\":\"search_term_string\"}}],\"inLanguage\":\"ar\"},{\"@type\":\"Organization\",\"@id\":\"https:\\\/\\\/vitablanca.ma\\\/#organization\",\"name\":\"VitaBlanca\",\"url\":\"https:\\\/\\\/vitablanca.ma\\\/\",\"logo\":{\"@type\":\"ImageObject\",\"inLanguage\":\"ar\",\"@id\":\"https:\\\/\\\/vitablanca.ma\\\/#\\\/schema\\\/logo\\\/image\\\/\",\"url\":\"https:\\\/\\\/vitablanca.ma\\\/wp-content\\\/uploads\\\/2025\\\/05\\\/cropped-vitablanca.png\",\"contentUrl\":\"https:\\\/\\\/vitablanca.ma\\\/wp-content\\\/uploads\\\/2025\\\/05\\\/cropped-vitablanca.png\",\"width\":360,\"height\":67,\"caption\":\"VitaBlanca\"},\"image\":{\"@id\":\"https:\\\/\\\/vitablanca.ma\\\/#\\\/schema\\\/logo\\\/image\\\/\"},\"sameAs\":[\"https:\\\/\\\/www.facebook.com\\\/profile.php?id=61576678196717\",\"https:\\\/\\\/www.tiktok.com\\\/@vitablanca.ma\",\"https:\\\/\\\/www.instagram.com\\\/vitablanca.ma\\\/\"]}]}<\/script>\n<!-- \/ Yoast SEO plugin. -->","yoast_head_json":{"title":"Gum Original White Dentifrice 75ml (1745) - Maroc Prix","description":"\u0645\u0639\u062c\u0648\u0646 \u0623\u0633\u0646\u0627\u0646 \u063a\u0627\u0645 \u0627\u0644\u0623\u0635\u0644\u064a \u0627\u0644\u0623\u0628\u064a\u0636 75 \u0645\u0644 (1745)","robots":{"index":"index","follow":"follow","max-snippet":"max-snippet:-1","max-image-preview":"max-image-preview:large","max-video-preview":"max-video-preview:-1"},"canonical":"https:\/\/vitablanca.ma\/ar\/product-2\/gum-original-white-dentifrice-75ml-1745\/","og_locale":"ar_AR","og_type":"article","og_title":"Gum Original White Dentifrice 75ml (1745) - Maroc Prix","og_description":"Gum Original White Dentifrice 75ml (1745)","og_url":"https:\/\/vitablanca.ma\/ar\/product-2\/gum-original-white-dentifrice-75ml-1745\/","og_site_name":"Vitablanca.ma &ndash; Sant&eacute;, vitalit&eacute; et bien-&ecirc;tre pour tous les Marocains","article_publisher":"https:\/\/www.facebook.com\/profile.php?id=61576678196717","og_image":[{"width":1000,"height":1000,"url":"https:\/\/vitablanca.ma\/wp-content\/uploads\/2025\/06\/Gum-Original-White-Dentifrice-75ml-_1745_-nova-parapharmacie-maroc.png","type":"image\/png"}],"twitter_card":"summary_large_image","twitter_misc":{"\u0648\u0642\u062a \u0627\u0644\u0642\u0631\u0627\u0621\u0629 \u0627\u0644\u0645\u064f\u0642\u062f\u0651\u0631":"\u062f\u0642\u064a\u0642\u0629 \u0648\u0627\u062d\u062f\u0629"},"schema":{"@context":"https:\/\/schema.org","@graph":[{"@type":["WebPage","ItemPage"],"@id":"https:\/\/vitablanca.ma\/produit\/gum-original-white-dentifrice-75ml-1745\/","url":"https:\/\/vitablanca.ma\/produit\/gum-original-white-dentifrice-75ml-1745\/","name":"Gum Original White Dentifrice 75ml (1745) - Maroc Prix","isPartOf":{"@id":"https:\/\/vitablanca.ma\/#website"},"primaryImageOfPage":{"@id":"https:\/\/vitablanca.ma\/produit\/gum-original-white-dentifrice-75ml-1745\/#primaryimage"},"image":{"@id":"https:\/\/vitablanca.ma\/produit\/gum-original-white-dentifrice-75ml-1745\/#primaryimage"},"thumbnailUrl":"https:\/\/vitablanca.ma\/wp-content\/uploads\/2025\/06\/Gum-Original-White-Dentifrice-75ml-_1745_-nova-parapharmacie-maroc.png","datePublished":"2025-06-10T17:56:29+00:00","description":"\u0645\u0639\u062c\u0648\u0646 \u0623\u0633\u0646\u0627\u0646 \u063a\u0627\u0645 \u0627\u0644\u0623\u0635\u0644\u064a \u0627\u0644\u0623\u0628\u064a\u0636 75 \u0645\u0644 (1745)","breadcrumb":{"@id":"https:\/\/vitablanca.ma\/produit\/gum-original-white-dentifrice-75ml-1745\/#breadcrumb"},"inLanguage":"ar","potentialAction":[{"@type":"ReadAction","target":["https:\/\/vitablanca.ma\/produit\/gum-original-white-dentifrice-75ml-1745\/"]}]},{"@type":"ImageObject","inLanguage":"ar","@id":"https:\/\/vitablanca.ma\/produit\/gum-original-white-dentifrice-75ml-1745\/#primaryimage","url":"https:\/\/vitablanca.ma\/wp-content\/uploads\/2025\/06\/Gum-Original-White-Dentifrice-75ml-_1745_-nova-parapharmacie-maroc.png","contentUrl":"https:\/\/vitablanca.ma\/wp-content\/uploads\/2025\/06\/Gum-Original-White-Dentifrice-75ml-_1745_-nova-parapharmacie-maroc.png","width":1000,"height":1000},{"@type":"BreadcrumbList","@id":"https:\/\/vitablanca.ma\/produit\/gum-original-white-dentifrice-75ml-1745\/#breadcrumb","itemListElement":[{"@type":"ListItem","position":1,"name":"Home","item":"https:\/\/vitablanca.ma\/"},{"@type":"ListItem","position":2,"name":"Tous Les Produits","item":"https:\/\/vitablanca.ma\/tous-les-produits\/"},{"@type":"ListItem","position":3,"name":"Gum Original White Dentifrice 75ml (1745)"}]},{"@type":"WebSite","@id":"https:\/\/vitablanca.ma\/#website","url":"https:\/\/vitablanca.ma\/","name":"VitaBlanca.ma | \u0627\u0644\u0645\u0643\u0645\u0644\u0627\u062a \u0627\u0644\u063a\u0630\u0627\u0626\u064a\u0629\u060c \u0627\u0644\u0635\u062d\u0629 \u0648\u0627\u0644\u062c\u0645\u0627\u0644 \u0641\u064a \u0627\u0644\u0645\u063a\u0631\u0628","description":"\u0646\u0628\u064a\u0639 \u0641\u064a\u062a\u0627\u0645\u064a\u0646\u0627\u062a \u0648\u0645\u0643\u0645\u0644\u0627\u062a \u063a\u0630\u0627\u0626\u064a\u0629 \u0641\u0627\u062e\u0631\u0629 \u0645\u0646 \u0627\u0644\u0648\u0644\u0627\u064a\u0627\u062a \u0627\u0644\u0645\u062a\u062d\u062f\u0629 \u0627\u0644\u0623\u0645\u0631\u064a\u0643\u064a\u0629 \u0648\u0643\u0646\u062f\u0627 \u0648\u0646\u064a\u0648\u0632\u064a\u0644\u0646\u062f\u0627 \u0648\u0627\u0644\u0645\u063a\u0631\u0628 (\u0646\u0627\u0648 \u0641\u0648\u062f\u0632\u060c \u0633\u0648\u0644\u062c\u0627\u0631\u060c \u0645\u0627\u0646\u0648\u0643\u0627). \u062a\u0648\u0635\u064a\u0644 \u0633\u0631\u064a\u0639 \u0625\u0644\u0649 \u062c\u0645\u064a\u0639 \u0623\u0646\u062d\u0627\u0621 \u0627\u0644\u0645\u063a\u0631\u0628.","publisher":{"@id":"https:\/\/vitablanca.ma\/#organization"},"alternateName":"VitaBlanca.ma","potentialAction":[{"@type":"SearchAction","target":{"@type":"EntryPoint","urlTemplate":"https:\/\/vitablanca.ma\/?s={search_term_string}"},"query-input":{"@type":"PropertyValueSpecification","valueRequired":true,"valueName":"search_term_string"}}],"inLanguage":"ar"},{"@type":"Organization","@id":"https:\/\/vitablanca.ma\/#organization","name":"\u0641\u064a\u062a\u0627\u0628\u0644\u0627\u0646\u0643\u0627","url":"https:\/\/vitablanca.ma\/","logo":{"@type":"ImageObject","inLanguage":"ar","@id":"https:\/\/vitablanca.ma\/#\/schema\/logo\/image\/","url":"https:\/\/vitablanca.ma\/wp-content\/uploads\/2025\/05\/cropped-vitablanca.png","contentUrl":"https:\/\/vitablanca.ma\/wp-content\/uploads\/2025\/05\/cropped-vitablanca.png","width":360,"height":67,"caption":"VitaBlanca"},"image":{"@id":"https:\/\/vitablanca.ma\/#\/schema\/logo\/image\/"},"sameAs":["https:\/\/www.facebook.com\/profile.php?id=61576678196717","https:\/\/www.tiktok.com\/@vitablanca.ma","https:\/\/www.instagram.com\/vitablanca.ma\/"]}]}},"jetpack_sharing_enabled":true,"_links":{"self":[{"href":"https:\/\/vitablanca.ma\/ar\/wp-json\/wp\/v2\/product\/19342","targetHints":{"allow":["GET"]}}],"collection":[{"href":"https:\/\/vitablanca.ma\/ar\/wp-json\/wp\/v2\/product"}],"about":[{"href":"https:\/\/vitablanca.ma\/ar\/wp-json\/wp\/v2\/types\/product"}],"wp:featuredmedia":[{"embeddable":true,"href":"https:\/\/vitablanca.ma\/ar\/wp-json\/wp\/v2\/media\/19336"}],"wp:attachment":[{"href":"https:\/\/vitablanca.ma\/ar\/wp-json\/wp\/v2\/media?parent=19342"}],"wp:term":[{"taxonomy":"product_brand","embeddable":true,"href":"https:\/\/vitablanca.ma\/ar\/wp-json\/wp\/v2\/product_brand?post=19342"},{"taxonomy":"product_cat","embeddable":true,"href":"https:\/\/vitablanca.ma\/ar\/wp-json\/wp\/v2\/product_cat?post=19342"},{"taxonomy":"product_tag","embeddable":true,"href":"https:\/\/vitablanca.ma\/ar\/wp-json\/wp\/v2\/product_tag?post=19342"}],"curies":[{"name":"wp","href":"https:\/\/api.w.org\/{rel}","templated":true}]}}