{"id":19333,"date":"2025-06-10T17:56:17","date_gmt":"2025-06-10T17:56:17","guid":{"rendered":"https:\/\/vitablanca.ma\/product\/kin-dentifrice-gingival-pate-75ml\/"},"modified":"2025-06-10T17:56:17","modified_gmt":"2025-06-10T17:56:17","slug":"kin-dentifrice-gingival-pate-75ml","status":"publish","type":"product","link":"https:\/\/vitablanca.ma\/ar\/product-2\/kin-dentifrice-gingival-pate-75ml\/","title":{"rendered":"\u0645\u0639\u062c\u0648\u0646 \u0623\u0633\u0646\u0627\u0646 \u0643\u064a\u0646 \u062c\u064a\u0646\u062c\u064a\u0641\u0627\u0644 \u0628\u064a\u0633\u062a 75 \u0645\u0644"},"content":{"rendered":"<h2 data-mce-fragment=\"1\"><span data-mce-fragment=\"1\">\u0645\u0639\u062c\u0648\u0646 \u0623\u0633\u0646\u0627\u0646 KIN Gingival Paste \u0644\u0627\u0633\u062a\u0639\u0627\u062f\u0629 \u0627\u0644\u0628\u064a\u0627\u0636 \u0627\u0644\u0637\u0628\u064a\u0639\u064a \u0644\u0644\u0623\u0633\u0646\u0627\u0646.<\/span><\/h2>\n<p data-mce-fragment=\"1\"><span data-mce-fragment=\"1\">\u062a\u0632\u062f\u0627\u062f \u0623\u0647\u0645\u064a\u0629 \u0627\u0644\u0639\u0646\u0627\u064a\u0629 \u0628\u0627\u0644\u0641\u0645\u060c \u0633\u0648\u0627\u0621\u064b \u0645\u0646 \u062d\u064a\u062b \u0627\u0644\u0646\u0638\u0627\u0641\u0629 \u0623\u0648 \u0627\u0644\u062c\u0645\u0627\u0644. \u0641\u0627\u0644\u0641\u0645 \u0627\u0644\u0633\u0644\u064a\u0645 \u0644\u064a\u0633 \u062f\u0644\u064a\u0644\u0627\u064b \u0648\u0627\u0636\u062d\u0627\u064b \u0639\u0644\u0649 \u0627\u0644\u0635\u062d\u0629 \u0648\u0627\u0644\u0634\u0628\u0627\u0628 \u0641\u062d\u0633\u0628\u060c \u0628\u0644 \u064a\u0624\u062b\u0631 \u0623\u064a\u0636\u0627\u064b \u0639\u0644\u0649 \u0639\u0644\u0627\u0642\u0627\u062a\u0646\u0627 \u0627\u0644\u0627\u062c\u062a\u0645\u0627\u0639\u064a\u0629. \u0648\u0644\u0630\u0644\u0643\u060c \u0627\u0632\u062f\u0627\u062f \u0627\u0644\u0627\u0647\u062a\u0645\u0627\u0645 \u0628\u062a\u062d\u0633\u064a\u0646 \u062a\u0642\u0646\u064a\u0627\u062a \u062a\u0628\u064a\u064a\u0636 \u0627\u0644\u0623\u0633\u0646\u0627\u0646 \u0648\u0627\u0633\u062a\u062e\u062f\u0627\u0645 \u0645\u0646\u062a\u062c\u0627\u062a \u062a\u0628\u064a\u064a\u0636\u0647\u0627 \u0628\u0634\u0643\u0644 \u0645\u0644\u062d\u0648\u0638.<\/span><\/p>\n<div class=\"item indications\" data-mce-fragment=\"1\">\n<h3 data-mce-fragment=\"1\">\u062f\u0648\u0627\u0639\u064a \u0627\u0644\u0627\u0633\u062a\u0639\u0645\u0627\u0644<\/h3>\n<p data-mce-fragment=\"1\">\u0645\u0639\u062c\u0648\u0646 \u0623\u0633\u0646\u0627\u0646 \u0645\u0628\u064a\u0636 \u064a\u0648\u0645\u064a \u0645\u0643\u0648\u0646 \u0645\u0646 \u0628\u064a\u0643\u0631\u0628\u0648\u0646\u0627\u062a \u0627\u0644\u0635\u0648\u062f\u064a\u0648\u0645 \u0627\u0644\u062f\u0642\u064a\u0642\u0629\u060c \u0644\u0625\u0632\u0627\u0644\u0629 \u0627\u0644\u0628\u0642\u0639 \u062a\u062f\u0631\u064a\u062c\u064a\u064b\u0627 \u062f\u0648\u0646 \u0627\u0644\u0625\u0636\u0631\u0627\u0631 \u0628\u0645\u064a\u0646\u0627 \u0627\u0644\u0623\u0633\u0646\u0627\u0646.<br data-mce-fragment=\"1\">\u062a\u0645\u062a \u0635\u064a\u0627\u063a\u062a\u0647 \u062e\u0635\u064a\u0635\u064b\u0627 \u0644\u0627\u0633\u062a\u0639\u0627\u062f\u0629 \u0627\u0644\u0628\u064a\u0627\u0636 \u0627\u0644\u0637\u0628\u064a\u0639\u064a \u0644\u0644\u0623\u0633\u0646\u0627\u0646.<br data-mce-fragment=\"1\">\u064a\u062a\u062d\u0643\u0645 \u0648\u064a\u0645\u0646\u0639 \u062a\u0643\u0648\u064a\u0646 \u062c\u064a\u0631 \u0627\u0644\u0623\u0633\u0646\u0627\u0646 \u0628\u0641\u0636\u0644 \u062a\u0631\u0643\u064a\u0628\u062a\u0647 \u0645\u0646 \u0628\u064a\u0631\u0648\u0641\u0648\u0633\u0641\u0627\u062a \u0627\u0644\u0635\u0648\u062f\u064a\u0648\u0645.<br data-mce-fragment=\"1\">\u064a\u0633\u0627\u0639\u062f \u0627\u0644\u0641\u0644\u0648\u0631\u0627\u064a\u062f \u0639\u0644\u0649 \u0645\u0646\u0639 \u062a\u0633\u0648\u0633 \u0627\u0644\u0623\u0633\u0646\u0627\u0646. \u064a\u064f\u0646\u0635\u062d \u0627\u0644\u0623\u0634\u062e\u0627\u0635 \u0627\u0644\u0630\u064a\u0646 \u064a\u0639\u0627\u0646\u0648\u0646 \u0645\u0646 \u062d\u0633\u0627\u0633\u064a\u0629 \u0627\u0644\u0644\u062b\u0629 \u0628\u062a\u0646\u0638\u064a\u0641 \u0623\u0633\u0646\u0627\u0646\u0647\u0645 \u0628\u0644\u0637\u0641 \u0628\u0627\u0644\u0641\u0631\u0634\u0627\u0629\u060c \u0648\u0627\u0633\u062a\u062e\u062f\u0627\u0645 \u0645\u0639\u062c\u0648\u0646 \u0627\u0644\u0623\u0633\u0646\u0627\u0646 \u0627\u0644\u0645\u064f\u0628\u064a\u0651\u0636 FKD\/KIN \u0628\u0627\u0644\u062a\u0646\u0627\u0648\u0628 \u0645\u0639 \u0645\u0639\u062c\u0648\u0646 \u0627\u0644\u0623\u0633\u0646\u0627\u0646 \u0627\u0644\u0639\u0627\u062f\u064a. \u0641\u064a \u062d\u0627\u0644 \u0645\u0644\u0627\u062d\u0638\u0629 \u0623\u064a \u0627\u0646\u0632\u0639\u0627\u062c \u0623\u062b\u0646\u0627\u0621 \u0623\u0648 \u0628\u0639\u062f \u062a\u0646\u0638\u064a\u0641 \u0627\u0644\u0623\u0633\u0646\u0627\u0646 \u0628\u0627\u0644\u0641\u0631\u0634\u0627\u0629\u060c \u062a\u0648\u0642\u0641 \u0639\u0646 \u0627\u0644\u0627\u0633\u062a\u062e\u062f\u0627\u0645.<\/p>\n<\/div>\n<div class=\"item use\" data-mce-fragment=\"1\">\n<h3 data-mce-fragment=\"1\">\u062a\u0639\u0644\u064a\u0645\u0627\u062a \u0627\u0644\u0627\u0633\u062a\u062e\u062f\u0627\u0645<\/h3>\n<p data-mce-fragment=\"1\">\u0642\u0645 \u0628\u062a\u0646\u0638\u064a\u0641 \u0623\u0633\u0646\u0627\u0646\u0643 \u0628\u0627\u0644\u0641\u0631\u0634\u0627\u0629 3 \u0645\u0631\u0627\u062a \u064a\u0648\u0645\u064a\u064b\u0627\u060c \u0648\u064a\u0641\u0636\u0644 \u0628\u0639\u062f \u0627\u0644\u0648\u062c\u0628\u0627\u062a \u0648\u0642\u0628\u0644 \u0627\u0644\u0630\u0647\u0627\u0628 \u0625\u0644\u0649 \u0627\u0644\u0646\u0648\u0645\u060c \u0644\u0645\u062f\u0629 2 \u0625\u0644\u0649 3 \u062f\u0642\u0627\u0626\u0642<\/p>\n<\/div>\n<div class=\"item warnings\" data-mce-fragment=\"1\">\n<h3 data-mce-fragment=\"1\">\u062a\u062d\u0630\u064a\u0631\u0627\u062a<\/h3>\n<p data-mce-fragment=\"1\">\u064a\u062d\u0641\u0638 \u0628\u0639\u064a\u062f\u0627 \u0639\u0646 \u0645\u062a\u0646\u0627\u0648\u0644 \u0627\u0644\u0623\u0637\u0641\u0627\u0644.<br data-mce-fragment=\"1\">\u0644\u0627 \u062a\u0628\u062a\u0644\u0639.<br data-mce-fragment=\"1\">\u062e\u0627\u0644\u064a \u0645\u0646 \u0627\u0644\u063a\u0644\u0648\u062a\u064a\u0646.<\/p>\n<h3 data-mce-fragment=\"1\">\u062a\u0639\u0628\u064a\u0631<\/h3>\n<p data-mce-fragment=\"1\">\u0628\u064a\u0643\u0631\u0628\u0648\u0646\u0627\u062a \u0627\u0644\u0635\u0648\u062f\u064a\u0648\u0645: 15<br data-mce-fragment=\"1\">% \u0641\u0644\u0648\u0631\u064a\u062f \u0627\u0644\u0635\u0648\u062f\u064a\u0648\u0645: 1000 \u062c\u0632\u0621 \u0641\u064a \u0627\u0644\u0645\u0644\u064a\u0648\u0646 F-<br data-mce-fragment=\"1\">\u0628\u064a\u0631\u0648\u0641\u0648\u0633\u0641\u0627\u062a \u0627\u0644\u0635\u0648\u062f\u064a\u0648\u0645: 3.3<\/p>\n<p data-mce-fragment=\"1\">\u00a0<\/p>\n<\/div>","protected":false},"excerpt":{"rendered":"<p>KIN Dentifrice\u00a0Gingival\u00a0Pate\u00a0pour retrouver la blancheur naturelle des dents. Les soins bucco-dentaires sont de plus en plus importants, tant sur le plan de l&rsquo;hygi\u00e8ne que sur celui de l&rsquo;esth\u00e9tique. Une bouche saine n&rsquo;est pas seulement une manifestation de sant\u00e9 et de jeunesse \u00e9vidente, mais elle affecte \u00e9galement nos relations sociales. C&rsquo;est pourquoi l&rsquo;int\u00e9r\u00eat pour l&rsquo;am\u00e9lioration des [&hellip;]<\/p>\n","protected":false},"featured_media":19329,"template":"","meta":{"om_disable_all_campaigns":false},"product_brand":[],"product_cat":[15],"product_tag":[],"class_list":{"0":"post-19333","1":"product","2":"type-product","3":"status-publish","4":"has-post-thumbnail","6":"product_cat-beaute-sante-complements-alimentaires-soins-et-bien-etre-au-meilleur-prix","8":"first","9":"instock","10":"sale","11":"taxable","12":"shipping-taxable","13":"purchasable","14":"product-type-simple"},"yoast_head":"<!-- This site is optimized with the Yoast SEO plugin v27.4 - https:\/\/yoast.com\/product\/yoast-seo-wordpress\/ -->\n<title>KIN Dentifrice Gingival Pate 75ml - Maroc Prix<\/title>\n<meta name=\"description\" content=\"KIN Dentifrice Gingival Pate 75ml\" \/>\n<meta name=\"robots\" content=\"index, follow, max-snippet:-1, max-image-preview:large, max-video-preview:-1\" \/>\n<link rel=\"canonical\" href=\"https:\/\/vitablanca.ma\/ar\/product-2\/kin-dentifrice-gingival-pate-75ml\/\" \/>\n<meta property=\"og:locale\" content=\"ar_AR\" \/>\n<meta property=\"og:type\" content=\"article\" \/>\n<meta property=\"og:title\" content=\"KIN Dentifrice Gingival Pate 75ml - Maroc Prix\" \/>\n<meta property=\"og:description\" content=\"KIN Dentifrice Gingival Pate 75ml\" \/>\n<meta property=\"og:url\" content=\"https:\/\/vitablanca.ma\/ar\/product-2\/kin-dentifrice-gingival-pate-75ml\/\" \/>\n<meta property=\"og:site_name\" content=\"Vitablanca.ma &ndash; Sant&eacute;, vitalit&eacute; et bien-&ecirc;tre pour tous les Marocains\" \/>\n<meta property=\"article:publisher\" content=\"https:\/\/www.facebook.com\/profile.php?id=61576678196717\" \/>\n<meta property=\"og:image\" content=\"https:\/\/vitablanca.ma\/wp-content\/uploads\/2025\/06\/kin-dentifrice-pate-gingival-75-ml-Nova-para-prix-Maroc.jpg\" \/>\n\t<meta property=\"og:image:width\" content=\"800\" \/>\n\t<meta property=\"og:image:height\" content=\"800\" \/>\n\t<meta property=\"og:image:type\" content=\"image\/jpeg\" \/>\n<meta name=\"twitter:card\" content=\"summary_large_image\" \/>\n<meta name=\"twitter:label1\" content=\"\u0648\u0642\u062a \u0627\u0644\u0642\u0631\u0627\u0621\u0629 \u0627\u0644\u0645\u064f\u0642\u062f\u0651\u0631\" \/>\n\t<meta name=\"twitter:data1\" content=\"\u062f\u0642\u064a\u0642\u0629 \u0648\u0627\u062d\u062f\u0629\" \/>\n<script type=\"application\/ld+json\" class=\"yoast-schema-graph\">{\"@context\":\"https:\\\/\\\/schema.org\",\"@graph\":[{\"@type\":[\"WebPage\",\"ItemPage\"],\"@id\":\"https:\\\/\\\/vitablanca.ma\\\/produit\\\/kin-dentifrice-gingival-pate-75ml\\\/\",\"url\":\"https:\\\/\\\/vitablanca.ma\\\/produit\\\/kin-dentifrice-gingival-pate-75ml\\\/\",\"name\":\"KIN Dentifrice Gingival Pate 75ml - Maroc Prix\",\"isPartOf\":{\"@id\":\"https:\\\/\\\/vitablanca.ma\\\/#website\"},\"primaryImageOfPage\":{\"@id\":\"https:\\\/\\\/vitablanca.ma\\\/produit\\\/kin-dentifrice-gingival-pate-75ml\\\/#primaryimage\"},\"image\":{\"@id\":\"https:\\\/\\\/vitablanca.ma\\\/produit\\\/kin-dentifrice-gingival-pate-75ml\\\/#primaryimage\"},\"thumbnailUrl\":\"https:\\\/\\\/vitablanca.ma\\\/wp-content\\\/uploads\\\/2025\\\/06\\\/kin-dentifrice-pate-gingival-75-ml-Nova-para-prix-Maroc.jpg\",\"datePublished\":\"2025-06-10T17:56:17+00:00\",\"description\":\"KIN Dentifrice Gingival Pate 75ml\",\"breadcrumb\":{\"@id\":\"https:\\\/\\\/vitablanca.ma\\\/produit\\\/kin-dentifrice-gingival-pate-75ml\\\/#breadcrumb\"},\"inLanguage\":\"ar\",\"potentialAction\":[{\"@type\":\"ReadAction\",\"target\":[\"https:\\\/\\\/vitablanca.ma\\\/produit\\\/kin-dentifrice-gingival-pate-75ml\\\/\"]}]},{\"@type\":\"ImageObject\",\"inLanguage\":\"ar\",\"@id\":\"https:\\\/\\\/vitablanca.ma\\\/produit\\\/kin-dentifrice-gingival-pate-75ml\\\/#primaryimage\",\"url\":\"https:\\\/\\\/vitablanca.ma\\\/wp-content\\\/uploads\\\/2025\\\/06\\\/kin-dentifrice-pate-gingival-75-ml-Nova-para-prix-Maroc.jpg\",\"contentUrl\":\"https:\\\/\\\/vitablanca.ma\\\/wp-content\\\/uploads\\\/2025\\\/06\\\/kin-dentifrice-pate-gingival-75-ml-Nova-para-prix-Maroc.jpg\",\"width\":800,\"height\":800},{\"@type\":\"BreadcrumbList\",\"@id\":\"https:\\\/\\\/vitablanca.ma\\\/produit\\\/kin-dentifrice-gingival-pate-75ml\\\/#breadcrumb\",\"itemListElement\":[{\"@type\":\"ListItem\",\"position\":1,\"name\":\"Home\",\"item\":\"https:\\\/\\\/vitablanca.ma\\\/\"},{\"@type\":\"ListItem\",\"position\":2,\"name\":\"Tous Les Produits\",\"item\":\"https:\\\/\\\/vitablanca.ma\\\/tous-les-produits\\\/\"},{\"@type\":\"ListItem\",\"position\":3,\"name\":\"KIN Dentifrice Gingival Pate 75ml\"}]},{\"@type\":\"WebSite\",\"@id\":\"https:\\\/\\\/vitablanca.ma\\\/#website\",\"url\":\"https:\\\/\\\/vitablanca.ma\\\/\",\"name\":\"VitaBlanca.ma | Compl\u00e9ments alimentaires, sant\u00e9 & beaut\u00e9 au Maroc\",\"description\":\"vendre vitamines et compl\u00e9ments premium des USA &amp; Canada, Nouvelle Z\u00e9lande,Maroc (NOW Foods, Solgar, Manuka). Livraison rapide partout au Maroc.\",\"publisher\":{\"@id\":\"https:\\\/\\\/vitablanca.ma\\\/#organization\"},\"alternateName\":\"VitaBlanca.ma\",\"potentialAction\":[{\"@type\":\"SearchAction\",\"target\":{\"@type\":\"EntryPoint\",\"urlTemplate\":\"https:\\\/\\\/vitablanca.ma\\\/?s={search_term_string}\"},\"query-input\":{\"@type\":\"PropertyValueSpecification\",\"valueRequired\":true,\"valueName\":\"search_term_string\"}}],\"inLanguage\":\"ar\"},{\"@type\":\"Organization\",\"@id\":\"https:\\\/\\\/vitablanca.ma\\\/#organization\",\"name\":\"VitaBlanca\",\"url\":\"https:\\\/\\\/vitablanca.ma\\\/\",\"logo\":{\"@type\":\"ImageObject\",\"inLanguage\":\"ar\",\"@id\":\"https:\\\/\\\/vitablanca.ma\\\/#\\\/schema\\\/logo\\\/image\\\/\",\"url\":\"https:\\\/\\\/vitablanca.ma\\\/wp-content\\\/uploads\\\/2025\\\/05\\\/cropped-vitablanca.png\",\"contentUrl\":\"https:\\\/\\\/vitablanca.ma\\\/wp-content\\\/uploads\\\/2025\\\/05\\\/cropped-vitablanca.png\",\"width\":360,\"height\":67,\"caption\":\"VitaBlanca\"},\"image\":{\"@id\":\"https:\\\/\\\/vitablanca.ma\\\/#\\\/schema\\\/logo\\\/image\\\/\"},\"sameAs\":[\"https:\\\/\\\/www.facebook.com\\\/profile.php?id=61576678196717\",\"https:\\\/\\\/www.tiktok.com\\\/@vitablanca.ma\",\"https:\\\/\\\/www.instagram.com\\\/vitablanca.ma\\\/\"]}]}<\/script>\n<!-- \/ Yoast SEO plugin. -->","yoast_head_json":{"title":"\u0645\u0639\u062c\u0648\u0646 \u0623\u0633\u0646\u0627\u0646 \u0643\u064a\u0646 \u062c\u064a\u0646\u062c\u064a\u0641\u0627\u0644 \u0628\u064a\u0633\u062a \u0667\u0665 \u0645\u0644 - \u0633\u0639\u0631 \u0627\u0644\u0645\u063a\u0631\u0628","description":"\u0645\u0639\u062c\u0648\u0646 \u0623\u0633\u0646\u0627\u0646 \u0643\u064a\u0646 \u062c\u064a\u0646\u062c\u064a\u0641\u0627\u0644 \u0628\u064a\u0633\u062a 75 \u0645\u0644","robots":{"index":"index","follow":"follow","max-snippet":"max-snippet:-1","max-image-preview":"max-image-preview:large","max-video-preview":"max-video-preview:-1"},"canonical":"https:\/\/vitablanca.ma\/ar\/product-2\/kin-dentifrice-gingival-pate-75ml\/","og_locale":"ar_AR","og_type":"article","og_title":"KIN Dentifrice Gingival Pate 75ml - Maroc Prix","og_description":"KIN Dentifrice Gingival Pate 75ml","og_url":"https:\/\/vitablanca.ma\/ar\/product-2\/kin-dentifrice-gingival-pate-75ml\/","og_site_name":"Vitablanca.ma &ndash; Sant&eacute;, vitalit&eacute; et bien-&ecirc;tre pour tous les Marocains","article_publisher":"https:\/\/www.facebook.com\/profile.php?id=61576678196717","og_image":[{"width":800,"height":800,"url":"https:\/\/vitablanca.ma\/wp-content\/uploads\/2025\/06\/kin-dentifrice-pate-gingival-75-ml-Nova-para-prix-Maroc.jpg","type":"image\/jpeg"}],"twitter_card":"summary_large_image","twitter_misc":{"\u0648\u0642\u062a \u0627\u0644\u0642\u0631\u0627\u0621\u0629 \u0627\u0644\u0645\u064f\u0642\u062f\u0651\u0631":"\u062f\u0642\u064a\u0642\u0629 \u0648\u0627\u062d\u062f\u0629"},"schema":{"@context":"https:\/\/schema.org","@graph":[{"@type":["WebPage","ItemPage"],"@id":"https:\/\/vitablanca.ma\/produit\/kin-dentifrice-gingival-pate-75ml\/","url":"https:\/\/vitablanca.ma\/produit\/kin-dentifrice-gingival-pate-75ml\/","name":"\u0645\u0639\u062c\u0648\u0646 \u0623\u0633\u0646\u0627\u0646 \u0643\u064a\u0646 \u062c\u064a\u0646\u062c\u064a\u0641\u0627\u0644 \u0628\u064a\u0633\u062a \u0667\u0665 \u0645\u0644 - \u0633\u0639\u0631 \u0627\u0644\u0645\u063a\u0631\u0628","isPartOf":{"@id":"https:\/\/vitablanca.ma\/#website"},"primaryImageOfPage":{"@id":"https:\/\/vitablanca.ma\/produit\/kin-dentifrice-gingival-pate-75ml\/#primaryimage"},"image":{"@id":"https:\/\/vitablanca.ma\/produit\/kin-dentifrice-gingival-pate-75ml\/#primaryimage"},"thumbnailUrl":"https:\/\/vitablanca.ma\/wp-content\/uploads\/2025\/06\/kin-dentifrice-pate-gingival-75-ml-Nova-para-prix-Maroc.jpg","datePublished":"2025-06-10T17:56:17+00:00","description":"\u0645\u0639\u062c\u0648\u0646 \u0623\u0633\u0646\u0627\u0646 \u0643\u064a\u0646 \u062c\u064a\u0646\u062c\u064a\u0641\u0627\u0644 \u0628\u064a\u0633\u062a 75 \u0645\u0644","breadcrumb":{"@id":"https:\/\/vitablanca.ma\/produit\/kin-dentifrice-gingival-pate-75ml\/#breadcrumb"},"inLanguage":"ar","potentialAction":[{"@type":"ReadAction","target":["https:\/\/vitablanca.ma\/produit\/kin-dentifrice-gingival-pate-75ml\/"]}]},{"@type":"ImageObject","inLanguage":"ar","@id":"https:\/\/vitablanca.ma\/produit\/kin-dentifrice-gingival-pate-75ml\/#primaryimage","url":"https:\/\/vitablanca.ma\/wp-content\/uploads\/2025\/06\/kin-dentifrice-pate-gingival-75-ml-Nova-para-prix-Maroc.jpg","contentUrl":"https:\/\/vitablanca.ma\/wp-content\/uploads\/2025\/06\/kin-dentifrice-pate-gingival-75-ml-Nova-para-prix-Maroc.jpg","width":800,"height":800},{"@type":"BreadcrumbList","@id":"https:\/\/vitablanca.ma\/produit\/kin-dentifrice-gingival-pate-75ml\/#breadcrumb","itemListElement":[{"@type":"ListItem","position":1,"name":"Home","item":"https:\/\/vitablanca.ma\/"},{"@type":"ListItem","position":2,"name":"Tous Les Produits","item":"https:\/\/vitablanca.ma\/tous-les-produits\/"},{"@type":"ListItem","position":3,"name":"KIN Dentifrice Gingival Pate 75ml"}]},{"@type":"WebSite","@id":"https:\/\/vitablanca.ma\/#website","url":"https:\/\/vitablanca.ma\/","name":"VitaBlanca.ma | \u0627\u0644\u0645\u0643\u0645\u0644\u0627\u062a \u0627\u0644\u063a\u0630\u0627\u0626\u064a\u0629\u060c \u0627\u0644\u0635\u062d\u0629 \u0648\u0627\u0644\u062c\u0645\u0627\u0644 \u0641\u064a \u0627\u0644\u0645\u063a\u0631\u0628","description":"\u0646\u0628\u064a\u0639 \u0641\u064a\u062a\u0627\u0645\u064a\u0646\u0627\u062a \u0648\u0645\u0643\u0645\u0644\u0627\u062a \u063a\u0630\u0627\u0626\u064a\u0629 \u0641\u0627\u062e\u0631\u0629 \u0645\u0646 \u0627\u0644\u0648\u0644\u0627\u064a\u0627\u062a \u0627\u0644\u0645\u062a\u062d\u062f\u0629 \u0627\u0644\u0623\u0645\u0631\u064a\u0643\u064a\u0629 \u0648\u0643\u0646\u062f\u0627 \u0648\u0646\u064a\u0648\u0632\u064a\u0644\u0646\u062f\u0627 \u0648\u0627\u0644\u0645\u063a\u0631\u0628 (\u0646\u0627\u0648 \u0641\u0648\u062f\u0632\u060c \u0633\u0648\u0644\u062c\u0627\u0631\u060c \u0645\u0627\u0646\u0648\u0643\u0627). \u062a\u0648\u0635\u064a\u0644 \u0633\u0631\u064a\u0639 \u0625\u0644\u0649 \u062c\u0645\u064a\u0639 \u0623\u0646\u062d\u0627\u0621 \u0627\u0644\u0645\u063a\u0631\u0628.","publisher":{"@id":"https:\/\/vitablanca.ma\/#organization"},"alternateName":"VitaBlanca.ma","potentialAction":[{"@type":"SearchAction","target":{"@type":"EntryPoint","urlTemplate":"https:\/\/vitablanca.ma\/?s={search_term_string}"},"query-input":{"@type":"PropertyValueSpecification","valueRequired":true,"valueName":"search_term_string"}}],"inLanguage":"ar"},{"@type":"Organization","@id":"https:\/\/vitablanca.ma\/#organization","name":"\u0641\u064a\u062a\u0627\u0628\u0644\u0627\u0646\u0643\u0627","url":"https:\/\/vitablanca.ma\/","logo":{"@type":"ImageObject","inLanguage":"ar","@id":"https:\/\/vitablanca.ma\/#\/schema\/logo\/image\/","url":"https:\/\/vitablanca.ma\/wp-content\/uploads\/2025\/05\/cropped-vitablanca.png","contentUrl":"https:\/\/vitablanca.ma\/wp-content\/uploads\/2025\/05\/cropped-vitablanca.png","width":360,"height":67,"caption":"VitaBlanca"},"image":{"@id":"https:\/\/vitablanca.ma\/#\/schema\/logo\/image\/"},"sameAs":["https:\/\/www.facebook.com\/profile.php?id=61576678196717","https:\/\/www.tiktok.com\/@vitablanca.ma","https:\/\/www.instagram.com\/vitablanca.ma\/"]}]}},"jetpack_sharing_enabled":true,"_links":{"self":[{"href":"https:\/\/vitablanca.ma\/ar\/wp-json\/wp\/v2\/product\/19333","targetHints":{"allow":["GET"]}}],"collection":[{"href":"https:\/\/vitablanca.ma\/ar\/wp-json\/wp\/v2\/product"}],"about":[{"href":"https:\/\/vitablanca.ma\/ar\/wp-json\/wp\/v2\/types\/product"}],"wp:featuredmedia":[{"embeddable":true,"href":"https:\/\/vitablanca.ma\/ar\/wp-json\/wp\/v2\/media\/19329"}],"wp:attachment":[{"href":"https:\/\/vitablanca.ma\/ar\/wp-json\/wp\/v2\/media?parent=19333"}],"wp:term":[{"taxonomy":"product_brand","embeddable":true,"href":"https:\/\/vitablanca.ma\/ar\/wp-json\/wp\/v2\/product_brand?post=19333"},{"taxonomy":"product_cat","embeddable":true,"href":"https:\/\/vitablanca.ma\/ar\/wp-json\/wp\/v2\/product_cat?post=19333"},{"taxonomy":"product_tag","embeddable":true,"href":"https:\/\/vitablanca.ma\/ar\/wp-json\/wp\/v2\/product_tag?post=19333"}],"curies":[{"name":"wp","href":"https:\/\/api.w.org\/{rel}","templated":true}]}}