{"id":19285,"date":"2025-06-10T17:55:20","date_gmt":"2025-06-10T17:55:20","guid":{"rendered":"https:\/\/vitablanca.ma\/product\/gum-sensivital-brosse-a-dents-509\/"},"modified":"2025-06-10T17:55:20","modified_gmt":"2025-06-10T17:55:20","slug":"gum-sensivital-brosse-a-dents-509","status":"publish","type":"product","link":"https:\/\/vitablanca.ma\/ar\/product-2\/gum-sensivital-brosse-a-dents-509\/","title":{"rendered":"\u0641\u0631\u0634\u0627\u0629 \u0623\u0633\u0646\u0627\u0646 \u063a\u0627\u0645 \u0633\u064a\u0646\u0633\u064a \u0641\u064a\u062a\u0627\u0644 (509)"},"content":{"rendered":"<div data-mce-fragment=\"1\" class=\"product detail parbase\">\n<div data-mce-fragment=\"1\" class=\"gum-Product cq-dd-product-data-reference grid-container\">\n<div data-mce-fragment=\"1\" class=\"custom-grid grid-x grid-margin-x small-mt-60 small-mb-60 medium-mb-120\" data-v-317ff41e=\"\">\n<div data-mce-fragment=\"1\" class=\"cell medium-7 float-right text-center medium-text-left medium-pr-60 large-pr-120\" data-v-317ff41e=\"\">\n<div data-mce-fragment=\"1\" class=\"h3-title small-mb-30 medium-mb-60 medium-mt-0 c-txt-grey-dark\" data-v-317ff41e=\"\">\n<h2 data-mce-fragment=\"1\"><span>Gum SensiVital Brosse \u00e0 Dents pour atteindre efficacement les espaces interdentaires<\/span><\/h2>\n<p data-mce-fragment=\"1\" data-v-317ff41e=\"\">La gamme GUM SensiVital aide \u00e0 pr\u00e9venir et \u00e0 soulager les personnes souffrant de sensibilit\u00e9 dentaire.\u00a0Notre brosse \u00e0 dents GUM SensiVital ultra-souple est tr\u00e8s douce en bouche, ce qui en fait un choix particuli\u00e8rement adapt\u00e9 pour toute personne souffrant de dents sensibles.<\/p>\n<p data-mce-fragment=\"1\" data-v-317ff41e=\"\">Elle a \u00e9t\u00e9 sp\u00e9cifiquement con\u00e7ue pour cibler la plaque sous tous les angles, laissant vos dents parfaitement propres.<\/p>\n<\/div>\n<\/div>\n<\/div>\n<\/div>\n<\/div>\n<div data-mce-fragment=\"1\" class=\"product-detail-parsys\">\n<div data-mce-fragment=\"1\" class=\"container-narrow\">\n<div data-mce-fragment=\"1\">\n<div data-mce-fragment=\"1\" class=\"experiencefragment\">\n<div data-mce-fragment=\"1\" class=\"xf-content-height\">\n<div data-mce-fragment=\"1\" class=\"producthighlights parbase\">\n<div data-mce-fragment=\"1\" class=\"grid-container small-mt-45 medium-mt-90 small-mb-45 medium-mb-90\">\n<div data-mce-fragment=\"1\" class=\"grid-x align-center\">\n<div data-mce-fragment=\"1\" class=\"small-12 medium-10 cell producthighlights__inner c-bg-gradient-default c-txt-white small-p-30 medium-p-60 small-pl-45 small-pr-45 medium-pl-90 medium-pr-90 large-pl-120 large-pr-120\">\n<div data-mce-fragment=\"1\" class=\"grid-container full\">\n<div data-mce-fragment=\"1\" class=\"grid-x align-justify grid-x--single-col\">\n<div data-mce-fragment=\"1\" class=\"cell small-12\">\n<div data-mce-fragment=\"1\" class=\"aem-fix\">\n<div data-mce-fragment=\"1\" class=\"aem-fix\">\n<h3 data-mce-fragment=\"1\" class=\"small-mb-15 small-mt-0 medium-mb-30 medium-mt-0 c-txt-white text-center\">\u0646\u0642\u0627\u0637<span data-mce-fragment=\"1\">\u00a0<\/span><b data-mce-fragment=\"1\">\u0642\u0648\u064a<\/b><br \/>\n<\/h3>\n<\/div>\n<div data-mce-fragment=\"1\" class=\"aem-fix\">\n<ul data-mce-fragment=\"1\">\n<li data-mce-fragment=\"1\">Brins longs coniques 15\/100, effil\u00e9s \u00e0 1\/100 aux extr\u00e9mit\u00e9s pour atteindre efficacement les espaces interdentaires et le sillon gingival tout en respecant les gencives fragiles\u00a0<br data-mce-fragment=\"1\">\n<\/li>\n<li data-mce-fragment=\"1\">T\u00eate compacte pour un acc\u00e8s facile \u00e0 toutes les zones de la bouche<\/li>\n<li data-mce-fragment=\"1\">\u0627\u0644\u063a\u0637\u0627\u0621 \u0645\u062a\u0636\u0645\u0646<\/li>\n<\/ul>\n<\/div>\n<\/div>\n<\/div>\n<\/div>\n<\/div>\n<\/div>\n<\/div>\n<\/div>\n<\/div>\n<\/div>\n<\/div>\n<\/div>\n<\/div>\n<\/div>","protected":false},"excerpt":{"rendered":"<p>Gum SensiVital Brosse \u00e0 Dents pour atteindre efficacement les espaces interdentaires La gamme GUM SensiVital aide \u00e0 pr\u00e9venir et \u00e0 soulager les personnes souffrant de sensibilit\u00e9 dentaire.\u00a0Notre brosse \u00e0 dents GUM SensiVital ultra-souple est tr\u00e8s douce en bouche, ce qui en fait un choix particuli\u00e8rement adapt\u00e9 pour toute personne souffrant de dents sensibles. Elle a [&hellip;]<\/p>\n","protected":false},"featured_media":19282,"template":"","meta":{"om_disable_all_campaigns":false},"product_brand":[],"product_cat":[15],"product_tag":[],"class_list":{"0":"post-19285","1":"product","2":"type-product","3":"status-publish","4":"has-post-thumbnail","6":"product_cat-beaute-sante-complements-alimentaires-soins-et-bien-etre-au-meilleur-prix","8":"first","9":"instock","10":"sale","11":"taxable","12":"shipping-taxable","13":"purchasable","14":"product-type-simple"},"yoast_head":"<!-- This site is optimized with the Yoast SEO plugin v27.5 - https:\/\/yoast.com\/product\/yoast-seo-wordpress\/ -->\n<title>Gum SensiVital Brosse \u00e0 Dents (509) - Maroc Prix<\/title>\n<meta name=\"description\" content=\"Gum SensiVital Brosse \u00e0 Dents (509)\" \/>\n<meta name=\"robots\" content=\"index, follow, max-snippet:-1, max-image-preview:large, max-video-preview:-1\" \/>\n<link rel=\"canonical\" href=\"https:\/\/vitablanca.ma\/ar\/product-2\/gum-sensivital-brosse-a-dents-509\/\" \/>\n<meta property=\"og:locale\" content=\"ar_AR\" \/>\n<meta property=\"og:type\" content=\"article\" \/>\n<meta property=\"og:title\" content=\"Gum SensiVital Brosse \u00e0 Dents (509) - Maroc Prix\" \/>\n<meta property=\"og:description\" content=\"Gum SensiVital Brosse \u00e0 Dents (509)\" \/>\n<meta property=\"og:url\" content=\"https:\/\/vitablanca.ma\/ar\/product-2\/gum-sensivital-brosse-a-dents-509\/\" \/>\n<meta property=\"og:site_name\" content=\"Vitablanca.ma &ndash; Sant&eacute;, vitalit&eacute; et bien-&ecirc;tre pour tous les Marocains\" \/>\n<meta property=\"article:publisher\" content=\"https:\/\/www.facebook.com\/profile.php?id=61576678196717\" \/>\n<meta property=\"og:image\" content=\"https:\/\/vitablanca.ma\/wp-content\/uploads\/2025\/06\/Gum-SensiVital-Brosse-a-Dents-_509_-nova-parapharmacie-maroc.png\" \/>\n\t<meta property=\"og:image:width\" content=\"1000\" \/>\n\t<meta property=\"og:image:height\" content=\"1000\" \/>\n\t<meta property=\"og:image:type\" content=\"image\/png\" \/>\n<meta name=\"twitter:card\" content=\"summary_large_image\" \/>\n<meta name=\"twitter:label1\" content=\"\u0648\u0642\u062a \u0627\u0644\u0642\u0631\u0627\u0621\u0629 \u0627\u0644\u0645\u064f\u0642\u062f\u0651\u0631\" \/>\n\t<meta name=\"twitter:data1\" content=\"\u062f\u0642\u064a\u0642\u0629 \u0648\u0627\u062d\u062f\u0629\" \/>\n<script type=\"application\/ld+json\" class=\"yoast-schema-graph\">{\"@context\":\"https:\\\/\\\/schema.org\",\"@graph\":[{\"@type\":[\"WebPage\",\"ItemPage\"],\"@id\":\"https:\\\/\\\/vitablanca.ma\\\/produit\\\/gum-sensivital-brosse-a-dents-509\\\/\",\"url\":\"https:\\\/\\\/vitablanca.ma\\\/produit\\\/gum-sensivital-brosse-a-dents-509\\\/\",\"name\":\"Gum SensiVital Brosse \u00e0 Dents (509) - Maroc Prix\",\"isPartOf\":{\"@id\":\"https:\\\/\\\/vitablanca.ma\\\/#website\"},\"primaryImageOfPage\":{\"@id\":\"https:\\\/\\\/vitablanca.ma\\\/produit\\\/gum-sensivital-brosse-a-dents-509\\\/#primaryimage\"},\"image\":{\"@id\":\"https:\\\/\\\/vitablanca.ma\\\/produit\\\/gum-sensivital-brosse-a-dents-509\\\/#primaryimage\"},\"thumbnailUrl\":\"https:\\\/\\\/vitablanca.ma\\\/wp-content\\\/uploads\\\/2025\\\/06\\\/Gum-SensiVital-Brosse-a-Dents-_509_-nova-parapharmacie-maroc.png\",\"datePublished\":\"2025-06-10T17:55:20+00:00\",\"description\":\"Gum SensiVital Brosse \u00e0 Dents (509)\",\"breadcrumb\":{\"@id\":\"https:\\\/\\\/vitablanca.ma\\\/produit\\\/gum-sensivital-brosse-a-dents-509\\\/#breadcrumb\"},\"inLanguage\":\"ar\",\"potentialAction\":[{\"@type\":\"ReadAction\",\"target\":[\"https:\\\/\\\/vitablanca.ma\\\/produit\\\/gum-sensivital-brosse-a-dents-509\\\/\"]}]},{\"@type\":\"ImageObject\",\"inLanguage\":\"ar\",\"@id\":\"https:\\\/\\\/vitablanca.ma\\\/produit\\\/gum-sensivital-brosse-a-dents-509\\\/#primaryimage\",\"url\":\"https:\\\/\\\/vitablanca.ma\\\/wp-content\\\/uploads\\\/2025\\\/06\\\/Gum-SensiVital-Brosse-a-Dents-_509_-nova-parapharmacie-maroc.png\",\"contentUrl\":\"https:\\\/\\\/vitablanca.ma\\\/wp-content\\\/uploads\\\/2025\\\/06\\\/Gum-SensiVital-Brosse-a-Dents-_509_-nova-parapharmacie-maroc.png\",\"width\":1000,\"height\":1000},{\"@type\":\"BreadcrumbList\",\"@id\":\"https:\\\/\\\/vitablanca.ma\\\/produit\\\/gum-sensivital-brosse-a-dents-509\\\/#breadcrumb\",\"itemListElement\":[{\"@type\":\"ListItem\",\"position\":1,\"name\":\"Home\",\"item\":\"https:\\\/\\\/vitablanca.ma\\\/\"},{\"@type\":\"ListItem\",\"position\":2,\"name\":\"Tous Les Produits\",\"item\":\"https:\\\/\\\/vitablanca.ma\\\/tous-les-produits\\\/\"},{\"@type\":\"ListItem\",\"position\":3,\"name\":\"Gum SensiVital Brosse \u00e0 Dents (509)\"}]},{\"@type\":\"WebSite\",\"@id\":\"https:\\\/\\\/vitablanca.ma\\\/#website\",\"url\":\"https:\\\/\\\/vitablanca.ma\\\/\",\"name\":\"VitaBlanca.ma | Compl\u00e9ments alimentaires, sant\u00e9 & beaut\u00e9 au Maroc\",\"description\":\"vendre vitamines et compl\u00e9ments premium des USA &amp; Canada, Nouvelle Z\u00e9lande,Maroc (NOW Foods, Solgar, Manuka). Livraison rapide partout au Maroc.\",\"publisher\":{\"@id\":\"https:\\\/\\\/vitablanca.ma\\\/#organization\"},\"alternateName\":\"VitaBlanca.ma\",\"potentialAction\":[{\"@type\":\"SearchAction\",\"target\":{\"@type\":\"EntryPoint\",\"urlTemplate\":\"https:\\\/\\\/vitablanca.ma\\\/?s={search_term_string}\"},\"query-input\":{\"@type\":\"PropertyValueSpecification\",\"valueRequired\":true,\"valueName\":\"search_term_string\"}}],\"inLanguage\":\"ar\"},{\"@type\":\"Organization\",\"@id\":\"https:\\\/\\\/vitablanca.ma\\\/#organization\",\"name\":\"VitaBlanca\",\"url\":\"https:\\\/\\\/vitablanca.ma\\\/\",\"logo\":{\"@type\":\"ImageObject\",\"inLanguage\":\"ar\",\"@id\":\"https:\\\/\\\/vitablanca.ma\\\/#\\\/schema\\\/logo\\\/image\\\/\",\"url\":\"https:\\\/\\\/vitablanca.ma\\\/wp-content\\\/uploads\\\/2025\\\/05\\\/cropped-vitablanca.png\",\"contentUrl\":\"https:\\\/\\\/vitablanca.ma\\\/wp-content\\\/uploads\\\/2025\\\/05\\\/cropped-vitablanca.png\",\"width\":360,\"height\":67,\"caption\":\"VitaBlanca\"},\"image\":{\"@id\":\"https:\\\/\\\/vitablanca.ma\\\/#\\\/schema\\\/logo\\\/image\\\/\"},\"sameAs\":[\"https:\\\/\\\/www.facebook.com\\\/profile.php?id=61576678196717\",\"https:\\\/\\\/www.tiktok.com\\\/@vitablanca.ma\",\"https:\\\/\\\/www.instagram.com\\\/vitablanca.ma\\\/\"]}]}<\/script>\n<!-- \/ Yoast SEO plugin. -->","yoast_head_json":{"title":"Gum SensiVital Brosse \u00e0 Dents (509) - Maroc Prix","description":"\u0641\u0631\u0634\u0627\u0629 \u0623\u0633\u0646\u0627\u0646 \u063a\u0627\u0645 \u0633\u064a\u0646\u0633\u064a \u0641\u064a\u062a\u0627\u0644 (509)","robots":{"index":"index","follow":"follow","max-snippet":"max-snippet:-1","max-image-preview":"max-image-preview:large","max-video-preview":"max-video-preview:-1"},"canonical":"https:\/\/vitablanca.ma\/ar\/product-2\/gum-sensivital-brosse-a-dents-509\/","og_locale":"ar_AR","og_type":"article","og_title":"Gum SensiVital Brosse \u00e0 Dents (509) - Maroc Prix","og_description":"Gum SensiVital Brosse \u00e0 Dents (509)","og_url":"https:\/\/vitablanca.ma\/ar\/product-2\/gum-sensivital-brosse-a-dents-509\/","og_site_name":"Vitablanca.ma &ndash; Sant&eacute;, vitalit&eacute; et bien-&ecirc;tre pour tous les Marocains","article_publisher":"https:\/\/www.facebook.com\/profile.php?id=61576678196717","og_image":[{"width":1000,"height":1000,"url":"https:\/\/vitablanca.ma\/wp-content\/uploads\/2025\/06\/Gum-SensiVital-Brosse-a-Dents-_509_-nova-parapharmacie-maroc.png","type":"image\/png"}],"twitter_card":"summary_large_image","twitter_misc":{"\u0648\u0642\u062a \u0627\u0644\u0642\u0631\u0627\u0621\u0629 \u0627\u0644\u0645\u064f\u0642\u062f\u0651\u0631":"\u062f\u0642\u064a\u0642\u0629 \u0648\u0627\u062d\u062f\u0629"},"schema":{"@context":"https:\/\/schema.org","@graph":[{"@type":["WebPage","ItemPage"],"@id":"https:\/\/vitablanca.ma\/produit\/gum-sensivital-brosse-a-dents-509\/","url":"https:\/\/vitablanca.ma\/produit\/gum-sensivital-brosse-a-dents-509\/","name":"Gum SensiVital Brosse \u00e0 Dents (509) - Maroc Prix","isPartOf":{"@id":"https:\/\/vitablanca.ma\/#website"},"primaryImageOfPage":{"@id":"https:\/\/vitablanca.ma\/produit\/gum-sensivital-brosse-a-dents-509\/#primaryimage"},"image":{"@id":"https:\/\/vitablanca.ma\/produit\/gum-sensivital-brosse-a-dents-509\/#primaryimage"},"thumbnailUrl":"https:\/\/vitablanca.ma\/wp-content\/uploads\/2025\/06\/Gum-SensiVital-Brosse-a-Dents-_509_-nova-parapharmacie-maroc.png","datePublished":"2025-06-10T17:55:20+00:00","description":"\u0641\u0631\u0634\u0627\u0629 \u0623\u0633\u0646\u0627\u0646 \u063a\u0627\u0645 \u0633\u064a\u0646\u0633\u064a \u0641\u064a\u062a\u0627\u0644 (509)","breadcrumb":{"@id":"https:\/\/vitablanca.ma\/produit\/gum-sensivital-brosse-a-dents-509\/#breadcrumb"},"inLanguage":"ar","potentialAction":[{"@type":"ReadAction","target":["https:\/\/vitablanca.ma\/produit\/gum-sensivital-brosse-a-dents-509\/"]}]},{"@type":"ImageObject","inLanguage":"ar","@id":"https:\/\/vitablanca.ma\/produit\/gum-sensivital-brosse-a-dents-509\/#primaryimage","url":"https:\/\/vitablanca.ma\/wp-content\/uploads\/2025\/06\/Gum-SensiVital-Brosse-a-Dents-_509_-nova-parapharmacie-maroc.png","contentUrl":"https:\/\/vitablanca.ma\/wp-content\/uploads\/2025\/06\/Gum-SensiVital-Brosse-a-Dents-_509_-nova-parapharmacie-maroc.png","width":1000,"height":1000},{"@type":"BreadcrumbList","@id":"https:\/\/vitablanca.ma\/produit\/gum-sensivital-brosse-a-dents-509\/#breadcrumb","itemListElement":[{"@type":"ListItem","position":1,"name":"Home","item":"https:\/\/vitablanca.ma\/"},{"@type":"ListItem","position":2,"name":"Tous Les Produits","item":"https:\/\/vitablanca.ma\/tous-les-produits\/"},{"@type":"ListItem","position":3,"name":"Gum SensiVital Brosse \u00e0 Dents (509)"}]},{"@type":"WebSite","@id":"https:\/\/vitablanca.ma\/#website","url":"https:\/\/vitablanca.ma\/","name":"VitaBlanca.ma | \u0627\u0644\u0645\u0643\u0645\u0644\u0627\u062a \u0627\u0644\u063a\u0630\u0627\u0626\u064a\u0629\u060c \u0627\u0644\u0635\u062d\u0629 \u0648\u0627\u0644\u062c\u0645\u0627\u0644 \u0641\u064a \u0627\u0644\u0645\u063a\u0631\u0628","description":"\u0646\u0628\u064a\u0639 \u0641\u064a\u062a\u0627\u0645\u064a\u0646\u0627\u062a \u0648\u0645\u0643\u0645\u0644\u0627\u062a \u063a\u0630\u0627\u0626\u064a\u0629 \u0641\u0627\u062e\u0631\u0629 \u0645\u0646 \u0627\u0644\u0648\u0644\u0627\u064a\u0627\u062a \u0627\u0644\u0645\u062a\u062d\u062f\u0629 \u0627\u0644\u0623\u0645\u0631\u064a\u0643\u064a\u0629 \u0648\u0643\u0646\u062f\u0627 \u0648\u0646\u064a\u0648\u0632\u064a\u0644\u0646\u062f\u0627 \u0648\u0627\u0644\u0645\u063a\u0631\u0628 (\u0646\u0627\u0648 \u0641\u0648\u062f\u0632\u060c \u0633\u0648\u0644\u062c\u0627\u0631\u060c \u0645\u0627\u0646\u0648\u0643\u0627). \u062a\u0648\u0635\u064a\u0644 \u0633\u0631\u064a\u0639 \u0625\u0644\u0649 \u062c\u0645\u064a\u0639 \u0623\u0646\u062d\u0627\u0621 \u0627\u0644\u0645\u063a\u0631\u0628.","publisher":{"@id":"https:\/\/vitablanca.ma\/#organization"},"alternateName":"VitaBlanca.ma","potentialAction":[{"@type":"SearchAction","target":{"@type":"EntryPoint","urlTemplate":"https:\/\/vitablanca.ma\/?s={search_term_string}"},"query-input":{"@type":"PropertyValueSpecification","valueRequired":true,"valueName":"search_term_string"}}],"inLanguage":"ar"},{"@type":"Organization","@id":"https:\/\/vitablanca.ma\/#organization","name":"\u0641\u064a\u062a\u0627\u0628\u0644\u0627\u0646\u0643\u0627","url":"https:\/\/vitablanca.ma\/","logo":{"@type":"ImageObject","inLanguage":"ar","@id":"https:\/\/vitablanca.ma\/#\/schema\/logo\/image\/","url":"https:\/\/vitablanca.ma\/wp-content\/uploads\/2025\/05\/cropped-vitablanca.png","contentUrl":"https:\/\/vitablanca.ma\/wp-content\/uploads\/2025\/05\/cropped-vitablanca.png","width":360,"height":67,"caption":"VitaBlanca"},"image":{"@id":"https:\/\/vitablanca.ma\/#\/schema\/logo\/image\/"},"sameAs":["https:\/\/www.facebook.com\/profile.php?id=61576678196717","https:\/\/www.tiktok.com\/@vitablanca.ma","https:\/\/www.instagram.com\/vitablanca.ma\/"]}]}},"jetpack_sharing_enabled":true,"_links":{"self":[{"href":"https:\/\/vitablanca.ma\/ar\/wp-json\/wp\/v2\/product\/19285","targetHints":{"allow":["GET"]}}],"collection":[{"href":"https:\/\/vitablanca.ma\/ar\/wp-json\/wp\/v2\/product"}],"about":[{"href":"https:\/\/vitablanca.ma\/ar\/wp-json\/wp\/v2\/types\/product"}],"wp:featuredmedia":[{"embeddable":true,"href":"https:\/\/vitablanca.ma\/ar\/wp-json\/wp\/v2\/media\/19282"}],"wp:attachment":[{"href":"https:\/\/vitablanca.ma\/ar\/wp-json\/wp\/v2\/media?parent=19285"}],"wp:term":[{"taxonomy":"product_brand","embeddable":true,"href":"https:\/\/vitablanca.ma\/ar\/wp-json\/wp\/v2\/product_brand?post=19285"},{"taxonomy":"product_cat","embeddable":true,"href":"https:\/\/vitablanca.ma\/ar\/wp-json\/wp\/v2\/product_cat?post=19285"},{"taxonomy":"product_tag","embeddable":true,"href":"https:\/\/vitablanca.ma\/ar\/wp-json\/wp\/v2\/product_tag?post=19285"}],"curies":[{"name":"wp","href":"https:\/\/api.w.org\/{rel}","templated":true}]}}