{"id":19278,"date":"2025-06-10T17:55:12","date_gmt":"2025-06-10T17:55:12","guid":{"rendered":"https:\/\/vitablanca.ma\/product\/janssen-cosmetics-fond-de-teint-diffusion-parfaite-30ml\/"},"modified":"2025-06-10T17:55:13","modified_gmt":"2025-06-10T17:55:13","slug":"janssen-cosmetics-fond-de-teint-diffusion-parfaite-30ml","status":"publish","type":"product","link":"https:\/\/vitablanca.ma\/ar\/product-2\/janssen-cosmetics-fond-de-teint-diffusion-parfaite-30ml\/","title":{"rendered":"\u0643\u0631\u064a\u0645 \u0623\u0633\u0627\u0633 \u062c\u0627\u0646\u0633\u0646 \u0643\u0648\u0632\u0645\u062a\u0643\u0633 \u0628\u064a\u0631\u0641\u0643\u062a \u062f\u064a\u0641\u064a\u0634\u0646 30 \u0645\u0644"},"content":{"rendered":"<h2>Janssen Cosmetics Fond De Teint Diffusion Parfaite <span data-mce-fragment=\"1\">Parfaite est un maquillage naturel avec protection UV.<\/span><br \/>\n<\/h2>\n<h3 class=\"descbox\">\u0637\u0644\u0628<\/h3>\n<p>Apr\u00e8s le d\u00e9maquillage et le soin, r\u00e9partir uniform\u00e9ment sur le visage et masser en douceur pour une meilleure p\u00e9n\u00e9tration. L\u2019utilisation d\u2019une \u00e9ponge de maquillage humidifi\u00e9e est \u00e9galement possible.<\/p>\n<p>\u00a0<\/p>\n<div class=\"descbox3\">\n<h3>\u0645\u0643\u0648\u0646\u0627\u062a<\/h3>\n<div class=\"mb-2\">\n<p class=\"cs95E872D0\"><span class=\"csD5D7D290\">\u2022<span>\u00a0<\/span><\/span><span class=\"cs31D24DEE\">Trim\u00e9thylsiloxysilicate :<\/span><span class=\"csD5D7D290\"><span>\u00a0<\/span>cr\u00e9ateur de film innovant ; fixe le maquillage \u00a0<\/span><\/p>\n<p class=\"cs95E872D0\"><span class=\"csD5D7D290\">\u2022<span>\u00a0<\/span><\/span><span class=\"cs31D24DEE\">Sodium Lauroyl Glutamate et Lysine :<\/span><span class=\"csD5D7D290\"><span>\u00a0<\/span>couche qui recouvre les pigments \u00e0 base d\u2019acides amin\u00e9s, garantit une application facile et une bonne tenue<\/span><\/p>\n<p class=\"cs95E872D0\"><span class=\"csD5D7D290\">\u2022<span>\u00a0<\/span><\/span><span class=\"cs31D24DEE\">Extrait de ferment de Pseudoalteromonas :<span>\u00a0<\/span><\/span><span class=\"csD5D7D290\">prot\u00e8ge de la s\u00e9cheresse, favorise la formation du collag\u00e8ne et de l\u2019\u00e9lastine et att\u00e9nue les rides<\/span><\/p>\n<p class=\"cs95E872D0\"><span class=\"csD5D7D290\">\u2022<span>\u00a0<\/span><\/span><span class=\"cs31D24DEE\">Acide hyaluronique :<\/span><span class=\"csD5D7D290\"><span>\u00a0<\/span>effet hydratant<\/span><\/p>\n<p class=\"cs95E872D0\"><span class=\"csD5D7D290\">\u2022<span>\u00a0<\/span><\/span><span class=\"cs31D24DEE\">\u062b\u0627\u0646\u064a \u0623\u0643\u0633\u064a\u062f \u0627\u0644\u062a\u064a\u062a\u0627\u0646\u064a\u0648\u0645:<\/span><span class=\"csD5D7D290\"><span>\u00a0<\/span>\u00e9cran solaire physique<\/span><\/p>\n<p class=\"cs95E872D0\"><span class=\"csD5D7D290\">\u2022<span>\u00a0<\/span><\/span><span class=\"cs31D24DEE\">Ethyl methoxycinnamate :<\/span><span class=\"csD5D7D290\"><span>\u00a0<\/span>filtre UVB<\/span><\/p>\n<p class=\"cs95E872D0\"><span class=\"csD5D7D290\">\u2022<span>\u00a0<\/span><\/span><span class=\"cs31D24DEE\">Octocryl\u00e8ne :<\/span><span class=\"csD5D7D290\"><span>\u00a0<\/span>filtre \u00e0 large spectre UVA \/ UVB<\/span><\/p>\n<\/div>\n<\/div>","protected":false},"excerpt":{"rendered":"<p>Janssen Cosmetics Fond De Teint Diffusion Parfaite Parfaite est un maquillage naturel avec protection UV. APPLICATION Apr\u00e8s le d\u00e9maquillage et le soin, r\u00e9partir uniform\u00e9ment sur le visage et masser en douceur pour une meilleure p\u00e9n\u00e9tration. L\u2019utilisation d\u2019une \u00e9ponge de maquillage humidifi\u00e9e est \u00e9galement possible. \u00a0 INGR\u00c9DIENTS \u2022\u00a0Trim\u00e9thylsiloxysilicate :\u00a0cr\u00e9ateur de film innovant ; fixe le maquillage [&hellip;]<\/p>\n","protected":false},"featured_media":19271,"template":"","meta":{"om_disable_all_campaigns":false},"product_brand":[],"product_cat":[15],"product_tag":[],"class_list":{"0":"post-19278","1":"product","2":"type-product","3":"status-publish","4":"has-post-thumbnail","6":"product_cat-beaute-sante-complements-alimentaires-soins-et-bien-etre-au-meilleur-prix","8":"first","9":"instock","10":"sale","11":"taxable","12":"shipping-taxable","13":"purchasable","14":"product-type-variable"},"yoast_head":"<!-- This site is optimized with the Yoast SEO plugin v27.5 - https:\/\/yoast.com\/product\/yoast-seo-wordpress\/ -->\n<title>Janssen Cosmetics Fond De Teint Diffusion Parfaite 30ml - Maroc Prix<\/title>\n<meta name=\"description\" content=\"Janssen Cosmetics Fond De Teint Diffusion Parfaite 30ml\" \/>\n<meta name=\"robots\" content=\"index, follow, max-snippet:-1, max-image-preview:large, max-video-preview:-1\" \/>\n<link rel=\"canonical\" href=\"https:\/\/vitablanca.ma\/ar\/product-2\/janssen-cosmetics-fond-de-teint-diffusion-parfaite-30ml\/\" \/>\n<meta property=\"og:locale\" content=\"ar_AR\" \/>\n<meta property=\"og:type\" content=\"article\" \/>\n<meta property=\"og:title\" content=\"Janssen Cosmetics Fond De Teint Diffusion Parfaite 30ml - Maroc Prix\" \/>\n<meta property=\"og:description\" content=\"Janssen Cosmetics Fond De Teint Diffusion Parfaite 30ml\" \/>\n<meta property=\"og:url\" content=\"https:\/\/vitablanca.ma\/ar\/product-2\/janssen-cosmetics-fond-de-teint-diffusion-parfaite-30ml\/\" \/>\n<meta property=\"og:site_name\" content=\"Vitablanca.ma &ndash; Sant&eacute;, vitalit&eacute; et bien-&ecirc;tre pour tous les Marocains\" \/>\n<meta property=\"article:publisher\" content=\"https:\/\/www.facebook.com\/profile.php?id=61576678196717\" \/>\n<meta property=\"article:modified_time\" content=\"2025-06-10T17:55:13+00:00\" \/>\n<meta property=\"og:image\" content=\"https:\/\/vitablanca.ma\/wp-content\/uploads\/2025\/06\/Janssen-Cosmetics-Fond-De-Teint-Diffusion-Parfaite-30ml-0-nova-parapharmacie-maroc.jpg\" \/>\n\t<meta property=\"og:image:width\" content=\"1000\" \/>\n\t<meta property=\"og:image:height\" content=\"1000\" \/>\n\t<meta property=\"og:image:type\" content=\"image\/jpeg\" \/>\n<meta name=\"twitter:card\" content=\"summary_large_image\" \/>\n<meta name=\"twitter:label1\" content=\"\u0648\u0642\u062a \u0627\u0644\u0642\u0631\u0627\u0621\u0629 \u0627\u0644\u0645\u064f\u0642\u062f\u0651\u0631\" \/>\n\t<meta name=\"twitter:data1\" content=\"\u062f\u0642\u064a\u0642\u0629 \u0648\u0627\u062d\u062f\u0629\" \/>\n<script type=\"application\/ld+json\" class=\"yoast-schema-graph\">{\"@context\":\"https:\\\/\\\/schema.org\",\"@graph\":[{\"@type\":[\"WebPage\",\"ItemPage\"],\"@id\":\"https:\\\/\\\/vitablanca.ma\\\/produit\\\/janssen-cosmetics-fond-de-teint-diffusion-parfaite-30ml\\\/\",\"url\":\"https:\\\/\\\/vitablanca.ma\\\/produit\\\/janssen-cosmetics-fond-de-teint-diffusion-parfaite-30ml\\\/\",\"name\":\"Janssen Cosmetics Fond De Teint Diffusion Parfaite 30ml - Maroc Prix\",\"isPartOf\":{\"@id\":\"https:\\\/\\\/vitablanca.ma\\\/#website\"},\"primaryImageOfPage\":{\"@id\":\"https:\\\/\\\/vitablanca.ma\\\/produit\\\/janssen-cosmetics-fond-de-teint-diffusion-parfaite-30ml\\\/#primaryimage\"},\"image\":{\"@id\":\"https:\\\/\\\/vitablanca.ma\\\/produit\\\/janssen-cosmetics-fond-de-teint-diffusion-parfaite-30ml\\\/#primaryimage\"},\"thumbnailUrl\":\"https:\\\/\\\/vitablanca.ma\\\/wp-content\\\/uploads\\\/2025\\\/06\\\/Janssen-Cosmetics-Fond-De-Teint-Diffusion-Parfaite-30ml-0-nova-parapharmacie-maroc.jpg\",\"datePublished\":\"2025-06-10T17:55:12+00:00\",\"dateModified\":\"2025-06-10T17:55:13+00:00\",\"description\":\"Janssen Cosmetics Fond De Teint Diffusion Parfaite 30ml\",\"breadcrumb\":{\"@id\":\"https:\\\/\\\/vitablanca.ma\\\/produit\\\/janssen-cosmetics-fond-de-teint-diffusion-parfaite-30ml\\\/#breadcrumb\"},\"inLanguage\":\"ar\",\"potentialAction\":[{\"@type\":\"ReadAction\",\"target\":[\"https:\\\/\\\/vitablanca.ma\\\/produit\\\/janssen-cosmetics-fond-de-teint-diffusion-parfaite-30ml\\\/\"]}]},{\"@type\":\"ImageObject\",\"inLanguage\":\"ar\",\"@id\":\"https:\\\/\\\/vitablanca.ma\\\/produit\\\/janssen-cosmetics-fond-de-teint-diffusion-parfaite-30ml\\\/#primaryimage\",\"url\":\"https:\\\/\\\/vitablanca.ma\\\/wp-content\\\/uploads\\\/2025\\\/06\\\/Janssen-Cosmetics-Fond-De-Teint-Diffusion-Parfaite-30ml-0-nova-parapharmacie-maroc.jpg\",\"contentUrl\":\"https:\\\/\\\/vitablanca.ma\\\/wp-content\\\/uploads\\\/2025\\\/06\\\/Janssen-Cosmetics-Fond-De-Teint-Diffusion-Parfaite-30ml-0-nova-parapharmacie-maroc.jpg\",\"width\":1000,\"height\":1000},{\"@type\":\"BreadcrumbList\",\"@id\":\"https:\\\/\\\/vitablanca.ma\\\/produit\\\/janssen-cosmetics-fond-de-teint-diffusion-parfaite-30ml\\\/#breadcrumb\",\"itemListElement\":[{\"@type\":\"ListItem\",\"position\":1,\"name\":\"Home\",\"item\":\"https:\\\/\\\/vitablanca.ma\\\/\"},{\"@type\":\"ListItem\",\"position\":2,\"name\":\"Tous Les Produits\",\"item\":\"https:\\\/\\\/vitablanca.ma\\\/tous-les-produits\\\/\"},{\"@type\":\"ListItem\",\"position\":3,\"name\":\"Janssen Cosmetics Fond De Teint Diffusion Parfaite 30ml\"}]},{\"@type\":\"WebSite\",\"@id\":\"https:\\\/\\\/vitablanca.ma\\\/#website\",\"url\":\"https:\\\/\\\/vitablanca.ma\\\/\",\"name\":\"VitaBlanca.ma | Compl\u00e9ments alimentaires, sant\u00e9 & beaut\u00e9 au Maroc\",\"description\":\"vendre vitamines et compl\u00e9ments premium des USA &amp; Canada, Nouvelle Z\u00e9lande,Maroc (NOW Foods, Solgar, Manuka). Livraison rapide partout au Maroc.\",\"publisher\":{\"@id\":\"https:\\\/\\\/vitablanca.ma\\\/#organization\"},\"alternateName\":\"VitaBlanca.ma\",\"potentialAction\":[{\"@type\":\"SearchAction\",\"target\":{\"@type\":\"EntryPoint\",\"urlTemplate\":\"https:\\\/\\\/vitablanca.ma\\\/?s={search_term_string}\"},\"query-input\":{\"@type\":\"PropertyValueSpecification\",\"valueRequired\":true,\"valueName\":\"search_term_string\"}}],\"inLanguage\":\"ar\"},{\"@type\":\"Organization\",\"@id\":\"https:\\\/\\\/vitablanca.ma\\\/#organization\",\"name\":\"VitaBlanca\",\"url\":\"https:\\\/\\\/vitablanca.ma\\\/\",\"logo\":{\"@type\":\"ImageObject\",\"inLanguage\":\"ar\",\"@id\":\"https:\\\/\\\/vitablanca.ma\\\/#\\\/schema\\\/logo\\\/image\\\/\",\"url\":\"https:\\\/\\\/vitablanca.ma\\\/wp-content\\\/uploads\\\/2025\\\/05\\\/cropped-vitablanca.png\",\"contentUrl\":\"https:\\\/\\\/vitablanca.ma\\\/wp-content\\\/uploads\\\/2025\\\/05\\\/cropped-vitablanca.png\",\"width\":360,\"height\":67,\"caption\":\"VitaBlanca\"},\"image\":{\"@id\":\"https:\\\/\\\/vitablanca.ma\\\/#\\\/schema\\\/logo\\\/image\\\/\"},\"sameAs\":[\"https:\\\/\\\/www.facebook.com\\\/profile.php?id=61576678196717\",\"https:\\\/\\\/www.tiktok.com\\\/@vitablanca.ma\",\"https:\\\/\\\/www.instagram.com\\\/vitablanca.ma\\\/\"]}]}<\/script>\n<!-- \/ Yoast SEO plugin. -->","yoast_head_json":{"title":"Janssen Cosmetics Fond De Teint Diffusion Parfaite 30ml - Maroc Prix","description":"\u0643\u0631\u064a\u0645 \u0623\u0633\u0627\u0633 \u062c\u0627\u0646\u0633\u0646 \u0643\u0648\u0632\u0645\u062a\u0643\u0633 \u0628\u064a\u0631\u0641\u0643\u062a \u062f\u064a\u0641\u064a\u0634\u0646 30 \u0645\u0644","robots":{"index":"index","follow":"follow","max-snippet":"max-snippet:-1","max-image-preview":"max-image-preview:large","max-video-preview":"max-video-preview:-1"},"canonical":"https:\/\/vitablanca.ma\/ar\/product-2\/janssen-cosmetics-fond-de-teint-diffusion-parfaite-30ml\/","og_locale":"ar_AR","og_type":"article","og_title":"Janssen Cosmetics Fond De Teint Diffusion Parfaite 30ml - Maroc Prix","og_description":"Janssen Cosmetics Fond De Teint Diffusion Parfaite 30ml","og_url":"https:\/\/vitablanca.ma\/ar\/product-2\/janssen-cosmetics-fond-de-teint-diffusion-parfaite-30ml\/","og_site_name":"Vitablanca.ma &ndash; Sant&eacute;, vitalit&eacute; et bien-&ecirc;tre pour tous les Marocains","article_publisher":"https:\/\/www.facebook.com\/profile.php?id=61576678196717","article_modified_time":"2025-06-10T17:55:13+00:00","og_image":[{"width":1000,"height":1000,"url":"https:\/\/vitablanca.ma\/wp-content\/uploads\/2025\/06\/Janssen-Cosmetics-Fond-De-Teint-Diffusion-Parfaite-30ml-0-nova-parapharmacie-maroc.jpg","type":"image\/jpeg"}],"twitter_card":"summary_large_image","twitter_misc":{"\u0648\u0642\u062a \u0627\u0644\u0642\u0631\u0627\u0621\u0629 \u0627\u0644\u0645\u064f\u0642\u062f\u0651\u0631":"\u062f\u0642\u064a\u0642\u0629 \u0648\u0627\u062d\u062f\u0629"},"schema":{"@context":"https:\/\/schema.org","@graph":[{"@type":["WebPage","ItemPage"],"@id":"https:\/\/vitablanca.ma\/produit\/janssen-cosmetics-fond-de-teint-diffusion-parfaite-30ml\/","url":"https:\/\/vitablanca.ma\/produit\/janssen-cosmetics-fond-de-teint-diffusion-parfaite-30ml\/","name":"Janssen Cosmetics Fond De Teint Diffusion Parfaite 30ml - Maroc Prix","isPartOf":{"@id":"https:\/\/vitablanca.ma\/#website"},"primaryImageOfPage":{"@id":"https:\/\/vitablanca.ma\/produit\/janssen-cosmetics-fond-de-teint-diffusion-parfaite-30ml\/#primaryimage"},"image":{"@id":"https:\/\/vitablanca.ma\/produit\/janssen-cosmetics-fond-de-teint-diffusion-parfaite-30ml\/#primaryimage"},"thumbnailUrl":"https:\/\/vitablanca.ma\/wp-content\/uploads\/2025\/06\/Janssen-Cosmetics-Fond-De-Teint-Diffusion-Parfaite-30ml-0-nova-parapharmacie-maroc.jpg","datePublished":"2025-06-10T17:55:12+00:00","dateModified":"2025-06-10T17:55:13+00:00","description":"\u0643\u0631\u064a\u0645 \u0623\u0633\u0627\u0633 \u062c\u0627\u0646\u0633\u0646 \u0643\u0648\u0632\u0645\u062a\u0643\u0633 \u0628\u064a\u0631\u0641\u0643\u062a \u062f\u064a\u0641\u064a\u0634\u0646 30 \u0645\u0644","breadcrumb":{"@id":"https:\/\/vitablanca.ma\/produit\/janssen-cosmetics-fond-de-teint-diffusion-parfaite-30ml\/#breadcrumb"},"inLanguage":"ar","potentialAction":[{"@type":"ReadAction","target":["https:\/\/vitablanca.ma\/produit\/janssen-cosmetics-fond-de-teint-diffusion-parfaite-30ml\/"]}]},{"@type":"ImageObject","inLanguage":"ar","@id":"https:\/\/vitablanca.ma\/produit\/janssen-cosmetics-fond-de-teint-diffusion-parfaite-30ml\/#primaryimage","url":"https:\/\/vitablanca.ma\/wp-content\/uploads\/2025\/06\/Janssen-Cosmetics-Fond-De-Teint-Diffusion-Parfaite-30ml-0-nova-parapharmacie-maroc.jpg","contentUrl":"https:\/\/vitablanca.ma\/wp-content\/uploads\/2025\/06\/Janssen-Cosmetics-Fond-De-Teint-Diffusion-Parfaite-30ml-0-nova-parapharmacie-maroc.jpg","width":1000,"height":1000},{"@type":"BreadcrumbList","@id":"https:\/\/vitablanca.ma\/produit\/janssen-cosmetics-fond-de-teint-diffusion-parfaite-30ml\/#breadcrumb","itemListElement":[{"@type":"ListItem","position":1,"name":"Home","item":"https:\/\/vitablanca.ma\/"},{"@type":"ListItem","position":2,"name":"Tous Les Produits","item":"https:\/\/vitablanca.ma\/tous-les-produits\/"},{"@type":"ListItem","position":3,"name":"Janssen Cosmetics Fond De Teint Diffusion Parfaite 30ml"}]},{"@type":"WebSite","@id":"https:\/\/vitablanca.ma\/#website","url":"https:\/\/vitablanca.ma\/","name":"VitaBlanca.ma | \u0627\u0644\u0645\u0643\u0645\u0644\u0627\u062a \u0627\u0644\u063a\u0630\u0627\u0626\u064a\u0629\u060c \u0627\u0644\u0635\u062d\u0629 \u0648\u0627\u0644\u062c\u0645\u0627\u0644 \u0641\u064a \u0627\u0644\u0645\u063a\u0631\u0628","description":"\u0646\u0628\u064a\u0639 \u0641\u064a\u062a\u0627\u0645\u064a\u0646\u0627\u062a \u0648\u0645\u0643\u0645\u0644\u0627\u062a \u063a\u0630\u0627\u0626\u064a\u0629 \u0641\u0627\u062e\u0631\u0629 \u0645\u0646 \u0627\u0644\u0648\u0644\u0627\u064a\u0627\u062a \u0627\u0644\u0645\u062a\u062d\u062f\u0629 \u0627\u0644\u0623\u0645\u0631\u064a\u0643\u064a\u0629 \u0648\u0643\u0646\u062f\u0627 \u0648\u0646\u064a\u0648\u0632\u064a\u0644\u0646\u062f\u0627 \u0648\u0627\u0644\u0645\u063a\u0631\u0628 (\u0646\u0627\u0648 \u0641\u0648\u062f\u0632\u060c \u0633\u0648\u0644\u062c\u0627\u0631\u060c \u0645\u0627\u0646\u0648\u0643\u0627). \u062a\u0648\u0635\u064a\u0644 \u0633\u0631\u064a\u0639 \u0625\u0644\u0649 \u062c\u0645\u064a\u0639 \u0623\u0646\u062d\u0627\u0621 \u0627\u0644\u0645\u063a\u0631\u0628.","publisher":{"@id":"https:\/\/vitablanca.ma\/#organization"},"alternateName":"VitaBlanca.ma","potentialAction":[{"@type":"SearchAction","target":{"@type":"EntryPoint","urlTemplate":"https:\/\/vitablanca.ma\/?s={search_term_string}"},"query-input":{"@type":"PropertyValueSpecification","valueRequired":true,"valueName":"search_term_string"}}],"inLanguage":"ar"},{"@type":"Organization","@id":"https:\/\/vitablanca.ma\/#organization","name":"\u0641\u064a\u062a\u0627\u0628\u0644\u0627\u0646\u0643\u0627","url":"https:\/\/vitablanca.ma\/","logo":{"@type":"ImageObject","inLanguage":"ar","@id":"https:\/\/vitablanca.ma\/#\/schema\/logo\/image\/","url":"https:\/\/vitablanca.ma\/wp-content\/uploads\/2025\/05\/cropped-vitablanca.png","contentUrl":"https:\/\/vitablanca.ma\/wp-content\/uploads\/2025\/05\/cropped-vitablanca.png","width":360,"height":67,"caption":"VitaBlanca"},"image":{"@id":"https:\/\/vitablanca.ma\/#\/schema\/logo\/image\/"},"sameAs":["https:\/\/www.facebook.com\/profile.php?id=61576678196717","https:\/\/www.tiktok.com\/@vitablanca.ma","https:\/\/www.instagram.com\/vitablanca.ma\/"]}]}},"jetpack_sharing_enabled":true,"_links":{"self":[{"href":"https:\/\/vitablanca.ma\/ar\/wp-json\/wp\/v2\/product\/19278","targetHints":{"allow":["GET"]}}],"collection":[{"href":"https:\/\/vitablanca.ma\/ar\/wp-json\/wp\/v2\/product"}],"about":[{"href":"https:\/\/vitablanca.ma\/ar\/wp-json\/wp\/v2\/types\/product"}],"wp:featuredmedia":[{"embeddable":true,"href":"https:\/\/vitablanca.ma\/ar\/wp-json\/wp\/v2\/media\/19271"}],"wp:attachment":[{"href":"https:\/\/vitablanca.ma\/ar\/wp-json\/wp\/v2\/media?parent=19278"}],"wp:term":[{"taxonomy":"product_brand","embeddable":true,"href":"https:\/\/vitablanca.ma\/ar\/wp-json\/wp\/v2\/product_brand?post=19278"},{"taxonomy":"product_cat","embeddable":true,"href":"https:\/\/vitablanca.ma\/ar\/wp-json\/wp\/v2\/product_cat?post=19278"},{"taxonomy":"product_tag","embeddable":true,"href":"https:\/\/vitablanca.ma\/ar\/wp-json\/wp\/v2\/product_tag?post=19278"}],"curies":[{"name":"wp","href":"https:\/\/api.w.org\/{rel}","templated":true}]}}