{"id":19238,"date":"2025-06-10T17:53:51","date_gmt":"2025-06-10T17:53:51","guid":{"rendered":"https:\/\/vitablanca.ma\/product\/isispharma-uveblock-fluide-spf50-40ml\/"},"modified":"2025-12-24T16:33:22","modified_gmt":"2025-12-24T16:33:22","slug":"isispharma-uveblock-fluide-spf50-40ml","status":"publish","type":"product","link":"https:\/\/vitablanca.ma\/ar\/product-2\/isispharma-uveblock-fluide-spf50-40ml\/","title":{"rendered":"Isispharma Uveblock Fluide SPF50+ 40ml"},"content":{"rendered":"<h2>Isispharma Uveblock Fluide SPF50+ <span data-mce-fragment=\"1\">prot\u00e8ge efficacement votre peau sensible du soleil<\/span><br \/>\n<\/h2>\n<div class=\"sp_details--tab accordion_item open\">\n<h3 class=\"sp_details--tab-title accordion_item--toggle\">COMMENT L&rsquo;UTILISER ?<span class=\"sp_details--tab-toggle-icon\"><\/span><br \/>\n<\/h3>\n<div class=\"sp_details--tab-content accordion_item--content\">\n<div class=\"accordion_item--content-inner rich-text\">\n<div class=\"sp_details--content\">\n<p><strong>Sur votre visage et cou<\/strong><br \/>Utilisez Uveblock SPF50+ Fluide quelques minutes avant une exposition au soleil. Ce soin p\u00e9n\u00e8tre rapidement sans laisser de trace, tout en apportant une agr\u00e9able sensation de fra\u00eecheur. Sa version teint\u00e9e vous procure un effet \u00ab\u00a0bonne mine\u00a0\u00bb et unifie le teint de fa\u00e7on naturelle.<\/p>\n<p>Renouvelez votre protection fr\u00e9quemment, apr\u00e8s chaque bain, activit\u00e9 sportive ou frottement.<\/p>\n<p><strong>Test\u00e9 sous contr\u00f4le dermatologique<\/strong><br \/>Sp\u00e9cialement con\u00e7ue pour les peaux sensibles et r\u00e9sistante \u00e0 l\u2019eau, notre formule est non com\u00e9dog\u00e8ne et adapt\u00e9e aux femmes enceintes et des enfants \u00e0 partir de 3 ans.<\/p>\n<p>JOUR<\/p>\n<\/div>\n<\/div>\n<\/div>\n<\/div>\n<div class=\"sp_details--tab accordion_item open\">\n<h3 class=\"sp_details--tab-title accordion_item--toggle\">NOS R\u00c9SULTATS CLINIQUES<span class=\"sp_details--tab-toggle-icon\"><\/span><br \/>\n<\/h3>\n<div class=\"sp_details--tab-content accordion_item--content\">\n<div class=\"accordion_item--content-inner rich-text\">\n<div class=\"sp_details--content\">\n<p><strong>Une efficacit\u00e9 prouv\u00e9e<\/strong><\/p>\n<p>\u2022\u00a0Teint unifi\u00e9 dans 95%* des cas (version teint\u00e9e)<br \/>\u2022\u00a0Sensation de confort dans 100%* des cas<\/p>\n<div class=\"annotation\">\n<p>*Test d\u2019usage sur 22 volontaires pendant 28 jours<\/p>\n<\/div>\n<\/div>\n<\/div>\n<\/div>\n<\/div>\n<div class=\"sp_details--tab accordion_item open\">\n<h3 class=\"sp_details--tab-title accordion_item--toggle\">LA COMPOSITION DE NOTRE PRODUIT<span class=\"sp_details--tab-toggle-icon\"><\/span><br \/>\n<\/h3>\n<div class=\"sp_details--tab-content accordion_item--content\">\n<div class=\"accordion_item--content-inner rich-text\">\n<div class=\"sp_details--content\">\n<p class=\"composition-title\"><strong>INGR\u00c9DIENTS (UVEBLOCK SPF 50+ Fluide invisible)<\/strong><\/p>\n<p class=\"annotation\">AQUA (WATER), ETHYLHEXYL METHOXY-CINNAMATE, ISODECYL NEOPENTANOATE, METHYLENE BIS-BENZOTRIAZOLYL TETRAMETHYLBUTYLPHENOL [NANO], PROPANEDIOL, BUTYL METHOXYDIBENZOYL- METHANE, DIISOPROPYL SEBACATE, ETHYLHEXYL SALICYLATE, TITANIUM DIOXIDE [NANO], DIETHYLAMINO HYDROXYBENZOYL HEXYL BENZOATE, ETHYLHEXYL TRIAZONE, TRIETHYLHEXANOIN, DIISOPROPYL ADIPATE, POTASSIUM CETYL PHOSPHATE, CETEARYL ALCOHOL, GLYCERIN, GLYCERYL STEARATE, DECYL GLUCOSIDE, HYDROXYETHYL ACRYLATE\/SODIUM ACRYLOYLDIMETHYL TAURATE COPOLYMER, SILICA, ISOHEXADECANE, ETHYLHEXYLGLYCERIN, TOCOPHERYL ACETATE, VP\/HEXADECENE COPOLYMER, CAPRYLYL GLYCOL, CHLORPHENESIN, XANTHAN GUM, PEG-40 CASTOR OIL, DIMETHICONE, SODIUM CETEARYL SULFATE, POLYSORBATE 60, ECTOIN, O-CYMEN-5-OL, CAPRYLHYDROXAMIC ACID, PROPYLENE GLYCOL, SORBITAN ISOSTEARATE, SOPHORA JAPONICA FLOWER EXTRACT<\/p>\n<p class=\"composition-title\"><strong>INGR\u00c9DIENTS (UVEBLOCK SPF 50+ Fluide teint\u00e9)<\/strong><\/p>\n<p class=\"annotation\">AQUA (WATER), ETHYLHEXYL METHOXYCINNAMATE, ISODECYL NEOPENTANOATE, METHYLENE BIS-BENZOTRIAZOLYL TETRAMETHYLBUTYLPHENOL [NANO], PROPANEDIOL, CI 77891 (TITANIUM DIOXIDE), BUTYL METHOXYDIBENZOYL-METHANE, DIISOPROPYL SEBACATE, ETHYLHEXYL SALICYLATE, TITANIUM DIOXIDE [NANO], DIETHYLAMINO HYDROXYBENZOYL HEXYL BENZOATE, ETHYLHEXYL TRIAZONE, TRIETHYLHEXANOIN, DIISOPROPYL ADIPATE, POTASSIUM CETYL PHOSPHATE, CETEARYL ALCOHOL, GLYCERIN, GLYCERYL STEARATE, DECYL GLUCOSIDE, HYDROXYETHYL ACRYLATE\/SODIUM ACRYLOYLDIMETHYL TAURATE COPOLYMER, SILICA, ISOHEXA &#8211; DECANE , ETHYLHEXYLGLYCERIN, TOCO-PHERYL ACETATE, VP\/HEXADECENE COPOLYMER, CI 77492 (IRON OXIDES), CAPRYLYL GLYCOL, CHLORPHENESIN, XANTHAN GUM, PEG-40 CASTOR OIL, DIMETHICONE, CI 77491 (IRON OXIDES), SODIUM CETEARYL SULFATE, POLY-SORBATE 60, ECTOIN, O-CYMEN-5 OL, CAPRYLHYDROXAMIC ACID, PROPYLENE GLYCOL, SORBITAN ISOSTEARATE, CI 77499 (IRON OXIDES), HYDROGENATED LECITHIN, SOPHORA JAPONICA FLOWER EXTRACT<\/p>\n<\/div>\n<\/div>\n<\/div>\n<\/div>\n","protected":false},"excerpt":{"rendered":"<p>Isispharma Uveblock Fluide SPF50+ prot\u00e8ge efficacement votre peau sensible du soleil COMMENT L&rsquo;UTILISER ? Sur votre visage et couUtilisez Uveblock SPF50+ Fluide quelques minutes avant une exposition au soleil. Ce soin p\u00e9n\u00e8tre rapidement sans laisser de trace, tout en apportant une agr\u00e9able sensation de fra\u00eecheur. Sa version teint\u00e9e vous procure un effet \u00ab\u00a0bonne mine\u00a0\u00bb et [&hellip;]<\/p>\n","protected":false},"featured_media":19198,"template":"","meta":{"om_disable_all_campaigns":false},"product_brand":[5496],"product_cat":[15],"product_tag":[5502,5487,5497,5499,3469,5498,5501,5500,5503],"class_list":{"0":"post-19238","1":"product","2":"type-product","3":"status-publish","4":"has-post-thumbnail","6":"product_brand-isispharma-maroc-prix","7":"product_cat-beaute-sante-complements-alimentaires-soins-et-bien-etre-au-meilleur-prix","8":"product_tag-anti-rougeurs-maroc","9":"product_tag-isispharma-maroc","10":"product_tag-isispharma-produits-maroc","11":"product_tag-neotone-maroc","12":"product_tag-peau-sensible-maroc","13":"product_tag-ruboril-maroc","14":"product_tag-soin-dermatologique-maroc","15":"product_tag-teen-derm-maroc","16":"product_tag-traitement-taches-maroc","18":"first","19":"instock","20":"sale","21":"taxable","22":"shipping-taxable","23":"purchasable","24":"product-type-variable"},"yoast_head":"<!-- This site is optimized with the Yoast SEO plugin v27.4 - https:\/\/yoast.com\/product\/yoast-seo-wordpress\/ -->\n<title>Isispharma Uveblock Fluide SPF50+ 40ml - Maroc Prix<\/title>\n<meta name=\"description\" content=\"Isispharma Uveblock Fluide SPF50+ 40ml\" \/>\n<meta name=\"robots\" content=\"index, follow, max-snippet:-1, max-image-preview:large, max-video-preview:-1\" \/>\n<link rel=\"canonical\" href=\"https:\/\/vitablanca.ma\/ar\/product-2\/isispharma-uveblock-fluide-spf50-40ml\/\" \/>\n<meta property=\"og:locale\" content=\"ar_AR\" \/>\n<meta property=\"og:type\" content=\"article\" \/>\n<meta property=\"og:title\" content=\"Isispharma Uveblock Fluide SPF50+ 40ml - Maroc Prix\" \/>\n<meta property=\"og:description\" content=\"Isispharma Uveblock Fluide SPF50+ 40ml\" \/>\n<meta property=\"og:url\" content=\"https:\/\/vitablanca.ma\/ar\/product-2\/isispharma-uveblock-fluide-spf50-40ml\/\" \/>\n<meta property=\"og:site_name\" content=\"Vitablanca.ma &ndash; Sant&eacute;, vitalit&eacute; et bien-&ecirc;tre pour tous les Marocains\" \/>\n<meta property=\"article:publisher\" content=\"https:\/\/www.facebook.com\/profile.php?id=61576678196717\" \/>\n<meta property=\"article:modified_time\" content=\"2025-12-24T16:33:22+00:00\" \/>\n<meta property=\"og:image\" content=\"https:\/\/vitablanca.ma\/wp-content\/uploads\/2025\/06\/Isispharma-Uveblock-Fluide-Invisible-SPF50_-40ml-nova-parapharmacie-maroc.png\" \/>\n\t<meta property=\"og:image:width\" content=\"1000\" \/>\n\t<meta property=\"og:image:height\" content=\"1000\" \/>\n\t<meta property=\"og:image:type\" content=\"image\/png\" \/>\n<meta name=\"twitter:card\" content=\"summary_large_image\" \/>\n<meta name=\"twitter:label1\" content=\"\u0648\u0642\u062a \u0627\u0644\u0642\u0631\u0627\u0621\u0629 \u0627\u0644\u0645\u064f\u0642\u062f\u0651\u0631\" \/>\n\t<meta name=\"twitter:data1\" content=\"\u062f\u0642\u064a\u0642\u062a\u0627\u0646\" \/>\n<script type=\"application\/ld+json\" class=\"yoast-schema-graph\">{\"@context\":\"https:\\\/\\\/schema.org\",\"@graph\":[{\"@type\":[\"WebPage\",\"ItemPage\"],\"@id\":\"https:\\\/\\\/vitablanca.ma\\\/produit\\\/isispharma-uveblock-fluide-spf50-40ml\\\/\",\"url\":\"https:\\\/\\\/vitablanca.ma\\\/produit\\\/isispharma-uveblock-fluide-spf50-40ml\\\/\",\"name\":\"Isispharma Uveblock Fluide SPF50+ 40ml - Maroc Prix\",\"isPartOf\":{\"@id\":\"https:\\\/\\\/vitablanca.ma\\\/#website\"},\"primaryImageOfPage\":{\"@id\":\"https:\\\/\\\/vitablanca.ma\\\/produit\\\/isispharma-uveblock-fluide-spf50-40ml\\\/#primaryimage\"},\"image\":{\"@id\":\"https:\\\/\\\/vitablanca.ma\\\/produit\\\/isispharma-uveblock-fluide-spf50-40ml\\\/#primaryimage\"},\"thumbnailUrl\":\"https:\\\/\\\/vitablanca.ma\\\/wp-content\\\/uploads\\\/2025\\\/06\\\/Isispharma-Uveblock-Fluide-Invisible-SPF50_-40ml-nova-parapharmacie-maroc.png\",\"datePublished\":\"2025-06-10T17:53:51+00:00\",\"dateModified\":\"2025-12-24T16:33:22+00:00\",\"description\":\"Isispharma Uveblock Fluide SPF50+ 40ml\",\"breadcrumb\":{\"@id\":\"https:\\\/\\\/vitablanca.ma\\\/produit\\\/isispharma-uveblock-fluide-spf50-40ml\\\/#breadcrumb\"},\"inLanguage\":\"ar\",\"potentialAction\":[{\"@type\":\"ReadAction\",\"target\":[\"https:\\\/\\\/vitablanca.ma\\\/produit\\\/isispharma-uveblock-fluide-spf50-40ml\\\/\"]}]},{\"@type\":\"ImageObject\",\"inLanguage\":\"ar\",\"@id\":\"https:\\\/\\\/vitablanca.ma\\\/produit\\\/isispharma-uveblock-fluide-spf50-40ml\\\/#primaryimage\",\"url\":\"https:\\\/\\\/vitablanca.ma\\\/wp-content\\\/uploads\\\/2025\\\/06\\\/Isispharma-Uveblock-Fluide-Invisible-SPF50_-40ml-nova-parapharmacie-maroc.png\",\"contentUrl\":\"https:\\\/\\\/vitablanca.ma\\\/wp-content\\\/uploads\\\/2025\\\/06\\\/Isispharma-Uveblock-Fluide-Invisible-SPF50_-40ml-nova-parapharmacie-maroc.png\",\"width\":1000,\"height\":1000},{\"@type\":\"BreadcrumbList\",\"@id\":\"https:\\\/\\\/vitablanca.ma\\\/produit\\\/isispharma-uveblock-fluide-spf50-40ml\\\/#breadcrumb\",\"itemListElement\":[{\"@type\":\"ListItem\",\"position\":1,\"name\":\"Home\",\"item\":\"https:\\\/\\\/vitablanca.ma\\\/\"},{\"@type\":\"ListItem\",\"position\":2,\"name\":\"Tous Les Produits\",\"item\":\"https:\\\/\\\/vitablanca.ma\\\/tous-les-produits\\\/\"},{\"@type\":\"ListItem\",\"position\":3,\"name\":\"Isispharma Uveblock Fluide SPF50+ 40ml\"}]},{\"@type\":\"WebSite\",\"@id\":\"https:\\\/\\\/vitablanca.ma\\\/#website\",\"url\":\"https:\\\/\\\/vitablanca.ma\\\/\",\"name\":\"VitaBlanca.ma | Compl\u00e9ments alimentaires, sant\u00e9 & beaut\u00e9 au Maroc\",\"description\":\"vendre vitamines et compl\u00e9ments premium des USA &amp; Canada, Nouvelle Z\u00e9lande,Maroc (NOW Foods, Solgar, Manuka). Livraison rapide partout au Maroc.\",\"publisher\":{\"@id\":\"https:\\\/\\\/vitablanca.ma\\\/#organization\"},\"alternateName\":\"VitaBlanca.ma\",\"potentialAction\":[{\"@type\":\"SearchAction\",\"target\":{\"@type\":\"EntryPoint\",\"urlTemplate\":\"https:\\\/\\\/vitablanca.ma\\\/?s={search_term_string}\"},\"query-input\":{\"@type\":\"PropertyValueSpecification\",\"valueRequired\":true,\"valueName\":\"search_term_string\"}}],\"inLanguage\":\"ar\"},{\"@type\":\"Organization\",\"@id\":\"https:\\\/\\\/vitablanca.ma\\\/#organization\",\"name\":\"VitaBlanca\",\"url\":\"https:\\\/\\\/vitablanca.ma\\\/\",\"logo\":{\"@type\":\"ImageObject\",\"inLanguage\":\"ar\",\"@id\":\"https:\\\/\\\/vitablanca.ma\\\/#\\\/schema\\\/logo\\\/image\\\/\",\"url\":\"https:\\\/\\\/vitablanca.ma\\\/wp-content\\\/uploads\\\/2025\\\/05\\\/cropped-vitablanca.png\",\"contentUrl\":\"https:\\\/\\\/vitablanca.ma\\\/wp-content\\\/uploads\\\/2025\\\/05\\\/cropped-vitablanca.png\",\"width\":360,\"height\":67,\"caption\":\"VitaBlanca\"},\"image\":{\"@id\":\"https:\\\/\\\/vitablanca.ma\\\/#\\\/schema\\\/logo\\\/image\\\/\"},\"sameAs\":[\"https:\\\/\\\/www.facebook.com\\\/profile.php?id=61576678196717\",\"https:\\\/\\\/www.tiktok.com\\\/@vitablanca.ma\",\"https:\\\/\\\/www.instagram.com\\\/vitablanca.ma\\\/\"]}]}<\/script>\n<!-- \/ Yoast SEO plugin. -->","yoast_head_json":{"title":"Isispharma Uveblock Fluide SPF50+ 40ml - Maroc Prix","description":"Isispharma Uveblock Fluide SPF50+ 40ml","robots":{"index":"index","follow":"follow","max-snippet":"max-snippet:-1","max-image-preview":"max-image-preview:large","max-video-preview":"max-video-preview:-1"},"canonical":"https:\/\/vitablanca.ma\/ar\/product-2\/isispharma-uveblock-fluide-spf50-40ml\/","og_locale":"ar_AR","og_type":"article","og_title":"Isispharma Uveblock Fluide SPF50+ 40ml - Maroc Prix","og_description":"Isispharma Uveblock Fluide SPF50+ 40ml","og_url":"https:\/\/vitablanca.ma\/ar\/product-2\/isispharma-uveblock-fluide-spf50-40ml\/","og_site_name":"Vitablanca.ma &ndash; Sant&eacute;, vitalit&eacute; et bien-&ecirc;tre pour tous les Marocains","article_publisher":"https:\/\/www.facebook.com\/profile.php?id=61576678196717","article_modified_time":"2025-12-24T16:33:22+00:00","og_image":[{"width":1000,"height":1000,"url":"https:\/\/vitablanca.ma\/wp-content\/uploads\/2025\/06\/Isispharma-Uveblock-Fluide-Invisible-SPF50_-40ml-nova-parapharmacie-maroc.png","type":"image\/png"}],"twitter_card":"summary_large_image","twitter_misc":{"\u0648\u0642\u062a \u0627\u0644\u0642\u0631\u0627\u0621\u0629 \u0627\u0644\u0645\u064f\u0642\u062f\u0651\u0631":"\u062f\u0642\u064a\u0642\u062a\u0627\u0646"},"schema":{"@context":"https:\/\/schema.org","@graph":[{"@type":["WebPage","ItemPage"],"@id":"https:\/\/vitablanca.ma\/produit\/isispharma-uveblock-fluide-spf50-40ml\/","url":"https:\/\/vitablanca.ma\/produit\/isispharma-uveblock-fluide-spf50-40ml\/","name":"Isispharma Uveblock Fluide SPF50+ 40ml - Maroc Prix","isPartOf":{"@id":"https:\/\/vitablanca.ma\/#website"},"primaryImageOfPage":{"@id":"https:\/\/vitablanca.ma\/produit\/isispharma-uveblock-fluide-spf50-40ml\/#primaryimage"},"image":{"@id":"https:\/\/vitablanca.ma\/produit\/isispharma-uveblock-fluide-spf50-40ml\/#primaryimage"},"thumbnailUrl":"https:\/\/vitablanca.ma\/wp-content\/uploads\/2025\/06\/Isispharma-Uveblock-Fluide-Invisible-SPF50_-40ml-nova-parapharmacie-maroc.png","datePublished":"2025-06-10T17:53:51+00:00","dateModified":"2025-12-24T16:33:22+00:00","description":"Isispharma Uveblock Fluide SPF50+ 40ml","breadcrumb":{"@id":"https:\/\/vitablanca.ma\/produit\/isispharma-uveblock-fluide-spf50-40ml\/#breadcrumb"},"inLanguage":"ar","potentialAction":[{"@type":"ReadAction","target":["https:\/\/vitablanca.ma\/produit\/isispharma-uveblock-fluide-spf50-40ml\/"]}]},{"@type":"ImageObject","inLanguage":"ar","@id":"https:\/\/vitablanca.ma\/produit\/isispharma-uveblock-fluide-spf50-40ml\/#primaryimage","url":"https:\/\/vitablanca.ma\/wp-content\/uploads\/2025\/06\/Isispharma-Uveblock-Fluide-Invisible-SPF50_-40ml-nova-parapharmacie-maroc.png","contentUrl":"https:\/\/vitablanca.ma\/wp-content\/uploads\/2025\/06\/Isispharma-Uveblock-Fluide-Invisible-SPF50_-40ml-nova-parapharmacie-maroc.png","width":1000,"height":1000},{"@type":"BreadcrumbList","@id":"https:\/\/vitablanca.ma\/produit\/isispharma-uveblock-fluide-spf50-40ml\/#breadcrumb","itemListElement":[{"@type":"ListItem","position":1,"name":"Home","item":"https:\/\/vitablanca.ma\/"},{"@type":"ListItem","position":2,"name":"Tous Les Produits","item":"https:\/\/vitablanca.ma\/tous-les-produits\/"},{"@type":"ListItem","position":3,"name":"Isispharma Uveblock Fluide SPF50+ 40ml"}]},{"@type":"WebSite","@id":"https:\/\/vitablanca.ma\/#website","url":"https:\/\/vitablanca.ma\/","name":"VitaBlanca.ma | \u0627\u0644\u0645\u0643\u0645\u0644\u0627\u062a \u0627\u0644\u063a\u0630\u0627\u0626\u064a\u0629\u060c \u0627\u0644\u0635\u062d\u0629 \u0648\u0627\u0644\u062c\u0645\u0627\u0644 \u0641\u064a \u0627\u0644\u0645\u063a\u0631\u0628","description":"\u0646\u0628\u064a\u0639 \u0641\u064a\u062a\u0627\u0645\u064a\u0646\u0627\u062a \u0648\u0645\u0643\u0645\u0644\u0627\u062a \u063a\u0630\u0627\u0626\u064a\u0629 \u0641\u0627\u062e\u0631\u0629 \u0645\u0646 \u0627\u0644\u0648\u0644\u0627\u064a\u0627\u062a \u0627\u0644\u0645\u062a\u062d\u062f\u0629 \u0627\u0644\u0623\u0645\u0631\u064a\u0643\u064a\u0629 \u0648\u0643\u0646\u062f\u0627 \u0648\u0646\u064a\u0648\u0632\u064a\u0644\u0646\u062f\u0627 \u0648\u0627\u0644\u0645\u063a\u0631\u0628 (\u0646\u0627\u0648 \u0641\u0648\u062f\u0632\u060c \u0633\u0648\u0644\u062c\u0627\u0631\u060c \u0645\u0627\u0646\u0648\u0643\u0627). \u062a\u0648\u0635\u064a\u0644 \u0633\u0631\u064a\u0639 \u0625\u0644\u0649 \u062c\u0645\u064a\u0639 \u0623\u0646\u062d\u0627\u0621 \u0627\u0644\u0645\u063a\u0631\u0628.","publisher":{"@id":"https:\/\/vitablanca.ma\/#organization"},"alternateName":"VitaBlanca.ma","potentialAction":[{"@type":"SearchAction","target":{"@type":"EntryPoint","urlTemplate":"https:\/\/vitablanca.ma\/?s={search_term_string}"},"query-input":{"@type":"PropertyValueSpecification","valueRequired":true,"valueName":"search_term_string"}}],"inLanguage":"ar"},{"@type":"Organization","@id":"https:\/\/vitablanca.ma\/#organization","name":"\u0641\u064a\u062a\u0627\u0628\u0644\u0627\u0646\u0643\u0627","url":"https:\/\/vitablanca.ma\/","logo":{"@type":"ImageObject","inLanguage":"ar","@id":"https:\/\/vitablanca.ma\/#\/schema\/logo\/image\/","url":"https:\/\/vitablanca.ma\/wp-content\/uploads\/2025\/05\/cropped-vitablanca.png","contentUrl":"https:\/\/vitablanca.ma\/wp-content\/uploads\/2025\/05\/cropped-vitablanca.png","width":360,"height":67,"caption":"VitaBlanca"},"image":{"@id":"https:\/\/vitablanca.ma\/#\/schema\/logo\/image\/"},"sameAs":["https:\/\/www.facebook.com\/profile.php?id=61576678196717","https:\/\/www.tiktok.com\/@vitablanca.ma","https:\/\/www.instagram.com\/vitablanca.ma\/"]}]}},"jetpack_sharing_enabled":true,"_links":{"self":[{"href":"https:\/\/vitablanca.ma\/ar\/wp-json\/wp\/v2\/product\/19238","targetHints":{"allow":["GET"]}}],"collection":[{"href":"https:\/\/vitablanca.ma\/ar\/wp-json\/wp\/v2\/product"}],"about":[{"href":"https:\/\/vitablanca.ma\/ar\/wp-json\/wp\/v2\/types\/product"}],"wp:featuredmedia":[{"embeddable":true,"href":"https:\/\/vitablanca.ma\/ar\/wp-json\/wp\/v2\/media\/19198"}],"wp:attachment":[{"href":"https:\/\/vitablanca.ma\/ar\/wp-json\/wp\/v2\/media?parent=19238"}],"wp:term":[{"taxonomy":"product_brand","embeddable":true,"href":"https:\/\/vitablanca.ma\/ar\/wp-json\/wp\/v2\/product_brand?post=19238"},{"taxonomy":"product_cat","embeddable":true,"href":"https:\/\/vitablanca.ma\/ar\/wp-json\/wp\/v2\/product_cat?post=19238"},{"taxonomy":"product_tag","embeddable":true,"href":"https:\/\/vitablanca.ma\/ar\/wp-json\/wp\/v2\/product_tag?post=19238"}],"curies":[{"name":"wp","href":"https:\/\/api.w.org\/{rel}","templated":true}]}}