{"id":19232,"date":"2025-06-10T17:53:36","date_gmt":"2025-06-10T17:53:36","guid":{"rendered":"https:\/\/vitablanca.ma\/product\/janssen-cosmetics-men-long-lasting-deodorant-30g\/"},"modified":"2025-06-10T17:53:36","modified_gmt":"2025-06-10T17:53:36","slug":"janssen-cosmetics-men-long-lasting-deodorant-30g","status":"publish","type":"product","link":"https:\/\/vitablanca.ma\/ar\/product-2\/janssen-cosmetics-men-long-lasting-deodorant-30g\/","title":{"rendered":"Janssen Cosmetics Men Long Lasting Deodorant 30g"},"content":{"rendered":"<h2><span>Janssen Cosmetics Men Long Lasting Deodorant Renforce et stimule la peau tout au long de la journ\u00e9e.<\/span><\/h2>\n<p>Long Lasting Deodorant impressionne par son parfum l\u00e9g\u00e8rement \u00e9pic\u00e9. Il est bien tol\u00e9r\u00e9 par la peau car sa formulation se dispense de l&rsquo;alcool. Dans le m\u00eame temps, l&rsquo;efficacit\u00e9 convaincante du d\u00e9odorant longue dur\u00e9e n&rsquo;est pas remise en cause: une fra\u00eecheur durable, m\u00eame lors d&rsquo;une journ\u00e9e charg\u00e9e!<\/p>\n<h3>\u0637\u0644\u0628<\/h3>\n<div data-mce-fragment=\"1\" class=\"descbox2\">\n<div data-mce-fragment=\"1\" class=\"mb-2\">\n<div class=\"descbox2\">\n<div class=\"mb-2\">\n<div class=\"descbox2\">\n<div class=\"mb-2\">\n<div class=\"descbox2\">\n<div class=\"mb-2\">\n<div class=\"descbox2\">\n<div class=\"mb-2\">\n<p><span>Appliquez quotidiennement le stick d\u00e9odorant apr\u00e8s la toilette sur les aisselles. Laissez s\u00e9cher quelques instants avant de s\u00b4habiller.<\/span><\/p>\n<\/div>\n<\/div>\n<\/div>\n<\/div>\n<\/div>\n<\/div>\n<\/div>\n<\/div>\n<\/div>\n<\/div>\n<div data-mce-fragment=\"1\" class=\"descbox3\">\n<h3 data-mce-fragment=\"1\">\u0645\u0643\u0648\u0646\u0627\u062a<\/h3>\n<div data-mce-fragment=\"1\" class=\"mb-2\">\n<p><span>\u00a0<\/span>Complexe Men\u2019s Eye Perfecting : complexe actif puissant 4-1 compos\u00e9 d&rsquo;un tripeptide, en combinaison avec un extrait de micro-algues, de panth\u00e9nol et d&rsquo;acide hyaluronique \u00e0 cha\u00eene courte ; am\u00e9liorations significatives mesurables apr\u00e8s seulement 7 jours. Les cernes sombres sont r\u00e9duits. Les rides fines et les ridules sont visiblement att\u00e9nu\u00e9es<\/p>\n<p>\u2022 SPECIMEN : principe actif anti-\u00e2ge issu du baobab sud-africain et sp\u00e9cialement con\u00e7u pour les hommes ; am\u00e9liore les propri\u00e9t\u00e9s visco\u00e9lastiques de la peau ; r\u00e9duit l&rsquo;intensit\u00e9 des poches sous les yeux<\/p>\n<p>\u2022 Acide hyaluronique \u00e0 cha\u00eene longue et courte : hydrate intens\u00e9ment et pr\u00e9serve l&rsquo;hydratation de la peau<\/p>\n<p>\u2022 Caf\u00e9ine : stimule la microcirculation et lutte contre les gonflements<\/p>\n<p>\u2022 Lactate de menthyl : procure un effet gla\u00e7on et rafra\u00eechissant durable<\/p>\n<\/div>\n<\/div>","protected":false},"excerpt":{"rendered":"<p>Janssen Cosmetics Men Long Lasting Deodorant Renforce et stimule la peau tout au long de la journ\u00e9e. Long Lasting Deodorant impressionne par son parfum l\u00e9g\u00e8rement \u00e9pic\u00e9. Il est bien tol\u00e9r\u00e9 par la peau car sa formulation se dispense de l&rsquo;alcool. Dans le m\u00eame temps, l&rsquo;efficacit\u00e9 convaincante du d\u00e9odorant longue dur\u00e9e n&rsquo;est pas remise en cause: [&hellip;]<\/p>\n","protected":false},"featured_media":19226,"template":"","meta":{"om_disable_all_campaigns":false},"product_brand":[],"product_cat":[15],"product_tag":[],"class_list":{"0":"post-19232","1":"product","2":"type-product","3":"status-publish","4":"has-post-thumbnail","6":"product_cat-beaute-sante-complements-alimentaires-soins-et-bien-etre-au-meilleur-prix","8":"first","9":"instock","10":"sale","11":"taxable","12":"shipping-taxable","13":"purchasable","14":"product-type-simple"},"yoast_head":"<!-- This site is optimized with the Yoast SEO plugin v27.4 - https:\/\/yoast.com\/product\/yoast-seo-wordpress\/ -->\n<title>Janssen Cosmetics Men Long Lasting Deodorant 30g - Maroc Prix<\/title>\n<meta name=\"description\" content=\"Janssen Cosmetics Men Long Lasting Deodorant 30g\" \/>\n<meta name=\"robots\" content=\"index, follow, max-snippet:-1, max-image-preview:large, max-video-preview:-1\" \/>\n<link rel=\"canonical\" href=\"https:\/\/vitablanca.ma\/ar\/product-2\/janssen-cosmetics-men-long-lasting-deodorant-30g\/\" \/>\n<meta property=\"og:locale\" content=\"ar_AR\" \/>\n<meta property=\"og:type\" content=\"article\" \/>\n<meta property=\"og:title\" content=\"Janssen Cosmetics Men Long Lasting Deodorant 30g - Maroc Prix\" \/>\n<meta property=\"og:description\" content=\"Janssen Cosmetics Men Long Lasting Deodorant 30g\" \/>\n<meta property=\"og:url\" content=\"https:\/\/vitablanca.ma\/ar\/product-2\/janssen-cosmetics-men-long-lasting-deodorant-30g\/\" \/>\n<meta property=\"og:site_name\" content=\"Vitablanca.ma &ndash; Sant&eacute;, vitalit&eacute; et bien-&ecirc;tre pour tous les Marocains\" \/>\n<meta property=\"article:publisher\" content=\"https:\/\/www.facebook.com\/profile.php?id=61576678196717\" \/>\n<meta property=\"og:image\" content=\"https:\/\/vitablanca.ma\/wp-content\/uploads\/2025\/06\/Janssen-Cosmetics-Men-Roll-On-Yeux-Energisant-15ml-novapara-maroc-1.jpg\" \/>\n\t<meta property=\"og:image:width\" content=\"1000\" \/>\n\t<meta property=\"og:image:height\" content=\"1000\" \/>\n\t<meta property=\"og:image:type\" content=\"image\/jpeg\" \/>\n<meta name=\"twitter:card\" content=\"summary_large_image\" \/>\n<meta name=\"twitter:label1\" content=\"\u0648\u0642\u062a \u0627\u0644\u0642\u0631\u0627\u0621\u0629 \u0627\u0644\u0645\u064f\u0642\u062f\u0651\u0631\" \/>\n\t<meta name=\"twitter:data1\" content=\"\u062f\u0642\u064a\u0642\u0629 \u0648\u0627\u062d\u062f\u0629\" \/>\n<script type=\"application\/ld+json\" class=\"yoast-schema-graph\">{\"@context\":\"https:\\\/\\\/schema.org\",\"@graph\":[{\"@type\":[\"WebPage\",\"ItemPage\"],\"@id\":\"https:\\\/\\\/vitablanca.ma\\\/produit\\\/janssen-cosmetics-men-long-lasting-deodorant-30g\\\/\",\"url\":\"https:\\\/\\\/vitablanca.ma\\\/produit\\\/janssen-cosmetics-men-long-lasting-deodorant-30g\\\/\",\"name\":\"Janssen Cosmetics Men Long Lasting Deodorant 30g - Maroc Prix\",\"isPartOf\":{\"@id\":\"https:\\\/\\\/vitablanca.ma\\\/#website\"},\"primaryImageOfPage\":{\"@id\":\"https:\\\/\\\/vitablanca.ma\\\/produit\\\/janssen-cosmetics-men-long-lasting-deodorant-30g\\\/#primaryimage\"},\"image\":{\"@id\":\"https:\\\/\\\/vitablanca.ma\\\/produit\\\/janssen-cosmetics-men-long-lasting-deodorant-30g\\\/#primaryimage\"},\"thumbnailUrl\":\"https:\\\/\\\/vitablanca.ma\\\/wp-content\\\/uploads\\\/2025\\\/06\\\/Janssen-Cosmetics-Men-Roll-On-Yeux-Energisant-15ml-novapara-maroc-1.jpg\",\"datePublished\":\"2025-06-10T17:53:36+00:00\",\"description\":\"Janssen Cosmetics Men Long Lasting Deodorant 30g\",\"breadcrumb\":{\"@id\":\"https:\\\/\\\/vitablanca.ma\\\/produit\\\/janssen-cosmetics-men-long-lasting-deodorant-30g\\\/#breadcrumb\"},\"inLanguage\":\"ar\",\"potentialAction\":[{\"@type\":\"ReadAction\",\"target\":[\"https:\\\/\\\/vitablanca.ma\\\/produit\\\/janssen-cosmetics-men-long-lasting-deodorant-30g\\\/\"]}]},{\"@type\":\"ImageObject\",\"inLanguage\":\"ar\",\"@id\":\"https:\\\/\\\/vitablanca.ma\\\/produit\\\/janssen-cosmetics-men-long-lasting-deodorant-30g\\\/#primaryimage\",\"url\":\"https:\\\/\\\/vitablanca.ma\\\/wp-content\\\/uploads\\\/2025\\\/06\\\/Janssen-Cosmetics-Men-Roll-On-Yeux-Energisant-15ml-novapara-maroc-1.jpg\",\"contentUrl\":\"https:\\\/\\\/vitablanca.ma\\\/wp-content\\\/uploads\\\/2025\\\/06\\\/Janssen-Cosmetics-Men-Roll-On-Yeux-Energisant-15ml-novapara-maroc-1.jpg\",\"width\":1000,\"height\":1000},{\"@type\":\"BreadcrumbList\",\"@id\":\"https:\\\/\\\/vitablanca.ma\\\/produit\\\/janssen-cosmetics-men-long-lasting-deodorant-30g\\\/#breadcrumb\",\"itemListElement\":[{\"@type\":\"ListItem\",\"position\":1,\"name\":\"Home\",\"item\":\"https:\\\/\\\/vitablanca.ma\\\/\"},{\"@type\":\"ListItem\",\"position\":2,\"name\":\"Tous Les Produits\",\"item\":\"https:\\\/\\\/vitablanca.ma\\\/tous-les-produits\\\/\"},{\"@type\":\"ListItem\",\"position\":3,\"name\":\"Janssen Cosmetics Men Long Lasting Deodorant 30g\"}]},{\"@type\":\"WebSite\",\"@id\":\"https:\\\/\\\/vitablanca.ma\\\/#website\",\"url\":\"https:\\\/\\\/vitablanca.ma\\\/\",\"name\":\"VitaBlanca.ma | Compl\u00e9ments alimentaires, sant\u00e9 & beaut\u00e9 au Maroc\",\"description\":\"vendre vitamines et compl\u00e9ments premium des USA &amp; Canada, Nouvelle Z\u00e9lande,Maroc (NOW Foods, Solgar, Manuka). Livraison rapide partout au Maroc.\",\"publisher\":{\"@id\":\"https:\\\/\\\/vitablanca.ma\\\/#organization\"},\"alternateName\":\"VitaBlanca.ma\",\"potentialAction\":[{\"@type\":\"SearchAction\",\"target\":{\"@type\":\"EntryPoint\",\"urlTemplate\":\"https:\\\/\\\/vitablanca.ma\\\/?s={search_term_string}\"},\"query-input\":{\"@type\":\"PropertyValueSpecification\",\"valueRequired\":true,\"valueName\":\"search_term_string\"}}],\"inLanguage\":\"ar\"},{\"@type\":\"Organization\",\"@id\":\"https:\\\/\\\/vitablanca.ma\\\/#organization\",\"name\":\"VitaBlanca\",\"url\":\"https:\\\/\\\/vitablanca.ma\\\/\",\"logo\":{\"@type\":\"ImageObject\",\"inLanguage\":\"ar\",\"@id\":\"https:\\\/\\\/vitablanca.ma\\\/#\\\/schema\\\/logo\\\/image\\\/\",\"url\":\"https:\\\/\\\/vitablanca.ma\\\/wp-content\\\/uploads\\\/2025\\\/05\\\/cropped-vitablanca.png\",\"contentUrl\":\"https:\\\/\\\/vitablanca.ma\\\/wp-content\\\/uploads\\\/2025\\\/05\\\/cropped-vitablanca.png\",\"width\":360,\"height\":67,\"caption\":\"VitaBlanca\"},\"image\":{\"@id\":\"https:\\\/\\\/vitablanca.ma\\\/#\\\/schema\\\/logo\\\/image\\\/\"},\"sameAs\":[\"https:\\\/\\\/www.facebook.com\\\/profile.php?id=61576678196717\",\"https:\\\/\\\/www.tiktok.com\\\/@vitablanca.ma\",\"https:\\\/\\\/www.instagram.com\\\/vitablanca.ma\\\/\"]}]}<\/script>\n<!-- \/ Yoast SEO plugin. -->","yoast_head_json":{"title":"Janssen Cosmetics Men Long Lasting Deodorant 30g - Maroc Prix","description":"Janssen Cosmetics Men Long Lasting Deodorant 30g","robots":{"index":"index","follow":"follow","max-snippet":"max-snippet:-1","max-image-preview":"max-image-preview:large","max-video-preview":"max-video-preview:-1"},"canonical":"https:\/\/vitablanca.ma\/ar\/product-2\/janssen-cosmetics-men-long-lasting-deodorant-30g\/","og_locale":"ar_AR","og_type":"article","og_title":"Janssen Cosmetics Men Long Lasting Deodorant 30g - Maroc Prix","og_description":"Janssen Cosmetics Men Long Lasting Deodorant 30g","og_url":"https:\/\/vitablanca.ma\/ar\/product-2\/janssen-cosmetics-men-long-lasting-deodorant-30g\/","og_site_name":"Vitablanca.ma &ndash; Sant&eacute;, vitalit&eacute; et bien-&ecirc;tre pour tous les Marocains","article_publisher":"https:\/\/www.facebook.com\/profile.php?id=61576678196717","og_image":[{"width":1000,"height":1000,"url":"https:\/\/vitablanca.ma\/wp-content\/uploads\/2025\/06\/Janssen-Cosmetics-Men-Roll-On-Yeux-Energisant-15ml-novapara-maroc-1.jpg","type":"image\/jpeg"}],"twitter_card":"summary_large_image","twitter_misc":{"\u0648\u0642\u062a \u0627\u0644\u0642\u0631\u0627\u0621\u0629 \u0627\u0644\u0645\u064f\u0642\u062f\u0651\u0631":"\u062f\u0642\u064a\u0642\u0629 \u0648\u0627\u062d\u062f\u0629"},"schema":{"@context":"https:\/\/schema.org","@graph":[{"@type":["WebPage","ItemPage"],"@id":"https:\/\/vitablanca.ma\/produit\/janssen-cosmetics-men-long-lasting-deodorant-30g\/","url":"https:\/\/vitablanca.ma\/produit\/janssen-cosmetics-men-long-lasting-deodorant-30g\/","name":"Janssen Cosmetics Men Long Lasting Deodorant 30g - Maroc Prix","isPartOf":{"@id":"https:\/\/vitablanca.ma\/#website"},"primaryImageOfPage":{"@id":"https:\/\/vitablanca.ma\/produit\/janssen-cosmetics-men-long-lasting-deodorant-30g\/#primaryimage"},"image":{"@id":"https:\/\/vitablanca.ma\/produit\/janssen-cosmetics-men-long-lasting-deodorant-30g\/#primaryimage"},"thumbnailUrl":"https:\/\/vitablanca.ma\/wp-content\/uploads\/2025\/06\/Janssen-Cosmetics-Men-Roll-On-Yeux-Energisant-15ml-novapara-maroc-1.jpg","datePublished":"2025-06-10T17:53:36+00:00","description":"Janssen Cosmetics Men Long Lasting Deodorant 30g","breadcrumb":{"@id":"https:\/\/vitablanca.ma\/produit\/janssen-cosmetics-men-long-lasting-deodorant-30g\/#breadcrumb"},"inLanguage":"ar","potentialAction":[{"@type":"ReadAction","target":["https:\/\/vitablanca.ma\/produit\/janssen-cosmetics-men-long-lasting-deodorant-30g\/"]}]},{"@type":"ImageObject","inLanguage":"ar","@id":"https:\/\/vitablanca.ma\/produit\/janssen-cosmetics-men-long-lasting-deodorant-30g\/#primaryimage","url":"https:\/\/vitablanca.ma\/wp-content\/uploads\/2025\/06\/Janssen-Cosmetics-Men-Roll-On-Yeux-Energisant-15ml-novapara-maroc-1.jpg","contentUrl":"https:\/\/vitablanca.ma\/wp-content\/uploads\/2025\/06\/Janssen-Cosmetics-Men-Roll-On-Yeux-Energisant-15ml-novapara-maroc-1.jpg","width":1000,"height":1000},{"@type":"BreadcrumbList","@id":"https:\/\/vitablanca.ma\/produit\/janssen-cosmetics-men-long-lasting-deodorant-30g\/#breadcrumb","itemListElement":[{"@type":"ListItem","position":1,"name":"Home","item":"https:\/\/vitablanca.ma\/"},{"@type":"ListItem","position":2,"name":"Tous Les Produits","item":"https:\/\/vitablanca.ma\/tous-les-produits\/"},{"@type":"ListItem","position":3,"name":"Janssen Cosmetics Men Long Lasting Deodorant 30g"}]},{"@type":"WebSite","@id":"https:\/\/vitablanca.ma\/#website","url":"https:\/\/vitablanca.ma\/","name":"VitaBlanca.ma | \u0627\u0644\u0645\u0643\u0645\u0644\u0627\u062a \u0627\u0644\u063a\u0630\u0627\u0626\u064a\u0629\u060c \u0627\u0644\u0635\u062d\u0629 \u0648\u0627\u0644\u062c\u0645\u0627\u0644 \u0641\u064a \u0627\u0644\u0645\u063a\u0631\u0628","description":"\u0646\u0628\u064a\u0639 \u0641\u064a\u062a\u0627\u0645\u064a\u0646\u0627\u062a \u0648\u0645\u0643\u0645\u0644\u0627\u062a \u063a\u0630\u0627\u0626\u064a\u0629 \u0641\u0627\u062e\u0631\u0629 \u0645\u0646 \u0627\u0644\u0648\u0644\u0627\u064a\u0627\u062a \u0627\u0644\u0645\u062a\u062d\u062f\u0629 \u0627\u0644\u0623\u0645\u0631\u064a\u0643\u064a\u0629 \u0648\u0643\u0646\u062f\u0627 \u0648\u0646\u064a\u0648\u0632\u064a\u0644\u0646\u062f\u0627 \u0648\u0627\u0644\u0645\u063a\u0631\u0628 (\u0646\u0627\u0648 \u0641\u0648\u062f\u0632\u060c \u0633\u0648\u0644\u062c\u0627\u0631\u060c \u0645\u0627\u0646\u0648\u0643\u0627). \u062a\u0648\u0635\u064a\u0644 \u0633\u0631\u064a\u0639 \u0625\u0644\u0649 \u062c\u0645\u064a\u0639 \u0623\u0646\u062d\u0627\u0621 \u0627\u0644\u0645\u063a\u0631\u0628.","publisher":{"@id":"https:\/\/vitablanca.ma\/#organization"},"alternateName":"VitaBlanca.ma","potentialAction":[{"@type":"SearchAction","target":{"@type":"EntryPoint","urlTemplate":"https:\/\/vitablanca.ma\/?s={search_term_string}"},"query-input":{"@type":"PropertyValueSpecification","valueRequired":true,"valueName":"search_term_string"}}],"inLanguage":"ar"},{"@type":"Organization","@id":"https:\/\/vitablanca.ma\/#organization","name":"\u0641\u064a\u062a\u0627\u0628\u0644\u0627\u0646\u0643\u0627","url":"https:\/\/vitablanca.ma\/","logo":{"@type":"ImageObject","inLanguage":"ar","@id":"https:\/\/vitablanca.ma\/#\/schema\/logo\/image\/","url":"https:\/\/vitablanca.ma\/wp-content\/uploads\/2025\/05\/cropped-vitablanca.png","contentUrl":"https:\/\/vitablanca.ma\/wp-content\/uploads\/2025\/05\/cropped-vitablanca.png","width":360,"height":67,"caption":"VitaBlanca"},"image":{"@id":"https:\/\/vitablanca.ma\/#\/schema\/logo\/image\/"},"sameAs":["https:\/\/www.facebook.com\/profile.php?id=61576678196717","https:\/\/www.tiktok.com\/@vitablanca.ma","https:\/\/www.instagram.com\/vitablanca.ma\/"]}]}},"jetpack_sharing_enabled":true,"_links":{"self":[{"href":"https:\/\/vitablanca.ma\/ar\/wp-json\/wp\/v2\/product\/19232","targetHints":{"allow":["GET"]}}],"collection":[{"href":"https:\/\/vitablanca.ma\/ar\/wp-json\/wp\/v2\/product"}],"about":[{"href":"https:\/\/vitablanca.ma\/ar\/wp-json\/wp\/v2\/types\/product"}],"wp:featuredmedia":[{"embeddable":true,"href":"https:\/\/vitablanca.ma\/ar\/wp-json\/wp\/v2\/media\/19226"}],"wp:attachment":[{"href":"https:\/\/vitablanca.ma\/ar\/wp-json\/wp\/v2\/media?parent=19232"}],"wp:term":[{"taxonomy":"product_brand","embeddable":true,"href":"https:\/\/vitablanca.ma\/ar\/wp-json\/wp\/v2\/product_brand?post=19232"},{"taxonomy":"product_cat","embeddable":true,"href":"https:\/\/vitablanca.ma\/ar\/wp-json\/wp\/v2\/product_cat?post=19232"},{"taxonomy":"product_tag","embeddable":true,"href":"https:\/\/vitablanca.ma\/ar\/wp-json\/wp\/v2\/product_tag?post=19232"}],"curies":[{"name":"wp","href":"https:\/\/api.w.org\/{rel}","templated":true}]}}