{"id":19231,"date":"2025-06-10T17:53:35","date_gmt":"2025-06-10T17:53:35","guid":{"rendered":"https:\/\/vitablanca.ma\/product\/jowae-eau-micellaire-demaquillante\/"},"modified":"2025-06-10T17:53:38","modified_gmt":"2025-06-10T17:53:38","slug":"jowae-eau-micellaire-demaquillante","status":"publish","type":"product","link":"https:\/\/vitablanca.ma\/ar\/product-2\/jowae-eau-micellaire-demaquillante\/","title":{"rendered":"Jowa\u00e9 Eau Micellaire D\u00e9maquillante"},"content":{"rendered":"<h2><span data-mce-fragment=\"1\">Jowa\u00e9 Eau Micellaire D\u00e9maquillante\u00a0d\u00e9barrass\u00e9e du maquillage et des impuret\u00e9s.<\/span><\/h2>\n<p><span data-mce-fragment=\"1\">Nettoie et d\u00e9maquille. La peau est nette, d\u00e9barrass\u00e9e du maquillage et des impuret\u00e9s. Elle rayonne d\u2019un nouvel \u00e9clat. Le teint est frais et lumineux.<\/span><\/p>\n<h3>\u0627\u0644\u0641\u0648\u0627\u0626\u062f \u0648\u0627\u0644\u0646\u062a\u0627\u0626\u062c<\/h3>\n<p>&#8211; Tol\u00e9rance : test\u00e9e cliniquement sous contr\u00f4le ophtalmologique<\/p>\n<p>- \u064a\u0632\u064a\u0644 \u0627\u0644\u0634\u0648\u0627\u0626\u0628 \u0648\u0627\u0644\u0645\u0643\u064a\u0627\u062c \u0628\u0644\u0637\u0641\u060c \u062d\u062a\u0649 \u0644\u0641\u062a\u0631\u0629 \u0637\u0648\u064a\u0644\u0629: 100%*<\/p>\n<p>&#8211; Peau nette et confortable : 100%*<\/p>\n<p>&#8211; Teint frais et lumineux : 100%**<\/p>\n<p>Au global : 100% de satisfaction<\/p>\n<p><span>\u00c9tude clinique sur 22 volontaires :<\/span><br \/><span>* \u062a\u0623\u062b\u064a\u0631 \u0641\u0648\u0631\u064a - \u062a\u0637\u0628\u064a\u0642 \u0648\u0627\u062d\u062f - % \u0645\u0646 \u0627\u0644\u0631\u0636\u0627<\/span><br \/><span>** \u0644\u0645\u062f\u0629 28 \u064a\u0648\u0645\u064b\u0627 - \u0627\u0633\u062a\u062e\u062f\u0627\u0645 \u0645\u0631\u062a\u064a\u0646 \u064a\u0648\u0645\u064a\u064b\u0627 - % \u0645\u0646 \u0627\u0644\u0631\u0636\u0627<\/span><\/p>\n<h3>\u0637\u0631\u064a\u0642\u0629 \u0627\u0644\u0627\u0633\u062a\u062e\u062f\u0627\u0645<\/h3>\n<div class=\"accordion border border-rg-grey-4\">\n<div class=\"p-4\">\n<div class=\"rg-text-sm\">\n<p>\u064a\u062a\u0645 \u062a\u0637\u0628\u064a\u0642\u0647 \u0635\u0628\u0627\u062d\u064b\u0627 \u0648\u0645\u0633\u0627\u0621\u064b \u0628\u0627\u0633\u062a\u062e\u062f\u0627\u0645 \u0642\u0637\u0639\u0629 \u0645\u0646 \u0627\u0644\u0642\u0637\u0646.<\/p>\n<\/div>\n<\/div>\n<\/div>\n<h3>\u0645\u0643\u0648\u0646\u0627\u062a<\/h3>\n<p><span>AQUA\/WATER\/EAU. POLOXAMER 184. PROPANEDIOL. GLYCERIN. PENTYLENE GLYCOL. POLYSORBATE 20. SODIUM PCA. PARFUM\/FRAGRANCE. CETRIMONIUM BROMIDE. SUCROSE LAURATE. SEMPERVIVUM TECTORUM EXTRACT. ALCOHOL. CITRIC ACID. PAEONIA OFFICINALIS FLOWER EXTRACT.<\/span><\/p>","protected":false},"excerpt":{"rendered":"<p>Jowa\u00e9 Eau Micellaire D\u00e9maquillante\u00a0d\u00e9barrass\u00e9e du maquillage et des impuret\u00e9s. Nettoie et d\u00e9maquille. La peau est nette, d\u00e9barrass\u00e9e du maquillage et des impuret\u00e9s. Elle rayonne d\u2019un nouvel \u00e9clat. Le teint est frais et lumineux. B\u00e9n\u00e9fices et r\u00e9sultats &#8211; Tol\u00e9rance : test\u00e9e cliniquement sous contr\u00f4le ophtalmologique &#8211; \u00c9limine en douceur les impuret\u00e9s et le maquillage, m\u00eame longue [&hellip;]<\/p>\n","protected":false},"featured_media":19225,"template":"","meta":{"om_disable_all_campaigns":false},"product_brand":[],"product_cat":[15],"product_tag":[],"class_list":{"0":"post-19231","1":"product","2":"type-product","3":"status-publish","4":"has-post-thumbnail","6":"product_cat-beaute-sante-complements-alimentaires-soins-et-bien-etre-au-meilleur-prix","8":"first","9":"instock","10":"sale","11":"taxable","12":"shipping-taxable","13":"purchasable","14":"product-type-variable"},"yoast_head":"<!-- This site is optimized with the Yoast SEO plugin v27.4 - https:\/\/yoast.com\/product\/yoast-seo-wordpress\/ -->\n<title>Jowa\u00e9 Eau Micellaire D\u00e9maquillante - Maroc Prix<\/title>\n<meta name=\"description\" content=\"Jowa\u00e9 Eau Micellaire D\u00e9maquillante\" \/>\n<meta name=\"robots\" content=\"index, follow, max-snippet:-1, max-image-preview:large, max-video-preview:-1\" \/>\n<link rel=\"canonical\" href=\"https:\/\/vitablanca.ma\/ar\/product-2\/jowae-eau-micellaire-demaquillante\/\" \/>\n<meta property=\"og:locale\" content=\"ar_AR\" \/>\n<meta property=\"og:type\" content=\"article\" \/>\n<meta property=\"og:title\" content=\"Jowa\u00e9 Eau Micellaire D\u00e9maquillante - Maroc Prix\" \/>\n<meta property=\"og:description\" content=\"Jowa\u00e9 Eau Micellaire D\u00e9maquillante\" \/>\n<meta property=\"og:url\" content=\"https:\/\/vitablanca.ma\/ar\/product-2\/jowae-eau-micellaire-demaquillante\/\" \/>\n<meta property=\"og:site_name\" content=\"Vitablanca.ma &ndash; Sant&eacute;, vitalit&eacute; et bien-&ecirc;tre pour tous les Marocains\" \/>\n<meta property=\"article:publisher\" content=\"https:\/\/www.facebook.com\/profile.php?id=61576678196717\" \/>\n<meta property=\"article:modified_time\" content=\"2025-06-10T17:53:38+00:00\" \/>\n<meta property=\"og:image\" content=\"https:\/\/vitablanca.ma\/wp-content\/uploads\/2025\/06\/Jowae-Eau-Micellaire-Demaquillante-200ml-nova-parapharmacie-maroc.jpg\" \/>\n\t<meta property=\"og:image:width\" content=\"1000\" \/>\n\t<meta property=\"og:image:height\" content=\"1000\" \/>\n\t<meta property=\"og:image:type\" content=\"image\/jpeg\" \/>\n<meta name=\"twitter:card\" content=\"summary_large_image\" \/>\n<meta name=\"twitter:label1\" content=\"\u0648\u0642\u062a \u0627\u0644\u0642\u0631\u0627\u0621\u0629 \u0627\u0644\u0645\u064f\u0642\u062f\u0651\u0631\" \/>\n\t<meta name=\"twitter:data1\" content=\"\u062f\u0642\u064a\u0642\u0629 \u0648\u0627\u062d\u062f\u0629\" \/>\n<script type=\"application\/ld+json\" class=\"yoast-schema-graph\">{\"@context\":\"https:\\\/\\\/schema.org\",\"@graph\":[{\"@type\":[\"WebPage\",\"ItemPage\"],\"@id\":\"https:\\\/\\\/vitablanca.ma\\\/produit\\\/jowae-eau-micellaire-demaquillante\\\/\",\"url\":\"https:\\\/\\\/vitablanca.ma\\\/produit\\\/jowae-eau-micellaire-demaquillante\\\/\",\"name\":\"Jowa\u00e9 Eau Micellaire D\u00e9maquillante - Maroc Prix\",\"isPartOf\":{\"@id\":\"https:\\\/\\\/vitablanca.ma\\\/#website\"},\"primaryImageOfPage\":{\"@id\":\"https:\\\/\\\/vitablanca.ma\\\/produit\\\/jowae-eau-micellaire-demaquillante\\\/#primaryimage\"},\"image\":{\"@id\":\"https:\\\/\\\/vitablanca.ma\\\/produit\\\/jowae-eau-micellaire-demaquillante\\\/#primaryimage\"},\"thumbnailUrl\":\"https:\\\/\\\/vitablanca.ma\\\/wp-content\\\/uploads\\\/2025\\\/06\\\/Jowae-Eau-Micellaire-Demaquillante-200ml-nova-parapharmacie-maroc.jpg\",\"datePublished\":\"2025-06-10T17:53:35+00:00\",\"dateModified\":\"2025-06-10T17:53:38+00:00\",\"description\":\"Jowa\u00e9 Eau Micellaire D\u00e9maquillante\",\"breadcrumb\":{\"@id\":\"https:\\\/\\\/vitablanca.ma\\\/produit\\\/jowae-eau-micellaire-demaquillante\\\/#breadcrumb\"},\"inLanguage\":\"ar\",\"potentialAction\":[{\"@type\":\"ReadAction\",\"target\":[\"https:\\\/\\\/vitablanca.ma\\\/produit\\\/jowae-eau-micellaire-demaquillante\\\/\"]}]},{\"@type\":\"ImageObject\",\"inLanguage\":\"ar\",\"@id\":\"https:\\\/\\\/vitablanca.ma\\\/produit\\\/jowae-eau-micellaire-demaquillante\\\/#primaryimage\",\"url\":\"https:\\\/\\\/vitablanca.ma\\\/wp-content\\\/uploads\\\/2025\\\/06\\\/Jowae-Eau-Micellaire-Demaquillante-200ml-nova-parapharmacie-maroc.jpg\",\"contentUrl\":\"https:\\\/\\\/vitablanca.ma\\\/wp-content\\\/uploads\\\/2025\\\/06\\\/Jowae-Eau-Micellaire-Demaquillante-200ml-nova-parapharmacie-maroc.jpg\",\"width\":1000,\"height\":1000},{\"@type\":\"BreadcrumbList\",\"@id\":\"https:\\\/\\\/vitablanca.ma\\\/produit\\\/jowae-eau-micellaire-demaquillante\\\/#breadcrumb\",\"itemListElement\":[{\"@type\":\"ListItem\",\"position\":1,\"name\":\"Home\",\"item\":\"https:\\\/\\\/vitablanca.ma\\\/\"},{\"@type\":\"ListItem\",\"position\":2,\"name\":\"Tous Les Produits\",\"item\":\"https:\\\/\\\/vitablanca.ma\\\/tous-les-produits\\\/\"},{\"@type\":\"ListItem\",\"position\":3,\"name\":\"Jowa\u00e9 Eau Micellaire D\u00e9maquillante\"}]},{\"@type\":\"WebSite\",\"@id\":\"https:\\\/\\\/vitablanca.ma\\\/#website\",\"url\":\"https:\\\/\\\/vitablanca.ma\\\/\",\"name\":\"VitaBlanca.ma | Compl\u00e9ments alimentaires, sant\u00e9 & beaut\u00e9 au Maroc\",\"description\":\"vendre vitamines et compl\u00e9ments premium des USA &amp; Canada, Nouvelle Z\u00e9lande,Maroc (NOW Foods, Solgar, Manuka). Livraison rapide partout au Maroc.\",\"publisher\":{\"@id\":\"https:\\\/\\\/vitablanca.ma\\\/#organization\"},\"alternateName\":\"VitaBlanca.ma\",\"potentialAction\":[{\"@type\":\"SearchAction\",\"target\":{\"@type\":\"EntryPoint\",\"urlTemplate\":\"https:\\\/\\\/vitablanca.ma\\\/?s={search_term_string}\"},\"query-input\":{\"@type\":\"PropertyValueSpecification\",\"valueRequired\":true,\"valueName\":\"search_term_string\"}}],\"inLanguage\":\"ar\"},{\"@type\":\"Organization\",\"@id\":\"https:\\\/\\\/vitablanca.ma\\\/#organization\",\"name\":\"VitaBlanca\",\"url\":\"https:\\\/\\\/vitablanca.ma\\\/\",\"logo\":{\"@type\":\"ImageObject\",\"inLanguage\":\"ar\",\"@id\":\"https:\\\/\\\/vitablanca.ma\\\/#\\\/schema\\\/logo\\\/image\\\/\",\"url\":\"https:\\\/\\\/vitablanca.ma\\\/wp-content\\\/uploads\\\/2025\\\/05\\\/cropped-vitablanca.png\",\"contentUrl\":\"https:\\\/\\\/vitablanca.ma\\\/wp-content\\\/uploads\\\/2025\\\/05\\\/cropped-vitablanca.png\",\"width\":360,\"height\":67,\"caption\":\"VitaBlanca\"},\"image\":{\"@id\":\"https:\\\/\\\/vitablanca.ma\\\/#\\\/schema\\\/logo\\\/image\\\/\"},\"sameAs\":[\"https:\\\/\\\/www.facebook.com\\\/profile.php?id=61576678196717\",\"https:\\\/\\\/www.tiktok.com\\\/@vitablanca.ma\",\"https:\\\/\\\/www.instagram.com\\\/vitablanca.ma\\\/\"]}]}<\/script>\n<!-- \/ Yoast SEO plugin. -->","yoast_head_json":{"title":"Jowa\u00e9 Eau Micellaire D\u00e9maquillante - Maroc Prix","description":"Jowa\u00e9 Eau Micellaire D\u00e9maquillante","robots":{"index":"index","follow":"follow","max-snippet":"max-snippet:-1","max-image-preview":"max-image-preview:large","max-video-preview":"max-video-preview:-1"},"canonical":"https:\/\/vitablanca.ma\/ar\/product-2\/jowae-eau-micellaire-demaquillante\/","og_locale":"ar_AR","og_type":"article","og_title":"Jowa\u00e9 Eau Micellaire D\u00e9maquillante - Maroc Prix","og_description":"Jowa\u00e9 Eau Micellaire D\u00e9maquillante","og_url":"https:\/\/vitablanca.ma\/ar\/product-2\/jowae-eau-micellaire-demaquillante\/","og_site_name":"Vitablanca.ma &ndash; Sant&eacute;, vitalit&eacute; et bien-&ecirc;tre pour tous les Marocains","article_publisher":"https:\/\/www.facebook.com\/profile.php?id=61576678196717","article_modified_time":"2025-06-10T17:53:38+00:00","og_image":[{"width":1000,"height":1000,"url":"https:\/\/vitablanca.ma\/wp-content\/uploads\/2025\/06\/Jowae-Eau-Micellaire-Demaquillante-200ml-nova-parapharmacie-maroc.jpg","type":"image\/jpeg"}],"twitter_card":"summary_large_image","twitter_misc":{"\u0648\u0642\u062a \u0627\u0644\u0642\u0631\u0627\u0621\u0629 \u0627\u0644\u0645\u064f\u0642\u062f\u0651\u0631":"\u062f\u0642\u064a\u0642\u0629 \u0648\u0627\u062d\u062f\u0629"},"schema":{"@context":"https:\/\/schema.org","@graph":[{"@type":["WebPage","ItemPage"],"@id":"https:\/\/vitablanca.ma\/produit\/jowae-eau-micellaire-demaquillante\/","url":"https:\/\/vitablanca.ma\/produit\/jowae-eau-micellaire-demaquillante\/","name":"Jowa\u00e9 Eau Micellaire D\u00e9maquillante - Maroc Prix","isPartOf":{"@id":"https:\/\/vitablanca.ma\/#website"},"primaryImageOfPage":{"@id":"https:\/\/vitablanca.ma\/produit\/jowae-eau-micellaire-demaquillante\/#primaryimage"},"image":{"@id":"https:\/\/vitablanca.ma\/produit\/jowae-eau-micellaire-demaquillante\/#primaryimage"},"thumbnailUrl":"https:\/\/vitablanca.ma\/wp-content\/uploads\/2025\/06\/Jowae-Eau-Micellaire-Demaquillante-200ml-nova-parapharmacie-maroc.jpg","datePublished":"2025-06-10T17:53:35+00:00","dateModified":"2025-06-10T17:53:38+00:00","description":"Jowa\u00e9 Eau Micellaire D\u00e9maquillante","breadcrumb":{"@id":"https:\/\/vitablanca.ma\/produit\/jowae-eau-micellaire-demaquillante\/#breadcrumb"},"inLanguage":"ar","potentialAction":[{"@type":"ReadAction","target":["https:\/\/vitablanca.ma\/produit\/jowae-eau-micellaire-demaquillante\/"]}]},{"@type":"ImageObject","inLanguage":"ar","@id":"https:\/\/vitablanca.ma\/produit\/jowae-eau-micellaire-demaquillante\/#primaryimage","url":"https:\/\/vitablanca.ma\/wp-content\/uploads\/2025\/06\/Jowae-Eau-Micellaire-Demaquillante-200ml-nova-parapharmacie-maroc.jpg","contentUrl":"https:\/\/vitablanca.ma\/wp-content\/uploads\/2025\/06\/Jowae-Eau-Micellaire-Demaquillante-200ml-nova-parapharmacie-maroc.jpg","width":1000,"height":1000},{"@type":"BreadcrumbList","@id":"https:\/\/vitablanca.ma\/produit\/jowae-eau-micellaire-demaquillante\/#breadcrumb","itemListElement":[{"@type":"ListItem","position":1,"name":"Home","item":"https:\/\/vitablanca.ma\/"},{"@type":"ListItem","position":2,"name":"Tous Les Produits","item":"https:\/\/vitablanca.ma\/tous-les-produits\/"},{"@type":"ListItem","position":3,"name":"Jowa\u00e9 Eau Micellaire D\u00e9maquillante"}]},{"@type":"WebSite","@id":"https:\/\/vitablanca.ma\/#website","url":"https:\/\/vitablanca.ma\/","name":"VitaBlanca.ma | \u0627\u0644\u0645\u0643\u0645\u0644\u0627\u062a \u0627\u0644\u063a\u0630\u0627\u0626\u064a\u0629\u060c \u0627\u0644\u0635\u062d\u0629 \u0648\u0627\u0644\u062c\u0645\u0627\u0644 \u0641\u064a \u0627\u0644\u0645\u063a\u0631\u0628","description":"\u0646\u0628\u064a\u0639 \u0641\u064a\u062a\u0627\u0645\u064a\u0646\u0627\u062a \u0648\u0645\u0643\u0645\u0644\u0627\u062a \u063a\u0630\u0627\u0626\u064a\u0629 \u0641\u0627\u062e\u0631\u0629 \u0645\u0646 \u0627\u0644\u0648\u0644\u0627\u064a\u0627\u062a \u0627\u0644\u0645\u062a\u062d\u062f\u0629 \u0627\u0644\u0623\u0645\u0631\u064a\u0643\u064a\u0629 \u0648\u0643\u0646\u062f\u0627 \u0648\u0646\u064a\u0648\u0632\u064a\u0644\u0646\u062f\u0627 \u0648\u0627\u0644\u0645\u063a\u0631\u0628 (\u0646\u0627\u0648 \u0641\u0648\u062f\u0632\u060c \u0633\u0648\u0644\u062c\u0627\u0631\u060c \u0645\u0627\u0646\u0648\u0643\u0627). \u062a\u0648\u0635\u064a\u0644 \u0633\u0631\u064a\u0639 \u0625\u0644\u0649 \u062c\u0645\u064a\u0639 \u0623\u0646\u062d\u0627\u0621 \u0627\u0644\u0645\u063a\u0631\u0628.","publisher":{"@id":"https:\/\/vitablanca.ma\/#organization"},"alternateName":"VitaBlanca.ma","potentialAction":[{"@type":"SearchAction","target":{"@type":"EntryPoint","urlTemplate":"https:\/\/vitablanca.ma\/?s={search_term_string}"},"query-input":{"@type":"PropertyValueSpecification","valueRequired":true,"valueName":"search_term_string"}}],"inLanguage":"ar"},{"@type":"Organization","@id":"https:\/\/vitablanca.ma\/#organization","name":"\u0641\u064a\u062a\u0627\u0628\u0644\u0627\u0646\u0643\u0627","url":"https:\/\/vitablanca.ma\/","logo":{"@type":"ImageObject","inLanguage":"ar","@id":"https:\/\/vitablanca.ma\/#\/schema\/logo\/image\/","url":"https:\/\/vitablanca.ma\/wp-content\/uploads\/2025\/05\/cropped-vitablanca.png","contentUrl":"https:\/\/vitablanca.ma\/wp-content\/uploads\/2025\/05\/cropped-vitablanca.png","width":360,"height":67,"caption":"VitaBlanca"},"image":{"@id":"https:\/\/vitablanca.ma\/#\/schema\/logo\/image\/"},"sameAs":["https:\/\/www.facebook.com\/profile.php?id=61576678196717","https:\/\/www.tiktok.com\/@vitablanca.ma","https:\/\/www.instagram.com\/vitablanca.ma\/"]}]}},"jetpack_sharing_enabled":true,"_links":{"self":[{"href":"https:\/\/vitablanca.ma\/ar\/wp-json\/wp\/v2\/product\/19231","targetHints":{"allow":["GET"]}}],"collection":[{"href":"https:\/\/vitablanca.ma\/ar\/wp-json\/wp\/v2\/product"}],"about":[{"href":"https:\/\/vitablanca.ma\/ar\/wp-json\/wp\/v2\/types\/product"}],"wp:featuredmedia":[{"embeddable":true,"href":"https:\/\/vitablanca.ma\/ar\/wp-json\/wp\/v2\/media\/19225"}],"wp:attachment":[{"href":"https:\/\/vitablanca.ma\/ar\/wp-json\/wp\/v2\/media?parent=19231"}],"wp:term":[{"taxonomy":"product_brand","embeddable":true,"href":"https:\/\/vitablanca.ma\/ar\/wp-json\/wp\/v2\/product_brand?post=19231"},{"taxonomy":"product_cat","embeddable":true,"href":"https:\/\/vitablanca.ma\/ar\/wp-json\/wp\/v2\/product_cat?post=19231"},{"taxonomy":"product_tag","embeddable":true,"href":"https:\/\/vitablanca.ma\/ar\/wp-json\/wp\/v2\/product_tag?post=19231"}],"curies":[{"name":"wp","href":"https:\/\/api.w.org\/{rel}","templated":true}]}}