{"id":19219,"date":"2025-06-10T17:52:56","date_gmt":"2025-06-10T17:52:56","guid":{"rendered":"https:\/\/vitablanca.ma\/product\/janssen-cosmetics-creme-contour-fermete-50ml\/"},"modified":"2025-06-10T17:52:56","modified_gmt":"2025-06-10T17:52:56","slug":"janssen-cosmetics-creme-contour-fermete-50ml","status":"publish","type":"product","link":"https:\/\/vitablanca.ma\/ar\/product-2\/janssen-cosmetics-creme-contour-fermete-50ml\/","title":{"rendered":"Janssen Cosmetics Cr\u00e8me Contour Fermet\u00e9 50ml"},"content":{"rendered":"<h2>Janssen Cosmetics Cr\u00e8me Contour Fermet\u00e9<span data-mce-fragment=\"1\">\u00a0pour des contours de visage visiblement red\u00e9finis.<\/span>\u00a0<br \/>\n<\/h2>\n<div class=\"descbox\" data-mce-fragment=\"\">Onctueuse cr\u00e8me de soin raffermissante pour des contours de visage visiblement red\u00e9finis.\n<\/div>\n<div class=\"mb-2\" data-mce-fragment=\"1\">\n<p class=\"cs95E872D0\" data-mce-fragment=\"1\"><span class=\"csD5D7D290\" data-mce-fragment=\"1\">Cr\u00e8me de soin raffermissante \u00e0 texture onctueuse. Pour une peau visiblement plus lisse et plus uniforme et un visage raffermi aux contours red\u00e9finis. Contient: peptides stimulant l\u00b4\u00e9lastine, pure soie du Japon, acide hyaluronique \u00e0 cha\u00eenes courtes et longues, huile de noix de macadamia, vitamine E-ac\u00e9tate, extraits de plantes<\/span>\u00a0<br data-mce-fragment=\"1\"><\/p>\n<\/div>\n<div class=\"descbox2\" data-mce-fragment=\"1\">\n<h3 data-mce-fragment=\"1\">\u0637\u0644\u0628<\/h3>\n<div class=\"mb-2\" data-mce-fragment=\"1\">\n<p class=\"cs95E872D0\" data-mce-fragment=\"1\"><span class=\"csD5D7D290\" data-mce-fragment=\"1\">Appliquez Cr\u00e8me Contour Fermet\u00e9 matin et \/ou soir sur la peau bien nettoy\u00e9e du visage et du d\u00e9collet\u00e9.<\/span><\/p>\n<p class=\"cs95E872D0\" data-mce-fragment=\"1\"><span class=\"cs52DB4310\" data-mce-fragment=\"1\">Recommandation :<span data-mce-fragment=\"1\">\u00a0<\/span><\/span><span class=\"cs43C038A\" data-mce-fragment=\"1\">Soin Protecteur Avanc\u00e9 prot\u00e8ge efficacement la peau contre les rayons UV et pr\u00e9vient ainsi le vieillissement cutan\u00e9 pr\u00e9matur\u00e9. Appliquez tout simplement cette \u00e9mulsion ultra-l\u00e9g\u00e8re en dessous de votre Cr\u00e8me Contour Fermet\u00e9 durant la journ\u00e9e.<\/span><\/p>\n<\/div>\n<\/div>\n<div class=\"descbox3\" data-mce-fragment=\"1\">\n<h3 data-mce-fragment=\"1\">\u0645\u0643\u0648\u0646\u0627\u062a<\/h3>\n<div class=\"mb-2\" data-mce-fragment=\"1\">\n<p class=\"cs95E872D0\" data-mce-fragment=\"1\"><span class=\"cs31D24DEE\" data-mce-fragment=\"1\">\u2022 Peptides stimulant l\u00b4\u00e9lastine<\/span><span class=\"csD5D7D290\" data-mce-fragment=\"1\"><span data-mce-fragment=\"1\">\u00a0<\/span>; activent la synth\u00e8se des fibres \u00e9lastines dans les fibroblastes, raffermissent la structure du tissu conjonctif et liftent les contours du visage<\/span><\/p>\n<p class=\"cs95E872D0\" data-mce-fragment=\"1\"><span class=\"cs31D24DEE\" data-mce-fragment=\"1\">\u2022 Extrait v\u00e9g\u00e9tal SORR :<span data-mce-fragment=\"1\">\u00a0<\/span><\/span><span class=\"csD5D7D290\" data-mce-fragment=\"1\">extrait extr\u00eamement efficace tir\u00e9 des plantes de Siegesbeckia Orientalis et de Rabdosia Rubescens, a un effet antioxydant, procure un teint uniforme et \u00e9clatant<\/span><\/p>\n<p class=\"cs95E872D0\" data-mce-fragment=\"1\"><span class=\"cs31D24DEE\" data-mce-fragment=\"1\">\u2022 Acide hyaluronique \u00e0 longues et courtes cha\u00eenes :<span data-mce-fragment=\"1\">\u00a0<\/span><\/span><span class=\"csD5D7D290\" data-mce-fragment=\"1\">hydrate intensivement, retient et maintient l\u00b4hydratation dans les tissus cutan\u00e9s<\/span><\/p>\n<p class=\"cs95E872D0\" data-mce-fragment=\"1\"><span class=\"cs31D24DEE\" data-mce-fragment=\"1\">\u2022 Pure soie du Japon :<span data-mce-fragment=\"1\">\u00a0<\/span><\/span><span class=\"csD5D7D290\" data-mce-fragment=\"1\">poss\u00e8de une structure comparable \u00e0 celle de la peau, p\u00e9n\u00e8tre rapidement, prot\u00e8ge du dess\u00e8chement cutan\u00e9 et procure une peau douce st soyeuse<\/span><\/p>\n<p class=\"cs95E872D0\" data-mce-fragment=\"1\"><span class=\"cs31D24DEE\" data-mce-fragment=\"1\">\u2022 Huile de noix de macadamia :<span data-mce-fragment=\"1\">\u00a0<\/span><\/span><span class=\"csD5D7D290\" data-mce-fragment=\"1\">adoucit et lisse la peau<\/span><\/p>\n<p class=\"cs95E872D0\" data-mce-fragment=\"1\"><span class=\"cs31D24DEE\" data-mce-fragment=\"1\">\u2022 Isost\u00e9arate d\u00b4isost\u00e9aryle :<span data-mce-fragment=\"1\">\u00a0<\/span><\/span><span class=\"csD5D7D290\" data-mce-fragment=\"1\">am\u00e9liore le maintien des lipides dans la couche corn\u00e9e et r\u00e9duit la perte d\u00b4hydratation trans\u00e9pidermale<\/span><\/p>\n<p class=\"cs95E872D0\" data-mce-fragment=\"1\"><span class=\"cs31D24DEE\" data-mce-fragment=\"1\">\u2022 Vitamine A-Palmitate :<span data-mce-fragment=\"1\">\u00a0<\/span><\/span><span class=\"csD5D7D290\" data-mce-fragment=\"1\">acc\u00e9l\u00e8re le \u00a0renouvellement naturel \u00e9pidermique<\/span><\/p>\n<p class=\"cs95E872D0\" data-mce-fragment=\"1\"><span class=\"cs31D24DEE\" data-mce-fragment=\"1\">\u2022 Vitamine E-ac\u00e9tate :<span data-mce-fragment=\"1\">\u00a0<\/span><\/span><span class=\"csD5D7D290\" data-mce-fragment=\"1\">combat les radicaux libres, assure une protection cellulaire pr\u00e9ventive, pr\u00e9vient le vieillissement pr\u00e9coce<\/span><\/p>\n<\/div>\n<\/div>","protected":false},"excerpt":{"rendered":"<p>Janssen Cosmetics Cr\u00e8me Contour Fermet\u00e9\u00a0pour des contours de visage visiblement red\u00e9finis.\u00a0 Onctueuse cr\u00e8me de soin raffermissante pour des contours de visage visiblement red\u00e9finis. Cr\u00e8me de soin raffermissante \u00e0 texture onctueuse. Pour une peau visiblement plus lisse et plus uniforme et un visage raffermi aux contours red\u00e9finis. Contient: peptides stimulant l\u00b4\u00e9lastine, pure soie du Japon, acide [&hellip;]<\/p>\n","protected":false},"featured_media":19216,"template":"","meta":{"om_disable_all_campaigns":false},"product_brand":[],"product_cat":[15],"product_tag":[],"class_list":{"0":"post-19219","1":"product","2":"type-product","3":"status-publish","4":"has-post-thumbnail","6":"product_cat-beaute-sante-complements-alimentaires-soins-et-bien-etre-au-meilleur-prix","8":"first","9":"instock","10":"sale","11":"taxable","12":"shipping-taxable","13":"purchasable","14":"product-type-simple"},"yoast_head":"<!-- This site is optimized with the Yoast SEO plugin v27.4 - https:\/\/yoast.com\/product\/yoast-seo-wordpress\/ -->\n<title>Janssen Cosmetics Cr\u00e8me Contour Fermet\u00e9 50ml - Maroc Prix<\/title>\n<meta name=\"description\" content=\"Janssen Cosmetics Cr\u00e8me Contour Fermet\u00e9 50ml\" \/>\n<meta name=\"robots\" content=\"index, follow, max-snippet:-1, max-image-preview:large, max-video-preview:-1\" \/>\n<link rel=\"canonical\" href=\"https:\/\/vitablanca.ma\/ar\/product-2\/janssen-cosmetics-creme-contour-fermete-50ml\/\" \/>\n<meta property=\"og:locale\" content=\"ar_AR\" \/>\n<meta property=\"og:type\" content=\"article\" \/>\n<meta property=\"og:title\" content=\"Janssen Cosmetics Cr\u00e8me Contour Fermet\u00e9 50ml - Maroc Prix\" \/>\n<meta property=\"og:description\" content=\"Janssen Cosmetics Cr\u00e8me Contour Fermet\u00e9 50ml\" \/>\n<meta property=\"og:url\" content=\"https:\/\/vitablanca.ma\/ar\/product-2\/janssen-cosmetics-creme-contour-fermete-50ml\/\" \/>\n<meta property=\"og:site_name\" content=\"Vitablanca.ma &ndash; Sant&eacute;, vitalit&eacute; et bien-&ecirc;tre pour tous les Marocains\" \/>\n<meta property=\"article:publisher\" content=\"https:\/\/www.facebook.com\/profile.php?id=61576678196717\" \/>\n<meta property=\"og:image\" content=\"https:\/\/vitablanca.ma\/wp-content\/uploads\/2025\/06\/Janssen-Cosmetics-Creme-Contour-Fermete-50ml-nova-parapharmacie-maroc.jpg\" \/>\n\t<meta property=\"og:image:width\" content=\"1000\" \/>\n\t<meta property=\"og:image:height\" content=\"1000\" \/>\n\t<meta property=\"og:image:type\" content=\"image\/jpeg\" \/>\n<meta name=\"twitter:card\" content=\"summary_large_image\" \/>\n<meta name=\"twitter:label1\" content=\"\u0648\u0642\u062a \u0627\u0644\u0642\u0631\u0627\u0621\u0629 \u0627\u0644\u0645\u064f\u0642\u062f\u0651\u0631\" \/>\n\t<meta name=\"twitter:data1\" content=\"\u062f\u0642\u064a\u0642\u062a\u0627\u0646\" \/>\n<script type=\"application\/ld+json\" class=\"yoast-schema-graph\">{\"@context\":\"https:\\\/\\\/schema.org\",\"@graph\":[{\"@type\":[\"WebPage\",\"ItemPage\"],\"@id\":\"https:\\\/\\\/vitablanca.ma\\\/produit\\\/janssen-cosmetics-creme-contour-fermete-50ml\\\/\",\"url\":\"https:\\\/\\\/vitablanca.ma\\\/produit\\\/janssen-cosmetics-creme-contour-fermete-50ml\\\/\",\"name\":\"Janssen Cosmetics Cr\u00e8me Contour Fermet\u00e9 50ml - Maroc Prix\",\"isPartOf\":{\"@id\":\"https:\\\/\\\/vitablanca.ma\\\/#website\"},\"primaryImageOfPage\":{\"@id\":\"https:\\\/\\\/vitablanca.ma\\\/produit\\\/janssen-cosmetics-creme-contour-fermete-50ml\\\/#primaryimage\"},\"image\":{\"@id\":\"https:\\\/\\\/vitablanca.ma\\\/produit\\\/janssen-cosmetics-creme-contour-fermete-50ml\\\/#primaryimage\"},\"thumbnailUrl\":\"https:\\\/\\\/vitablanca.ma\\\/wp-content\\\/uploads\\\/2025\\\/06\\\/Janssen-Cosmetics-Creme-Contour-Fermete-50ml-nova-parapharmacie-maroc.jpg\",\"datePublished\":\"2025-06-10T17:52:56+00:00\",\"description\":\"Janssen Cosmetics Cr\u00e8me Contour Fermet\u00e9 50ml\",\"breadcrumb\":{\"@id\":\"https:\\\/\\\/vitablanca.ma\\\/produit\\\/janssen-cosmetics-creme-contour-fermete-50ml\\\/#breadcrumb\"},\"inLanguage\":\"ar\",\"potentialAction\":[{\"@type\":\"ReadAction\",\"target\":[\"https:\\\/\\\/vitablanca.ma\\\/produit\\\/janssen-cosmetics-creme-contour-fermete-50ml\\\/\"]}]},{\"@type\":\"ImageObject\",\"inLanguage\":\"ar\",\"@id\":\"https:\\\/\\\/vitablanca.ma\\\/produit\\\/janssen-cosmetics-creme-contour-fermete-50ml\\\/#primaryimage\",\"url\":\"https:\\\/\\\/vitablanca.ma\\\/wp-content\\\/uploads\\\/2025\\\/06\\\/Janssen-Cosmetics-Creme-Contour-Fermete-50ml-nova-parapharmacie-maroc.jpg\",\"contentUrl\":\"https:\\\/\\\/vitablanca.ma\\\/wp-content\\\/uploads\\\/2025\\\/06\\\/Janssen-Cosmetics-Creme-Contour-Fermete-50ml-nova-parapharmacie-maroc.jpg\",\"width\":1000,\"height\":1000},{\"@type\":\"BreadcrumbList\",\"@id\":\"https:\\\/\\\/vitablanca.ma\\\/produit\\\/janssen-cosmetics-creme-contour-fermete-50ml\\\/#breadcrumb\",\"itemListElement\":[{\"@type\":\"ListItem\",\"position\":1,\"name\":\"Home\",\"item\":\"https:\\\/\\\/vitablanca.ma\\\/\"},{\"@type\":\"ListItem\",\"position\":2,\"name\":\"Tous Les Produits\",\"item\":\"https:\\\/\\\/vitablanca.ma\\\/tous-les-produits\\\/\"},{\"@type\":\"ListItem\",\"position\":3,\"name\":\"Janssen Cosmetics Cr\u00e8me Contour Fermet\u00e9 50ml\"}]},{\"@type\":\"WebSite\",\"@id\":\"https:\\\/\\\/vitablanca.ma\\\/#website\",\"url\":\"https:\\\/\\\/vitablanca.ma\\\/\",\"name\":\"VitaBlanca.ma | Compl\u00e9ments alimentaires, sant\u00e9 & beaut\u00e9 au Maroc\",\"description\":\"vendre vitamines et compl\u00e9ments premium des USA &amp; Canada, Nouvelle Z\u00e9lande,Maroc (NOW Foods, Solgar, Manuka). Livraison rapide partout au Maroc.\",\"publisher\":{\"@id\":\"https:\\\/\\\/vitablanca.ma\\\/#organization\"},\"alternateName\":\"VitaBlanca.ma\",\"potentialAction\":[{\"@type\":\"SearchAction\",\"target\":{\"@type\":\"EntryPoint\",\"urlTemplate\":\"https:\\\/\\\/vitablanca.ma\\\/?s={search_term_string}\"},\"query-input\":{\"@type\":\"PropertyValueSpecification\",\"valueRequired\":true,\"valueName\":\"search_term_string\"}}],\"inLanguage\":\"ar\"},{\"@type\":\"Organization\",\"@id\":\"https:\\\/\\\/vitablanca.ma\\\/#organization\",\"name\":\"VitaBlanca\",\"url\":\"https:\\\/\\\/vitablanca.ma\\\/\",\"logo\":{\"@type\":\"ImageObject\",\"inLanguage\":\"ar\",\"@id\":\"https:\\\/\\\/vitablanca.ma\\\/#\\\/schema\\\/logo\\\/image\\\/\",\"url\":\"https:\\\/\\\/vitablanca.ma\\\/wp-content\\\/uploads\\\/2025\\\/05\\\/cropped-vitablanca.png\",\"contentUrl\":\"https:\\\/\\\/vitablanca.ma\\\/wp-content\\\/uploads\\\/2025\\\/05\\\/cropped-vitablanca.png\",\"width\":360,\"height\":67,\"caption\":\"VitaBlanca\"},\"image\":{\"@id\":\"https:\\\/\\\/vitablanca.ma\\\/#\\\/schema\\\/logo\\\/image\\\/\"},\"sameAs\":[\"https:\\\/\\\/www.facebook.com\\\/profile.php?id=61576678196717\",\"https:\\\/\\\/www.tiktok.com\\\/@vitablanca.ma\",\"https:\\\/\\\/www.instagram.com\\\/vitablanca.ma\\\/\"]}]}<\/script>\n<!-- \/ Yoast SEO plugin. -->","yoast_head_json":{"title":"Janssen Cosmetics Cr\u00e8me Contour Fermet\u00e9 50ml - Maroc Prix","description":"Janssen Cosmetics Cr\u00e8me Contour Fermet\u00e9 50ml","robots":{"index":"index","follow":"follow","max-snippet":"max-snippet:-1","max-image-preview":"max-image-preview:large","max-video-preview":"max-video-preview:-1"},"canonical":"https:\/\/vitablanca.ma\/ar\/product-2\/janssen-cosmetics-creme-contour-fermete-50ml\/","og_locale":"ar_AR","og_type":"article","og_title":"Janssen Cosmetics Cr\u00e8me Contour Fermet\u00e9 50ml - Maroc Prix","og_description":"Janssen Cosmetics Cr\u00e8me Contour Fermet\u00e9 50ml","og_url":"https:\/\/vitablanca.ma\/ar\/product-2\/janssen-cosmetics-creme-contour-fermete-50ml\/","og_site_name":"Vitablanca.ma &ndash; Sant&eacute;, vitalit&eacute; et bien-&ecirc;tre pour tous les Marocains","article_publisher":"https:\/\/www.facebook.com\/profile.php?id=61576678196717","og_image":[{"width":1000,"height":1000,"url":"https:\/\/vitablanca.ma\/wp-content\/uploads\/2025\/06\/Janssen-Cosmetics-Creme-Contour-Fermete-50ml-nova-parapharmacie-maroc.jpg","type":"image\/jpeg"}],"twitter_card":"summary_large_image","twitter_misc":{"\u0648\u0642\u062a \u0627\u0644\u0642\u0631\u0627\u0621\u0629 \u0627\u0644\u0645\u064f\u0642\u062f\u0651\u0631":"\u062f\u0642\u064a\u0642\u062a\u0627\u0646"},"schema":{"@context":"https:\/\/schema.org","@graph":[{"@type":["WebPage","ItemPage"],"@id":"https:\/\/vitablanca.ma\/produit\/janssen-cosmetics-creme-contour-fermete-50ml\/","url":"https:\/\/vitablanca.ma\/produit\/janssen-cosmetics-creme-contour-fermete-50ml\/","name":"Janssen Cosmetics Cr\u00e8me Contour Fermet\u00e9 50ml - Maroc Prix","isPartOf":{"@id":"https:\/\/vitablanca.ma\/#website"},"primaryImageOfPage":{"@id":"https:\/\/vitablanca.ma\/produit\/janssen-cosmetics-creme-contour-fermete-50ml\/#primaryimage"},"image":{"@id":"https:\/\/vitablanca.ma\/produit\/janssen-cosmetics-creme-contour-fermete-50ml\/#primaryimage"},"thumbnailUrl":"https:\/\/vitablanca.ma\/wp-content\/uploads\/2025\/06\/Janssen-Cosmetics-Creme-Contour-Fermete-50ml-nova-parapharmacie-maroc.jpg","datePublished":"2025-06-10T17:52:56+00:00","description":"Janssen Cosmetics Cr\u00e8me Contour Fermet\u00e9 50ml","breadcrumb":{"@id":"https:\/\/vitablanca.ma\/produit\/janssen-cosmetics-creme-contour-fermete-50ml\/#breadcrumb"},"inLanguage":"ar","potentialAction":[{"@type":"ReadAction","target":["https:\/\/vitablanca.ma\/produit\/janssen-cosmetics-creme-contour-fermete-50ml\/"]}]},{"@type":"ImageObject","inLanguage":"ar","@id":"https:\/\/vitablanca.ma\/produit\/janssen-cosmetics-creme-contour-fermete-50ml\/#primaryimage","url":"https:\/\/vitablanca.ma\/wp-content\/uploads\/2025\/06\/Janssen-Cosmetics-Creme-Contour-Fermete-50ml-nova-parapharmacie-maroc.jpg","contentUrl":"https:\/\/vitablanca.ma\/wp-content\/uploads\/2025\/06\/Janssen-Cosmetics-Creme-Contour-Fermete-50ml-nova-parapharmacie-maroc.jpg","width":1000,"height":1000},{"@type":"BreadcrumbList","@id":"https:\/\/vitablanca.ma\/produit\/janssen-cosmetics-creme-contour-fermete-50ml\/#breadcrumb","itemListElement":[{"@type":"ListItem","position":1,"name":"Home","item":"https:\/\/vitablanca.ma\/"},{"@type":"ListItem","position":2,"name":"Tous Les Produits","item":"https:\/\/vitablanca.ma\/tous-les-produits\/"},{"@type":"ListItem","position":3,"name":"Janssen Cosmetics Cr\u00e8me Contour Fermet\u00e9 50ml"}]},{"@type":"WebSite","@id":"https:\/\/vitablanca.ma\/#website","url":"https:\/\/vitablanca.ma\/","name":"VitaBlanca.ma | \u0627\u0644\u0645\u0643\u0645\u0644\u0627\u062a \u0627\u0644\u063a\u0630\u0627\u0626\u064a\u0629\u060c \u0627\u0644\u0635\u062d\u0629 \u0648\u0627\u0644\u062c\u0645\u0627\u0644 \u0641\u064a \u0627\u0644\u0645\u063a\u0631\u0628","description":"\u0646\u0628\u064a\u0639 \u0641\u064a\u062a\u0627\u0645\u064a\u0646\u0627\u062a \u0648\u0645\u0643\u0645\u0644\u0627\u062a \u063a\u0630\u0627\u0626\u064a\u0629 \u0641\u0627\u062e\u0631\u0629 \u0645\u0646 \u0627\u0644\u0648\u0644\u0627\u064a\u0627\u062a \u0627\u0644\u0645\u062a\u062d\u062f\u0629 \u0627\u0644\u0623\u0645\u0631\u064a\u0643\u064a\u0629 \u0648\u0643\u0646\u062f\u0627 \u0648\u0646\u064a\u0648\u0632\u064a\u0644\u0646\u062f\u0627 \u0648\u0627\u0644\u0645\u063a\u0631\u0628 (\u0646\u0627\u0648 \u0641\u0648\u062f\u0632\u060c \u0633\u0648\u0644\u062c\u0627\u0631\u060c \u0645\u0627\u0646\u0648\u0643\u0627). \u062a\u0648\u0635\u064a\u0644 \u0633\u0631\u064a\u0639 \u0625\u0644\u0649 \u062c\u0645\u064a\u0639 \u0623\u0646\u062d\u0627\u0621 \u0627\u0644\u0645\u063a\u0631\u0628.","publisher":{"@id":"https:\/\/vitablanca.ma\/#organization"},"alternateName":"VitaBlanca.ma","potentialAction":[{"@type":"SearchAction","target":{"@type":"EntryPoint","urlTemplate":"https:\/\/vitablanca.ma\/?s={search_term_string}"},"query-input":{"@type":"PropertyValueSpecification","valueRequired":true,"valueName":"search_term_string"}}],"inLanguage":"ar"},{"@type":"Organization","@id":"https:\/\/vitablanca.ma\/#organization","name":"\u0641\u064a\u062a\u0627\u0628\u0644\u0627\u0646\u0643\u0627","url":"https:\/\/vitablanca.ma\/","logo":{"@type":"ImageObject","inLanguage":"ar","@id":"https:\/\/vitablanca.ma\/#\/schema\/logo\/image\/","url":"https:\/\/vitablanca.ma\/wp-content\/uploads\/2025\/05\/cropped-vitablanca.png","contentUrl":"https:\/\/vitablanca.ma\/wp-content\/uploads\/2025\/05\/cropped-vitablanca.png","width":360,"height":67,"caption":"VitaBlanca"},"image":{"@id":"https:\/\/vitablanca.ma\/#\/schema\/logo\/image\/"},"sameAs":["https:\/\/www.facebook.com\/profile.php?id=61576678196717","https:\/\/www.tiktok.com\/@vitablanca.ma","https:\/\/www.instagram.com\/vitablanca.ma\/"]}]}},"jetpack_sharing_enabled":true,"_links":{"self":[{"href":"https:\/\/vitablanca.ma\/ar\/wp-json\/wp\/v2\/product\/19219","targetHints":{"allow":["GET"]}}],"collection":[{"href":"https:\/\/vitablanca.ma\/ar\/wp-json\/wp\/v2\/product"}],"about":[{"href":"https:\/\/vitablanca.ma\/ar\/wp-json\/wp\/v2\/types\/product"}],"wp:featuredmedia":[{"embeddable":true,"href":"https:\/\/vitablanca.ma\/ar\/wp-json\/wp\/v2\/media\/19216"}],"wp:attachment":[{"href":"https:\/\/vitablanca.ma\/ar\/wp-json\/wp\/v2\/media?parent=19219"}],"wp:term":[{"taxonomy":"product_brand","embeddable":true,"href":"https:\/\/vitablanca.ma\/ar\/wp-json\/wp\/v2\/product_brand?post=19219"},{"taxonomy":"product_cat","embeddable":true,"href":"https:\/\/vitablanca.ma\/ar\/wp-json\/wp\/v2\/product_cat?post=19219"},{"taxonomy":"product_tag","embeddable":true,"href":"https:\/\/vitablanca.ma\/ar\/wp-json\/wp\/v2\/product_tag?post=19219"}],"curies":[{"name":"wp","href":"https:\/\/api.w.org\/{rel}","templated":true}]}}