{"id":19201,"date":"2025-06-10T17:52:12","date_gmt":"2025-06-10T17:52:12","guid":{"rendered":"https:\/\/vitablanca.ma\/product\/janssen-cosmetics-lip-mask-15ml\/"},"modified":"2025-06-10T17:52:12","modified_gmt":"2025-06-10T17:52:12","slug":"janssen-cosmetics-lip-mask-15ml","status":"publish","type":"product","link":"https:\/\/vitablanca.ma\/ar\/product-2\/janssen-cosmetics-lip-mask-15ml\/","title":{"rendered":"\u0642\u0646\u0627\u0639 \u0627\u0644\u0634\u0641\u0627\u0647 \u0645\u0646 \u062c\u0627\u0646\u0633\u0646 \u0643\u0648\u0632\u0645\u062a\u0643\u0633 15 \u0645\u0644"},"content":{"rendered":"<div class=\"descbox\" data-mce-fragment=\"1\">\n<div class=\"mb-2\" data-mce-fragment=\"1\">\n<div class=\"descbox\">\n<div class=\"mb-2\">\n<h2 class=\"cs95E872D0\"><span class=\"csD5D7D290\"><span>Janssen Cosmetics Lip Mask pour r\u00e9parer, le masque pour les l\u00e8vres permet aux l\u00e8vres particuli\u00e8rement s\u00e8ches\u00a0<\/span><\/span><\/h2>\n<p class=\"cs95E872D0\"><span class=\"csD5D7D290\"><span>Masque de nuit lissant pour des l\u00e8vres pleines et souples.<span>\u00a0<\/span>Tr\u00e8s efficace pour r\u00e9parer, le masque pour les l\u00e8vres permet aux l\u00e8vres particuli\u00e8rement s\u00e8ches et cassantes de respirer \u00e0 nouveau : Du jour au lendemain, il fusionne avec la peau et d\u00e9ploie ses actifs hydratants intensifs et extr\u00eamement pr\u00e9cieux, tels que l&rsquo;acide hyaluronique et les phyto-extraits.<span>\u00a0<\/span>Le beurre de karit\u00e9 lissant, les cires v\u00e9g\u00e9tales protectrices et les huiles fortifiantes cellulaires donnent aux l\u00e8vres une souplesse irr\u00e9sistible et un volume sensuel.<span>\u00a0<\/span>Une texture fondante d\u00e9licate &#8211; un baume tangible pour les l\u00e8vres et l&rsquo;\u00e2me.<span>\u00a0<\/span>Goodnight Lip Mask est \u00e9galement le soin SOS de jour parfait pour les l\u00e8vres stress\u00e9es.<\/span><\/span><\/p>\n<\/div>\n<\/div>\n<div class=\"descbox2\">\n<h3><span>USAGE<\/span><\/h3>\n<div class=\"mb-2\">\n<p class=\"cs95E872D0\"><span class=\"csD5D7D290\"><span>Goodnight Lip Mask s&rsquo;applique le soir sur la peau nettoy\u00e9e des l\u00e8vres et traite la peau d\u00e9licate en trois \u00e9tapes :<\/span><\/span><\/p>\n<p class=\"cs95E872D0\"><span class=\"csD5D7D290\"><span>1. Massez &#8211; appliquez g\u00e9n\u00e9reusement le masque sur les l\u00e8vres et le long du contour des l\u00e8vres et massez.<\/span><\/span><\/p>\n<p class=\"cs95E872D0\"><span class=\"csD5D7D290\"><span>2. Laissez agir &#8211; des ingr\u00e9dients pr\u00e9cieux p\u00e9n\u00e8trent dans la peau pendant la nuit, se d\u00e9tendent et lissent.<\/span><\/span><\/p>\n<p class=\"cs95E872D0\"><span class=\"csD5D7D290\"><span>3. R\u00e9veillez-vous d\u00e9tendu &#8211; avec des l\u00e8vres lisses et irr\u00e9sistiblement souples.<\/span><\/span><\/p>\n<\/div>\n<\/div>\n<div class=\"descbox3\">\n<h3><span>\u0645\u0643\u0648\u0646\u0627\u062a<\/span><\/h3>\n<div class=\"mb-2\">\n<p class=\"cs95E872D0\"><span class=\"csD5D7D290\"><span>\u2022 Beurre de<span>\u00a0<\/span><\/span><\/span><span class=\"cs31D24DEE\"><span>karit\u00e9 :<span>\u00a0<\/span><\/span><\/span><span class=\"csD5D7D290\"><span>substance naturelle de haute qualit\u00e9 issue des noix de l&rsquo;arbre \u00e0 beurre de karit\u00e9 (Butyrospermum Parkii), hydratante, lissante et adoucissante, et pr\u00e9vient le dess\u00e8chement de la peau<\/span><\/span><\/p>\n<p class=\"cs95E872D0\"><span class=\"csD5D7D290\"><span>\u2022<span>\u00a0<\/span><\/span><\/span><span class=\"cs31D24DEE\"><span>Cire de tournesol :<span>\u00a0<\/span><\/span><\/span><span class=\"csD5D7D290\"><span>obtenue \u00e0 partir de graines de tournesol ;<span>\u00a0<\/span>cr\u00e9e une sensation agr\u00e9able sur la peau;<span>\u00a0<\/span>protecteur<\/span><\/span><\/p>\n<p class=\"cs95E872D0\"><span class=\"csD5D7D290\"><span>\u2022<span>\u00a0<\/span><\/span><\/span><span class=\"cs31D24DEE\"><span>Cire de Candelilla :<span>\u00a0<\/span><\/span><\/span><span class=\"csD5D7D290\"><span>est obtenue \u00e0 partir des feuilles et des tiges du buisson de Candelilla (Euphorbia antisyphilitica) originaire du nord du Mexique et du sud-ouest des \u00c9tats-Unis ;<span>\u00a0<\/span>assure la coh\u00e9rence, la protection<\/span><\/span><\/p>\n<p class=\"cs95E872D0\"><span class=\"csD5D7D290\"><span>\u2022<span>\u00a0<\/span><\/span><\/span><span class=\"cs31D24DEE\"><span>Huile de lin :<span>\u00a0<\/span><\/span><\/span><span class=\"csD5D7D290\"><span>d\u00e9riv\u00e9e des graines de lin et riche en acides gras om\u00e9ga-3 et om\u00e9ga-6 ;<span>\u00a0<\/span>renforce la fonction barri\u00e8re de la peau<\/span><\/span><\/p>\n<p class=\"cs95E872D0\"><span class=\"csD5D7D290\"><span>\u2022<span>\u00a0<\/span><\/span><\/span><span class=\"cs31D24DEE\"><span>Huile de graines de coton :<span>\u00a0<\/span><\/span><\/span><span class=\"csD5D7D290\"><span>est une graine de coton press\u00e9e, riche en vitamine E ;<span>\u00a0<\/span>prot\u00e8ge la peau<\/span><\/span><\/p>\n<p class=\"cs95E872D0\"><span class=\"csD5D7D290\"><span>\u2022<span>\u00a0<\/span><\/span><\/span><span class=\"cs31D24DEE\"><span>Extrait de Paracress (Spilanthes Acmella) :<span>\u00a0<\/span><\/span><\/span><span class=\"csD5D7D290\"><span>att\u00e9nue les rides d&rsquo;expression et lisse la surface de la peau<\/span><\/span><\/p>\n<p class=\"cs95E872D0\"><span class=\"csD5D7D290\"><span>\u2022<span>\u00a0<\/span><\/span><\/span><span class=\"cs31D24DEE\"><span>Acide hyaluronique\u00a0:<span>\u00a0<\/span><\/span><\/span><span class=\"csD5D7D290\"><span>hydrate<\/span><\/span><\/p>\n<\/div>\n<\/div>\n<\/div>\n<\/div>","protected":false},"excerpt":{"rendered":"<p>Janssen Cosmetics Lip Mask pour r\u00e9parer, le masque pour les l\u00e8vres permet aux l\u00e8vres particuli\u00e8rement s\u00e8ches\u00a0 Masque de nuit lissant pour des l\u00e8vres pleines et souples.\u00a0Tr\u00e8s efficace pour r\u00e9parer, le masque pour les l\u00e8vres permet aux l\u00e8vres particuli\u00e8rement s\u00e8ches et cassantes de respirer \u00e0 nouveau : Du jour au lendemain, il fusionne avec la peau [&hellip;]<\/p>\n","protected":false},"featured_media":19199,"template":"","meta":{"om_disable_all_campaigns":false},"product_brand":[],"product_cat":[15],"product_tag":[],"class_list":{"0":"post-19201","1":"product","2":"type-product","3":"status-publish","4":"has-post-thumbnail","6":"product_cat-beaute-sante-complements-alimentaires-soins-et-bien-etre-au-meilleur-prix","8":"first","9":"instock","10":"sale","11":"taxable","12":"shipping-taxable","13":"purchasable","14":"product-type-simple"},"yoast_head":"<!-- This site is optimized with the Yoast SEO plugin v27.4 - https:\/\/yoast.com\/product\/yoast-seo-wordpress\/ -->\n<title>Janssen Cosmetics Lip Mask 15ml - Maroc Prix<\/title>\n<meta name=\"description\" content=\"Janssen Cosmetics Lip Mask 15ml\" \/>\n<meta name=\"robots\" content=\"index, follow, max-snippet:-1, max-image-preview:large, max-video-preview:-1\" \/>\n<link rel=\"canonical\" href=\"https:\/\/vitablanca.ma\/ar\/product-2\/janssen-cosmetics-lip-mask-15ml\/\" \/>\n<meta property=\"og:locale\" content=\"ar_AR\" \/>\n<meta property=\"og:type\" content=\"article\" \/>\n<meta property=\"og:title\" content=\"Janssen Cosmetics Lip Mask 15ml - Maroc Prix\" \/>\n<meta property=\"og:description\" content=\"Janssen Cosmetics Lip Mask 15ml\" \/>\n<meta property=\"og:url\" content=\"https:\/\/vitablanca.ma\/ar\/product-2\/janssen-cosmetics-lip-mask-15ml\/\" \/>\n<meta property=\"og:site_name\" content=\"Vitablanca.ma &ndash; Sant&eacute;, vitalit&eacute; et bien-&ecirc;tre pour tous les Marocains\" \/>\n<meta property=\"article:publisher\" content=\"https:\/\/www.facebook.com\/profile.php?id=61576678196717\" \/>\n<meta property=\"og:image\" content=\"https:\/\/vitablanca.ma\/wp-content\/uploads\/2025\/06\/Janssen-Cosmetics-Lip-Mask-15ml-nova-parapharmacie-maroc.jpg\" \/>\n\t<meta property=\"og:image:width\" content=\"1000\" \/>\n\t<meta property=\"og:image:height\" content=\"1000\" \/>\n\t<meta property=\"og:image:type\" content=\"image\/jpeg\" \/>\n<meta name=\"twitter:card\" content=\"summary_large_image\" \/>\n<meta name=\"twitter:label1\" content=\"\u0648\u0642\u062a \u0627\u0644\u0642\u0631\u0627\u0621\u0629 \u0627\u0644\u0645\u064f\u0642\u062f\u0651\u0631\" \/>\n\t<meta name=\"twitter:data1\" content=\"\u062f\u0642\u064a\u0642\u062a\u0627\u0646\" \/>\n<script type=\"application\/ld+json\" class=\"yoast-schema-graph\">{\"@context\":\"https:\\\/\\\/schema.org\",\"@graph\":[{\"@type\":[\"WebPage\",\"ItemPage\"],\"@id\":\"https:\\\/\\\/vitablanca.ma\\\/produit\\\/janssen-cosmetics-lip-mask-15ml\\\/\",\"url\":\"https:\\\/\\\/vitablanca.ma\\\/produit\\\/janssen-cosmetics-lip-mask-15ml\\\/\",\"name\":\"Janssen Cosmetics Lip Mask 15ml - Maroc Prix\",\"isPartOf\":{\"@id\":\"https:\\\/\\\/vitablanca.ma\\\/#website\"},\"primaryImageOfPage\":{\"@id\":\"https:\\\/\\\/vitablanca.ma\\\/produit\\\/janssen-cosmetics-lip-mask-15ml\\\/#primaryimage\"},\"image\":{\"@id\":\"https:\\\/\\\/vitablanca.ma\\\/produit\\\/janssen-cosmetics-lip-mask-15ml\\\/#primaryimage\"},\"thumbnailUrl\":\"https:\\\/\\\/vitablanca.ma\\\/wp-content\\\/uploads\\\/2025\\\/06\\\/Janssen-Cosmetics-Lip-Mask-15ml-nova-parapharmacie-maroc.jpg\",\"datePublished\":\"2025-06-10T17:52:12+00:00\",\"description\":\"Janssen Cosmetics Lip Mask 15ml\",\"breadcrumb\":{\"@id\":\"https:\\\/\\\/vitablanca.ma\\\/produit\\\/janssen-cosmetics-lip-mask-15ml\\\/#breadcrumb\"},\"inLanguage\":\"ar\",\"potentialAction\":[{\"@type\":\"ReadAction\",\"target\":[\"https:\\\/\\\/vitablanca.ma\\\/produit\\\/janssen-cosmetics-lip-mask-15ml\\\/\"]}]},{\"@type\":\"ImageObject\",\"inLanguage\":\"ar\",\"@id\":\"https:\\\/\\\/vitablanca.ma\\\/produit\\\/janssen-cosmetics-lip-mask-15ml\\\/#primaryimage\",\"url\":\"https:\\\/\\\/vitablanca.ma\\\/wp-content\\\/uploads\\\/2025\\\/06\\\/Janssen-Cosmetics-Lip-Mask-15ml-nova-parapharmacie-maroc.jpg\",\"contentUrl\":\"https:\\\/\\\/vitablanca.ma\\\/wp-content\\\/uploads\\\/2025\\\/06\\\/Janssen-Cosmetics-Lip-Mask-15ml-nova-parapharmacie-maroc.jpg\",\"width\":1000,\"height\":1000},{\"@type\":\"BreadcrumbList\",\"@id\":\"https:\\\/\\\/vitablanca.ma\\\/produit\\\/janssen-cosmetics-lip-mask-15ml\\\/#breadcrumb\",\"itemListElement\":[{\"@type\":\"ListItem\",\"position\":1,\"name\":\"Home\",\"item\":\"https:\\\/\\\/vitablanca.ma\\\/\"},{\"@type\":\"ListItem\",\"position\":2,\"name\":\"Tous Les Produits\",\"item\":\"https:\\\/\\\/vitablanca.ma\\\/tous-les-produits\\\/\"},{\"@type\":\"ListItem\",\"position\":3,\"name\":\"Janssen Cosmetics Lip Mask 15ml\"}]},{\"@type\":\"WebSite\",\"@id\":\"https:\\\/\\\/vitablanca.ma\\\/#website\",\"url\":\"https:\\\/\\\/vitablanca.ma\\\/\",\"name\":\"VitaBlanca.ma | Compl\u00e9ments alimentaires, sant\u00e9 & beaut\u00e9 au Maroc\",\"description\":\"vendre vitamines et compl\u00e9ments premium des USA &amp; Canada, Nouvelle Z\u00e9lande,Maroc (NOW Foods, Solgar, Manuka). Livraison rapide partout au Maroc.\",\"publisher\":{\"@id\":\"https:\\\/\\\/vitablanca.ma\\\/#organization\"},\"alternateName\":\"VitaBlanca.ma\",\"potentialAction\":[{\"@type\":\"SearchAction\",\"target\":{\"@type\":\"EntryPoint\",\"urlTemplate\":\"https:\\\/\\\/vitablanca.ma\\\/?s={search_term_string}\"},\"query-input\":{\"@type\":\"PropertyValueSpecification\",\"valueRequired\":true,\"valueName\":\"search_term_string\"}}],\"inLanguage\":\"ar\"},{\"@type\":\"Organization\",\"@id\":\"https:\\\/\\\/vitablanca.ma\\\/#organization\",\"name\":\"VitaBlanca\",\"url\":\"https:\\\/\\\/vitablanca.ma\\\/\",\"logo\":{\"@type\":\"ImageObject\",\"inLanguage\":\"ar\",\"@id\":\"https:\\\/\\\/vitablanca.ma\\\/#\\\/schema\\\/logo\\\/image\\\/\",\"url\":\"https:\\\/\\\/vitablanca.ma\\\/wp-content\\\/uploads\\\/2025\\\/05\\\/cropped-vitablanca.png\",\"contentUrl\":\"https:\\\/\\\/vitablanca.ma\\\/wp-content\\\/uploads\\\/2025\\\/05\\\/cropped-vitablanca.png\",\"width\":360,\"height\":67,\"caption\":\"VitaBlanca\"},\"image\":{\"@id\":\"https:\\\/\\\/vitablanca.ma\\\/#\\\/schema\\\/logo\\\/image\\\/\"},\"sameAs\":[\"https:\\\/\\\/www.facebook.com\\\/profile.php?id=61576678196717\",\"https:\\\/\\\/www.tiktok.com\\\/@vitablanca.ma\",\"https:\\\/\\\/www.instagram.com\\\/vitablanca.ma\\\/\"]}]}<\/script>\n<!-- \/ Yoast SEO plugin. -->","yoast_head_json":{"title":"Janssen Cosmetics Lip Mask 15ml - Maroc Prix","description":"\u0642\u0646\u0627\u0639 \u0627\u0644\u0634\u0641\u0627\u0647 \u0645\u0646 \u062c\u0627\u0646\u0633\u0646 \u0643\u0648\u0632\u0645\u062a\u0643\u0633 15 \u0645\u0644","robots":{"index":"index","follow":"follow","max-snippet":"max-snippet:-1","max-image-preview":"max-image-preview:large","max-video-preview":"max-video-preview:-1"},"canonical":"https:\/\/vitablanca.ma\/ar\/product-2\/janssen-cosmetics-lip-mask-15ml\/","og_locale":"ar_AR","og_type":"article","og_title":"Janssen Cosmetics Lip Mask 15ml - Maroc Prix","og_description":"Janssen Cosmetics Lip Mask 15ml","og_url":"https:\/\/vitablanca.ma\/ar\/product-2\/janssen-cosmetics-lip-mask-15ml\/","og_site_name":"Vitablanca.ma &ndash; Sant&eacute;, vitalit&eacute; et bien-&ecirc;tre pour tous les Marocains","article_publisher":"https:\/\/www.facebook.com\/profile.php?id=61576678196717","og_image":[{"width":1000,"height":1000,"url":"https:\/\/vitablanca.ma\/wp-content\/uploads\/2025\/06\/Janssen-Cosmetics-Lip-Mask-15ml-nova-parapharmacie-maroc.jpg","type":"image\/jpeg"}],"twitter_card":"summary_large_image","twitter_misc":{"\u0648\u0642\u062a \u0627\u0644\u0642\u0631\u0627\u0621\u0629 \u0627\u0644\u0645\u064f\u0642\u062f\u0651\u0631":"\u062f\u0642\u064a\u0642\u062a\u0627\u0646"},"schema":{"@context":"https:\/\/schema.org","@graph":[{"@type":["WebPage","ItemPage"],"@id":"https:\/\/vitablanca.ma\/produit\/janssen-cosmetics-lip-mask-15ml\/","url":"https:\/\/vitablanca.ma\/produit\/janssen-cosmetics-lip-mask-15ml\/","name":"Janssen Cosmetics Lip Mask 15ml - Maroc Prix","isPartOf":{"@id":"https:\/\/vitablanca.ma\/#website"},"primaryImageOfPage":{"@id":"https:\/\/vitablanca.ma\/produit\/janssen-cosmetics-lip-mask-15ml\/#primaryimage"},"image":{"@id":"https:\/\/vitablanca.ma\/produit\/janssen-cosmetics-lip-mask-15ml\/#primaryimage"},"thumbnailUrl":"https:\/\/vitablanca.ma\/wp-content\/uploads\/2025\/06\/Janssen-Cosmetics-Lip-Mask-15ml-nova-parapharmacie-maroc.jpg","datePublished":"2025-06-10T17:52:12+00:00","description":"\u0642\u0646\u0627\u0639 \u0627\u0644\u0634\u0641\u0627\u0647 \u0645\u0646 \u062c\u0627\u0646\u0633\u0646 \u0643\u0648\u0632\u0645\u062a\u0643\u0633 15 \u0645\u0644","breadcrumb":{"@id":"https:\/\/vitablanca.ma\/produit\/janssen-cosmetics-lip-mask-15ml\/#breadcrumb"},"inLanguage":"ar","potentialAction":[{"@type":"ReadAction","target":["https:\/\/vitablanca.ma\/produit\/janssen-cosmetics-lip-mask-15ml\/"]}]},{"@type":"ImageObject","inLanguage":"ar","@id":"https:\/\/vitablanca.ma\/produit\/janssen-cosmetics-lip-mask-15ml\/#primaryimage","url":"https:\/\/vitablanca.ma\/wp-content\/uploads\/2025\/06\/Janssen-Cosmetics-Lip-Mask-15ml-nova-parapharmacie-maroc.jpg","contentUrl":"https:\/\/vitablanca.ma\/wp-content\/uploads\/2025\/06\/Janssen-Cosmetics-Lip-Mask-15ml-nova-parapharmacie-maroc.jpg","width":1000,"height":1000},{"@type":"BreadcrumbList","@id":"https:\/\/vitablanca.ma\/produit\/janssen-cosmetics-lip-mask-15ml\/#breadcrumb","itemListElement":[{"@type":"ListItem","position":1,"name":"Home","item":"https:\/\/vitablanca.ma\/"},{"@type":"ListItem","position":2,"name":"Tous Les Produits","item":"https:\/\/vitablanca.ma\/tous-les-produits\/"},{"@type":"ListItem","position":3,"name":"Janssen Cosmetics Lip Mask 15ml"}]},{"@type":"WebSite","@id":"https:\/\/vitablanca.ma\/#website","url":"https:\/\/vitablanca.ma\/","name":"VitaBlanca.ma | \u0627\u0644\u0645\u0643\u0645\u0644\u0627\u062a \u0627\u0644\u063a\u0630\u0627\u0626\u064a\u0629\u060c \u0627\u0644\u0635\u062d\u0629 \u0648\u0627\u0644\u062c\u0645\u0627\u0644 \u0641\u064a \u0627\u0644\u0645\u063a\u0631\u0628","description":"\u0646\u0628\u064a\u0639 \u0641\u064a\u062a\u0627\u0645\u064a\u0646\u0627\u062a \u0648\u0645\u0643\u0645\u0644\u0627\u062a \u063a\u0630\u0627\u0626\u064a\u0629 \u0641\u0627\u062e\u0631\u0629 \u0645\u0646 \u0627\u0644\u0648\u0644\u0627\u064a\u0627\u062a \u0627\u0644\u0645\u062a\u062d\u062f\u0629 \u0627\u0644\u0623\u0645\u0631\u064a\u0643\u064a\u0629 \u0648\u0643\u0646\u062f\u0627 \u0648\u0646\u064a\u0648\u0632\u064a\u0644\u0646\u062f\u0627 \u0648\u0627\u0644\u0645\u063a\u0631\u0628 (\u0646\u0627\u0648 \u0641\u0648\u062f\u0632\u060c \u0633\u0648\u0644\u062c\u0627\u0631\u060c \u0645\u0627\u0646\u0648\u0643\u0627). \u062a\u0648\u0635\u064a\u0644 \u0633\u0631\u064a\u0639 \u0625\u0644\u0649 \u062c\u0645\u064a\u0639 \u0623\u0646\u062d\u0627\u0621 \u0627\u0644\u0645\u063a\u0631\u0628.","publisher":{"@id":"https:\/\/vitablanca.ma\/#organization"},"alternateName":"VitaBlanca.ma","potentialAction":[{"@type":"SearchAction","target":{"@type":"EntryPoint","urlTemplate":"https:\/\/vitablanca.ma\/?s={search_term_string}"},"query-input":{"@type":"PropertyValueSpecification","valueRequired":true,"valueName":"search_term_string"}}],"inLanguage":"ar"},{"@type":"Organization","@id":"https:\/\/vitablanca.ma\/#organization","name":"\u0641\u064a\u062a\u0627\u0628\u0644\u0627\u0646\u0643\u0627","url":"https:\/\/vitablanca.ma\/","logo":{"@type":"ImageObject","inLanguage":"ar","@id":"https:\/\/vitablanca.ma\/#\/schema\/logo\/image\/","url":"https:\/\/vitablanca.ma\/wp-content\/uploads\/2025\/05\/cropped-vitablanca.png","contentUrl":"https:\/\/vitablanca.ma\/wp-content\/uploads\/2025\/05\/cropped-vitablanca.png","width":360,"height":67,"caption":"VitaBlanca"},"image":{"@id":"https:\/\/vitablanca.ma\/#\/schema\/logo\/image\/"},"sameAs":["https:\/\/www.facebook.com\/profile.php?id=61576678196717","https:\/\/www.tiktok.com\/@vitablanca.ma","https:\/\/www.instagram.com\/vitablanca.ma\/"]}]}},"jetpack_sharing_enabled":true,"_links":{"self":[{"href":"https:\/\/vitablanca.ma\/ar\/wp-json\/wp\/v2\/product\/19201","targetHints":{"allow":["GET"]}}],"collection":[{"href":"https:\/\/vitablanca.ma\/ar\/wp-json\/wp\/v2\/product"}],"about":[{"href":"https:\/\/vitablanca.ma\/ar\/wp-json\/wp\/v2\/types\/product"}],"wp:featuredmedia":[{"embeddable":true,"href":"https:\/\/vitablanca.ma\/ar\/wp-json\/wp\/v2\/media\/19199"}],"wp:attachment":[{"href":"https:\/\/vitablanca.ma\/ar\/wp-json\/wp\/v2\/media?parent=19201"}],"wp:term":[{"taxonomy":"product_brand","embeddable":true,"href":"https:\/\/vitablanca.ma\/ar\/wp-json\/wp\/v2\/product_brand?post=19201"},{"taxonomy":"product_cat","embeddable":true,"href":"https:\/\/vitablanca.ma\/ar\/wp-json\/wp\/v2\/product_cat?post=19201"},{"taxonomy":"product_tag","embeddable":true,"href":"https:\/\/vitablanca.ma\/ar\/wp-json\/wp\/v2\/product_tag?post=19201"}],"curies":[{"name":"wp","href":"https:\/\/api.w.org\/{rel}","templated":true}]}}