{"id":19197,"date":"2025-06-10T17:52:01","date_gmt":"2025-06-10T17:52:01","guid":{"rendered":"https:\/\/vitablanca.ma\/product\/jowae-baume-levres-nourrissant-4g\/"},"modified":"2025-06-10T17:52:01","modified_gmt":"2025-06-10T17:52:01","slug":"jowae-baume-levres-nourrissant-4g","status":"publish","type":"product","link":"https:\/\/vitablanca.ma\/ar\/product-2\/jowae-baume-levres-nourrissant-4g\/","title":{"rendered":"\u0645\u0631\u0637\u0628 \u0634\u0641\u0627\u0647 \u0645\u063a\u0630\u064a \u0645\u0646 \u062c\u0648\u0627\u064a 4 \u062c\u0631\u0627\u0645"},"content":{"rendered":"<h1>\u0645\u0631\u0637\u0628 \u0634\u0641\u0627\u0647 \u0645\u063a\u0630\u064a \u0645\u0646 \u062c\u0648\u0627\u064a 4 \u062c\u0631\u0627\u0645<\/h1>\n<p><span>&#8211;\u00a0<\/span><span>Nourrit, sublime et prot\u00e8ge.<\/span><br \/><span>&#8211;\u00a0<\/span><span>Les l\u00e8vres sont intens\u00e9ment nourries, plus souples et douces.<\/span><br \/><span>&#8211;\u00a0<\/span><span>Aux\u00a0<\/span><span>\u0644<\/span><span>umiph\u00e9nols antioxydants\u00a0<\/span><span>\u0648<\/span><span>\u00a0<\/span><span>h<\/span><span>uile de cam\u00e9lia<\/span><br \/><span>&#8211; 99% d&rsquo;ingr\u00e9dients d&rsquo;origine naturelle<\/span><br \/><span>- \u0627\u0644\u062a\u062d\u0645\u0644: \u062a\u0645 \u0627\u062e\u062a\u0628\u0627\u0631\u0647 \u0633\u0631\u064a\u0631\u064a\u064b\u0627 \u062a\u062d\u062a \u0625\u0634\u0631\u0627\u0641 \u0623\u0637\u0628\u0627\u0621 \u0627\u0644\u062c\u0644\u062f\u064a\u0629<\/span><br \/><span>&#8211; L\u00e8vres nourries : 90%*<\/span><br \/><span>&#8211; L\u00e8vres prot\u00e9g\u00e9es : 95%*<\/span><br \/><span>&#8211; Soulage les l\u00e8vres craquel\u00e9es : 100%**.<\/span><br \/><span>&#8211; Au global : 90% de satisfaction<\/span><br \/><span>&#8211; Les produits Jowa\u00e9 sont sans paraben, sans ph\u00e9noxy\u00e9thanol, sans huile min\u00e9rale, sans ingr\u00e9dient d&rsquo;origine animale***, sans silicone****, sans colorant de synth\u00e8se.<\/span><\/p>\n<p><span>\u062f\u0631\u0627\u0633\u0629 \u0633\u0631\u064a\u0631\u064a\u0629 \u0639\u0644\u0649 21 \u0645\u062a\u0637\u0648\u0639\u064b\u0627:<\/span><br \/><span>*Effet imm\u00e9diat &#8211; application unique &#8211; % de satisfaction<\/span><br \/><span>**Pendant 28 jours &#8211; application 4 fois par jour minimum &#8211; % de satisfaction<\/span><br \/><span>***Hors produit de la ruche<\/span><br \/><span>****Volatile<\/span><\/p>\n<h3><strong>\u0637\u0631\u064a\u0642\u0629 \u0627\u0644\u0627\u0633\u062a\u062e\u062f\u0627\u0645:<\/strong><\/h3>\n<section id=\"wrapper\">\n<div id=\"content-wrapper\">\n<div class=\"product-wrapper\">\n<div class=\"container\">\n<section class=\"product-tabs tabs\">\n<div class=\"row\">\n<div class=\"col-md-6 col-xs-12\">\n<div class=\"tab-content\" id=\"tab-content\">\n<div class=\"tab-pane fade in active\" id=\"advices\" role=\"tabpanel\" aria-expanded=\"true\">\n<div class=\"product-advices\">\n<p><span>\u064a\u062a\u0645 \u062a\u0637\u0628\u064a\u0642\u0647 \u0639\u0644\u0649 \u0627\u0644\u0634\u0641\u0627\u0647 \u062d\u0633\u0628 \u0627\u0644\u062d\u0627\u062c\u0629.<\/span><\/p>\n<h3><span><strong>\u0645\u0643\u0648\u0646\u0627\u062a :<\/strong><\/span><\/h3>\n<p><span data-mce-fragment=\"1\">Hydrogenated coconut oil, cire d\u00b4abeille, Olus oil\/ vegetable oil\/ huile vegetale, octyldodecyl myristate, Candelilla cera\/ Euphorbia cerifera (candelilla) wax\/ Cire de candelilla, Helianthus annuus hybrid oil\/ Helianthus annuus (sunflower) seed oil, hydrogenated castor oil behenyl esters, isoamyl laurate, Butyrospermum parkii (shea) butter, cetyl ricinoleate, Ricinus communis (castor) seed oil, macadamia seed oil polyglyceryl-6 esters behenate, hydrogenated vegetable oil, Prunus amygdalus dulcis (sweet almond) oil, parfum\/ fragrance, glycerin, tocopheryl acetate, tocopherol, Helianthus annuus (sunflower) seed oil, eau, Camellia sinensis leaf extract, Sempervivum tectorum extract, citric acid<\/span><br data-mce-fragment=\"1\"><br data-mce-fragment=\"1\"><span data-mce-fragment=\"1\">Actifs : lumiph\u00e9nols antioxydants, huile de cam\u00e9lia, beurre de karit\u00e9, huile de fleur de soleil, cire de candelilla, amande douce<\/span>\n<\/div>\n<\/div>\n<\/div>\n<\/div>\n<\/div>\n<\/section>\n<\/div>\n<\/div>\n<\/div>\n<\/section>","protected":false},"excerpt":{"rendered":"<p>Jowae Baume levres Nourrissant 4g &#8211;\u00a0Nourrit, sublime et prot\u00e8ge.&#8211;\u00a0Les l\u00e8vres sont intens\u00e9ment nourries, plus souples et douces.&#8211;\u00a0Aux\u00a0lumiph\u00e9nols antioxydants\u00a0et\u00a0huile de cam\u00e9lia&#8211; 99% d&rsquo;ingr\u00e9dients d&rsquo;origine naturelle&#8211; Tol\u00e9rance : test\u00e9e cliniquement sous contr\u00f4le dermatologique&#8211; L\u00e8vres nourries : 90%*&#8211; L\u00e8vres prot\u00e9g\u00e9es : 95%*&#8211; Soulage les l\u00e8vres craquel\u00e9es : 100%**.&#8211; Au global : 90% de satisfaction&#8211; Les produits Jowa\u00e9 sont [&hellip;]<\/p>\n","protected":false},"featured_media":19195,"template":"","meta":{"om_disable_all_campaigns":false},"product_brand":[],"product_cat":[15],"product_tag":[],"class_list":{"0":"post-19197","1":"product","2":"type-product","3":"status-publish","4":"has-post-thumbnail","6":"product_cat-beaute-sante-complements-alimentaires-soins-et-bien-etre-au-meilleur-prix","8":"first","9":"instock","10":"sale","11":"taxable","12":"shipping-taxable","13":"purchasable","14":"product-type-simple"},"yoast_head":"<!-- This site is optimized with the Yoast SEO plugin v27.4 - https:\/\/yoast.com\/product\/yoast-seo-wordpress\/ -->\n<title>Jowae Baume levres Nourrissant 4g - Maroc Prix<\/title>\n<meta name=\"description\" content=\"Jowae Baume levres Nourrissant 4g\" \/>\n<meta name=\"robots\" content=\"index, follow, max-snippet:-1, max-image-preview:large, max-video-preview:-1\" \/>\n<link rel=\"canonical\" href=\"https:\/\/vitablanca.ma\/ar\/product-2\/jowae-baume-levres-nourrissant-4g\/\" \/>\n<meta property=\"og:locale\" content=\"ar_AR\" \/>\n<meta property=\"og:type\" content=\"article\" \/>\n<meta property=\"og:title\" content=\"Jowae Baume levres Nourrissant 4g - Maroc Prix\" \/>\n<meta property=\"og:description\" content=\"Jowae Baume levres Nourrissant 4g\" \/>\n<meta property=\"og:url\" content=\"https:\/\/vitablanca.ma\/ar\/product-2\/jowae-baume-levres-nourrissant-4g\/\" \/>\n<meta property=\"og:site_name\" content=\"Vitablanca.ma &ndash; Sant&eacute;, vitalit&eacute; et bien-&ecirc;tre pour tous les Marocains\" \/>\n<meta property=\"article:publisher\" content=\"https:\/\/www.facebook.com\/profile.php?id=61576678196717\" \/>\n<meta property=\"og:image\" content=\"https:\/\/vitablanca.ma\/wp-content\/uploads\/2025\/06\/Jowae-baume-levres-nourrissant-4g-parapharmacie-maroc.jpg\" \/>\n\t<meta property=\"og:image:width\" content=\"600\" \/>\n\t<meta property=\"og:image:height\" content=\"600\" \/>\n\t<meta property=\"og:image:type\" content=\"image\/jpeg\" \/>\n<meta name=\"twitter:card\" content=\"summary_large_image\" \/>\n<meta name=\"twitter:label1\" content=\"\u0648\u0642\u062a \u0627\u0644\u0642\u0631\u0627\u0621\u0629 \u0627\u0644\u0645\u064f\u0642\u062f\u0651\u0631\" \/>\n\t<meta name=\"twitter:data1\" content=\"\u062f\u0642\u064a\u0642\u0629 \u0648\u0627\u062d\u062f\u0629\" \/>\n<script type=\"application\/ld+json\" class=\"yoast-schema-graph\">{\"@context\":\"https:\\\/\\\/schema.org\",\"@graph\":[{\"@type\":[\"WebPage\",\"ItemPage\"],\"@id\":\"https:\\\/\\\/vitablanca.ma\\\/produit\\\/jowae-baume-levres-nourrissant-4g\\\/\",\"url\":\"https:\\\/\\\/vitablanca.ma\\\/produit\\\/jowae-baume-levres-nourrissant-4g\\\/\",\"name\":\"Jowae Baume levres Nourrissant 4g - Maroc Prix\",\"isPartOf\":{\"@id\":\"https:\\\/\\\/vitablanca.ma\\\/#website\"},\"primaryImageOfPage\":{\"@id\":\"https:\\\/\\\/vitablanca.ma\\\/produit\\\/jowae-baume-levres-nourrissant-4g\\\/#primaryimage\"},\"image\":{\"@id\":\"https:\\\/\\\/vitablanca.ma\\\/produit\\\/jowae-baume-levres-nourrissant-4g\\\/#primaryimage\"},\"thumbnailUrl\":\"https:\\\/\\\/vitablanca.ma\\\/wp-content\\\/uploads\\\/2025\\\/06\\\/Jowae-baume-levres-nourrissant-4g-parapharmacie-maroc.jpg\",\"datePublished\":\"2025-06-10T17:52:01+00:00\",\"description\":\"Jowae Baume levres Nourrissant 4g\",\"breadcrumb\":{\"@id\":\"https:\\\/\\\/vitablanca.ma\\\/produit\\\/jowae-baume-levres-nourrissant-4g\\\/#breadcrumb\"},\"inLanguage\":\"ar\",\"potentialAction\":[{\"@type\":\"ReadAction\",\"target\":[\"https:\\\/\\\/vitablanca.ma\\\/produit\\\/jowae-baume-levres-nourrissant-4g\\\/\"]}]},{\"@type\":\"ImageObject\",\"inLanguage\":\"ar\",\"@id\":\"https:\\\/\\\/vitablanca.ma\\\/produit\\\/jowae-baume-levres-nourrissant-4g\\\/#primaryimage\",\"url\":\"https:\\\/\\\/vitablanca.ma\\\/wp-content\\\/uploads\\\/2025\\\/06\\\/Jowae-baume-levres-nourrissant-4g-parapharmacie-maroc.jpg\",\"contentUrl\":\"https:\\\/\\\/vitablanca.ma\\\/wp-content\\\/uploads\\\/2025\\\/06\\\/Jowae-baume-levres-nourrissant-4g-parapharmacie-maroc.jpg\",\"width\":600,\"height\":600},{\"@type\":\"BreadcrumbList\",\"@id\":\"https:\\\/\\\/vitablanca.ma\\\/produit\\\/jowae-baume-levres-nourrissant-4g\\\/#breadcrumb\",\"itemListElement\":[{\"@type\":\"ListItem\",\"position\":1,\"name\":\"Home\",\"item\":\"https:\\\/\\\/vitablanca.ma\\\/\"},{\"@type\":\"ListItem\",\"position\":2,\"name\":\"Tous Les Produits\",\"item\":\"https:\\\/\\\/vitablanca.ma\\\/tous-les-produits\\\/\"},{\"@type\":\"ListItem\",\"position\":3,\"name\":\"Jowae Baume levres Nourrissant 4g\"}]},{\"@type\":\"WebSite\",\"@id\":\"https:\\\/\\\/vitablanca.ma\\\/#website\",\"url\":\"https:\\\/\\\/vitablanca.ma\\\/\",\"name\":\"VitaBlanca.ma | Compl\u00e9ments alimentaires, sant\u00e9 & beaut\u00e9 au Maroc\",\"description\":\"vendre vitamines et compl\u00e9ments premium des USA &amp; Canada, Nouvelle Z\u00e9lande,Maroc (NOW Foods, Solgar, Manuka). Livraison rapide partout au Maroc.\",\"publisher\":{\"@id\":\"https:\\\/\\\/vitablanca.ma\\\/#organization\"},\"alternateName\":\"VitaBlanca.ma\",\"potentialAction\":[{\"@type\":\"SearchAction\",\"target\":{\"@type\":\"EntryPoint\",\"urlTemplate\":\"https:\\\/\\\/vitablanca.ma\\\/?s={search_term_string}\"},\"query-input\":{\"@type\":\"PropertyValueSpecification\",\"valueRequired\":true,\"valueName\":\"search_term_string\"}}],\"inLanguage\":\"ar\"},{\"@type\":\"Organization\",\"@id\":\"https:\\\/\\\/vitablanca.ma\\\/#organization\",\"name\":\"VitaBlanca\",\"url\":\"https:\\\/\\\/vitablanca.ma\\\/\",\"logo\":{\"@type\":\"ImageObject\",\"inLanguage\":\"ar\",\"@id\":\"https:\\\/\\\/vitablanca.ma\\\/#\\\/schema\\\/logo\\\/image\\\/\",\"url\":\"https:\\\/\\\/vitablanca.ma\\\/wp-content\\\/uploads\\\/2025\\\/05\\\/cropped-vitablanca.png\",\"contentUrl\":\"https:\\\/\\\/vitablanca.ma\\\/wp-content\\\/uploads\\\/2025\\\/05\\\/cropped-vitablanca.png\",\"width\":360,\"height\":67,\"caption\":\"VitaBlanca\"},\"image\":{\"@id\":\"https:\\\/\\\/vitablanca.ma\\\/#\\\/schema\\\/logo\\\/image\\\/\"},\"sameAs\":[\"https:\\\/\\\/www.facebook.com\\\/profile.php?id=61576678196717\",\"https:\\\/\\\/www.tiktok.com\\\/@vitablanca.ma\",\"https:\\\/\\\/www.instagram.com\\\/vitablanca.ma\\\/\"]}]}<\/script>\n<!-- \/ Yoast SEO plugin. -->","yoast_head_json":{"title":"Jowae Baume levres Nourrissant 4g - Maroc Prix","description":"\u0645\u0631\u0637\u0628 \u0634\u0641\u0627\u0647 \u0645\u063a\u0630\u064a \u0645\u0646 \u062c\u0648\u0627\u064a 4 \u062c\u0631\u0627\u0645","robots":{"index":"index","follow":"follow","max-snippet":"max-snippet:-1","max-image-preview":"max-image-preview:large","max-video-preview":"max-video-preview:-1"},"canonical":"https:\/\/vitablanca.ma\/ar\/product-2\/jowae-baume-levres-nourrissant-4g\/","og_locale":"ar_AR","og_type":"article","og_title":"Jowae Baume levres Nourrissant 4g - Maroc Prix","og_description":"Jowae Baume levres Nourrissant 4g","og_url":"https:\/\/vitablanca.ma\/ar\/product-2\/jowae-baume-levres-nourrissant-4g\/","og_site_name":"Vitablanca.ma &ndash; Sant&eacute;, vitalit&eacute; et bien-&ecirc;tre pour tous les Marocains","article_publisher":"https:\/\/www.facebook.com\/profile.php?id=61576678196717","og_image":[{"width":600,"height":600,"url":"https:\/\/vitablanca.ma\/wp-content\/uploads\/2025\/06\/Jowae-baume-levres-nourrissant-4g-parapharmacie-maroc.jpg","type":"image\/jpeg"}],"twitter_card":"summary_large_image","twitter_misc":{"\u0648\u0642\u062a \u0627\u0644\u0642\u0631\u0627\u0621\u0629 \u0627\u0644\u0645\u064f\u0642\u062f\u0651\u0631":"\u062f\u0642\u064a\u0642\u0629 \u0648\u0627\u062d\u062f\u0629"},"schema":{"@context":"https:\/\/schema.org","@graph":[{"@type":["WebPage","ItemPage"],"@id":"https:\/\/vitablanca.ma\/produit\/jowae-baume-levres-nourrissant-4g\/","url":"https:\/\/vitablanca.ma\/produit\/jowae-baume-levres-nourrissant-4g\/","name":"Jowae Baume levres Nourrissant 4g - Maroc Prix","isPartOf":{"@id":"https:\/\/vitablanca.ma\/#website"},"primaryImageOfPage":{"@id":"https:\/\/vitablanca.ma\/produit\/jowae-baume-levres-nourrissant-4g\/#primaryimage"},"image":{"@id":"https:\/\/vitablanca.ma\/produit\/jowae-baume-levres-nourrissant-4g\/#primaryimage"},"thumbnailUrl":"https:\/\/vitablanca.ma\/wp-content\/uploads\/2025\/06\/Jowae-baume-levres-nourrissant-4g-parapharmacie-maroc.jpg","datePublished":"2025-06-10T17:52:01+00:00","description":"\u0645\u0631\u0637\u0628 \u0634\u0641\u0627\u0647 \u0645\u063a\u0630\u064a \u0645\u0646 \u062c\u0648\u0627\u064a 4 \u062c\u0631\u0627\u0645","breadcrumb":{"@id":"https:\/\/vitablanca.ma\/produit\/jowae-baume-levres-nourrissant-4g\/#breadcrumb"},"inLanguage":"ar","potentialAction":[{"@type":"ReadAction","target":["https:\/\/vitablanca.ma\/produit\/jowae-baume-levres-nourrissant-4g\/"]}]},{"@type":"ImageObject","inLanguage":"ar","@id":"https:\/\/vitablanca.ma\/produit\/jowae-baume-levres-nourrissant-4g\/#primaryimage","url":"https:\/\/vitablanca.ma\/wp-content\/uploads\/2025\/06\/Jowae-baume-levres-nourrissant-4g-parapharmacie-maroc.jpg","contentUrl":"https:\/\/vitablanca.ma\/wp-content\/uploads\/2025\/06\/Jowae-baume-levres-nourrissant-4g-parapharmacie-maroc.jpg","width":600,"height":600},{"@type":"BreadcrumbList","@id":"https:\/\/vitablanca.ma\/produit\/jowae-baume-levres-nourrissant-4g\/#breadcrumb","itemListElement":[{"@type":"ListItem","position":1,"name":"Home","item":"https:\/\/vitablanca.ma\/"},{"@type":"ListItem","position":2,"name":"Tous Les Produits","item":"https:\/\/vitablanca.ma\/tous-les-produits\/"},{"@type":"ListItem","position":3,"name":"Jowae Baume levres Nourrissant 4g"}]},{"@type":"WebSite","@id":"https:\/\/vitablanca.ma\/#website","url":"https:\/\/vitablanca.ma\/","name":"VitaBlanca.ma | \u0627\u0644\u0645\u0643\u0645\u0644\u0627\u062a \u0627\u0644\u063a\u0630\u0627\u0626\u064a\u0629\u060c \u0627\u0644\u0635\u062d\u0629 \u0648\u0627\u0644\u062c\u0645\u0627\u0644 \u0641\u064a \u0627\u0644\u0645\u063a\u0631\u0628","description":"\u0646\u0628\u064a\u0639 \u0641\u064a\u062a\u0627\u0645\u064a\u0646\u0627\u062a \u0648\u0645\u0643\u0645\u0644\u0627\u062a \u063a\u0630\u0627\u0626\u064a\u0629 \u0641\u0627\u062e\u0631\u0629 \u0645\u0646 \u0627\u0644\u0648\u0644\u0627\u064a\u0627\u062a \u0627\u0644\u0645\u062a\u062d\u062f\u0629 \u0627\u0644\u0623\u0645\u0631\u064a\u0643\u064a\u0629 \u0648\u0643\u0646\u062f\u0627 \u0648\u0646\u064a\u0648\u0632\u064a\u0644\u0646\u062f\u0627 \u0648\u0627\u0644\u0645\u063a\u0631\u0628 (\u0646\u0627\u0648 \u0641\u0648\u062f\u0632\u060c \u0633\u0648\u0644\u062c\u0627\u0631\u060c \u0645\u0627\u0646\u0648\u0643\u0627). \u062a\u0648\u0635\u064a\u0644 \u0633\u0631\u064a\u0639 \u0625\u0644\u0649 \u062c\u0645\u064a\u0639 \u0623\u0646\u062d\u0627\u0621 \u0627\u0644\u0645\u063a\u0631\u0628.","publisher":{"@id":"https:\/\/vitablanca.ma\/#organization"},"alternateName":"VitaBlanca.ma","potentialAction":[{"@type":"SearchAction","target":{"@type":"EntryPoint","urlTemplate":"https:\/\/vitablanca.ma\/?s={search_term_string}"},"query-input":{"@type":"PropertyValueSpecification","valueRequired":true,"valueName":"search_term_string"}}],"inLanguage":"ar"},{"@type":"Organization","@id":"https:\/\/vitablanca.ma\/#organization","name":"\u0641\u064a\u062a\u0627\u0628\u0644\u0627\u0646\u0643\u0627","url":"https:\/\/vitablanca.ma\/","logo":{"@type":"ImageObject","inLanguage":"ar","@id":"https:\/\/vitablanca.ma\/#\/schema\/logo\/image\/","url":"https:\/\/vitablanca.ma\/wp-content\/uploads\/2025\/05\/cropped-vitablanca.png","contentUrl":"https:\/\/vitablanca.ma\/wp-content\/uploads\/2025\/05\/cropped-vitablanca.png","width":360,"height":67,"caption":"VitaBlanca"},"image":{"@id":"https:\/\/vitablanca.ma\/#\/schema\/logo\/image\/"},"sameAs":["https:\/\/www.facebook.com\/profile.php?id=61576678196717","https:\/\/www.tiktok.com\/@vitablanca.ma","https:\/\/www.instagram.com\/vitablanca.ma\/"]}]}},"jetpack_sharing_enabled":true,"_links":{"self":[{"href":"https:\/\/vitablanca.ma\/ar\/wp-json\/wp\/v2\/product\/19197","targetHints":{"allow":["GET"]}}],"collection":[{"href":"https:\/\/vitablanca.ma\/ar\/wp-json\/wp\/v2\/product"}],"about":[{"href":"https:\/\/vitablanca.ma\/ar\/wp-json\/wp\/v2\/types\/product"}],"wp:featuredmedia":[{"embeddable":true,"href":"https:\/\/vitablanca.ma\/ar\/wp-json\/wp\/v2\/media\/19195"}],"wp:attachment":[{"href":"https:\/\/vitablanca.ma\/ar\/wp-json\/wp\/v2\/media?parent=19197"}],"wp:term":[{"taxonomy":"product_brand","embeddable":true,"href":"https:\/\/vitablanca.ma\/ar\/wp-json\/wp\/v2\/product_brand?post=19197"},{"taxonomy":"product_cat","embeddable":true,"href":"https:\/\/vitablanca.ma\/ar\/wp-json\/wp\/v2\/product_cat?post=19197"},{"taxonomy":"product_tag","embeddable":true,"href":"https:\/\/vitablanca.ma\/ar\/wp-json\/wp\/v2\/product_tag?post=19197"}],"curies":[{"name":"wp","href":"https:\/\/api.w.org\/{rel}","templated":true}]}}