{"id":19186,"date":"2025-06-10T17:51:43","date_gmt":"2025-06-10T17:51:43","guid":{"rendered":"https:\/\/vitablanca.ma\/product\/interprox-plus-mini-brosse-interdentaire-1-1-jaune-6-pieces\/"},"modified":"2025-06-10T17:51:43","modified_gmt":"2025-06-10T17:51:43","slug":"interprox-plus-mini-brosse-interdentaire-1-1-jaune-6-pieces","status":"publish","type":"product","link":"https:\/\/vitablanca.ma\/ar\/product-2\/interprox-plus-mini-brosse-interdentaire-1-1-jaune-6-pieces\/","title":{"rendered":"\u0641\u0631\u0634\u0627\u0629 \u0627\u0644\u0623\u0633\u0646\u0627\u0646 \u0625\u0646\u062a\u0631\u0628\u0631\u0648\u0643\u0633 \u0628\u0644\u0633 \u0645\u064a\u0646\u064a 1.1 \u0635\u0641\u0631\u0627\u0621 6 \u0642\u0637\u0639"},"content":{"rendered":"<h2 data-mce-fragment=\"1\">\u0641\u0631\u0634\u0627\u0629 \u0625\u0646\u062a\u0631\u0628\u0631\u0648\u0643\u0633 \u0628\u0644\u0633 \u0645\u064a\u0646\u064a \u0628\u064a\u0646 \u0627\u0644\u0623\u0633\u0646\u0627\u0646\u00a0<span data-mce-fragment=\"1\">\u0645\u062a\u0648\u0641\u0631 \u0628\u0623\u062d\u062c\u0627\u0645 \u0639\u062f\u064a\u062f\u0629 \u0644\u062a\u0646\u0638\u064a\u0641 \u0627\u0644\u0645\u0633\u0627\u062d\u0627\u062a \u0627\u0644\u0635\u063a\u064a\u0631\u0629<\/span><br \/>\n<\/h2>\n<p data-mce-fragment=\"1\">\u062a\u062a\u0648\u0641\u0631 \u0641\u0631\u0634\u0627\u0629 \u0627\u0644\u0623\u0633\u0646\u0627\u0646 Interprox \u0628\u0623\u062d\u062c\u0627\u0645 \u0645\u062a\u0639\u062f\u062f\u0629 \u0644\u062a\u0646\u0638\u064a\u0641 \u0627\u0644\u0645\u0633\u0627\u062d\u0627\u062a \u0627\u0644\u0635\u063a\u064a\u0631\u0629 \u0648\u0627\u0644\u0643\u0628\u064a\u0631\u0629.<\/p>\n<ul data-mce-fragment=\"1\">\n<li data-mce-fragment=\"1\">\u0625\u0632\u0627\u0644\u0629 \u0627\u0644\u0628\u0644\u0627\u0643 \u0627\u0644\u0633\u0646\u064a<\/li>\n<li data-mce-fragment=\"1\">\u062a\u0642\u0644\u064a\u0644 \u0627\u0644\u0646\u0632\u064a\u0641 \u0648\u062a\u0647\u064a\u062c \u0627\u0644\u0644\u062b\u0629<\/li>\n<li data-mce-fragment=\"1\">\u0627\u0644\u0648\u0642\u0627\u064a\u0629 \u0645\u0646 \u0645\u0634\u0627\u0643\u0644 \u0627\u0644\u0644\u062b\u0629<\/li>\n<\/ul>\n<p data-mce-fragment=\"1\">\u0641\u0631\u0634\u0627\u0629 \u0625\u0646\u062a\u0631\u0628\u0631\u0648\u0643\u0633 \u0628\u0631\u064a\u0645\u064a\u0648\u0645 (\u0628\u0645\u0642\u0628\u0636 \u0645\u0633\u062a\u0642\u064a\u0645) \u0645\u0646\u0627\u0633\u0628\u0629 \u0644\u062a\u0646\u0638\u064a\u0641 \u0627\u0644\u0645\u0633\u0627\u062d\u0627\u062a \u0627\u0644\u0623\u0645\u0627\u0645\u064a\u0629 \u0644\u0644\u0641\u0645. \u0623\u0645\u0627 \u0641\u0631\u0634\u0627\u0629 \u0625\u0646\u062a\u0631\u0628\u0631\u0648\u0643\u0633 \u0628\u0644\u0633 (\u0628\u0645\u0642\u0628\u0636 \u0645\u0627\u0626\u0644) \u0641\u064a\u0645\u0643\u0646 \u0627\u0633\u062a\u062e\u062f\u0627\u0645\u0647\u0627 \u0644\u062a\u0646\u0638\u064a\u0641 \u0627\u0644\u0645\u0633\u0627\u062d\u0627\u062a \u0627\u0644\u0623\u0645\u0627\u0645\u064a\u0629 \u0623\u0648 \u0627\u0644\u062c\u0627\u0646\u0628\u064a\u0629 \u0644\u0644\u0641\u0645.<\/p>\n<p data-mce-fragment=\"1\">\u0646\u0635\u064a\u062d\u0629: \u0627\u0633\u0623\u0644 \u0637\u0628\u064a\u0628 \u0627\u0644\u0623\u0633\u0646\u0627\u0646 \u0623\u0648 \u0623\u062e\u0635\u0627\u0626\u064a \u0635\u062d\u0629 \u0627\u0644\u0623\u0633\u0646\u0627\u0646 \u0644\u0644\u062d\u0635\u0648\u0644 \u0639\u0644\u0649 \u0627\u0644\u0645\u0634\u0648\u0631\u0629 \u0628\u0634\u0623\u0646 \u0641\u0631\u0634\u0627\u0629 \u0627\u0644\u0623\u0633\u0646\u0627\u0646 \u0628\u064a\u0646 \u0627\u0644\u0623\u0633\u0646\u0627\u0646 \u0627\u0644\u0623\u0641\u0636\u0644 \u0628\u0627\u0644\u0646\u0633\u0628\u0629 \u0644\u0643.\u00a0<\/p>\n<h3 data-mce-fragment=\"1\">\u064a\u0633\u062a\u062e\u062f\u0645<\/h3>\n<p data-mce-fragment=\"1\"><span>Optez pour la bonne taille de brossette interdentaire. Elle doit pouvoir passer facilement entre les dents, mais offrir tout de m\u00eame une certaine r\u00e9sistanceEffectuez un mouvement de va-et-vient entre les dents sans tourner. Vous \u00e9liminerez ainsi la plaque dentaire et les bact\u00e9ries Apr\u00e8s usage, nettoyez la brosse avec de l\u2019eau et remettez le capuchon de protection sur la t\u00eate de la brosse. Remplacez la brossette lorsque le fil n\u2019est plus droit ou quand elle a perdu des poils Conseil : utilisez une petite quantit\u00e9 de gel Interprox avec les brossettes interdentaires Interprox. Il am\u00e9liorera le nettoyage entre les dents<\/span><\/p>\n<p><br data-mce-fragment=\"1\"><\/p>","protected":false},"excerpt":{"rendered":"<p>Interprox Plus Mini Brosse Interdentaire\u00a0disponibles dans de nombreuses tailles pour pouvoir nettoyer les petits espaces Les brossettes interdentaires Interprox sont disponibles dans de nombreuses tailles pour pouvoir nettoyer les petits espaces comme les grands. \u00c9limination de la plaque dentaire R\u00e9duction des saignements et des irritations des gencives Pr\u00e9vention des probl\u00e8mes de gencives Interprox Premium (manche [&hellip;]<\/p>\n","protected":false},"featured_media":19174,"template":"","meta":{"om_disable_all_campaigns":false},"product_brand":[],"product_cat":[15],"product_tag":[],"class_list":{"0":"post-19186","1":"product","2":"type-product","3":"status-publish","4":"has-post-thumbnail","6":"product_cat-beaute-sante-complements-alimentaires-soins-et-bien-etre-au-meilleur-prix","8":"first","9":"instock","10":"sale","11":"taxable","12":"shipping-taxable","13":"purchasable","14":"product-type-simple"},"yoast_head":"<!-- This site is optimized with the Yoast SEO plugin v27.5 - https:\/\/yoast.com\/product\/yoast-seo-wordpress\/ -->\n<title>Interprox Plus Mini Brosse Interdentaire 1.1 Jaune 6 Pi\u00e8ces - Maroc Prix<\/title>\n<meta name=\"description\" content=\"Interprox Plus Mini Brosse Interdentaire 1.1 Jaune 6 Pi\u00e8ces\" \/>\n<meta name=\"robots\" content=\"index, follow, max-snippet:-1, max-image-preview:large, max-video-preview:-1\" \/>\n<link rel=\"canonical\" href=\"https:\/\/vitablanca.ma\/ar\/product-2\/interprox-plus-mini-brosse-interdentaire-1-1-jaune-6-pieces\/\" \/>\n<meta property=\"og:locale\" content=\"ar_AR\" \/>\n<meta property=\"og:type\" content=\"article\" \/>\n<meta property=\"og:title\" content=\"Interprox Plus Mini Brosse Interdentaire 1.1 Jaune 6 Pi\u00e8ces - Maroc Prix\" \/>\n<meta property=\"og:description\" content=\"Interprox Plus Mini Brosse Interdentaire 1.1 Jaune 6 Pi\u00e8ces\" \/>\n<meta property=\"og:url\" content=\"https:\/\/vitablanca.ma\/ar\/product-2\/interprox-plus-mini-brosse-interdentaire-1-1-jaune-6-pieces\/\" \/>\n<meta property=\"og:site_name\" content=\"Vitablanca.ma &ndash; Sant&eacute;, vitalit&eacute; et bien-&ecirc;tre pour tous les Marocains\" \/>\n<meta property=\"article:publisher\" content=\"https:\/\/www.facebook.com\/profile.php?id=61576678196717\" \/>\n<meta property=\"og:image\" content=\"https:\/\/vitablanca.ma\/wp-content\/uploads\/2025\/06\/Interprox-Plus-Mini-Brosse-Interdentaire-1.1-Jaune-6-Pieces-nova-parapharmacie-maroc.png\" \/>\n\t<meta property=\"og:image:width\" content=\"1000\" \/>\n\t<meta property=\"og:image:height\" content=\"1000\" \/>\n\t<meta property=\"og:image:type\" content=\"image\/png\" \/>\n<meta name=\"twitter:card\" content=\"summary_large_image\" \/>\n<meta name=\"twitter:label1\" content=\"\u0648\u0642\u062a \u0627\u0644\u0642\u0631\u0627\u0621\u0629 \u0627\u0644\u0645\u064f\u0642\u062f\u0651\u0631\" \/>\n\t<meta name=\"twitter:data1\" content=\"\u062f\u0642\u064a\u0642\u0629 \u0648\u0627\u062d\u062f\u0629\" \/>\n<script type=\"application\/ld+json\" class=\"yoast-schema-graph\">{\"@context\":\"https:\\\/\\\/schema.org\",\"@graph\":[{\"@type\":[\"WebPage\",\"ItemPage\"],\"@id\":\"https:\\\/\\\/vitablanca.ma\\\/produit\\\/interprox-plus-mini-brosse-interdentaire-1-1-jaune-6-pieces\\\/\",\"url\":\"https:\\\/\\\/vitablanca.ma\\\/produit\\\/interprox-plus-mini-brosse-interdentaire-1-1-jaune-6-pieces\\\/\",\"name\":\"Interprox Plus Mini Brosse Interdentaire 1.1 Jaune 6 Pi\u00e8ces - Maroc Prix\",\"isPartOf\":{\"@id\":\"https:\\\/\\\/vitablanca.ma\\\/#website\"},\"primaryImageOfPage\":{\"@id\":\"https:\\\/\\\/vitablanca.ma\\\/produit\\\/interprox-plus-mini-brosse-interdentaire-1-1-jaune-6-pieces\\\/#primaryimage\"},\"image\":{\"@id\":\"https:\\\/\\\/vitablanca.ma\\\/produit\\\/interprox-plus-mini-brosse-interdentaire-1-1-jaune-6-pieces\\\/#primaryimage\"},\"thumbnailUrl\":\"https:\\\/\\\/vitablanca.ma\\\/wp-content\\\/uploads\\\/2025\\\/06\\\/Interprox-Plus-Mini-Brosse-Interdentaire-1.1-Jaune-6-Pieces-nova-parapharmacie-maroc.png\",\"datePublished\":\"2025-06-10T17:51:43+00:00\",\"description\":\"Interprox Plus Mini Brosse Interdentaire 1.1 Jaune 6 Pi\u00e8ces\",\"breadcrumb\":{\"@id\":\"https:\\\/\\\/vitablanca.ma\\\/produit\\\/interprox-plus-mini-brosse-interdentaire-1-1-jaune-6-pieces\\\/#breadcrumb\"},\"inLanguage\":\"ar\",\"potentialAction\":[{\"@type\":\"ReadAction\",\"target\":[\"https:\\\/\\\/vitablanca.ma\\\/produit\\\/interprox-plus-mini-brosse-interdentaire-1-1-jaune-6-pieces\\\/\"]}]},{\"@type\":\"ImageObject\",\"inLanguage\":\"ar\",\"@id\":\"https:\\\/\\\/vitablanca.ma\\\/produit\\\/interprox-plus-mini-brosse-interdentaire-1-1-jaune-6-pieces\\\/#primaryimage\",\"url\":\"https:\\\/\\\/vitablanca.ma\\\/wp-content\\\/uploads\\\/2025\\\/06\\\/Interprox-Plus-Mini-Brosse-Interdentaire-1.1-Jaune-6-Pieces-nova-parapharmacie-maroc.png\",\"contentUrl\":\"https:\\\/\\\/vitablanca.ma\\\/wp-content\\\/uploads\\\/2025\\\/06\\\/Interprox-Plus-Mini-Brosse-Interdentaire-1.1-Jaune-6-Pieces-nova-parapharmacie-maroc.png\",\"width\":1000,\"height\":1000},{\"@type\":\"BreadcrumbList\",\"@id\":\"https:\\\/\\\/vitablanca.ma\\\/produit\\\/interprox-plus-mini-brosse-interdentaire-1-1-jaune-6-pieces\\\/#breadcrumb\",\"itemListElement\":[{\"@type\":\"ListItem\",\"position\":1,\"name\":\"Home\",\"item\":\"https:\\\/\\\/vitablanca.ma\\\/\"},{\"@type\":\"ListItem\",\"position\":2,\"name\":\"Tous Les Produits\",\"item\":\"https:\\\/\\\/vitablanca.ma\\\/tous-les-produits\\\/\"},{\"@type\":\"ListItem\",\"position\":3,\"name\":\"Interprox Plus Mini Brosse Interdentaire 1.1 Jaune 6 Pi\u00e8ces\"}]},{\"@type\":\"WebSite\",\"@id\":\"https:\\\/\\\/vitablanca.ma\\\/#website\",\"url\":\"https:\\\/\\\/vitablanca.ma\\\/\",\"name\":\"VitaBlanca.ma | Compl\u00e9ments alimentaires, sant\u00e9 & beaut\u00e9 au Maroc\",\"description\":\"vendre vitamines et compl\u00e9ments premium des USA &amp; Canada, Nouvelle Z\u00e9lande,Maroc (NOW Foods, Solgar, Manuka). Livraison rapide partout au Maroc.\",\"publisher\":{\"@id\":\"https:\\\/\\\/vitablanca.ma\\\/#organization\"},\"alternateName\":\"VitaBlanca.ma\",\"potentialAction\":[{\"@type\":\"SearchAction\",\"target\":{\"@type\":\"EntryPoint\",\"urlTemplate\":\"https:\\\/\\\/vitablanca.ma\\\/?s={search_term_string}\"},\"query-input\":{\"@type\":\"PropertyValueSpecification\",\"valueRequired\":true,\"valueName\":\"search_term_string\"}}],\"inLanguage\":\"ar\"},{\"@type\":\"Organization\",\"@id\":\"https:\\\/\\\/vitablanca.ma\\\/#organization\",\"name\":\"VitaBlanca\",\"url\":\"https:\\\/\\\/vitablanca.ma\\\/\",\"logo\":{\"@type\":\"ImageObject\",\"inLanguage\":\"ar\",\"@id\":\"https:\\\/\\\/vitablanca.ma\\\/#\\\/schema\\\/logo\\\/image\\\/\",\"url\":\"https:\\\/\\\/vitablanca.ma\\\/wp-content\\\/uploads\\\/2025\\\/05\\\/cropped-vitablanca.png\",\"contentUrl\":\"https:\\\/\\\/vitablanca.ma\\\/wp-content\\\/uploads\\\/2025\\\/05\\\/cropped-vitablanca.png\",\"width\":360,\"height\":67,\"caption\":\"VitaBlanca\"},\"image\":{\"@id\":\"https:\\\/\\\/vitablanca.ma\\\/#\\\/schema\\\/logo\\\/image\\\/\"},\"sameAs\":[\"https:\\\/\\\/www.facebook.com\\\/profile.php?id=61576678196717\",\"https:\\\/\\\/www.tiktok.com\\\/@vitablanca.ma\",\"https:\\\/\\\/www.instagram.com\\\/vitablanca.ma\\\/\"]}]}<\/script>\n<!-- \/ Yoast SEO plugin. -->","yoast_head_json":{"title":"\u0641\u0631\u0634\u0627\u0629 \u0625\u0646\u062a\u0631\u062f\u0646\u062a\u0627\u0644 \u0635\u063a\u064a\u0631\u0629 \u0645\u0646 \u0625\u0646\u062a\u0631\u0628\u0631\u0648\u0643\u0633 \u0628\u0644\u0633\u060c \u0644\u0648\u0646 \u0623\u0635\u0641\u0631\u060c 6 \u0642\u0637\u0639 - \u0633\u0639\u0631 \u0627\u0644\u0645\u063a\u0631\u0628","description":"\u0641\u0631\u0634\u0627\u0629 \u0627\u0644\u0623\u0633\u0646\u0627\u0646 \u0625\u0646\u062a\u0631\u0628\u0631\u0648\u0643\u0633 \u0628\u0644\u0633 \u0645\u064a\u0646\u064a 1.1 \u0635\u0641\u0631\u0627\u0621 6 \u0642\u0637\u0639","robots":{"index":"index","follow":"follow","max-snippet":"max-snippet:-1","max-image-preview":"max-image-preview:large","max-video-preview":"max-video-preview:-1"},"canonical":"https:\/\/vitablanca.ma\/ar\/product-2\/interprox-plus-mini-brosse-interdentaire-1-1-jaune-6-pieces\/","og_locale":"ar_AR","og_type":"article","og_title":"Interprox Plus Mini Brosse Interdentaire 1.1 Jaune 6 Pi\u00e8ces - Maroc Prix","og_description":"Interprox Plus Mini Brosse Interdentaire 1.1 Jaune 6 Pi\u00e8ces","og_url":"https:\/\/vitablanca.ma\/ar\/product-2\/interprox-plus-mini-brosse-interdentaire-1-1-jaune-6-pieces\/","og_site_name":"Vitablanca.ma &ndash; Sant&eacute;, vitalit&eacute; et bien-&ecirc;tre pour tous les Marocains","article_publisher":"https:\/\/www.facebook.com\/profile.php?id=61576678196717","og_image":[{"width":1000,"height":1000,"url":"https:\/\/vitablanca.ma\/wp-content\/uploads\/2025\/06\/Interprox-Plus-Mini-Brosse-Interdentaire-1.1-Jaune-6-Pieces-nova-parapharmacie-maroc.png","type":"image\/png"}],"twitter_card":"summary_large_image","twitter_misc":{"\u0648\u0642\u062a \u0627\u0644\u0642\u0631\u0627\u0621\u0629 \u0627\u0644\u0645\u064f\u0642\u062f\u0651\u0631":"\u062f\u0642\u064a\u0642\u0629 \u0648\u0627\u062d\u062f\u0629"},"schema":{"@context":"https:\/\/schema.org","@graph":[{"@type":["WebPage","ItemPage"],"@id":"https:\/\/vitablanca.ma\/produit\/interprox-plus-mini-brosse-interdentaire-1-1-jaune-6-pieces\/","url":"https:\/\/vitablanca.ma\/produit\/interprox-plus-mini-brosse-interdentaire-1-1-jaune-6-pieces\/","name":"\u0641\u0631\u0634\u0627\u0629 \u0625\u0646\u062a\u0631\u062f\u0646\u062a\u0627\u0644 \u0635\u063a\u064a\u0631\u0629 \u0645\u0646 \u0625\u0646\u062a\u0631\u0628\u0631\u0648\u0643\u0633 \u0628\u0644\u0633\u060c \u0644\u0648\u0646 \u0623\u0635\u0641\u0631\u060c 6 \u0642\u0637\u0639 - \u0633\u0639\u0631 \u0627\u0644\u0645\u063a\u0631\u0628","isPartOf":{"@id":"https:\/\/vitablanca.ma\/#website"},"primaryImageOfPage":{"@id":"https:\/\/vitablanca.ma\/produit\/interprox-plus-mini-brosse-interdentaire-1-1-jaune-6-pieces\/#primaryimage"},"image":{"@id":"https:\/\/vitablanca.ma\/produit\/interprox-plus-mini-brosse-interdentaire-1-1-jaune-6-pieces\/#primaryimage"},"thumbnailUrl":"https:\/\/vitablanca.ma\/wp-content\/uploads\/2025\/06\/Interprox-Plus-Mini-Brosse-Interdentaire-1.1-Jaune-6-Pieces-nova-parapharmacie-maroc.png","datePublished":"2025-06-10T17:51:43+00:00","description":"\u0641\u0631\u0634\u0627\u0629 \u0627\u0644\u0623\u0633\u0646\u0627\u0646 \u0625\u0646\u062a\u0631\u0628\u0631\u0648\u0643\u0633 \u0628\u0644\u0633 \u0645\u064a\u0646\u064a 1.1 \u0635\u0641\u0631\u0627\u0621 6 \u0642\u0637\u0639","breadcrumb":{"@id":"https:\/\/vitablanca.ma\/produit\/interprox-plus-mini-brosse-interdentaire-1-1-jaune-6-pieces\/#breadcrumb"},"inLanguage":"ar","potentialAction":[{"@type":"ReadAction","target":["https:\/\/vitablanca.ma\/produit\/interprox-plus-mini-brosse-interdentaire-1-1-jaune-6-pieces\/"]}]},{"@type":"ImageObject","inLanguage":"ar","@id":"https:\/\/vitablanca.ma\/produit\/interprox-plus-mini-brosse-interdentaire-1-1-jaune-6-pieces\/#primaryimage","url":"https:\/\/vitablanca.ma\/wp-content\/uploads\/2025\/06\/Interprox-Plus-Mini-Brosse-Interdentaire-1.1-Jaune-6-Pieces-nova-parapharmacie-maroc.png","contentUrl":"https:\/\/vitablanca.ma\/wp-content\/uploads\/2025\/06\/Interprox-Plus-Mini-Brosse-Interdentaire-1.1-Jaune-6-Pieces-nova-parapharmacie-maroc.png","width":1000,"height":1000},{"@type":"BreadcrumbList","@id":"https:\/\/vitablanca.ma\/produit\/interprox-plus-mini-brosse-interdentaire-1-1-jaune-6-pieces\/#breadcrumb","itemListElement":[{"@type":"ListItem","position":1,"name":"Home","item":"https:\/\/vitablanca.ma\/"},{"@type":"ListItem","position":2,"name":"Tous Les Produits","item":"https:\/\/vitablanca.ma\/tous-les-produits\/"},{"@type":"ListItem","position":3,"name":"Interprox Plus Mini Brosse Interdentaire 1.1 Jaune 6 Pi\u00e8ces"}]},{"@type":"WebSite","@id":"https:\/\/vitablanca.ma\/#website","url":"https:\/\/vitablanca.ma\/","name":"VitaBlanca.ma | \u0627\u0644\u0645\u0643\u0645\u0644\u0627\u062a \u0627\u0644\u063a\u0630\u0627\u0626\u064a\u0629\u060c \u0627\u0644\u0635\u062d\u0629 \u0648\u0627\u0644\u062c\u0645\u0627\u0644 \u0641\u064a \u0627\u0644\u0645\u063a\u0631\u0628","description":"\u0646\u0628\u064a\u0639 \u0641\u064a\u062a\u0627\u0645\u064a\u0646\u0627\u062a \u0648\u0645\u0643\u0645\u0644\u0627\u062a \u063a\u0630\u0627\u0626\u064a\u0629 \u0641\u0627\u062e\u0631\u0629 \u0645\u0646 \u0627\u0644\u0648\u0644\u0627\u064a\u0627\u062a \u0627\u0644\u0645\u062a\u062d\u062f\u0629 \u0627\u0644\u0623\u0645\u0631\u064a\u0643\u064a\u0629 \u0648\u0643\u0646\u062f\u0627 \u0648\u0646\u064a\u0648\u0632\u064a\u0644\u0646\u062f\u0627 \u0648\u0627\u0644\u0645\u063a\u0631\u0628 (\u0646\u0627\u0648 \u0641\u0648\u062f\u0632\u060c \u0633\u0648\u0644\u062c\u0627\u0631\u060c \u0645\u0627\u0646\u0648\u0643\u0627). \u062a\u0648\u0635\u064a\u0644 \u0633\u0631\u064a\u0639 \u0625\u0644\u0649 \u062c\u0645\u064a\u0639 \u0623\u0646\u062d\u0627\u0621 \u0627\u0644\u0645\u063a\u0631\u0628.","publisher":{"@id":"https:\/\/vitablanca.ma\/#organization"},"alternateName":"VitaBlanca.ma","potentialAction":[{"@type":"SearchAction","target":{"@type":"EntryPoint","urlTemplate":"https:\/\/vitablanca.ma\/?s={search_term_string}"},"query-input":{"@type":"PropertyValueSpecification","valueRequired":true,"valueName":"search_term_string"}}],"inLanguage":"ar"},{"@type":"Organization","@id":"https:\/\/vitablanca.ma\/#organization","name":"\u0641\u064a\u062a\u0627\u0628\u0644\u0627\u0646\u0643\u0627","url":"https:\/\/vitablanca.ma\/","logo":{"@type":"ImageObject","inLanguage":"ar","@id":"https:\/\/vitablanca.ma\/#\/schema\/logo\/image\/","url":"https:\/\/vitablanca.ma\/wp-content\/uploads\/2025\/05\/cropped-vitablanca.png","contentUrl":"https:\/\/vitablanca.ma\/wp-content\/uploads\/2025\/05\/cropped-vitablanca.png","width":360,"height":67,"caption":"VitaBlanca"},"image":{"@id":"https:\/\/vitablanca.ma\/#\/schema\/logo\/image\/"},"sameAs":["https:\/\/www.facebook.com\/profile.php?id=61576678196717","https:\/\/www.tiktok.com\/@vitablanca.ma","https:\/\/www.instagram.com\/vitablanca.ma\/"]}]}},"jetpack_sharing_enabled":true,"_links":{"self":[{"href":"https:\/\/vitablanca.ma\/ar\/wp-json\/wp\/v2\/product\/19186","targetHints":{"allow":["GET"]}}],"collection":[{"href":"https:\/\/vitablanca.ma\/ar\/wp-json\/wp\/v2\/product"}],"about":[{"href":"https:\/\/vitablanca.ma\/ar\/wp-json\/wp\/v2\/types\/product"}],"wp:featuredmedia":[{"embeddable":true,"href":"https:\/\/vitablanca.ma\/ar\/wp-json\/wp\/v2\/media\/19174"}],"wp:attachment":[{"href":"https:\/\/vitablanca.ma\/ar\/wp-json\/wp\/v2\/media?parent=19186"}],"wp:term":[{"taxonomy":"product_brand","embeddable":true,"href":"https:\/\/vitablanca.ma\/ar\/wp-json\/wp\/v2\/product_brand?post=19186"},{"taxonomy":"product_cat","embeddable":true,"href":"https:\/\/vitablanca.ma\/ar\/wp-json\/wp\/v2\/product_cat?post=19186"},{"taxonomy":"product_tag","embeddable":true,"href":"https:\/\/vitablanca.ma\/ar\/wp-json\/wp\/v2\/product_tag?post=19186"}],"curies":[{"name":"wp","href":"https:\/\/api.w.org\/{rel}","templated":true}]}}