{"id":19181,"date":"2025-06-10T17:51:36","date_gmt":"2025-06-10T17:51:36","guid":{"rendered":"https:\/\/vitablanca.ma\/product\/janssen-cosmetics-creme-de-soin-aux-aha-50ml\/"},"modified":"2025-06-10T17:51:36","modified_gmt":"2025-06-10T17:51:36","slug":"janssen-cosmetics-creme-de-soin-aux-aha-50ml","status":"publish","type":"product","link":"https:\/\/vitablanca.ma\/ar\/product-2\/janssen-cosmetics-creme-de-soin-aux-aha-50ml\/","title":{"rendered":"Janssen Cosmetics Cr\u00e8me De Soin Aux AHA 50ml"},"content":{"rendered":"<h2>Janssen Cosmetics Cr\u00e8me De Soin Aux AHA\u00a0<span data-mce-fragment=\"1\">pour les peaux grasses \u00e0 impuret\u00e9s.<\/span><br \/>\n<\/h2>\n<div class=\"descbox\">\n<div class=\"mb-2\">\n<span class=\"desc\">Cr\u00e8me aux acides de fruits pour les peaux grasses \u00e0 impuret\u00e9s.<\/span><\/p>\n<p class=\"cs95E872D0\"><span class=\"csD5D7D290\">Cr\u00e8me aux acides de fruits pour les peaux grasses \u00e0 impuret\u00e9s. \u00c9limine les cellules mortes, r\u00e9duit les com\u00e9dons et affine les pores. \u00c0 base de 10 % d\u2019acides de fruits et d\u2019un complexe de glucides hydratants. Appliquer de pr\u00e9f\u00e9rence le soir sur le visage nettoy\u00e9 et laisser p\u00e9n\u00e9trer. Id\u00e9al en combinaison avec le S\u00e9rum Nano-Argent. Nous recommandons ensuite de suivre les \u00e9tapes suivantes :<\/span><\/p>\n<p class=\"cs95E872D0\"><span class=\"csD5D7D290\">1) S\u00e9rum aux Micro-particules d\u2019argent<\/span><\/p>\n<p class=\"cs95E872D0\"><span class=\"csD5D7D290\">2) Cr\u00e8me de Soin aux AHA<\/span><\/p>\n<p class=\"cs95E872D0\"><span class=\"cs52DB4310\">\u0644\u0627\u062d\u0638\u062a :<span>\u00a0<\/span><\/span><span class=\"cs43C038A\">utiliser une protection UV en journ\u00e9e. Utiliser le Soin protecteur Avanc\u00e9.<\/span><\/p>\n<\/div>\n<\/div>\n<div class=\"descbox2\">\n<h3>\u0637\u0644\u0628<\/h3>\n<div class=\"mb-2\">\n<p class=\"cs95E872D0\"><span class=\"csD5D7D290\">Appliquer la Cr\u00e8me de Soin aux AHA de pr\u00e9f\u00e9rence le soir sur la peau nettoy\u00e9e et masser l\u00e9g\u00e8rement pour la faire p\u00e9n\u00e9trer.<\/span><\/p>\n<p class=\"cs95E872D0\"><span class=\"cs52DB4310\">\u0646\u0635\u064a\u062d\u0629 :<span>\u00a0<\/span><\/span><span class=\"cs43C038A\">id\u00e9ale en combinaison avec le S\u00e9rum aux micro-particules d\u00b4argent. Nous recommandons ensuite de suivre les \u00e9tapes suivantes :<\/span><\/p>\n<p class=\"cs95E872D0\"><span class=\"cs43C038A\">1. S\u00e9rum aux micro-particules d\u00b4argent<\/span><\/p>\n<p class=\"cs95E872D0\"><span class=\"cs43C038A\">2. Cr\u00e8me de Soin aux AHA<\/span><\/p>\n<p class=\"cs95E872D0\"><span class=\"cs52DB4310\">\u0644\u0627\u062d\u0638\u062a :<span>\u00a0<\/span><\/span><span class=\"cs43C038A\">utiliser une protection UV en journ\u00e9e. Utiliser le Soin Protecteur Avanc\u00e9.<\/span><\/p>\n<\/div>\n<\/div>\n<div class=\"descbox3\">\n<h3>\u0645\u0643\u0648\u0646\u0627\u062a<\/h3>\n<div class=\"mb-2\">\n<p class=\"cs95E872D0\"><span class=\"cs31D24DEE\">\u2022 Acide glycolique :<span>\u00a0<\/span><\/span><span class=\"csD5D7D290\">contenu naturellement notamment dans les raisins verts, dans le sirop de canne \u00e0 sucre et la canne \u00e0 sucre. Action k\u00e9ratolytique<\/span><\/p>\n<p class=\"cs95E872D0\"><span class=\"cs31D24DEE\">\u2022 Acide malique :<span>\u00a0<\/span><\/span><span class=\"csD5D7D290\">se trouve dans les pommes vertes, les groseilles \u00e0 maquereau et d\u2019autres fruits ; il a aussi une action l\u00e9g\u00e8rement k\u00e9ratolytique avec des concentrations plus \u00e9lev\u00e9es<\/span><\/p>\n<p class=\"cs95E872D0\"><span class=\"cs31D24DEE\">\u2022 Acide tartrique :<span>\u00a0<\/span><\/span><span class=\"csD5D7D290\">la vigne, le raisin et les feuilles de vigne sont riches en acide tartrique et en sels d\u2019acide tartrique ; action l\u00e9g\u00e8rement k\u00e9ratolytique<\/span><\/p>\n<p class=\"cs95E872D0\"><span class=\"cs31D24DEE\">\u2022 Acide citrique :<span>\u00a0<\/span><\/span><span class=\"csD5D7D290\">contenu dans le citron, mais aussi dans de nombreux autres fruits ; action k\u00e9ratolytique<\/span><\/p>\n<p class=\"cs95E872D0\"><span class=\"cs31D24DEE\">\u2022 Saccharide isom\u00e9rate :<span>\u00a0<\/span><\/span><span class=\"csD5D7D290\">hydratant \u00e0 base de glucides naturels. Puisqu\u2019il se lie naturellement \u00e0 la k\u00e9ratine (substance corn\u00e9e) de la peau, il est souvent appel\u00e9 \u00ab aimant d\u2019hydratation \u00bb<\/span><\/p>\n<\/div>\n<\/div>","protected":false},"excerpt":{"rendered":"<p>Janssen Cosmetics Cr\u00e8me De Soin Aux AHA\u00a0pour les peaux grasses \u00e0 impuret\u00e9s. Cr\u00e8me aux acides de fruits pour les peaux grasses \u00e0 impuret\u00e9s. Cr\u00e8me aux acides de fruits pour les peaux grasses \u00e0 impuret\u00e9s. \u00c9limine les cellules mortes, r\u00e9duit les com\u00e9dons et affine les pores. \u00c0 base de 10 % d\u2019acides de fruits et d\u2019un [&hellip;]<\/p>\n","protected":false},"featured_media":19176,"template":"","meta":{"om_disable_all_campaigns":false},"product_brand":[],"product_cat":[15],"product_tag":[],"class_list":{"0":"post-19181","1":"product","2":"type-product","3":"status-publish","4":"has-post-thumbnail","6":"product_cat-beaute-sante-complements-alimentaires-soins-et-bien-etre-au-meilleur-prix","8":"first","9":"instock","10":"sale","11":"taxable","12":"shipping-taxable","13":"purchasable","14":"product-type-simple"},"yoast_head":"<!-- This site is optimized with the Yoast SEO plugin v27.5 - https:\/\/yoast.com\/product\/yoast-seo-wordpress\/ -->\n<title>Janssen Cosmetics Cr\u00e8me De Soin Aux AHA 50ml - Maroc Prix<\/title>\n<meta name=\"description\" content=\"Janssen Cosmetics Cr\u00e8me De Soin Aux AHA 50ml\" \/>\n<meta name=\"robots\" content=\"index, follow, max-snippet:-1, max-image-preview:large, max-video-preview:-1\" \/>\n<link rel=\"canonical\" href=\"https:\/\/vitablanca.ma\/ar\/product-2\/janssen-cosmetics-creme-de-soin-aux-aha-50ml\/\" \/>\n<meta property=\"og:locale\" content=\"ar_AR\" \/>\n<meta property=\"og:type\" content=\"article\" \/>\n<meta property=\"og:title\" content=\"Janssen Cosmetics Cr\u00e8me De Soin Aux AHA 50ml - Maroc Prix\" \/>\n<meta property=\"og:description\" content=\"Janssen Cosmetics Cr\u00e8me De Soin Aux AHA 50ml\" \/>\n<meta property=\"og:url\" content=\"https:\/\/vitablanca.ma\/ar\/product-2\/janssen-cosmetics-creme-de-soin-aux-aha-50ml\/\" \/>\n<meta property=\"og:site_name\" content=\"Vitablanca.ma &ndash; Sant&eacute;, vitalit&eacute; et bien-&ecirc;tre pour tous les Marocains\" \/>\n<meta property=\"article:publisher\" content=\"https:\/\/www.facebook.com\/profile.php?id=61576678196717\" \/>\n<meta property=\"og:image\" content=\"https:\/\/vitablanca.ma\/wp-content\/uploads\/2025\/06\/Janssen-Cosmetics-Creme-De-Soin-Aux-AHA-50ml-nova-parapharmacie-maroc.jpg\" \/>\n\t<meta property=\"og:image:width\" content=\"1000\" \/>\n\t<meta property=\"og:image:height\" content=\"1000\" \/>\n\t<meta property=\"og:image:type\" content=\"image\/jpeg\" \/>\n<meta name=\"twitter:card\" content=\"summary_large_image\" \/>\n<meta name=\"twitter:label1\" content=\"\u0648\u0642\u062a \u0627\u0644\u0642\u0631\u0627\u0621\u0629 \u0627\u0644\u0645\u064f\u0642\u062f\u0651\u0631\" \/>\n\t<meta name=\"twitter:data1\" content=\"\u062f\u0642\u064a\u0642\u062a\u0627\u0646\" \/>\n<script type=\"application\/ld+json\" class=\"yoast-schema-graph\">{\"@context\":\"https:\\\/\\\/schema.org\",\"@graph\":[{\"@type\":[\"WebPage\",\"ItemPage\"],\"@id\":\"https:\\\/\\\/vitablanca.ma\\\/produit\\\/janssen-cosmetics-creme-de-soin-aux-aha-50ml\\\/\",\"url\":\"https:\\\/\\\/vitablanca.ma\\\/produit\\\/janssen-cosmetics-creme-de-soin-aux-aha-50ml\\\/\",\"name\":\"Janssen Cosmetics Cr\u00e8me De Soin Aux AHA 50ml - Maroc Prix\",\"isPartOf\":{\"@id\":\"https:\\\/\\\/vitablanca.ma\\\/#website\"},\"primaryImageOfPage\":{\"@id\":\"https:\\\/\\\/vitablanca.ma\\\/produit\\\/janssen-cosmetics-creme-de-soin-aux-aha-50ml\\\/#primaryimage\"},\"image\":{\"@id\":\"https:\\\/\\\/vitablanca.ma\\\/produit\\\/janssen-cosmetics-creme-de-soin-aux-aha-50ml\\\/#primaryimage\"},\"thumbnailUrl\":\"https:\\\/\\\/vitablanca.ma\\\/wp-content\\\/uploads\\\/2025\\\/06\\\/Janssen-Cosmetics-Creme-De-Soin-Aux-AHA-50ml-nova-parapharmacie-maroc.jpg\",\"datePublished\":\"2025-06-10T17:51:36+00:00\",\"description\":\"Janssen Cosmetics Cr\u00e8me De Soin Aux AHA 50ml\",\"breadcrumb\":{\"@id\":\"https:\\\/\\\/vitablanca.ma\\\/produit\\\/janssen-cosmetics-creme-de-soin-aux-aha-50ml\\\/#breadcrumb\"},\"inLanguage\":\"ar\",\"potentialAction\":[{\"@type\":\"ReadAction\",\"target\":[\"https:\\\/\\\/vitablanca.ma\\\/produit\\\/janssen-cosmetics-creme-de-soin-aux-aha-50ml\\\/\"]}]},{\"@type\":\"ImageObject\",\"inLanguage\":\"ar\",\"@id\":\"https:\\\/\\\/vitablanca.ma\\\/produit\\\/janssen-cosmetics-creme-de-soin-aux-aha-50ml\\\/#primaryimage\",\"url\":\"https:\\\/\\\/vitablanca.ma\\\/wp-content\\\/uploads\\\/2025\\\/06\\\/Janssen-Cosmetics-Creme-De-Soin-Aux-AHA-50ml-nova-parapharmacie-maroc.jpg\",\"contentUrl\":\"https:\\\/\\\/vitablanca.ma\\\/wp-content\\\/uploads\\\/2025\\\/06\\\/Janssen-Cosmetics-Creme-De-Soin-Aux-AHA-50ml-nova-parapharmacie-maroc.jpg\",\"width\":1000,\"height\":1000},{\"@type\":\"BreadcrumbList\",\"@id\":\"https:\\\/\\\/vitablanca.ma\\\/produit\\\/janssen-cosmetics-creme-de-soin-aux-aha-50ml\\\/#breadcrumb\",\"itemListElement\":[{\"@type\":\"ListItem\",\"position\":1,\"name\":\"Home\",\"item\":\"https:\\\/\\\/vitablanca.ma\\\/\"},{\"@type\":\"ListItem\",\"position\":2,\"name\":\"Tous Les Produits\",\"item\":\"https:\\\/\\\/vitablanca.ma\\\/tous-les-produits\\\/\"},{\"@type\":\"ListItem\",\"position\":3,\"name\":\"Janssen Cosmetics Cr\u00e8me De Soin Aux AHA 50ml\"}]},{\"@type\":\"WebSite\",\"@id\":\"https:\\\/\\\/vitablanca.ma\\\/#website\",\"url\":\"https:\\\/\\\/vitablanca.ma\\\/\",\"name\":\"VitaBlanca.ma | Compl\u00e9ments alimentaires, sant\u00e9 & beaut\u00e9 au Maroc\",\"description\":\"vendre vitamines et compl\u00e9ments premium des USA &amp; Canada, Nouvelle Z\u00e9lande,Maroc (NOW Foods, Solgar, Manuka). Livraison rapide partout au Maroc.\",\"publisher\":{\"@id\":\"https:\\\/\\\/vitablanca.ma\\\/#organization\"},\"alternateName\":\"VitaBlanca.ma\",\"potentialAction\":[{\"@type\":\"SearchAction\",\"target\":{\"@type\":\"EntryPoint\",\"urlTemplate\":\"https:\\\/\\\/vitablanca.ma\\\/?s={search_term_string}\"},\"query-input\":{\"@type\":\"PropertyValueSpecification\",\"valueRequired\":true,\"valueName\":\"search_term_string\"}}],\"inLanguage\":\"ar\"},{\"@type\":\"Organization\",\"@id\":\"https:\\\/\\\/vitablanca.ma\\\/#organization\",\"name\":\"VitaBlanca\",\"url\":\"https:\\\/\\\/vitablanca.ma\\\/\",\"logo\":{\"@type\":\"ImageObject\",\"inLanguage\":\"ar\",\"@id\":\"https:\\\/\\\/vitablanca.ma\\\/#\\\/schema\\\/logo\\\/image\\\/\",\"url\":\"https:\\\/\\\/vitablanca.ma\\\/wp-content\\\/uploads\\\/2025\\\/05\\\/cropped-vitablanca.png\",\"contentUrl\":\"https:\\\/\\\/vitablanca.ma\\\/wp-content\\\/uploads\\\/2025\\\/05\\\/cropped-vitablanca.png\",\"width\":360,\"height\":67,\"caption\":\"VitaBlanca\"},\"image\":{\"@id\":\"https:\\\/\\\/vitablanca.ma\\\/#\\\/schema\\\/logo\\\/image\\\/\"},\"sameAs\":[\"https:\\\/\\\/www.facebook.com\\\/profile.php?id=61576678196717\",\"https:\\\/\\\/www.tiktok.com\\\/@vitablanca.ma\",\"https:\\\/\\\/www.instagram.com\\\/vitablanca.ma\\\/\"]}]}<\/script>\n<!-- \/ Yoast SEO plugin. -->","yoast_head_json":{"title":"Janssen Cosmetics Cr\u00e8me De Soin Aux AHA 50ml - Maroc Prix","description":"Janssen Cosmetics Cr\u00e8me De Soin Aux AHA 50ml","robots":{"index":"index","follow":"follow","max-snippet":"max-snippet:-1","max-image-preview":"max-image-preview:large","max-video-preview":"max-video-preview:-1"},"canonical":"https:\/\/vitablanca.ma\/ar\/product-2\/janssen-cosmetics-creme-de-soin-aux-aha-50ml\/","og_locale":"ar_AR","og_type":"article","og_title":"Janssen Cosmetics Cr\u00e8me De Soin Aux AHA 50ml - Maroc Prix","og_description":"Janssen Cosmetics Cr\u00e8me De Soin Aux AHA 50ml","og_url":"https:\/\/vitablanca.ma\/ar\/product-2\/janssen-cosmetics-creme-de-soin-aux-aha-50ml\/","og_site_name":"Vitablanca.ma &ndash; Sant&eacute;, vitalit&eacute; et bien-&ecirc;tre pour tous les Marocains","article_publisher":"https:\/\/www.facebook.com\/profile.php?id=61576678196717","og_image":[{"width":1000,"height":1000,"url":"https:\/\/vitablanca.ma\/wp-content\/uploads\/2025\/06\/Janssen-Cosmetics-Creme-De-Soin-Aux-AHA-50ml-nova-parapharmacie-maroc.jpg","type":"image\/jpeg"}],"twitter_card":"summary_large_image","twitter_misc":{"\u0648\u0642\u062a \u0627\u0644\u0642\u0631\u0627\u0621\u0629 \u0627\u0644\u0645\u064f\u0642\u062f\u0651\u0631":"\u062f\u0642\u064a\u0642\u062a\u0627\u0646"},"schema":{"@context":"https:\/\/schema.org","@graph":[{"@type":["WebPage","ItemPage"],"@id":"https:\/\/vitablanca.ma\/produit\/janssen-cosmetics-creme-de-soin-aux-aha-50ml\/","url":"https:\/\/vitablanca.ma\/produit\/janssen-cosmetics-creme-de-soin-aux-aha-50ml\/","name":"Janssen Cosmetics Cr\u00e8me De Soin Aux AHA 50ml - Maroc Prix","isPartOf":{"@id":"https:\/\/vitablanca.ma\/#website"},"primaryImageOfPage":{"@id":"https:\/\/vitablanca.ma\/produit\/janssen-cosmetics-creme-de-soin-aux-aha-50ml\/#primaryimage"},"image":{"@id":"https:\/\/vitablanca.ma\/produit\/janssen-cosmetics-creme-de-soin-aux-aha-50ml\/#primaryimage"},"thumbnailUrl":"https:\/\/vitablanca.ma\/wp-content\/uploads\/2025\/06\/Janssen-Cosmetics-Creme-De-Soin-Aux-AHA-50ml-nova-parapharmacie-maroc.jpg","datePublished":"2025-06-10T17:51:36+00:00","description":"Janssen Cosmetics Cr\u00e8me De Soin Aux AHA 50ml","breadcrumb":{"@id":"https:\/\/vitablanca.ma\/produit\/janssen-cosmetics-creme-de-soin-aux-aha-50ml\/#breadcrumb"},"inLanguage":"ar","potentialAction":[{"@type":"ReadAction","target":["https:\/\/vitablanca.ma\/produit\/janssen-cosmetics-creme-de-soin-aux-aha-50ml\/"]}]},{"@type":"ImageObject","inLanguage":"ar","@id":"https:\/\/vitablanca.ma\/produit\/janssen-cosmetics-creme-de-soin-aux-aha-50ml\/#primaryimage","url":"https:\/\/vitablanca.ma\/wp-content\/uploads\/2025\/06\/Janssen-Cosmetics-Creme-De-Soin-Aux-AHA-50ml-nova-parapharmacie-maroc.jpg","contentUrl":"https:\/\/vitablanca.ma\/wp-content\/uploads\/2025\/06\/Janssen-Cosmetics-Creme-De-Soin-Aux-AHA-50ml-nova-parapharmacie-maroc.jpg","width":1000,"height":1000},{"@type":"BreadcrumbList","@id":"https:\/\/vitablanca.ma\/produit\/janssen-cosmetics-creme-de-soin-aux-aha-50ml\/#breadcrumb","itemListElement":[{"@type":"ListItem","position":1,"name":"Home","item":"https:\/\/vitablanca.ma\/"},{"@type":"ListItem","position":2,"name":"Tous Les Produits","item":"https:\/\/vitablanca.ma\/tous-les-produits\/"},{"@type":"ListItem","position":3,"name":"Janssen Cosmetics Cr\u00e8me De Soin Aux AHA 50ml"}]},{"@type":"WebSite","@id":"https:\/\/vitablanca.ma\/#website","url":"https:\/\/vitablanca.ma\/","name":"VitaBlanca.ma | \u0627\u0644\u0645\u0643\u0645\u0644\u0627\u062a \u0627\u0644\u063a\u0630\u0627\u0626\u064a\u0629\u060c \u0627\u0644\u0635\u062d\u0629 \u0648\u0627\u0644\u062c\u0645\u0627\u0644 \u0641\u064a \u0627\u0644\u0645\u063a\u0631\u0628","description":"\u0646\u0628\u064a\u0639 \u0641\u064a\u062a\u0627\u0645\u064a\u0646\u0627\u062a \u0648\u0645\u0643\u0645\u0644\u0627\u062a \u063a\u0630\u0627\u0626\u064a\u0629 \u0641\u0627\u062e\u0631\u0629 \u0645\u0646 \u0627\u0644\u0648\u0644\u0627\u064a\u0627\u062a \u0627\u0644\u0645\u062a\u062d\u062f\u0629 \u0627\u0644\u0623\u0645\u0631\u064a\u0643\u064a\u0629 \u0648\u0643\u0646\u062f\u0627 \u0648\u0646\u064a\u0648\u0632\u064a\u0644\u0646\u062f\u0627 \u0648\u0627\u0644\u0645\u063a\u0631\u0628 (\u0646\u0627\u0648 \u0641\u0648\u062f\u0632\u060c \u0633\u0648\u0644\u062c\u0627\u0631\u060c \u0645\u0627\u0646\u0648\u0643\u0627). \u062a\u0648\u0635\u064a\u0644 \u0633\u0631\u064a\u0639 \u0625\u0644\u0649 \u062c\u0645\u064a\u0639 \u0623\u0646\u062d\u0627\u0621 \u0627\u0644\u0645\u063a\u0631\u0628.","publisher":{"@id":"https:\/\/vitablanca.ma\/#organization"},"alternateName":"VitaBlanca.ma","potentialAction":[{"@type":"SearchAction","target":{"@type":"EntryPoint","urlTemplate":"https:\/\/vitablanca.ma\/?s={search_term_string}"},"query-input":{"@type":"PropertyValueSpecification","valueRequired":true,"valueName":"search_term_string"}}],"inLanguage":"ar"},{"@type":"Organization","@id":"https:\/\/vitablanca.ma\/#organization","name":"\u0641\u064a\u062a\u0627\u0628\u0644\u0627\u0646\u0643\u0627","url":"https:\/\/vitablanca.ma\/","logo":{"@type":"ImageObject","inLanguage":"ar","@id":"https:\/\/vitablanca.ma\/#\/schema\/logo\/image\/","url":"https:\/\/vitablanca.ma\/wp-content\/uploads\/2025\/05\/cropped-vitablanca.png","contentUrl":"https:\/\/vitablanca.ma\/wp-content\/uploads\/2025\/05\/cropped-vitablanca.png","width":360,"height":67,"caption":"VitaBlanca"},"image":{"@id":"https:\/\/vitablanca.ma\/#\/schema\/logo\/image\/"},"sameAs":["https:\/\/www.facebook.com\/profile.php?id=61576678196717","https:\/\/www.tiktok.com\/@vitablanca.ma","https:\/\/www.instagram.com\/vitablanca.ma\/"]}]}},"jetpack_sharing_enabled":true,"_links":{"self":[{"href":"https:\/\/vitablanca.ma\/ar\/wp-json\/wp\/v2\/product\/19181","targetHints":{"allow":["GET"]}}],"collection":[{"href":"https:\/\/vitablanca.ma\/ar\/wp-json\/wp\/v2\/product"}],"about":[{"href":"https:\/\/vitablanca.ma\/ar\/wp-json\/wp\/v2\/types\/product"}],"wp:featuredmedia":[{"embeddable":true,"href":"https:\/\/vitablanca.ma\/ar\/wp-json\/wp\/v2\/media\/19176"}],"wp:attachment":[{"href":"https:\/\/vitablanca.ma\/ar\/wp-json\/wp\/v2\/media?parent=19181"}],"wp:term":[{"taxonomy":"product_brand","embeddable":true,"href":"https:\/\/vitablanca.ma\/ar\/wp-json\/wp\/v2\/product_brand?post=19181"},{"taxonomy":"product_cat","embeddable":true,"href":"https:\/\/vitablanca.ma\/ar\/wp-json\/wp\/v2\/product_cat?post=19181"},{"taxonomy":"product_tag","embeddable":true,"href":"https:\/\/vitablanca.ma\/ar\/wp-json\/wp\/v2\/product_tag?post=19181"}],"curies":[{"name":"wp","href":"https:\/\/api.w.org\/{rel}","templated":true}]}}