{"id":19132,"date":"2025-06-10T17:49:41","date_gmt":"2025-06-10T17:49:41","guid":{"rendered":"https:\/\/vitablanca.ma\/product\/gum-proxabrush-bi-direction-interdentaires-07mm-2114\/"},"modified":"2025-06-10T17:49:41","modified_gmt":"2025-06-10T17:49:41","slug":"gum-proxabrush-bi-direction-interdentaires-07mm-2114","status":"publish","type":"product","link":"https:\/\/vitablanca.ma\/ar\/product-2\/gum-proxabrush-bi-direction-interdentaires-07mm-2114\/","title":{"rendered":"\u0641\u0631\u0634\u0627\u0629 \u0628\u0631\u0648\u0643\u0633\u0627\u0628\u0631\u0627\u0634 \u062b\u0646\u0627\u0626\u064a\u0629 \u0627\u0644\u0627\u062a\u062c\u0627\u0647 \u0644\u062a\u0646\u0638\u064a\u0641 \u0627\u0644\u0623\u0633\u0646\u0627\u0646 \u0628\u064a\u0646 \u0627\u0644\u0623\u0633\u0646\u0627\u0646 0.7 \u0645\u0645 (2114)"},"content":{"rendered":"<h2><span data-mce-fragment=\"1\">Gum PROXABRUSH BI-DIRECTION Interdentaires manche avec bouton poussoir pour orienter plus facilement<\/span><\/h2>\n<p><span data-mce-fragment=\"1\">Efficace pour parfaire le brossage quotidien des espaces \u00e9troits difficiles d&rsquo;acc\u00e8s aux brosses dentaires quotidiennes, la brossette interdentaire Proxabrush Bi Direction conique est dot\u00e9e d&rsquo;une extr\u00e9mit\u00e9 arrondie avec un manche antid\u00e9rapant et plus maniable pour un brossage efficace. Extr\u00e9mit\u00e9 arrondie sur hampe m\u00e9tallique torsad\u00e9e en mangan\u00e8se qui accro\u00eet la dur\u00e9e de vie de la brossette. Manche avec bouton poussoir pour orienter plus facilement la brossette vers les espaces interdentaires post\u00e9rieurs et ant\u00e9rieurs. Livr\u00e9e avec 1 capuchon de protection. Conditionnement : carte blister.<\/span><\/p>\n<h3>\u0637\u0631\u064a\u0642\u0629 \u0627\u0644\u0627\u0633\u062a\u062e\u062f\u0627\u0645<\/h3>\n<p><span>Utiliser les brossettes interdentaires apr\u00e8s le brossage quotidien.<\/span><\/p>","protected":false},"excerpt":{"rendered":"<p>Gum PROXABRUSH BI-DIRECTION Interdentaires manche avec bouton poussoir pour orienter plus facilement Efficace pour parfaire le brossage quotidien des espaces \u00e9troits difficiles d&rsquo;acc\u00e8s aux brosses dentaires quotidiennes, la brossette interdentaire Proxabrush Bi Direction conique est dot\u00e9e d&rsquo;une extr\u00e9mit\u00e9 arrondie avec un manche antid\u00e9rapant et plus maniable pour un brossage efficace. Extr\u00e9mit\u00e9 arrondie sur hampe m\u00e9tallique [&hellip;]<\/p>\n","protected":false},"featured_media":19104,"template":"","meta":{"om_disable_all_campaigns":false},"product_brand":[],"product_cat":[15],"product_tag":[],"class_list":{"0":"post-19132","1":"product","2":"type-product","3":"status-publish","4":"has-post-thumbnail","6":"product_cat-beaute-sante-complements-alimentaires-soins-et-bien-etre-au-meilleur-prix","8":"first","9":"instock","10":"sale","11":"taxable","12":"shipping-taxable","13":"purchasable","14":"product-type-simple"},"yoast_head":"<!-- This site is optimized with the Yoast SEO plugin v27.4 - https:\/\/yoast.com\/product\/yoast-seo-wordpress\/ -->\n<title>Gum PROXABRUSH BI-DIRECTION Interdentaires 0,7mm (2114) - Maroc Prix<\/title>\n<meta name=\"description\" content=\"Gum PROXABRUSH BI-DIRECTION Interdentaires 0,7mm (2114)\" \/>\n<meta name=\"robots\" content=\"index, follow, max-snippet:-1, max-image-preview:large, max-video-preview:-1\" \/>\n<link rel=\"canonical\" href=\"https:\/\/vitablanca.ma\/ar\/product-2\/gum-proxabrush-bi-direction-interdentaires-07mm-2114\/\" \/>\n<meta property=\"og:locale\" content=\"ar_AR\" \/>\n<meta property=\"og:type\" content=\"article\" \/>\n<meta property=\"og:title\" content=\"Gum PROXABRUSH BI-DIRECTION Interdentaires 0,7mm (2114) - Maroc Prix\" \/>\n<meta property=\"og:description\" content=\"Gum PROXABRUSH BI-DIRECTION Interdentaires 0,7mm (2114)\" \/>\n<meta property=\"og:url\" content=\"https:\/\/vitablanca.ma\/ar\/product-2\/gum-proxabrush-bi-direction-interdentaires-07mm-2114\/\" \/>\n<meta property=\"og:site_name\" content=\"Vitablanca.ma &ndash; Sant&eacute;, vitalit&eacute; et bien-&ecirc;tre pour tous les Marocains\" \/>\n<meta property=\"article:publisher\" content=\"https:\/\/www.facebook.com\/profile.php?id=61576678196717\" \/>\n<meta property=\"og:image\" content=\"https:\/\/vitablanca.ma\/wp-content\/uploads\/2025\/06\/Gum-PROXABRUSH-BI-DIRECTION-Interdentaires-0_7mm-_2114_-nova-parapharmacie-maroc.png\" \/>\n\t<meta property=\"og:image:width\" content=\"1000\" \/>\n\t<meta property=\"og:image:height\" content=\"1000\" \/>\n\t<meta property=\"og:image:type\" content=\"image\/png\" \/>\n<meta name=\"twitter:card\" content=\"summary_large_image\" \/>\n<meta name=\"twitter:label1\" content=\"\u0648\u0642\u062a \u0627\u0644\u0642\u0631\u0627\u0621\u0629 \u0627\u0644\u0645\u064f\u0642\u062f\u0651\u0631\" \/>\n\t<meta name=\"twitter:data1\" content=\"\u062f\u0642\u064a\u0642\u0629 \u0648\u0627\u062d\u062f\u0629\" \/>\n<script type=\"application\/ld+json\" class=\"yoast-schema-graph\">{\"@context\":\"https:\\\/\\\/schema.org\",\"@graph\":[{\"@type\":[\"WebPage\",\"ItemPage\"],\"@id\":\"https:\\\/\\\/vitablanca.ma\\\/produit\\\/gum-proxabrush-bi-direction-interdentaires-07mm-2114\\\/\",\"url\":\"https:\\\/\\\/vitablanca.ma\\\/produit\\\/gum-proxabrush-bi-direction-interdentaires-07mm-2114\\\/\",\"name\":\"Gum PROXABRUSH BI-DIRECTION Interdentaires 0,7mm (2114) - Maroc Prix\",\"isPartOf\":{\"@id\":\"https:\\\/\\\/vitablanca.ma\\\/#website\"},\"primaryImageOfPage\":{\"@id\":\"https:\\\/\\\/vitablanca.ma\\\/produit\\\/gum-proxabrush-bi-direction-interdentaires-07mm-2114\\\/#primaryimage\"},\"image\":{\"@id\":\"https:\\\/\\\/vitablanca.ma\\\/produit\\\/gum-proxabrush-bi-direction-interdentaires-07mm-2114\\\/#primaryimage\"},\"thumbnailUrl\":\"https:\\\/\\\/vitablanca.ma\\\/wp-content\\\/uploads\\\/2025\\\/06\\\/Gum-PROXABRUSH-BI-DIRECTION-Interdentaires-0_7mm-_2114_-nova-parapharmacie-maroc.png\",\"datePublished\":\"2025-06-10T17:49:41+00:00\",\"description\":\"Gum PROXABRUSH BI-DIRECTION Interdentaires 0,7mm (2114)\",\"breadcrumb\":{\"@id\":\"https:\\\/\\\/vitablanca.ma\\\/produit\\\/gum-proxabrush-bi-direction-interdentaires-07mm-2114\\\/#breadcrumb\"},\"inLanguage\":\"ar\",\"potentialAction\":[{\"@type\":\"ReadAction\",\"target\":[\"https:\\\/\\\/vitablanca.ma\\\/produit\\\/gum-proxabrush-bi-direction-interdentaires-07mm-2114\\\/\"]}]},{\"@type\":\"ImageObject\",\"inLanguage\":\"ar\",\"@id\":\"https:\\\/\\\/vitablanca.ma\\\/produit\\\/gum-proxabrush-bi-direction-interdentaires-07mm-2114\\\/#primaryimage\",\"url\":\"https:\\\/\\\/vitablanca.ma\\\/wp-content\\\/uploads\\\/2025\\\/06\\\/Gum-PROXABRUSH-BI-DIRECTION-Interdentaires-0_7mm-_2114_-nova-parapharmacie-maroc.png\",\"contentUrl\":\"https:\\\/\\\/vitablanca.ma\\\/wp-content\\\/uploads\\\/2025\\\/06\\\/Gum-PROXABRUSH-BI-DIRECTION-Interdentaires-0_7mm-_2114_-nova-parapharmacie-maroc.png\",\"width\":1000,\"height\":1000},{\"@type\":\"BreadcrumbList\",\"@id\":\"https:\\\/\\\/vitablanca.ma\\\/produit\\\/gum-proxabrush-bi-direction-interdentaires-07mm-2114\\\/#breadcrumb\",\"itemListElement\":[{\"@type\":\"ListItem\",\"position\":1,\"name\":\"Home\",\"item\":\"https:\\\/\\\/vitablanca.ma\\\/\"},{\"@type\":\"ListItem\",\"position\":2,\"name\":\"Tous Les Produits\",\"item\":\"https:\\\/\\\/vitablanca.ma\\\/tous-les-produits\\\/\"},{\"@type\":\"ListItem\",\"position\":3,\"name\":\"Gum PROXABRUSH BI-DIRECTION Interdentaires 0,7mm (2114)\"}]},{\"@type\":\"WebSite\",\"@id\":\"https:\\\/\\\/vitablanca.ma\\\/#website\",\"url\":\"https:\\\/\\\/vitablanca.ma\\\/\",\"name\":\"VitaBlanca.ma | Compl\u00e9ments alimentaires, sant\u00e9 & beaut\u00e9 au Maroc\",\"description\":\"vendre vitamines et compl\u00e9ments premium des USA &amp; Canada, Nouvelle Z\u00e9lande,Maroc (NOW Foods, Solgar, Manuka). Livraison rapide partout au Maroc.\",\"publisher\":{\"@id\":\"https:\\\/\\\/vitablanca.ma\\\/#organization\"},\"alternateName\":\"VitaBlanca.ma\",\"potentialAction\":[{\"@type\":\"SearchAction\",\"target\":{\"@type\":\"EntryPoint\",\"urlTemplate\":\"https:\\\/\\\/vitablanca.ma\\\/?s={search_term_string}\"},\"query-input\":{\"@type\":\"PropertyValueSpecification\",\"valueRequired\":true,\"valueName\":\"search_term_string\"}}],\"inLanguage\":\"ar\"},{\"@type\":\"Organization\",\"@id\":\"https:\\\/\\\/vitablanca.ma\\\/#organization\",\"name\":\"VitaBlanca\",\"url\":\"https:\\\/\\\/vitablanca.ma\\\/\",\"logo\":{\"@type\":\"ImageObject\",\"inLanguage\":\"ar\",\"@id\":\"https:\\\/\\\/vitablanca.ma\\\/#\\\/schema\\\/logo\\\/image\\\/\",\"url\":\"https:\\\/\\\/vitablanca.ma\\\/wp-content\\\/uploads\\\/2025\\\/05\\\/cropped-vitablanca.png\",\"contentUrl\":\"https:\\\/\\\/vitablanca.ma\\\/wp-content\\\/uploads\\\/2025\\\/05\\\/cropped-vitablanca.png\",\"width\":360,\"height\":67,\"caption\":\"VitaBlanca\"},\"image\":{\"@id\":\"https:\\\/\\\/vitablanca.ma\\\/#\\\/schema\\\/logo\\\/image\\\/\"},\"sameAs\":[\"https:\\\/\\\/www.facebook.com\\\/profile.php?id=61576678196717\",\"https:\\\/\\\/www.tiktok.com\\\/@vitablanca.ma\",\"https:\\\/\\\/www.instagram.com\\\/vitablanca.ma\\\/\"]}]}<\/script>\n<!-- \/ Yoast SEO plugin. -->","yoast_head_json":{"title":"Gum PROXABRUSH BI-DIRECTION Interdentaires 0,7mm (2114) - Maroc Prix","description":"\u0641\u0631\u0634\u0627\u0629 \u0628\u0631\u0648\u0643\u0633\u0627\u0628\u0631\u0627\u0634 \u062b\u0646\u0627\u0626\u064a\u0629 \u0627\u0644\u0627\u062a\u062c\u0627\u0647 \u0644\u062a\u0646\u0638\u064a\u0641 \u0627\u0644\u0623\u0633\u0646\u0627\u0646 \u0628\u064a\u0646 \u0627\u0644\u0623\u0633\u0646\u0627\u0646 0.7 \u0645\u0645 (2114)","robots":{"index":"index","follow":"follow","max-snippet":"max-snippet:-1","max-image-preview":"max-image-preview:large","max-video-preview":"max-video-preview:-1"},"canonical":"https:\/\/vitablanca.ma\/ar\/product-2\/gum-proxabrush-bi-direction-interdentaires-07mm-2114\/","og_locale":"ar_AR","og_type":"article","og_title":"Gum PROXABRUSH BI-DIRECTION Interdentaires 0,7mm (2114) - Maroc Prix","og_description":"Gum PROXABRUSH BI-DIRECTION Interdentaires 0,7mm (2114)","og_url":"https:\/\/vitablanca.ma\/ar\/product-2\/gum-proxabrush-bi-direction-interdentaires-07mm-2114\/","og_site_name":"Vitablanca.ma &ndash; Sant&eacute;, vitalit&eacute; et bien-&ecirc;tre pour tous les Marocains","article_publisher":"https:\/\/www.facebook.com\/profile.php?id=61576678196717","og_image":[{"width":1000,"height":1000,"url":"https:\/\/vitablanca.ma\/wp-content\/uploads\/2025\/06\/Gum-PROXABRUSH-BI-DIRECTION-Interdentaires-0_7mm-_2114_-nova-parapharmacie-maroc.png","type":"image\/png"}],"twitter_card":"summary_large_image","twitter_misc":{"\u0648\u0642\u062a \u0627\u0644\u0642\u0631\u0627\u0621\u0629 \u0627\u0644\u0645\u064f\u0642\u062f\u0651\u0631":"\u062f\u0642\u064a\u0642\u0629 \u0648\u0627\u062d\u062f\u0629"},"schema":{"@context":"https:\/\/schema.org","@graph":[{"@type":["WebPage","ItemPage"],"@id":"https:\/\/vitablanca.ma\/produit\/gum-proxabrush-bi-direction-interdentaires-07mm-2114\/","url":"https:\/\/vitablanca.ma\/produit\/gum-proxabrush-bi-direction-interdentaires-07mm-2114\/","name":"Gum PROXABRUSH BI-DIRECTION Interdentaires 0,7mm (2114) - Maroc Prix","isPartOf":{"@id":"https:\/\/vitablanca.ma\/#website"},"primaryImageOfPage":{"@id":"https:\/\/vitablanca.ma\/produit\/gum-proxabrush-bi-direction-interdentaires-07mm-2114\/#primaryimage"},"image":{"@id":"https:\/\/vitablanca.ma\/produit\/gum-proxabrush-bi-direction-interdentaires-07mm-2114\/#primaryimage"},"thumbnailUrl":"https:\/\/vitablanca.ma\/wp-content\/uploads\/2025\/06\/Gum-PROXABRUSH-BI-DIRECTION-Interdentaires-0_7mm-_2114_-nova-parapharmacie-maroc.png","datePublished":"2025-06-10T17:49:41+00:00","description":"\u0641\u0631\u0634\u0627\u0629 \u0628\u0631\u0648\u0643\u0633\u0627\u0628\u0631\u0627\u0634 \u062b\u0646\u0627\u0626\u064a\u0629 \u0627\u0644\u0627\u062a\u062c\u0627\u0647 \u0644\u062a\u0646\u0638\u064a\u0641 \u0627\u0644\u0623\u0633\u0646\u0627\u0646 \u0628\u064a\u0646 \u0627\u0644\u0623\u0633\u0646\u0627\u0646 0.7 \u0645\u0645 (2114)","breadcrumb":{"@id":"https:\/\/vitablanca.ma\/produit\/gum-proxabrush-bi-direction-interdentaires-07mm-2114\/#breadcrumb"},"inLanguage":"ar","potentialAction":[{"@type":"ReadAction","target":["https:\/\/vitablanca.ma\/produit\/gum-proxabrush-bi-direction-interdentaires-07mm-2114\/"]}]},{"@type":"ImageObject","inLanguage":"ar","@id":"https:\/\/vitablanca.ma\/produit\/gum-proxabrush-bi-direction-interdentaires-07mm-2114\/#primaryimage","url":"https:\/\/vitablanca.ma\/wp-content\/uploads\/2025\/06\/Gum-PROXABRUSH-BI-DIRECTION-Interdentaires-0_7mm-_2114_-nova-parapharmacie-maroc.png","contentUrl":"https:\/\/vitablanca.ma\/wp-content\/uploads\/2025\/06\/Gum-PROXABRUSH-BI-DIRECTION-Interdentaires-0_7mm-_2114_-nova-parapharmacie-maroc.png","width":1000,"height":1000},{"@type":"BreadcrumbList","@id":"https:\/\/vitablanca.ma\/produit\/gum-proxabrush-bi-direction-interdentaires-07mm-2114\/#breadcrumb","itemListElement":[{"@type":"ListItem","position":1,"name":"Home","item":"https:\/\/vitablanca.ma\/"},{"@type":"ListItem","position":2,"name":"Tous Les Produits","item":"https:\/\/vitablanca.ma\/tous-les-produits\/"},{"@type":"ListItem","position":3,"name":"Gum PROXABRUSH BI-DIRECTION Interdentaires 0,7mm (2114)"}]},{"@type":"WebSite","@id":"https:\/\/vitablanca.ma\/#website","url":"https:\/\/vitablanca.ma\/","name":"VitaBlanca.ma | \u0627\u0644\u0645\u0643\u0645\u0644\u0627\u062a \u0627\u0644\u063a\u0630\u0627\u0626\u064a\u0629\u060c \u0627\u0644\u0635\u062d\u0629 \u0648\u0627\u0644\u062c\u0645\u0627\u0644 \u0641\u064a \u0627\u0644\u0645\u063a\u0631\u0628","description":"\u0646\u0628\u064a\u0639 \u0641\u064a\u062a\u0627\u0645\u064a\u0646\u0627\u062a \u0648\u0645\u0643\u0645\u0644\u0627\u062a \u063a\u0630\u0627\u0626\u064a\u0629 \u0641\u0627\u062e\u0631\u0629 \u0645\u0646 \u0627\u0644\u0648\u0644\u0627\u064a\u0627\u062a \u0627\u0644\u0645\u062a\u062d\u062f\u0629 \u0627\u0644\u0623\u0645\u0631\u064a\u0643\u064a\u0629 \u0648\u0643\u0646\u062f\u0627 \u0648\u0646\u064a\u0648\u0632\u064a\u0644\u0646\u062f\u0627 \u0648\u0627\u0644\u0645\u063a\u0631\u0628 (\u0646\u0627\u0648 \u0641\u0648\u062f\u0632\u060c \u0633\u0648\u0644\u062c\u0627\u0631\u060c \u0645\u0627\u0646\u0648\u0643\u0627). \u062a\u0648\u0635\u064a\u0644 \u0633\u0631\u064a\u0639 \u0625\u0644\u0649 \u062c\u0645\u064a\u0639 \u0623\u0646\u062d\u0627\u0621 \u0627\u0644\u0645\u063a\u0631\u0628.","publisher":{"@id":"https:\/\/vitablanca.ma\/#organization"},"alternateName":"VitaBlanca.ma","potentialAction":[{"@type":"SearchAction","target":{"@type":"EntryPoint","urlTemplate":"https:\/\/vitablanca.ma\/?s={search_term_string}"},"query-input":{"@type":"PropertyValueSpecification","valueRequired":true,"valueName":"search_term_string"}}],"inLanguage":"ar"},{"@type":"Organization","@id":"https:\/\/vitablanca.ma\/#organization","name":"\u0641\u064a\u062a\u0627\u0628\u0644\u0627\u0646\u0643\u0627","url":"https:\/\/vitablanca.ma\/","logo":{"@type":"ImageObject","inLanguage":"ar","@id":"https:\/\/vitablanca.ma\/#\/schema\/logo\/image\/","url":"https:\/\/vitablanca.ma\/wp-content\/uploads\/2025\/05\/cropped-vitablanca.png","contentUrl":"https:\/\/vitablanca.ma\/wp-content\/uploads\/2025\/05\/cropped-vitablanca.png","width":360,"height":67,"caption":"VitaBlanca"},"image":{"@id":"https:\/\/vitablanca.ma\/#\/schema\/logo\/image\/"},"sameAs":["https:\/\/www.facebook.com\/profile.php?id=61576678196717","https:\/\/www.tiktok.com\/@vitablanca.ma","https:\/\/www.instagram.com\/vitablanca.ma\/"]}]}},"jetpack_sharing_enabled":true,"_links":{"self":[{"href":"https:\/\/vitablanca.ma\/ar\/wp-json\/wp\/v2\/product\/19132","targetHints":{"allow":["GET"]}}],"collection":[{"href":"https:\/\/vitablanca.ma\/ar\/wp-json\/wp\/v2\/product"}],"about":[{"href":"https:\/\/vitablanca.ma\/ar\/wp-json\/wp\/v2\/types\/product"}],"wp:featuredmedia":[{"embeddable":true,"href":"https:\/\/vitablanca.ma\/ar\/wp-json\/wp\/v2\/media\/19104"}],"wp:attachment":[{"href":"https:\/\/vitablanca.ma\/ar\/wp-json\/wp\/v2\/media?parent=19132"}],"wp:term":[{"taxonomy":"product_brand","embeddable":true,"href":"https:\/\/vitablanca.ma\/ar\/wp-json\/wp\/v2\/product_brand?post=19132"},{"taxonomy":"product_cat","embeddable":true,"href":"https:\/\/vitablanca.ma\/ar\/wp-json\/wp\/v2\/product_cat?post=19132"},{"taxonomy":"product_tag","embeddable":true,"href":"https:\/\/vitablanca.ma\/ar\/wp-json\/wp\/v2\/product_tag?post=19132"}],"curies":[{"name":"wp","href":"https:\/\/api.w.org\/{rel}","templated":true}]}}