{"id":19118,"date":"2025-06-10T17:49:03","date_gmt":"2025-06-10T17:49:03","guid":{"rendered":"https:\/\/vitablanca.ma\/product\/isdin-isdinceutics-flavo-c-ultraglican-10-ampoules-2ml\/"},"modified":"2025-06-10T17:49:03","modified_gmt":"2025-06-10T17:49:03","slug":"isdin-isdinceutics-flavo-c-ultraglican-10-ampoules-2ml","status":"publish","type":"product","link":"https:\/\/vitablanca.ma\/ar\/product-2\/isdin-isdinceutics-flavo-c-ultraglican-10-ampoules-2ml\/","title":{"rendered":"ISDIN Isdinceutics Flavo-C Ultraglican 10 Ampoules *2ml"},"content":{"rendered":"<h2>ISDIN Isdinceutics Flavo-C Ultraglican<\/h2>\n<p><strong>Association avanc\u00e9e d\u2019antioxydants et d\u2019hydratants<\/strong><\/p>\n<div class=\"indicaciones-main_info\">\n<p>Solution pour le visage en ampoules contenant une association avanc\u00e9e d\u2019antioxydants et d\u2019hydratants qui agissent sur la perte de fermet\u00e9 et sur les fines lignes d\u2019expression<\/p>\n<h3>\u0641\u0648\u0627\u0626\u062f<\/h3>\n<p>Aide la peau \u00e0 r\u00e9cup\u00e9rer sa luminosit\u00e9, facilite la r\u00e9cup\u00e9ration de l\u2019\u00e9lasticit\u00e9 et pr\u00e9vient les premiers signes de l\u2019\u00e2ge.<\/p>\n<p>La vitamine C aide \u00e0 pr\u00e9venir les effets des rayons UV et stimule la synth\u00e8se du collag\u00e8ne.<\/p>\n<p>Son contenu en Ultraglycanes, combinaison de prot\u00e9oglycanes et de pr\u00e9-prot\u00e9oglycanes, acc\u00e9l\u00e8re la production d\u2019acide hyaluronique et offre une plus grande hydratation \u00e0 la peau<\/p>\n<h3>Mode D\u2019emploi<\/h3>\n<div class=\"zone zone3 field_posologia\">\n<div class=\"zoneContainer\">\n<p>Appliquer chaque matin sur la peau propre et s\u00e8che. Agiter avant l\u2019utilisation. Appliquer \u00bd ampoule sur le visage, le cou et le d\u00e9collet\u00e9 en \u00e9vitant le contour des yeux. Masser l\u00e9g\u00e8rement jusqu\u2019\u00e0 ce que le produit soit compl\u00e8tement absorb\u00e9. Une fois l\u2019ampoule ouverte, nous vous recommandons de l\u2019utiliser end\u00e9ans les 24 heures afin d\u2019en maintenir l\u2019efficacit\u00e9.<\/p>\n<h3>\u062a\u0639\u0628\u064a\u0631<\/h3>\n<div class=\"zone zone4 field_composicion\">\n<div class=\"zoneContainer\">\n<p>\u0641\u064a\u062a\u0627\u0645\u064a\u0646 \u0633\u064a\u00a0<\/p>\n<p>Ultraglycanes<\/p>\n<p>Propylene Glycol, Aqua (Water), Ascorbic Acid, Bis-Hydroxyethoxypropyl Dimethicone, Glycerin, PPG-26-Buteth-26, Tocopherol, PEG-40 Hydrogenated Castor Oil, Parfum (Fragrance), Sodium Benzoate, Hydrogenated Soybean Oil, Butylene Glycol, Potassium Sorbate, Hydrolyzed Hyaluronic Acid, Sodium Hydroxide, Tetradecyl Aminobutyroylvalylaminobutyric Urea Trifluoroacetate, Phenoxyethanol, Soluble Proteoglycan, Magnesium Chloride, Ergothioneine\u00a0<\/p>\n<\/div>\n<\/div>\n<\/div>\n<\/div>\n<\/div>","protected":false},"excerpt":{"rendered":"<p>ISDIN Isdinceutics Flavo-C Ultraglican Association avanc\u00e9e d\u2019antioxydants et d\u2019hydratants Solution pour le visage en ampoules contenant une association avanc\u00e9e d\u2019antioxydants et d\u2019hydratants qui agissent sur la perte de fermet\u00e9 et sur les fines lignes d\u2019expression B\u00e9n\u00e9fices Aide la peau \u00e0 r\u00e9cup\u00e9rer sa luminosit\u00e9, facilite la r\u00e9cup\u00e9ration de l\u2019\u00e9lasticit\u00e9 et pr\u00e9vient les premiers signes de l\u2019\u00e2ge. [&hellip;]<\/p>\n","protected":false},"featured_media":19116,"template":"","meta":{"om_disable_all_campaigns":false},"product_brand":[],"product_cat":[15],"product_tag":[],"class_list":{"0":"post-19118","1":"product","2":"type-product","3":"status-publish","4":"has-post-thumbnail","6":"product_cat-beaute-sante-complements-alimentaires-soins-et-bien-etre-au-meilleur-prix","8":"first","9":"instock","10":"sale","11":"taxable","12":"shipping-taxable","13":"purchasable","14":"product-type-simple"},"yoast_head":"<!-- This site is optimized with the Yoast SEO plugin v27.5 - https:\/\/yoast.com\/product\/yoast-seo-wordpress\/ -->\n<title>ISDIN Isdinceutics Flavo-C Ultraglican 10 Ampoules *2ml - Maroc Prix<\/title>\n<meta name=\"description\" content=\"ISDIN Isdinceutics Flavo-C Ultraglican 10 Ampoules *2ml\" \/>\n<meta name=\"robots\" content=\"index, follow, max-snippet:-1, max-image-preview:large, max-video-preview:-1\" \/>\n<link rel=\"canonical\" href=\"https:\/\/vitablanca.ma\/ar\/product-2\/isdin-isdinceutics-flavo-c-ultraglican-10-ampoules-2ml\/\" \/>\n<meta property=\"og:locale\" content=\"ar_AR\" \/>\n<meta property=\"og:type\" content=\"article\" \/>\n<meta property=\"og:title\" content=\"ISDIN Isdinceutics Flavo-C Ultraglican 10 Ampoules *2ml - Maroc Prix\" \/>\n<meta property=\"og:description\" content=\"ISDIN Isdinceutics Flavo-C Ultraglican 10 Ampoules *2ml\" \/>\n<meta property=\"og:url\" content=\"https:\/\/vitablanca.ma\/ar\/product-2\/isdin-isdinceutics-flavo-c-ultraglican-10-ampoules-2ml\/\" \/>\n<meta property=\"og:site_name\" content=\"Vitablanca.ma &ndash; Sant&eacute;, vitalit&eacute; et bien-&ecirc;tre pour tous les Marocains\" \/>\n<meta property=\"article:publisher\" content=\"https:\/\/www.facebook.com\/profile.php?id=61576678196717\" \/>\n<meta property=\"og:image\" content=\"https:\/\/vitablanca.ma\/wp-content\/uploads\/2025\/06\/ISDIN-Isdinceutics-Flavo-C-Ultraglican-10-Ampoules-2ml-nova-parapharmacie-casablanca.jpg\" \/>\n\t<meta property=\"og:image:width\" content=\"1000\" \/>\n\t<meta property=\"og:image:height\" content=\"1000\" \/>\n\t<meta property=\"og:image:type\" content=\"image\/jpeg\" \/>\n<meta name=\"twitter:card\" content=\"summary_large_image\" \/>\n<meta name=\"twitter:label1\" content=\"\u0648\u0642\u062a \u0627\u0644\u0642\u0631\u0627\u0621\u0629 \u0627\u0644\u0645\u064f\u0642\u062f\u0651\u0631\" \/>\n\t<meta name=\"twitter:data1\" content=\"\u062f\u0642\u064a\u0642\u0629 \u0648\u0627\u062d\u062f\u0629\" \/>\n<script type=\"application\/ld+json\" class=\"yoast-schema-graph\">{\"@context\":\"https:\\\/\\\/schema.org\",\"@graph\":[{\"@type\":[\"WebPage\",\"ItemPage\"],\"@id\":\"https:\\\/\\\/vitablanca.ma\\\/produit\\\/isdin-isdinceutics-flavo-c-ultraglican-10-ampoules-2ml\\\/\",\"url\":\"https:\\\/\\\/vitablanca.ma\\\/produit\\\/isdin-isdinceutics-flavo-c-ultraglican-10-ampoules-2ml\\\/\",\"name\":\"ISDIN Isdinceutics Flavo-C Ultraglican 10 Ampoules *2ml - Maroc Prix\",\"isPartOf\":{\"@id\":\"https:\\\/\\\/vitablanca.ma\\\/#website\"},\"primaryImageOfPage\":{\"@id\":\"https:\\\/\\\/vitablanca.ma\\\/produit\\\/isdin-isdinceutics-flavo-c-ultraglican-10-ampoules-2ml\\\/#primaryimage\"},\"image\":{\"@id\":\"https:\\\/\\\/vitablanca.ma\\\/produit\\\/isdin-isdinceutics-flavo-c-ultraglican-10-ampoules-2ml\\\/#primaryimage\"},\"thumbnailUrl\":\"https:\\\/\\\/vitablanca.ma\\\/wp-content\\\/uploads\\\/2025\\\/06\\\/ISDIN-Isdinceutics-Flavo-C-Ultraglican-10-Ampoules-2ml-nova-parapharmacie-casablanca.jpg\",\"datePublished\":\"2025-06-10T17:49:03+00:00\",\"description\":\"ISDIN Isdinceutics Flavo-C Ultraglican 10 Ampoules *2ml\",\"breadcrumb\":{\"@id\":\"https:\\\/\\\/vitablanca.ma\\\/produit\\\/isdin-isdinceutics-flavo-c-ultraglican-10-ampoules-2ml\\\/#breadcrumb\"},\"inLanguage\":\"ar\",\"potentialAction\":[{\"@type\":\"ReadAction\",\"target\":[\"https:\\\/\\\/vitablanca.ma\\\/produit\\\/isdin-isdinceutics-flavo-c-ultraglican-10-ampoules-2ml\\\/\"]}]},{\"@type\":\"ImageObject\",\"inLanguage\":\"ar\",\"@id\":\"https:\\\/\\\/vitablanca.ma\\\/produit\\\/isdin-isdinceutics-flavo-c-ultraglican-10-ampoules-2ml\\\/#primaryimage\",\"url\":\"https:\\\/\\\/vitablanca.ma\\\/wp-content\\\/uploads\\\/2025\\\/06\\\/ISDIN-Isdinceutics-Flavo-C-Ultraglican-10-Ampoules-2ml-nova-parapharmacie-casablanca.jpg\",\"contentUrl\":\"https:\\\/\\\/vitablanca.ma\\\/wp-content\\\/uploads\\\/2025\\\/06\\\/ISDIN-Isdinceutics-Flavo-C-Ultraglican-10-Ampoules-2ml-nova-parapharmacie-casablanca.jpg\",\"width\":1000,\"height\":1000},{\"@type\":\"BreadcrumbList\",\"@id\":\"https:\\\/\\\/vitablanca.ma\\\/produit\\\/isdin-isdinceutics-flavo-c-ultraglican-10-ampoules-2ml\\\/#breadcrumb\",\"itemListElement\":[{\"@type\":\"ListItem\",\"position\":1,\"name\":\"Home\",\"item\":\"https:\\\/\\\/vitablanca.ma\\\/\"},{\"@type\":\"ListItem\",\"position\":2,\"name\":\"Tous Les Produits\",\"item\":\"https:\\\/\\\/vitablanca.ma\\\/tous-les-produits\\\/\"},{\"@type\":\"ListItem\",\"position\":3,\"name\":\"ISDIN Isdinceutics Flavo-C Ultraglican 10 Ampoules *2ml\"}]},{\"@type\":\"WebSite\",\"@id\":\"https:\\\/\\\/vitablanca.ma\\\/#website\",\"url\":\"https:\\\/\\\/vitablanca.ma\\\/\",\"name\":\"VitaBlanca.ma | Compl\u00e9ments alimentaires, sant\u00e9 & beaut\u00e9 au Maroc\",\"description\":\"vendre vitamines et compl\u00e9ments premium des USA &amp; Canada, Nouvelle Z\u00e9lande,Maroc (NOW Foods, Solgar, Manuka). Livraison rapide partout au Maroc.\",\"publisher\":{\"@id\":\"https:\\\/\\\/vitablanca.ma\\\/#organization\"},\"alternateName\":\"VitaBlanca.ma\",\"potentialAction\":[{\"@type\":\"SearchAction\",\"target\":{\"@type\":\"EntryPoint\",\"urlTemplate\":\"https:\\\/\\\/vitablanca.ma\\\/?s={search_term_string}\"},\"query-input\":{\"@type\":\"PropertyValueSpecification\",\"valueRequired\":true,\"valueName\":\"search_term_string\"}}],\"inLanguage\":\"ar\"},{\"@type\":\"Organization\",\"@id\":\"https:\\\/\\\/vitablanca.ma\\\/#organization\",\"name\":\"VitaBlanca\",\"url\":\"https:\\\/\\\/vitablanca.ma\\\/\",\"logo\":{\"@type\":\"ImageObject\",\"inLanguage\":\"ar\",\"@id\":\"https:\\\/\\\/vitablanca.ma\\\/#\\\/schema\\\/logo\\\/image\\\/\",\"url\":\"https:\\\/\\\/vitablanca.ma\\\/wp-content\\\/uploads\\\/2025\\\/05\\\/cropped-vitablanca.png\",\"contentUrl\":\"https:\\\/\\\/vitablanca.ma\\\/wp-content\\\/uploads\\\/2025\\\/05\\\/cropped-vitablanca.png\",\"width\":360,\"height\":67,\"caption\":\"VitaBlanca\"},\"image\":{\"@id\":\"https:\\\/\\\/vitablanca.ma\\\/#\\\/schema\\\/logo\\\/image\\\/\"},\"sameAs\":[\"https:\\\/\\\/www.facebook.com\\\/profile.php?id=61576678196717\",\"https:\\\/\\\/www.tiktok.com\\\/@vitablanca.ma\",\"https:\\\/\\\/www.instagram.com\\\/vitablanca.ma\\\/\"]}]}<\/script>\n<!-- \/ Yoast SEO plugin. -->","yoast_head_json":{"title":"ISDIN Isdinceutics Flavo-C Ultraglican 10 Ampoules *2ml - Maroc Prix","description":"ISDIN Isdinceutics Flavo-C Ultraglican 10 Ampoules *2ml","robots":{"index":"index","follow":"follow","max-snippet":"max-snippet:-1","max-image-preview":"max-image-preview:large","max-video-preview":"max-video-preview:-1"},"canonical":"https:\/\/vitablanca.ma\/ar\/product-2\/isdin-isdinceutics-flavo-c-ultraglican-10-ampoules-2ml\/","og_locale":"ar_AR","og_type":"article","og_title":"ISDIN Isdinceutics Flavo-C Ultraglican 10 Ampoules *2ml - Maroc Prix","og_description":"ISDIN Isdinceutics Flavo-C Ultraglican 10 Ampoules *2ml","og_url":"https:\/\/vitablanca.ma\/ar\/product-2\/isdin-isdinceutics-flavo-c-ultraglican-10-ampoules-2ml\/","og_site_name":"Vitablanca.ma &ndash; Sant&eacute;, vitalit&eacute; et bien-&ecirc;tre pour tous les Marocains","article_publisher":"https:\/\/www.facebook.com\/profile.php?id=61576678196717","og_image":[{"width":1000,"height":1000,"url":"https:\/\/vitablanca.ma\/wp-content\/uploads\/2025\/06\/ISDIN-Isdinceutics-Flavo-C-Ultraglican-10-Ampoules-2ml-nova-parapharmacie-casablanca.jpg","type":"image\/jpeg"}],"twitter_card":"summary_large_image","twitter_misc":{"\u0648\u0642\u062a \u0627\u0644\u0642\u0631\u0627\u0621\u0629 \u0627\u0644\u0645\u064f\u0642\u062f\u0651\u0631":"\u062f\u0642\u064a\u0642\u0629 \u0648\u0627\u062d\u062f\u0629"},"schema":{"@context":"https:\/\/schema.org","@graph":[{"@type":["WebPage","ItemPage"],"@id":"https:\/\/vitablanca.ma\/produit\/isdin-isdinceutics-flavo-c-ultraglican-10-ampoules-2ml\/","url":"https:\/\/vitablanca.ma\/produit\/isdin-isdinceutics-flavo-c-ultraglican-10-ampoules-2ml\/","name":"ISDIN Isdinceutics Flavo-C Ultraglican 10 Ampoules *2ml - Maroc Prix","isPartOf":{"@id":"https:\/\/vitablanca.ma\/#website"},"primaryImageOfPage":{"@id":"https:\/\/vitablanca.ma\/produit\/isdin-isdinceutics-flavo-c-ultraglican-10-ampoules-2ml\/#primaryimage"},"image":{"@id":"https:\/\/vitablanca.ma\/produit\/isdin-isdinceutics-flavo-c-ultraglican-10-ampoules-2ml\/#primaryimage"},"thumbnailUrl":"https:\/\/vitablanca.ma\/wp-content\/uploads\/2025\/06\/ISDIN-Isdinceutics-Flavo-C-Ultraglican-10-Ampoules-2ml-nova-parapharmacie-casablanca.jpg","datePublished":"2025-06-10T17:49:03+00:00","description":"ISDIN Isdinceutics Flavo-C Ultraglican 10 Ampoules *2ml","breadcrumb":{"@id":"https:\/\/vitablanca.ma\/produit\/isdin-isdinceutics-flavo-c-ultraglican-10-ampoules-2ml\/#breadcrumb"},"inLanguage":"ar","potentialAction":[{"@type":"ReadAction","target":["https:\/\/vitablanca.ma\/produit\/isdin-isdinceutics-flavo-c-ultraglican-10-ampoules-2ml\/"]}]},{"@type":"ImageObject","inLanguage":"ar","@id":"https:\/\/vitablanca.ma\/produit\/isdin-isdinceutics-flavo-c-ultraglican-10-ampoules-2ml\/#primaryimage","url":"https:\/\/vitablanca.ma\/wp-content\/uploads\/2025\/06\/ISDIN-Isdinceutics-Flavo-C-Ultraglican-10-Ampoules-2ml-nova-parapharmacie-casablanca.jpg","contentUrl":"https:\/\/vitablanca.ma\/wp-content\/uploads\/2025\/06\/ISDIN-Isdinceutics-Flavo-C-Ultraglican-10-Ampoules-2ml-nova-parapharmacie-casablanca.jpg","width":1000,"height":1000},{"@type":"BreadcrumbList","@id":"https:\/\/vitablanca.ma\/produit\/isdin-isdinceutics-flavo-c-ultraglican-10-ampoules-2ml\/#breadcrumb","itemListElement":[{"@type":"ListItem","position":1,"name":"Home","item":"https:\/\/vitablanca.ma\/"},{"@type":"ListItem","position":2,"name":"Tous Les Produits","item":"https:\/\/vitablanca.ma\/tous-les-produits\/"},{"@type":"ListItem","position":3,"name":"ISDIN Isdinceutics Flavo-C Ultraglican 10 Ampoules *2ml"}]},{"@type":"WebSite","@id":"https:\/\/vitablanca.ma\/#website","url":"https:\/\/vitablanca.ma\/","name":"VitaBlanca.ma | \u0627\u0644\u0645\u0643\u0645\u0644\u0627\u062a \u0627\u0644\u063a\u0630\u0627\u0626\u064a\u0629\u060c \u0627\u0644\u0635\u062d\u0629 \u0648\u0627\u0644\u062c\u0645\u0627\u0644 \u0641\u064a \u0627\u0644\u0645\u063a\u0631\u0628","description":"\u0646\u0628\u064a\u0639 \u0641\u064a\u062a\u0627\u0645\u064a\u0646\u0627\u062a \u0648\u0645\u0643\u0645\u0644\u0627\u062a \u063a\u0630\u0627\u0626\u064a\u0629 \u0641\u0627\u062e\u0631\u0629 \u0645\u0646 \u0627\u0644\u0648\u0644\u0627\u064a\u0627\u062a \u0627\u0644\u0645\u062a\u062d\u062f\u0629 \u0627\u0644\u0623\u0645\u0631\u064a\u0643\u064a\u0629 \u0648\u0643\u0646\u062f\u0627 \u0648\u0646\u064a\u0648\u0632\u064a\u0644\u0646\u062f\u0627 \u0648\u0627\u0644\u0645\u063a\u0631\u0628 (\u0646\u0627\u0648 \u0641\u0648\u062f\u0632\u060c \u0633\u0648\u0644\u062c\u0627\u0631\u060c \u0645\u0627\u0646\u0648\u0643\u0627). \u062a\u0648\u0635\u064a\u0644 \u0633\u0631\u064a\u0639 \u0625\u0644\u0649 \u062c\u0645\u064a\u0639 \u0623\u0646\u062d\u0627\u0621 \u0627\u0644\u0645\u063a\u0631\u0628.","publisher":{"@id":"https:\/\/vitablanca.ma\/#organization"},"alternateName":"VitaBlanca.ma","potentialAction":[{"@type":"SearchAction","target":{"@type":"EntryPoint","urlTemplate":"https:\/\/vitablanca.ma\/?s={search_term_string}"},"query-input":{"@type":"PropertyValueSpecification","valueRequired":true,"valueName":"search_term_string"}}],"inLanguage":"ar"},{"@type":"Organization","@id":"https:\/\/vitablanca.ma\/#organization","name":"\u0641\u064a\u062a\u0627\u0628\u0644\u0627\u0646\u0643\u0627","url":"https:\/\/vitablanca.ma\/","logo":{"@type":"ImageObject","inLanguage":"ar","@id":"https:\/\/vitablanca.ma\/#\/schema\/logo\/image\/","url":"https:\/\/vitablanca.ma\/wp-content\/uploads\/2025\/05\/cropped-vitablanca.png","contentUrl":"https:\/\/vitablanca.ma\/wp-content\/uploads\/2025\/05\/cropped-vitablanca.png","width":360,"height":67,"caption":"VitaBlanca"},"image":{"@id":"https:\/\/vitablanca.ma\/#\/schema\/logo\/image\/"},"sameAs":["https:\/\/www.facebook.com\/profile.php?id=61576678196717","https:\/\/www.tiktok.com\/@vitablanca.ma","https:\/\/www.instagram.com\/vitablanca.ma\/"]}]}},"jetpack_sharing_enabled":true,"_links":{"self":[{"href":"https:\/\/vitablanca.ma\/ar\/wp-json\/wp\/v2\/product\/19118","targetHints":{"allow":["GET"]}}],"collection":[{"href":"https:\/\/vitablanca.ma\/ar\/wp-json\/wp\/v2\/product"}],"about":[{"href":"https:\/\/vitablanca.ma\/ar\/wp-json\/wp\/v2\/types\/product"}],"wp:featuredmedia":[{"embeddable":true,"href":"https:\/\/vitablanca.ma\/ar\/wp-json\/wp\/v2\/media\/19116"}],"wp:attachment":[{"href":"https:\/\/vitablanca.ma\/ar\/wp-json\/wp\/v2\/media?parent=19118"}],"wp:term":[{"taxonomy":"product_brand","embeddable":true,"href":"https:\/\/vitablanca.ma\/ar\/wp-json\/wp\/v2\/product_brand?post=19118"},{"taxonomy":"product_cat","embeddable":true,"href":"https:\/\/vitablanca.ma\/ar\/wp-json\/wp\/v2\/product_cat?post=19118"},{"taxonomy":"product_tag","embeddable":true,"href":"https:\/\/vitablanca.ma\/ar\/wp-json\/wp\/v2\/product_tag?post=19118"}],"curies":[{"name":"wp","href":"https:\/\/api.w.org\/{rel}","templated":true}]}}