{"id":19113,"date":"2025-06-10T17:48:46","date_gmt":"2025-06-10T17:48:46","guid":{"rendered":"https:\/\/vitablanca.ma\/product\/isdin-isdinceutics-night-peel-30-ampoules-x-2ml\/"},"modified":"2025-06-10T17:48:46","modified_gmt":"2025-06-10T17:48:46","slug":"isdin-isdinceutics-night-peel-30-ampoules-x-2ml","status":"publish","type":"product","link":"https:\/\/vitablanca.ma\/ar\/product-2\/isdin-isdinceutics-night-peel-30-ampoules-x-2ml\/","title":{"rendered":"ISDIN Isdinceutics Night Peel 30 Ampoules x 2ml"},"content":{"rendered":"<h2>ISDIN Isdinceutics Night Peel Peeling exfoliant de nuit.<\/h2>\n<div class=\"indicaciones-main_info\">\n<p>Attenue les imperfections, r\u00e9duit les rides et les lignes d\u2019expression. La peau parait rajeunie<\/p>\n<h3><span>\u0641\u0648\u0627\u0626\u062f<\/span><\/h3>\n<p>Chaque ampoule contient de l\u2019acide glycolique (GAc) aux propri\u00e9t\u00e9s exfoliantes, qui aide \u00e0 stimuler la production de collag\u00e8ne de la peau. La combinaison d\u2019acides alpha-hydroxyl\u00e9s (AHA) stimule \u00e9galement l\u2019exfoliation des cellules superficielles de la peau et aide \u00e0 att\u00e9nuer les rides et lignes d\u2019expression. Enfin, la technologie Hydraboost (HB) permet une hydratation en profondeur imm\u00e9diate.<\/p>\n<p><strong>R\u00e9sultat :<\/strong><br \/> la peau est hydrat\u00e9e et rajeunie.\u00a0<\/p>\n<h3>Mode D\u2019emploi<\/h3>\n<div class=\"zone zone3 field_posologia\">\n<div class=\"zoneContainer\">\n<ul>\n<li>Appliquer Night Peel le soir, comme deuxi\u00e8me \u00e9tape de la routine du visage, juste apr\u00e8s le nettoyage. Appliquer chaque soir sur la peau propre et s\u00e8che sur l\u2019ensemble du visage en \u00e9vitant le contour des yeux.\u00a0<\/li>\n<li>Formule douce, adapt\u00e9e \u00e0 un usage quotidien et test\u00e9e sous contr\u00f4le dermatologique.<\/li>\n<li>Pour garantir une efficacit\u00e9 maximale du produit, nous vous conseillons d\u2019utiliser l\u2019ampoule dans les 48h suivant l\u2019ouverture.\u00a0<\/li>\n<li>Night Peel amplifie l\u2019effet d\u00e9pigmentant des ampoules Pigment Expert en renouvellement les couches superficielles de la peau du visage.\u00a0<\/li>\n<\/ul>\n<h3>\u062a\u0639\u0628\u064a\u0631<\/h3>\n<p><strong>Ingr\u00e9dients principaux:\u00a0<br \/><\/strong><\/p>\n<ul>\n<li>Acide Glycolique : Agent exfoliant, favorise la prolif\u00e9ration cellulaire et stimule la production de collag\u00e8ne.\n<\/li>\n<li>Acide tartrique et acide malique : Acides alfa-hydroxyl\u00e9s qui stimulent l\u2019exfoliation des cellules superficielles de la peau.\u00a0<\/li>\n<li>Hydraboost (Saccharide Isomerate) : Offre une hydratation intense.<\/li>\n<\/ul>\n<p>\u00a0<strong>\u0645\u0643\u0648\u0646\u0627\u062a:<\/strong><span>\u00a0<br \/><\/span>Aqua (Water), Saccharide Isomerate, Glycerin, Sodium Lactate, Glycolic Acid, Alcohol Denat., Phenoxyethanol, Sodium Citrate, Sucrose, Urea, Sodium Hydroxide, Ethylhexylglycerin, Disodium EDTA, Malic Acid, Tartaric Acid, Biosaccharide Gum-1, Citric Acid.<\/p>\n<\/div>\n<\/div>\n<\/div>","protected":false},"excerpt":{"rendered":"<p>ISDIN Isdinceutics Night Peel Peeling exfoliant de nuit. Attenue les imperfections, r\u00e9duit les rides et les lignes d\u2019expression. La peau parait rajeunie B\u00e9n\u00e9fices Chaque ampoule contient de l\u2019acide glycolique (GAc) aux propri\u00e9t\u00e9s exfoliantes, qui aide \u00e0 stimuler la production de collag\u00e8ne de la peau. La combinaison d\u2019acides alpha-hydroxyl\u00e9s (AHA) stimule \u00e9galement l\u2019exfoliation des cellules superficielles [&hellip;]<\/p>\n","protected":false},"featured_media":19109,"template":"","meta":{"om_disable_all_campaigns":false},"product_brand":[],"product_cat":[15],"product_tag":[],"class_list":{"0":"post-19113","1":"product","2":"type-product","3":"status-publish","4":"has-post-thumbnail","6":"product_cat-beaute-sante-complements-alimentaires-soins-et-bien-etre-au-meilleur-prix","8":"first","9":"instock","10":"sale","11":"taxable","12":"shipping-taxable","13":"purchasable","14":"product-type-simple"},"yoast_head":"<!-- This site is optimized with the Yoast SEO plugin v27.5 - https:\/\/yoast.com\/product\/yoast-seo-wordpress\/ -->\n<title>ISDIN Isdinceutics Night Peel 30 Ampoules x 2ml - Maroc Prix<\/title>\n<meta name=\"description\" content=\"ISDIN Isdinceutics Night Peel 30 Ampoules x 2ml\" \/>\n<meta name=\"robots\" content=\"index, follow, max-snippet:-1, max-image-preview:large, max-video-preview:-1\" \/>\n<link rel=\"canonical\" href=\"https:\/\/vitablanca.ma\/ar\/product-2\/isdin-isdinceutics-night-peel-30-ampoules-x-2ml\/\" \/>\n<meta property=\"og:locale\" content=\"ar_AR\" \/>\n<meta property=\"og:type\" content=\"article\" \/>\n<meta property=\"og:title\" content=\"ISDIN Isdinceutics Night Peel 30 Ampoules x 2ml - Maroc Prix\" \/>\n<meta property=\"og:description\" content=\"ISDIN Isdinceutics Night Peel 30 Ampoules x 2ml\" \/>\n<meta property=\"og:url\" content=\"https:\/\/vitablanca.ma\/ar\/product-2\/isdin-isdinceutics-night-peel-30-ampoules-x-2ml\/\" \/>\n<meta property=\"og:site_name\" content=\"Vitablanca.ma &ndash; Sant&eacute;, vitalit&eacute; et bien-&ecirc;tre pour tous les Marocains\" \/>\n<meta property=\"article:publisher\" content=\"https:\/\/www.facebook.com\/profile.php?id=61576678196717\" \/>\n<meta property=\"og:image\" content=\"https:\/\/vitablanca.ma\/wp-content\/uploads\/2025\/06\/ISDIN-Isdinceutics-Night-Peel-30-Ampoules-x-2ml-nova-para-maroc.jpg\" \/>\n\t<meta property=\"og:image:width\" content=\"1000\" \/>\n\t<meta property=\"og:image:height\" content=\"1000\" \/>\n\t<meta property=\"og:image:type\" content=\"image\/jpeg\" \/>\n<meta name=\"twitter:card\" content=\"summary_large_image\" \/>\n<meta name=\"twitter:label1\" content=\"\u0648\u0642\u062a \u0627\u0644\u0642\u0631\u0627\u0621\u0629 \u0627\u0644\u0645\u064f\u0642\u062f\u0651\u0631\" \/>\n\t<meta name=\"twitter:data1\" content=\"\u062f\u0642\u064a\u0642\u0629 \u0648\u0627\u062d\u062f\u0629\" \/>\n<script type=\"application\/ld+json\" class=\"yoast-schema-graph\">{\"@context\":\"https:\\\/\\\/schema.org\",\"@graph\":[{\"@type\":[\"WebPage\",\"ItemPage\"],\"@id\":\"https:\\\/\\\/vitablanca.ma\\\/produit\\\/isdin-isdinceutics-night-peel-30-ampoules-x-2ml\\\/\",\"url\":\"https:\\\/\\\/vitablanca.ma\\\/produit\\\/isdin-isdinceutics-night-peel-30-ampoules-x-2ml\\\/\",\"name\":\"ISDIN Isdinceutics Night Peel 30 Ampoules x 2ml - Maroc Prix\",\"isPartOf\":{\"@id\":\"https:\\\/\\\/vitablanca.ma\\\/#website\"},\"primaryImageOfPage\":{\"@id\":\"https:\\\/\\\/vitablanca.ma\\\/produit\\\/isdin-isdinceutics-night-peel-30-ampoules-x-2ml\\\/#primaryimage\"},\"image\":{\"@id\":\"https:\\\/\\\/vitablanca.ma\\\/produit\\\/isdin-isdinceutics-night-peel-30-ampoules-x-2ml\\\/#primaryimage\"},\"thumbnailUrl\":\"https:\\\/\\\/vitablanca.ma\\\/wp-content\\\/uploads\\\/2025\\\/06\\\/ISDIN-Isdinceutics-Night-Peel-30-Ampoules-x-2ml-nova-para-maroc.jpg\",\"datePublished\":\"2025-06-10T17:48:46+00:00\",\"description\":\"ISDIN Isdinceutics Night Peel 30 Ampoules x 2ml\",\"breadcrumb\":{\"@id\":\"https:\\\/\\\/vitablanca.ma\\\/produit\\\/isdin-isdinceutics-night-peel-30-ampoules-x-2ml\\\/#breadcrumb\"},\"inLanguage\":\"ar\",\"potentialAction\":[{\"@type\":\"ReadAction\",\"target\":[\"https:\\\/\\\/vitablanca.ma\\\/produit\\\/isdin-isdinceutics-night-peel-30-ampoules-x-2ml\\\/\"]}]},{\"@type\":\"ImageObject\",\"inLanguage\":\"ar\",\"@id\":\"https:\\\/\\\/vitablanca.ma\\\/produit\\\/isdin-isdinceutics-night-peel-30-ampoules-x-2ml\\\/#primaryimage\",\"url\":\"https:\\\/\\\/vitablanca.ma\\\/wp-content\\\/uploads\\\/2025\\\/06\\\/ISDIN-Isdinceutics-Night-Peel-30-Ampoules-x-2ml-nova-para-maroc.jpg\",\"contentUrl\":\"https:\\\/\\\/vitablanca.ma\\\/wp-content\\\/uploads\\\/2025\\\/06\\\/ISDIN-Isdinceutics-Night-Peel-30-Ampoules-x-2ml-nova-para-maroc.jpg\",\"width\":1000,\"height\":1000},{\"@type\":\"BreadcrumbList\",\"@id\":\"https:\\\/\\\/vitablanca.ma\\\/produit\\\/isdin-isdinceutics-night-peel-30-ampoules-x-2ml\\\/#breadcrumb\",\"itemListElement\":[{\"@type\":\"ListItem\",\"position\":1,\"name\":\"Home\",\"item\":\"https:\\\/\\\/vitablanca.ma\\\/\"},{\"@type\":\"ListItem\",\"position\":2,\"name\":\"Tous Les Produits\",\"item\":\"https:\\\/\\\/vitablanca.ma\\\/tous-les-produits\\\/\"},{\"@type\":\"ListItem\",\"position\":3,\"name\":\"ISDIN Isdinceutics Night Peel 30 Ampoules x 2ml\"}]},{\"@type\":\"WebSite\",\"@id\":\"https:\\\/\\\/vitablanca.ma\\\/#website\",\"url\":\"https:\\\/\\\/vitablanca.ma\\\/\",\"name\":\"VitaBlanca.ma | Compl\u00e9ments alimentaires, sant\u00e9 & beaut\u00e9 au Maroc\",\"description\":\"vendre vitamines et compl\u00e9ments premium des USA &amp; Canada, Nouvelle Z\u00e9lande,Maroc (NOW Foods, Solgar, Manuka). Livraison rapide partout au Maroc.\",\"publisher\":{\"@id\":\"https:\\\/\\\/vitablanca.ma\\\/#organization\"},\"alternateName\":\"VitaBlanca.ma\",\"potentialAction\":[{\"@type\":\"SearchAction\",\"target\":{\"@type\":\"EntryPoint\",\"urlTemplate\":\"https:\\\/\\\/vitablanca.ma\\\/?s={search_term_string}\"},\"query-input\":{\"@type\":\"PropertyValueSpecification\",\"valueRequired\":true,\"valueName\":\"search_term_string\"}}],\"inLanguage\":\"ar\"},{\"@type\":\"Organization\",\"@id\":\"https:\\\/\\\/vitablanca.ma\\\/#organization\",\"name\":\"VitaBlanca\",\"url\":\"https:\\\/\\\/vitablanca.ma\\\/\",\"logo\":{\"@type\":\"ImageObject\",\"inLanguage\":\"ar\",\"@id\":\"https:\\\/\\\/vitablanca.ma\\\/#\\\/schema\\\/logo\\\/image\\\/\",\"url\":\"https:\\\/\\\/vitablanca.ma\\\/wp-content\\\/uploads\\\/2025\\\/05\\\/cropped-vitablanca.png\",\"contentUrl\":\"https:\\\/\\\/vitablanca.ma\\\/wp-content\\\/uploads\\\/2025\\\/05\\\/cropped-vitablanca.png\",\"width\":360,\"height\":67,\"caption\":\"VitaBlanca\"},\"image\":{\"@id\":\"https:\\\/\\\/vitablanca.ma\\\/#\\\/schema\\\/logo\\\/image\\\/\"},\"sameAs\":[\"https:\\\/\\\/www.facebook.com\\\/profile.php?id=61576678196717\",\"https:\\\/\\\/www.tiktok.com\\\/@vitablanca.ma\",\"https:\\\/\\\/www.instagram.com\\\/vitablanca.ma\\\/\"]}]}<\/script>\n<!-- \/ Yoast SEO plugin. -->","yoast_head_json":{"title":"ISDIN Isdinceutics Night Peel 30 Ampoules x 2ml - Maroc Prix","description":"ISDIN Isdinceutics Night Peel 30 Ampoules x 2ml","robots":{"index":"index","follow":"follow","max-snippet":"max-snippet:-1","max-image-preview":"max-image-preview:large","max-video-preview":"max-video-preview:-1"},"canonical":"https:\/\/vitablanca.ma\/ar\/product-2\/isdin-isdinceutics-night-peel-30-ampoules-x-2ml\/","og_locale":"ar_AR","og_type":"article","og_title":"ISDIN Isdinceutics Night Peel 30 Ampoules x 2ml - Maroc Prix","og_description":"ISDIN Isdinceutics Night Peel 30 Ampoules x 2ml","og_url":"https:\/\/vitablanca.ma\/ar\/product-2\/isdin-isdinceutics-night-peel-30-ampoules-x-2ml\/","og_site_name":"Vitablanca.ma &ndash; Sant&eacute;, vitalit&eacute; et bien-&ecirc;tre pour tous les Marocains","article_publisher":"https:\/\/www.facebook.com\/profile.php?id=61576678196717","og_image":[{"width":1000,"height":1000,"url":"https:\/\/vitablanca.ma\/wp-content\/uploads\/2025\/06\/ISDIN-Isdinceutics-Night-Peel-30-Ampoules-x-2ml-nova-para-maroc.jpg","type":"image\/jpeg"}],"twitter_card":"summary_large_image","twitter_misc":{"\u0648\u0642\u062a \u0627\u0644\u0642\u0631\u0627\u0621\u0629 \u0627\u0644\u0645\u064f\u0642\u062f\u0651\u0631":"\u062f\u0642\u064a\u0642\u0629 \u0648\u0627\u062d\u062f\u0629"},"schema":{"@context":"https:\/\/schema.org","@graph":[{"@type":["WebPage","ItemPage"],"@id":"https:\/\/vitablanca.ma\/produit\/isdin-isdinceutics-night-peel-30-ampoules-x-2ml\/","url":"https:\/\/vitablanca.ma\/produit\/isdin-isdinceutics-night-peel-30-ampoules-x-2ml\/","name":"ISDIN Isdinceutics Night Peel 30 Ampoules x 2ml - Maroc Prix","isPartOf":{"@id":"https:\/\/vitablanca.ma\/#website"},"primaryImageOfPage":{"@id":"https:\/\/vitablanca.ma\/produit\/isdin-isdinceutics-night-peel-30-ampoules-x-2ml\/#primaryimage"},"image":{"@id":"https:\/\/vitablanca.ma\/produit\/isdin-isdinceutics-night-peel-30-ampoules-x-2ml\/#primaryimage"},"thumbnailUrl":"https:\/\/vitablanca.ma\/wp-content\/uploads\/2025\/06\/ISDIN-Isdinceutics-Night-Peel-30-Ampoules-x-2ml-nova-para-maroc.jpg","datePublished":"2025-06-10T17:48:46+00:00","description":"ISDIN Isdinceutics Night Peel 30 Ampoules x 2ml","breadcrumb":{"@id":"https:\/\/vitablanca.ma\/produit\/isdin-isdinceutics-night-peel-30-ampoules-x-2ml\/#breadcrumb"},"inLanguage":"ar","potentialAction":[{"@type":"ReadAction","target":["https:\/\/vitablanca.ma\/produit\/isdin-isdinceutics-night-peel-30-ampoules-x-2ml\/"]}]},{"@type":"ImageObject","inLanguage":"ar","@id":"https:\/\/vitablanca.ma\/produit\/isdin-isdinceutics-night-peel-30-ampoules-x-2ml\/#primaryimage","url":"https:\/\/vitablanca.ma\/wp-content\/uploads\/2025\/06\/ISDIN-Isdinceutics-Night-Peel-30-Ampoules-x-2ml-nova-para-maroc.jpg","contentUrl":"https:\/\/vitablanca.ma\/wp-content\/uploads\/2025\/06\/ISDIN-Isdinceutics-Night-Peel-30-Ampoules-x-2ml-nova-para-maroc.jpg","width":1000,"height":1000},{"@type":"BreadcrumbList","@id":"https:\/\/vitablanca.ma\/produit\/isdin-isdinceutics-night-peel-30-ampoules-x-2ml\/#breadcrumb","itemListElement":[{"@type":"ListItem","position":1,"name":"Home","item":"https:\/\/vitablanca.ma\/"},{"@type":"ListItem","position":2,"name":"Tous Les Produits","item":"https:\/\/vitablanca.ma\/tous-les-produits\/"},{"@type":"ListItem","position":3,"name":"ISDIN Isdinceutics Night Peel 30 Ampoules x 2ml"}]},{"@type":"WebSite","@id":"https:\/\/vitablanca.ma\/#website","url":"https:\/\/vitablanca.ma\/","name":"VitaBlanca.ma | \u0627\u0644\u0645\u0643\u0645\u0644\u0627\u062a \u0627\u0644\u063a\u0630\u0627\u0626\u064a\u0629\u060c \u0627\u0644\u0635\u062d\u0629 \u0648\u0627\u0644\u062c\u0645\u0627\u0644 \u0641\u064a \u0627\u0644\u0645\u063a\u0631\u0628","description":"\u0646\u0628\u064a\u0639 \u0641\u064a\u062a\u0627\u0645\u064a\u0646\u0627\u062a \u0648\u0645\u0643\u0645\u0644\u0627\u062a \u063a\u0630\u0627\u0626\u064a\u0629 \u0641\u0627\u062e\u0631\u0629 \u0645\u0646 \u0627\u0644\u0648\u0644\u0627\u064a\u0627\u062a \u0627\u0644\u0645\u062a\u062d\u062f\u0629 \u0627\u0644\u0623\u0645\u0631\u064a\u0643\u064a\u0629 \u0648\u0643\u0646\u062f\u0627 \u0648\u0646\u064a\u0648\u0632\u064a\u0644\u0646\u062f\u0627 \u0648\u0627\u0644\u0645\u063a\u0631\u0628 (\u0646\u0627\u0648 \u0641\u0648\u062f\u0632\u060c \u0633\u0648\u0644\u062c\u0627\u0631\u060c \u0645\u0627\u0646\u0648\u0643\u0627). \u062a\u0648\u0635\u064a\u0644 \u0633\u0631\u064a\u0639 \u0625\u0644\u0649 \u062c\u0645\u064a\u0639 \u0623\u0646\u062d\u0627\u0621 \u0627\u0644\u0645\u063a\u0631\u0628.","publisher":{"@id":"https:\/\/vitablanca.ma\/#organization"},"alternateName":"VitaBlanca.ma","potentialAction":[{"@type":"SearchAction","target":{"@type":"EntryPoint","urlTemplate":"https:\/\/vitablanca.ma\/?s={search_term_string}"},"query-input":{"@type":"PropertyValueSpecification","valueRequired":true,"valueName":"search_term_string"}}],"inLanguage":"ar"},{"@type":"Organization","@id":"https:\/\/vitablanca.ma\/#organization","name":"\u0641\u064a\u062a\u0627\u0628\u0644\u0627\u0646\u0643\u0627","url":"https:\/\/vitablanca.ma\/","logo":{"@type":"ImageObject","inLanguage":"ar","@id":"https:\/\/vitablanca.ma\/#\/schema\/logo\/image\/","url":"https:\/\/vitablanca.ma\/wp-content\/uploads\/2025\/05\/cropped-vitablanca.png","contentUrl":"https:\/\/vitablanca.ma\/wp-content\/uploads\/2025\/05\/cropped-vitablanca.png","width":360,"height":67,"caption":"VitaBlanca"},"image":{"@id":"https:\/\/vitablanca.ma\/#\/schema\/logo\/image\/"},"sameAs":["https:\/\/www.facebook.com\/profile.php?id=61576678196717","https:\/\/www.tiktok.com\/@vitablanca.ma","https:\/\/www.instagram.com\/vitablanca.ma\/"]}]}},"jetpack_sharing_enabled":true,"_links":{"self":[{"href":"https:\/\/vitablanca.ma\/ar\/wp-json\/wp\/v2\/product\/19113","targetHints":{"allow":["GET"]}}],"collection":[{"href":"https:\/\/vitablanca.ma\/ar\/wp-json\/wp\/v2\/product"}],"about":[{"href":"https:\/\/vitablanca.ma\/ar\/wp-json\/wp\/v2\/types\/product"}],"wp:featuredmedia":[{"embeddable":true,"href":"https:\/\/vitablanca.ma\/ar\/wp-json\/wp\/v2\/media\/19109"}],"wp:attachment":[{"href":"https:\/\/vitablanca.ma\/ar\/wp-json\/wp\/v2\/media?parent=19113"}],"wp:term":[{"taxonomy":"product_brand","embeddable":true,"href":"https:\/\/vitablanca.ma\/ar\/wp-json\/wp\/v2\/product_brand?post=19113"},{"taxonomy":"product_cat","embeddable":true,"href":"https:\/\/vitablanca.ma\/ar\/wp-json\/wp\/v2\/product_cat?post=19113"},{"taxonomy":"product_tag","embeddable":true,"href":"https:\/\/vitablanca.ma\/ar\/wp-json\/wp\/v2\/product_tag?post=19113"}],"curies":[{"name":"wp","href":"https:\/\/api.w.org\/{rel}","templated":true}]}}