{"id":19108,"date":"2025-06-10T17:48:32","date_gmt":"2025-06-10T17:48:32","guid":{"rendered":"https:\/\/vitablanca.ma\/product\/isdin-isdinceutics-pigment-expert-30-ampoules\/"},"modified":"2025-06-10T17:48:32","modified_gmt":"2025-06-10T17:48:32","slug":"isdin-isdinceutics-pigment-expert-30-ampoules","status":"publish","type":"product","link":"https:\/\/vitablanca.ma\/ar\/product-2\/isdin-isdinceutics-pigment-expert-30-ampoules\/","title":{"rendered":"ISDIN Isdinceutics Pigment Expert 30 Ampoules"},"content":{"rendered":"<h2 data-mce-fragment=\"1\">ISDIN Isdinceutics Pigment ExpertS\u00e9rum d\u00e9pigmentant correcteur<\/h2>\n<div class=\"indicaciones-main_info\" data-mce-fragment=\"1\">\n<p data-mce-fragment=\"1\">Corrige les imperfections, r\u00e9duit la taille et le nombre des taches. La peau est plus lumineuse.<\/p>\n<h3 data-mce-fragment=\"1\"><span data-mce-fragment=\"1\">\u0641\u0648\u0627\u0626\u062f<\/span><\/h3>\n<p data-mce-fragment=\"1\">Pigment Expert contient une combinaison d\u2019ingr\u00e9dients aux propri\u00e9t\u00e9s d\u00e9pigmentantes (PBlock) qui aident \u00e0 pr\u00e9venir et traiter les taches pigmentaires.<\/p>\n<p data-mce-fragment=\"1\">Le produit agit contre les signes du photo-vieillissement gr\u00e2ce \u00e0 sa teneur en acide glycolique (GAc) qui aide \u00e0 stimuler la production de collag\u00e8ne et en Glycyrrhizate de dipotassium (DpG) qui restaure l\u2019\u00e9lasticit\u00e9 de la peau.\u00a0<\/p>\n<p data-mce-fragment=\"1\"><strong data-mce-fragment=\"1\">R\u00e9sultat<\/strong><span data-mce-fragment=\"1\">\u00a0<\/span>:<br data-mce-fragment=\"1\">un teint uniforme \u00e0 l\u2019aspect rajeuni.\u00a0\u00a0<\/p>\n<h3 data-mce-fragment=\"1\">Mode D\u2019emploi<\/h3>\n<div class=\"zone zone3 field_posologia\" data-mce-fragment=\"1\">\n<div class=\"zoneContainer\" data-mce-fragment=\"1\">\n<p data-mce-fragment=\"1\">Appliquer Pigment Expert le matin comme deuxi\u00e8me \u00e9tape de la routine du visage, juste apr\u00e8s le nettoyage. Appliquer sur la peau propre et s\u00e8che du visage, des mains, du coup et\/ou du d\u00e9collet\u00e9, en \u00e9vitant le contour des yeux, puis continuer avec la routine habituelle.\u00a0<\/p>\n<p data-mce-fragment=\"1\">Pour garantir une efficacit\u00e9 maximale du produit, nous vous conseillons d\u2019utiliser l\u2019ampoule dans les 48h suivant l\u2019ouverture.\u00a0<\/p>\n<h3 data-mce-fragment=\"1\">\u062a\u0639\u0628\u064a\u0631<\/h3>\n<p data-mce-fragment=\"1\"><strong data-mce-fragment=\"1\">Ingr\u00e9dients principaux:\u00a0<\/strong><\/p>\n<ul data-mce-fragment=\"1\">\n<li data-mce-fragment=\"1\">Pigment Block : Combinaison de 4-n-butil resorcinol, acide hydroxy-fenoxo propionique et nicotinamide, aux propri\u00e9t\u00e9s d\u00e9pigmentantes.\u00a0<\/li>\n<li data-mce-fragment=\"1\">Acide Glycolique : Agent exfoliant qui facilite la prolif\u00e9ration cellulaire et stimule la production de collag\u00e8ne.\u00a0<\/li>\n<li data-mce-fragment=\"1\">Glycyrrhizate de dipotassium: Aide \u00e0 pr\u00e9server la teneur en acide hyaluronique de la peau gr\u00e2ce \u00e0 ses propri\u00e9t\u00e9s calmantes.<\/li>\n<\/ul>\n<p data-mce-fragment=\"1\"><strong data-mce-fragment=\"1\">\u0645\u0643\u0648\u0646\u0627\u062a:<\/strong><span data-mce-fragment=\"1\">\u00a0<br data-mce-fragment=\"1\"><\/span>Aqua (Water), Niacinamide, Glycolic Acid, Sodium Hydroxide, Dipotassium Glycyrrhizate, Hydroxyphenoxy Propionic Acid, Phenoxyethanol, 4-Butylresorcinol, Disodium EDTA, Ethylhexylglycerin, Biosaccharide Gum-1, Alcohol Denat., CI 15985 (Yellow 6), CI 19140 (Yellow 5).<\/p>\n<\/div>\n<\/div>\n<\/div>","protected":false},"excerpt":{"rendered":"<p>ISDIN Isdinceutics Pigment ExpertS\u00e9rum d\u00e9pigmentant correcteur Corrige les imperfections, r\u00e9duit la taille et le nombre des taches. La peau est plus lumineuse. B\u00e9n\u00e9fices Pigment Expert contient une combinaison d\u2019ingr\u00e9dients aux propri\u00e9t\u00e9s d\u00e9pigmentantes (PBlock) qui aident \u00e0 pr\u00e9venir et traiter les taches pigmentaires. Le produit agit contre les signes du photo-vieillissement gr\u00e2ce \u00e0 sa teneur en [&hellip;]<\/p>\n","protected":false},"featured_media":19105,"template":"","meta":{"om_disable_all_campaigns":false},"product_brand":[],"product_cat":[15],"product_tag":[],"class_list":{"0":"post-19108","1":"product","2":"type-product","3":"status-publish","4":"has-post-thumbnail","6":"product_cat-beaute-sante-complements-alimentaires-soins-et-bien-etre-au-meilleur-prix","8":"first","9":"instock","10":"sale","11":"taxable","12":"shipping-taxable","13":"purchasable","14":"product-type-simple"},"yoast_head":"<!-- This site is optimized with the Yoast SEO plugin v27.5 - https:\/\/yoast.com\/product\/yoast-seo-wordpress\/ -->\n<title>ISDIN Isdinceutics Pigment Expert 30 Ampoules - Maroc Prix<\/title>\n<meta name=\"description\" content=\"ISDIN Isdinceutics Pigment Expert 30 Ampoules\" \/>\n<meta name=\"robots\" content=\"index, follow, max-snippet:-1, max-image-preview:large, max-video-preview:-1\" \/>\n<link rel=\"canonical\" href=\"https:\/\/vitablanca.ma\/ar\/product-2\/isdin-isdinceutics-pigment-expert-30-ampoules\/\" \/>\n<meta property=\"og:locale\" content=\"ar_AR\" \/>\n<meta property=\"og:type\" content=\"article\" \/>\n<meta property=\"og:title\" content=\"ISDIN Isdinceutics Pigment Expert 30 Ampoules - Maroc Prix\" \/>\n<meta property=\"og:description\" content=\"ISDIN Isdinceutics Pigment Expert 30 Ampoules\" \/>\n<meta property=\"og:url\" content=\"https:\/\/vitablanca.ma\/ar\/product-2\/isdin-isdinceutics-pigment-expert-30-ampoules\/\" \/>\n<meta property=\"og:site_name\" content=\"Vitablanca.ma &ndash; Sant&eacute;, vitalit&eacute; et bien-&ecirc;tre pour tous les Marocains\" \/>\n<meta property=\"article:publisher\" content=\"https:\/\/www.facebook.com\/profile.php?id=61576678196717\" \/>\n<meta property=\"og:image\" content=\"https:\/\/vitablanca.ma\/wp-content\/uploads\/2025\/06\/ISDIN-Isdinceutics-Pigment-Expert-30-Ampoules-x-2ml-nova-para-casablanca.jpg\" \/>\n\t<meta property=\"og:image:width\" content=\"1000\" \/>\n\t<meta property=\"og:image:height\" content=\"1000\" \/>\n\t<meta property=\"og:image:type\" content=\"image\/jpeg\" \/>\n<meta name=\"twitter:card\" content=\"summary_large_image\" \/>\n<meta name=\"twitter:label1\" content=\"\u0648\u0642\u062a \u0627\u0644\u0642\u0631\u0627\u0621\u0629 \u0627\u0644\u0645\u064f\u0642\u062f\u0651\u0631\" \/>\n\t<meta name=\"twitter:data1\" content=\"\u062f\u0642\u064a\u0642\u0629 \u0648\u0627\u062d\u062f\u0629\" \/>\n<script type=\"application\/ld+json\" class=\"yoast-schema-graph\">{\"@context\":\"https:\\\/\\\/schema.org\",\"@graph\":[{\"@type\":[\"WebPage\",\"ItemPage\"],\"@id\":\"https:\\\/\\\/vitablanca.ma\\\/produit\\\/isdin-isdinceutics-pigment-expert-30-ampoules\\\/\",\"url\":\"https:\\\/\\\/vitablanca.ma\\\/produit\\\/isdin-isdinceutics-pigment-expert-30-ampoules\\\/\",\"name\":\"ISDIN Isdinceutics Pigment Expert 30 Ampoules - Maroc Prix\",\"isPartOf\":{\"@id\":\"https:\\\/\\\/vitablanca.ma\\\/#website\"},\"primaryImageOfPage\":{\"@id\":\"https:\\\/\\\/vitablanca.ma\\\/produit\\\/isdin-isdinceutics-pigment-expert-30-ampoules\\\/#primaryimage\"},\"image\":{\"@id\":\"https:\\\/\\\/vitablanca.ma\\\/produit\\\/isdin-isdinceutics-pigment-expert-30-ampoules\\\/#primaryimage\"},\"thumbnailUrl\":\"https:\\\/\\\/vitablanca.ma\\\/wp-content\\\/uploads\\\/2025\\\/06\\\/ISDIN-Isdinceutics-Pigment-Expert-30-Ampoules-x-2ml-nova-para-casablanca.jpg\",\"datePublished\":\"2025-06-10T17:48:32+00:00\",\"description\":\"ISDIN Isdinceutics Pigment Expert 30 Ampoules\",\"breadcrumb\":{\"@id\":\"https:\\\/\\\/vitablanca.ma\\\/produit\\\/isdin-isdinceutics-pigment-expert-30-ampoules\\\/#breadcrumb\"},\"inLanguage\":\"ar\",\"potentialAction\":[{\"@type\":\"ReadAction\",\"target\":[\"https:\\\/\\\/vitablanca.ma\\\/produit\\\/isdin-isdinceutics-pigment-expert-30-ampoules\\\/\"]}]},{\"@type\":\"ImageObject\",\"inLanguage\":\"ar\",\"@id\":\"https:\\\/\\\/vitablanca.ma\\\/produit\\\/isdin-isdinceutics-pigment-expert-30-ampoules\\\/#primaryimage\",\"url\":\"https:\\\/\\\/vitablanca.ma\\\/wp-content\\\/uploads\\\/2025\\\/06\\\/ISDIN-Isdinceutics-Pigment-Expert-30-Ampoules-x-2ml-nova-para-casablanca.jpg\",\"contentUrl\":\"https:\\\/\\\/vitablanca.ma\\\/wp-content\\\/uploads\\\/2025\\\/06\\\/ISDIN-Isdinceutics-Pigment-Expert-30-Ampoules-x-2ml-nova-para-casablanca.jpg\",\"width\":1000,\"height\":1000},{\"@type\":\"BreadcrumbList\",\"@id\":\"https:\\\/\\\/vitablanca.ma\\\/produit\\\/isdin-isdinceutics-pigment-expert-30-ampoules\\\/#breadcrumb\",\"itemListElement\":[{\"@type\":\"ListItem\",\"position\":1,\"name\":\"Home\",\"item\":\"https:\\\/\\\/vitablanca.ma\\\/\"},{\"@type\":\"ListItem\",\"position\":2,\"name\":\"Tous Les Produits\",\"item\":\"https:\\\/\\\/vitablanca.ma\\\/tous-les-produits\\\/\"},{\"@type\":\"ListItem\",\"position\":3,\"name\":\"ISDIN Isdinceutics Pigment Expert 30 Ampoules\"}]},{\"@type\":\"WebSite\",\"@id\":\"https:\\\/\\\/vitablanca.ma\\\/#website\",\"url\":\"https:\\\/\\\/vitablanca.ma\\\/\",\"name\":\"VitaBlanca.ma | Compl\u00e9ments alimentaires, sant\u00e9 & beaut\u00e9 au Maroc\",\"description\":\"vendre vitamines et compl\u00e9ments premium des USA &amp; Canada, Nouvelle Z\u00e9lande,Maroc (NOW Foods, Solgar, Manuka). Livraison rapide partout au Maroc.\",\"publisher\":{\"@id\":\"https:\\\/\\\/vitablanca.ma\\\/#organization\"},\"alternateName\":\"VitaBlanca.ma\",\"potentialAction\":[{\"@type\":\"SearchAction\",\"target\":{\"@type\":\"EntryPoint\",\"urlTemplate\":\"https:\\\/\\\/vitablanca.ma\\\/?s={search_term_string}\"},\"query-input\":{\"@type\":\"PropertyValueSpecification\",\"valueRequired\":true,\"valueName\":\"search_term_string\"}}],\"inLanguage\":\"ar\"},{\"@type\":\"Organization\",\"@id\":\"https:\\\/\\\/vitablanca.ma\\\/#organization\",\"name\":\"VitaBlanca\",\"url\":\"https:\\\/\\\/vitablanca.ma\\\/\",\"logo\":{\"@type\":\"ImageObject\",\"inLanguage\":\"ar\",\"@id\":\"https:\\\/\\\/vitablanca.ma\\\/#\\\/schema\\\/logo\\\/image\\\/\",\"url\":\"https:\\\/\\\/vitablanca.ma\\\/wp-content\\\/uploads\\\/2025\\\/05\\\/cropped-vitablanca.png\",\"contentUrl\":\"https:\\\/\\\/vitablanca.ma\\\/wp-content\\\/uploads\\\/2025\\\/05\\\/cropped-vitablanca.png\",\"width\":360,\"height\":67,\"caption\":\"VitaBlanca\"},\"image\":{\"@id\":\"https:\\\/\\\/vitablanca.ma\\\/#\\\/schema\\\/logo\\\/image\\\/\"},\"sameAs\":[\"https:\\\/\\\/www.facebook.com\\\/profile.php?id=61576678196717\",\"https:\\\/\\\/www.tiktok.com\\\/@vitablanca.ma\",\"https:\\\/\\\/www.instagram.com\\\/vitablanca.ma\\\/\"]}]}<\/script>\n<!-- \/ Yoast SEO plugin. -->","yoast_head_json":{"title":"ISDIN Isdinceutics Pigment Expert 30 Ampoules - Maroc Prix","description":"ISDIN Isdinceutics Pigment Expert 30 Ampoules","robots":{"index":"index","follow":"follow","max-snippet":"max-snippet:-1","max-image-preview":"max-image-preview:large","max-video-preview":"max-video-preview:-1"},"canonical":"https:\/\/vitablanca.ma\/ar\/product-2\/isdin-isdinceutics-pigment-expert-30-ampoules\/","og_locale":"ar_AR","og_type":"article","og_title":"ISDIN Isdinceutics Pigment Expert 30 Ampoules - Maroc Prix","og_description":"ISDIN Isdinceutics Pigment Expert 30 Ampoules","og_url":"https:\/\/vitablanca.ma\/ar\/product-2\/isdin-isdinceutics-pigment-expert-30-ampoules\/","og_site_name":"Vitablanca.ma &ndash; Sant&eacute;, vitalit&eacute; et bien-&ecirc;tre pour tous les Marocains","article_publisher":"https:\/\/www.facebook.com\/profile.php?id=61576678196717","og_image":[{"width":1000,"height":1000,"url":"https:\/\/vitablanca.ma\/wp-content\/uploads\/2025\/06\/ISDIN-Isdinceutics-Pigment-Expert-30-Ampoules-x-2ml-nova-para-casablanca.jpg","type":"image\/jpeg"}],"twitter_card":"summary_large_image","twitter_misc":{"\u0648\u0642\u062a \u0627\u0644\u0642\u0631\u0627\u0621\u0629 \u0627\u0644\u0645\u064f\u0642\u062f\u0651\u0631":"\u062f\u0642\u064a\u0642\u0629 \u0648\u0627\u062d\u062f\u0629"},"schema":{"@context":"https:\/\/schema.org","@graph":[{"@type":["WebPage","ItemPage"],"@id":"https:\/\/vitablanca.ma\/produit\/isdin-isdinceutics-pigment-expert-30-ampoules\/","url":"https:\/\/vitablanca.ma\/produit\/isdin-isdinceutics-pigment-expert-30-ampoules\/","name":"ISDIN Isdinceutics Pigment Expert 30 Ampoules - Maroc Prix","isPartOf":{"@id":"https:\/\/vitablanca.ma\/#website"},"primaryImageOfPage":{"@id":"https:\/\/vitablanca.ma\/produit\/isdin-isdinceutics-pigment-expert-30-ampoules\/#primaryimage"},"image":{"@id":"https:\/\/vitablanca.ma\/produit\/isdin-isdinceutics-pigment-expert-30-ampoules\/#primaryimage"},"thumbnailUrl":"https:\/\/vitablanca.ma\/wp-content\/uploads\/2025\/06\/ISDIN-Isdinceutics-Pigment-Expert-30-Ampoules-x-2ml-nova-para-casablanca.jpg","datePublished":"2025-06-10T17:48:32+00:00","description":"ISDIN Isdinceutics Pigment Expert 30 Ampoules","breadcrumb":{"@id":"https:\/\/vitablanca.ma\/produit\/isdin-isdinceutics-pigment-expert-30-ampoules\/#breadcrumb"},"inLanguage":"ar","potentialAction":[{"@type":"ReadAction","target":["https:\/\/vitablanca.ma\/produit\/isdin-isdinceutics-pigment-expert-30-ampoules\/"]}]},{"@type":"ImageObject","inLanguage":"ar","@id":"https:\/\/vitablanca.ma\/produit\/isdin-isdinceutics-pigment-expert-30-ampoules\/#primaryimage","url":"https:\/\/vitablanca.ma\/wp-content\/uploads\/2025\/06\/ISDIN-Isdinceutics-Pigment-Expert-30-Ampoules-x-2ml-nova-para-casablanca.jpg","contentUrl":"https:\/\/vitablanca.ma\/wp-content\/uploads\/2025\/06\/ISDIN-Isdinceutics-Pigment-Expert-30-Ampoules-x-2ml-nova-para-casablanca.jpg","width":1000,"height":1000},{"@type":"BreadcrumbList","@id":"https:\/\/vitablanca.ma\/produit\/isdin-isdinceutics-pigment-expert-30-ampoules\/#breadcrumb","itemListElement":[{"@type":"ListItem","position":1,"name":"Home","item":"https:\/\/vitablanca.ma\/"},{"@type":"ListItem","position":2,"name":"Tous Les Produits","item":"https:\/\/vitablanca.ma\/tous-les-produits\/"},{"@type":"ListItem","position":3,"name":"ISDIN Isdinceutics Pigment Expert 30 Ampoules"}]},{"@type":"WebSite","@id":"https:\/\/vitablanca.ma\/#website","url":"https:\/\/vitablanca.ma\/","name":"VitaBlanca.ma | \u0627\u0644\u0645\u0643\u0645\u0644\u0627\u062a \u0627\u0644\u063a\u0630\u0627\u0626\u064a\u0629\u060c \u0627\u0644\u0635\u062d\u0629 \u0648\u0627\u0644\u062c\u0645\u0627\u0644 \u0641\u064a \u0627\u0644\u0645\u063a\u0631\u0628","description":"\u0646\u0628\u064a\u0639 \u0641\u064a\u062a\u0627\u0645\u064a\u0646\u0627\u062a \u0648\u0645\u0643\u0645\u0644\u0627\u062a \u063a\u0630\u0627\u0626\u064a\u0629 \u0641\u0627\u062e\u0631\u0629 \u0645\u0646 \u0627\u0644\u0648\u0644\u0627\u064a\u0627\u062a \u0627\u0644\u0645\u062a\u062d\u062f\u0629 \u0627\u0644\u0623\u0645\u0631\u064a\u0643\u064a\u0629 \u0648\u0643\u0646\u062f\u0627 \u0648\u0646\u064a\u0648\u0632\u064a\u0644\u0646\u062f\u0627 \u0648\u0627\u0644\u0645\u063a\u0631\u0628 (\u0646\u0627\u0648 \u0641\u0648\u062f\u0632\u060c \u0633\u0648\u0644\u062c\u0627\u0631\u060c \u0645\u0627\u0646\u0648\u0643\u0627). \u062a\u0648\u0635\u064a\u0644 \u0633\u0631\u064a\u0639 \u0625\u0644\u0649 \u062c\u0645\u064a\u0639 \u0623\u0646\u062d\u0627\u0621 \u0627\u0644\u0645\u063a\u0631\u0628.","publisher":{"@id":"https:\/\/vitablanca.ma\/#organization"},"alternateName":"VitaBlanca.ma","potentialAction":[{"@type":"SearchAction","target":{"@type":"EntryPoint","urlTemplate":"https:\/\/vitablanca.ma\/?s={search_term_string}"},"query-input":{"@type":"PropertyValueSpecification","valueRequired":true,"valueName":"search_term_string"}}],"inLanguage":"ar"},{"@type":"Organization","@id":"https:\/\/vitablanca.ma\/#organization","name":"\u0641\u064a\u062a\u0627\u0628\u0644\u0627\u0646\u0643\u0627","url":"https:\/\/vitablanca.ma\/","logo":{"@type":"ImageObject","inLanguage":"ar","@id":"https:\/\/vitablanca.ma\/#\/schema\/logo\/image\/","url":"https:\/\/vitablanca.ma\/wp-content\/uploads\/2025\/05\/cropped-vitablanca.png","contentUrl":"https:\/\/vitablanca.ma\/wp-content\/uploads\/2025\/05\/cropped-vitablanca.png","width":360,"height":67,"caption":"VitaBlanca"},"image":{"@id":"https:\/\/vitablanca.ma\/#\/schema\/logo\/image\/"},"sameAs":["https:\/\/www.facebook.com\/profile.php?id=61576678196717","https:\/\/www.tiktok.com\/@vitablanca.ma","https:\/\/www.instagram.com\/vitablanca.ma\/"]}]}},"jetpack_sharing_enabled":true,"_links":{"self":[{"href":"https:\/\/vitablanca.ma\/ar\/wp-json\/wp\/v2\/product\/19108","targetHints":{"allow":["GET"]}}],"collection":[{"href":"https:\/\/vitablanca.ma\/ar\/wp-json\/wp\/v2\/product"}],"about":[{"href":"https:\/\/vitablanca.ma\/ar\/wp-json\/wp\/v2\/types\/product"}],"wp:featuredmedia":[{"embeddable":true,"href":"https:\/\/vitablanca.ma\/ar\/wp-json\/wp\/v2\/media\/19105"}],"wp:attachment":[{"href":"https:\/\/vitablanca.ma\/ar\/wp-json\/wp\/v2\/media?parent=19108"}],"wp:term":[{"taxonomy":"product_brand","embeddable":true,"href":"https:\/\/vitablanca.ma\/ar\/wp-json\/wp\/v2\/product_brand?post=19108"},{"taxonomy":"product_cat","embeddable":true,"href":"https:\/\/vitablanca.ma\/ar\/wp-json\/wp\/v2\/product_cat?post=19108"},{"taxonomy":"product_tag","embeddable":true,"href":"https:\/\/vitablanca.ma\/ar\/wp-json\/wp\/v2\/product_tag?post=19108"}],"curies":[{"name":"wp","href":"https:\/\/api.w.org\/{rel}","templated":true}]}}