{"id":19097,"date":"2025-06-10T17:48:10","date_gmt":"2025-06-10T17:48:10","guid":{"rendered":"https:\/\/vitablanca.ma\/product\/gph-diffusion-baies-de-goji-250gr\/"},"modified":"2026-01-21T17:07:48","modified_gmt":"2026-01-21T17:07:48","slug":"gph-diffusion-baies-de-goji-250gr","status":"publish","type":"product","link":"https:\/\/vitablanca.ma\/ar\/product-2\/gph-diffusion-baies-de-goji-250gr\/","title":{"rendered":"\u062a\u0648\u062a \u063a\u0648\u062c\u064a \u0645\u0646\u062a\u0634\u0631 250 \u063a\u0631\u0627\u0645"},"content":{"rendered":"<h1>\u062a\u0648\u062a \u063a\u0648\u062c\u064a \u0645\u0646\u062a\u0634\u0631 250 \u063a\u0631\u0627\u0645<\/h1>\n<div class=\"w-post-elm post_content\">\n<p><span><strong>\u0633\u0631 \u0627\u0644\u0634\u0628\u0627\u0628 \u0627\u0644\u062a\u0628\u062a\u064a<\/strong><\/span><\/p>\n<p><span>\u0644\u0642\u062f \u062a\u0645 \u0627\u0633\u062a\u062e\u062f\u0627\u0645 \u062a\u0648\u062a \u063a\u0648\u062c\u064a \u0645\u0646\u0630 \u0622\u0644\u0627\u0641 \u0627\u0644\u0633\u0646\u064a\u0646 \u0628\u0634\u0643\u0644 \u062a\u0642\u0644\u064a\u062f\u064a \u0641\u064a \u0627\u0644\u062a\u0628\u062a \u0644\u062a\u062d\u0633\u064a\u0646 \u0627\u0644\u062d\u0627\u0644\u0629 \u0627\u0644\u0628\u062f\u0646\u064a\u0629 \u0627\u0644\u0639\u0627\u0645\u0629 \u0648\u062a\u0639\u0632\u064a\u0632 \u062f\u0641\u0627\u0639\u0627\u062a \u0627\u0644\u062c\u0633\u0645.<\/span><\/p>\n<p><span>\u062a\u0645\u062a\u0644\u0643 \u062a\u0648\u062a \u063a\u0648\u062c\u064a \u062e\u0635\u0627\u0626\u0635 \u0645\u0636\u0627\u062f\u0629 \u0644\u0644\u0623\u0643\u0633\u062f\u0629 \u0628\u0634\u0643\u0644 \u0645\u0644\u062d\u0648\u0638 \u0648\u062a\u0639\u062a\u0628\u0631 \u0627\u0644\u0641\u0627\u0643\u0647\u0629 \u0627\u0644\u0623\u0643\u062b\u0631 \u0627\u0643\u062a\u0645\u0627\u0644\u0627 \u0648\u062a\u063a\u0630\u064a\u0629 \u0648\u0645\u0636\u0627\u062f\u0629 \u0644\u0644\u0623\u0643\u0633\u062f\u0629 \u0641\u064a \u0627\u0644\u0639\u0627\u0644\u0645.<\/span><\/p>\n<p><span><strong>\u064a\u062d\u062a\u0648\u064a \u062a\u0648\u062a \u063a\u0648\u062c\u064a \u0628\u0634\u0643\u0644 \u0623\u0633\u0627\u0633\u064a \u0639\u0644\u0649:<\/strong><\/span><\/p>\n<p><span>* \u0639\u062f\u064a\u062f\u0627\u062a \u0627\u0644\u0633\u0643\u0627\u0631\u064a\u062f \u0627\u0644\u0641\u0631\u064a\u062f\u0629 \u0645\u062b\u0644 \u0627\u0644\u0631\u0627\u0645\u0646\u0648\u0632\u060c \u0648\u0627\u0644\u0632\u064a\u0644\u0648\u0632\u060c \u0648\u0627\u0644\u0645\u0627\u0646\u0648\u0632\u060c \u0648\u0627\u0644\u0623\u0631\u0627\u0628\u064a\u0646\u0648\u0632\u060c \u0648\u0627\u0644\u062c\u0644\u0627\u0643\u062a\u0648\u0632<\/span><\/p>\n<p><span>* \u0627\u0644\u0643\u0627\u0631\u0648\u062a\u064a\u0646\u0627\u062a \u0628\u0645\u0627 \u0641\u064a \u0630\u0644\u0643 \u0628\u064a\u062a\u0627 \u0643\u0627\u0631\u0648\u062a\u064a\u0646 \u0648\u0644\u0648\u062a\u064a\u0646 \u0648\u0632\u064a\u0627\u0643\u0633\u0627\u0646\u062b\u064a\u0646<\/span><\/p>\n<p><span>* 19 \u062d\u0645\u0636 \u0623\u0645\u064a\u0646\u064a \u0623\u0633\u0627\u0633\u064a \u0648 8 \u0641\u064a\u062a\u0627\u0645\u064a\u0646\u0627\u062a \u0628\u0645\u0627 \u0641\u064a \u0630\u0644\u0643 \u0641\u064a\u062a\u0627\u0645\u064a\u0646\u0627\u062a B1 \u0648 B2 \u0648 B6 \u0648 B12 \u0648\u0641\u064a\u062a\u0627\u0645\u064a\u0646 E \u0648\u0647\u0648 \u0646\u0627\u062f\u0631 \u062c\u062f\u064b\u0627 \u0641\u064a \u0627\u0644\u0641\u0648\u0627\u0643\u0647 \u0648\u0641\u064a\u062a\u0627\u0645\u064a\u0646 C \u0648\u0641\u064a\u062a\u0627\u0645\u064a\u0646 A<\/span><\/p>\n<p><span>* 21 \u0645\u0639\u062f\u0646\u064b\u0627 \u0648\u0639\u0646\u0627\u0635\u0631 \u0623\u062b\u0631\u064a\u0629 \u0628\u0645\u0627 \u0641\u064a \u0630\u0644\u0643 \u0627\u0644\u062c\u0631\u0645\u0627\u0646\u064a\u0648\u0645\u060c \u0648\u0647\u0648 \u0646\u0627\u062f\u0631 \u062c\u062f\u064b\u0627 \u0641\u064a \u0627\u0644\u063a\u0630\u0627\u0621\u060c \u0648\u0627\u0644\u062d\u062f\u064a\u062f\u060c \u0648\u0627\u0644\u0632\u0646\u0643\u060c \u0648\u0627\u0644\u0646\u062d\u0627\u0633\u060c \u0648\u0627\u0644\u0633\u064a\u0644\u064a\u0646\u064a\u0648\u0645\u060c \u0648\u0627\u0644\u0643\u0627\u0644\u0633\u064a\u0648\u0645\u060c \u0648\u0627\u0644\u0641\u0648\u0633\u0641\u0648\u0631\u060c \u0648\u0627\u0644\u0645\u063a\u0646\u064a\u0633\u064a\u0648\u0645.<\/span><\/p>\n<p><span>* \u0623\u0648\u0645\u064a\u063a\u0627 3 \u0646\u0628\u0627\u062a\u064a \u0633\u0647\u0644 \u0627\u0644\u0627\u0645\u062a\u0635\u0627\u0635<\/span><\/p>\n<p><span>* \u0627\u0644\u0623\u0644\u064a\u0627\u0641 \u0627\u0644\u063a\u0630\u0627\u0626\u064a\u0629\u060c \u0628\u064a\u062a\u0627 \u0633\u064a\u0633\u062a\u064a\u0631\u0648\u0644\u060c \u0641\u064a\u0632\u0627\u0644\u064a\u0646\u2026<\/span><\/p>\n<p><span>\u0647\u0630\u0647 \u0627\u0644\u062a\u0631\u0643\u064a\u0628\u0629 \u0627\u0644\u0627\u0633\u062a\u062b\u0646\u0627\u0626\u064a\u0629 \u062a\u062c\u0639\u0644\u0647\u0627 \u062d\u0627\u0644\u0629 \u0641\u0631\u064a\u062f\u0629 \u0645\u0646 \u0646\u0648\u0639\u0647\u0627 \u0644\u0637\u0639\u0627\u0645 \u0645\u0646 \u0639\u0627\u0644\u0645 \u0627\u0644\u0646\u0628\u0627\u062a \u0648\u0627\u0644\u0630\u064a \u064a\u062a\u0645\u062a\u0639 \u0623\u064a\u0636\u064b\u0627 \u0628\u0645\u0630\u0627\u0642 \u0644\u0630\u064a\u0630.<\/span><\/p>\n<h3>\u0637\u0631\u064a\u0642\u0629 \u0627\u0644\u0627\u0633\u062a\u062e\u062f\u0627\u0645:<\/h3>\n<p><span>\u0627\u0644\u062c\u0631\u0639\u0629 \u0627\u0644\u064a\u0648\u0645\u064a\u0629 \u062a\u062a\u0631\u0627\u0648\u062d \u0645\u0627 \u0628\u064a\u0646 20 \u0625\u0644\u0649 30 \u062c\u0631\u0627\u0645\u064b\u0627 (\u062d\u0641\u0646\u0629 \u062c\u064a\u062f\u0629 \u0641\u064a \u0631\u0627\u062d\u0629 \u0627\u0644\u064a\u062f).<\/span><\/p>\n<p><span>\u0644\u0627 \u064a\u0648\u062c\u062f \u0623\u064a \u062e\u0637\u0631 \u0645\u0646 \u062a\u0646\u0627\u0648\u0644 \u062a\u0648\u062a \u063a\u0648\u062c\u064a\u060c \u0641\u0647\u0648 \u0645\u0646\u0627\u0633\u0628 \u0644\u062c\u0645\u064a\u0639 \u0623\u0641\u0631\u0627\u062f \u0627\u0644\u0623\u0633\u0631\u0629\u060c \u0628\u0645\u0627 \u0641\u064a \u0630\u0644\u0643 \u0627\u0644\u0623\u0637\u0641\u0627\u0644.<\/span><\/p>\n<p><span>\u064a\u0645\u0643\u0646 \u062a\u0646\u0627\u0648\u0644\u0647\u0627 \u0643\u0645\u0627 \u0647\u064a \u0623\u0648 \u062e\u0644\u0637\u0647\u0627 \u0645\u0639 \u0627\u0644\u0632\u0628\u0627\u062f\u064a.<\/span><\/p>\n<p><span>\u064a\u0634\u0639\u0631 \u0645\u0639\u0638\u0645 \u0627\u0644\u0623\u0634\u062e\u0627\u0635 \u0628\u0627\u0644\u0641\u0648\u0627\u0626\u062f \u062e\u0644\u0627\u0644 \u0623\u0633\u0628\u0648\u0639 \u0625\u0644\u0649 \u0623\u0633\u0628\u0648\u0639\u064a\u0646.<\/span><\/p>\n<p><span>\u0644\u0644\u062d\u0635\u0648\u0644 \u0639\u0644\u0649 \u0623\u0642\u0635\u0649 \u0642\u062f\u0631 \u0645\u0646 \u0627\u0644\u062a\u0623\u062b\u064a\u0631\u060c \u064a\u0648\u0635\u0649 \u0628\u0627\u0644\u0627\u0633\u062a\u0647\u0644\u0627\u0643 \u0627\u0644\u064a\u0648\u0645\u064a \u0644\u0645\u062f\u0629 \u0634\u0647\u0631\u064a\u0646.<\/span><\/p>\n<\/div>","protected":false},"excerpt":{"rendered":"<p>gph diffusion baies de goji 250gr Le secret de jeunesse tib\u00e9tain Les baies de goji sont utilis\u00e9es depuis des milliers d&rsquo;ann\u00e9es traditionnellement au Tibet pour am\u00e9liorer l&rsquo;\u00e9tat physique en g\u00e9n\u00e9ral et renforcer les d\u00e9fenses de l&rsquo;organisme. La baie de goji poss\u00e8de principalement des propri\u00e9t\u00e9s antioxydantes remarquables et serait consid\u00e9r\u00e9e comme le fruit le plus complet, [&hellip;]<\/p>\n","protected":false},"featured_media":19096,"template":"","meta":{"om_disable_all_campaigns":false},"product_brand":[5979],"product_cat":[18,15,3366],"product_tag":[],"class_list":{"0":"post-19097","1":"product","2":"type-product","3":"status-publish","4":"has-post-thumbnail","6":"product_brand-gph-maroc-prix","7":"product_cat-beaute-sante","8":"product_cat-beaute-sante-complements-alimentaires-soins-et-bien-etre-au-meilleur-prix","9":"product_cat-complements-alimentaires-au-maroc-vitablanca","11":"first","12":"instock","13":"sale","14":"taxable","15":"shipping-taxable","16":"purchasable","17":"product-type-simple"},"yoast_head":"<!-- This site is optimized with the Yoast SEO plugin v27.3 - https:\/\/yoast.com\/product\/yoast-seo-wordpress\/ -->\n<title>gph diffusion baies de goji 250gr - Maroc Prix<\/title>\n<meta name=\"description\" content=\"gph diffusion baies de goji 250gr\" \/>\n<meta name=\"robots\" content=\"index, follow, max-snippet:-1, max-image-preview:large, max-video-preview:-1\" \/>\n<link rel=\"canonical\" href=\"https:\/\/vitablanca.ma\/ar\/product-2\/gph-diffusion-baies-de-goji-250gr\/\" \/>\n<meta property=\"og:locale\" content=\"ar_AR\" \/>\n<meta property=\"og:type\" content=\"article\" \/>\n<meta property=\"og:title\" content=\"gph diffusion baies de goji 250gr - Maroc Prix\" \/>\n<meta property=\"og:description\" content=\"gph diffusion baies de goji 250gr\" \/>\n<meta property=\"og:url\" content=\"https:\/\/vitablanca.ma\/ar\/product-2\/gph-diffusion-baies-de-goji-250gr\/\" \/>\n<meta property=\"og:site_name\" content=\"Vitablanca.ma &ndash; Sant&eacute;, vitalit&eacute; et bien-&ecirc;tre pour tous les Marocains\" \/>\n<meta property=\"article:publisher\" content=\"https:\/\/www.facebook.com\/profile.php?id=61576678196717\" \/>\n<meta property=\"article:modified_time\" content=\"2026-01-21T17:07:48+00:00\" \/>\n<meta property=\"og:image\" content=\"https:\/\/vitablanca.ma\/wp-content\/uploads\/2025\/06\/gph-diffusion-baies-de-goji-250gr.jpg\" \/>\n\t<meta property=\"og:image:width\" content=\"800\" \/>\n\t<meta property=\"og:image:height\" content=\"800\" \/>\n\t<meta property=\"og:image:type\" content=\"image\/jpeg\" \/>\n<meta name=\"twitter:card\" content=\"summary_large_image\" \/>\n<meta name=\"twitter:label1\" content=\"\u0648\u0642\u062a \u0627\u0644\u0642\u0631\u0627\u0621\u0629 \u0627\u0644\u0645\u064f\u0642\u062f\u0651\u0631\" \/>\n\t<meta name=\"twitter:data1\" content=\"\u062f\u0642\u064a\u0642\u0629 \u0648\u0627\u062d\u062f\u0629\" \/>\n<script type=\"application\/ld+json\" class=\"yoast-schema-graph\">{\"@context\":\"https:\\\/\\\/schema.org\",\"@graph\":[{\"@type\":[\"WebPage\",\"ItemPage\"],\"@id\":\"https:\\\/\\\/vitablanca.ma\\\/produit\\\/gph-diffusion-baies-de-goji-250gr\\\/\",\"url\":\"https:\\\/\\\/vitablanca.ma\\\/produit\\\/gph-diffusion-baies-de-goji-250gr\\\/\",\"name\":\"gph diffusion baies de goji 250gr - Maroc Prix\",\"isPartOf\":{\"@id\":\"https:\\\/\\\/vitablanca.ma\\\/#website\"},\"primaryImageOfPage\":{\"@id\":\"https:\\\/\\\/vitablanca.ma\\\/produit\\\/gph-diffusion-baies-de-goji-250gr\\\/#primaryimage\"},\"image\":{\"@id\":\"https:\\\/\\\/vitablanca.ma\\\/produit\\\/gph-diffusion-baies-de-goji-250gr\\\/#primaryimage\"},\"thumbnailUrl\":\"https:\\\/\\\/vitablanca.ma\\\/wp-content\\\/uploads\\\/2025\\\/06\\\/gph-diffusion-baies-de-goji-250gr.jpg\",\"datePublished\":\"2025-06-10T17:48:10+00:00\",\"dateModified\":\"2026-01-21T17:07:48+00:00\",\"description\":\"gph diffusion baies de goji 250gr\",\"breadcrumb\":{\"@id\":\"https:\\\/\\\/vitablanca.ma\\\/produit\\\/gph-diffusion-baies-de-goji-250gr\\\/#breadcrumb\"},\"inLanguage\":\"ar\",\"potentialAction\":[{\"@type\":\"ReadAction\",\"target\":[\"https:\\\/\\\/vitablanca.ma\\\/produit\\\/gph-diffusion-baies-de-goji-250gr\\\/\"]}]},{\"@type\":\"ImageObject\",\"inLanguage\":\"ar\",\"@id\":\"https:\\\/\\\/vitablanca.ma\\\/produit\\\/gph-diffusion-baies-de-goji-250gr\\\/#primaryimage\",\"url\":\"https:\\\/\\\/vitablanca.ma\\\/wp-content\\\/uploads\\\/2025\\\/06\\\/gph-diffusion-baies-de-goji-250gr.jpg\",\"contentUrl\":\"https:\\\/\\\/vitablanca.ma\\\/wp-content\\\/uploads\\\/2025\\\/06\\\/gph-diffusion-baies-de-goji-250gr.jpg\",\"width\":800,\"height\":800},{\"@type\":\"BreadcrumbList\",\"@id\":\"https:\\\/\\\/vitablanca.ma\\\/produit\\\/gph-diffusion-baies-de-goji-250gr\\\/#breadcrumb\",\"itemListElement\":[{\"@type\":\"ListItem\",\"position\":1,\"name\":\"Home\",\"item\":\"https:\\\/\\\/vitablanca.ma\\\/\"},{\"@type\":\"ListItem\",\"position\":2,\"name\":\"Tous Les Produits\",\"item\":\"https:\\\/\\\/vitablanca.ma\\\/tous-les-produits\\\/\"},{\"@type\":\"ListItem\",\"position\":3,\"name\":\"gph diffusion baies de goji 250gr\"}]},{\"@type\":\"WebSite\",\"@id\":\"https:\\\/\\\/vitablanca.ma\\\/#website\",\"url\":\"https:\\\/\\\/vitablanca.ma\\\/\",\"name\":\"VitaBlanca.ma | Compl\u00e9ments alimentaires, sant\u00e9 & beaut\u00e9 au Maroc\",\"description\":\"vendre vitamines et compl\u00e9ments premium des USA &amp; Canada, Nouvelle Z\u00e9lande,Maroc (NOW Foods, Solgar, Manuka). Livraison rapide partout au Maroc.\",\"publisher\":{\"@id\":\"https:\\\/\\\/vitablanca.ma\\\/#organization\"},\"alternateName\":\"VitaBlanca.ma\",\"potentialAction\":[{\"@type\":\"SearchAction\",\"target\":{\"@type\":\"EntryPoint\",\"urlTemplate\":\"https:\\\/\\\/vitablanca.ma\\\/?s={search_term_string}\"},\"query-input\":{\"@type\":\"PropertyValueSpecification\",\"valueRequired\":true,\"valueName\":\"search_term_string\"}}],\"inLanguage\":\"ar\"},{\"@type\":\"Organization\",\"@id\":\"https:\\\/\\\/vitablanca.ma\\\/#organization\",\"name\":\"VitaBlanca\",\"url\":\"https:\\\/\\\/vitablanca.ma\\\/\",\"logo\":{\"@type\":\"ImageObject\",\"inLanguage\":\"ar\",\"@id\":\"https:\\\/\\\/vitablanca.ma\\\/#\\\/schema\\\/logo\\\/image\\\/\",\"url\":\"https:\\\/\\\/vitablanca.ma\\\/wp-content\\\/uploads\\\/2025\\\/05\\\/cropped-vitablanca.png\",\"contentUrl\":\"https:\\\/\\\/vitablanca.ma\\\/wp-content\\\/uploads\\\/2025\\\/05\\\/cropped-vitablanca.png\",\"width\":360,\"height\":67,\"caption\":\"VitaBlanca\"},\"image\":{\"@id\":\"https:\\\/\\\/vitablanca.ma\\\/#\\\/schema\\\/logo\\\/image\\\/\"},\"sameAs\":[\"https:\\\/\\\/www.facebook.com\\\/profile.php?id=61576678196717\",\"https:\\\/\\\/www.tiktok.com\\\/@vitablanca.ma\",\"https:\\\/\\\/www.instagram.com\\\/vitablanca.ma\\\/\"]}]}<\/script>\n<!-- \/ Yoast SEO plugin. -->","yoast_head_json":{"title":"\u062a\u0648\u062a \u063a\u0648\u062c\u064a 250 \u063a\u0631\u0627\u0645 - \u0633\u0639\u0631 \u0627\u0644\u0645\u063a\u0631\u0628","description":"\u062a\u0648\u062a \u063a\u0648\u062c\u064a \u0645\u0646\u062a\u0634\u0631 250 \u063a\u0631\u0627\u0645","robots":{"index":"index","follow":"follow","max-snippet":"max-snippet:-1","max-image-preview":"max-image-preview:large","max-video-preview":"max-video-preview:-1"},"canonical":"https:\/\/vitablanca.ma\/ar\/product-2\/gph-diffusion-baies-de-goji-250gr\/","og_locale":"ar_AR","og_type":"article","og_title":"gph diffusion baies de goji 250gr - Maroc Prix","og_description":"gph diffusion baies de goji 250gr","og_url":"https:\/\/vitablanca.ma\/ar\/product-2\/gph-diffusion-baies-de-goji-250gr\/","og_site_name":"Vitablanca.ma &ndash; Sant&eacute;, vitalit&eacute; et bien-&ecirc;tre pour tous les Marocains","article_publisher":"https:\/\/www.facebook.com\/profile.php?id=61576678196717","article_modified_time":"2026-01-21T17:07:48+00:00","og_image":[{"width":800,"height":800,"url":"https:\/\/vitablanca.ma\/wp-content\/uploads\/2025\/06\/gph-diffusion-baies-de-goji-250gr.jpg","type":"image\/jpeg"}],"twitter_card":"summary_large_image","twitter_misc":{"\u0648\u0642\u062a \u0627\u0644\u0642\u0631\u0627\u0621\u0629 \u0627\u0644\u0645\u064f\u0642\u062f\u0651\u0631":"\u062f\u0642\u064a\u0642\u0629 \u0648\u0627\u062d\u062f\u0629"},"schema":{"@context":"https:\/\/schema.org","@graph":[{"@type":["WebPage","ItemPage"],"@id":"https:\/\/vitablanca.ma\/produit\/gph-diffusion-baies-de-goji-250gr\/","url":"https:\/\/vitablanca.ma\/produit\/gph-diffusion-baies-de-goji-250gr\/","name":"\u062a\u0648\u062a \u063a\u0648\u062c\u064a 250 \u063a\u0631\u0627\u0645 - \u0633\u0639\u0631 \u0627\u0644\u0645\u063a\u0631\u0628","isPartOf":{"@id":"https:\/\/vitablanca.ma\/#website"},"primaryImageOfPage":{"@id":"https:\/\/vitablanca.ma\/produit\/gph-diffusion-baies-de-goji-250gr\/#primaryimage"},"image":{"@id":"https:\/\/vitablanca.ma\/produit\/gph-diffusion-baies-de-goji-250gr\/#primaryimage"},"thumbnailUrl":"https:\/\/vitablanca.ma\/wp-content\/uploads\/2025\/06\/gph-diffusion-baies-de-goji-250gr.jpg","datePublished":"2025-06-10T17:48:10+00:00","dateModified":"2026-01-21T17:07:48+00:00","description":"\u062a\u0648\u062a \u063a\u0648\u062c\u064a \u0645\u0646\u062a\u0634\u0631 250 \u063a\u0631\u0627\u0645","breadcrumb":{"@id":"https:\/\/vitablanca.ma\/produit\/gph-diffusion-baies-de-goji-250gr\/#breadcrumb"},"inLanguage":"ar","potentialAction":[{"@type":"ReadAction","target":["https:\/\/vitablanca.ma\/produit\/gph-diffusion-baies-de-goji-250gr\/"]}]},{"@type":"ImageObject","inLanguage":"ar","@id":"https:\/\/vitablanca.ma\/produit\/gph-diffusion-baies-de-goji-250gr\/#primaryimage","url":"https:\/\/vitablanca.ma\/wp-content\/uploads\/2025\/06\/gph-diffusion-baies-de-goji-250gr.jpg","contentUrl":"https:\/\/vitablanca.ma\/wp-content\/uploads\/2025\/06\/gph-diffusion-baies-de-goji-250gr.jpg","width":800,"height":800},{"@type":"BreadcrumbList","@id":"https:\/\/vitablanca.ma\/produit\/gph-diffusion-baies-de-goji-250gr\/#breadcrumb","itemListElement":[{"@type":"ListItem","position":1,"name":"Home","item":"https:\/\/vitablanca.ma\/"},{"@type":"ListItem","position":2,"name":"Tous Les Produits","item":"https:\/\/vitablanca.ma\/tous-les-produits\/"},{"@type":"ListItem","position":3,"name":"gph diffusion baies de goji 250gr"}]},{"@type":"WebSite","@id":"https:\/\/vitablanca.ma\/#website","url":"https:\/\/vitablanca.ma\/","name":"VitaBlanca.ma | \u0627\u0644\u0645\u0643\u0645\u0644\u0627\u062a \u0627\u0644\u063a\u0630\u0627\u0626\u064a\u0629\u060c \u0627\u0644\u0635\u062d\u0629 \u0648\u0627\u0644\u062c\u0645\u0627\u0644 \u0641\u064a \u0627\u0644\u0645\u063a\u0631\u0628","description":"\u0646\u0628\u064a\u0639 \u0641\u064a\u062a\u0627\u0645\u064a\u0646\u0627\u062a \u0648\u0645\u0643\u0645\u0644\u0627\u062a \u063a\u0630\u0627\u0626\u064a\u0629 \u0641\u0627\u062e\u0631\u0629 \u0645\u0646 \u0627\u0644\u0648\u0644\u0627\u064a\u0627\u062a \u0627\u0644\u0645\u062a\u062d\u062f\u0629 \u0627\u0644\u0623\u0645\u0631\u064a\u0643\u064a\u0629 \u0648\u0643\u0646\u062f\u0627 \u0648\u0646\u064a\u0648\u0632\u064a\u0644\u0646\u062f\u0627 \u0648\u0627\u0644\u0645\u063a\u0631\u0628 (\u0646\u0627\u0648 \u0641\u0648\u062f\u0632\u060c \u0633\u0648\u0644\u062c\u0627\u0631\u060c \u0645\u0627\u0646\u0648\u0643\u0627). \u062a\u0648\u0635\u064a\u0644 \u0633\u0631\u064a\u0639 \u0625\u0644\u0649 \u062c\u0645\u064a\u0639 \u0623\u0646\u062d\u0627\u0621 \u0627\u0644\u0645\u063a\u0631\u0628.","publisher":{"@id":"https:\/\/vitablanca.ma\/#organization"},"alternateName":"VitaBlanca.ma","potentialAction":[{"@type":"SearchAction","target":{"@type":"EntryPoint","urlTemplate":"https:\/\/vitablanca.ma\/?s={search_term_string}"},"query-input":{"@type":"PropertyValueSpecification","valueRequired":true,"valueName":"search_term_string"}}],"inLanguage":"ar"},{"@type":"Organization","@id":"https:\/\/vitablanca.ma\/#organization","name":"\u0641\u064a\u062a\u0627\u0628\u0644\u0627\u0646\u0643\u0627","url":"https:\/\/vitablanca.ma\/","logo":{"@type":"ImageObject","inLanguage":"ar","@id":"https:\/\/vitablanca.ma\/#\/schema\/logo\/image\/","url":"https:\/\/vitablanca.ma\/wp-content\/uploads\/2025\/05\/cropped-vitablanca.png","contentUrl":"https:\/\/vitablanca.ma\/wp-content\/uploads\/2025\/05\/cropped-vitablanca.png","width":360,"height":67,"caption":"VitaBlanca"},"image":{"@id":"https:\/\/vitablanca.ma\/#\/schema\/logo\/image\/"},"sameAs":["https:\/\/www.facebook.com\/profile.php?id=61576678196717","https:\/\/www.tiktok.com\/@vitablanca.ma","https:\/\/www.instagram.com\/vitablanca.ma\/"]}]}},"jetpack_sharing_enabled":true,"_links":{"self":[{"href":"https:\/\/vitablanca.ma\/ar\/wp-json\/wp\/v2\/product\/19097","targetHints":{"allow":["GET"]}}],"collection":[{"href":"https:\/\/vitablanca.ma\/ar\/wp-json\/wp\/v2\/product"}],"about":[{"href":"https:\/\/vitablanca.ma\/ar\/wp-json\/wp\/v2\/types\/product"}],"wp:featuredmedia":[{"embeddable":true,"href":"https:\/\/vitablanca.ma\/ar\/wp-json\/wp\/v2\/media\/19096"}],"wp:attachment":[{"href":"https:\/\/vitablanca.ma\/ar\/wp-json\/wp\/v2\/media?parent=19097"}],"wp:term":[{"taxonomy":"product_brand","embeddable":true,"href":"https:\/\/vitablanca.ma\/ar\/wp-json\/wp\/v2\/product_brand?post=19097"},{"taxonomy":"product_cat","embeddable":true,"href":"https:\/\/vitablanca.ma\/ar\/wp-json\/wp\/v2\/product_cat?post=19097"},{"taxonomy":"product_tag","embeddable":true,"href":"https:\/\/vitablanca.ma\/ar\/wp-json\/wp\/v2\/product_tag?post=19097"}],"curies":[{"name":"wp","href":"https:\/\/api.w.org\/{rel}","templated":true}]}}