{"id":19071,"date":"2025-06-10T17:47:22","date_gmt":"2025-06-10T17:47:22","guid":{"rendered":"https:\/\/vitablanca.ma\/product\/isdin-glicuisdin-8-soft-cream-50g\/"},"modified":"2025-06-10T17:47:22","modified_gmt":"2025-06-10T17:47:22","slug":"isdin-glicuisdin-8-soft-cream-50g","status":"publish","type":"product","link":"https:\/\/vitablanca.ma\/ar\/product-2\/isdin-glicuisdin-8-soft-cream-50g\/","title":{"rendered":"Isdin Glicuisdin 8 Soft Cream 50g"},"content":{"rendered":"<h2>Isdin Glicuisdin 8 Soft Cream<\/h2>\n<p>50g<\/p>\n<p class=\"fs--xlarge text-center text-md-left ff--alt fw-light\"><span>Cr\u00e8me visage exfoliante \u00e0 l&rsquo;acide glycolique<\/span><\/p>\n<h3 class=\"fs--xlarge text-center text-md-left ff--alt fw-light\"><span>\u0648\u0635\u0641:<\/span><\/h3>\n<div class=\"_l-marginb--medium\">\n<p class=\"fs-md--large\"><span>Une cr\u00e8me pour le visage r\u00e9g\u00e9n\u00e9rante con\u00e7ue pour aider \u00e0 affiner le grain de peau et \u00e0 lisser l&rsquo;apparence des ridules.<span>\u00a0<\/span>Sa formule \u00e0 texture l\u00e9g\u00e8re contient 3,2 % d&rsquo;acide glycolique libre pour exfolier activement et favoriser le renouvellement de la peau.<span>\u00a0<\/span>Cr\u00e9\u00e9 avec de l&rsquo;huile de bourrache pour am\u00e9liorer l&rsquo;\u00e9lasticit\u00e9 et l&rsquo;hydratation de la peau.<span>\u00a0<\/span>Profitez de votre teint le plus lumineux \u00e0 ce jour avec Glicoisdin Soft Cream.<\/span><\/p>\n<h3 class=\"title--section text-center d-none d-md-block _l-paddingt--large _l-paddingb--small\"><span>AVANTAGES<\/span><\/h3>\n<div class=\"_m-pdp-wrapper\">\n<div class=\"_l-marginb-md--medium\">\n<div class=\"text-md-center _l-marginx-md--large\">\n<div class=\"row\">\n<div class=\"offset-md-1 col-md-10\">\n<div class=\"_l-paddingb--medium\">\n<p class=\"h3 _l-paddingb--medium\"><strong>R\u00e9v\u00e9lez votre meilleure peau \u00e0 ce jour<\/strong><\/p>\n<div class=\"row\">\n<div class=\"offset-md-2 col-md-8\">\n<p><span>Cette cr\u00e8me visage rajeunissante associe le pouvoir exfoliant de l&rsquo;acide glycolique aux propri\u00e9t\u00e9s hydratantes de l&rsquo;huile de bourrache.<span>\u00a0<\/span>Con\u00e7u pour tous les types de peaux, particuli\u00e8rement s\u00e8ches.<\/span><\/p>\n<h3 class=\"title--section text-center d-none d-md-block _l-paddingt--large _l-paddingb--small\"><span>\u0645\u0643\u0648\u0646\u0627\u062a<\/span><\/h3>\n<div class=\"_m-pdp-wrapper text-md-center\">\n<div class=\"_l-paddingb--small\">\n<p class=\"h3 _l-paddingb-md--xlarge\"><strong>Une formule revitalisante pour les peaux ternes et s\u00e8ches<\/strong><\/p>\n<div class=\"_l-paddingy--medium\">\n<p><span class=\"fw-sbold fs-md--medium _l-paddingb--small d-md-block\"><span>Acide glycolique:<\/span><\/span><span><span>Cet acide alpha-hydroxy naturel mais puissant am\u00e9liore le renouvellement de la peau et \u00e9limine les cellules mortes de la peau.<\/span><\/span><\/p>\n<\/div>\n<div class=\"_l-paddingb--medium\">\n<p><span class=\"fw-sbold fs-md--medium _l-paddingb--small d-md-block\"><span>C\u00e9ramide et huile de bourrache :<\/span><\/span><span><span>Favorise le renouvellement cutan\u00e9 tout en respectant la fonction barri\u00e8re de la peau et en am\u00e9liorant l&rsquo;hydratation, la tonicit\u00e9 et l&rsquo;\u00e9lasticit\u00e9.<\/span><\/span><\/p>\n<\/div>\n<div class=\"_l-paddingb--large\">\n<p><span class=\"fw-sbold fs-md--medium _l-paddingb--small d-md-block\"><span>Vitamine E :<\/span><\/span><span><span>De puissantes propri\u00e9t\u00e9s antioxydantes aident \u00e0 prot\u00e9ger la peau et \u00e0 neutraliser les agresseurs environnementaux.<\/span><\/span><\/p>\n<h3 class=\"title--section text-center d-none d-md-block _l-paddingt--large _l-paddingb--small\"><span>\u0643\u064a\u0641\u064a\u0629 \u0627\u0644\u0627\u0633\u062a\u062e\u062f\u0627\u0645<\/span><\/h3>\n<div class=\"_m-pdp-md-wrapper\">\n<div class=\"text-md-center\">\n<div class=\"_m-pdp-wrapper _l-paddingb--small\">\n<p class=\"h3 _l-paddingb--medium\"><strong>Comment appliquer Glicoidin Cr\u00e8me Douce<\/strong><\/p>\n<div class=\"bordert border-md--none\">\n<div data-scrollspy-block-id=\"attr-section-howtouse\" data-scrollspy-id=\"pdp-attrs\" class=\"js-product-expand-sm js-scrollspy-block _m-pdp-attribute-content _l-paddingy-md--large srcollmt--medium\" id=\"attr-section-howtouse\">\n<div class=\"_m-pdp-md-wrapper\">\n<div class=\"text-md-center\">\n<div class=\"_l-padding--medium _l-padding-md--none\">\n<div class=\"row text-md-center\">\n<div class=\"offset-md-2 col-md-8\">\n<p><b><span>Appliquer le soir<\/span><\/b><span><span>\u00a0<\/span>sur une peau propre et s\u00e8che avec un l\u00e9ger massage jusqu&rsquo;\u00e0 absorption compl\u00e8te.<span>\u00a0<\/span>Pendant la premi\u00e8re semaine d&rsquo;utilisation, appliquer un soir sur deux ;<span>\u00a0<\/span>et tous les soirs les semaines suivantes.<span>\u00a0<\/span>L&rsquo;utilisation n\u00e9cessite l&rsquo;<span>\u00a0<\/span><\/span><b><span>application quotidienne simultan\u00e9e d&rsquo;un \u00e9cran solaire<\/span><\/b><span><span>\u00a0<\/span>sur le visage.<span>\u00a0<\/span>Commencez toujours<span>\u00a0<\/span><\/span><b><span>avec de faibles concentrations d&rsquo;acide glycolique<\/span><\/b><span><span>\u00a0<\/span>et augmentez au fur et \u00e0 mesure que la peau s&rsquo;adapte.<\/span><\/p>\n<\/div>\n<\/div>\n<\/div>\n<\/div>\n<\/div>\n<\/div>\n<\/div>\n<\/div>\n<\/div>\n<\/div>\n<\/div>\n<\/div>\n<\/div>\n<\/div>\n<\/div>\n<\/div>\n<\/div>\n<\/div>\n<\/div>\n<\/div>\n<\/div>\n<\/div>","protected":false},"excerpt":{"rendered":"<p>Isdin Glicuisdin 8 Soft Cream 50g Cr\u00e8me visage exfoliante \u00e0 l&rsquo;acide glycolique Description: Une cr\u00e8me pour le visage r\u00e9g\u00e9n\u00e9rante con\u00e7ue pour aider \u00e0 affiner le grain de peau et \u00e0 lisser l&rsquo;apparence des ridules.\u00a0Sa formule \u00e0 texture l\u00e9g\u00e8re contient 3,2 % d&rsquo;acide glycolique libre pour exfolier activement et favoriser le renouvellement de la peau.\u00a0Cr\u00e9\u00e9 avec [&hellip;]<\/p>\n","protected":false},"featured_media":19068,"template":"","meta":{"om_disable_all_campaigns":false},"product_brand":[],"product_cat":[15],"product_tag":[],"class_list":{"0":"post-19071","1":"product","2":"type-product","3":"status-publish","4":"has-post-thumbnail","6":"product_cat-beaute-sante-complements-alimentaires-soins-et-bien-etre-au-meilleur-prix","8":"first","9":"instock","10":"sale","11":"taxable","12":"shipping-taxable","13":"purchasable","14":"product-type-simple"},"yoast_head":"<!-- This site is optimized with the Yoast SEO plugin v27.3 - https:\/\/yoast.com\/product\/yoast-seo-wordpress\/ -->\n<title>Isdin Glicuisdin 8 Soft Cream 50g - Maroc Prix<\/title>\n<meta name=\"description\" content=\"Isdin Glicuisdin 8 Soft Cream 50g\" \/>\n<meta name=\"robots\" content=\"index, follow, max-snippet:-1, max-image-preview:large, max-video-preview:-1\" \/>\n<link rel=\"canonical\" href=\"https:\/\/vitablanca.ma\/ar\/product-2\/isdin-glicuisdin-8-soft-cream-50g\/\" \/>\n<meta property=\"og:locale\" content=\"ar_AR\" \/>\n<meta property=\"og:type\" content=\"article\" \/>\n<meta property=\"og:title\" content=\"Isdin Glicuisdin 8 Soft Cream 50g - Maroc Prix\" \/>\n<meta property=\"og:description\" content=\"Isdin Glicuisdin 8 Soft Cream 50g\" \/>\n<meta property=\"og:url\" content=\"https:\/\/vitablanca.ma\/ar\/product-2\/isdin-glicuisdin-8-soft-cream-50g\/\" \/>\n<meta property=\"og:site_name\" content=\"Vitablanca.ma &ndash; Sant&eacute;, vitalit&eacute; et bien-&ecirc;tre pour tous les Marocains\" \/>\n<meta property=\"article:publisher\" content=\"https:\/\/www.facebook.com\/profile.php?id=61576678196717\" \/>\n<meta property=\"og:image\" content=\"https:\/\/vitablanca.ma\/wp-content\/uploads\/2025\/06\/Isdin-Glicuisdin-8-Soft-Cream-50g-prix-maroc-parapharmacie-casablanca.jpg\" \/>\n\t<meta property=\"og:image:width\" content=\"1000\" \/>\n\t<meta property=\"og:image:height\" content=\"1000\" \/>\n\t<meta property=\"og:image:type\" content=\"image\/jpeg\" \/>\n<meta name=\"twitter:card\" content=\"summary_large_image\" \/>\n<meta name=\"twitter:label1\" content=\"\u0648\u0642\u062a \u0627\u0644\u0642\u0631\u0627\u0621\u0629 \u0627\u0644\u0645\u064f\u0642\u062f\u0651\u0631\" \/>\n\t<meta name=\"twitter:data1\" content=\"\u062f\u0642\u064a\u0642\u0629 \u0648\u0627\u062d\u062f\u0629\" \/>\n<script type=\"application\/ld+json\" class=\"yoast-schema-graph\">{\"@context\":\"https:\\\/\\\/schema.org\",\"@graph\":[{\"@type\":[\"WebPage\",\"ItemPage\"],\"@id\":\"https:\\\/\\\/vitablanca.ma\\\/produit\\\/isdin-glicuisdin-8-soft-cream-50g\\\/\",\"url\":\"https:\\\/\\\/vitablanca.ma\\\/produit\\\/isdin-glicuisdin-8-soft-cream-50g\\\/\",\"name\":\"Isdin Glicuisdin 8 Soft Cream 50g - Maroc Prix\",\"isPartOf\":{\"@id\":\"https:\\\/\\\/vitablanca.ma\\\/#website\"},\"primaryImageOfPage\":{\"@id\":\"https:\\\/\\\/vitablanca.ma\\\/produit\\\/isdin-glicuisdin-8-soft-cream-50g\\\/#primaryimage\"},\"image\":{\"@id\":\"https:\\\/\\\/vitablanca.ma\\\/produit\\\/isdin-glicuisdin-8-soft-cream-50g\\\/#primaryimage\"},\"thumbnailUrl\":\"https:\\\/\\\/vitablanca.ma\\\/wp-content\\\/uploads\\\/2025\\\/06\\\/Isdin-Glicuisdin-8-Soft-Cream-50g-prix-maroc-parapharmacie-casablanca.jpg\",\"datePublished\":\"2025-06-10T17:47:22+00:00\",\"description\":\"Isdin Glicuisdin 8 Soft Cream 50g\",\"breadcrumb\":{\"@id\":\"https:\\\/\\\/vitablanca.ma\\\/produit\\\/isdin-glicuisdin-8-soft-cream-50g\\\/#breadcrumb\"},\"inLanguage\":\"ar\",\"potentialAction\":[{\"@type\":\"ReadAction\",\"target\":[\"https:\\\/\\\/vitablanca.ma\\\/produit\\\/isdin-glicuisdin-8-soft-cream-50g\\\/\"]}]},{\"@type\":\"ImageObject\",\"inLanguage\":\"ar\",\"@id\":\"https:\\\/\\\/vitablanca.ma\\\/produit\\\/isdin-glicuisdin-8-soft-cream-50g\\\/#primaryimage\",\"url\":\"https:\\\/\\\/vitablanca.ma\\\/wp-content\\\/uploads\\\/2025\\\/06\\\/Isdin-Glicuisdin-8-Soft-Cream-50g-prix-maroc-parapharmacie-casablanca.jpg\",\"contentUrl\":\"https:\\\/\\\/vitablanca.ma\\\/wp-content\\\/uploads\\\/2025\\\/06\\\/Isdin-Glicuisdin-8-Soft-Cream-50g-prix-maroc-parapharmacie-casablanca.jpg\",\"width\":1000,\"height\":1000},{\"@type\":\"BreadcrumbList\",\"@id\":\"https:\\\/\\\/vitablanca.ma\\\/produit\\\/isdin-glicuisdin-8-soft-cream-50g\\\/#breadcrumb\",\"itemListElement\":[{\"@type\":\"ListItem\",\"position\":1,\"name\":\"Home\",\"item\":\"https:\\\/\\\/vitablanca.ma\\\/\"},{\"@type\":\"ListItem\",\"position\":2,\"name\":\"Tous Les Produits\",\"item\":\"https:\\\/\\\/vitablanca.ma\\\/tous-les-produits\\\/\"},{\"@type\":\"ListItem\",\"position\":3,\"name\":\"Isdin Glicuisdin 8 Soft Cream 50g\"}]},{\"@type\":\"WebSite\",\"@id\":\"https:\\\/\\\/vitablanca.ma\\\/#website\",\"url\":\"https:\\\/\\\/vitablanca.ma\\\/\",\"name\":\"VitaBlanca.ma | Compl\u00e9ments alimentaires, sant\u00e9 & beaut\u00e9 au Maroc\",\"description\":\"vendre vitamines et compl\u00e9ments premium des USA &amp; Canada, Nouvelle Z\u00e9lande,Maroc (NOW Foods, Solgar, Manuka). Livraison rapide partout au Maroc.\",\"publisher\":{\"@id\":\"https:\\\/\\\/vitablanca.ma\\\/#organization\"},\"alternateName\":\"VitaBlanca.ma\",\"potentialAction\":[{\"@type\":\"SearchAction\",\"target\":{\"@type\":\"EntryPoint\",\"urlTemplate\":\"https:\\\/\\\/vitablanca.ma\\\/?s={search_term_string}\"},\"query-input\":{\"@type\":\"PropertyValueSpecification\",\"valueRequired\":true,\"valueName\":\"search_term_string\"}}],\"inLanguage\":\"ar\"},{\"@type\":\"Organization\",\"@id\":\"https:\\\/\\\/vitablanca.ma\\\/#organization\",\"name\":\"VitaBlanca\",\"url\":\"https:\\\/\\\/vitablanca.ma\\\/\",\"logo\":{\"@type\":\"ImageObject\",\"inLanguage\":\"ar\",\"@id\":\"https:\\\/\\\/vitablanca.ma\\\/#\\\/schema\\\/logo\\\/image\\\/\",\"url\":\"https:\\\/\\\/vitablanca.ma\\\/wp-content\\\/uploads\\\/2025\\\/05\\\/cropped-vitablanca.png\",\"contentUrl\":\"https:\\\/\\\/vitablanca.ma\\\/wp-content\\\/uploads\\\/2025\\\/05\\\/cropped-vitablanca.png\",\"width\":360,\"height\":67,\"caption\":\"VitaBlanca\"},\"image\":{\"@id\":\"https:\\\/\\\/vitablanca.ma\\\/#\\\/schema\\\/logo\\\/image\\\/\"},\"sameAs\":[\"https:\\\/\\\/www.facebook.com\\\/profile.php?id=61576678196717\",\"https:\\\/\\\/www.tiktok.com\\\/@vitablanca.ma\",\"https:\\\/\\\/www.instagram.com\\\/vitablanca.ma\\\/\"]}]}<\/script>\n<!-- \/ Yoast SEO plugin. -->","yoast_head_json":{"title":"Isdin Glicuisdin 8 Soft Cream 50g - Maroc Prix","description":"Isdin Glicuisdin 8 Soft Cream 50g","robots":{"index":"index","follow":"follow","max-snippet":"max-snippet:-1","max-image-preview":"max-image-preview:large","max-video-preview":"max-video-preview:-1"},"canonical":"https:\/\/vitablanca.ma\/ar\/product-2\/isdin-glicuisdin-8-soft-cream-50g\/","og_locale":"ar_AR","og_type":"article","og_title":"Isdin Glicuisdin 8 Soft Cream 50g - Maroc Prix","og_description":"Isdin Glicuisdin 8 Soft Cream 50g","og_url":"https:\/\/vitablanca.ma\/ar\/product-2\/isdin-glicuisdin-8-soft-cream-50g\/","og_site_name":"Vitablanca.ma &ndash; Sant&eacute;, vitalit&eacute; et bien-&ecirc;tre pour tous les Marocains","article_publisher":"https:\/\/www.facebook.com\/profile.php?id=61576678196717","og_image":[{"width":1000,"height":1000,"url":"https:\/\/vitablanca.ma\/wp-content\/uploads\/2025\/06\/Isdin-Glicuisdin-8-Soft-Cream-50g-prix-maroc-parapharmacie-casablanca.jpg","type":"image\/jpeg"}],"twitter_card":"summary_large_image","twitter_misc":{"\u0648\u0642\u062a \u0627\u0644\u0642\u0631\u0627\u0621\u0629 \u0627\u0644\u0645\u064f\u0642\u062f\u0651\u0631":"\u062f\u0642\u064a\u0642\u0629 \u0648\u0627\u062d\u062f\u0629"},"schema":{"@context":"https:\/\/schema.org","@graph":[{"@type":["WebPage","ItemPage"],"@id":"https:\/\/vitablanca.ma\/produit\/isdin-glicuisdin-8-soft-cream-50g\/","url":"https:\/\/vitablanca.ma\/produit\/isdin-glicuisdin-8-soft-cream-50g\/","name":"Isdin Glicuisdin 8 Soft Cream 50g - Maroc Prix","isPartOf":{"@id":"https:\/\/vitablanca.ma\/#website"},"primaryImageOfPage":{"@id":"https:\/\/vitablanca.ma\/produit\/isdin-glicuisdin-8-soft-cream-50g\/#primaryimage"},"image":{"@id":"https:\/\/vitablanca.ma\/produit\/isdin-glicuisdin-8-soft-cream-50g\/#primaryimage"},"thumbnailUrl":"https:\/\/vitablanca.ma\/wp-content\/uploads\/2025\/06\/Isdin-Glicuisdin-8-Soft-Cream-50g-prix-maroc-parapharmacie-casablanca.jpg","datePublished":"2025-06-10T17:47:22+00:00","description":"Isdin Glicuisdin 8 Soft Cream 50g","breadcrumb":{"@id":"https:\/\/vitablanca.ma\/produit\/isdin-glicuisdin-8-soft-cream-50g\/#breadcrumb"},"inLanguage":"ar","potentialAction":[{"@type":"ReadAction","target":["https:\/\/vitablanca.ma\/produit\/isdin-glicuisdin-8-soft-cream-50g\/"]}]},{"@type":"ImageObject","inLanguage":"ar","@id":"https:\/\/vitablanca.ma\/produit\/isdin-glicuisdin-8-soft-cream-50g\/#primaryimage","url":"https:\/\/vitablanca.ma\/wp-content\/uploads\/2025\/06\/Isdin-Glicuisdin-8-Soft-Cream-50g-prix-maroc-parapharmacie-casablanca.jpg","contentUrl":"https:\/\/vitablanca.ma\/wp-content\/uploads\/2025\/06\/Isdin-Glicuisdin-8-Soft-Cream-50g-prix-maroc-parapharmacie-casablanca.jpg","width":1000,"height":1000},{"@type":"BreadcrumbList","@id":"https:\/\/vitablanca.ma\/produit\/isdin-glicuisdin-8-soft-cream-50g\/#breadcrumb","itemListElement":[{"@type":"ListItem","position":1,"name":"Home","item":"https:\/\/vitablanca.ma\/"},{"@type":"ListItem","position":2,"name":"Tous Les Produits","item":"https:\/\/vitablanca.ma\/tous-les-produits\/"},{"@type":"ListItem","position":3,"name":"Isdin Glicuisdin 8 Soft Cream 50g"}]},{"@type":"WebSite","@id":"https:\/\/vitablanca.ma\/#website","url":"https:\/\/vitablanca.ma\/","name":"VitaBlanca.ma | \u0627\u0644\u0645\u0643\u0645\u0644\u0627\u062a \u0627\u0644\u063a\u0630\u0627\u0626\u064a\u0629\u060c \u0627\u0644\u0635\u062d\u0629 \u0648\u0627\u0644\u062c\u0645\u0627\u0644 \u0641\u064a \u0627\u0644\u0645\u063a\u0631\u0628","description":"\u0646\u0628\u064a\u0639 \u0641\u064a\u062a\u0627\u0645\u064a\u0646\u0627\u062a \u0648\u0645\u0643\u0645\u0644\u0627\u062a \u063a\u0630\u0627\u0626\u064a\u0629 \u0641\u0627\u062e\u0631\u0629 \u0645\u0646 \u0627\u0644\u0648\u0644\u0627\u064a\u0627\u062a \u0627\u0644\u0645\u062a\u062d\u062f\u0629 \u0627\u0644\u0623\u0645\u0631\u064a\u0643\u064a\u0629 \u0648\u0643\u0646\u062f\u0627 \u0648\u0646\u064a\u0648\u0632\u064a\u0644\u0646\u062f\u0627 \u0648\u0627\u0644\u0645\u063a\u0631\u0628 (\u0646\u0627\u0648 \u0641\u0648\u062f\u0632\u060c \u0633\u0648\u0644\u062c\u0627\u0631\u060c \u0645\u0627\u0646\u0648\u0643\u0627). \u062a\u0648\u0635\u064a\u0644 \u0633\u0631\u064a\u0639 \u0625\u0644\u0649 \u062c\u0645\u064a\u0639 \u0623\u0646\u062d\u0627\u0621 \u0627\u0644\u0645\u063a\u0631\u0628.","publisher":{"@id":"https:\/\/vitablanca.ma\/#organization"},"alternateName":"VitaBlanca.ma","potentialAction":[{"@type":"SearchAction","target":{"@type":"EntryPoint","urlTemplate":"https:\/\/vitablanca.ma\/?s={search_term_string}"},"query-input":{"@type":"PropertyValueSpecification","valueRequired":true,"valueName":"search_term_string"}}],"inLanguage":"ar"},{"@type":"Organization","@id":"https:\/\/vitablanca.ma\/#organization","name":"\u0641\u064a\u062a\u0627\u0628\u0644\u0627\u0646\u0643\u0627","url":"https:\/\/vitablanca.ma\/","logo":{"@type":"ImageObject","inLanguage":"ar","@id":"https:\/\/vitablanca.ma\/#\/schema\/logo\/image\/","url":"https:\/\/vitablanca.ma\/wp-content\/uploads\/2025\/05\/cropped-vitablanca.png","contentUrl":"https:\/\/vitablanca.ma\/wp-content\/uploads\/2025\/05\/cropped-vitablanca.png","width":360,"height":67,"caption":"VitaBlanca"},"image":{"@id":"https:\/\/vitablanca.ma\/#\/schema\/logo\/image\/"},"sameAs":["https:\/\/www.facebook.com\/profile.php?id=61576678196717","https:\/\/www.tiktok.com\/@vitablanca.ma","https:\/\/www.instagram.com\/vitablanca.ma\/"]}]}},"jetpack_sharing_enabled":true,"_links":{"self":[{"href":"https:\/\/vitablanca.ma\/ar\/wp-json\/wp\/v2\/product\/19071","targetHints":{"allow":["GET"]}}],"collection":[{"href":"https:\/\/vitablanca.ma\/ar\/wp-json\/wp\/v2\/product"}],"about":[{"href":"https:\/\/vitablanca.ma\/ar\/wp-json\/wp\/v2\/types\/product"}],"wp:featuredmedia":[{"embeddable":true,"href":"https:\/\/vitablanca.ma\/ar\/wp-json\/wp\/v2\/media\/19068"}],"wp:attachment":[{"href":"https:\/\/vitablanca.ma\/ar\/wp-json\/wp\/v2\/media?parent=19071"}],"wp:term":[{"taxonomy":"product_brand","embeddable":true,"href":"https:\/\/vitablanca.ma\/ar\/wp-json\/wp\/v2\/product_brand?post=19071"},{"taxonomy":"product_cat","embeddable":true,"href":"https:\/\/vitablanca.ma\/ar\/wp-json\/wp\/v2\/product_cat?post=19071"},{"taxonomy":"product_tag","embeddable":true,"href":"https:\/\/vitablanca.ma\/ar\/wp-json\/wp\/v2\/product_tag?post=19071"}],"curies":[{"name":"wp","href":"https:\/\/api.w.org\/{rel}","templated":true}]}}