{"id":19033,"date":"2025-06-10T17:46:10","date_gmt":"2025-06-10T17:46:10","guid":{"rendered":"https:\/\/vitablanca.ma\/product\/fotoprotector-isdin-fusion-fluid-mineral-pediatrics-spf50-50ml\/"},"modified":"2025-06-10T17:46:10","modified_gmt":"2025-06-10T17:46:10","slug":"fotoprotector-isdin-fusion-fluid-mineral-pediatrics-spf50-50ml","status":"publish","type":"product","link":"https:\/\/vitablanca.ma\/ar\/product-2\/fotoprotector-isdin-fusion-fluid-mineral-pediatrics-spf50-50ml\/","title":{"rendered":"Fotoprotector ISDIN Fusion Fluid Mineral Pediatrics SPF50+ 50ml"},"content":{"rendered":"<h2>Fotoprotector ISDIN Fusion Fluid Mineral Pediatrics SPF50+<\/h2>\n<p class=\"frase_vendedora\">Photoprotecteur 100% min\u00e9ral sp\u00e9cialement formul\u00e9 pour la peau des b\u00e9b\u00e9s (\u00e0 partir de 6 mois)<\/p>\n<div class=\"indicaciones-main_info\">\n<p>Photoprotecteur fluide aux filtres min\u00e9raux sp\u00e9cialement formul\u00e9 pour la peau fragile des b\u00e9b\u00e9s. Convient aux b\u00e9b\u00e9s \u00e0 partir de 6 mois. Visage et corps. Exposition indirecte au soleil.<\/p>\n<h3>B\u00e9n\u00e9fices<\/h3>\n<ul>\n<li>Haute protection UVB\/UVA SPF50<\/li>\n<li>Protection contre le rayonnement UV indirect<\/li>\n<li>Convient aux b\u00e9b\u00e9s \u00e0 partir de 6 mois<\/li>\n<li>Visage et corps<\/li>\n<li>Filtres 100% min\u00e9raux<\/li>\n<li>Absorption imm\u00e9diate<\/li>\n<li>Tr\u00e8s r\u00e9sistant \u00e0 l\u2019eau. R\u00e9sistant \u00e0 la friction<\/li>\n<li>Test\u00e9 sous contr\u00f4le p\u00e9diatrique et dermatologique<\/li>\n<li>Hypoallerg\u00e9nique<\/li>\n<li>Sea Friendly<\/li>\n<\/ul>\n<h3>Mode D&#8217;emploi<\/h3>\n<div class=\"zone zone3 field_posologia\">\n<div class=\"zoneContainer\">\n<p>Appliquer g\u00e9n\u00e9reusement sur la peau s\u00e8che, 30 minutes avant l\u2019exposition solaire. Renouveler l\u2019application toutes les 2 heures apr\u00e8s avoir transpir\u00e9, nag\u00e9 ou vous \u00eatre essuy\u00e9. Une quantit\u00e9 insuffisante de produit r\u00e9duit l\u2019action protectrice. Ne pas exposer les b\u00e9b\u00e9s et les enfants directement au soleil. Les p\u00e9diatres et les dermatologues recommandent de ne pas exposer les b\u00e9b\u00e9s et les jeunes enfants directement au soleil et de les prot\u00e9ger de fa\u00e7on ad\u00e9quate (v\u00eatements, chapeaux, lunettes de soleil et cr\u00e8mes solaires \u00e0 haut indice SPF). Pour les b\u00e9b\u00e9s, appliquer la cr\u00e8me solaire sur les parties non couvertes (visage et dos des mains) pendant l\u2019exposition indirecte au soleil. Eviter le contact avec les yeux et les muqueuses, ce qui pourrait provoquer une l\u00e9g\u00e8re irritation des yeux.<\/p>\n<h3>Composition<\/h3>\n<div class=\"zone zone4 field_composicion\">\n<div class=\"zoneContainer\">\n<p>Aqua (Water), Dicaprylyl Carbonate, Diethylhexyl Carbonate, Cyclopentasiloxane, Dibutyl Adipate, Titanium Dioxide [nano], Zinc Oxide [nano], Alcohol Denat., Cyclohexasiloxane, Butylene Glycol, PEG-30 Dipolyhydroxystearate, Nylon-12, Dimethicone, PEG-10 Dimethicone, Sodium Chloride, Silica, Phenoxyethanol, Disteardimonium Hectorite, Allantoin, Glyceryl Stearate, Tocopheryl Acetate, Triethoxycaprylylsilane, Disodium EDTA, Sodium Hyaluronate, Ethylhexylglycerin, PEG-8, Tocopherol, Ascorbyl Palmitate, Ascorbic Acid, Citric Acid.<\/p>\n<\/div>\n<\/div>\n<\/div>\n<\/div>\n<\/div>\n","protected":false},"excerpt":{"rendered":"<p>Fotoprotector ISDIN Fusion Fluid Mineral Pediatrics SPF50+ Photoprotecteur 100% min\u00e9ral sp\u00e9cialement formul\u00e9 pour la peau des b\u00e9b\u00e9s (\u00e0 partir de 6 mois) Photoprotecteur fluide aux filtres min\u00e9raux sp\u00e9cialement formul\u00e9 pour la peau fragile des b\u00e9b\u00e9s. Convient aux b\u00e9b\u00e9s \u00e0 partir de 6 mois. Visage et corps. Exposition indirecte au soleil. B\u00e9n\u00e9fices Haute protection UVB\/UVA SPF50 [&hellip;]<\/p>\n","protected":false},"featured_media":19029,"template":"","meta":{"om_disable_all_campaigns":false},"product_brand":[],"product_cat":[15],"product_tag":[],"class_list":{"0":"post-19033","1":"product","2":"type-product","3":"status-publish","4":"has-post-thumbnail","6":"product_cat-beaute-sante-complements-alimentaires-soins-et-bien-etre-au-meilleur-prix","8":"first","9":"instock","10":"sale","11":"taxable","12":"shipping-taxable","13":"purchasable","14":"product-type-simple"},"yoast_head":"<!-- This site is optimized with the Yoast SEO plugin v27.5 - https:\/\/yoast.com\/product\/yoast-seo-wordpress\/ -->\n<title>Fotoprotector ISDIN Fusion Fluid Mineral Pediatrics SPF50+ 50ml - Maroc Prix<\/title>\n<meta name=\"description\" content=\"Fotoprotector ISDIN Fusion Fluid Mineral Pediatrics SPF50+ 50ml\" \/>\n<meta name=\"robots\" content=\"index, follow, max-snippet:-1, max-image-preview:large, max-video-preview:-1\" \/>\n<link rel=\"canonical\" href=\"https:\/\/vitablanca.ma\/ar\/product-2\/fotoprotector-isdin-fusion-fluid-mineral-pediatrics-spf50-50ml\/\" \/>\n<meta property=\"og:locale\" content=\"ar_AR\" \/>\n<meta property=\"og:type\" content=\"article\" \/>\n<meta property=\"og:title\" content=\"Fotoprotector ISDIN Fusion Fluid Mineral Pediatrics SPF50+ 50ml - Maroc Prix\" \/>\n<meta property=\"og:description\" content=\"Fotoprotector ISDIN Fusion Fluid Mineral Pediatrics SPF50+ 50ml\" \/>\n<meta property=\"og:url\" content=\"https:\/\/vitablanca.ma\/ar\/product-2\/fotoprotector-isdin-fusion-fluid-mineral-pediatrics-spf50-50ml\/\" \/>\n<meta property=\"og:site_name\" content=\"Vitablanca.ma &ndash; Sant&eacute;, vitalit&eacute; et bien-&ecirc;tre pour tous les Marocains\" \/>\n<meta property=\"article:publisher\" content=\"https:\/\/www.facebook.com\/profile.php?id=61576678196717\" \/>\n<meta property=\"og:image\" content=\"https:\/\/vitablanca.ma\/wp-content\/uploads\/2025\/06\/Fotoprotector-ISDIN-Fusion-Fluid-Mineral-Pediatrics-SPF50_-50ml-nova-para-casablanca.jpg\" \/>\n\t<meta property=\"og:image:width\" content=\"1000\" \/>\n\t<meta property=\"og:image:height\" content=\"1000\" \/>\n\t<meta property=\"og:image:type\" content=\"image\/jpeg\" \/>\n<meta name=\"twitter:card\" content=\"summary_large_image\" \/>\n<meta name=\"twitter:label1\" content=\"\u0648\u0642\u062a \u0627\u0644\u0642\u0631\u0627\u0621\u0629 \u0627\u0644\u0645\u064f\u0642\u062f\u0651\u0631\" \/>\n\t<meta name=\"twitter:data1\" content=\"\u062f\u0642\u064a\u0642\u062a\u0627\u0646\" \/>\n<script type=\"application\/ld+json\" class=\"yoast-schema-graph\">{\"@context\":\"https:\\\/\\\/schema.org\",\"@graph\":[{\"@type\":[\"WebPage\",\"ItemPage\"],\"@id\":\"https:\\\/\\\/vitablanca.ma\\\/produit\\\/fotoprotector-isdin-fusion-fluid-mineral-pediatrics-spf50-50ml\\\/\",\"url\":\"https:\\\/\\\/vitablanca.ma\\\/produit\\\/fotoprotector-isdin-fusion-fluid-mineral-pediatrics-spf50-50ml\\\/\",\"name\":\"Fotoprotector ISDIN Fusion Fluid Mineral Pediatrics SPF50+ 50ml - Maroc Prix\",\"isPartOf\":{\"@id\":\"https:\\\/\\\/vitablanca.ma\\\/#website\"},\"primaryImageOfPage\":{\"@id\":\"https:\\\/\\\/vitablanca.ma\\\/produit\\\/fotoprotector-isdin-fusion-fluid-mineral-pediatrics-spf50-50ml\\\/#primaryimage\"},\"image\":{\"@id\":\"https:\\\/\\\/vitablanca.ma\\\/produit\\\/fotoprotector-isdin-fusion-fluid-mineral-pediatrics-spf50-50ml\\\/#primaryimage\"},\"thumbnailUrl\":\"https:\\\/\\\/vitablanca.ma\\\/wp-content\\\/uploads\\\/2025\\\/06\\\/Fotoprotector-ISDIN-Fusion-Fluid-Mineral-Pediatrics-SPF50_-50ml-nova-para-casablanca.jpg\",\"datePublished\":\"2025-06-10T17:46:10+00:00\",\"description\":\"Fotoprotector ISDIN Fusion Fluid Mineral Pediatrics SPF50+ 50ml\",\"breadcrumb\":{\"@id\":\"https:\\\/\\\/vitablanca.ma\\\/produit\\\/fotoprotector-isdin-fusion-fluid-mineral-pediatrics-spf50-50ml\\\/#breadcrumb\"},\"inLanguage\":\"ar\",\"potentialAction\":[{\"@type\":\"ReadAction\",\"target\":[\"https:\\\/\\\/vitablanca.ma\\\/produit\\\/fotoprotector-isdin-fusion-fluid-mineral-pediatrics-spf50-50ml\\\/\"]}]},{\"@type\":\"ImageObject\",\"inLanguage\":\"ar\",\"@id\":\"https:\\\/\\\/vitablanca.ma\\\/produit\\\/fotoprotector-isdin-fusion-fluid-mineral-pediatrics-spf50-50ml\\\/#primaryimage\",\"url\":\"https:\\\/\\\/vitablanca.ma\\\/wp-content\\\/uploads\\\/2025\\\/06\\\/Fotoprotector-ISDIN-Fusion-Fluid-Mineral-Pediatrics-SPF50_-50ml-nova-para-casablanca.jpg\",\"contentUrl\":\"https:\\\/\\\/vitablanca.ma\\\/wp-content\\\/uploads\\\/2025\\\/06\\\/Fotoprotector-ISDIN-Fusion-Fluid-Mineral-Pediatrics-SPF50_-50ml-nova-para-casablanca.jpg\",\"width\":1000,\"height\":1000},{\"@type\":\"BreadcrumbList\",\"@id\":\"https:\\\/\\\/vitablanca.ma\\\/produit\\\/fotoprotector-isdin-fusion-fluid-mineral-pediatrics-spf50-50ml\\\/#breadcrumb\",\"itemListElement\":[{\"@type\":\"ListItem\",\"position\":1,\"name\":\"Home\",\"item\":\"https:\\\/\\\/vitablanca.ma\\\/\"},{\"@type\":\"ListItem\",\"position\":2,\"name\":\"Tous Les Produits\",\"item\":\"https:\\\/\\\/vitablanca.ma\\\/tous-les-produits\\\/\"},{\"@type\":\"ListItem\",\"position\":3,\"name\":\"Fotoprotector ISDIN Fusion Fluid Mineral Pediatrics SPF50+ 50ml\"}]},{\"@type\":\"WebSite\",\"@id\":\"https:\\\/\\\/vitablanca.ma\\\/#website\",\"url\":\"https:\\\/\\\/vitablanca.ma\\\/\",\"name\":\"VitaBlanca.ma | Compl\u00e9ments alimentaires, sant\u00e9 & beaut\u00e9 au Maroc\",\"description\":\"vendre vitamines et compl\u00e9ments premium des USA &amp; Canada, Nouvelle Z\u00e9lande,Maroc (NOW Foods, Solgar, Manuka). Livraison rapide partout au Maroc.\",\"publisher\":{\"@id\":\"https:\\\/\\\/vitablanca.ma\\\/#organization\"},\"alternateName\":\"VitaBlanca.ma\",\"potentialAction\":[{\"@type\":\"SearchAction\",\"target\":{\"@type\":\"EntryPoint\",\"urlTemplate\":\"https:\\\/\\\/vitablanca.ma\\\/?s={search_term_string}\"},\"query-input\":{\"@type\":\"PropertyValueSpecification\",\"valueRequired\":true,\"valueName\":\"search_term_string\"}}],\"inLanguage\":\"ar\"},{\"@type\":\"Organization\",\"@id\":\"https:\\\/\\\/vitablanca.ma\\\/#organization\",\"name\":\"VitaBlanca\",\"url\":\"https:\\\/\\\/vitablanca.ma\\\/\",\"logo\":{\"@type\":\"ImageObject\",\"inLanguage\":\"ar\",\"@id\":\"https:\\\/\\\/vitablanca.ma\\\/#\\\/schema\\\/logo\\\/image\\\/\",\"url\":\"https:\\\/\\\/vitablanca.ma\\\/wp-content\\\/uploads\\\/2025\\\/05\\\/cropped-vitablanca.png\",\"contentUrl\":\"https:\\\/\\\/vitablanca.ma\\\/wp-content\\\/uploads\\\/2025\\\/05\\\/cropped-vitablanca.png\",\"width\":360,\"height\":67,\"caption\":\"VitaBlanca\"},\"image\":{\"@id\":\"https:\\\/\\\/vitablanca.ma\\\/#\\\/schema\\\/logo\\\/image\\\/\"},\"sameAs\":[\"https:\\\/\\\/www.facebook.com\\\/profile.php?id=61576678196717\",\"https:\\\/\\\/www.tiktok.com\\\/@vitablanca.ma\",\"https:\\\/\\\/www.instagram.com\\\/vitablanca.ma\\\/\"]}]}<\/script>\n<!-- \/ Yoast SEO plugin. -->","yoast_head_json":{"title":"Fotoprotector ISDIN Fusion Fluid Mineral Pediatrics SPF50+ 50ml - Maroc Prix","description":"Fotoprotector ISDIN Fusion Fluid Mineral Pediatrics SPF50+ 50ml","robots":{"index":"index","follow":"follow","max-snippet":"max-snippet:-1","max-image-preview":"max-image-preview:large","max-video-preview":"max-video-preview:-1"},"canonical":"https:\/\/vitablanca.ma\/ar\/product-2\/fotoprotector-isdin-fusion-fluid-mineral-pediatrics-spf50-50ml\/","og_locale":"ar_AR","og_type":"article","og_title":"Fotoprotector ISDIN Fusion Fluid Mineral Pediatrics SPF50+ 50ml - Maroc Prix","og_description":"Fotoprotector ISDIN Fusion Fluid Mineral Pediatrics SPF50+ 50ml","og_url":"https:\/\/vitablanca.ma\/ar\/product-2\/fotoprotector-isdin-fusion-fluid-mineral-pediatrics-spf50-50ml\/","og_site_name":"Vitablanca.ma &ndash; Sant&eacute;, vitalit&eacute; et bien-&ecirc;tre pour tous les Marocains","article_publisher":"https:\/\/www.facebook.com\/profile.php?id=61576678196717","og_image":[{"width":1000,"height":1000,"url":"https:\/\/vitablanca.ma\/wp-content\/uploads\/2025\/06\/Fotoprotector-ISDIN-Fusion-Fluid-Mineral-Pediatrics-SPF50_-50ml-nova-para-casablanca.jpg","type":"image\/jpeg"}],"twitter_card":"summary_large_image","twitter_misc":{"\u0648\u0642\u062a \u0627\u0644\u0642\u0631\u0627\u0621\u0629 \u0627\u0644\u0645\u064f\u0642\u062f\u0651\u0631":"\u062f\u0642\u064a\u0642\u062a\u0627\u0646"},"schema":{"@context":"https:\/\/schema.org","@graph":[{"@type":["WebPage","ItemPage"],"@id":"https:\/\/vitablanca.ma\/produit\/fotoprotector-isdin-fusion-fluid-mineral-pediatrics-spf50-50ml\/","url":"https:\/\/vitablanca.ma\/produit\/fotoprotector-isdin-fusion-fluid-mineral-pediatrics-spf50-50ml\/","name":"Fotoprotector ISDIN Fusion Fluid Mineral Pediatrics SPF50+ 50ml - Maroc Prix","isPartOf":{"@id":"https:\/\/vitablanca.ma\/#website"},"primaryImageOfPage":{"@id":"https:\/\/vitablanca.ma\/produit\/fotoprotector-isdin-fusion-fluid-mineral-pediatrics-spf50-50ml\/#primaryimage"},"image":{"@id":"https:\/\/vitablanca.ma\/produit\/fotoprotector-isdin-fusion-fluid-mineral-pediatrics-spf50-50ml\/#primaryimage"},"thumbnailUrl":"https:\/\/vitablanca.ma\/wp-content\/uploads\/2025\/06\/Fotoprotector-ISDIN-Fusion-Fluid-Mineral-Pediatrics-SPF50_-50ml-nova-para-casablanca.jpg","datePublished":"2025-06-10T17:46:10+00:00","description":"Fotoprotector ISDIN Fusion Fluid Mineral Pediatrics SPF50+ 50ml","breadcrumb":{"@id":"https:\/\/vitablanca.ma\/produit\/fotoprotector-isdin-fusion-fluid-mineral-pediatrics-spf50-50ml\/#breadcrumb"},"inLanguage":"ar","potentialAction":[{"@type":"ReadAction","target":["https:\/\/vitablanca.ma\/produit\/fotoprotector-isdin-fusion-fluid-mineral-pediatrics-spf50-50ml\/"]}]},{"@type":"ImageObject","inLanguage":"ar","@id":"https:\/\/vitablanca.ma\/produit\/fotoprotector-isdin-fusion-fluid-mineral-pediatrics-spf50-50ml\/#primaryimage","url":"https:\/\/vitablanca.ma\/wp-content\/uploads\/2025\/06\/Fotoprotector-ISDIN-Fusion-Fluid-Mineral-Pediatrics-SPF50_-50ml-nova-para-casablanca.jpg","contentUrl":"https:\/\/vitablanca.ma\/wp-content\/uploads\/2025\/06\/Fotoprotector-ISDIN-Fusion-Fluid-Mineral-Pediatrics-SPF50_-50ml-nova-para-casablanca.jpg","width":1000,"height":1000},{"@type":"BreadcrumbList","@id":"https:\/\/vitablanca.ma\/produit\/fotoprotector-isdin-fusion-fluid-mineral-pediatrics-spf50-50ml\/#breadcrumb","itemListElement":[{"@type":"ListItem","position":1,"name":"Home","item":"https:\/\/vitablanca.ma\/"},{"@type":"ListItem","position":2,"name":"Tous Les Produits","item":"https:\/\/vitablanca.ma\/tous-les-produits\/"},{"@type":"ListItem","position":3,"name":"Fotoprotector ISDIN Fusion Fluid Mineral Pediatrics SPF50+ 50ml"}]},{"@type":"WebSite","@id":"https:\/\/vitablanca.ma\/#website","url":"https:\/\/vitablanca.ma\/","name":"VitaBlanca.ma | \u0627\u0644\u0645\u0643\u0645\u0644\u0627\u062a \u0627\u0644\u063a\u0630\u0627\u0626\u064a\u0629\u060c \u0627\u0644\u0635\u062d\u0629 \u0648\u0627\u0644\u062c\u0645\u0627\u0644 \u0641\u064a \u0627\u0644\u0645\u063a\u0631\u0628","description":"\u0646\u0628\u064a\u0639 \u0641\u064a\u062a\u0627\u0645\u064a\u0646\u0627\u062a \u0648\u0645\u0643\u0645\u0644\u0627\u062a \u063a\u0630\u0627\u0626\u064a\u0629 \u0641\u0627\u062e\u0631\u0629 \u0645\u0646 \u0627\u0644\u0648\u0644\u0627\u064a\u0627\u062a \u0627\u0644\u0645\u062a\u062d\u062f\u0629 \u0627\u0644\u0623\u0645\u0631\u064a\u0643\u064a\u0629 \u0648\u0643\u0646\u062f\u0627 \u0648\u0646\u064a\u0648\u0632\u064a\u0644\u0646\u062f\u0627 \u0648\u0627\u0644\u0645\u063a\u0631\u0628 (\u0646\u0627\u0648 \u0641\u0648\u062f\u0632\u060c \u0633\u0648\u0644\u062c\u0627\u0631\u060c \u0645\u0627\u0646\u0648\u0643\u0627). \u062a\u0648\u0635\u064a\u0644 \u0633\u0631\u064a\u0639 \u0625\u0644\u0649 \u062c\u0645\u064a\u0639 \u0623\u0646\u062d\u0627\u0621 \u0627\u0644\u0645\u063a\u0631\u0628.","publisher":{"@id":"https:\/\/vitablanca.ma\/#organization"},"alternateName":"VitaBlanca.ma","potentialAction":[{"@type":"SearchAction","target":{"@type":"EntryPoint","urlTemplate":"https:\/\/vitablanca.ma\/?s={search_term_string}"},"query-input":{"@type":"PropertyValueSpecification","valueRequired":true,"valueName":"search_term_string"}}],"inLanguage":"ar"},{"@type":"Organization","@id":"https:\/\/vitablanca.ma\/#organization","name":"\u0641\u064a\u062a\u0627\u0628\u0644\u0627\u0646\u0643\u0627","url":"https:\/\/vitablanca.ma\/","logo":{"@type":"ImageObject","inLanguage":"ar","@id":"https:\/\/vitablanca.ma\/#\/schema\/logo\/image\/","url":"https:\/\/vitablanca.ma\/wp-content\/uploads\/2025\/05\/cropped-vitablanca.png","contentUrl":"https:\/\/vitablanca.ma\/wp-content\/uploads\/2025\/05\/cropped-vitablanca.png","width":360,"height":67,"caption":"VitaBlanca"},"image":{"@id":"https:\/\/vitablanca.ma\/#\/schema\/logo\/image\/"},"sameAs":["https:\/\/www.facebook.com\/profile.php?id=61576678196717","https:\/\/www.tiktok.com\/@vitablanca.ma","https:\/\/www.instagram.com\/vitablanca.ma\/"]}]}},"jetpack_sharing_enabled":true,"_links":{"self":[{"href":"https:\/\/vitablanca.ma\/ar\/wp-json\/wp\/v2\/product\/19033","targetHints":{"allow":["GET"]}}],"collection":[{"href":"https:\/\/vitablanca.ma\/ar\/wp-json\/wp\/v2\/product"}],"about":[{"href":"https:\/\/vitablanca.ma\/ar\/wp-json\/wp\/v2\/types\/product"}],"wp:featuredmedia":[{"embeddable":true,"href":"https:\/\/vitablanca.ma\/ar\/wp-json\/wp\/v2\/media\/19029"}],"wp:attachment":[{"href":"https:\/\/vitablanca.ma\/ar\/wp-json\/wp\/v2\/media?parent=19033"}],"wp:term":[{"taxonomy":"product_brand","embeddable":true,"href":"https:\/\/vitablanca.ma\/ar\/wp-json\/wp\/v2\/product_brand?post=19033"},{"taxonomy":"product_cat","embeddable":true,"href":"https:\/\/vitablanca.ma\/ar\/wp-json\/wp\/v2\/product_cat?post=19033"},{"taxonomy":"product_tag","embeddable":true,"href":"https:\/\/vitablanca.ma\/ar\/wp-json\/wp\/v2\/product_tag?post=19033"}],"curies":[{"name":"wp","href":"https:\/\/api.w.org\/{rel}","templated":true}]}}