{"id":18919,"date":"2025-06-10T17:41:03","date_gmt":"2025-06-10T17:41:03","guid":{"rendered":"https:\/\/vitablanca.ma\/product\/fotoprotector-isdin-gel-cream-pediatrics-spf50-250ml\/"},"modified":"2025-06-10T17:41:03","modified_gmt":"2025-06-10T17:41:03","slug":"fotoprotector-isdin-gel-cream-pediatrics-spf50-250ml","status":"publish","type":"product","link":"https:\/\/vitablanca.ma\/ar\/product-2\/fotoprotector-isdin-gel-cream-pediatrics-spf50-250ml\/","title":{"rendered":"Fotoprotector ISDIN Gel Cream Pediatrics SPF50+ 250ml"},"content":{"rendered":"<h2>Fotoprotector ISDIN Gel Cream Pediatrics SPF50+<\/h2>\n<p class=\"frase_vendedora\"><strong>Le photoprotecteur tout-terrain pour toute la famille<\/strong><\/p>\n<div class=\"indicaciones-main_info\">\n<p>Photoprotecteur en gel qui hydrate comme une cr\u00e8me et procure la sensation de fra\u00eecheur comme un gel.<\/p>\n<p>Id\u00e9al pour toute la famille.\u00a0<\/p>\n<h3>B\u00e9n\u00e9fices<\/h3>\n<div class=\"zone zone2 field_accion\">\n<div class=\"zoneContainer\">\n<ul>\n<li>Assure une protection \u00e9lev\u00e9e UVB et UVA SPF 50.<\/li>\n<li>Contient du dexpanth\u00e9nol et de la vitamine E.<\/li>\n<li>Hydrate comme une cr\u00e8me et s\u2019absorbe rapidement comme un gel, en procurant une agr\u00e9able sensation de fra\u00eecheur avec une finition soyeuse et sans aspect brillant.<\/li>\n<li>R\u00e9sistance tr\u00e8s \u00e9lev\u00e9e \u00e0 l\u2019eau et au frottement.<\/li>\n<li>Convient \u00e0 tous les types de peaux, y compris les peaux atopiques.<\/li>\n<li>Test\u00e9 sous contr\u00f4le p\u00e9diatrique et dermatologique.<\/li>\n<\/ul>\n<h3>Mode D&#8217;emploi<\/h3>\n<div class=\"zone zone3 field_posologia\">\n<div class=\"zoneContainer\">\n<p>Appliquer g\u00e9n\u00e9reusement sur une peau s\u00e8che une demi-heure avant l\u2019exposition au soleil et renouveler l\u2019application toutes les 2 heures. Plus la quantit\u00e9 de produit appliqu\u00e9e est faible, plus l\u2019indice de protection sera faible. Renouveler l\u2019application en cas de transpiration, de baignade ou de s\u00e9chage avec une serviette.<\/p>\n<h3>Pr\u00e9cautions<\/h3>\n<div class=\"zone zone6 field_product_caution\">\n<div class=\"zoneContainer\">\n<ul>\n<li>\u00c0 partir de 6 mois.<\/li>\n<li>Ne pas exposer les b\u00e9b\u00e9s et les enfants directement au soleil.<\/li>\n<li>Il est recommand\u00e9 de ne pas les exposer directement au soleil et de les prot\u00e9ger correctement avec un chapeau, des lunettes de soleil et des photoprotecteurs \u00e0 SPF \u00e9lev\u00e9 sp\u00e9cialement formul\u00e9s pour leur peau.<\/li>\n<\/ul>\n<h3>Composition<\/h3>\n<div class=\"zone zone4 field_composicion\">\n<div class=\"zoneContainer\">\n<p>Aqua (eau), alcool d\u00e9nat, octocryl\u00e8ne, benzoate d\u2019alkyle C12-15, m\u00e9thoxydibenzoylm\u00e9thane de butyle, adipate de dibutyle, bis-\u00e9thylhexyloxyph\u00e9nol, m\u00e9thoxyph\u00e9nyl triazine, cyclo-pentasiloxane, trom\u00e9thamine, cyclohexasiloxane, copolym\u00e8re d\u2019acryloyldim\u00e9thyltaurate d\u2019ammonium et de VP, m\u00e9thyl\u00e8ne bis-benzotriazolyle t\u00e9tram\u00e9thylbutylph\u00e9nol [Nano], acide ph\u00e9nylbenzimidazole sulfonique, polyacrylamide, PEG-40 huile de ricin hydrog\u00e9n\u00e9e, ph\u00e9noxy\u00e9thanol, isoparaffine C13-14, carbomer, panth\u00e9nol, ac\u00e9tate de tocoph\u00e9ryle, parfum (fragrance), glucoside de d\u00e9cyle, gomme de xanthane, polym\u00e8re crois\u00e9 d\u2019acrylates\/C10-30 acrylate d\u2019alkyle, EDTA disodique, laureth-7, BHT, linalol, propyl\u00e8ne glycol.<\/p>\n<\/div>\n<\/div>\n<\/div>\n<\/div>\n<\/div>\n<\/div>\n<\/div>\n<\/div>\n<\/div>\n","protected":false},"excerpt":{"rendered":"<p>Fotoprotector ISDIN Gel Cream Pediatrics SPF50+ Le photoprotecteur tout-terrain pour toute la famille Photoprotecteur en gel qui hydrate comme une cr\u00e8me et procure la sensation de fra\u00eecheur comme un gel. Id\u00e9al pour toute la famille.\u00a0 B\u00e9n\u00e9fices Assure une protection \u00e9lev\u00e9e UVB et UVA SPF 50. Contient du dexpanth\u00e9nol et de la vitamine E. Hydrate comme [&hellip;]<\/p>\n","protected":false},"featured_media":18914,"template":"","meta":{"om_disable_all_campaigns":false},"product_brand":[],"product_cat":[15],"product_tag":[],"class_list":{"0":"post-18919","1":"product","2":"type-product","3":"status-publish","4":"has-post-thumbnail","6":"product_cat-beaute-sante-complements-alimentaires-soins-et-bien-etre-au-meilleur-prix","8":"first","9":"instock","10":"sale","11":"taxable","12":"shipping-taxable","13":"purchasable","14":"product-type-simple"},"yoast_head":"<!-- This site is optimized with the Yoast SEO plugin v27.4 - https:\/\/yoast.com\/product\/yoast-seo-wordpress\/ -->\n<title>Fotoprotector ISDIN Gel Cream Pediatrics SPF50+ 250ml - Maroc Prix<\/title>\n<meta name=\"description\" content=\"Fotoprotector ISDIN Gel Cream Pediatrics SPF50+ 250ml\" \/>\n<meta name=\"robots\" content=\"index, follow, max-snippet:-1, max-image-preview:large, max-video-preview:-1\" \/>\n<link rel=\"canonical\" href=\"https:\/\/vitablanca.ma\/ar\/product-2\/fotoprotector-isdin-gel-cream-pediatrics-spf50-250ml\/\" \/>\n<meta property=\"og:locale\" content=\"ar_AR\" \/>\n<meta property=\"og:type\" content=\"article\" \/>\n<meta property=\"og:title\" content=\"Fotoprotector ISDIN Gel Cream Pediatrics SPF50+ 250ml - Maroc Prix\" \/>\n<meta property=\"og:description\" content=\"Fotoprotector ISDIN Gel Cream Pediatrics SPF50+ 250ml\" \/>\n<meta property=\"og:url\" content=\"https:\/\/vitablanca.ma\/ar\/product-2\/fotoprotector-isdin-gel-cream-pediatrics-spf50-250ml\/\" \/>\n<meta property=\"og:site_name\" content=\"Vitablanca.ma &ndash; Sant&eacute;, vitalit&eacute; et bien-&ecirc;tre pour tous les Marocains\" \/>\n<meta property=\"article:publisher\" content=\"https:\/\/www.facebook.com\/profile.php?id=61576678196717\" \/>\n<meta property=\"og:image\" content=\"https:\/\/vitablanca.ma\/wp-content\/uploads\/2025\/06\/Fotoprotector-ISDIN-Gel-Cream-Pediatrics-SPF50_-250ml-nova-para-maroc.jpg\" \/>\n\t<meta property=\"og:image:width\" content=\"1000\" \/>\n\t<meta property=\"og:image:height\" content=\"1000\" \/>\n\t<meta property=\"og:image:type\" content=\"image\/jpeg\" \/>\n<meta name=\"twitter:card\" content=\"summary_large_image\" \/>\n<meta name=\"twitter:label1\" content=\"\u0648\u0642\u062a \u0627\u0644\u0642\u0631\u0627\u0621\u0629 \u0627\u0644\u0645\u064f\u0642\u062f\u0651\u0631\" \/>\n\t<meta name=\"twitter:data1\" content=\"\u062f\u0642\u064a\u0642\u062a\u0627\u0646\" \/>\n<script type=\"application\/ld+json\" class=\"yoast-schema-graph\">{\"@context\":\"https:\\\/\\\/schema.org\",\"@graph\":[{\"@type\":[\"WebPage\",\"ItemPage\"],\"@id\":\"https:\\\/\\\/vitablanca.ma\\\/produit\\\/fotoprotector-isdin-gel-cream-pediatrics-spf50-250ml\\\/\",\"url\":\"https:\\\/\\\/vitablanca.ma\\\/produit\\\/fotoprotector-isdin-gel-cream-pediatrics-spf50-250ml\\\/\",\"name\":\"Fotoprotector ISDIN Gel Cream Pediatrics SPF50+ 250ml - Maroc Prix\",\"isPartOf\":{\"@id\":\"https:\\\/\\\/vitablanca.ma\\\/#website\"},\"primaryImageOfPage\":{\"@id\":\"https:\\\/\\\/vitablanca.ma\\\/produit\\\/fotoprotector-isdin-gel-cream-pediatrics-spf50-250ml\\\/#primaryimage\"},\"image\":{\"@id\":\"https:\\\/\\\/vitablanca.ma\\\/produit\\\/fotoprotector-isdin-gel-cream-pediatrics-spf50-250ml\\\/#primaryimage\"},\"thumbnailUrl\":\"https:\\\/\\\/vitablanca.ma\\\/wp-content\\\/uploads\\\/2025\\\/06\\\/Fotoprotector-ISDIN-Gel-Cream-Pediatrics-SPF50_-250ml-nova-para-maroc.jpg\",\"datePublished\":\"2025-06-10T17:41:03+00:00\",\"description\":\"Fotoprotector ISDIN Gel Cream Pediatrics SPF50+ 250ml\",\"breadcrumb\":{\"@id\":\"https:\\\/\\\/vitablanca.ma\\\/produit\\\/fotoprotector-isdin-gel-cream-pediatrics-spf50-250ml\\\/#breadcrumb\"},\"inLanguage\":\"ar\",\"potentialAction\":[{\"@type\":\"ReadAction\",\"target\":[\"https:\\\/\\\/vitablanca.ma\\\/produit\\\/fotoprotector-isdin-gel-cream-pediatrics-spf50-250ml\\\/\"]}]},{\"@type\":\"ImageObject\",\"inLanguage\":\"ar\",\"@id\":\"https:\\\/\\\/vitablanca.ma\\\/produit\\\/fotoprotector-isdin-gel-cream-pediatrics-spf50-250ml\\\/#primaryimage\",\"url\":\"https:\\\/\\\/vitablanca.ma\\\/wp-content\\\/uploads\\\/2025\\\/06\\\/Fotoprotector-ISDIN-Gel-Cream-Pediatrics-SPF50_-250ml-nova-para-maroc.jpg\",\"contentUrl\":\"https:\\\/\\\/vitablanca.ma\\\/wp-content\\\/uploads\\\/2025\\\/06\\\/Fotoprotector-ISDIN-Gel-Cream-Pediatrics-SPF50_-250ml-nova-para-maroc.jpg\",\"width\":1000,\"height\":1000},{\"@type\":\"BreadcrumbList\",\"@id\":\"https:\\\/\\\/vitablanca.ma\\\/produit\\\/fotoprotector-isdin-gel-cream-pediatrics-spf50-250ml\\\/#breadcrumb\",\"itemListElement\":[{\"@type\":\"ListItem\",\"position\":1,\"name\":\"Home\",\"item\":\"https:\\\/\\\/vitablanca.ma\\\/\"},{\"@type\":\"ListItem\",\"position\":2,\"name\":\"Tous Les Produits\",\"item\":\"https:\\\/\\\/vitablanca.ma\\\/tous-les-produits\\\/\"},{\"@type\":\"ListItem\",\"position\":3,\"name\":\"Fotoprotector ISDIN Gel Cream Pediatrics SPF50+ 250ml\"}]},{\"@type\":\"WebSite\",\"@id\":\"https:\\\/\\\/vitablanca.ma\\\/#website\",\"url\":\"https:\\\/\\\/vitablanca.ma\\\/\",\"name\":\"VitaBlanca.ma | Compl\u00e9ments alimentaires, sant\u00e9 & beaut\u00e9 au Maroc\",\"description\":\"vendre vitamines et compl\u00e9ments premium des USA &amp; Canada, Nouvelle Z\u00e9lande,Maroc (NOW Foods, Solgar, Manuka). Livraison rapide partout au Maroc.\",\"publisher\":{\"@id\":\"https:\\\/\\\/vitablanca.ma\\\/#organization\"},\"alternateName\":\"VitaBlanca.ma\",\"potentialAction\":[{\"@type\":\"SearchAction\",\"target\":{\"@type\":\"EntryPoint\",\"urlTemplate\":\"https:\\\/\\\/vitablanca.ma\\\/?s={search_term_string}\"},\"query-input\":{\"@type\":\"PropertyValueSpecification\",\"valueRequired\":true,\"valueName\":\"search_term_string\"}}],\"inLanguage\":\"ar\"},{\"@type\":\"Organization\",\"@id\":\"https:\\\/\\\/vitablanca.ma\\\/#organization\",\"name\":\"VitaBlanca\",\"url\":\"https:\\\/\\\/vitablanca.ma\\\/\",\"logo\":{\"@type\":\"ImageObject\",\"inLanguage\":\"ar\",\"@id\":\"https:\\\/\\\/vitablanca.ma\\\/#\\\/schema\\\/logo\\\/image\\\/\",\"url\":\"https:\\\/\\\/vitablanca.ma\\\/wp-content\\\/uploads\\\/2025\\\/05\\\/cropped-vitablanca.png\",\"contentUrl\":\"https:\\\/\\\/vitablanca.ma\\\/wp-content\\\/uploads\\\/2025\\\/05\\\/cropped-vitablanca.png\",\"width\":360,\"height\":67,\"caption\":\"VitaBlanca\"},\"image\":{\"@id\":\"https:\\\/\\\/vitablanca.ma\\\/#\\\/schema\\\/logo\\\/image\\\/\"},\"sameAs\":[\"https:\\\/\\\/www.facebook.com\\\/profile.php?id=61576678196717\",\"https:\\\/\\\/www.tiktok.com\\\/@vitablanca.ma\",\"https:\\\/\\\/www.instagram.com\\\/vitablanca.ma\\\/\"]}]}<\/script>\n<!-- \/ Yoast SEO plugin. -->","yoast_head_json":{"title":"Fotoprotector ISDIN Gel Cream Pediatrics SPF50+ 250ml - Maroc Prix","description":"Fotoprotector ISDIN Gel Cream Pediatrics SPF50+ 250ml","robots":{"index":"index","follow":"follow","max-snippet":"max-snippet:-1","max-image-preview":"max-image-preview:large","max-video-preview":"max-video-preview:-1"},"canonical":"https:\/\/vitablanca.ma\/ar\/product-2\/fotoprotector-isdin-gel-cream-pediatrics-spf50-250ml\/","og_locale":"ar_AR","og_type":"article","og_title":"Fotoprotector ISDIN Gel Cream Pediatrics SPF50+ 250ml - Maroc Prix","og_description":"Fotoprotector ISDIN Gel Cream Pediatrics SPF50+ 250ml","og_url":"https:\/\/vitablanca.ma\/ar\/product-2\/fotoprotector-isdin-gel-cream-pediatrics-spf50-250ml\/","og_site_name":"Vitablanca.ma &ndash; Sant&eacute;, vitalit&eacute; et bien-&ecirc;tre pour tous les Marocains","article_publisher":"https:\/\/www.facebook.com\/profile.php?id=61576678196717","og_image":[{"width":1000,"height":1000,"url":"https:\/\/vitablanca.ma\/wp-content\/uploads\/2025\/06\/Fotoprotector-ISDIN-Gel-Cream-Pediatrics-SPF50_-250ml-nova-para-maroc.jpg","type":"image\/jpeg"}],"twitter_card":"summary_large_image","twitter_misc":{"\u0648\u0642\u062a \u0627\u0644\u0642\u0631\u0627\u0621\u0629 \u0627\u0644\u0645\u064f\u0642\u062f\u0651\u0631":"\u062f\u0642\u064a\u0642\u062a\u0627\u0646"},"schema":{"@context":"https:\/\/schema.org","@graph":[{"@type":["WebPage","ItemPage"],"@id":"https:\/\/vitablanca.ma\/produit\/fotoprotector-isdin-gel-cream-pediatrics-spf50-250ml\/","url":"https:\/\/vitablanca.ma\/produit\/fotoprotector-isdin-gel-cream-pediatrics-spf50-250ml\/","name":"Fotoprotector ISDIN Gel Cream Pediatrics SPF50+ 250ml - Maroc Prix","isPartOf":{"@id":"https:\/\/vitablanca.ma\/#website"},"primaryImageOfPage":{"@id":"https:\/\/vitablanca.ma\/produit\/fotoprotector-isdin-gel-cream-pediatrics-spf50-250ml\/#primaryimage"},"image":{"@id":"https:\/\/vitablanca.ma\/produit\/fotoprotector-isdin-gel-cream-pediatrics-spf50-250ml\/#primaryimage"},"thumbnailUrl":"https:\/\/vitablanca.ma\/wp-content\/uploads\/2025\/06\/Fotoprotector-ISDIN-Gel-Cream-Pediatrics-SPF50_-250ml-nova-para-maroc.jpg","datePublished":"2025-06-10T17:41:03+00:00","description":"Fotoprotector ISDIN Gel Cream Pediatrics SPF50+ 250ml","breadcrumb":{"@id":"https:\/\/vitablanca.ma\/produit\/fotoprotector-isdin-gel-cream-pediatrics-spf50-250ml\/#breadcrumb"},"inLanguage":"ar","potentialAction":[{"@type":"ReadAction","target":["https:\/\/vitablanca.ma\/produit\/fotoprotector-isdin-gel-cream-pediatrics-spf50-250ml\/"]}]},{"@type":"ImageObject","inLanguage":"ar","@id":"https:\/\/vitablanca.ma\/produit\/fotoprotector-isdin-gel-cream-pediatrics-spf50-250ml\/#primaryimage","url":"https:\/\/vitablanca.ma\/wp-content\/uploads\/2025\/06\/Fotoprotector-ISDIN-Gel-Cream-Pediatrics-SPF50_-250ml-nova-para-maroc.jpg","contentUrl":"https:\/\/vitablanca.ma\/wp-content\/uploads\/2025\/06\/Fotoprotector-ISDIN-Gel-Cream-Pediatrics-SPF50_-250ml-nova-para-maroc.jpg","width":1000,"height":1000},{"@type":"BreadcrumbList","@id":"https:\/\/vitablanca.ma\/produit\/fotoprotector-isdin-gel-cream-pediatrics-spf50-250ml\/#breadcrumb","itemListElement":[{"@type":"ListItem","position":1,"name":"Home","item":"https:\/\/vitablanca.ma\/"},{"@type":"ListItem","position":2,"name":"Tous Les Produits","item":"https:\/\/vitablanca.ma\/tous-les-produits\/"},{"@type":"ListItem","position":3,"name":"Fotoprotector ISDIN Gel Cream Pediatrics SPF50+ 250ml"}]},{"@type":"WebSite","@id":"https:\/\/vitablanca.ma\/#website","url":"https:\/\/vitablanca.ma\/","name":"VitaBlanca.ma | \u0627\u0644\u0645\u0643\u0645\u0644\u0627\u062a \u0627\u0644\u063a\u0630\u0627\u0626\u064a\u0629\u060c \u0627\u0644\u0635\u062d\u0629 \u0648\u0627\u0644\u062c\u0645\u0627\u0644 \u0641\u064a \u0627\u0644\u0645\u063a\u0631\u0628","description":"\u0646\u0628\u064a\u0639 \u0641\u064a\u062a\u0627\u0645\u064a\u0646\u0627\u062a \u0648\u0645\u0643\u0645\u0644\u0627\u062a \u063a\u0630\u0627\u0626\u064a\u0629 \u0641\u0627\u062e\u0631\u0629 \u0645\u0646 \u0627\u0644\u0648\u0644\u0627\u064a\u0627\u062a \u0627\u0644\u0645\u062a\u062d\u062f\u0629 \u0627\u0644\u0623\u0645\u0631\u064a\u0643\u064a\u0629 \u0648\u0643\u0646\u062f\u0627 \u0648\u0646\u064a\u0648\u0632\u064a\u0644\u0646\u062f\u0627 \u0648\u0627\u0644\u0645\u063a\u0631\u0628 (\u0646\u0627\u0648 \u0641\u0648\u062f\u0632\u060c \u0633\u0648\u0644\u062c\u0627\u0631\u060c \u0645\u0627\u0646\u0648\u0643\u0627). \u062a\u0648\u0635\u064a\u0644 \u0633\u0631\u064a\u0639 \u0625\u0644\u0649 \u062c\u0645\u064a\u0639 \u0623\u0646\u062d\u0627\u0621 \u0627\u0644\u0645\u063a\u0631\u0628.","publisher":{"@id":"https:\/\/vitablanca.ma\/#organization"},"alternateName":"VitaBlanca.ma","potentialAction":[{"@type":"SearchAction","target":{"@type":"EntryPoint","urlTemplate":"https:\/\/vitablanca.ma\/?s={search_term_string}"},"query-input":{"@type":"PropertyValueSpecification","valueRequired":true,"valueName":"search_term_string"}}],"inLanguage":"ar"},{"@type":"Organization","@id":"https:\/\/vitablanca.ma\/#organization","name":"\u0641\u064a\u062a\u0627\u0628\u0644\u0627\u0646\u0643\u0627","url":"https:\/\/vitablanca.ma\/","logo":{"@type":"ImageObject","inLanguage":"ar","@id":"https:\/\/vitablanca.ma\/#\/schema\/logo\/image\/","url":"https:\/\/vitablanca.ma\/wp-content\/uploads\/2025\/05\/cropped-vitablanca.png","contentUrl":"https:\/\/vitablanca.ma\/wp-content\/uploads\/2025\/05\/cropped-vitablanca.png","width":360,"height":67,"caption":"VitaBlanca"},"image":{"@id":"https:\/\/vitablanca.ma\/#\/schema\/logo\/image\/"},"sameAs":["https:\/\/www.facebook.com\/profile.php?id=61576678196717","https:\/\/www.tiktok.com\/@vitablanca.ma","https:\/\/www.instagram.com\/vitablanca.ma\/"]}]}},"jetpack_sharing_enabled":true,"_links":{"self":[{"href":"https:\/\/vitablanca.ma\/ar\/wp-json\/wp\/v2\/product\/18919","targetHints":{"allow":["GET"]}}],"collection":[{"href":"https:\/\/vitablanca.ma\/ar\/wp-json\/wp\/v2\/product"}],"about":[{"href":"https:\/\/vitablanca.ma\/ar\/wp-json\/wp\/v2\/types\/product"}],"wp:featuredmedia":[{"embeddable":true,"href":"https:\/\/vitablanca.ma\/ar\/wp-json\/wp\/v2\/media\/18914"}],"wp:attachment":[{"href":"https:\/\/vitablanca.ma\/ar\/wp-json\/wp\/v2\/media?parent=18919"}],"wp:term":[{"taxonomy":"product_brand","embeddable":true,"href":"https:\/\/vitablanca.ma\/ar\/wp-json\/wp\/v2\/product_brand?post=18919"},{"taxonomy":"product_cat","embeddable":true,"href":"https:\/\/vitablanca.ma\/ar\/wp-json\/wp\/v2\/product_cat?post=18919"},{"taxonomy":"product_tag","embeddable":true,"href":"https:\/\/vitablanca.ma\/ar\/wp-json\/wp\/v2\/product_tag?post=18919"}],"curies":[{"name":"wp","href":"https:\/\/api.w.org\/{rel}","templated":true}]}}