{"id":18913,"date":"2025-06-10T17:40:53","date_gmt":"2025-06-10T17:40:53","guid":{"rendered":"https:\/\/vitablanca.ma\/product\/herome-creme-mains-protection-de-jour-spf8-75ml\/"},"modified":"2025-06-10T17:40:53","modified_gmt":"2025-06-10T17:40:53","slug":"herome-creme-mains-protection-de-jour-spf8-75ml","status":"publish","type":"product","link":"https:\/\/vitablanca.ma\/ar\/product-2\/herome-creme-mains-protection-de-jour-spf8-75ml\/","title":{"rendered":"\u0643\u0631\u064a\u0645 \u0647\u064a\u0631\u0648\u0645 \u0644\u0644\u064a\u062f\u064a\u0646 \u0627\u0644\u0646\u0647\u0627\u0631\u064a \u0628\u0639\u0627\u0645\u0644 \u062d\u0645\u0627\u064a\u0629 \u0645\u0646 \u0627\u0644\u0634\u0645\u0633 8\u060c 75 \u0645\u0644"},"content":{"rendered":"<h2><span data-mce-fragment=\"1\">Her\u00f4me Cr\u00e8me Mains Protection de Jour SPF8 offre aux mains un soin quotidien optimal.<\/span><\/h2>\n<p><span>La peau b\u00e9n\u00e9ficie du soin intensif des hydratants qui la rendent ferme et brillante. La Herome Hand Cream Daily Protection ralentit le processus du vieillissement pr\u00e9coce de la peau et redonne aux mains une sensation de douceur et de souplesse. La cr\u00e8me s\u2019\u00e9tale facilement, n\u2019est pas grasse et est directement absorb\u00e9e par la peau. Une cr\u00e8me interm\u00e9diaire pour les mains id\u00e9ale.<\/span><\/p>\n<p><span>\u2022 Contient du SPF 8<br \/>\u2022 Ralentit le vieillissement pr\u00e9coce de la peau<br \/>\u2022 Filtres UV-A et UV-B<br \/>\u2022 Offre une hydratation intensive<br \/>\u2022 Prot\u00e8ge la flore naturelle de la peau<br \/>\u2022 Am\u00e9liore l\u2019\u00e9lasticit\u00e9 de la peau<br \/>\u2022 D\u00e9gage un agr\u00e9able parfum floral<\/span><\/p>\n<h3>\u062a\u0639\u0644\u064a\u0645\u0627\u062a<\/h3>\n<p>Massez-vous les mains plusieurs par jour avec la Hand Cream Daily Protection. Surtout apr\u00e8s tout contact avec de l\u2019eau.<\/p>\n<h3>\u0627\u0644\u062a\u0631\u0643\u064a\u0628\u0629 \u0627\u0644\u0645\u0648\u0635\u0649 \u0628\u0647\u0627<\/h3>\n<p>Gommez vos mains une fois par semaine avec le<span>\u00a0<\/span>Herome One Minute Manicure. Le gommage \u00e9limine la couche sup\u00e9rieure des cellules de peau mortes. Vous \u00e9vitez ainsi l\u2019aspect terne de la peau et am\u00e9liorez encore l\u2019absorption de votre Hand Cream Daily Protection par la peau des mains.<\/p>","protected":false},"excerpt":{"rendered":"<p>Her\u00f4me Cr\u00e8me Mains Protection de Jour SPF8 offre aux mains un soin quotidien optimal. La peau b\u00e9n\u00e9ficie du soin intensif des hydratants qui la rendent ferme et brillante. La Herome Hand Cream Daily Protection ralentit le processus du vieillissement pr\u00e9coce de la peau et redonne aux mains une sensation de douceur et de souplesse. La [&hellip;]<\/p>\n","protected":false},"featured_media":0,"template":"","meta":{"om_disable_all_campaigns":false},"product_brand":[],"product_cat":[15],"product_tag":[],"class_list":{"0":"post-18913","1":"product","2":"type-product","3":"status-publish","5":"product_cat-beaute-sante-complements-alimentaires-soins-et-bien-etre-au-meilleur-prix","7":"first","8":"instock","9":"sale","10":"taxable","11":"shipping-taxable","12":"purchasable","13":"product-type-simple"},"yoast_head":"<!-- This site is optimized with the Yoast SEO plugin v27.4 - https:\/\/yoast.com\/product\/yoast-seo-wordpress\/ -->\n<title>Her\u00f4me Cr\u00e8me Mains Protection de Jour SPF8 75ml - Maroc Prix<\/title>\n<meta name=\"description\" content=\"Her\u00f4me Cr\u00e8me Mains Protection de Jour SPF8 75ml\" \/>\n<meta name=\"robots\" content=\"index, follow, max-snippet:-1, max-image-preview:large, max-video-preview:-1\" \/>\n<link rel=\"canonical\" href=\"https:\/\/vitablanca.ma\/ar\/product-2\/herome-creme-mains-protection-de-jour-spf8-75ml\/\" \/>\n<meta property=\"og:locale\" content=\"ar_AR\" \/>\n<meta property=\"og:type\" content=\"article\" \/>\n<meta property=\"og:title\" content=\"Her\u00f4me Cr\u00e8me Mains Protection de Jour SPF8 75ml - Maroc Prix\" \/>\n<meta property=\"og:description\" content=\"Her\u00f4me Cr\u00e8me Mains Protection de Jour SPF8 75ml\" \/>\n<meta property=\"og:url\" content=\"https:\/\/vitablanca.ma\/ar\/product-2\/herome-creme-mains-protection-de-jour-spf8-75ml\/\" \/>\n<meta property=\"og:site_name\" content=\"Vitablanca.ma &ndash; Sant&eacute;, vitalit&eacute; et bien-&ecirc;tre pour tous les Marocains\" \/>\n<meta property=\"article:publisher\" content=\"https:\/\/www.facebook.com\/profile.php?id=61576678196717\" \/>\n<meta property=\"og:image\" content=\"https:\/\/vitablanca.ma\/wp-content\/uploads\/2025\/06\/Magnesium_2024_1400_x787_002.jpg\" \/>\n\t<meta property=\"og:image:width\" content=\"950\" \/>\n\t<meta property=\"og:image:height\" content=\"534\" \/>\n\t<meta property=\"og:image:type\" content=\"image\/jpeg\" \/>\n<meta name=\"twitter:card\" content=\"summary_large_image\" \/>\n<meta name=\"twitter:label1\" content=\"\u0648\u0642\u062a \u0627\u0644\u0642\u0631\u0627\u0621\u0629 \u0627\u0644\u0645\u064f\u0642\u062f\u0651\u0631\" \/>\n\t<meta name=\"twitter:data1\" content=\"\u062f\u0642\u064a\u0642\u0629 \u0648\u0627\u062d\u062f\u0629\" \/>\n<script type=\"application\/ld+json\" class=\"yoast-schema-graph\">{\"@context\":\"https:\\\/\\\/schema.org\",\"@graph\":[{\"@type\":[\"WebPage\",\"ItemPage\"],\"@id\":\"https:\\\/\\\/vitablanca.ma\\\/produit\\\/herome-creme-mains-protection-de-jour-spf8-75ml\\\/\",\"url\":\"https:\\\/\\\/vitablanca.ma\\\/produit\\\/herome-creme-mains-protection-de-jour-spf8-75ml\\\/\",\"name\":\"Her\u00f4me Cr\u00e8me Mains Protection de Jour SPF8 75ml - Maroc Prix\",\"isPartOf\":{\"@id\":\"https:\\\/\\\/vitablanca.ma\\\/#website\"},\"datePublished\":\"2025-06-10T17:40:53+00:00\",\"description\":\"Her\u00f4me Cr\u00e8me Mains Protection de Jour SPF8 75ml\",\"breadcrumb\":{\"@id\":\"https:\\\/\\\/vitablanca.ma\\\/produit\\\/herome-creme-mains-protection-de-jour-spf8-75ml\\\/#breadcrumb\"},\"inLanguage\":\"ar\",\"potentialAction\":[{\"@type\":\"ReadAction\",\"target\":[\"https:\\\/\\\/vitablanca.ma\\\/produit\\\/herome-creme-mains-protection-de-jour-spf8-75ml\\\/\"]}]},{\"@type\":\"BreadcrumbList\",\"@id\":\"https:\\\/\\\/vitablanca.ma\\\/produit\\\/herome-creme-mains-protection-de-jour-spf8-75ml\\\/#breadcrumb\",\"itemListElement\":[{\"@type\":\"ListItem\",\"position\":1,\"name\":\"Home\",\"item\":\"https:\\\/\\\/vitablanca.ma\\\/\"},{\"@type\":\"ListItem\",\"position\":2,\"name\":\"Tous Les Produits\",\"item\":\"https:\\\/\\\/vitablanca.ma\\\/tous-les-produits\\\/\"},{\"@type\":\"ListItem\",\"position\":3,\"name\":\"Her\u00f4me Cr\u00e8me Mains Protection de Jour SPF8 75ml\"}]},{\"@type\":\"WebSite\",\"@id\":\"https:\\\/\\\/vitablanca.ma\\\/#website\",\"url\":\"https:\\\/\\\/vitablanca.ma\\\/\",\"name\":\"VitaBlanca.ma | Compl\u00e9ments alimentaires, sant\u00e9 & beaut\u00e9 au Maroc\",\"description\":\"vendre vitamines et compl\u00e9ments premium des USA &amp; Canada, Nouvelle Z\u00e9lande,Maroc (NOW Foods, Solgar, Manuka). Livraison rapide partout au Maroc.\",\"publisher\":{\"@id\":\"https:\\\/\\\/vitablanca.ma\\\/#organization\"},\"alternateName\":\"VitaBlanca.ma\",\"potentialAction\":[{\"@type\":\"SearchAction\",\"target\":{\"@type\":\"EntryPoint\",\"urlTemplate\":\"https:\\\/\\\/vitablanca.ma\\\/?s={search_term_string}\"},\"query-input\":{\"@type\":\"PropertyValueSpecification\",\"valueRequired\":true,\"valueName\":\"search_term_string\"}}],\"inLanguage\":\"ar\"},{\"@type\":\"Organization\",\"@id\":\"https:\\\/\\\/vitablanca.ma\\\/#organization\",\"name\":\"VitaBlanca\",\"url\":\"https:\\\/\\\/vitablanca.ma\\\/\",\"logo\":{\"@type\":\"ImageObject\",\"inLanguage\":\"ar\",\"@id\":\"https:\\\/\\\/vitablanca.ma\\\/#\\\/schema\\\/logo\\\/image\\\/\",\"url\":\"https:\\\/\\\/vitablanca.ma\\\/wp-content\\\/uploads\\\/2025\\\/05\\\/cropped-vitablanca.png\",\"contentUrl\":\"https:\\\/\\\/vitablanca.ma\\\/wp-content\\\/uploads\\\/2025\\\/05\\\/cropped-vitablanca.png\",\"width\":360,\"height\":67,\"caption\":\"VitaBlanca\"},\"image\":{\"@id\":\"https:\\\/\\\/vitablanca.ma\\\/#\\\/schema\\\/logo\\\/image\\\/\"},\"sameAs\":[\"https:\\\/\\\/www.facebook.com\\\/profile.php?id=61576678196717\",\"https:\\\/\\\/www.tiktok.com\\\/@vitablanca.ma\",\"https:\\\/\\\/www.instagram.com\\\/vitablanca.ma\\\/\"]}]}<\/script>\n<!-- \/ Yoast SEO plugin. -->","yoast_head_json":{"title":"Her\u00f4me Cr\u00e8me Mains Protection de Jour SPF8 75ml - Maroc Prix","description":"\u0643\u0631\u064a\u0645 \u0647\u064a\u0631\u0648\u0645 \u0644\u0644\u064a\u062f\u064a\u0646 \u0627\u0644\u0646\u0647\u0627\u0631\u064a \u0628\u0639\u0627\u0645\u0644 \u062d\u0645\u0627\u064a\u0629 \u0645\u0646 \u0627\u0644\u0634\u0645\u0633 8\u060c 75 \u0645\u0644","robots":{"index":"index","follow":"follow","max-snippet":"max-snippet:-1","max-image-preview":"max-image-preview:large","max-video-preview":"max-video-preview:-1"},"canonical":"https:\/\/vitablanca.ma\/ar\/product-2\/herome-creme-mains-protection-de-jour-spf8-75ml\/","og_locale":"ar_AR","og_type":"article","og_title":"Her\u00f4me Cr\u00e8me Mains Protection de Jour SPF8 75ml - Maroc Prix","og_description":"Her\u00f4me Cr\u00e8me Mains Protection de Jour SPF8 75ml","og_url":"https:\/\/vitablanca.ma\/ar\/product-2\/herome-creme-mains-protection-de-jour-spf8-75ml\/","og_site_name":"Vitablanca.ma &ndash; Sant&eacute;, vitalit&eacute; et bien-&ecirc;tre pour tous les Marocains","article_publisher":"https:\/\/www.facebook.com\/profile.php?id=61576678196717","og_image":[{"width":950,"height":534,"url":"https:\/\/vitablanca.ma\/wp-content\/uploads\/2025\/06\/Magnesium_2024_1400_x787_002.jpg","type":"image\/jpeg"}],"twitter_card":"summary_large_image","twitter_misc":{"\u0648\u0642\u062a \u0627\u0644\u0642\u0631\u0627\u0621\u0629 \u0627\u0644\u0645\u064f\u0642\u062f\u0651\u0631":"\u062f\u0642\u064a\u0642\u0629 \u0648\u0627\u062d\u062f\u0629"},"schema":{"@context":"https:\/\/schema.org","@graph":[{"@type":["WebPage","ItemPage"],"@id":"https:\/\/vitablanca.ma\/produit\/herome-creme-mains-protection-de-jour-spf8-75ml\/","url":"https:\/\/vitablanca.ma\/produit\/herome-creme-mains-protection-de-jour-spf8-75ml\/","name":"Her\u00f4me Cr\u00e8me Mains Protection de Jour SPF8 75ml - Maroc Prix","isPartOf":{"@id":"https:\/\/vitablanca.ma\/#website"},"datePublished":"2025-06-10T17:40:53+00:00","description":"\u0643\u0631\u064a\u0645 \u0647\u064a\u0631\u0648\u0645 \u0644\u0644\u064a\u062f\u064a\u0646 \u0627\u0644\u0646\u0647\u0627\u0631\u064a \u0628\u0639\u0627\u0645\u0644 \u062d\u0645\u0627\u064a\u0629 \u0645\u0646 \u0627\u0644\u0634\u0645\u0633 8\u060c 75 \u0645\u0644","breadcrumb":{"@id":"https:\/\/vitablanca.ma\/produit\/herome-creme-mains-protection-de-jour-spf8-75ml\/#breadcrumb"},"inLanguage":"ar","potentialAction":[{"@type":"ReadAction","target":["https:\/\/vitablanca.ma\/produit\/herome-creme-mains-protection-de-jour-spf8-75ml\/"]}]},{"@type":"BreadcrumbList","@id":"https:\/\/vitablanca.ma\/produit\/herome-creme-mains-protection-de-jour-spf8-75ml\/#breadcrumb","itemListElement":[{"@type":"ListItem","position":1,"name":"Home","item":"https:\/\/vitablanca.ma\/"},{"@type":"ListItem","position":2,"name":"Tous Les Produits","item":"https:\/\/vitablanca.ma\/tous-les-produits\/"},{"@type":"ListItem","position":3,"name":"Her\u00f4me Cr\u00e8me Mains Protection de Jour SPF8 75ml"}]},{"@type":"WebSite","@id":"https:\/\/vitablanca.ma\/#website","url":"https:\/\/vitablanca.ma\/","name":"VitaBlanca.ma | \u0627\u0644\u0645\u0643\u0645\u0644\u0627\u062a \u0627\u0644\u063a\u0630\u0627\u0626\u064a\u0629\u060c \u0627\u0644\u0635\u062d\u0629 \u0648\u0627\u0644\u062c\u0645\u0627\u0644 \u0641\u064a \u0627\u0644\u0645\u063a\u0631\u0628","description":"\u0646\u0628\u064a\u0639 \u0641\u064a\u062a\u0627\u0645\u064a\u0646\u0627\u062a \u0648\u0645\u0643\u0645\u0644\u0627\u062a \u063a\u0630\u0627\u0626\u064a\u0629 \u0641\u0627\u062e\u0631\u0629 \u0645\u0646 \u0627\u0644\u0648\u0644\u0627\u064a\u0627\u062a \u0627\u0644\u0645\u062a\u062d\u062f\u0629 \u0627\u0644\u0623\u0645\u0631\u064a\u0643\u064a\u0629 \u0648\u0643\u0646\u062f\u0627 \u0648\u0646\u064a\u0648\u0632\u064a\u0644\u0646\u062f\u0627 \u0648\u0627\u0644\u0645\u063a\u0631\u0628 (\u0646\u0627\u0648 \u0641\u0648\u062f\u0632\u060c \u0633\u0648\u0644\u062c\u0627\u0631\u060c \u0645\u0627\u0646\u0648\u0643\u0627). \u062a\u0648\u0635\u064a\u0644 \u0633\u0631\u064a\u0639 \u0625\u0644\u0649 \u062c\u0645\u064a\u0639 \u0623\u0646\u062d\u0627\u0621 \u0627\u0644\u0645\u063a\u0631\u0628.","publisher":{"@id":"https:\/\/vitablanca.ma\/#organization"},"alternateName":"VitaBlanca.ma","potentialAction":[{"@type":"SearchAction","target":{"@type":"EntryPoint","urlTemplate":"https:\/\/vitablanca.ma\/?s={search_term_string}"},"query-input":{"@type":"PropertyValueSpecification","valueRequired":true,"valueName":"search_term_string"}}],"inLanguage":"ar"},{"@type":"Organization","@id":"https:\/\/vitablanca.ma\/#organization","name":"\u0641\u064a\u062a\u0627\u0628\u0644\u0627\u0646\u0643\u0627","url":"https:\/\/vitablanca.ma\/","logo":{"@type":"ImageObject","inLanguage":"ar","@id":"https:\/\/vitablanca.ma\/#\/schema\/logo\/image\/","url":"https:\/\/vitablanca.ma\/wp-content\/uploads\/2025\/05\/cropped-vitablanca.png","contentUrl":"https:\/\/vitablanca.ma\/wp-content\/uploads\/2025\/05\/cropped-vitablanca.png","width":360,"height":67,"caption":"VitaBlanca"},"image":{"@id":"https:\/\/vitablanca.ma\/#\/schema\/logo\/image\/"},"sameAs":["https:\/\/www.facebook.com\/profile.php?id=61576678196717","https:\/\/www.tiktok.com\/@vitablanca.ma","https:\/\/www.instagram.com\/vitablanca.ma\/"]}]}},"jetpack_sharing_enabled":true,"_links":{"self":[{"href":"https:\/\/vitablanca.ma\/ar\/wp-json\/wp\/v2\/product\/18913","targetHints":{"allow":["GET"]}}],"collection":[{"href":"https:\/\/vitablanca.ma\/ar\/wp-json\/wp\/v2\/product"}],"about":[{"href":"https:\/\/vitablanca.ma\/ar\/wp-json\/wp\/v2\/types\/product"}],"wp:attachment":[{"href":"https:\/\/vitablanca.ma\/ar\/wp-json\/wp\/v2\/media?parent=18913"}],"wp:term":[{"taxonomy":"product_brand","embeddable":true,"href":"https:\/\/vitablanca.ma\/ar\/wp-json\/wp\/v2\/product_brand?post=18913"},{"taxonomy":"product_cat","embeddable":true,"href":"https:\/\/vitablanca.ma\/ar\/wp-json\/wp\/v2\/product_cat?post=18913"},{"taxonomy":"product_tag","embeddable":true,"href":"https:\/\/vitablanca.ma\/ar\/wp-json\/wp\/v2\/product_tag?post=18913"}],"curies":[{"name":"wp","href":"https:\/\/api.w.org\/{rel}","templated":true}]}}