{"id":18885,"date":"2025-06-10T17:39:41","date_gmt":"2025-06-10T17:39:41","guid":{"rendered":"https:\/\/vitablanca.ma\/product\/gph-diffusion-reine-des-pres-215-mg-gelules\/"},"modified":"2026-01-21T17:07:54","modified_gmt":"2026-01-21T17:07:54","slug":"gph-diffusion-reine-des-pres-215-mg-gelules","status":"publish","type":"product","link":"https:\/\/vitablanca.ma\/ar\/product-2\/gph-diffusion-reine-des-pres-215-mg-gelules\/","title":{"rendered":"\u0643\u0628\u0633\u0648\u0644\u0627\u062a GPH Diffusion Meadowsweet 215 \u0645\u062c\u0645"},"content":{"rendered":"<h2><span data-mce-fragment=\"1\">GPH Diffusion Meadowsweet 215 mg <\/span><\/h2>\n<p><span data-mce-fragment=\"1\">200 \u0643\u0628\u0633\u0648\u0644\u0629<\/span><\/p>\n<div class=\"rte\">\n<ul>\n<li><strong>\u0627\u0644\u062a\u062e\u0644\u0635 \u0645\u0646 \u0627\u0644\u0633\u0645\u0648\u0645 \u0627\u0644\u0643\u0644\u0648\u064a\u0629. \u062a\u062e\u0641\u064a\u0641 \u0622\u0644\u0627\u0645 \u0627\u0644\u0645\u0641\u0627\u0635\u0644.<\/strong><\/li>\n<li><strong>Favorise le drainage et l\u2019\u00e9limination de l\u2019eau et des toxines.<\/strong><\/li>\n<li><strong>Soutient la mobilit\u00e9 et l\u2019\u00e9limination.<\/strong><\/li>\n<\/ul>\n<p>La reine des pr\u00e9s a dans la pharmacop\u00e9e traditionnelle des propri\u00e9t\u00e9s reconnues stimulantes pour l\u2019<strong>\u00e9limination de l\u2019eau et des toxines<\/strong>.<\/p>\n<p>\u0643\u0645\u0627 \u0623\u0646\u0647 \u064a\u0633\u0627\u0639\u062f \u0639\u0644\u0649 \u0627\u0644\u062d\u062f \u0645\u0646<strong><span>\u00a0<\/span>exc\u00e8s d\u2019acidit\u00e9.<\/strong><\/p>\n<p>Elle est utilis\u00e9e depuis longtemps dans le cadre des r\u00e9gimes amincissants pour aider \u00e0 drainer l\u2019exc\u00e8s d\u2019eau dans les tissus adipeux et donc \u00e0<span>\u00a0<\/span><strong>\u062a\u0642\u0644\u064a\u0644 \u0631\u0648\u0627\u0633\u0628 \u0627\u0644\u0633\u064a\u0644\u0648\u0644\u064a\u062a<\/strong>.<\/p>\n<p><span>\u0643\u0645\u0627 \u064a\u062a\u0645 \u0627\u0633\u062a\u062e\u062f\u0627\u0645\u0647 \u062a\u0642\u0644\u064a\u062f\u064a\u0627 \u0644\u062f\u0639\u0645 \u0627\u0644\u0623\u0645\u0631\u0627\u0636 \u0627\u0644\u0631\u0648\u0645\u0627\u062a\u064a\u0632\u0645\u064a\u0629 \u0648\u0627\u0644\u0645\u0641\u0627\u0635\u0644.<\/span><\/p>\n<section id=\"prod-conseil\" class=\"page-product-box\">\n<h3 class=\"bottom-title\">\u0637\u0631\u064a\u0642\u0629 \u0627\u0644\u0627\u0633\u062a\u062e\u062f\u0627\u0645:<\/h3>\n<div class=\"bottom-title\">2 \u00e0 3 g\u00e9lules par jour avec un grand verre d\u2019eau au cours des repas et dans le cadre d\u2019une alimentation \u00e9quilibr\u00e9e.<\/div>\n<div>\n<p>\u064a\u064f\u062d\u0641\u0638 \u0628\u0639\u064a\u062f\u064b\u0627 \u0639\u0646 \u0645\u062a\u0646\u0627\u0648\u0644 \u0627\u0644\u0623\u0637\u0641\u0627\u0644. \u0644\u0627 \u062a\u062a\u062c\u0627\u0648\u0632 \u0627\u0644\u062c\u0631\u0639\u0629 \u0627\u0644\u064a\u0648\u0645\u064a\u0629 \u0627\u0644\u0645\u0648\u0635\u0649 \u0628\u0647\u0627.<\/p>\n<\/div>\n<\/section>\n<section id=\"prod-ingredient\" class=\"page-product-box\">\n<h3 class=\"bottom-title\">\u0645\u0643\u0648\u0646\u0627\u062a:<\/h3>\n<div class=\"bottom-title\"><span><strong>\u0644\u062a\u0646\u0627\u0648\u0644 3 \u0643\u0628\u0633\u0648\u0644\u0627\u062a \u0645\u0646 \u0645\u0633\u062a\u062e\u0644\u0635 \u0627\u0644\u0645\u0631\u0648\u062c \u0627\u0644\u0639\u0636\u0648\u064a \u064a\u0648\u0645\u064a\u064b\u0627:<\/strong><\/span><\/div>\n<div>\n<ul>\n<li><span>\u0645\u0633\u062d\u0648\u0642 \u0646\u0628\u0627\u062a \u0627\u0644\u0645\u0631\u0648\u062c \u0627\u0644\u062d\u0644\u0648\u0629*: 645 \u0645\u0644\u063a<\/span><\/li>\n<li><span>\u0627\u0644\u063a\u0644\u0627\u0641 (\u0627\u0644\u0633\u0644\u064a\u0644\u0648\u0632): 225 \u0645\u0644\u063a<\/span><\/li>\n<\/ul>\n<p><span><strong>\u0627\u0644\u0648\u0632\u0646 \u0627\u0644\u0635\u0627\u0641\u064a \u0627\u0644\u0625\u062c\u0645\u0627\u0644\u064a<\/strong>\u00a0: 58 \u062c\u0631\u0627\u0645<\/span><\/p>\n<p><span>*Produit issu de l\u2019agriculture biologique.<\/span><\/p>\n<\/div>\n<\/section>\n<\/div>","protected":false},"excerpt":{"rendered":"<p>GPH Diffusion Reine Des Pr\u00e9s 215 mg 200 G\u00e9lules \u00c9limination r\u00e9nale. Soulagement articulaire. Favorise le drainage et l\u2019\u00e9limination de l\u2019eau et des toxines. Soutient la mobilit\u00e9 et l\u2019\u00e9limination. La reine des pr\u00e9s a dans la pharmacop\u00e9e traditionnelle des propri\u00e9t\u00e9s reconnues stimulantes pour l\u2019\u00e9limination de l\u2019eau et des toxines. Elle permet \u00e9galement de limiter les\u00a0exc\u00e8s d\u2019acidit\u00e9. [&hellip;]<\/p>\n","protected":false},"featured_media":18879,"template":"","meta":{"om_disable_all_campaigns":false},"product_brand":[5979],"product_cat":[18,15,3366],"product_tag":[],"class_list":{"0":"post-18885","1":"product","2":"type-product","3":"status-publish","4":"has-post-thumbnail","6":"product_brand-gph-maroc-prix","7":"product_cat-beaute-sante","8":"product_cat-beaute-sante-complements-alimentaires-soins-et-bien-etre-au-meilleur-prix","9":"product_cat-complements-alimentaires-au-maroc-vitablanca","11":"first","12":"instock","13":"sale","14":"taxable","15":"shipping-taxable","16":"purchasable","17":"product-type-variable"},"yoast_head":"<!-- This site is optimized with the Yoast SEO plugin v27.5 - https:\/\/yoast.com\/product\/yoast-seo-wordpress\/ -->\n<title>GPH Diffusion Reine Des Pr\u00e9s 215 mg G\u00e9lules - Maroc Prix<\/title>\n<meta name=\"description\" content=\"GPH Diffusion Reine Des Pr\u00e9s 215 mg G\u00e9lules\" \/>\n<meta name=\"robots\" content=\"index, follow, max-snippet:-1, max-image-preview:large, max-video-preview:-1\" \/>\n<link rel=\"canonical\" href=\"https:\/\/vitablanca.ma\/ar\/product-2\/gph-diffusion-reine-des-pres-215-mg-gelules\/\" \/>\n<meta property=\"og:locale\" content=\"ar_AR\" \/>\n<meta property=\"og:type\" content=\"article\" \/>\n<meta property=\"og:title\" content=\"GPH Diffusion Reine Des Pr\u00e9s 215 mg G\u00e9lules - Maroc Prix\" \/>\n<meta property=\"og:description\" content=\"GPH Diffusion Reine Des Pr\u00e9s 215 mg G\u00e9lules\" \/>\n<meta property=\"og:url\" content=\"https:\/\/vitablanca.ma\/ar\/product-2\/gph-diffusion-reine-des-pres-215-mg-gelules\/\" \/>\n<meta property=\"og:site_name\" content=\"Vitablanca.ma &ndash; Sant&eacute;, vitalit&eacute; et bien-&ecirc;tre pour tous les Marocains\" \/>\n<meta property=\"article:publisher\" content=\"https:\/\/www.facebook.com\/profile.php?id=61576678196717\" \/>\n<meta property=\"article:modified_time\" content=\"2026-01-21T17:07:54+00:00\" \/>\n<meta property=\"og:image\" content=\"https:\/\/vitablanca.ma\/wp-content\/uploads\/2025\/06\/GPH-Diffusion-Reine-Des-Pres-215-mg-200-Gelules-prix-maroc-parapharmacie-casablanca.jpg\" \/>\n\t<meta property=\"og:image:width\" content=\"1000\" \/>\n\t<meta property=\"og:image:height\" content=\"1000\" \/>\n\t<meta property=\"og:image:type\" content=\"image\/jpeg\" \/>\n<meta name=\"twitter:card\" content=\"summary_large_image\" \/>\n<meta name=\"twitter:label1\" content=\"\u0648\u0642\u062a \u0627\u0644\u0642\u0631\u0627\u0621\u0629 \u0627\u0644\u0645\u064f\u0642\u062f\u0651\u0631\" \/>\n\t<meta name=\"twitter:data1\" content=\"\u062f\u0642\u064a\u0642\u0629 \u0648\u0627\u062d\u062f\u0629\" \/>\n<script type=\"application\/ld+json\" class=\"yoast-schema-graph\">{\"@context\":\"https:\\\/\\\/schema.org\",\"@graph\":[{\"@type\":[\"WebPage\",\"ItemPage\"],\"@id\":\"https:\\\/\\\/vitablanca.ma\\\/produit\\\/gph-diffusion-reine-des-pres-215-mg-gelules\\\/\",\"url\":\"https:\\\/\\\/vitablanca.ma\\\/produit\\\/gph-diffusion-reine-des-pres-215-mg-gelules\\\/\",\"name\":\"GPH Diffusion Reine Des Pr\u00e9s 215 mg G\u00e9lules - Maroc Prix\",\"isPartOf\":{\"@id\":\"https:\\\/\\\/vitablanca.ma\\\/#website\"},\"primaryImageOfPage\":{\"@id\":\"https:\\\/\\\/vitablanca.ma\\\/produit\\\/gph-diffusion-reine-des-pres-215-mg-gelules\\\/#primaryimage\"},\"image\":{\"@id\":\"https:\\\/\\\/vitablanca.ma\\\/produit\\\/gph-diffusion-reine-des-pres-215-mg-gelules\\\/#primaryimage\"},\"thumbnailUrl\":\"https:\\\/\\\/vitablanca.ma\\\/wp-content\\\/uploads\\\/2025\\\/06\\\/GPH-Diffusion-Reine-Des-Pres-215-mg-200-Gelules-prix-maroc-parapharmacie-casablanca.jpg\",\"datePublished\":\"2025-06-10T17:39:41+00:00\",\"dateModified\":\"2026-01-21T17:07:54+00:00\",\"description\":\"GPH Diffusion Reine Des Pr\u00e9s 215 mg G\u00e9lules\",\"breadcrumb\":{\"@id\":\"https:\\\/\\\/vitablanca.ma\\\/produit\\\/gph-diffusion-reine-des-pres-215-mg-gelules\\\/#breadcrumb\"},\"inLanguage\":\"ar\",\"potentialAction\":[{\"@type\":\"ReadAction\",\"target\":[\"https:\\\/\\\/vitablanca.ma\\\/produit\\\/gph-diffusion-reine-des-pres-215-mg-gelules\\\/\"]}]},{\"@type\":\"ImageObject\",\"inLanguage\":\"ar\",\"@id\":\"https:\\\/\\\/vitablanca.ma\\\/produit\\\/gph-diffusion-reine-des-pres-215-mg-gelules\\\/#primaryimage\",\"url\":\"https:\\\/\\\/vitablanca.ma\\\/wp-content\\\/uploads\\\/2025\\\/06\\\/GPH-Diffusion-Reine-Des-Pres-215-mg-200-Gelules-prix-maroc-parapharmacie-casablanca.jpg\",\"contentUrl\":\"https:\\\/\\\/vitablanca.ma\\\/wp-content\\\/uploads\\\/2025\\\/06\\\/GPH-Diffusion-Reine-Des-Pres-215-mg-200-Gelules-prix-maroc-parapharmacie-casablanca.jpg\",\"width\":1000,\"height\":1000},{\"@type\":\"BreadcrumbList\",\"@id\":\"https:\\\/\\\/vitablanca.ma\\\/produit\\\/gph-diffusion-reine-des-pres-215-mg-gelules\\\/#breadcrumb\",\"itemListElement\":[{\"@type\":\"ListItem\",\"position\":1,\"name\":\"Home\",\"item\":\"https:\\\/\\\/vitablanca.ma\\\/\"},{\"@type\":\"ListItem\",\"position\":2,\"name\":\"Tous Les Produits\",\"item\":\"https:\\\/\\\/vitablanca.ma\\\/tous-les-produits\\\/\"},{\"@type\":\"ListItem\",\"position\":3,\"name\":\"GPH Diffusion Reine Des Pr\u00e9s 215 mg G\u00e9lules\"}]},{\"@type\":\"WebSite\",\"@id\":\"https:\\\/\\\/vitablanca.ma\\\/#website\",\"url\":\"https:\\\/\\\/vitablanca.ma\\\/\",\"name\":\"VitaBlanca.ma | Compl\u00e9ments alimentaires, sant\u00e9 & beaut\u00e9 au Maroc\",\"description\":\"vendre vitamines et compl\u00e9ments premium des USA &amp; Canada, Nouvelle Z\u00e9lande,Maroc (NOW Foods, Solgar, Manuka). Livraison rapide partout au Maroc.\",\"publisher\":{\"@id\":\"https:\\\/\\\/vitablanca.ma\\\/#organization\"},\"alternateName\":\"VitaBlanca.ma\",\"potentialAction\":[{\"@type\":\"SearchAction\",\"target\":{\"@type\":\"EntryPoint\",\"urlTemplate\":\"https:\\\/\\\/vitablanca.ma\\\/?s={search_term_string}\"},\"query-input\":{\"@type\":\"PropertyValueSpecification\",\"valueRequired\":true,\"valueName\":\"search_term_string\"}}],\"inLanguage\":\"ar\"},{\"@type\":\"Organization\",\"@id\":\"https:\\\/\\\/vitablanca.ma\\\/#organization\",\"name\":\"VitaBlanca\",\"url\":\"https:\\\/\\\/vitablanca.ma\\\/\",\"logo\":{\"@type\":\"ImageObject\",\"inLanguage\":\"ar\",\"@id\":\"https:\\\/\\\/vitablanca.ma\\\/#\\\/schema\\\/logo\\\/image\\\/\",\"url\":\"https:\\\/\\\/vitablanca.ma\\\/wp-content\\\/uploads\\\/2025\\\/05\\\/cropped-vitablanca.png\",\"contentUrl\":\"https:\\\/\\\/vitablanca.ma\\\/wp-content\\\/uploads\\\/2025\\\/05\\\/cropped-vitablanca.png\",\"width\":360,\"height\":67,\"caption\":\"VitaBlanca\"},\"image\":{\"@id\":\"https:\\\/\\\/vitablanca.ma\\\/#\\\/schema\\\/logo\\\/image\\\/\"},\"sameAs\":[\"https:\\\/\\\/www.facebook.com\\\/profile.php?id=61576678196717\",\"https:\\\/\\\/www.tiktok.com\\\/@vitablanca.ma\",\"https:\\\/\\\/www.instagram.com\\\/vitablanca.ma\\\/\"]}]}<\/script>\n<!-- \/ Yoast SEO plugin. -->","yoast_head_json":{"title":"GPH Diffusion Reine Des Pr\u00e9s 215 mg \u0643\u0628\u0633\u0648\u0644\u0627\u062a - \u0633\u0639\u0631 \u0627\u0644\u0645\u063a\u0631\u0628","description":"\u0643\u0628\u0633\u0648\u0644\u0627\u062a GPH Diffusion Meadowsweet 215 \u0645\u062c\u0645","robots":{"index":"index","follow":"follow","max-snippet":"max-snippet:-1","max-image-preview":"max-image-preview:large","max-video-preview":"max-video-preview:-1"},"canonical":"https:\/\/vitablanca.ma\/ar\/product-2\/gph-diffusion-reine-des-pres-215-mg-gelules\/","og_locale":"ar_AR","og_type":"article","og_title":"GPH Diffusion Reine Des Pr\u00e9s 215 mg G\u00e9lules - Maroc Prix","og_description":"GPH Diffusion Reine Des Pr\u00e9s 215 mg G\u00e9lules","og_url":"https:\/\/vitablanca.ma\/ar\/product-2\/gph-diffusion-reine-des-pres-215-mg-gelules\/","og_site_name":"Vitablanca.ma &ndash; Sant&eacute;, vitalit&eacute; et bien-&ecirc;tre pour tous les Marocains","article_publisher":"https:\/\/www.facebook.com\/profile.php?id=61576678196717","article_modified_time":"2026-01-21T17:07:54+00:00","og_image":[{"width":1000,"height":1000,"url":"https:\/\/vitablanca.ma\/wp-content\/uploads\/2025\/06\/GPH-Diffusion-Reine-Des-Pres-215-mg-200-Gelules-prix-maroc-parapharmacie-casablanca.jpg","type":"image\/jpeg"}],"twitter_card":"summary_large_image","twitter_misc":{"\u0648\u0642\u062a \u0627\u0644\u0642\u0631\u0627\u0621\u0629 \u0627\u0644\u0645\u064f\u0642\u062f\u0651\u0631":"\u062f\u0642\u064a\u0642\u0629 \u0648\u0627\u062d\u062f\u0629"},"schema":{"@context":"https:\/\/schema.org","@graph":[{"@type":["WebPage","ItemPage"],"@id":"https:\/\/vitablanca.ma\/produit\/gph-diffusion-reine-des-pres-215-mg-gelules\/","url":"https:\/\/vitablanca.ma\/produit\/gph-diffusion-reine-des-pres-215-mg-gelules\/","name":"GPH Diffusion Reine Des Pr\u00e9s 215 mg \u0643\u0628\u0633\u0648\u0644\u0627\u062a - \u0633\u0639\u0631 \u0627\u0644\u0645\u063a\u0631\u0628","isPartOf":{"@id":"https:\/\/vitablanca.ma\/#website"},"primaryImageOfPage":{"@id":"https:\/\/vitablanca.ma\/produit\/gph-diffusion-reine-des-pres-215-mg-gelules\/#primaryimage"},"image":{"@id":"https:\/\/vitablanca.ma\/produit\/gph-diffusion-reine-des-pres-215-mg-gelules\/#primaryimage"},"thumbnailUrl":"https:\/\/vitablanca.ma\/wp-content\/uploads\/2025\/06\/GPH-Diffusion-Reine-Des-Pres-215-mg-200-Gelules-prix-maroc-parapharmacie-casablanca.jpg","datePublished":"2025-06-10T17:39:41+00:00","dateModified":"2026-01-21T17:07:54+00:00","description":"\u0643\u0628\u0633\u0648\u0644\u0627\u062a GPH Diffusion Meadowsweet 215 \u0645\u062c\u0645","breadcrumb":{"@id":"https:\/\/vitablanca.ma\/produit\/gph-diffusion-reine-des-pres-215-mg-gelules\/#breadcrumb"},"inLanguage":"ar","potentialAction":[{"@type":"ReadAction","target":["https:\/\/vitablanca.ma\/produit\/gph-diffusion-reine-des-pres-215-mg-gelules\/"]}]},{"@type":"ImageObject","inLanguage":"ar","@id":"https:\/\/vitablanca.ma\/produit\/gph-diffusion-reine-des-pres-215-mg-gelules\/#primaryimage","url":"https:\/\/vitablanca.ma\/wp-content\/uploads\/2025\/06\/GPH-Diffusion-Reine-Des-Pres-215-mg-200-Gelules-prix-maroc-parapharmacie-casablanca.jpg","contentUrl":"https:\/\/vitablanca.ma\/wp-content\/uploads\/2025\/06\/GPH-Diffusion-Reine-Des-Pres-215-mg-200-Gelules-prix-maroc-parapharmacie-casablanca.jpg","width":1000,"height":1000},{"@type":"BreadcrumbList","@id":"https:\/\/vitablanca.ma\/produit\/gph-diffusion-reine-des-pres-215-mg-gelules\/#breadcrumb","itemListElement":[{"@type":"ListItem","position":1,"name":"Home","item":"https:\/\/vitablanca.ma\/"},{"@type":"ListItem","position":2,"name":"Tous Les Produits","item":"https:\/\/vitablanca.ma\/tous-les-produits\/"},{"@type":"ListItem","position":3,"name":"GPH Diffusion Reine Des Pr\u00e9s 215 mg G\u00e9lules"}]},{"@type":"WebSite","@id":"https:\/\/vitablanca.ma\/#website","url":"https:\/\/vitablanca.ma\/","name":"VitaBlanca.ma | \u0627\u0644\u0645\u0643\u0645\u0644\u0627\u062a \u0627\u0644\u063a\u0630\u0627\u0626\u064a\u0629\u060c \u0627\u0644\u0635\u062d\u0629 \u0648\u0627\u0644\u062c\u0645\u0627\u0644 \u0641\u064a \u0627\u0644\u0645\u063a\u0631\u0628","description":"\u0646\u0628\u064a\u0639 \u0641\u064a\u062a\u0627\u0645\u064a\u0646\u0627\u062a \u0648\u0645\u0643\u0645\u0644\u0627\u062a \u063a\u0630\u0627\u0626\u064a\u0629 \u0641\u0627\u062e\u0631\u0629 \u0645\u0646 \u0627\u0644\u0648\u0644\u0627\u064a\u0627\u062a \u0627\u0644\u0645\u062a\u062d\u062f\u0629 \u0627\u0644\u0623\u0645\u0631\u064a\u0643\u064a\u0629 \u0648\u0643\u0646\u062f\u0627 \u0648\u0646\u064a\u0648\u0632\u064a\u0644\u0646\u062f\u0627 \u0648\u0627\u0644\u0645\u063a\u0631\u0628 (\u0646\u0627\u0648 \u0641\u0648\u062f\u0632\u060c \u0633\u0648\u0644\u062c\u0627\u0631\u060c \u0645\u0627\u0646\u0648\u0643\u0627). \u062a\u0648\u0635\u064a\u0644 \u0633\u0631\u064a\u0639 \u0625\u0644\u0649 \u062c\u0645\u064a\u0639 \u0623\u0646\u062d\u0627\u0621 \u0627\u0644\u0645\u063a\u0631\u0628.","publisher":{"@id":"https:\/\/vitablanca.ma\/#organization"},"alternateName":"VitaBlanca.ma","potentialAction":[{"@type":"SearchAction","target":{"@type":"EntryPoint","urlTemplate":"https:\/\/vitablanca.ma\/?s={search_term_string}"},"query-input":{"@type":"PropertyValueSpecification","valueRequired":true,"valueName":"search_term_string"}}],"inLanguage":"ar"},{"@type":"Organization","@id":"https:\/\/vitablanca.ma\/#organization","name":"\u0641\u064a\u062a\u0627\u0628\u0644\u0627\u0646\u0643\u0627","url":"https:\/\/vitablanca.ma\/","logo":{"@type":"ImageObject","inLanguage":"ar","@id":"https:\/\/vitablanca.ma\/#\/schema\/logo\/image\/","url":"https:\/\/vitablanca.ma\/wp-content\/uploads\/2025\/05\/cropped-vitablanca.png","contentUrl":"https:\/\/vitablanca.ma\/wp-content\/uploads\/2025\/05\/cropped-vitablanca.png","width":360,"height":67,"caption":"VitaBlanca"},"image":{"@id":"https:\/\/vitablanca.ma\/#\/schema\/logo\/image\/"},"sameAs":["https:\/\/www.facebook.com\/profile.php?id=61576678196717","https:\/\/www.tiktok.com\/@vitablanca.ma","https:\/\/www.instagram.com\/vitablanca.ma\/"]}]}},"jetpack_sharing_enabled":true,"_links":{"self":[{"href":"https:\/\/vitablanca.ma\/ar\/wp-json\/wp\/v2\/product\/18885","targetHints":{"allow":["GET"]}}],"collection":[{"href":"https:\/\/vitablanca.ma\/ar\/wp-json\/wp\/v2\/product"}],"about":[{"href":"https:\/\/vitablanca.ma\/ar\/wp-json\/wp\/v2\/types\/product"}],"wp:featuredmedia":[{"embeddable":true,"href":"https:\/\/vitablanca.ma\/ar\/wp-json\/wp\/v2\/media\/18879"}],"wp:attachment":[{"href":"https:\/\/vitablanca.ma\/ar\/wp-json\/wp\/v2\/media?parent=18885"}],"wp:term":[{"taxonomy":"product_brand","embeddable":true,"href":"https:\/\/vitablanca.ma\/ar\/wp-json\/wp\/v2\/product_brand?post=18885"},{"taxonomy":"product_cat","embeddable":true,"href":"https:\/\/vitablanca.ma\/ar\/wp-json\/wp\/v2\/product_cat?post=18885"},{"taxonomy":"product_tag","embeddable":true,"href":"https:\/\/vitablanca.ma\/ar\/wp-json\/wp\/v2\/product_tag?post=18885"}],"curies":[{"name":"wp","href":"https:\/\/api.w.org\/{rel}","templated":true}]}}