{"id":18884,"date":"2025-06-10T17:39:41","date_gmt":"2025-06-10T17:39:41","guid":{"rendered":"https:\/\/vitablanca.ma\/product\/herome-huile-nourrissante-pour-ongles-flacon-10ml\/"},"modified":"2025-06-10T17:39:41","modified_gmt":"2025-06-10T17:39:41","slug":"herome-huile-nourrissante-pour-ongles-flacon-10ml","status":"publish","type":"product","link":"https:\/\/vitablanca.ma\/ar\/product-2\/herome-huile-nourrissante-pour-ongles-flacon-10ml\/","title":{"rendered":"Her\u00f4me Huile Nourrissante pour Ongles Flacon 10ml"},"content":{"rendered":"<h2 data-mce-fragment=\"1\">Her\u00f4me Huile Nourrissante pour Ongles Flacon\u00a0<span data-mce-fragment=\"1\">peut \u00e9galement s\u2019utiliser en combinaison avec un durcisseur.<\/span><br \/>\n<\/h2>\n<p data-mce-fragment=\"1\">Her\u00f4me Huile Nourrissante am\u00e9liore la condition des ongles et des cuticules gr\u00e2ce \u00e0 l\u2019huile d\u2019amande, l\u2019huile de citron et aux vitamines E et F. Elle \u00e9vite aux ongles durs de casser et de se fendiller. L\u2019huile nourrissante convient parfaitement aux ongles secs (stri\u00e9s), durs, d\u00e9doubl\u00e9s, fragiles et stimule la pousse des ongles. Elle nourrit l\u2019ongle et la cuticule en les rendant plus souples et plus doux. Elle peut \u00e9galement s\u2019utiliser en combinaison avec un durcisseur.<\/p>\n<h3 data-mce-fragment=\"1\">B\u00e9n\u00e9fice produit<\/h3>\n<p data-mce-fragment=\"1\">Aide \u00e0 la repousse de l\u2019ongle, nourrit l\u2019ongle en profondeur.<\/p>\n<h3 data-mce-fragment=\"1\">\u0637\u0631\u064a\u0642\u0629 \u0627\u0644\u0627\u0633\u062a\u062e\u062f\u0627\u0645<\/h3>\n<p data-mce-fragment=\"1\">Appliquer sur des ongles non-vernis et les cuticules de pr\u00e9f\u00e9rence le soir, puis masser avec les doigts. Pour les ongles en mauvaise condition, une utilisation quotidienne est conseill\u00e9. Elle peut \u00e9galement s\u2019utiliser en combinaison avec un durcisseur.<\/p>\n<h3 data-mce-fragment=\"1\">\u062a\u0639\u0628\u064a\u0631<\/h3>\n<p data-mce-fragment=\"1\">PRUNIS AMYGDALUS DULCIS OIL, CITRUS LIMON PEEL OIL, RICINUS COMMUNIS SEED OIL, TOCOPHERYL ACTETATE, TOCOPHEROL, GLYCERYL LINOLEATE, GLYCERYL LINOLENATE, GLYCINE SOJA OIL, LIMONENE, LINALOOL, GERANIOL, CITRAL, CI 47000<\/p>","protected":false},"excerpt":{"rendered":"<p>Her\u00f4me Huile Nourrissante pour Ongles Flacon\u00a0peut \u00e9galement s\u2019utiliser en combinaison avec un durcisseur. Her\u00f4me Huile Nourrissante am\u00e9liore la condition des ongles et des cuticules gr\u00e2ce \u00e0 l\u2019huile d\u2019amande, l\u2019huile de citron et aux vitamines E et F. Elle \u00e9vite aux ongles durs de casser et de se fendiller. L\u2019huile nourrissante convient parfaitement aux ongles secs [&hellip;]<\/p>\n","protected":false},"featured_media":18875,"template":"","meta":{"om_disable_all_campaigns":false},"product_brand":[],"product_cat":[15],"product_tag":[],"class_list":{"0":"post-18884","1":"product","2":"type-product","3":"status-publish","4":"has-post-thumbnail","6":"product_cat-beaute-sante-complements-alimentaires-soins-et-bien-etre-au-meilleur-prix","8":"first","9":"instock","10":"sale","11":"taxable","12":"shipping-taxable","13":"purchasable","14":"product-type-simple"},"yoast_head":"<!-- This site is optimized with the Yoast SEO plugin v27.5 - https:\/\/yoast.com\/product\/yoast-seo-wordpress\/ -->\n<title>Her\u00f4me Huile Nourrissante pour Ongles Flacon 10ml - Maroc Prix<\/title>\n<meta name=\"description\" content=\"Her\u00f4me Huile Nourrissante pour Ongles Flacon 10ml\" \/>\n<meta name=\"robots\" content=\"index, follow, max-snippet:-1, max-image-preview:large, max-video-preview:-1\" \/>\n<link rel=\"canonical\" href=\"https:\/\/vitablanca.ma\/ar\/product-2\/herome-huile-nourrissante-pour-ongles-flacon-10ml\/\" \/>\n<meta property=\"og:locale\" content=\"ar_AR\" \/>\n<meta property=\"og:type\" content=\"article\" \/>\n<meta property=\"og:title\" content=\"Her\u00f4me Huile Nourrissante pour Ongles Flacon 10ml - Maroc Prix\" \/>\n<meta property=\"og:description\" content=\"Her\u00f4me Huile Nourrissante pour Ongles Flacon 10ml\" \/>\n<meta property=\"og:url\" content=\"https:\/\/vitablanca.ma\/ar\/product-2\/herome-huile-nourrissante-pour-ongles-flacon-10ml\/\" \/>\n<meta property=\"og:site_name\" content=\"Vitablanca.ma &ndash; Sant&eacute;, vitalit&eacute; et bien-&ecirc;tre pour tous les Marocains\" \/>\n<meta property=\"article:publisher\" content=\"https:\/\/www.facebook.com\/profile.php?id=61576678196717\" \/>\n<meta property=\"og:image\" content=\"https:\/\/vitablanca.ma\/wp-content\/uploads\/2025\/06\/Herome-Huile-Nourrissante-pour-Ongles-Flacon-10ml-nova-parapharmacie-maroc.png\" \/>\n\t<meta property=\"og:image:width\" content=\"1000\" \/>\n\t<meta property=\"og:image:height\" content=\"1000\" \/>\n\t<meta property=\"og:image:type\" content=\"image\/png\" \/>\n<meta name=\"twitter:card\" content=\"summary_large_image\" \/>\n<meta name=\"twitter:label1\" content=\"\u0648\u0642\u062a \u0627\u0644\u0642\u0631\u0627\u0621\u0629 \u0627\u0644\u0645\u064f\u0642\u062f\u0651\u0631\" \/>\n\t<meta name=\"twitter:data1\" content=\"\u062f\u0642\u064a\u0642\u0629 \u0648\u0627\u062d\u062f\u0629\" \/>\n<script type=\"application\/ld+json\" class=\"yoast-schema-graph\">{\"@context\":\"https:\\\/\\\/schema.org\",\"@graph\":[{\"@type\":[\"WebPage\",\"ItemPage\"],\"@id\":\"https:\\\/\\\/vitablanca.ma\\\/produit\\\/herome-huile-nourrissante-pour-ongles-flacon-10ml\\\/\",\"url\":\"https:\\\/\\\/vitablanca.ma\\\/produit\\\/herome-huile-nourrissante-pour-ongles-flacon-10ml\\\/\",\"name\":\"Her\u00f4me Huile Nourrissante pour Ongles Flacon 10ml - Maroc Prix\",\"isPartOf\":{\"@id\":\"https:\\\/\\\/vitablanca.ma\\\/#website\"},\"primaryImageOfPage\":{\"@id\":\"https:\\\/\\\/vitablanca.ma\\\/produit\\\/herome-huile-nourrissante-pour-ongles-flacon-10ml\\\/#primaryimage\"},\"image\":{\"@id\":\"https:\\\/\\\/vitablanca.ma\\\/produit\\\/herome-huile-nourrissante-pour-ongles-flacon-10ml\\\/#primaryimage\"},\"thumbnailUrl\":\"https:\\\/\\\/vitablanca.ma\\\/wp-content\\\/uploads\\\/2025\\\/06\\\/Herome-Huile-Nourrissante-pour-Ongles-Flacon-10ml-nova-parapharmacie-maroc.png\",\"datePublished\":\"2025-06-10T17:39:41+00:00\",\"description\":\"Her\u00f4me Huile Nourrissante pour Ongles Flacon 10ml\",\"breadcrumb\":{\"@id\":\"https:\\\/\\\/vitablanca.ma\\\/produit\\\/herome-huile-nourrissante-pour-ongles-flacon-10ml\\\/#breadcrumb\"},\"inLanguage\":\"ar\",\"potentialAction\":[{\"@type\":\"ReadAction\",\"target\":[\"https:\\\/\\\/vitablanca.ma\\\/produit\\\/herome-huile-nourrissante-pour-ongles-flacon-10ml\\\/\"]}]},{\"@type\":\"ImageObject\",\"inLanguage\":\"ar\",\"@id\":\"https:\\\/\\\/vitablanca.ma\\\/produit\\\/herome-huile-nourrissante-pour-ongles-flacon-10ml\\\/#primaryimage\",\"url\":\"https:\\\/\\\/vitablanca.ma\\\/wp-content\\\/uploads\\\/2025\\\/06\\\/Herome-Huile-Nourrissante-pour-Ongles-Flacon-10ml-nova-parapharmacie-maroc.png\",\"contentUrl\":\"https:\\\/\\\/vitablanca.ma\\\/wp-content\\\/uploads\\\/2025\\\/06\\\/Herome-Huile-Nourrissante-pour-Ongles-Flacon-10ml-nova-parapharmacie-maroc.png\",\"width\":1000,\"height\":1000},{\"@type\":\"BreadcrumbList\",\"@id\":\"https:\\\/\\\/vitablanca.ma\\\/produit\\\/herome-huile-nourrissante-pour-ongles-flacon-10ml\\\/#breadcrumb\",\"itemListElement\":[{\"@type\":\"ListItem\",\"position\":1,\"name\":\"Home\",\"item\":\"https:\\\/\\\/vitablanca.ma\\\/\"},{\"@type\":\"ListItem\",\"position\":2,\"name\":\"Tous Les Produits\",\"item\":\"https:\\\/\\\/vitablanca.ma\\\/tous-les-produits\\\/\"},{\"@type\":\"ListItem\",\"position\":3,\"name\":\"Her\u00f4me Huile Nourrissante pour Ongles Flacon 10ml\"}]},{\"@type\":\"WebSite\",\"@id\":\"https:\\\/\\\/vitablanca.ma\\\/#website\",\"url\":\"https:\\\/\\\/vitablanca.ma\\\/\",\"name\":\"VitaBlanca.ma | Compl\u00e9ments alimentaires, sant\u00e9 & beaut\u00e9 au Maroc\",\"description\":\"vendre vitamines et compl\u00e9ments premium des USA &amp; Canada, Nouvelle Z\u00e9lande,Maroc (NOW Foods, Solgar, Manuka). Livraison rapide partout au Maroc.\",\"publisher\":{\"@id\":\"https:\\\/\\\/vitablanca.ma\\\/#organization\"},\"alternateName\":\"VitaBlanca.ma\",\"potentialAction\":[{\"@type\":\"SearchAction\",\"target\":{\"@type\":\"EntryPoint\",\"urlTemplate\":\"https:\\\/\\\/vitablanca.ma\\\/?s={search_term_string}\"},\"query-input\":{\"@type\":\"PropertyValueSpecification\",\"valueRequired\":true,\"valueName\":\"search_term_string\"}}],\"inLanguage\":\"ar\"},{\"@type\":\"Organization\",\"@id\":\"https:\\\/\\\/vitablanca.ma\\\/#organization\",\"name\":\"VitaBlanca\",\"url\":\"https:\\\/\\\/vitablanca.ma\\\/\",\"logo\":{\"@type\":\"ImageObject\",\"inLanguage\":\"ar\",\"@id\":\"https:\\\/\\\/vitablanca.ma\\\/#\\\/schema\\\/logo\\\/image\\\/\",\"url\":\"https:\\\/\\\/vitablanca.ma\\\/wp-content\\\/uploads\\\/2025\\\/05\\\/cropped-vitablanca.png\",\"contentUrl\":\"https:\\\/\\\/vitablanca.ma\\\/wp-content\\\/uploads\\\/2025\\\/05\\\/cropped-vitablanca.png\",\"width\":360,\"height\":67,\"caption\":\"VitaBlanca\"},\"image\":{\"@id\":\"https:\\\/\\\/vitablanca.ma\\\/#\\\/schema\\\/logo\\\/image\\\/\"},\"sameAs\":[\"https:\\\/\\\/www.facebook.com\\\/profile.php?id=61576678196717\",\"https:\\\/\\\/www.tiktok.com\\\/@vitablanca.ma\",\"https:\\\/\\\/www.instagram.com\\\/vitablanca.ma\\\/\"]}]}<\/script>\n<!-- \/ Yoast SEO plugin. -->","yoast_head_json":{"title":"Her\u00f4me Huile Nourrissante pour Ongles Flacon 10ml - Maroc Prix","description":"Her\u00f4me Huile Nourrissante pour Ongles Flacon 10ml","robots":{"index":"index","follow":"follow","max-snippet":"max-snippet:-1","max-image-preview":"max-image-preview:large","max-video-preview":"max-video-preview:-1"},"canonical":"https:\/\/vitablanca.ma\/ar\/product-2\/herome-huile-nourrissante-pour-ongles-flacon-10ml\/","og_locale":"ar_AR","og_type":"article","og_title":"Her\u00f4me Huile Nourrissante pour Ongles Flacon 10ml - Maroc Prix","og_description":"Her\u00f4me Huile Nourrissante pour Ongles Flacon 10ml","og_url":"https:\/\/vitablanca.ma\/ar\/product-2\/herome-huile-nourrissante-pour-ongles-flacon-10ml\/","og_site_name":"Vitablanca.ma &ndash; Sant&eacute;, vitalit&eacute; et bien-&ecirc;tre pour tous les Marocains","article_publisher":"https:\/\/www.facebook.com\/profile.php?id=61576678196717","og_image":[{"width":1000,"height":1000,"url":"https:\/\/vitablanca.ma\/wp-content\/uploads\/2025\/06\/Herome-Huile-Nourrissante-pour-Ongles-Flacon-10ml-nova-parapharmacie-maroc.png","type":"image\/png"}],"twitter_card":"summary_large_image","twitter_misc":{"\u0648\u0642\u062a \u0627\u0644\u0642\u0631\u0627\u0621\u0629 \u0627\u0644\u0645\u064f\u0642\u062f\u0651\u0631":"\u062f\u0642\u064a\u0642\u0629 \u0648\u0627\u062d\u062f\u0629"},"schema":{"@context":"https:\/\/schema.org","@graph":[{"@type":["WebPage","ItemPage"],"@id":"https:\/\/vitablanca.ma\/produit\/herome-huile-nourrissante-pour-ongles-flacon-10ml\/","url":"https:\/\/vitablanca.ma\/produit\/herome-huile-nourrissante-pour-ongles-flacon-10ml\/","name":"Her\u00f4me Huile Nourrissante pour Ongles Flacon 10ml - Maroc Prix","isPartOf":{"@id":"https:\/\/vitablanca.ma\/#website"},"primaryImageOfPage":{"@id":"https:\/\/vitablanca.ma\/produit\/herome-huile-nourrissante-pour-ongles-flacon-10ml\/#primaryimage"},"image":{"@id":"https:\/\/vitablanca.ma\/produit\/herome-huile-nourrissante-pour-ongles-flacon-10ml\/#primaryimage"},"thumbnailUrl":"https:\/\/vitablanca.ma\/wp-content\/uploads\/2025\/06\/Herome-Huile-Nourrissante-pour-Ongles-Flacon-10ml-nova-parapharmacie-maroc.png","datePublished":"2025-06-10T17:39:41+00:00","description":"Her\u00f4me Huile Nourrissante pour Ongles Flacon 10ml","breadcrumb":{"@id":"https:\/\/vitablanca.ma\/produit\/herome-huile-nourrissante-pour-ongles-flacon-10ml\/#breadcrumb"},"inLanguage":"ar","potentialAction":[{"@type":"ReadAction","target":["https:\/\/vitablanca.ma\/produit\/herome-huile-nourrissante-pour-ongles-flacon-10ml\/"]}]},{"@type":"ImageObject","inLanguage":"ar","@id":"https:\/\/vitablanca.ma\/produit\/herome-huile-nourrissante-pour-ongles-flacon-10ml\/#primaryimage","url":"https:\/\/vitablanca.ma\/wp-content\/uploads\/2025\/06\/Herome-Huile-Nourrissante-pour-Ongles-Flacon-10ml-nova-parapharmacie-maroc.png","contentUrl":"https:\/\/vitablanca.ma\/wp-content\/uploads\/2025\/06\/Herome-Huile-Nourrissante-pour-Ongles-Flacon-10ml-nova-parapharmacie-maroc.png","width":1000,"height":1000},{"@type":"BreadcrumbList","@id":"https:\/\/vitablanca.ma\/produit\/herome-huile-nourrissante-pour-ongles-flacon-10ml\/#breadcrumb","itemListElement":[{"@type":"ListItem","position":1,"name":"Home","item":"https:\/\/vitablanca.ma\/"},{"@type":"ListItem","position":2,"name":"Tous Les Produits","item":"https:\/\/vitablanca.ma\/tous-les-produits\/"},{"@type":"ListItem","position":3,"name":"Her\u00f4me Huile Nourrissante pour Ongles Flacon 10ml"}]},{"@type":"WebSite","@id":"https:\/\/vitablanca.ma\/#website","url":"https:\/\/vitablanca.ma\/","name":"VitaBlanca.ma | \u0627\u0644\u0645\u0643\u0645\u0644\u0627\u062a \u0627\u0644\u063a\u0630\u0627\u0626\u064a\u0629\u060c \u0627\u0644\u0635\u062d\u0629 \u0648\u0627\u0644\u062c\u0645\u0627\u0644 \u0641\u064a \u0627\u0644\u0645\u063a\u0631\u0628","description":"\u0646\u0628\u064a\u0639 \u0641\u064a\u062a\u0627\u0645\u064a\u0646\u0627\u062a \u0648\u0645\u0643\u0645\u0644\u0627\u062a \u063a\u0630\u0627\u0626\u064a\u0629 \u0641\u0627\u062e\u0631\u0629 \u0645\u0646 \u0627\u0644\u0648\u0644\u0627\u064a\u0627\u062a \u0627\u0644\u0645\u062a\u062d\u062f\u0629 \u0627\u0644\u0623\u0645\u0631\u064a\u0643\u064a\u0629 \u0648\u0643\u0646\u062f\u0627 \u0648\u0646\u064a\u0648\u0632\u064a\u0644\u0646\u062f\u0627 \u0648\u0627\u0644\u0645\u063a\u0631\u0628 (\u0646\u0627\u0648 \u0641\u0648\u062f\u0632\u060c \u0633\u0648\u0644\u062c\u0627\u0631\u060c \u0645\u0627\u0646\u0648\u0643\u0627). \u062a\u0648\u0635\u064a\u0644 \u0633\u0631\u064a\u0639 \u0625\u0644\u0649 \u062c\u0645\u064a\u0639 \u0623\u0646\u062d\u0627\u0621 \u0627\u0644\u0645\u063a\u0631\u0628.","publisher":{"@id":"https:\/\/vitablanca.ma\/#organization"},"alternateName":"VitaBlanca.ma","potentialAction":[{"@type":"SearchAction","target":{"@type":"EntryPoint","urlTemplate":"https:\/\/vitablanca.ma\/?s={search_term_string}"},"query-input":{"@type":"PropertyValueSpecification","valueRequired":true,"valueName":"search_term_string"}}],"inLanguage":"ar"},{"@type":"Organization","@id":"https:\/\/vitablanca.ma\/#organization","name":"\u0641\u064a\u062a\u0627\u0628\u0644\u0627\u0646\u0643\u0627","url":"https:\/\/vitablanca.ma\/","logo":{"@type":"ImageObject","inLanguage":"ar","@id":"https:\/\/vitablanca.ma\/#\/schema\/logo\/image\/","url":"https:\/\/vitablanca.ma\/wp-content\/uploads\/2025\/05\/cropped-vitablanca.png","contentUrl":"https:\/\/vitablanca.ma\/wp-content\/uploads\/2025\/05\/cropped-vitablanca.png","width":360,"height":67,"caption":"VitaBlanca"},"image":{"@id":"https:\/\/vitablanca.ma\/#\/schema\/logo\/image\/"},"sameAs":["https:\/\/www.facebook.com\/profile.php?id=61576678196717","https:\/\/www.tiktok.com\/@vitablanca.ma","https:\/\/www.instagram.com\/vitablanca.ma\/"]}]}},"jetpack_sharing_enabled":true,"_links":{"self":[{"href":"https:\/\/vitablanca.ma\/ar\/wp-json\/wp\/v2\/product\/18884","targetHints":{"allow":["GET"]}}],"collection":[{"href":"https:\/\/vitablanca.ma\/ar\/wp-json\/wp\/v2\/product"}],"about":[{"href":"https:\/\/vitablanca.ma\/ar\/wp-json\/wp\/v2\/types\/product"}],"wp:featuredmedia":[{"embeddable":true,"href":"https:\/\/vitablanca.ma\/ar\/wp-json\/wp\/v2\/media\/18875"}],"wp:attachment":[{"href":"https:\/\/vitablanca.ma\/ar\/wp-json\/wp\/v2\/media?parent=18884"}],"wp:term":[{"taxonomy":"product_brand","embeddable":true,"href":"https:\/\/vitablanca.ma\/ar\/wp-json\/wp\/v2\/product_brand?post=18884"},{"taxonomy":"product_cat","embeddable":true,"href":"https:\/\/vitablanca.ma\/ar\/wp-json\/wp\/v2\/product_cat?post=18884"},{"taxonomy":"product_tag","embeddable":true,"href":"https:\/\/vitablanca.ma\/ar\/wp-json\/wp\/v2\/product_tag?post=18884"}],"curies":[{"name":"wp","href":"https:\/\/api.w.org\/{rel}","templated":true}]}}