{"id":18878,"date":"2025-06-10T17:39:32","date_gmt":"2025-06-10T17:39:32","guid":{"rendered":"https:\/\/vitablanca.ma\/product\/gum-technique-pro-brosse-a-dents-493\/"},"modified":"2025-06-10T17:39:32","modified_gmt":"2025-06-10T17:39:32","slug":"gum-technique-pro-brosse-a-dents-493","status":"publish","type":"product","link":"https:\/\/vitablanca.ma\/ar\/product-2\/gum-technique-pro-brosse-a-dents-493\/","title":{"rendered":"\u0641\u0631\u0634\u0627\u0629 \u0623\u0633\u0646\u0627\u0646 Gum Technique PRO (493)"},"content":{"rendered":"<div class=\"product detail parbase\" data-mce-fragment=\"1\">\n<div class=\"gum-Product cq-dd-product-data-reference grid-container\" data-mce-fragment=\"1\">\n<div data-v-317ff41e=\"\" class=\"custom-grid grid-x grid-margin-x small-mt-60 small-mb-60 medium-mb-120\" data-mce-fragment=\"1\">\n<div data-v-317ff41e=\"\" class=\"cell medium-7 float-right text-center medium-text-left medium-pr-60 large-pr-120\" data-mce-fragment=\"1\">\n<div data-v-317ff41e=\"\" class=\"h3-title small-mb-30 medium-mb-60 medium-mt-0 c-txt-grey-dark\" data-mce-fragment=\"1\">\n<h2 data-mce-fragment=\"1\">\u0641\u0631\u0634\u0627\u0629 \u0623\u0633\u0646\u0627\u0646 \u063a\u0627\u0645 \u062a\u0643\u0646\u064a\u0643 \u0628\u0631\u0648\u00a0<span data-mce-fragment=\"1\">\u0644\u062a\u0646\u0638\u064a\u0641 \u0627\u0644\u0623\u0633\u0646\u0627\u0646 \u0641\u064a \u0627\u062a\u062c\u0627\u0647\u0627\u062a \u0645\u062a\u0639\u062f\u062f\u0629 \u0648\u0627\u0644\u062d\u0635\u0648\u0644 \u0639\u0644\u0649 \u0646\u062a\u0627\u0626\u062c \u0623\u0641\u0636\u0644<\/span><br \/>\n<\/h2>\n<p data-v-317ff41e=\"\" data-mce-fragment=\"1\">Il est importantGum Technique PRO Brosse \u00e0 Dents (490) de\u00a0bien\u00a0vous brosser les dents afin d\u2019\u00e9liminer la plaque dentaire. Une mauvaise \u00e9limination de la plaque, notamment dans les zones difficiles d\u2019acc\u00e8s, peut \u00eatre \u00e0 l\u2019origine de gencives rouges, gonfl\u00e9es ou encore de l\u2019apparition de saignements. Et bien que les maladies de gencives soient tr\u00e8s fr\u00e9quentes, elles peuvent causer beaucoup d\u2019inconfort et parfois conduire \u00e0 des probl\u00e8mes plus graves.<\/p>\n<p data-v-317ff41e=\"\" data-mce-fragment=\"1\">\u062a\u062a\u0648\u0641\u0631 \u0641\u0631\u0634\u0627\u0629 \u0627\u0644\u0623\u0633\u0646\u0627\u0646 GUM Technique PRO \u0628\u0623\u0631\u0628\u0639\u0629 \u0623\u0644\u0648\u0627\u0646\u060c \u0648\u062a\u0633\u0645\u062d \u0628\u0627\u0644\u0648\u0635\u0648\u0644 \u0625\u0644\u0649 \u0627\u0644\u0645\u0646\u0627\u0637\u0642 \u0627\u0644\u062a\u064a \u064a\u0635\u0639\u0628 \u0627\u0644\u0648\u0635\u0648\u0644 \u0625\u0644\u064a\u0647\u0627 \u0641\u064a \u0627\u0644\u0641\u0645\u060c \u0648\u062a\u0632\u064a\u0644 \u0627\u0644\u0628\u0644\u0627\u0643 \u0628\u0634\u0643\u0644 \u0641\u0639\u0627\u0644 \u0623\u062b\u0646\u0627\u0621 \u062a\u0646\u0638\u064a\u0641 \u0627\u0644\u0623\u0633\u0646\u0627\u0646\u060c \u0648\u0630\u0644\u0643 \u0628\u0641\u0636\u0644 \u0645\u064a\u0632\u0627\u062a\u0647\u0627 \u0627\u0644\u062b\u0644\u0627\u062b.<\/p>\n<p data-v-317ff41e=\"\" data-mce-fragment=\"1\">Elle a \u00e9t\u00e9 scientifiquement test\u00e9e pour assurer une meilleure \u00e9limination de la plaque dentaire qu\u2019une brosse \u00e0 dents standard, particuli\u00e8rement dans les zones difficiles d\u2019acc\u00e8s.<\/p>\n<\/div>\n<\/div>\n<\/div>\n<\/div>\n<\/div>\n<div class=\"product-detail-parsys\" data-mce-fragment=\"1\">\n<div class=\"container-narrow\" data-mce-fragment=\"1\">\n<div data-mce-fragment=\"1\">\n<div class=\"experiencefragment\" data-mce-fragment=\"1\">\n<div class=\"xf-content-height\" data-mce-fragment=\"1\">\n<div class=\"producthighlights parbase\" data-mce-fragment=\"1\">\n<div class=\"grid-container small-mt-45 medium-mt-90 small-mb-45 medium-mb-90\" data-mce-fragment=\"1\">\n<div class=\"grid-x align-center\" data-mce-fragment=\"1\">\n<div class=\"small-12 medium-10 cell producthighlights__inner c-bg-gradient-default c-txt-white small-p-30 medium-p-60 small-pl-45 small-pr-45 medium-pl-90 medium-pr-90 large-pl-120 large-pr-120\" data-mce-fragment=\"1\">\n<div class=\"grid-container full\" data-mce-fragment=\"1\">\n<div class=\"grid-x align-justify grid-x--single-col\" data-mce-fragment=\"1\">\n<div class=\"cell small-12\" data-mce-fragment=\"1\">\n<div class=\"aem-fix\" data-mce-fragment=\"1\">\n<div class=\"aem-fix\" data-mce-fragment=\"1\">\n<h3 class=\"small-mb-15 small-mt-0 medium-mb-30 medium-mt-0 c-txt-white text-center\" data-mce-fragment=\"1\">\u0646\u0642\u0627\u0637<span data-mce-fragment=\"1\">\u00a0<\/span><b data-mce-fragment=\"1\">\u0642\u0648\u064a\u00a0<\/b><br \/>\n<\/h3>\n<\/div>\n<div class=\"aem-fix\" data-mce-fragment=\"1\">\n<ul data-mce-fragment=\"1\">\n<li data-mce-fragment=\"1\">\u0634\u0639\u064a\u0631\u0627\u062a \u0645\u062f\u0628\u0628\u0629 \u0641\u064a \u0627\u0644\u0623\u0637\u0631\u0627\u0641 \u0644\u0644\u062a\u0646\u0638\u064a\u0641 \u0627\u0644\u0639\u0645\u064a\u0642\u060c \u0648\u062e\u0627\u0635\u0629 \u0628\u064a\u0646 \u0627\u0644\u0623\u0633\u0646\u0627\u0646 \u0648\u0641\u064a \u062e\u0637 \u0627\u0644\u0644\u062b\u0629<\/li>\n<li data-mce-fragment=\"1\">\u0634\u0639\u064a\u0631\u0627\u062a \u0645\u0648\u0636\u0648\u0639\u0629 \u0628\u0632\u0648\u0627\u064a\u0627 \u0645\u062e\u062a\u0644\u0641\u0629 \u0644\u0644\u062a\u0646\u0638\u064a\u0641 \u0641\u064a \u0627\u062a\u062c\u0627\u0647\u0627\u062a \u0645\u062a\u0639\u062f\u062f\u0629 \u0648\u0627\u0644\u062d\u0635\u0648\u0644 \u0639\u0644\u0649 \u0646\u062a\u0627\u0626\u062c \u0623\u0641\u0636\u0644<\/li>\n<li data-mce-fragment=\"1\">\u0645\u0642\u0628\u0636 \u0631\u0628\u0627\u0639\u064a \u0627\u0644\u0642\u0628\u0636\u0629 \u063a\u064a\u0631 \u0642\u0627\u0628\u0644 \u0644\u0644\u0627\u0646\u0632\u0644\u0627\u0642 \u0648\u0645\u0635\u0646\u0648\u0639 \u0645\u0646 \u0645\u0627\u062f\u062a\u064a\u0646 \u0644\u0636\u0645\u0627\u0646 \u0648\u0636\u0639 \u0627\u0644\u064a\u062f \u0628\u0634\u0643\u0644 \u0635\u062d\u064a\u062d \u0628\u0632\u0627\u0648\u064a\u0629 \u062a\u0646\u0638\u064a\u0641 45 \u062f\u0631\u062c\u0629<\/li>\n<li data-mce-fragment=\"1\">\u0645\u062a\u0648\u0641\u0631 \u0628\u0645\u0631\u0648\u0646\u0629 \u062e\u0635\u0644\u062a\u064a\u0646\u060c \u0646\u0627\u0639\u0645\u0629 \u0623\u0648 \u0645\u062a\u0648\u0633\u0637\u0629\u060c \u062d\u0633\u0628 \u0627\u062d\u062a\u064a\u0627\u062c\u0627\u062a\u0643\u00a0<\/li>\n<\/ul>\n<\/div>\n<\/div>\n<\/div>\n<\/div>\n<\/div>\n<\/div>\n<\/div>\n<\/div>\n<\/div>\n<\/div>\n<\/div>\n<\/div>\n<\/div>\n<\/div>","protected":false},"excerpt":{"rendered":"<p>Gum Technique PRO Brosse \u00e0 Dents\u00a0pour un brossage dans plusieurs directions et des r\u00e9sultats encore meilleurs Il est importantGum Technique PRO Brosse \u00e0 Dents (490) de\u00a0bien\u00a0vous brosser les dents afin d\u2019\u00e9liminer la plaque dentaire. Une mauvaise \u00e9limination de la plaque, notamment dans les zones difficiles d\u2019acc\u00e8s, peut \u00eatre \u00e0 l\u2019origine de gencives rouges, gonfl\u00e9es ou [&hellip;]<\/p>\n","protected":false},"featured_media":18844,"template":"","meta":{"om_disable_all_campaigns":false},"product_brand":[],"product_cat":[15],"product_tag":[],"class_list":{"0":"post-18878","1":"product","2":"type-product","3":"status-publish","4":"has-post-thumbnail","6":"product_cat-beaute-sante-complements-alimentaires-soins-et-bien-etre-au-meilleur-prix","8":"first","9":"instock","10":"sale","11":"taxable","12":"shipping-taxable","13":"purchasable","14":"product-type-simple"},"yoast_head":"<!-- This site is optimized with the Yoast SEO plugin v27.5 - https:\/\/yoast.com\/product\/yoast-seo-wordpress\/ -->\n<title>Gum Technique PRO Brosse \u00e0 Dents (493) - Maroc Prix<\/title>\n<meta name=\"description\" content=\"Gum Technique PRO Brosse \u00e0 Dents (493)\" \/>\n<meta name=\"robots\" content=\"index, follow, max-snippet:-1, max-image-preview:large, max-video-preview:-1\" \/>\n<link rel=\"canonical\" href=\"https:\/\/vitablanca.ma\/ar\/product-2\/gum-technique-pro-brosse-a-dents-493\/\" \/>\n<meta property=\"og:locale\" content=\"ar_AR\" \/>\n<meta property=\"og:type\" content=\"article\" \/>\n<meta property=\"og:title\" content=\"Gum Technique PRO Brosse \u00e0 Dents (493) - Maroc Prix\" \/>\n<meta property=\"og:description\" content=\"Gum Technique PRO Brosse \u00e0 Dents (493)\" \/>\n<meta property=\"og:url\" content=\"https:\/\/vitablanca.ma\/ar\/product-2\/gum-technique-pro-brosse-a-dents-493\/\" \/>\n<meta property=\"og:site_name\" content=\"Vitablanca.ma &ndash; Sant&eacute;, vitalit&eacute; et bien-&ecirc;tre pour tous les Marocains\" \/>\n<meta property=\"article:publisher\" content=\"https:\/\/www.facebook.com\/profile.php?id=61576678196717\" \/>\n<meta property=\"og:image\" content=\"https:\/\/vitablanca.ma\/wp-content\/uploads\/2025\/06\/Gum-Technique-PRO-Brosse-a-Dents-_493_-nova-parapharmacie-maroc.png\" \/>\n\t<meta property=\"og:image:width\" content=\"1000\" \/>\n\t<meta property=\"og:image:height\" content=\"1000\" \/>\n\t<meta property=\"og:image:type\" content=\"image\/png\" \/>\n<meta name=\"twitter:card\" content=\"summary_large_image\" \/>\n<meta name=\"twitter:label1\" content=\"\u0648\u0642\u062a \u0627\u0644\u0642\u0631\u0627\u0621\u0629 \u0627\u0644\u0645\u064f\u0642\u062f\u0651\u0631\" \/>\n\t<meta name=\"twitter:data1\" content=\"\u062f\u0642\u064a\u0642\u0629 \u0648\u0627\u062d\u062f\u0629\" \/>\n<script type=\"application\/ld+json\" class=\"yoast-schema-graph\">{\"@context\":\"https:\\\/\\\/schema.org\",\"@graph\":[{\"@type\":[\"WebPage\",\"ItemPage\"],\"@id\":\"https:\\\/\\\/vitablanca.ma\\\/produit\\\/gum-technique-pro-brosse-a-dents-493\\\/\",\"url\":\"https:\\\/\\\/vitablanca.ma\\\/produit\\\/gum-technique-pro-brosse-a-dents-493\\\/\",\"name\":\"Gum Technique PRO Brosse \u00e0 Dents (493) - Maroc Prix\",\"isPartOf\":{\"@id\":\"https:\\\/\\\/vitablanca.ma\\\/#website\"},\"primaryImageOfPage\":{\"@id\":\"https:\\\/\\\/vitablanca.ma\\\/produit\\\/gum-technique-pro-brosse-a-dents-493\\\/#primaryimage\"},\"image\":{\"@id\":\"https:\\\/\\\/vitablanca.ma\\\/produit\\\/gum-technique-pro-brosse-a-dents-493\\\/#primaryimage\"},\"thumbnailUrl\":\"https:\\\/\\\/vitablanca.ma\\\/wp-content\\\/uploads\\\/2025\\\/06\\\/Gum-Technique-PRO-Brosse-a-Dents-_493_-nova-parapharmacie-maroc.png\",\"datePublished\":\"2025-06-10T17:39:32+00:00\",\"description\":\"Gum Technique PRO Brosse \u00e0 Dents (493)\",\"breadcrumb\":{\"@id\":\"https:\\\/\\\/vitablanca.ma\\\/produit\\\/gum-technique-pro-brosse-a-dents-493\\\/#breadcrumb\"},\"inLanguage\":\"ar\",\"potentialAction\":[{\"@type\":\"ReadAction\",\"target\":[\"https:\\\/\\\/vitablanca.ma\\\/produit\\\/gum-technique-pro-brosse-a-dents-493\\\/\"]}]},{\"@type\":\"ImageObject\",\"inLanguage\":\"ar\",\"@id\":\"https:\\\/\\\/vitablanca.ma\\\/produit\\\/gum-technique-pro-brosse-a-dents-493\\\/#primaryimage\",\"url\":\"https:\\\/\\\/vitablanca.ma\\\/wp-content\\\/uploads\\\/2025\\\/06\\\/Gum-Technique-PRO-Brosse-a-Dents-_493_-nova-parapharmacie-maroc.png\",\"contentUrl\":\"https:\\\/\\\/vitablanca.ma\\\/wp-content\\\/uploads\\\/2025\\\/06\\\/Gum-Technique-PRO-Brosse-a-Dents-_493_-nova-parapharmacie-maroc.png\",\"width\":1000,\"height\":1000},{\"@type\":\"BreadcrumbList\",\"@id\":\"https:\\\/\\\/vitablanca.ma\\\/produit\\\/gum-technique-pro-brosse-a-dents-493\\\/#breadcrumb\",\"itemListElement\":[{\"@type\":\"ListItem\",\"position\":1,\"name\":\"Home\",\"item\":\"https:\\\/\\\/vitablanca.ma\\\/\"},{\"@type\":\"ListItem\",\"position\":2,\"name\":\"Tous Les Produits\",\"item\":\"https:\\\/\\\/vitablanca.ma\\\/tous-les-produits\\\/\"},{\"@type\":\"ListItem\",\"position\":3,\"name\":\"Gum Technique PRO Brosse \u00e0 Dents (493)\"}]},{\"@type\":\"WebSite\",\"@id\":\"https:\\\/\\\/vitablanca.ma\\\/#website\",\"url\":\"https:\\\/\\\/vitablanca.ma\\\/\",\"name\":\"VitaBlanca.ma | Compl\u00e9ments alimentaires, sant\u00e9 & beaut\u00e9 au Maroc\",\"description\":\"vendre vitamines et compl\u00e9ments premium des USA &amp; Canada, Nouvelle Z\u00e9lande,Maroc (NOW Foods, Solgar, Manuka). Livraison rapide partout au Maroc.\",\"publisher\":{\"@id\":\"https:\\\/\\\/vitablanca.ma\\\/#organization\"},\"alternateName\":\"VitaBlanca.ma\",\"potentialAction\":[{\"@type\":\"SearchAction\",\"target\":{\"@type\":\"EntryPoint\",\"urlTemplate\":\"https:\\\/\\\/vitablanca.ma\\\/?s={search_term_string}\"},\"query-input\":{\"@type\":\"PropertyValueSpecification\",\"valueRequired\":true,\"valueName\":\"search_term_string\"}}],\"inLanguage\":\"ar\"},{\"@type\":\"Organization\",\"@id\":\"https:\\\/\\\/vitablanca.ma\\\/#organization\",\"name\":\"VitaBlanca\",\"url\":\"https:\\\/\\\/vitablanca.ma\\\/\",\"logo\":{\"@type\":\"ImageObject\",\"inLanguage\":\"ar\",\"@id\":\"https:\\\/\\\/vitablanca.ma\\\/#\\\/schema\\\/logo\\\/image\\\/\",\"url\":\"https:\\\/\\\/vitablanca.ma\\\/wp-content\\\/uploads\\\/2025\\\/05\\\/cropped-vitablanca.png\",\"contentUrl\":\"https:\\\/\\\/vitablanca.ma\\\/wp-content\\\/uploads\\\/2025\\\/05\\\/cropped-vitablanca.png\",\"width\":360,\"height\":67,\"caption\":\"VitaBlanca\"},\"image\":{\"@id\":\"https:\\\/\\\/vitablanca.ma\\\/#\\\/schema\\\/logo\\\/image\\\/\"},\"sameAs\":[\"https:\\\/\\\/www.facebook.com\\\/profile.php?id=61576678196717\",\"https:\\\/\\\/www.tiktok.com\\\/@vitablanca.ma\",\"https:\\\/\\\/www.instagram.com\\\/vitablanca.ma\\\/\"]}]}<\/script>\n<!-- \/ Yoast SEO plugin. -->","yoast_head_json":{"title":"Gum Technique PRO Brosse \u00e0 Dents (493) - Maroc Prix","description":"\u0641\u0631\u0634\u0627\u0629 \u0623\u0633\u0646\u0627\u0646 Gum Technique PRO (493)","robots":{"index":"index","follow":"follow","max-snippet":"max-snippet:-1","max-image-preview":"max-image-preview:large","max-video-preview":"max-video-preview:-1"},"canonical":"https:\/\/vitablanca.ma\/ar\/product-2\/gum-technique-pro-brosse-a-dents-493\/","og_locale":"ar_AR","og_type":"article","og_title":"Gum Technique PRO Brosse \u00e0 Dents (493) - Maroc Prix","og_description":"Gum Technique PRO Brosse \u00e0 Dents (493)","og_url":"https:\/\/vitablanca.ma\/ar\/product-2\/gum-technique-pro-brosse-a-dents-493\/","og_site_name":"Vitablanca.ma &ndash; Sant&eacute;, vitalit&eacute; et bien-&ecirc;tre pour tous les Marocains","article_publisher":"https:\/\/www.facebook.com\/profile.php?id=61576678196717","og_image":[{"width":1000,"height":1000,"url":"https:\/\/vitablanca.ma\/wp-content\/uploads\/2025\/06\/Gum-Technique-PRO-Brosse-a-Dents-_493_-nova-parapharmacie-maroc.png","type":"image\/png"}],"twitter_card":"summary_large_image","twitter_misc":{"\u0648\u0642\u062a \u0627\u0644\u0642\u0631\u0627\u0621\u0629 \u0627\u0644\u0645\u064f\u0642\u062f\u0651\u0631":"\u062f\u0642\u064a\u0642\u0629 \u0648\u0627\u062d\u062f\u0629"},"schema":{"@context":"https:\/\/schema.org","@graph":[{"@type":["WebPage","ItemPage"],"@id":"https:\/\/vitablanca.ma\/produit\/gum-technique-pro-brosse-a-dents-493\/","url":"https:\/\/vitablanca.ma\/produit\/gum-technique-pro-brosse-a-dents-493\/","name":"Gum Technique PRO Brosse \u00e0 Dents (493) - Maroc Prix","isPartOf":{"@id":"https:\/\/vitablanca.ma\/#website"},"primaryImageOfPage":{"@id":"https:\/\/vitablanca.ma\/produit\/gum-technique-pro-brosse-a-dents-493\/#primaryimage"},"image":{"@id":"https:\/\/vitablanca.ma\/produit\/gum-technique-pro-brosse-a-dents-493\/#primaryimage"},"thumbnailUrl":"https:\/\/vitablanca.ma\/wp-content\/uploads\/2025\/06\/Gum-Technique-PRO-Brosse-a-Dents-_493_-nova-parapharmacie-maroc.png","datePublished":"2025-06-10T17:39:32+00:00","description":"\u0641\u0631\u0634\u0627\u0629 \u0623\u0633\u0646\u0627\u0646 Gum Technique PRO (493)","breadcrumb":{"@id":"https:\/\/vitablanca.ma\/produit\/gum-technique-pro-brosse-a-dents-493\/#breadcrumb"},"inLanguage":"ar","potentialAction":[{"@type":"ReadAction","target":["https:\/\/vitablanca.ma\/produit\/gum-technique-pro-brosse-a-dents-493\/"]}]},{"@type":"ImageObject","inLanguage":"ar","@id":"https:\/\/vitablanca.ma\/produit\/gum-technique-pro-brosse-a-dents-493\/#primaryimage","url":"https:\/\/vitablanca.ma\/wp-content\/uploads\/2025\/06\/Gum-Technique-PRO-Brosse-a-Dents-_493_-nova-parapharmacie-maroc.png","contentUrl":"https:\/\/vitablanca.ma\/wp-content\/uploads\/2025\/06\/Gum-Technique-PRO-Brosse-a-Dents-_493_-nova-parapharmacie-maroc.png","width":1000,"height":1000},{"@type":"BreadcrumbList","@id":"https:\/\/vitablanca.ma\/produit\/gum-technique-pro-brosse-a-dents-493\/#breadcrumb","itemListElement":[{"@type":"ListItem","position":1,"name":"Home","item":"https:\/\/vitablanca.ma\/"},{"@type":"ListItem","position":2,"name":"Tous Les Produits","item":"https:\/\/vitablanca.ma\/tous-les-produits\/"},{"@type":"ListItem","position":3,"name":"Gum Technique PRO Brosse \u00e0 Dents (493)"}]},{"@type":"WebSite","@id":"https:\/\/vitablanca.ma\/#website","url":"https:\/\/vitablanca.ma\/","name":"VitaBlanca.ma | \u0627\u0644\u0645\u0643\u0645\u0644\u0627\u062a \u0627\u0644\u063a\u0630\u0627\u0626\u064a\u0629\u060c \u0627\u0644\u0635\u062d\u0629 \u0648\u0627\u0644\u062c\u0645\u0627\u0644 \u0641\u064a \u0627\u0644\u0645\u063a\u0631\u0628","description":"\u0646\u0628\u064a\u0639 \u0641\u064a\u062a\u0627\u0645\u064a\u0646\u0627\u062a \u0648\u0645\u0643\u0645\u0644\u0627\u062a \u063a\u0630\u0627\u0626\u064a\u0629 \u0641\u0627\u062e\u0631\u0629 \u0645\u0646 \u0627\u0644\u0648\u0644\u0627\u064a\u0627\u062a \u0627\u0644\u0645\u062a\u062d\u062f\u0629 \u0627\u0644\u0623\u0645\u0631\u064a\u0643\u064a\u0629 \u0648\u0643\u0646\u062f\u0627 \u0648\u0646\u064a\u0648\u0632\u064a\u0644\u0646\u062f\u0627 \u0648\u0627\u0644\u0645\u063a\u0631\u0628 (\u0646\u0627\u0648 \u0641\u0648\u062f\u0632\u060c \u0633\u0648\u0644\u062c\u0627\u0631\u060c \u0645\u0627\u0646\u0648\u0643\u0627). \u062a\u0648\u0635\u064a\u0644 \u0633\u0631\u064a\u0639 \u0625\u0644\u0649 \u062c\u0645\u064a\u0639 \u0623\u0646\u062d\u0627\u0621 \u0627\u0644\u0645\u063a\u0631\u0628.","publisher":{"@id":"https:\/\/vitablanca.ma\/#organization"},"alternateName":"VitaBlanca.ma","potentialAction":[{"@type":"SearchAction","target":{"@type":"EntryPoint","urlTemplate":"https:\/\/vitablanca.ma\/?s={search_term_string}"},"query-input":{"@type":"PropertyValueSpecification","valueRequired":true,"valueName":"search_term_string"}}],"inLanguage":"ar"},{"@type":"Organization","@id":"https:\/\/vitablanca.ma\/#organization","name":"\u0641\u064a\u062a\u0627\u0628\u0644\u0627\u0646\u0643\u0627","url":"https:\/\/vitablanca.ma\/","logo":{"@type":"ImageObject","inLanguage":"ar","@id":"https:\/\/vitablanca.ma\/#\/schema\/logo\/image\/","url":"https:\/\/vitablanca.ma\/wp-content\/uploads\/2025\/05\/cropped-vitablanca.png","contentUrl":"https:\/\/vitablanca.ma\/wp-content\/uploads\/2025\/05\/cropped-vitablanca.png","width":360,"height":67,"caption":"VitaBlanca"},"image":{"@id":"https:\/\/vitablanca.ma\/#\/schema\/logo\/image\/"},"sameAs":["https:\/\/www.facebook.com\/profile.php?id=61576678196717","https:\/\/www.tiktok.com\/@vitablanca.ma","https:\/\/www.instagram.com\/vitablanca.ma\/"]}]}},"jetpack_sharing_enabled":true,"_links":{"self":[{"href":"https:\/\/vitablanca.ma\/ar\/wp-json\/wp\/v2\/product\/18878","targetHints":{"allow":["GET"]}}],"collection":[{"href":"https:\/\/vitablanca.ma\/ar\/wp-json\/wp\/v2\/product"}],"about":[{"href":"https:\/\/vitablanca.ma\/ar\/wp-json\/wp\/v2\/types\/product"}],"wp:featuredmedia":[{"embeddable":true,"href":"https:\/\/vitablanca.ma\/ar\/wp-json\/wp\/v2\/media\/18844"}],"wp:attachment":[{"href":"https:\/\/vitablanca.ma\/ar\/wp-json\/wp\/v2\/media?parent=18878"}],"wp:term":[{"taxonomy":"product_brand","embeddable":true,"href":"https:\/\/vitablanca.ma\/ar\/wp-json\/wp\/v2\/product_brand?post=18878"},{"taxonomy":"product_cat","embeddable":true,"href":"https:\/\/vitablanca.ma\/ar\/wp-json\/wp\/v2\/product_cat?post=18878"},{"taxonomy":"product_tag","embeddable":true,"href":"https:\/\/vitablanca.ma\/ar\/wp-json\/wp\/v2\/product_tag?post=18878"}],"curies":[{"name":"wp","href":"https:\/\/api.w.org\/{rel}","templated":true}]}}