{"id":18858,"date":"2025-06-10T17:38:38","date_gmt":"2025-06-10T17:38:38","guid":{"rendered":"https:\/\/vitablanca.ma\/product\/herome-stylo-magique\/"},"modified":"2025-06-10T17:38:38","modified_gmt":"2025-06-10T17:38:38","slug":"herome-stylo-magique","status":"publish","type":"product","link":"https:\/\/vitablanca.ma\/ar\/product-2\/herome-stylo-magique\/","title":{"rendered":"\u0642\u0644\u0645 \u0647\u064a\u0631\u0648\u0645 \u0627\u0644\u0633\u062d\u0631\u064a"},"content":{"rendered":"<div data-mce-fragment=\"1\" id=\"o-description\">\n<div data-mce-fragment=\"1\" class=\"c-content__scrollable\">\n<div data-mce-fragment=\"1\" class=\"c-row\">\n<div data-mce-fragment=\"1\" data-simplebar-auto-hide=\"false\" data-simplebar=\"init\" class=\"c-scrollContent\">\n<div data-mce-fragment=\"1\" class=\"simplebar-scroll-content\">\n<div data-mce-fragment=\"1\" class=\"simplebar-content\">\n<div data-mce-fragment=\"1\" class=\"c-wysiwyg\">\n<h2 data-mce-fragment=\"1\"><strong data-mce-fragment=\"1\">\u0642\u0644\u0645 \u0647\u064a\u0631\u0648\u0645 \u0627\u0644\u0633\u062d\u0631\u064a\u00a0<span data-mce-fragment=\"1\">permet d\u2019obtenir des ongles impeccables et des cuticules saines een 14 jours.<\/span><\/strong><\/h2>\n<p data-mce-fragment=\"1\"><strong data-mce-fragment=\"1\">Her\u00f4me Stylo Magique R\u00e9parateur Ongles\u2026<\/strong><\/p>\n<p data-mce-fragment=\"1\">Le Stylo Magique R\u00e9parateur Ongles Herome permet d\u2019obtenir des ongles impeccables et des cuticules saines een 14 jours.<\/p>\n<p data-mce-fragment=\"1\">Ce cocktail d\u2019huile de jojoba, d\u2019amande, de s\u00e9same, de beurre de karit\u00e9, d\u2019aloe vera, de vitamine E et de bisabolol, stimule la croissance de l\u2019ongle et r\u00e9pare les cuticules d\u00e9chir\u00e9es.<\/p>\n<p data-mce-fragment=\"1\">Balayez le stylo tous les jours sur les ongles et les cuticules. Laissez p\u00e9n\u00e9trer l\u2019huile.<\/p>\n<p data-mce-fragment=\"1\">\u0645\u0646\u0627\u0633\u0628 \u0623\u064a\u0636\u064b\u0627 \u0644\u0623\u0635\u0627\u0628\u0639 \u0627\u0644\u0642\u062f\u0645.<\/p>\n<\/div>\n<div data-mce-fragment=\"1\" class=\"c-product__ean c-wysiwyg\">\n<h3 data-mce-fragment=\"1\"><span>\u0645\u0643\u0648\u0646\u0627\u062a<\/span><\/h3>\n<\/div>\n<\/div>\n<\/div>\n<\/div>\n<\/div>\n<\/div>\n<\/div>\n<div data-mce-fragment=\"1\" id=\"o-ingredients\">\n<div data-mce-fragment=\"1\" class=\"c-content__scrollable\">\n<div data-mce-fragment=\"1\" class=\"c-row o-content--centered\">\n<div data-mce-fragment=\"1\" class=\"c-title__main\">\u0643\u062d\u0648\u0644 \u0645\u0646\u0632\u0648\u0639\u060c \u0623\u0633\u064a\u062a\u0627\u062a \u0627\u0644\u0628\u0648\u062a\u064a\u0644\u060c \u0643\u062d\u0648\u0644 \u0625\u064a\u0632\u0648\u0628\u0631\u0648\u0628\u064a\u0644\u060c \u0645\u0627\u0621\u060c \u0623\u0633\u064a\u062a\u0627\u062a \u0627\u0644\u0625\u064a\u062b\u064a\u0644\u060c \u0632\u064a\u062a \u0628\u0630\u0648\u0631 \u0633\u064a\u0645\u0648\u0646\u062f\u0633\u064a\u0627 \u062a\u0634\u064a\u0646\u064a\u0646\u0633\u064a\u0633 (\u0627\u0644\u062c\u0648\u062c\u0648\u0628\u0627)<\/div>\n<\/div>\n<\/div>\n<\/div>","protected":false},"excerpt":{"rendered":"<p>Her\u00f4me Stylo Magique\u00a0permet d\u2019obtenir des ongles impeccables et des cuticules saines een 14 jours. Her\u00f4me Stylo Magique R\u00e9parateur Ongles\u2026 Le Stylo Magique R\u00e9parateur Ongles Herome permet d\u2019obtenir des ongles impeccables et des cuticules saines een 14 jours. Ce cocktail d\u2019huile de jojoba, d\u2019amande, de s\u00e9same, de beurre de karit\u00e9, d\u2019aloe vera, de vitamine E et [&hellip;]<\/p>\n","protected":false},"featured_media":18850,"template":"","meta":{"om_disable_all_campaigns":false},"product_brand":[],"product_cat":[15],"product_tag":[],"class_list":{"0":"post-18858","1":"product","2":"type-product","3":"status-publish","4":"has-post-thumbnail","6":"product_cat-beaute-sante-complements-alimentaires-soins-et-bien-etre-au-meilleur-prix","8":"first","9":"instock","10":"sale","11":"taxable","12":"shipping-taxable","13":"purchasable","14":"product-type-simple"},"yoast_head":"<!-- This site is optimized with the Yoast SEO plugin v27.5 - https:\/\/yoast.com\/product\/yoast-seo-wordpress\/ -->\n<title>Her\u00f4me Stylo Magique - Maroc Prix<\/title>\n<meta name=\"description\" content=\"Her\u00f4me Stylo Magique\" \/>\n<meta name=\"robots\" content=\"index, follow, max-snippet:-1, max-image-preview:large, max-video-preview:-1\" \/>\n<link rel=\"canonical\" href=\"https:\/\/vitablanca.ma\/ar\/product-2\/herome-stylo-magique\/\" \/>\n<meta property=\"og:locale\" content=\"ar_AR\" \/>\n<meta property=\"og:type\" content=\"article\" \/>\n<meta property=\"og:title\" content=\"Her\u00f4me Stylo Magique - Maroc Prix\" \/>\n<meta property=\"og:description\" content=\"Her\u00f4me Stylo Magique\" \/>\n<meta property=\"og:url\" content=\"https:\/\/vitablanca.ma\/ar\/product-2\/herome-stylo-magique\/\" \/>\n<meta property=\"og:site_name\" content=\"Vitablanca.ma &ndash; Sant&eacute;, vitalit&eacute; et bien-&ecirc;tre pour tous les Marocains\" \/>\n<meta property=\"article:publisher\" content=\"https:\/\/www.facebook.com\/profile.php?id=61576678196717\" \/>\n<meta property=\"og:image\" content=\"https:\/\/vitablanca.ma\/wp-content\/uploads\/2025\/06\/Herome-Stylo-Magique-nova-parapharmacie-maroc.png\" \/>\n\t<meta property=\"og:image:width\" content=\"1000\" \/>\n\t<meta property=\"og:image:height\" content=\"1000\" \/>\n\t<meta property=\"og:image:type\" content=\"image\/png\" \/>\n<meta name=\"twitter:card\" content=\"summary_large_image\" \/>\n<meta name=\"twitter:label1\" content=\"\u0648\u0642\u062a \u0627\u0644\u0642\u0631\u0627\u0621\u0629 \u0627\u0644\u0645\u064f\u0642\u062f\u0651\u0631\" \/>\n\t<meta name=\"twitter:data1\" content=\"\u062f\u0642\u064a\u0642\u0629 \u0648\u0627\u062d\u062f\u0629\" \/>\n<script type=\"application\/ld+json\" class=\"yoast-schema-graph\">{\"@context\":\"https:\\\/\\\/schema.org\",\"@graph\":[{\"@type\":[\"WebPage\",\"ItemPage\"],\"@id\":\"https:\\\/\\\/vitablanca.ma\\\/produit\\\/herome-stylo-magique\\\/\",\"url\":\"https:\\\/\\\/vitablanca.ma\\\/produit\\\/herome-stylo-magique\\\/\",\"name\":\"Her\u00f4me Stylo Magique - Maroc Prix\",\"isPartOf\":{\"@id\":\"https:\\\/\\\/vitablanca.ma\\\/#website\"},\"primaryImageOfPage\":{\"@id\":\"https:\\\/\\\/vitablanca.ma\\\/produit\\\/herome-stylo-magique\\\/#primaryimage\"},\"image\":{\"@id\":\"https:\\\/\\\/vitablanca.ma\\\/produit\\\/herome-stylo-magique\\\/#primaryimage\"},\"thumbnailUrl\":\"https:\\\/\\\/vitablanca.ma\\\/wp-content\\\/uploads\\\/2025\\\/06\\\/Herome-Stylo-Magique-nova-parapharmacie-maroc.png\",\"datePublished\":\"2025-06-10T17:38:38+00:00\",\"description\":\"Her\u00f4me Stylo Magique\",\"breadcrumb\":{\"@id\":\"https:\\\/\\\/vitablanca.ma\\\/produit\\\/herome-stylo-magique\\\/#breadcrumb\"},\"inLanguage\":\"ar\",\"potentialAction\":[{\"@type\":\"ReadAction\",\"target\":[\"https:\\\/\\\/vitablanca.ma\\\/produit\\\/herome-stylo-magique\\\/\"]}]},{\"@type\":\"ImageObject\",\"inLanguage\":\"ar\",\"@id\":\"https:\\\/\\\/vitablanca.ma\\\/produit\\\/herome-stylo-magique\\\/#primaryimage\",\"url\":\"https:\\\/\\\/vitablanca.ma\\\/wp-content\\\/uploads\\\/2025\\\/06\\\/Herome-Stylo-Magique-nova-parapharmacie-maroc.png\",\"contentUrl\":\"https:\\\/\\\/vitablanca.ma\\\/wp-content\\\/uploads\\\/2025\\\/06\\\/Herome-Stylo-Magique-nova-parapharmacie-maroc.png\",\"width\":1000,\"height\":1000},{\"@type\":\"BreadcrumbList\",\"@id\":\"https:\\\/\\\/vitablanca.ma\\\/produit\\\/herome-stylo-magique\\\/#breadcrumb\",\"itemListElement\":[{\"@type\":\"ListItem\",\"position\":1,\"name\":\"Home\",\"item\":\"https:\\\/\\\/vitablanca.ma\\\/\"},{\"@type\":\"ListItem\",\"position\":2,\"name\":\"Tous Les Produits\",\"item\":\"https:\\\/\\\/vitablanca.ma\\\/tous-les-produits\\\/\"},{\"@type\":\"ListItem\",\"position\":3,\"name\":\"Her\u00f4me Stylo Magique\"}]},{\"@type\":\"WebSite\",\"@id\":\"https:\\\/\\\/vitablanca.ma\\\/#website\",\"url\":\"https:\\\/\\\/vitablanca.ma\\\/\",\"name\":\"VitaBlanca.ma | Compl\u00e9ments alimentaires, sant\u00e9 & beaut\u00e9 au Maroc\",\"description\":\"vendre vitamines et compl\u00e9ments premium des USA &amp; Canada, Nouvelle Z\u00e9lande,Maroc (NOW Foods, Solgar, Manuka). Livraison rapide partout au Maroc.\",\"publisher\":{\"@id\":\"https:\\\/\\\/vitablanca.ma\\\/#organization\"},\"alternateName\":\"VitaBlanca.ma\",\"potentialAction\":[{\"@type\":\"SearchAction\",\"target\":{\"@type\":\"EntryPoint\",\"urlTemplate\":\"https:\\\/\\\/vitablanca.ma\\\/?s={search_term_string}\"},\"query-input\":{\"@type\":\"PropertyValueSpecification\",\"valueRequired\":true,\"valueName\":\"search_term_string\"}}],\"inLanguage\":\"ar\"},{\"@type\":\"Organization\",\"@id\":\"https:\\\/\\\/vitablanca.ma\\\/#organization\",\"name\":\"VitaBlanca\",\"url\":\"https:\\\/\\\/vitablanca.ma\\\/\",\"logo\":{\"@type\":\"ImageObject\",\"inLanguage\":\"ar\",\"@id\":\"https:\\\/\\\/vitablanca.ma\\\/#\\\/schema\\\/logo\\\/image\\\/\",\"url\":\"https:\\\/\\\/vitablanca.ma\\\/wp-content\\\/uploads\\\/2025\\\/05\\\/cropped-vitablanca.png\",\"contentUrl\":\"https:\\\/\\\/vitablanca.ma\\\/wp-content\\\/uploads\\\/2025\\\/05\\\/cropped-vitablanca.png\",\"width\":360,\"height\":67,\"caption\":\"VitaBlanca\"},\"image\":{\"@id\":\"https:\\\/\\\/vitablanca.ma\\\/#\\\/schema\\\/logo\\\/image\\\/\"},\"sameAs\":[\"https:\\\/\\\/www.facebook.com\\\/profile.php?id=61576678196717\",\"https:\\\/\\\/www.tiktok.com\\\/@vitablanca.ma\",\"https:\\\/\\\/www.instagram.com\\\/vitablanca.ma\\\/\"]}]}<\/script>\n<!-- \/ Yoast SEO plugin. -->","yoast_head_json":{"title":"\u0642\u0644\u0645 \u0647\u064a\u0631\u0648\u0645 \u0645\u0627\u062c\u064a\u0643 - \u0633\u0639\u0631 \u0627\u0644\u0645\u063a\u0631\u0628","description":"\u0642\u0644\u0645 \u0647\u064a\u0631\u0648\u0645 \u0627\u0644\u0633\u062d\u0631\u064a","robots":{"index":"index","follow":"follow","max-snippet":"max-snippet:-1","max-image-preview":"max-image-preview:large","max-video-preview":"max-video-preview:-1"},"canonical":"https:\/\/vitablanca.ma\/ar\/product-2\/herome-stylo-magique\/","og_locale":"ar_AR","og_type":"article","og_title":"Her\u00f4me Stylo Magique - Maroc Prix","og_description":"Her\u00f4me Stylo Magique","og_url":"https:\/\/vitablanca.ma\/ar\/product-2\/herome-stylo-magique\/","og_site_name":"Vitablanca.ma &ndash; Sant&eacute;, vitalit&eacute; et bien-&ecirc;tre pour tous les Marocains","article_publisher":"https:\/\/www.facebook.com\/profile.php?id=61576678196717","og_image":[{"width":1000,"height":1000,"url":"https:\/\/vitablanca.ma\/wp-content\/uploads\/2025\/06\/Herome-Stylo-Magique-nova-parapharmacie-maroc.png","type":"image\/png"}],"twitter_card":"summary_large_image","twitter_misc":{"\u0648\u0642\u062a \u0627\u0644\u0642\u0631\u0627\u0621\u0629 \u0627\u0644\u0645\u064f\u0642\u062f\u0651\u0631":"\u062f\u0642\u064a\u0642\u0629 \u0648\u0627\u062d\u062f\u0629"},"schema":{"@context":"https:\/\/schema.org","@graph":[{"@type":["WebPage","ItemPage"],"@id":"https:\/\/vitablanca.ma\/produit\/herome-stylo-magique\/","url":"https:\/\/vitablanca.ma\/produit\/herome-stylo-magique\/","name":"\u0642\u0644\u0645 \u0647\u064a\u0631\u0648\u0645 \u0645\u0627\u062c\u064a\u0643 - \u0633\u0639\u0631 \u0627\u0644\u0645\u063a\u0631\u0628","isPartOf":{"@id":"https:\/\/vitablanca.ma\/#website"},"primaryImageOfPage":{"@id":"https:\/\/vitablanca.ma\/produit\/herome-stylo-magique\/#primaryimage"},"image":{"@id":"https:\/\/vitablanca.ma\/produit\/herome-stylo-magique\/#primaryimage"},"thumbnailUrl":"https:\/\/vitablanca.ma\/wp-content\/uploads\/2025\/06\/Herome-Stylo-Magique-nova-parapharmacie-maroc.png","datePublished":"2025-06-10T17:38:38+00:00","description":"\u0642\u0644\u0645 \u0647\u064a\u0631\u0648\u0645 \u0627\u0644\u0633\u062d\u0631\u064a","breadcrumb":{"@id":"https:\/\/vitablanca.ma\/produit\/herome-stylo-magique\/#breadcrumb"},"inLanguage":"ar","potentialAction":[{"@type":"ReadAction","target":["https:\/\/vitablanca.ma\/produit\/herome-stylo-magique\/"]}]},{"@type":"ImageObject","inLanguage":"ar","@id":"https:\/\/vitablanca.ma\/produit\/herome-stylo-magique\/#primaryimage","url":"https:\/\/vitablanca.ma\/wp-content\/uploads\/2025\/06\/Herome-Stylo-Magique-nova-parapharmacie-maroc.png","contentUrl":"https:\/\/vitablanca.ma\/wp-content\/uploads\/2025\/06\/Herome-Stylo-Magique-nova-parapharmacie-maroc.png","width":1000,"height":1000},{"@type":"BreadcrumbList","@id":"https:\/\/vitablanca.ma\/produit\/herome-stylo-magique\/#breadcrumb","itemListElement":[{"@type":"ListItem","position":1,"name":"Home","item":"https:\/\/vitablanca.ma\/"},{"@type":"ListItem","position":2,"name":"Tous Les Produits","item":"https:\/\/vitablanca.ma\/tous-les-produits\/"},{"@type":"ListItem","position":3,"name":"Her\u00f4me Stylo Magique"}]},{"@type":"WebSite","@id":"https:\/\/vitablanca.ma\/#website","url":"https:\/\/vitablanca.ma\/","name":"VitaBlanca.ma | \u0627\u0644\u0645\u0643\u0645\u0644\u0627\u062a \u0627\u0644\u063a\u0630\u0627\u0626\u064a\u0629\u060c \u0627\u0644\u0635\u062d\u0629 \u0648\u0627\u0644\u062c\u0645\u0627\u0644 \u0641\u064a \u0627\u0644\u0645\u063a\u0631\u0628","description":"\u0646\u0628\u064a\u0639 \u0641\u064a\u062a\u0627\u0645\u064a\u0646\u0627\u062a \u0648\u0645\u0643\u0645\u0644\u0627\u062a \u063a\u0630\u0627\u0626\u064a\u0629 \u0641\u0627\u062e\u0631\u0629 \u0645\u0646 \u0627\u0644\u0648\u0644\u0627\u064a\u0627\u062a \u0627\u0644\u0645\u062a\u062d\u062f\u0629 \u0627\u0644\u0623\u0645\u0631\u064a\u0643\u064a\u0629 \u0648\u0643\u0646\u062f\u0627 \u0648\u0646\u064a\u0648\u0632\u064a\u0644\u0646\u062f\u0627 \u0648\u0627\u0644\u0645\u063a\u0631\u0628 (\u0646\u0627\u0648 \u0641\u0648\u062f\u0632\u060c \u0633\u0648\u0644\u062c\u0627\u0631\u060c \u0645\u0627\u0646\u0648\u0643\u0627). \u062a\u0648\u0635\u064a\u0644 \u0633\u0631\u064a\u0639 \u0625\u0644\u0649 \u062c\u0645\u064a\u0639 \u0623\u0646\u062d\u0627\u0621 \u0627\u0644\u0645\u063a\u0631\u0628.","publisher":{"@id":"https:\/\/vitablanca.ma\/#organization"},"alternateName":"VitaBlanca.ma","potentialAction":[{"@type":"SearchAction","target":{"@type":"EntryPoint","urlTemplate":"https:\/\/vitablanca.ma\/?s={search_term_string}"},"query-input":{"@type":"PropertyValueSpecification","valueRequired":true,"valueName":"search_term_string"}}],"inLanguage":"ar"},{"@type":"Organization","@id":"https:\/\/vitablanca.ma\/#organization","name":"\u0641\u064a\u062a\u0627\u0628\u0644\u0627\u0646\u0643\u0627","url":"https:\/\/vitablanca.ma\/","logo":{"@type":"ImageObject","inLanguage":"ar","@id":"https:\/\/vitablanca.ma\/#\/schema\/logo\/image\/","url":"https:\/\/vitablanca.ma\/wp-content\/uploads\/2025\/05\/cropped-vitablanca.png","contentUrl":"https:\/\/vitablanca.ma\/wp-content\/uploads\/2025\/05\/cropped-vitablanca.png","width":360,"height":67,"caption":"VitaBlanca"},"image":{"@id":"https:\/\/vitablanca.ma\/#\/schema\/logo\/image\/"},"sameAs":["https:\/\/www.facebook.com\/profile.php?id=61576678196717","https:\/\/www.tiktok.com\/@vitablanca.ma","https:\/\/www.instagram.com\/vitablanca.ma\/"]}]}},"jetpack_sharing_enabled":true,"_links":{"self":[{"href":"https:\/\/vitablanca.ma\/ar\/wp-json\/wp\/v2\/product\/18858","targetHints":{"allow":["GET"]}}],"collection":[{"href":"https:\/\/vitablanca.ma\/ar\/wp-json\/wp\/v2\/product"}],"about":[{"href":"https:\/\/vitablanca.ma\/ar\/wp-json\/wp\/v2\/types\/product"}],"wp:featuredmedia":[{"embeddable":true,"href":"https:\/\/vitablanca.ma\/ar\/wp-json\/wp\/v2\/media\/18850"}],"wp:attachment":[{"href":"https:\/\/vitablanca.ma\/ar\/wp-json\/wp\/v2\/media?parent=18858"}],"wp:term":[{"taxonomy":"product_brand","embeddable":true,"href":"https:\/\/vitablanca.ma\/ar\/wp-json\/wp\/v2\/product_brand?post=18858"},{"taxonomy":"product_cat","embeddable":true,"href":"https:\/\/vitablanca.ma\/ar\/wp-json\/wp\/v2\/product_cat?post=18858"},{"taxonomy":"product_tag","embeddable":true,"href":"https:\/\/vitablanca.ma\/ar\/wp-json\/wp\/v2\/product_tag?post=18858"}],"curies":[{"name":"wp","href":"https:\/\/api.w.org\/{rel}","templated":true}]}}