{"id":18857,"date":"2025-06-10T17:38:37","date_gmt":"2025-06-10T17:38:37","guid":{"rendered":"https:\/\/vitablanca.ma\/product\/gph-diffusion-harpagophytum-bio-330-mg-100-gelules\/"},"modified":"2026-01-21T17:07:54","modified_gmt":"2026-01-21T17:07:54","slug":"gph-diffusion-harpagophytum-bio-330-mg-100-gelules","status":"publish","type":"product","link":"https:\/\/vitablanca.ma\/ar\/product-2\/gph-diffusion-harpagophytum-bio-330-mg-100-gelules\/","title":{"rendered":"GPH DIFFUSION Harpagophytum Bio 330 MG &#8211; 100 G\u00c9LULES"},"content":{"rendered":"<h1 class=\"w-post-elm post_title us_custom_92655679 entry-title color_link_inherit\">GPH DIFFUSION Harpagophytum Bio 330 MG \u2013 100 G\u00c9LULES<\/h1>\n<div class=\"w-post-elm post_content\">\n<h2><span>Les origines de l\u2019harpagophytum, une plante tr\u00e8s active<\/span><\/h2>\n<p><span>L\u2019harpagophytum est une plante qui pousse naturellement au sud du continent africain. On pourra ainsi la trouver en Namibie, au Bostwana ou en Afrique du Sud. L\u2019harpagophytum est \u00e9galement cultiv\u00e9 depuis longtemps \u00e0 Madagascar, entre autres. Ainsi, il s\u2019agit d\u2019une plante de la m\u00eame famille que le s\u00e9same, une esp\u00e8ce bien connue en occident. Elle est pourvue d\u2019une forme tr\u00e8s particuli\u00e8re, qui la caract\u00e9rise, au niveau de ses racines. Cellesci ressemblent \u00e0 des griffes, et cela lui a valu de nombreux surnoms vari\u00e9s, en rapport direct avec son apparence.<\/span><\/p>\n<h2><span>De nombreux surnoms pour l\u2019harpagophytum<\/span><\/h2>\n<p><span><strong>On appelle ainsi l\u2019harpagophytum la griffe du diable ou la racine de Windhoek<\/strong>, en r\u00e9f\u00e9rence \u00e0 cette forme qu\u2019elle d\u00e9crit au ras du sol. Cette racine secondaire est celle que l\u2019on utilise lorsque l\u2019on r\u00e9alise des compl\u00e9ments alimentaires. Il s\u2019agit d\u2019un tubercule particuli\u00e8rement important, pesant souvent plus d\u2019un kilogramme. Ces bulbes sont donc assez imposants. On utilise depuis tr\u00e8s longtemps l\u2019harpagophytum notamment au sein de certaines civilisations africaines. Ses vertus sont reconnues depuis des si\u00e8cles sur ce continent, et cellesci ont \u00e9t\u00e9 confi\u00e9es aux occidentaux par les Africains.<\/span><\/p>\n<h2><span>Une plante pleine\u00a0de principes actifs<\/span><\/h2>\n<p><span>Parmi les diff\u00e9rents principes actifs que l\u2019on trouve au sein de l\u2019harpagophytum, on pourra par exemple citer les\u00a0<strong>glucosides<\/strong>\u060c \u0627\u0644\u00a0<strong>phytost\u00e9rols<\/strong>\u060c \u0627\u0644\u00a0<strong>flavono\u00efdes<\/strong>, mais aussi un compos\u00e9 qui lui est propre, l\u2019<strong>harpagoside.<\/strong>\u00a0Les croyances et habitudes li\u00e9es \u00e0 cette plante en font un rem\u00e8de efficace<\/span><\/p>\n<h3><strong>\u0637\u0631\u064a\u0642\u0629 \u0627\u0644\u0627\u0633\u062a\u062e\u062f\u0627\u0645:<\/strong><\/h3>\n<p><span>Prendre 2 \u00e0 3 g\u00e9lules par jour durant les repas, avec un grand verre d\u2019eau, dans le cadre d\u2019une alimentation saine et \u00e9quilibr\u00e9e. Respecter les doses recommand\u00e9es.<\/span><\/p>\n<h3><span><strong>\u0627\u0644\u0645\u0643\u0648\u0646\u0627\u062a \u0644\u0643\u0644 \u0643\u0628\u0633\u0648\u0644\u0629:<\/strong><\/span><\/h3>\n<ul>\n<li><span>Poudre d\u2019harpagophytum racines* :\u00a0330 mg<\/span><\/li>\n<li><span>Tunique (g\u00e9latine + glyc\u00e9rine) :\u00a075 mg<\/span><\/li>\n<\/ul>\n<ul><\/ul>\n<\/div>","protected":false},"excerpt":{"rendered":"<p>GPH DIFFUSION Harpagophytum Bio 330 MG \u2013 100 G\u00c9LULES Les origines de l\u2019harpagophytum, une plante tr\u00e8s active L\u2019harpagophytum est une plante qui pousse naturellement au sud du continent africain. On pourra ainsi la trouver en Namibie, au Bostwana ou en Afrique du Sud. L\u2019harpagophytum est \u00e9galement cultiv\u00e9 depuis longtemps \u00e0 Madagascar, entre autres. Ainsi, il [&hellip;]<\/p>\n","protected":false},"featured_media":18856,"template":"","meta":{"om_disable_all_campaigns":false},"product_brand":[5979],"product_cat":[18,15,3366],"product_tag":[],"class_list":{"0":"post-18857","1":"product","2":"type-product","3":"status-publish","4":"has-post-thumbnail","6":"product_brand-gph-maroc-prix","7":"product_cat-beaute-sante","8":"product_cat-beaute-sante-complements-alimentaires-soins-et-bien-etre-au-meilleur-prix","9":"product_cat-complements-alimentaires-au-maroc-vitablanca","11":"first","12":"instock","13":"sale","14":"taxable","15":"shipping-taxable","16":"purchasable","17":"product-type-simple"},"yoast_head":"<!-- This site is optimized with the Yoast SEO plugin v27.5 - https:\/\/yoast.com\/product\/yoast-seo-wordpress\/ -->\n<title>GPH DIFFUSION Harpagophytum Bio 330 MG - 100 G\u00c9LULES - Maroc Prix<\/title>\n<meta name=\"description\" content=\"GPH DIFFUSION Harpagophytum Bio 330 MG - 100 G\u00c9LULES\" \/>\n<meta name=\"robots\" content=\"index, follow, max-snippet:-1, max-image-preview:large, max-video-preview:-1\" \/>\n<link rel=\"canonical\" href=\"https:\/\/vitablanca.ma\/ar\/product-2\/gph-diffusion-harpagophytum-bio-330-mg-100-gelules\/\" \/>\n<meta property=\"og:locale\" content=\"ar_AR\" \/>\n<meta property=\"og:type\" content=\"article\" \/>\n<meta property=\"og:title\" content=\"GPH DIFFUSION Harpagophytum Bio 330 MG - 100 G\u00c9LULES - Maroc Prix\" \/>\n<meta property=\"og:description\" content=\"GPH DIFFUSION Harpagophytum Bio 330 MG - 100 G\u00c9LULES\" \/>\n<meta property=\"og:url\" content=\"https:\/\/vitablanca.ma\/ar\/product-2\/gph-diffusion-harpagophytum-bio-330-mg-100-gelules\/\" \/>\n<meta property=\"og:site_name\" content=\"Vitablanca.ma &ndash; Sant&eacute;, vitalit&eacute; et bien-&ecirc;tre pour tous les Marocains\" \/>\n<meta property=\"article:publisher\" content=\"https:\/\/www.facebook.com\/profile.php?id=61576678196717\" \/>\n<meta property=\"article:modified_time\" content=\"2026-01-21T17:07:54+00:00\" \/>\n<meta property=\"og:image\" content=\"https:\/\/vitablanca.ma\/wp-content\/uploads\/2025\/06\/gph-diffusion-harpagophytum-bio-330-mg-100-gelules.jpg\" \/>\n\t<meta property=\"og:image:width\" content=\"800\" \/>\n\t<meta property=\"og:image:height\" content=\"800\" \/>\n\t<meta property=\"og:image:type\" content=\"image\/jpeg\" \/>\n<meta name=\"twitter:card\" content=\"summary_large_image\" \/>\n<meta name=\"twitter:label1\" content=\"\u0648\u0642\u062a \u0627\u0644\u0642\u0631\u0627\u0621\u0629 \u0627\u0644\u0645\u064f\u0642\u062f\u0651\u0631\" \/>\n\t<meta name=\"twitter:data1\" content=\"\u062f\u0642\u064a\u0642\u062a\u0627\u0646\" \/>\n<script type=\"application\/ld+json\" class=\"yoast-schema-graph\">{\"@context\":\"https:\\\/\\\/schema.org\",\"@graph\":[{\"@type\":[\"WebPage\",\"ItemPage\"],\"@id\":\"https:\\\/\\\/vitablanca.ma\\\/produit\\\/gph-diffusion-harpagophytum-bio-330-mg-100-gelules\\\/\",\"url\":\"https:\\\/\\\/vitablanca.ma\\\/produit\\\/gph-diffusion-harpagophytum-bio-330-mg-100-gelules\\\/\",\"name\":\"GPH DIFFUSION Harpagophytum Bio 330 MG - 100 G\u00c9LULES - Maroc Prix\",\"isPartOf\":{\"@id\":\"https:\\\/\\\/vitablanca.ma\\\/#website\"},\"primaryImageOfPage\":{\"@id\":\"https:\\\/\\\/vitablanca.ma\\\/produit\\\/gph-diffusion-harpagophytum-bio-330-mg-100-gelules\\\/#primaryimage\"},\"image\":{\"@id\":\"https:\\\/\\\/vitablanca.ma\\\/produit\\\/gph-diffusion-harpagophytum-bio-330-mg-100-gelules\\\/#primaryimage\"},\"thumbnailUrl\":\"https:\\\/\\\/vitablanca.ma\\\/wp-content\\\/uploads\\\/2025\\\/06\\\/gph-diffusion-harpagophytum-bio-330-mg-100-gelules.jpg\",\"datePublished\":\"2025-06-10T17:38:37+00:00\",\"dateModified\":\"2026-01-21T17:07:54+00:00\",\"description\":\"GPH DIFFUSION Harpagophytum Bio 330 MG - 100 G\u00c9LULES\",\"breadcrumb\":{\"@id\":\"https:\\\/\\\/vitablanca.ma\\\/produit\\\/gph-diffusion-harpagophytum-bio-330-mg-100-gelules\\\/#breadcrumb\"},\"inLanguage\":\"ar\",\"potentialAction\":[{\"@type\":\"ReadAction\",\"target\":[\"https:\\\/\\\/vitablanca.ma\\\/produit\\\/gph-diffusion-harpagophytum-bio-330-mg-100-gelules\\\/\"]}]},{\"@type\":\"ImageObject\",\"inLanguage\":\"ar\",\"@id\":\"https:\\\/\\\/vitablanca.ma\\\/produit\\\/gph-diffusion-harpagophytum-bio-330-mg-100-gelules\\\/#primaryimage\",\"url\":\"https:\\\/\\\/vitablanca.ma\\\/wp-content\\\/uploads\\\/2025\\\/06\\\/gph-diffusion-harpagophytum-bio-330-mg-100-gelules.jpg\",\"contentUrl\":\"https:\\\/\\\/vitablanca.ma\\\/wp-content\\\/uploads\\\/2025\\\/06\\\/gph-diffusion-harpagophytum-bio-330-mg-100-gelules.jpg\",\"width\":800,\"height\":800},{\"@type\":\"BreadcrumbList\",\"@id\":\"https:\\\/\\\/vitablanca.ma\\\/produit\\\/gph-diffusion-harpagophytum-bio-330-mg-100-gelules\\\/#breadcrumb\",\"itemListElement\":[{\"@type\":\"ListItem\",\"position\":1,\"name\":\"Home\",\"item\":\"https:\\\/\\\/vitablanca.ma\\\/\"},{\"@type\":\"ListItem\",\"position\":2,\"name\":\"Tous Les Produits\",\"item\":\"https:\\\/\\\/vitablanca.ma\\\/tous-les-produits\\\/\"},{\"@type\":\"ListItem\",\"position\":3,\"name\":\"GPH DIFFUSION Harpagophytum Bio 330 MG &#8211; 100 G\u00c9LULES\"}]},{\"@type\":\"WebSite\",\"@id\":\"https:\\\/\\\/vitablanca.ma\\\/#website\",\"url\":\"https:\\\/\\\/vitablanca.ma\\\/\",\"name\":\"VitaBlanca.ma | Compl\u00e9ments alimentaires, sant\u00e9 & beaut\u00e9 au Maroc\",\"description\":\"vendre vitamines et compl\u00e9ments premium des USA &amp; Canada, Nouvelle Z\u00e9lande,Maroc (NOW Foods, Solgar, Manuka). Livraison rapide partout au Maroc.\",\"publisher\":{\"@id\":\"https:\\\/\\\/vitablanca.ma\\\/#organization\"},\"alternateName\":\"VitaBlanca.ma\",\"potentialAction\":[{\"@type\":\"SearchAction\",\"target\":{\"@type\":\"EntryPoint\",\"urlTemplate\":\"https:\\\/\\\/vitablanca.ma\\\/?s={search_term_string}\"},\"query-input\":{\"@type\":\"PropertyValueSpecification\",\"valueRequired\":true,\"valueName\":\"search_term_string\"}}],\"inLanguage\":\"ar\"},{\"@type\":\"Organization\",\"@id\":\"https:\\\/\\\/vitablanca.ma\\\/#organization\",\"name\":\"VitaBlanca\",\"url\":\"https:\\\/\\\/vitablanca.ma\\\/\",\"logo\":{\"@type\":\"ImageObject\",\"inLanguage\":\"ar\",\"@id\":\"https:\\\/\\\/vitablanca.ma\\\/#\\\/schema\\\/logo\\\/image\\\/\",\"url\":\"https:\\\/\\\/vitablanca.ma\\\/wp-content\\\/uploads\\\/2025\\\/05\\\/cropped-vitablanca.png\",\"contentUrl\":\"https:\\\/\\\/vitablanca.ma\\\/wp-content\\\/uploads\\\/2025\\\/05\\\/cropped-vitablanca.png\",\"width\":360,\"height\":67,\"caption\":\"VitaBlanca\"},\"image\":{\"@id\":\"https:\\\/\\\/vitablanca.ma\\\/#\\\/schema\\\/logo\\\/image\\\/\"},\"sameAs\":[\"https:\\\/\\\/www.facebook.com\\\/profile.php?id=61576678196717\",\"https:\\\/\\\/www.tiktok.com\\\/@vitablanca.ma\",\"https:\\\/\\\/www.instagram.com\\\/vitablanca.ma\\\/\"]}]}<\/script>\n<!-- \/ Yoast SEO plugin. -->","yoast_head_json":{"title":"GPH DIFFUSION Harpagophytum Bio 330 MG - 100 G\u00c9LULES - Maroc Prix","description":"GPH DIFFUSION Harpagophytum Bio 330 MG - 100 \u0643\u0628\u0633\u0648\u0644\u0629","robots":{"index":"index","follow":"follow","max-snippet":"max-snippet:-1","max-image-preview":"max-image-preview:large","max-video-preview":"max-video-preview:-1"},"canonical":"https:\/\/vitablanca.ma\/ar\/product-2\/gph-diffusion-harpagophytum-bio-330-mg-100-gelules\/","og_locale":"ar_AR","og_type":"article","og_title":"GPH DIFFUSION Harpagophytum Bio 330 MG - 100 G\u00c9LULES - Maroc Prix","og_description":"GPH DIFFUSION Harpagophytum Bio 330 MG - 100 G\u00c9LULES","og_url":"https:\/\/vitablanca.ma\/ar\/product-2\/gph-diffusion-harpagophytum-bio-330-mg-100-gelules\/","og_site_name":"Vitablanca.ma &ndash; Sant&eacute;, vitalit&eacute; et bien-&ecirc;tre pour tous les Marocains","article_publisher":"https:\/\/www.facebook.com\/profile.php?id=61576678196717","article_modified_time":"2026-01-21T17:07:54+00:00","og_image":[{"width":800,"height":800,"url":"https:\/\/vitablanca.ma\/wp-content\/uploads\/2025\/06\/gph-diffusion-harpagophytum-bio-330-mg-100-gelules.jpg","type":"image\/jpeg"}],"twitter_card":"summary_large_image","twitter_misc":{"\u0648\u0642\u062a \u0627\u0644\u0642\u0631\u0627\u0621\u0629 \u0627\u0644\u0645\u064f\u0642\u062f\u0651\u0631":"\u062f\u0642\u064a\u0642\u062a\u0627\u0646"},"schema":{"@context":"https:\/\/schema.org","@graph":[{"@type":["WebPage","ItemPage"],"@id":"https:\/\/vitablanca.ma\/produit\/gph-diffusion-harpagophytum-bio-330-mg-100-gelules\/","url":"https:\/\/vitablanca.ma\/produit\/gph-diffusion-harpagophytum-bio-330-mg-100-gelules\/","name":"GPH DIFFUSION Harpagophytum Bio 330 MG - 100 G\u00c9LULES - Maroc Prix","isPartOf":{"@id":"https:\/\/vitablanca.ma\/#website"},"primaryImageOfPage":{"@id":"https:\/\/vitablanca.ma\/produit\/gph-diffusion-harpagophytum-bio-330-mg-100-gelules\/#primaryimage"},"image":{"@id":"https:\/\/vitablanca.ma\/produit\/gph-diffusion-harpagophytum-bio-330-mg-100-gelules\/#primaryimage"},"thumbnailUrl":"https:\/\/vitablanca.ma\/wp-content\/uploads\/2025\/06\/gph-diffusion-harpagophytum-bio-330-mg-100-gelules.jpg","datePublished":"2025-06-10T17:38:37+00:00","dateModified":"2026-01-21T17:07:54+00:00","description":"GPH DIFFUSION Harpagophytum Bio 330 MG - 100 \u0643\u0628\u0633\u0648\u0644\u0629","breadcrumb":{"@id":"https:\/\/vitablanca.ma\/produit\/gph-diffusion-harpagophytum-bio-330-mg-100-gelules\/#breadcrumb"},"inLanguage":"ar","potentialAction":[{"@type":"ReadAction","target":["https:\/\/vitablanca.ma\/produit\/gph-diffusion-harpagophytum-bio-330-mg-100-gelules\/"]}]},{"@type":"ImageObject","inLanguage":"ar","@id":"https:\/\/vitablanca.ma\/produit\/gph-diffusion-harpagophytum-bio-330-mg-100-gelules\/#primaryimage","url":"https:\/\/vitablanca.ma\/wp-content\/uploads\/2025\/06\/gph-diffusion-harpagophytum-bio-330-mg-100-gelules.jpg","contentUrl":"https:\/\/vitablanca.ma\/wp-content\/uploads\/2025\/06\/gph-diffusion-harpagophytum-bio-330-mg-100-gelules.jpg","width":800,"height":800},{"@type":"BreadcrumbList","@id":"https:\/\/vitablanca.ma\/produit\/gph-diffusion-harpagophytum-bio-330-mg-100-gelules\/#breadcrumb","itemListElement":[{"@type":"ListItem","position":1,"name":"Home","item":"https:\/\/vitablanca.ma\/"},{"@type":"ListItem","position":2,"name":"Tous Les Produits","item":"https:\/\/vitablanca.ma\/tous-les-produits\/"},{"@type":"ListItem","position":3,"name":"GPH DIFFUSION Harpagophytum Bio 330 MG &#8211; 100 G\u00c9LULES"}]},{"@type":"WebSite","@id":"https:\/\/vitablanca.ma\/#website","url":"https:\/\/vitablanca.ma\/","name":"VitaBlanca.ma | \u0627\u0644\u0645\u0643\u0645\u0644\u0627\u062a \u0627\u0644\u063a\u0630\u0627\u0626\u064a\u0629\u060c \u0627\u0644\u0635\u062d\u0629 \u0648\u0627\u0644\u062c\u0645\u0627\u0644 \u0641\u064a \u0627\u0644\u0645\u063a\u0631\u0628","description":"\u0646\u0628\u064a\u0639 \u0641\u064a\u062a\u0627\u0645\u064a\u0646\u0627\u062a \u0648\u0645\u0643\u0645\u0644\u0627\u062a \u063a\u0630\u0627\u0626\u064a\u0629 \u0641\u0627\u062e\u0631\u0629 \u0645\u0646 \u0627\u0644\u0648\u0644\u0627\u064a\u0627\u062a \u0627\u0644\u0645\u062a\u062d\u062f\u0629 \u0627\u0644\u0623\u0645\u0631\u064a\u0643\u064a\u0629 \u0648\u0643\u0646\u062f\u0627 \u0648\u0646\u064a\u0648\u0632\u064a\u0644\u0646\u062f\u0627 \u0648\u0627\u0644\u0645\u063a\u0631\u0628 (\u0646\u0627\u0648 \u0641\u0648\u062f\u0632\u060c \u0633\u0648\u0644\u062c\u0627\u0631\u060c \u0645\u0627\u0646\u0648\u0643\u0627). \u062a\u0648\u0635\u064a\u0644 \u0633\u0631\u064a\u0639 \u0625\u0644\u0649 \u062c\u0645\u064a\u0639 \u0623\u0646\u062d\u0627\u0621 \u0627\u0644\u0645\u063a\u0631\u0628.","publisher":{"@id":"https:\/\/vitablanca.ma\/#organization"},"alternateName":"VitaBlanca.ma","potentialAction":[{"@type":"SearchAction","target":{"@type":"EntryPoint","urlTemplate":"https:\/\/vitablanca.ma\/?s={search_term_string}"},"query-input":{"@type":"PropertyValueSpecification","valueRequired":true,"valueName":"search_term_string"}}],"inLanguage":"ar"},{"@type":"Organization","@id":"https:\/\/vitablanca.ma\/#organization","name":"\u0641\u064a\u062a\u0627\u0628\u0644\u0627\u0646\u0643\u0627","url":"https:\/\/vitablanca.ma\/","logo":{"@type":"ImageObject","inLanguage":"ar","@id":"https:\/\/vitablanca.ma\/#\/schema\/logo\/image\/","url":"https:\/\/vitablanca.ma\/wp-content\/uploads\/2025\/05\/cropped-vitablanca.png","contentUrl":"https:\/\/vitablanca.ma\/wp-content\/uploads\/2025\/05\/cropped-vitablanca.png","width":360,"height":67,"caption":"VitaBlanca"},"image":{"@id":"https:\/\/vitablanca.ma\/#\/schema\/logo\/image\/"},"sameAs":["https:\/\/www.facebook.com\/profile.php?id=61576678196717","https:\/\/www.tiktok.com\/@vitablanca.ma","https:\/\/www.instagram.com\/vitablanca.ma\/"]}]}},"jetpack_sharing_enabled":true,"_links":{"self":[{"href":"https:\/\/vitablanca.ma\/ar\/wp-json\/wp\/v2\/product\/18857","targetHints":{"allow":["GET"]}}],"collection":[{"href":"https:\/\/vitablanca.ma\/ar\/wp-json\/wp\/v2\/product"}],"about":[{"href":"https:\/\/vitablanca.ma\/ar\/wp-json\/wp\/v2\/types\/product"}],"wp:featuredmedia":[{"embeddable":true,"href":"https:\/\/vitablanca.ma\/ar\/wp-json\/wp\/v2\/media\/18856"}],"wp:attachment":[{"href":"https:\/\/vitablanca.ma\/ar\/wp-json\/wp\/v2\/media?parent=18857"}],"wp:term":[{"taxonomy":"product_brand","embeddable":true,"href":"https:\/\/vitablanca.ma\/ar\/wp-json\/wp\/v2\/product_brand?post=18857"},{"taxonomy":"product_cat","embeddable":true,"href":"https:\/\/vitablanca.ma\/ar\/wp-json\/wp\/v2\/product_cat?post=18857"},{"taxonomy":"product_tag","embeddable":true,"href":"https:\/\/vitablanca.ma\/ar\/wp-json\/wp\/v2\/product_tag?post=18857"}],"curies":[{"name":"wp","href":"https:\/\/api.w.org\/{rel}","templated":true}]}}