{"id":18855,"date":"2025-06-10T17:38:29","date_gmt":"2025-06-10T17:38:29","guid":{"rendered":"https:\/\/vitablanca.ma\/product\/foto-ultra-isdin-age-repair-spf50-50ml\/"},"modified":"2025-06-10T17:38:29","modified_gmt":"2025-06-10T17:38:29","slug":"foto-ultra-isdin-age-repair-spf50-50ml","status":"publish","type":"product","link":"https:\/\/vitablanca.ma\/ar\/product-2\/foto-ultra-isdin-age-repair-spf50-50ml\/","title":{"rendered":"\u0641\u0648\u062a\u0648 \u0623\u0644\u062a\u0631\u0627 ISDIN \u0644\u0625\u0635\u0644\u0627\u062d \u0639\u0644\u0627\u0645\u0627\u062a \u062a\u0642\u062f\u0645 \u0627\u0644\u0633\u0646 SPF50+ 50 \u0645\u0644"},"content":{"rendered":"<div class=\"indicaciones-main_info\">\n<h2>\u0641\u0648\u062a\u0648 \u0623\u0644\u062a\u0631\u0627 ISDIN \u0644\u0625\u0635\u0644\u0627\u062d \u0639\u0644\u0627\u0645\u0627\u062a \u062a\u0642\u062f\u0645 \u0627\u0644\u0633\u0646 SPF50+\u00a0<\/h2>\n<p>\u0648\u0627\u0642\u064a \u0644\u0644\u0648\u062c\u0647 \u0645\u0646 \u0623\u0634\u0639\u0629 \u0627\u0644\u0634\u0645\u0633 \u0639\u0644\u0649 \u0623\u0633\u0627\u0633 \u0645\u0627\u0626\u064a\u060c \u064a\u0648\u0641\u0631 \u062a\u0631\u0637\u064a\u0628\u064b\u0627 \u0641\u0648\u0631\u064a\u064b\u0627 \u0648\u064a\u0642\u062f\u0645 \u062a\u0623\u062b\u064a\u0631\u064b\u0627 \u062b\u0644\u0627\u062b\u064a\u064b\u0627 \u0645\u0636\u0627\u062f\u064b\u0627 \u0644\u0644\u0634\u064a\u062e\u0648\u062e\u0629 \u0627\u0644\u0636\u0648\u0626\u064a\u0629: \u0641\u0647\u0648 \u064a\u062d\u0645\u064a \u0648\u064a\u0635\u0644\u062d \u0648\u064a\u062c\u062f\u062f.\u00a0<\/p>\n<h3>\u0641\u0648\u0627\u0626\u062f<\/h3>\n<div class=\"zone zone2 field_accion\">\n<div class=\"zoneContainer\">\n<p>\u062a\u0623\u062b\u064a\u0631 \u062b\u0644\u0627\u062b\u064a \u0645\u0636\u0627\u062f \u0644\u0644\u0634\u064a\u062e\u0648\u062e\u0629 \u0627\u0644\u0636\u0648\u0626\u064a\u0629:<\/p>\n<p><strong>\u0645\u062d\u0645\u064a<\/strong><\/p>\n<ul>\n<li>\u062d\u0645\u0627\u064a\u0629 \u0639\u0627\u0644\u064a\u0629 \u0645\u0646 \u0627\u0644\u0623\u0634\u0639\u0629 \u0641\u0648\u0642 \u0627\u0644\u0628\u0646\u0641\u0633\u062c\u064a\u0629 \u062a\u0633\u0627\u0639\u062f \u0639\u0644\u0649 \u0645\u0646\u0639 \u0623\u0636\u0631\u0627\u0631 \u0623\u0634\u0639\u0629 \u0627\u0644\u0634\u0645\u0633.<\/li>\n<li>\u062a\u0631\u0643\u064a\u0628\u062a\u0647 \u0627\u0644\u0645\u0628\u062a\u0643\u0631\u0629 \u062a\u062d\u0645\u064a \u0627\u0644\u0628\u0634\u0631\u0629 \u0645\u0646 \u0627\u0644\u062a\u0644\u0648\u062b \u0627\u0644\u062d\u0636\u0631\u064a.<\/li>\n<\/ul>\n<p><strong>\u0628\u0635\u0644\u062d<\/strong><\/p>\n<ul>\n<li>\u064a\u0633\u0627\u0647\u0645 \u0641\u064a \u0625\u0635\u0644\u0627\u062d \u0623\u0636\u0631\u0627\u0631 \u0627\u0644\u0634\u0645\u0633 \u0627\u0644\u0645\u062a\u0631\u0627\u0643\u0645\u0629 \u0639\u0644\u0649 \u0627\u0644\u0645\u0633\u062a\u0648\u0649 \u0627\u0644\u062e\u0644\u0648\u064a.<\/li>\n<\/ul>\n<p><strong>\u064a\u062a\u062c\u062f\u062f\u00a0<\/strong><\/p>\n<ul>\n<li>\u064a\u0642\u0644\u0644 \u0627\u0644\u062a\u062c\u0627\u0639\u064a\u062f \u0648\u064a\u062d\u0633\u0646 \u0625\u0634\u0631\u0627\u0642\u0629 \u0627\u0644\u0628\u0634\u0631\u0629 \u0648\u062a\u0631\u0637\u064a\u0628\u0647\u0627 \u0648\u0645\u0631\u0648\u0646\u062a\u0647\u0627.<\/li>\n<\/ul>\n<p><strong>\u062d\u0645\u0627\u064a\u0629 \u0639\u0627\u0644\u064a\u0629 \u0645\u0646 \u0627\u0644\u0623\u0634\u0639\u0629 \u0641\u0648\u0642 \u0627\u0644\u0628\u0646\u0641\u0633\u062c\u064a\u0629<\/strong><br \/>\u062d\u0645\u0627\u064a\u0629 SPF50 \u0636\u062f \u0627\u0644\u0623\u0634\u0639\u0629 \u0641\u0648\u0642 \u0627\u0644\u0628\u0646\u0641\u0633\u062c\u064a\u0629 UVB \u0648UVA \u062a\u0645 \u0627\u062e\u062a\u0628\u0627\u0631\u0647\u0627 \u0633\u0631\u064a\u0631\u064a\u064b\u0627 \u0641\u064a \u0638\u0631\u0648\u0641 \u062d\u0642\u064a\u0642\u064a\u0629 \u0645\u0646 \u0623\u0634\u0639\u0629 \u0627\u0644\u0634\u0645\u0633 \u0627\u0644\u0642\u0648\u064a\u0629.<\/p>\n<p><strong>\u0627\u0644\u062a\u0633\u0627\u0645\u062d \u0627\u0644\u0623\u0645\u062b\u0644<\/strong><br \/>\u0645\u0646\u0627\u0633\u0628 \u0644\u062c\u0645\u064a\u0639 \u0623\u0646\u0648\u0627\u0639 \u0627\u0644\u0628\u0634\u0631\u0629.<\/p>\n<p><strong>\u0628\u0634\u0631\u0629 \u0631\u0637\u0628\u0629<\/strong><br \/>\u064a\u0645\u0643\u0646 \u062a\u0637\u0628\u064a\u0642\u0647 \u0639\u0644\u0649 \u0627\u0644\u0628\u0634\u0631\u0629 \u0627\u0644\u0645\u0628\u0644\u0644\u0629.<\/p>\n<p><strong>\u0635\u062f\u064a\u0642 \u0644\u0644\u0628\u062d\u0631<\/strong><br \/>\u062a\u0631\u0643\u064a\u0628\u0629 \u062a\u062d\u062a\u0648\u064a \u0639\u0644\u0649 \u063a\u0627\u0644\u0628\u064a\u0629 \u0627\u0644\u0645\u0643\u0648\u0646\u0627\u062a \u0627\u0644\u0642\u0627\u0628\u0644\u0629 \u0644\u0644\u062a\u062d\u0644\u0644 \u0627\u0644\u062d\u064a\u0648\u064a \u0648\/\u0623\u0648 \u063a\u064a\u0631 \u0627\u0644\u0639\u0636\u0648\u064a\u0629.<\/p>\n<h3>Mode D\u2019emploi<\/h3>\n<div class=\"zone zone3 field_posologia\">\n<div class=\"zoneContainer\">\n<p>\u0636\u0639\u064a \u0643\u0645\u064a\u0629 \u0648\u0641\u064a\u0631\u0629 \u0639\u0644\u0649 \u0628\u0634\u0631\u0629 \u062c\u0627\u0641\u0629 \u0623\u0648 \u0631\u0637\u0628\u0629 \u0642\u0628\u0644 \u0646\u0635\u0641 \u0633\u0627\u0639\u0629 \u0645\u0646 \u0627\u0644\u062a\u0639\u0631\u0636 \u0644\u0623\u0634\u0639\u0629 \u0627\u0644\u0634\u0645\u0633\u060c \u0648\u0623\u0639\u064a\u062f\u064a \u0648\u0636\u0639 \u0627\u0644\u0645\u0646\u062a\u062c \u0643\u0644 \u0633\u0627\u0639\u062a\u064a\u0646. \u0623\u0639\u064a\u062f\u064a \u0648\u0636\u0639 \u0627\u0644\u0645\u0646\u062a\u062c \u0628\u0639\u062f \u0627\u0644\u062a\u0639\u0631\u0642 \u0623\u0648 \u0627\u0644\u0633\u0628\u0627\u062d\u0629 \u0623\u0648 \u0627\u0644\u062a\u062c\u0641\u064a\u0641 \u0628\u0627\u0644\u0645\u0646\u0634\u0641\u0629. \u0643\u0644\u0645\u0627 \u0642\u0644\u062a \u0643\u0645\u064a\u0629 \u0627\u0644\u0645\u0646\u062a\u062c\u060c \u0627\u0646\u062e\u0641\u0636 \u0639\u0627\u0645\u0644 \u0627\u0644\u062d\u0645\u0627\u064a\u0629 \u0645\u0646 \u0627\u0644\u0634\u0645\u0633.<\/p>\n<h3>\u062a\u0639\u0628\u064a\u0631<\/h3>\n<div class=\"zone zone4 field_composicion\">\n<div class=\"zoneContainer\">\n<p>\u0645\u0627\u0621\u060c \u0623\u0648\u0643\u062a\u0648\u0643\u0631\u064a\u0644\u064a\u0646\u060c \u0628\u0631\u0648\u0628\u0627\u0646\u062f\u064a\u0648\u0644\u060c \u0633\u0627\u0644\u064a\u0633\u064a\u0644\u0627\u062a \u0625\u064a\u062b\u064a\u0644 \u0647\u0643\u0633\u064a\u0644\u060c \u0628\u0648\u062a\u064a\u0644 \u0645\u064a\u062b\u0648\u0643\u0633\u064a\u062f\u064a\u0628\u0646\u0632\u0648\u064a\u0644 \u0645\u064a\u062b\u0627\u0646\u060c \u0628\u0648\u0644\u064a \u0645\u064a\u062b\u064a\u0644 \u0645\u064a\u062b\u0627\u0643\u0631\u064a\u0644\u0627\u062a\u060c \u062b\u0646\u0627\u0626\u064a \u0645\u064a\u062b\u064a\u0643\u0648\u0646\u060c \u062d\u0645\u0636 \u0641\u064a\u0646\u064a\u0644 \u0628\u0646\u0632\u064a\u0645\u064a\u062f\u0627\u0632\u0648\u0644 \u0627\u0644\u0633\u0644\u0641\u0648\u0646\u064a\u0643\u060c \u0628\u0648\u0644\u064a \u0633\u064a\u0644\u064a\u0643\u0648\u0646-15\u060c \u062b\u0646\u0627\u0626\u064a \u0643\u0627\u0628\u0631\u064a\u0644\u0627\u062a\/\u062b\u0646\u0627\u0626\u064a \u0643\u0627\u0628\u0631\u0627\u062a \u0627\u0644\u0628\u0631\u0648\u0628\u064a\u0644\u064a\u0646 \u062c\u0644\u064a\u0643\u0648\u0644\u060c \u062a\u0631\u0648\u0645\u064a\u062b\u0627\u0645\u064a\u0646\u060c \u062c\u0644\u0633\u0631\u064a\u0646\u060c \u062b\u0646\u0627\u0626\u064a \u0625\u064a\u062b\u064a\u0644 \u0647\u0643\u0633\u064a\u0644\u0648\u0643\u0633\u064a \u0641\u064a\u0646\u0648\u0644 \u0645\u064a\u062b\u0648\u0643\u0633\u064a \u0641\u064a\u0646\u064a\u0644 \u062a\u0631\u064a\u0627\u0632\u064a\u0646\u060c \u0633\u064a\u0644\u064a\u0643\u0627\u060c \u062b\u0646\u0627\u0626\u064a \u0645\u064a\u062b\u064a\u0643\u0648\u0646\/\u0641\u064a\u0646\u064a\u0644 \u062b\u0646\u0627\u0626\u064a \u0645\u064a\u062b\u064a\u0643\u0648\u0646 \u0643\u0631\u0648\u0633\u0628\u0648\u0644\u064a\u0645\u0631\u060c \u0628\u0648\u062a\u064a\u0644\u064a\u0646 \u062c\u0644\u064a\u0643\u0648\u0644\u060c 1\u060c2-\u0647\u064a\u0643\u0633\u0627\u0646\u064a\u062f\u064a\u0648\u0644\u060c \u0628\u0648\u0644\u064a\u0633\u0648\u0631\u0628\u0627\u062a 60\u060c \u062b\u0646\u0627\u0626\u064a \u0645\u064a\u062b\u064a\u0643\u0648\u0646 PEG-10\u060c \u0647\u064a\u0627\u0644\u0648\u0631\u0648\u0646\u0627\u062a \u0627\u0644\u0635\u0648\u062f\u064a\u0648\u0645\u060c \u0623\u0633\u064a\u062a\u0627\u062a \u062a\u0648\u0643\u0648\u0641\u064a\u0631\u064a\u0644\u060c \u0635\u0645\u063a \u0632\u0627\u0646\u062b\u0627\u0646\u060c \u0643\u0627\u0628\u0631\u064a\u0644\u064a\u0644 \u062c\u0644\u064a\u0643\u0648\u0644\u060c \u0639\u0637\u0631\u060c \u062b\u0646\u0627\u0626\u064a \u0635\u0648\u062f\u064a\u0648\u0645 EDTA\u060c PEG-8\u060c \u0643\u0627\u0631\u0628\u0648\u0645\u064a\u0631\u060c \u0628\u0648\u0644\u064a\u0633\u0648\u0631\u0628\u0627\u062a 20\u060c \u0644\u0627\u0643\u062a\u0627\u062a \u0627\u0644\u0635\u0648\u062f\u064a\u0648\u0645. \u062a\u0648\u0643\u0648\u0641\u064a\u0631\u0648\u0644\u060c \u0641\u064a\u0646\u0648\u0643\u0633\u064a \u0625\u064a\u062b\u0627\u0646\u0648\u0644\u060c \u062a\u0631\u0648\u0628\u0648\u0644\u0648\u0646\u060c \u0644\u064a\u0633\u064a\u062b\u064a\u0646\u060c \u0645\u0633\u062a\u062e\u0644\u0635 \u0627\u0644\u0639\u0648\u0627\u0644\u0642\u060c \u0628\u0627\u0644\u0645\u064a\u062a\u0627\u062a \u0627\u0644\u0623\u0633\u0643\u0648\u0631\u0628\u064a\u0644\u060c \u0628\u0646\u0632\u0648\u0627\u062a \u0627\u0644\u0635\u0648\u062f\u064a\u0648\u0645\u060c \u062d\u0645\u0636 \u0627\u0644\u0623\u0633\u0643\u0648\u0631\u0628\u064a\u0643\u060c \u062d\u0645\u0636 \u0627\u0644\u0633\u062a\u0631\u064a\u0643\u060c \u0628\u0627\u0644\u0645\u064a\u062a\u0648\u064a\u0644 \u062b\u0644\u0627\u062b\u064a \u0627\u0644\u0628\u0628\u062a\u064a\u062f-1\u060c \u0628\u0627\u0644\u0645\u064a\u062a\u0648\u064a\u0644 \u0631\u0628\u0627\u0639\u064a \u0627\u0644\u0628\u0628\u062a\u064a\u062f-7\u060c \u062e\u0645\u0627\u0633\u064a \u0627\u0644\u0628\u0628\u062a\u064a\u062f-34 \u062b\u0644\u0627\u062b\u064a \u0641\u0644\u0648\u0631\u0648 \u0623\u0633\u064a\u062a\u0627\u062a<\/p>\n<\/div>\n<\/div>\n<\/div>\n<\/div>\n<\/div>\n<\/div>\n<\/div>","protected":false},"excerpt":{"rendered":"<p>Foto Ultra ISDIN Age Repair SPF50+\u00a0 Photoprotecteur pour le visage \u00e0 phase aqueuse, apportant une hydratation imm\u00e9diate et offrant une triple action anti-photovieillissement : il prot\u00e8ge, r\u00e9pare et r\u00e9g\u00e9n\u00e8re.\u00a0 B\u00e9n\u00e9fices Triple action anti-photovieillissement : PROT\u00c8GE Haute protection UV qui aide \u00e0 pr\u00e9venir les dommages caus\u00e9s par le soleil. Sa formule innovante prot\u00e8ge la peau de [&hellip;]<\/p>\n","protected":false},"featured_media":18851,"template":"","meta":{"om_disable_all_campaigns":false},"product_brand":[],"product_cat":[15],"product_tag":[],"class_list":{"0":"post-18855","1":"product","2":"type-product","3":"status-publish","4":"has-post-thumbnail","6":"product_cat-beaute-sante-complements-alimentaires-soins-et-bien-etre-au-meilleur-prix","8":"first","9":"instock","10":"sale","11":"taxable","12":"shipping-taxable","13":"purchasable","14":"product-type-simple"},"yoast_head":"<!-- This site is optimized with the Yoast SEO plugin v27.5 - https:\/\/yoast.com\/product\/yoast-seo-wordpress\/ -->\n<title>Foto Ultra ISDIN Age Repair SPF50+ 50ml - Maroc Prix<\/title>\n<meta name=\"description\" content=\"Foto Ultra ISDIN Age Repair SPF50+ 50ml\" \/>\n<meta name=\"robots\" content=\"index, follow, max-snippet:-1, max-image-preview:large, max-video-preview:-1\" \/>\n<link rel=\"canonical\" href=\"https:\/\/vitablanca.ma\/ar\/product-2\/foto-ultra-isdin-age-repair-spf50-50ml\/\" \/>\n<meta property=\"og:locale\" content=\"ar_AR\" \/>\n<meta property=\"og:type\" content=\"article\" \/>\n<meta property=\"og:title\" content=\"Foto Ultra ISDIN Age Repair SPF50+ 50ml - Maroc Prix\" \/>\n<meta property=\"og:description\" content=\"Foto Ultra ISDIN Age Repair SPF50+ 50ml\" \/>\n<meta property=\"og:url\" content=\"https:\/\/vitablanca.ma\/ar\/product-2\/foto-ultra-isdin-age-repair-spf50-50ml\/\" \/>\n<meta property=\"og:site_name\" content=\"Vitablanca.ma &ndash; Sant&eacute;, vitalit&eacute; et bien-&ecirc;tre pour tous les Marocains\" \/>\n<meta property=\"article:publisher\" content=\"https:\/\/www.facebook.com\/profile.php?id=61576678196717\" \/>\n<meta property=\"og:image\" content=\"https:\/\/vitablanca.ma\/wp-content\/uploads\/2025\/06\/Foto-Ultra-ISDIN-Age-Repair-SPF-50_-50-ml-nova-para-maroc.jpg\" \/>\n\t<meta property=\"og:image:width\" content=\"1000\" \/>\n\t<meta property=\"og:image:height\" content=\"1000\" \/>\n\t<meta property=\"og:image:type\" content=\"image\/jpeg\" \/>\n<meta name=\"twitter:card\" content=\"summary_large_image\" \/>\n<meta name=\"twitter:label1\" content=\"\u0648\u0642\u062a \u0627\u0644\u0642\u0631\u0627\u0621\u0629 \u0627\u0644\u0645\u064f\u0642\u062f\u0651\u0631\" \/>\n\t<meta name=\"twitter:data1\" content=\"\u062f\u0642\u064a\u0642\u0629 \u0648\u0627\u062d\u062f\u0629\" \/>\n<script type=\"application\/ld+json\" class=\"yoast-schema-graph\">{\"@context\":\"https:\\\/\\\/schema.org\",\"@graph\":[{\"@type\":[\"WebPage\",\"ItemPage\"],\"@id\":\"https:\\\/\\\/vitablanca.ma\\\/produit\\\/foto-ultra-isdin-age-repair-spf50-50ml\\\/\",\"url\":\"https:\\\/\\\/vitablanca.ma\\\/produit\\\/foto-ultra-isdin-age-repair-spf50-50ml\\\/\",\"name\":\"Foto Ultra ISDIN Age Repair SPF50+ 50ml - Maroc Prix\",\"isPartOf\":{\"@id\":\"https:\\\/\\\/vitablanca.ma\\\/#website\"},\"primaryImageOfPage\":{\"@id\":\"https:\\\/\\\/vitablanca.ma\\\/produit\\\/foto-ultra-isdin-age-repair-spf50-50ml\\\/#primaryimage\"},\"image\":{\"@id\":\"https:\\\/\\\/vitablanca.ma\\\/produit\\\/foto-ultra-isdin-age-repair-spf50-50ml\\\/#primaryimage\"},\"thumbnailUrl\":\"https:\\\/\\\/vitablanca.ma\\\/wp-content\\\/uploads\\\/2025\\\/06\\\/Foto-Ultra-ISDIN-Age-Repair-SPF-50_-50-ml-nova-para-maroc.jpg\",\"datePublished\":\"2025-06-10T17:38:29+00:00\",\"description\":\"Foto Ultra ISDIN Age Repair SPF50+ 50ml\",\"breadcrumb\":{\"@id\":\"https:\\\/\\\/vitablanca.ma\\\/produit\\\/foto-ultra-isdin-age-repair-spf50-50ml\\\/#breadcrumb\"},\"inLanguage\":\"ar\",\"potentialAction\":[{\"@type\":\"ReadAction\",\"target\":[\"https:\\\/\\\/vitablanca.ma\\\/produit\\\/foto-ultra-isdin-age-repair-spf50-50ml\\\/\"]}]},{\"@type\":\"ImageObject\",\"inLanguage\":\"ar\",\"@id\":\"https:\\\/\\\/vitablanca.ma\\\/produit\\\/foto-ultra-isdin-age-repair-spf50-50ml\\\/#primaryimage\",\"url\":\"https:\\\/\\\/vitablanca.ma\\\/wp-content\\\/uploads\\\/2025\\\/06\\\/Foto-Ultra-ISDIN-Age-Repair-SPF-50_-50-ml-nova-para-maroc.jpg\",\"contentUrl\":\"https:\\\/\\\/vitablanca.ma\\\/wp-content\\\/uploads\\\/2025\\\/06\\\/Foto-Ultra-ISDIN-Age-Repair-SPF-50_-50-ml-nova-para-maroc.jpg\",\"width\":1000,\"height\":1000},{\"@type\":\"BreadcrumbList\",\"@id\":\"https:\\\/\\\/vitablanca.ma\\\/produit\\\/foto-ultra-isdin-age-repair-spf50-50ml\\\/#breadcrumb\",\"itemListElement\":[{\"@type\":\"ListItem\",\"position\":1,\"name\":\"Home\",\"item\":\"https:\\\/\\\/vitablanca.ma\\\/\"},{\"@type\":\"ListItem\",\"position\":2,\"name\":\"Tous Les Produits\",\"item\":\"https:\\\/\\\/vitablanca.ma\\\/tous-les-produits\\\/\"},{\"@type\":\"ListItem\",\"position\":3,\"name\":\"Foto Ultra ISDIN Age Repair SPF50+ 50ml\"}]},{\"@type\":\"WebSite\",\"@id\":\"https:\\\/\\\/vitablanca.ma\\\/#website\",\"url\":\"https:\\\/\\\/vitablanca.ma\\\/\",\"name\":\"VitaBlanca.ma | Compl\u00e9ments alimentaires, sant\u00e9 & beaut\u00e9 au Maroc\",\"description\":\"vendre vitamines et compl\u00e9ments premium des USA &amp; Canada, Nouvelle Z\u00e9lande,Maroc (NOW Foods, Solgar, Manuka). Livraison rapide partout au Maroc.\",\"publisher\":{\"@id\":\"https:\\\/\\\/vitablanca.ma\\\/#organization\"},\"alternateName\":\"VitaBlanca.ma\",\"potentialAction\":[{\"@type\":\"SearchAction\",\"target\":{\"@type\":\"EntryPoint\",\"urlTemplate\":\"https:\\\/\\\/vitablanca.ma\\\/?s={search_term_string}\"},\"query-input\":{\"@type\":\"PropertyValueSpecification\",\"valueRequired\":true,\"valueName\":\"search_term_string\"}}],\"inLanguage\":\"ar\"},{\"@type\":\"Organization\",\"@id\":\"https:\\\/\\\/vitablanca.ma\\\/#organization\",\"name\":\"VitaBlanca\",\"url\":\"https:\\\/\\\/vitablanca.ma\\\/\",\"logo\":{\"@type\":\"ImageObject\",\"inLanguage\":\"ar\",\"@id\":\"https:\\\/\\\/vitablanca.ma\\\/#\\\/schema\\\/logo\\\/image\\\/\",\"url\":\"https:\\\/\\\/vitablanca.ma\\\/wp-content\\\/uploads\\\/2025\\\/05\\\/cropped-vitablanca.png\",\"contentUrl\":\"https:\\\/\\\/vitablanca.ma\\\/wp-content\\\/uploads\\\/2025\\\/05\\\/cropped-vitablanca.png\",\"width\":360,\"height\":67,\"caption\":\"VitaBlanca\"},\"image\":{\"@id\":\"https:\\\/\\\/vitablanca.ma\\\/#\\\/schema\\\/logo\\\/image\\\/\"},\"sameAs\":[\"https:\\\/\\\/www.facebook.com\\\/profile.php?id=61576678196717\",\"https:\\\/\\\/www.tiktok.com\\\/@vitablanca.ma\",\"https:\\\/\\\/www.instagram.com\\\/vitablanca.ma\\\/\"]}]}<\/script>\n<!-- \/ Yoast SEO plugin. -->","yoast_head_json":{"title":"Foto Ultra ISDIN Age Repair SPF50+ 50ml - \u0633\u0639\u0631 \u0627\u0644\u0645\u063a\u0631\u0628","description":"\u0641\u0648\u062a\u0648 \u0623\u0644\u062a\u0631\u0627 ISDIN \u0644\u0625\u0635\u0644\u0627\u062d \u0639\u0644\u0627\u0645\u0627\u062a \u062a\u0642\u062f\u0645 \u0627\u0644\u0633\u0646 SPF50+ 50 \u0645\u0644","robots":{"index":"index","follow":"follow","max-snippet":"max-snippet:-1","max-image-preview":"max-image-preview:large","max-video-preview":"max-video-preview:-1"},"canonical":"https:\/\/vitablanca.ma\/ar\/product-2\/foto-ultra-isdin-age-repair-spf50-50ml\/","og_locale":"ar_AR","og_type":"article","og_title":"Foto Ultra ISDIN Age Repair SPF50+ 50ml - Maroc Prix","og_description":"Foto Ultra ISDIN Age Repair SPF50+ 50ml","og_url":"https:\/\/vitablanca.ma\/ar\/product-2\/foto-ultra-isdin-age-repair-spf50-50ml\/","og_site_name":"Vitablanca.ma &ndash; Sant&eacute;, vitalit&eacute; et bien-&ecirc;tre pour tous les Marocains","article_publisher":"https:\/\/www.facebook.com\/profile.php?id=61576678196717","og_image":[{"width":1000,"height":1000,"url":"https:\/\/vitablanca.ma\/wp-content\/uploads\/2025\/06\/Foto-Ultra-ISDIN-Age-Repair-SPF-50_-50-ml-nova-para-maroc.jpg","type":"image\/jpeg"}],"twitter_card":"summary_large_image","twitter_misc":{"\u0648\u0642\u062a \u0627\u0644\u0642\u0631\u0627\u0621\u0629 \u0627\u0644\u0645\u064f\u0642\u062f\u0651\u0631":"\u062f\u0642\u064a\u0642\u0629 \u0648\u0627\u062d\u062f\u0629"},"schema":{"@context":"https:\/\/schema.org","@graph":[{"@type":["WebPage","ItemPage"],"@id":"https:\/\/vitablanca.ma\/produit\/foto-ultra-isdin-age-repair-spf50-50ml\/","url":"https:\/\/vitablanca.ma\/produit\/foto-ultra-isdin-age-repair-spf50-50ml\/","name":"Foto Ultra ISDIN Age Repair SPF50+ 50ml - \u0633\u0639\u0631 \u0627\u0644\u0645\u063a\u0631\u0628","isPartOf":{"@id":"https:\/\/vitablanca.ma\/#website"},"primaryImageOfPage":{"@id":"https:\/\/vitablanca.ma\/produit\/foto-ultra-isdin-age-repair-spf50-50ml\/#primaryimage"},"image":{"@id":"https:\/\/vitablanca.ma\/produit\/foto-ultra-isdin-age-repair-spf50-50ml\/#primaryimage"},"thumbnailUrl":"https:\/\/vitablanca.ma\/wp-content\/uploads\/2025\/06\/Foto-Ultra-ISDIN-Age-Repair-SPF-50_-50-ml-nova-para-maroc.jpg","datePublished":"2025-06-10T17:38:29+00:00","description":"\u0641\u0648\u062a\u0648 \u0623\u0644\u062a\u0631\u0627 ISDIN \u0644\u0625\u0635\u0644\u0627\u062d \u0639\u0644\u0627\u0645\u0627\u062a \u062a\u0642\u062f\u0645 \u0627\u0644\u0633\u0646 SPF50+ 50 \u0645\u0644","breadcrumb":{"@id":"https:\/\/vitablanca.ma\/produit\/foto-ultra-isdin-age-repair-spf50-50ml\/#breadcrumb"},"inLanguage":"ar","potentialAction":[{"@type":"ReadAction","target":["https:\/\/vitablanca.ma\/produit\/foto-ultra-isdin-age-repair-spf50-50ml\/"]}]},{"@type":"ImageObject","inLanguage":"ar","@id":"https:\/\/vitablanca.ma\/produit\/foto-ultra-isdin-age-repair-spf50-50ml\/#primaryimage","url":"https:\/\/vitablanca.ma\/wp-content\/uploads\/2025\/06\/Foto-Ultra-ISDIN-Age-Repair-SPF-50_-50-ml-nova-para-maroc.jpg","contentUrl":"https:\/\/vitablanca.ma\/wp-content\/uploads\/2025\/06\/Foto-Ultra-ISDIN-Age-Repair-SPF-50_-50-ml-nova-para-maroc.jpg","width":1000,"height":1000},{"@type":"BreadcrumbList","@id":"https:\/\/vitablanca.ma\/produit\/foto-ultra-isdin-age-repair-spf50-50ml\/#breadcrumb","itemListElement":[{"@type":"ListItem","position":1,"name":"Home","item":"https:\/\/vitablanca.ma\/"},{"@type":"ListItem","position":2,"name":"Tous Les Produits","item":"https:\/\/vitablanca.ma\/tous-les-produits\/"},{"@type":"ListItem","position":3,"name":"Foto Ultra ISDIN Age Repair SPF50+ 50ml"}]},{"@type":"WebSite","@id":"https:\/\/vitablanca.ma\/#website","url":"https:\/\/vitablanca.ma\/","name":"VitaBlanca.ma | \u0627\u0644\u0645\u0643\u0645\u0644\u0627\u062a \u0627\u0644\u063a\u0630\u0627\u0626\u064a\u0629\u060c \u0627\u0644\u0635\u062d\u0629 \u0648\u0627\u0644\u062c\u0645\u0627\u0644 \u0641\u064a \u0627\u0644\u0645\u063a\u0631\u0628","description":"\u0646\u0628\u064a\u0639 \u0641\u064a\u062a\u0627\u0645\u064a\u0646\u0627\u062a \u0648\u0645\u0643\u0645\u0644\u0627\u062a \u063a\u0630\u0627\u0626\u064a\u0629 \u0641\u0627\u062e\u0631\u0629 \u0645\u0646 \u0627\u0644\u0648\u0644\u0627\u064a\u0627\u062a \u0627\u0644\u0645\u062a\u062d\u062f\u0629 \u0627\u0644\u0623\u0645\u0631\u064a\u0643\u064a\u0629 \u0648\u0643\u0646\u062f\u0627 \u0648\u0646\u064a\u0648\u0632\u064a\u0644\u0646\u062f\u0627 \u0648\u0627\u0644\u0645\u063a\u0631\u0628 (\u0646\u0627\u0648 \u0641\u0648\u062f\u0632\u060c \u0633\u0648\u0644\u062c\u0627\u0631\u060c \u0645\u0627\u0646\u0648\u0643\u0627). \u062a\u0648\u0635\u064a\u0644 \u0633\u0631\u064a\u0639 \u0625\u0644\u0649 \u062c\u0645\u064a\u0639 \u0623\u0646\u062d\u0627\u0621 \u0627\u0644\u0645\u063a\u0631\u0628.","publisher":{"@id":"https:\/\/vitablanca.ma\/#organization"},"alternateName":"VitaBlanca.ma","potentialAction":[{"@type":"SearchAction","target":{"@type":"EntryPoint","urlTemplate":"https:\/\/vitablanca.ma\/?s={search_term_string}"},"query-input":{"@type":"PropertyValueSpecification","valueRequired":true,"valueName":"search_term_string"}}],"inLanguage":"ar"},{"@type":"Organization","@id":"https:\/\/vitablanca.ma\/#organization","name":"\u0641\u064a\u062a\u0627\u0628\u0644\u0627\u0646\u0643\u0627","url":"https:\/\/vitablanca.ma\/","logo":{"@type":"ImageObject","inLanguage":"ar","@id":"https:\/\/vitablanca.ma\/#\/schema\/logo\/image\/","url":"https:\/\/vitablanca.ma\/wp-content\/uploads\/2025\/05\/cropped-vitablanca.png","contentUrl":"https:\/\/vitablanca.ma\/wp-content\/uploads\/2025\/05\/cropped-vitablanca.png","width":360,"height":67,"caption":"VitaBlanca"},"image":{"@id":"https:\/\/vitablanca.ma\/#\/schema\/logo\/image\/"},"sameAs":["https:\/\/www.facebook.com\/profile.php?id=61576678196717","https:\/\/www.tiktok.com\/@vitablanca.ma","https:\/\/www.instagram.com\/vitablanca.ma\/"]}]}},"jetpack_sharing_enabled":true,"_links":{"self":[{"href":"https:\/\/vitablanca.ma\/ar\/wp-json\/wp\/v2\/product\/18855","targetHints":{"allow":["GET"]}}],"collection":[{"href":"https:\/\/vitablanca.ma\/ar\/wp-json\/wp\/v2\/product"}],"about":[{"href":"https:\/\/vitablanca.ma\/ar\/wp-json\/wp\/v2\/types\/product"}],"wp:featuredmedia":[{"embeddable":true,"href":"https:\/\/vitablanca.ma\/ar\/wp-json\/wp\/v2\/media\/18851"}],"wp:attachment":[{"href":"https:\/\/vitablanca.ma\/ar\/wp-json\/wp\/v2\/media?parent=18855"}],"wp:term":[{"taxonomy":"product_brand","embeddable":true,"href":"https:\/\/vitablanca.ma\/ar\/wp-json\/wp\/v2\/product_brand?post=18855"},{"taxonomy":"product_cat","embeddable":true,"href":"https:\/\/vitablanca.ma\/ar\/wp-json\/wp\/v2\/product_cat?post=18855"},{"taxonomy":"product_tag","embeddable":true,"href":"https:\/\/vitablanca.ma\/ar\/wp-json\/wp\/v2\/product_tag?post=18855"}],"curies":[{"name":"wp","href":"https:\/\/api.w.org\/{rel}","templated":true}]}}