{"id":18825,"date":"2025-06-10T17:37:34","date_gmt":"2025-06-10T17:37:34","guid":{"rendered":"https:\/\/vitablanca.ma\/product\/foto-ultra-isdin-active-unify-fusion-fluid-spf50-50ml\/"},"modified":"2025-06-10T17:37:40","modified_gmt":"2025-06-10T17:37:40","slug":"foto-ultra-isdin-active-unify-fusion-fluid-spf50-50ml","status":"publish","type":"product","link":"https:\/\/vitablanca.ma\/ar\/product-2\/foto-ultra-isdin-active-unify-fusion-fluid-spf50-50ml\/","title":{"rendered":"Foto Ultra ISDIN Active Unify Fusion Fluid SPF50+ 50ml"},"content":{"rendered":"<h2>Foto Ultra ISDIN Active Unify Fusion Fluid SPF50+<\/h2>\n<p class=\"frase_vendedora\">\u00c9claircit et unifie le teint<br \/>\u00c9claircit et unifie le teint de votre peau.<br \/>Aide \u00e0 r\u00e9duire les trouble pigmentaires caus\u00e9s par le soleil.<\/p>\n<h3 class=\"frase_vendedora\">\u0641\u0648\u0627\u0626\u062f<\/h3>\n<ul>\n<li>Aide \u00e0 r\u00e9guler la production de m\u00e9lanine gr\u00e2ce au DP3-Unify Complex qui agit sur les principales phases de la m\u00e9lanogen\u00e8se.<\/li>\n<li>Unifie le teint gr\u00e2ce \u00e0 sa formule teint\u00e9e.<\/li>\n<li>Offre une protection contre les rayons UVA qui stimulent la pigmentation, 2 fois sup\u00e9rieure au minimum requis dans un protecteur solaire SPF 50+.<\/li>\n<li>SPF 106 et UVA 49. Sa texture Fusion Fluid fond sur votre peau.<\/li>\n<\/ul>\n<h3>Mode D\u2019emploi<\/h3>\n<div class=\"zone zone3 field_posologia\">\n<div class=\"zoneContainer\">\n<p>Appliquer le matin et \u00e0 midi. Renouveler l\u2019application toutes les 2 heures et aussi souvent que n\u00e9cessaire. Pour un r\u00e9sultat optimal, appliquer pendant une p\u00e9riode de minimum 3 mois.<\/p>\n<h3>\u062a\u0639\u0628\u064a\u0631<\/h3>\n<p><span>Aqua (Water), Dibutyl Adipate, Cyclopentasiloxane, Octocrylene, Niacinamide, Alcohol Denat., Titanium Dioxide (Nano), Butyl Methoxydibenzoylmethane, Cyclohexasiloxane, Bis-Ethylhexyloxyphenol Methoxyphenyl Triazine, Butylene Glycol, PEG-30 Dipolyhydroxystearate, Glycerin, Nylon-12, PEG-10 Dimethicone, Sodium Chloride, Phenoxyethanol, Silica, Dimethicone, Phenylethyl Resorcinol, Disteardimonium Hectorite, Panthenol, Tocopheryl Acetate, Allantoin, Glyceryl Stearate, Parfum (Fragrance), Disodium EDTA, Ethylhexylglycerin, Sodium Hyaluronate, Dimethiconol, PEG-8, Tocopherol, Tetrapeptide-30, Ascorbyl Palmitate, Ascorbic Acid, Citric Acid<\/span><\/p>\n<\/div>\n<\/div>","protected":false},"excerpt":{"rendered":"<p>Foto Ultra ISDIN Active Unify Fusion Fluid SPF50+ \u00c9claircit et unifie le teint\u00c9claircit et unifie le teint de votre peau.Aide \u00e0 r\u00e9duire les trouble pigmentaires caus\u00e9s par le soleil. B\u00e9n\u00e9fices Aide \u00e0 r\u00e9guler la production de m\u00e9lanine gr\u00e2ce au DP3-Unify Complex qui agit sur les principales phases de la m\u00e9lanogen\u00e8se. Unifie le teint gr\u00e2ce \u00e0 [&hellip;]<\/p>\n","protected":false},"featured_media":18819,"template":"","meta":{"om_disable_all_campaigns":false},"product_brand":[],"product_cat":[15],"product_tag":[],"class_list":{"0":"post-18825","1":"product","2":"type-product","3":"status-publish","4":"has-post-thumbnail","6":"product_cat-beaute-sante-complements-alimentaires-soins-et-bien-etre-au-meilleur-prix","8":"first","9":"instock","10":"sale","11":"taxable","12":"shipping-taxable","13":"purchasable","14":"product-type-variable"},"yoast_head":"<!-- This site is optimized with the Yoast SEO plugin v27.5 - https:\/\/yoast.com\/product\/yoast-seo-wordpress\/ -->\n<title>Foto Ultra ISDIN Active Unify Fusion Fluid SPF50+ 50ml - Maroc Prix<\/title>\n<meta name=\"description\" content=\"Foto Ultra ISDIN Active Unify Fusion Fluid SPF50+ 50ml\" \/>\n<meta name=\"robots\" content=\"index, follow, max-snippet:-1, max-image-preview:large, max-video-preview:-1\" \/>\n<link rel=\"canonical\" href=\"https:\/\/vitablanca.ma\/ar\/product-2\/foto-ultra-isdin-active-unify-fusion-fluid-spf50-50ml\/\" \/>\n<meta property=\"og:locale\" content=\"ar_AR\" \/>\n<meta property=\"og:type\" content=\"article\" \/>\n<meta property=\"og:title\" content=\"Foto Ultra ISDIN Active Unify Fusion Fluid SPF50+ 50ml - Maroc Prix\" \/>\n<meta property=\"og:description\" content=\"Foto Ultra ISDIN Active Unify Fusion Fluid SPF50+ 50ml\" \/>\n<meta property=\"og:url\" content=\"https:\/\/vitablanca.ma\/ar\/product-2\/foto-ultra-isdin-active-unify-fusion-fluid-spf50-50ml\/\" \/>\n<meta property=\"og:site_name\" content=\"Vitablanca.ma &ndash; Sant&eacute;, vitalit&eacute; et bien-&ecirc;tre pour tous les Marocains\" \/>\n<meta property=\"article:publisher\" content=\"https:\/\/www.facebook.com\/profile.php?id=61576678196717\" \/>\n<meta property=\"article:modified_time\" content=\"2025-06-10T17:37:40+00:00\" \/>\n<meta property=\"og:image\" content=\"https:\/\/vitablanca.ma\/wp-content\/uploads\/2025\/06\/Foto-Ultra-ISDIN-Active-Unify-Fusion-Fluid-SPF50_-50ml-nova-para-maroc.jpg\" \/>\n\t<meta property=\"og:image:width\" content=\"1000\" \/>\n\t<meta property=\"og:image:height\" content=\"1000\" \/>\n\t<meta property=\"og:image:type\" content=\"image\/jpeg\" \/>\n<meta name=\"twitter:card\" content=\"summary_large_image\" \/>\n<meta name=\"twitter:label1\" content=\"\u0648\u0642\u062a \u0627\u0644\u0642\u0631\u0627\u0621\u0629 \u0627\u0644\u0645\u064f\u0642\u062f\u0651\u0631\" \/>\n\t<meta name=\"twitter:data1\" content=\"\u062f\u0642\u064a\u0642\u0629 \u0648\u0627\u062d\u062f\u0629\" \/>\n<script type=\"application\/ld+json\" class=\"yoast-schema-graph\">{\"@context\":\"https:\\\/\\\/schema.org\",\"@graph\":[{\"@type\":[\"WebPage\",\"ItemPage\"],\"@id\":\"https:\\\/\\\/vitablanca.ma\\\/produit\\\/foto-ultra-isdin-active-unify-fusion-fluid-spf50-50ml\\\/\",\"url\":\"https:\\\/\\\/vitablanca.ma\\\/produit\\\/foto-ultra-isdin-active-unify-fusion-fluid-spf50-50ml\\\/\",\"name\":\"Foto Ultra ISDIN Active Unify Fusion Fluid SPF50+ 50ml - Maroc Prix\",\"isPartOf\":{\"@id\":\"https:\\\/\\\/vitablanca.ma\\\/#website\"},\"primaryImageOfPage\":{\"@id\":\"https:\\\/\\\/vitablanca.ma\\\/produit\\\/foto-ultra-isdin-active-unify-fusion-fluid-spf50-50ml\\\/#primaryimage\"},\"image\":{\"@id\":\"https:\\\/\\\/vitablanca.ma\\\/produit\\\/foto-ultra-isdin-active-unify-fusion-fluid-spf50-50ml\\\/#primaryimage\"},\"thumbnailUrl\":\"https:\\\/\\\/vitablanca.ma\\\/wp-content\\\/uploads\\\/2025\\\/06\\\/Foto-Ultra-ISDIN-Active-Unify-Fusion-Fluid-SPF50_-50ml-nova-para-maroc.jpg\",\"datePublished\":\"2025-06-10T17:37:34+00:00\",\"dateModified\":\"2025-06-10T17:37:40+00:00\",\"description\":\"Foto Ultra ISDIN Active Unify Fusion Fluid SPF50+ 50ml\",\"breadcrumb\":{\"@id\":\"https:\\\/\\\/vitablanca.ma\\\/produit\\\/foto-ultra-isdin-active-unify-fusion-fluid-spf50-50ml\\\/#breadcrumb\"},\"inLanguage\":\"ar\",\"potentialAction\":[{\"@type\":\"ReadAction\",\"target\":[\"https:\\\/\\\/vitablanca.ma\\\/produit\\\/foto-ultra-isdin-active-unify-fusion-fluid-spf50-50ml\\\/\"]}]},{\"@type\":\"ImageObject\",\"inLanguage\":\"ar\",\"@id\":\"https:\\\/\\\/vitablanca.ma\\\/produit\\\/foto-ultra-isdin-active-unify-fusion-fluid-spf50-50ml\\\/#primaryimage\",\"url\":\"https:\\\/\\\/vitablanca.ma\\\/wp-content\\\/uploads\\\/2025\\\/06\\\/Foto-Ultra-ISDIN-Active-Unify-Fusion-Fluid-SPF50_-50ml-nova-para-maroc.jpg\",\"contentUrl\":\"https:\\\/\\\/vitablanca.ma\\\/wp-content\\\/uploads\\\/2025\\\/06\\\/Foto-Ultra-ISDIN-Active-Unify-Fusion-Fluid-SPF50_-50ml-nova-para-maroc.jpg\",\"width\":1000,\"height\":1000},{\"@type\":\"BreadcrumbList\",\"@id\":\"https:\\\/\\\/vitablanca.ma\\\/produit\\\/foto-ultra-isdin-active-unify-fusion-fluid-spf50-50ml\\\/#breadcrumb\",\"itemListElement\":[{\"@type\":\"ListItem\",\"position\":1,\"name\":\"Home\",\"item\":\"https:\\\/\\\/vitablanca.ma\\\/\"},{\"@type\":\"ListItem\",\"position\":2,\"name\":\"Tous Les Produits\",\"item\":\"https:\\\/\\\/vitablanca.ma\\\/tous-les-produits\\\/\"},{\"@type\":\"ListItem\",\"position\":3,\"name\":\"Foto Ultra ISDIN Active Unify Fusion Fluid SPF50+ 50ml\"}]},{\"@type\":\"WebSite\",\"@id\":\"https:\\\/\\\/vitablanca.ma\\\/#website\",\"url\":\"https:\\\/\\\/vitablanca.ma\\\/\",\"name\":\"VitaBlanca.ma | Compl\u00e9ments alimentaires, sant\u00e9 & beaut\u00e9 au Maroc\",\"description\":\"vendre vitamines et compl\u00e9ments premium des USA &amp; Canada, Nouvelle Z\u00e9lande,Maroc (NOW Foods, Solgar, Manuka). Livraison rapide partout au Maroc.\",\"publisher\":{\"@id\":\"https:\\\/\\\/vitablanca.ma\\\/#organization\"},\"alternateName\":\"VitaBlanca.ma\",\"potentialAction\":[{\"@type\":\"SearchAction\",\"target\":{\"@type\":\"EntryPoint\",\"urlTemplate\":\"https:\\\/\\\/vitablanca.ma\\\/?s={search_term_string}\"},\"query-input\":{\"@type\":\"PropertyValueSpecification\",\"valueRequired\":true,\"valueName\":\"search_term_string\"}}],\"inLanguage\":\"ar\"},{\"@type\":\"Organization\",\"@id\":\"https:\\\/\\\/vitablanca.ma\\\/#organization\",\"name\":\"VitaBlanca\",\"url\":\"https:\\\/\\\/vitablanca.ma\\\/\",\"logo\":{\"@type\":\"ImageObject\",\"inLanguage\":\"ar\",\"@id\":\"https:\\\/\\\/vitablanca.ma\\\/#\\\/schema\\\/logo\\\/image\\\/\",\"url\":\"https:\\\/\\\/vitablanca.ma\\\/wp-content\\\/uploads\\\/2025\\\/05\\\/cropped-vitablanca.png\",\"contentUrl\":\"https:\\\/\\\/vitablanca.ma\\\/wp-content\\\/uploads\\\/2025\\\/05\\\/cropped-vitablanca.png\",\"width\":360,\"height\":67,\"caption\":\"VitaBlanca\"},\"image\":{\"@id\":\"https:\\\/\\\/vitablanca.ma\\\/#\\\/schema\\\/logo\\\/image\\\/\"},\"sameAs\":[\"https:\\\/\\\/www.facebook.com\\\/profile.php?id=61576678196717\",\"https:\\\/\\\/www.tiktok.com\\\/@vitablanca.ma\",\"https:\\\/\\\/www.instagram.com\\\/vitablanca.ma\\\/\"]}]}<\/script>\n<!-- \/ Yoast SEO plugin. -->","yoast_head_json":{"title":"Foto Ultra ISDIN Active Unify Fusion Fluid SPF50+ 50ml - Maroc Prix","description":"Foto Ultra ISDIN Active Unify Fusion Fluid SPF50+ 50ml","robots":{"index":"index","follow":"follow","max-snippet":"max-snippet:-1","max-image-preview":"max-image-preview:large","max-video-preview":"max-video-preview:-1"},"canonical":"https:\/\/vitablanca.ma\/ar\/product-2\/foto-ultra-isdin-active-unify-fusion-fluid-spf50-50ml\/","og_locale":"ar_AR","og_type":"article","og_title":"Foto Ultra ISDIN Active Unify Fusion Fluid SPF50+ 50ml - Maroc Prix","og_description":"Foto Ultra ISDIN Active Unify Fusion Fluid SPF50+ 50ml","og_url":"https:\/\/vitablanca.ma\/ar\/product-2\/foto-ultra-isdin-active-unify-fusion-fluid-spf50-50ml\/","og_site_name":"Vitablanca.ma &ndash; Sant&eacute;, vitalit&eacute; et bien-&ecirc;tre pour tous les Marocains","article_publisher":"https:\/\/www.facebook.com\/profile.php?id=61576678196717","article_modified_time":"2025-06-10T17:37:40+00:00","og_image":[{"width":1000,"height":1000,"url":"https:\/\/vitablanca.ma\/wp-content\/uploads\/2025\/06\/Foto-Ultra-ISDIN-Active-Unify-Fusion-Fluid-SPF50_-50ml-nova-para-maroc.jpg","type":"image\/jpeg"}],"twitter_card":"summary_large_image","twitter_misc":{"\u0648\u0642\u062a \u0627\u0644\u0642\u0631\u0627\u0621\u0629 \u0627\u0644\u0645\u064f\u0642\u062f\u0651\u0631":"\u062f\u0642\u064a\u0642\u0629 \u0648\u0627\u062d\u062f\u0629"},"schema":{"@context":"https:\/\/schema.org","@graph":[{"@type":["WebPage","ItemPage"],"@id":"https:\/\/vitablanca.ma\/produit\/foto-ultra-isdin-active-unify-fusion-fluid-spf50-50ml\/","url":"https:\/\/vitablanca.ma\/produit\/foto-ultra-isdin-active-unify-fusion-fluid-spf50-50ml\/","name":"Foto Ultra ISDIN Active Unify Fusion Fluid SPF50+ 50ml - Maroc Prix","isPartOf":{"@id":"https:\/\/vitablanca.ma\/#website"},"primaryImageOfPage":{"@id":"https:\/\/vitablanca.ma\/produit\/foto-ultra-isdin-active-unify-fusion-fluid-spf50-50ml\/#primaryimage"},"image":{"@id":"https:\/\/vitablanca.ma\/produit\/foto-ultra-isdin-active-unify-fusion-fluid-spf50-50ml\/#primaryimage"},"thumbnailUrl":"https:\/\/vitablanca.ma\/wp-content\/uploads\/2025\/06\/Foto-Ultra-ISDIN-Active-Unify-Fusion-Fluid-SPF50_-50ml-nova-para-maroc.jpg","datePublished":"2025-06-10T17:37:34+00:00","dateModified":"2025-06-10T17:37:40+00:00","description":"Foto Ultra ISDIN Active Unify Fusion Fluid SPF50+ 50ml","breadcrumb":{"@id":"https:\/\/vitablanca.ma\/produit\/foto-ultra-isdin-active-unify-fusion-fluid-spf50-50ml\/#breadcrumb"},"inLanguage":"ar","potentialAction":[{"@type":"ReadAction","target":["https:\/\/vitablanca.ma\/produit\/foto-ultra-isdin-active-unify-fusion-fluid-spf50-50ml\/"]}]},{"@type":"ImageObject","inLanguage":"ar","@id":"https:\/\/vitablanca.ma\/produit\/foto-ultra-isdin-active-unify-fusion-fluid-spf50-50ml\/#primaryimage","url":"https:\/\/vitablanca.ma\/wp-content\/uploads\/2025\/06\/Foto-Ultra-ISDIN-Active-Unify-Fusion-Fluid-SPF50_-50ml-nova-para-maroc.jpg","contentUrl":"https:\/\/vitablanca.ma\/wp-content\/uploads\/2025\/06\/Foto-Ultra-ISDIN-Active-Unify-Fusion-Fluid-SPF50_-50ml-nova-para-maroc.jpg","width":1000,"height":1000},{"@type":"BreadcrumbList","@id":"https:\/\/vitablanca.ma\/produit\/foto-ultra-isdin-active-unify-fusion-fluid-spf50-50ml\/#breadcrumb","itemListElement":[{"@type":"ListItem","position":1,"name":"Home","item":"https:\/\/vitablanca.ma\/"},{"@type":"ListItem","position":2,"name":"Tous Les Produits","item":"https:\/\/vitablanca.ma\/tous-les-produits\/"},{"@type":"ListItem","position":3,"name":"Foto Ultra ISDIN Active Unify Fusion Fluid SPF50+ 50ml"}]},{"@type":"WebSite","@id":"https:\/\/vitablanca.ma\/#website","url":"https:\/\/vitablanca.ma\/","name":"VitaBlanca.ma | \u0627\u0644\u0645\u0643\u0645\u0644\u0627\u062a \u0627\u0644\u063a\u0630\u0627\u0626\u064a\u0629\u060c \u0627\u0644\u0635\u062d\u0629 \u0648\u0627\u0644\u062c\u0645\u0627\u0644 \u0641\u064a \u0627\u0644\u0645\u063a\u0631\u0628","description":"\u0646\u0628\u064a\u0639 \u0641\u064a\u062a\u0627\u0645\u064a\u0646\u0627\u062a \u0648\u0645\u0643\u0645\u0644\u0627\u062a \u063a\u0630\u0627\u0626\u064a\u0629 \u0641\u0627\u062e\u0631\u0629 \u0645\u0646 \u0627\u0644\u0648\u0644\u0627\u064a\u0627\u062a \u0627\u0644\u0645\u062a\u062d\u062f\u0629 \u0627\u0644\u0623\u0645\u0631\u064a\u0643\u064a\u0629 \u0648\u0643\u0646\u062f\u0627 \u0648\u0646\u064a\u0648\u0632\u064a\u0644\u0646\u062f\u0627 \u0648\u0627\u0644\u0645\u063a\u0631\u0628 (\u0646\u0627\u0648 \u0641\u0648\u062f\u0632\u060c \u0633\u0648\u0644\u062c\u0627\u0631\u060c \u0645\u0627\u0646\u0648\u0643\u0627). \u062a\u0648\u0635\u064a\u0644 \u0633\u0631\u064a\u0639 \u0625\u0644\u0649 \u062c\u0645\u064a\u0639 \u0623\u0646\u062d\u0627\u0621 \u0627\u0644\u0645\u063a\u0631\u0628.","publisher":{"@id":"https:\/\/vitablanca.ma\/#organization"},"alternateName":"VitaBlanca.ma","potentialAction":[{"@type":"SearchAction","target":{"@type":"EntryPoint","urlTemplate":"https:\/\/vitablanca.ma\/?s={search_term_string}"},"query-input":{"@type":"PropertyValueSpecification","valueRequired":true,"valueName":"search_term_string"}}],"inLanguage":"ar"},{"@type":"Organization","@id":"https:\/\/vitablanca.ma\/#organization","name":"\u0641\u064a\u062a\u0627\u0628\u0644\u0627\u0646\u0643\u0627","url":"https:\/\/vitablanca.ma\/","logo":{"@type":"ImageObject","inLanguage":"ar","@id":"https:\/\/vitablanca.ma\/#\/schema\/logo\/image\/","url":"https:\/\/vitablanca.ma\/wp-content\/uploads\/2025\/05\/cropped-vitablanca.png","contentUrl":"https:\/\/vitablanca.ma\/wp-content\/uploads\/2025\/05\/cropped-vitablanca.png","width":360,"height":67,"caption":"VitaBlanca"},"image":{"@id":"https:\/\/vitablanca.ma\/#\/schema\/logo\/image\/"},"sameAs":["https:\/\/www.facebook.com\/profile.php?id=61576678196717","https:\/\/www.tiktok.com\/@vitablanca.ma","https:\/\/www.instagram.com\/vitablanca.ma\/"]}]}},"jetpack_sharing_enabled":true,"_links":{"self":[{"href":"https:\/\/vitablanca.ma\/ar\/wp-json\/wp\/v2\/product\/18825","targetHints":{"allow":["GET"]}}],"collection":[{"href":"https:\/\/vitablanca.ma\/ar\/wp-json\/wp\/v2\/product"}],"about":[{"href":"https:\/\/vitablanca.ma\/ar\/wp-json\/wp\/v2\/types\/product"}],"wp:featuredmedia":[{"embeddable":true,"href":"https:\/\/vitablanca.ma\/ar\/wp-json\/wp\/v2\/media\/18819"}],"wp:attachment":[{"href":"https:\/\/vitablanca.ma\/ar\/wp-json\/wp\/v2\/media?parent=18825"}],"wp:term":[{"taxonomy":"product_brand","embeddable":true,"href":"https:\/\/vitablanca.ma\/ar\/wp-json\/wp\/v2\/product_brand?post=18825"},{"taxonomy":"product_cat","embeddable":true,"href":"https:\/\/vitablanca.ma\/ar\/wp-json\/wp\/v2\/product_cat?post=18825"},{"taxonomy":"product_tag","embeddable":true,"href":"https:\/\/vitablanca.ma\/ar\/wp-json\/wp\/v2\/product_tag?post=18825"}],"curies":[{"name":"wp","href":"https:\/\/api.w.org\/{rel}","templated":true}]}}