{"id":18813,"date":"2025-06-10T17:36:55","date_gmt":"2025-06-10T17:36:55","guid":{"rendered":"https:\/\/vitablanca.ma\/product\/ialuset-compresses-a-lacide-hyaluronique-boite-de-10-unites\/"},"modified":"2025-06-10T17:36:55","modified_gmt":"2025-06-10T17:36:55","slug":"ialuset-compresses-a-lacide-hyaluronique-boite-de-10-unites","status":"publish","type":"product","link":"https:\/\/vitablanca.ma\/ar\/product-2\/ialuset-compresses-a-lacide-hyaluronique-boite-de-10-unites\/","title":{"rendered":"Ialuset Compresses \u00e0 l&rsquo;acide Hyaluronique Boite de 10 Unit\u00e9s"},"content":{"rendered":"<h2>Ialuset Compresses \u00e0 l\u2019acide Hyaluronique\u00a0<span data-mce-fragment=\"1\">conviennent notamment tr\u00e8s bien dans le traitement d\u2019<\/span><strong data-mce-fragment=\"1\">ulc\u00e8res de jambe<\/strong><br \/>\n<\/h2>\n<p><span>\u0627\u0644<\/span><strong><span>\u00a0<\/span>compresses impr\u00e9gn\u00e9es Ialuset<\/strong><span>\u00a0sont destin\u00e9es \u00e0 la\u00a0<\/span><strong>cicatrisation des plaies<span>\u00a0<\/span><\/strong><span>non infect\u00e9es,<\/span><strong><span>\u00a0<\/span>suintantes,<span>\u00a0<\/span><\/strong><span>surinfect\u00e9es ou aigu\u00ebs.\u00a0Elles conviennent notamment tr\u00e8s bien dans le traitement d\u2019<\/span><strong>ulc\u00e8res de jambe.\u00a0<\/strong><span>Cette pathologie\u00a0veineuse appara\u00eet sous la forme d\u2019une plaie sur le tiers inf\u00e9rieur de la jambe, sur le mollet et plus souvent au niveau de la cheville. C\u2019est une l\u00e9sion cutan\u00e9e qui ne gu\u00e9rit pas \u00e0 cause d\u2019une perte de substance cutan\u00e9e en liaison avec un d\u00e9faut de circulation.<\/span><\/p>\n<p><span>Ces\u00a0<\/span><strong>compresses Ialuset<\/strong><span>\u00a0sont impr\u00e9gn\u00e9es d\u2019<\/span><strong>\u062d\u0645\u0636 \u0627\u0644\u0647\u064a\u0627\u0644\u0648\u0631\u0648\u0646\u064a\u0643<\/strong><span>\u00a0qui va permettre de maintenir la plaie dans un environnement favorable \u00e0 la cicatrisation. L\u2019acide hyaluronique, qui est un composant principal du derme, va agir sur tous les fronts au niveau de la gu\u00e9rison. Il est dot\u00e9 d\u2019un pouvoir hygroscopique qui va conserver un milieu humide favorable au processus de r\u00e9g\u00e9n\u00e9ration tissulaire. Il\u00a0<\/span><strong>reconstruit l\u2019\u00e9piderme en profondeur<\/strong><span>. L\u2019acide hyaluronique hydrate et prot\u00e8ge en formant\u00a0<\/span><strong>un film non occlusif \u00e0 la surface de la peau<\/strong><span>\u00a0permettant de fermer la plaie r\u00e9unissant tous les facteurs propices \u00e0 une gu\u00e9rison.<\/span><\/p>","protected":false},"excerpt":{"rendered":"<p>Ialuset Compresses \u00e0 l\u2019acide Hyaluronique\u00a0conviennent notamment tr\u00e8s bien dans le traitement d\u2019ulc\u00e8res de jambe Les\u00a0compresses impr\u00e9gn\u00e9es Ialuset\u00a0sont destin\u00e9es \u00e0 la\u00a0cicatrisation des plaies\u00a0non infect\u00e9es,\u00a0suintantes,\u00a0surinfect\u00e9es ou aigu\u00ebs.\u00a0Elles conviennent notamment tr\u00e8s bien dans le traitement d\u2019ulc\u00e8res de jambe.\u00a0Cette pathologie\u00a0veineuse appara\u00eet sous la forme d\u2019une plaie sur le tiers inf\u00e9rieur de la jambe, sur le mollet et plus souvent [&hellip;]<\/p>\n","protected":false},"featured_media":18809,"template":"","meta":{"om_disable_all_campaigns":false},"product_brand":[],"product_cat":[15],"product_tag":[],"class_list":{"0":"post-18813","1":"product","2":"type-product","3":"status-publish","4":"has-post-thumbnail","6":"product_cat-beaute-sante-complements-alimentaires-soins-et-bien-etre-au-meilleur-prix","8":"first","9":"instock","10":"sale","11":"taxable","12":"shipping-taxable","13":"purchasable","14":"product-type-simple"},"yoast_head":"<!-- This site is optimized with the Yoast SEO plugin v27.5 - https:\/\/yoast.com\/product\/yoast-seo-wordpress\/ -->\n<title>Ialuset Compresses \u00e0 l&#039;acide Hyaluronique Boite de 10 Unit\u00e9s - Maroc Prix<\/title>\n<meta name=\"description\" content=\"Ialuset Compresses \u00e0 l&#039;acide Hyaluronique Boite de 10 Unit\u00e9s\" \/>\n<meta name=\"robots\" content=\"index, follow, max-snippet:-1, max-image-preview:large, max-video-preview:-1\" \/>\n<link rel=\"canonical\" href=\"https:\/\/vitablanca.ma\/ar\/product-2\/ialuset-compresses-a-lacide-hyaluronique-boite-de-10-unites\/\" \/>\n<meta property=\"og:locale\" content=\"ar_AR\" \/>\n<meta property=\"og:type\" content=\"article\" \/>\n<meta property=\"og:title\" content=\"Ialuset Compresses \u00e0 l&#039;acide Hyaluronique Boite de 10 Unit\u00e9s - Maroc Prix\" \/>\n<meta property=\"og:description\" content=\"Ialuset Compresses \u00e0 l&#039;acide Hyaluronique Boite de 10 Unit\u00e9s\" \/>\n<meta property=\"og:url\" content=\"https:\/\/vitablanca.ma\/ar\/product-2\/ialuset-compresses-a-lacide-hyaluronique-boite-de-10-unites\/\" \/>\n<meta property=\"og:site_name\" content=\"Vitablanca.ma &ndash; Sant&eacute;, vitalit&eacute; et bien-&ecirc;tre pour tous les Marocains\" \/>\n<meta property=\"article:publisher\" content=\"https:\/\/www.facebook.com\/profile.php?id=61576678196717\" \/>\n<meta property=\"og:image\" content=\"https:\/\/vitablanca.ma\/wp-content\/uploads\/2025\/06\/Ialuset-Compresses-a-l_acide-Hyaluronique-Boite-de-10-Unites-nova-prapharmacie-maroc.jpg\" \/>\n\t<meta property=\"og:image:width\" content=\"1000\" \/>\n\t<meta property=\"og:image:height\" content=\"1000\" \/>\n\t<meta property=\"og:image:type\" content=\"image\/jpeg\" \/>\n<meta name=\"twitter:card\" content=\"summary_large_image\" \/>\n<meta name=\"twitter:label1\" content=\"\u0648\u0642\u062a \u0627\u0644\u0642\u0631\u0627\u0621\u0629 \u0627\u0644\u0645\u064f\u0642\u062f\u0651\u0631\" \/>\n\t<meta name=\"twitter:data1\" content=\"\u062f\u0642\u064a\u0642\u0629 \u0648\u0627\u062d\u062f\u0629\" \/>\n<script type=\"application\/ld+json\" class=\"yoast-schema-graph\">{\"@context\":\"https:\\\/\\\/schema.org\",\"@graph\":[{\"@type\":[\"WebPage\",\"ItemPage\"],\"@id\":\"https:\\\/\\\/vitablanca.ma\\\/produit\\\/ialuset-compresses-a-lacide-hyaluronique-boite-de-10-unites\\\/\",\"url\":\"https:\\\/\\\/vitablanca.ma\\\/produit\\\/ialuset-compresses-a-lacide-hyaluronique-boite-de-10-unites\\\/\",\"name\":\"Ialuset Compresses \u00e0 l'acide Hyaluronique Boite de 10 Unit\u00e9s - Maroc Prix\",\"isPartOf\":{\"@id\":\"https:\\\/\\\/vitablanca.ma\\\/#website\"},\"primaryImageOfPage\":{\"@id\":\"https:\\\/\\\/vitablanca.ma\\\/produit\\\/ialuset-compresses-a-lacide-hyaluronique-boite-de-10-unites\\\/#primaryimage\"},\"image\":{\"@id\":\"https:\\\/\\\/vitablanca.ma\\\/produit\\\/ialuset-compresses-a-lacide-hyaluronique-boite-de-10-unites\\\/#primaryimage\"},\"thumbnailUrl\":\"https:\\\/\\\/vitablanca.ma\\\/wp-content\\\/uploads\\\/2025\\\/06\\\/Ialuset-Compresses-a-l_acide-Hyaluronique-Boite-de-10-Unites-nova-prapharmacie-maroc.jpg\",\"datePublished\":\"2025-06-10T17:36:55+00:00\",\"description\":\"Ialuset Compresses \u00e0 l'acide Hyaluronique Boite de 10 Unit\u00e9s\",\"breadcrumb\":{\"@id\":\"https:\\\/\\\/vitablanca.ma\\\/produit\\\/ialuset-compresses-a-lacide-hyaluronique-boite-de-10-unites\\\/#breadcrumb\"},\"inLanguage\":\"ar\",\"potentialAction\":[{\"@type\":\"ReadAction\",\"target\":[\"https:\\\/\\\/vitablanca.ma\\\/produit\\\/ialuset-compresses-a-lacide-hyaluronique-boite-de-10-unites\\\/\"]}]},{\"@type\":\"ImageObject\",\"inLanguage\":\"ar\",\"@id\":\"https:\\\/\\\/vitablanca.ma\\\/produit\\\/ialuset-compresses-a-lacide-hyaluronique-boite-de-10-unites\\\/#primaryimage\",\"url\":\"https:\\\/\\\/vitablanca.ma\\\/wp-content\\\/uploads\\\/2025\\\/06\\\/Ialuset-Compresses-a-l_acide-Hyaluronique-Boite-de-10-Unites-nova-prapharmacie-maroc.jpg\",\"contentUrl\":\"https:\\\/\\\/vitablanca.ma\\\/wp-content\\\/uploads\\\/2025\\\/06\\\/Ialuset-Compresses-a-l_acide-Hyaluronique-Boite-de-10-Unites-nova-prapharmacie-maroc.jpg\",\"width\":1000,\"height\":1000},{\"@type\":\"BreadcrumbList\",\"@id\":\"https:\\\/\\\/vitablanca.ma\\\/produit\\\/ialuset-compresses-a-lacide-hyaluronique-boite-de-10-unites\\\/#breadcrumb\",\"itemListElement\":[{\"@type\":\"ListItem\",\"position\":1,\"name\":\"Home\",\"item\":\"https:\\\/\\\/vitablanca.ma\\\/\"},{\"@type\":\"ListItem\",\"position\":2,\"name\":\"Tous Les Produits\",\"item\":\"https:\\\/\\\/vitablanca.ma\\\/tous-les-produits\\\/\"},{\"@type\":\"ListItem\",\"position\":3,\"name\":\"Ialuset Compresses \u00e0 l&#8217;acide Hyaluronique Boite de 10 Unit\u00e9s\"}]},{\"@type\":\"WebSite\",\"@id\":\"https:\\\/\\\/vitablanca.ma\\\/#website\",\"url\":\"https:\\\/\\\/vitablanca.ma\\\/\",\"name\":\"VitaBlanca.ma | Compl\u00e9ments alimentaires, sant\u00e9 & beaut\u00e9 au Maroc\",\"description\":\"vendre vitamines et compl\u00e9ments premium des USA &amp; Canada, Nouvelle Z\u00e9lande,Maroc (NOW Foods, Solgar, Manuka). Livraison rapide partout au Maroc.\",\"publisher\":{\"@id\":\"https:\\\/\\\/vitablanca.ma\\\/#organization\"},\"alternateName\":\"VitaBlanca.ma\",\"potentialAction\":[{\"@type\":\"SearchAction\",\"target\":{\"@type\":\"EntryPoint\",\"urlTemplate\":\"https:\\\/\\\/vitablanca.ma\\\/?s={search_term_string}\"},\"query-input\":{\"@type\":\"PropertyValueSpecification\",\"valueRequired\":true,\"valueName\":\"search_term_string\"}}],\"inLanguage\":\"ar\"},{\"@type\":\"Organization\",\"@id\":\"https:\\\/\\\/vitablanca.ma\\\/#organization\",\"name\":\"VitaBlanca\",\"url\":\"https:\\\/\\\/vitablanca.ma\\\/\",\"logo\":{\"@type\":\"ImageObject\",\"inLanguage\":\"ar\",\"@id\":\"https:\\\/\\\/vitablanca.ma\\\/#\\\/schema\\\/logo\\\/image\\\/\",\"url\":\"https:\\\/\\\/vitablanca.ma\\\/wp-content\\\/uploads\\\/2025\\\/05\\\/cropped-vitablanca.png\",\"contentUrl\":\"https:\\\/\\\/vitablanca.ma\\\/wp-content\\\/uploads\\\/2025\\\/05\\\/cropped-vitablanca.png\",\"width\":360,\"height\":67,\"caption\":\"VitaBlanca\"},\"image\":{\"@id\":\"https:\\\/\\\/vitablanca.ma\\\/#\\\/schema\\\/logo\\\/image\\\/\"},\"sameAs\":[\"https:\\\/\\\/www.facebook.com\\\/profile.php?id=61576678196717\",\"https:\\\/\\\/www.tiktok.com\\\/@vitablanca.ma\",\"https:\\\/\\\/www.instagram.com\\\/vitablanca.ma\\\/\"]}]}<\/script>\n<!-- \/ Yoast SEO plugin. -->","yoast_head_json":{"title":"Ialuset Compresses \u00e0 l'acide Hyaluronique Boite de 10 Unit\u00e9s - Maroc Prix","description":"\u0643\u0645\u0627\u062f\u0627\u062a \u062d\u0645\u0636 \u0627\u0644\u0647\u064a\u0627\u0644\u0648\u0631\u0648\u0646\u064a\u0643 \u0645\u0646 \u0625\u064a\u0627\u0644\u0648\u0633\u064a\u062a - \u0639\u0644\u0628\u0629 \u0645\u0646 10 \u0648\u062d\u062f\u0627\u062a","robots":{"index":"index","follow":"follow","max-snippet":"max-snippet:-1","max-image-preview":"max-image-preview:large","max-video-preview":"max-video-preview:-1"},"canonical":"https:\/\/vitablanca.ma\/ar\/product-2\/ialuset-compresses-a-lacide-hyaluronique-boite-de-10-unites\/","og_locale":"ar_AR","og_type":"article","og_title":"Ialuset Compresses \u00e0 l'acide Hyaluronique Boite de 10 Unit\u00e9s - Maroc Prix","og_description":"Ialuset Compresses \u00e0 l'acide Hyaluronique Boite de 10 Unit\u00e9s","og_url":"https:\/\/vitablanca.ma\/ar\/product-2\/ialuset-compresses-a-lacide-hyaluronique-boite-de-10-unites\/","og_site_name":"Vitablanca.ma &ndash; Sant&eacute;, vitalit&eacute; et bien-&ecirc;tre pour tous les Marocains","article_publisher":"https:\/\/www.facebook.com\/profile.php?id=61576678196717","og_image":[{"width":1000,"height":1000,"url":"https:\/\/vitablanca.ma\/wp-content\/uploads\/2025\/06\/Ialuset-Compresses-a-l_acide-Hyaluronique-Boite-de-10-Unites-nova-prapharmacie-maroc.jpg","type":"image\/jpeg"}],"twitter_card":"summary_large_image","twitter_misc":{"\u0648\u0642\u062a \u0627\u0644\u0642\u0631\u0627\u0621\u0629 \u0627\u0644\u0645\u064f\u0642\u062f\u0651\u0631":"\u062f\u0642\u064a\u0642\u0629 \u0648\u0627\u062d\u062f\u0629"},"schema":{"@context":"https:\/\/schema.org","@graph":[{"@type":["WebPage","ItemPage"],"@id":"https:\/\/vitablanca.ma\/produit\/ialuset-compresses-a-lacide-hyaluronique-boite-de-10-unites\/","url":"https:\/\/vitablanca.ma\/produit\/ialuset-compresses-a-lacide-hyaluronique-boite-de-10-unites\/","name":"Ialuset Compresses \u00e0 l'acide Hyaluronique Boite de 10 Unit\u00e9s - Maroc Prix","isPartOf":{"@id":"https:\/\/vitablanca.ma\/#website"},"primaryImageOfPage":{"@id":"https:\/\/vitablanca.ma\/produit\/ialuset-compresses-a-lacide-hyaluronique-boite-de-10-unites\/#primaryimage"},"image":{"@id":"https:\/\/vitablanca.ma\/produit\/ialuset-compresses-a-lacide-hyaluronique-boite-de-10-unites\/#primaryimage"},"thumbnailUrl":"https:\/\/vitablanca.ma\/wp-content\/uploads\/2025\/06\/Ialuset-Compresses-a-l_acide-Hyaluronique-Boite-de-10-Unites-nova-prapharmacie-maroc.jpg","datePublished":"2025-06-10T17:36:55+00:00","description":"\u0643\u0645\u0627\u062f\u0627\u062a \u062d\u0645\u0636 \u0627\u0644\u0647\u064a\u0627\u0644\u0648\u0631\u0648\u0646\u064a\u0643 \u0645\u0646 \u0625\u064a\u0627\u0644\u0648\u0633\u064a\u062a - \u0639\u0644\u0628\u0629 \u0645\u0646 10 \u0648\u062d\u062f\u0627\u062a","breadcrumb":{"@id":"https:\/\/vitablanca.ma\/produit\/ialuset-compresses-a-lacide-hyaluronique-boite-de-10-unites\/#breadcrumb"},"inLanguage":"ar","potentialAction":[{"@type":"ReadAction","target":["https:\/\/vitablanca.ma\/produit\/ialuset-compresses-a-lacide-hyaluronique-boite-de-10-unites\/"]}]},{"@type":"ImageObject","inLanguage":"ar","@id":"https:\/\/vitablanca.ma\/produit\/ialuset-compresses-a-lacide-hyaluronique-boite-de-10-unites\/#primaryimage","url":"https:\/\/vitablanca.ma\/wp-content\/uploads\/2025\/06\/Ialuset-Compresses-a-l_acide-Hyaluronique-Boite-de-10-Unites-nova-prapharmacie-maroc.jpg","contentUrl":"https:\/\/vitablanca.ma\/wp-content\/uploads\/2025\/06\/Ialuset-Compresses-a-l_acide-Hyaluronique-Boite-de-10-Unites-nova-prapharmacie-maroc.jpg","width":1000,"height":1000},{"@type":"BreadcrumbList","@id":"https:\/\/vitablanca.ma\/produit\/ialuset-compresses-a-lacide-hyaluronique-boite-de-10-unites\/#breadcrumb","itemListElement":[{"@type":"ListItem","position":1,"name":"Home","item":"https:\/\/vitablanca.ma\/"},{"@type":"ListItem","position":2,"name":"Tous Les Produits","item":"https:\/\/vitablanca.ma\/tous-les-produits\/"},{"@type":"ListItem","position":3,"name":"Ialuset Compresses \u00e0 l&#8217;acide Hyaluronique Boite de 10 Unit\u00e9s"}]},{"@type":"WebSite","@id":"https:\/\/vitablanca.ma\/#website","url":"https:\/\/vitablanca.ma\/","name":"VitaBlanca.ma | \u0627\u0644\u0645\u0643\u0645\u0644\u0627\u062a \u0627\u0644\u063a\u0630\u0627\u0626\u064a\u0629\u060c \u0627\u0644\u0635\u062d\u0629 \u0648\u0627\u0644\u062c\u0645\u0627\u0644 \u0641\u064a \u0627\u0644\u0645\u063a\u0631\u0628","description":"\u0646\u0628\u064a\u0639 \u0641\u064a\u062a\u0627\u0645\u064a\u0646\u0627\u062a \u0648\u0645\u0643\u0645\u0644\u0627\u062a \u063a\u0630\u0627\u0626\u064a\u0629 \u0641\u0627\u062e\u0631\u0629 \u0645\u0646 \u0627\u0644\u0648\u0644\u0627\u064a\u0627\u062a \u0627\u0644\u0645\u062a\u062d\u062f\u0629 \u0627\u0644\u0623\u0645\u0631\u064a\u0643\u064a\u0629 \u0648\u0643\u0646\u062f\u0627 \u0648\u0646\u064a\u0648\u0632\u064a\u0644\u0646\u062f\u0627 \u0648\u0627\u0644\u0645\u063a\u0631\u0628 (\u0646\u0627\u0648 \u0641\u0648\u062f\u0632\u060c \u0633\u0648\u0644\u062c\u0627\u0631\u060c \u0645\u0627\u0646\u0648\u0643\u0627). \u062a\u0648\u0635\u064a\u0644 \u0633\u0631\u064a\u0639 \u0625\u0644\u0649 \u062c\u0645\u064a\u0639 \u0623\u0646\u062d\u0627\u0621 \u0627\u0644\u0645\u063a\u0631\u0628.","publisher":{"@id":"https:\/\/vitablanca.ma\/#organization"},"alternateName":"VitaBlanca.ma","potentialAction":[{"@type":"SearchAction","target":{"@type":"EntryPoint","urlTemplate":"https:\/\/vitablanca.ma\/?s={search_term_string}"},"query-input":{"@type":"PropertyValueSpecification","valueRequired":true,"valueName":"search_term_string"}}],"inLanguage":"ar"},{"@type":"Organization","@id":"https:\/\/vitablanca.ma\/#organization","name":"\u0641\u064a\u062a\u0627\u0628\u0644\u0627\u0646\u0643\u0627","url":"https:\/\/vitablanca.ma\/","logo":{"@type":"ImageObject","inLanguage":"ar","@id":"https:\/\/vitablanca.ma\/#\/schema\/logo\/image\/","url":"https:\/\/vitablanca.ma\/wp-content\/uploads\/2025\/05\/cropped-vitablanca.png","contentUrl":"https:\/\/vitablanca.ma\/wp-content\/uploads\/2025\/05\/cropped-vitablanca.png","width":360,"height":67,"caption":"VitaBlanca"},"image":{"@id":"https:\/\/vitablanca.ma\/#\/schema\/logo\/image\/"},"sameAs":["https:\/\/www.facebook.com\/profile.php?id=61576678196717","https:\/\/www.tiktok.com\/@vitablanca.ma","https:\/\/www.instagram.com\/vitablanca.ma\/"]}]}},"jetpack_sharing_enabled":true,"_links":{"self":[{"href":"https:\/\/vitablanca.ma\/ar\/wp-json\/wp\/v2\/product\/18813","targetHints":{"allow":["GET"]}}],"collection":[{"href":"https:\/\/vitablanca.ma\/ar\/wp-json\/wp\/v2\/product"}],"about":[{"href":"https:\/\/vitablanca.ma\/ar\/wp-json\/wp\/v2\/types\/product"}],"wp:featuredmedia":[{"embeddable":true,"href":"https:\/\/vitablanca.ma\/ar\/wp-json\/wp\/v2\/media\/18809"}],"wp:attachment":[{"href":"https:\/\/vitablanca.ma\/ar\/wp-json\/wp\/v2\/media?parent=18813"}],"wp:term":[{"taxonomy":"product_brand","embeddable":true,"href":"https:\/\/vitablanca.ma\/ar\/wp-json\/wp\/v2\/product_brand?post=18813"},{"taxonomy":"product_cat","embeddable":true,"href":"https:\/\/vitablanca.ma\/ar\/wp-json\/wp\/v2\/product_cat?post=18813"},{"taxonomy":"product_tag","embeddable":true,"href":"https:\/\/vitablanca.ma\/ar\/wp-json\/wp\/v2\/product_tag?post=18813"}],"curies":[{"name":"wp","href":"https:\/\/api.w.org\/{rel}","templated":true}]}}