{"id":18810,"date":"2025-06-10T17:36:47","date_gmt":"2025-06-10T17:36:47","guid":{"rendered":"https:\/\/vitablanca.ma\/product\/gum-junior-laser-7-9-ans-brosse-a-dents-903\/"},"modified":"2025-06-10T17:36:47","modified_gmt":"2025-06-10T17:36:47","slug":"gum-junior-laser-7-9-ans-brosse-a-dents-903","status":"publish","type":"product","link":"https:\/\/vitablanca.ma\/ar\/product-2\/gum-junior-laser-7-9-ans-brosse-a-dents-903\/","title":{"rendered":"\u0641\u0631\u0634\u0627\u0629 \u0623\u0633\u0646\u0627\u0646 Gum JUNIOR Laser \u0645\u0646 \u0639\u0645\u0631 7 \u0625\u0644\u0649 9 \u0633\u0646\u0648\u0627\u062a (903)"},"content":{"rendered":"<h2 data-mce-fragment=\"1\">Gum JUNIOR Laser 7-9 ans Brosse \u00e0 Dents\u00a0<span data-mce-fragment=\"1\">pour indiquer le juste temps de brossage par arcade<\/span><br \/>\n<\/h2>\n<p data-mce-fragment=\"1\">Ce sera d\u00e9sormais chose facile gr\u00e2ce \u00e0 la brosse \u00e0 dents clignontante GUM TIMER LIGHT.\u00a0Cette brosse dot\u00e9e d\u2019un timer lumineux a \u00e9t\u00e9 sp\u00e9cialement con\u00e7ue pour encourager les enfants \u00e0 se brosser les dents pendant 2 minutes, le temps de brossage recommand\u00e9 par les dentistes. Le tout en s\u2019amusant !<\/p>\n<div data-mce-fragment=\"1\" class=\"pointfort\">\n<h3 data-mce-fragment=\"1\"><strong data-mce-fragment=\"1\">\u0623\u0628\u0631\u0632 \u0627\u0644\u0623\u062d\u062f\u0627\u062b<\/strong><\/h3>\n<ol data-mce-fragment=\"1\">\n<li data-mce-fragment=\"1\">Timer lumineux d\u2019une minute, pour indiquer le juste temps de brossage par arcade<\/li>\n<li data-mce-fragment=\"1\">Brins souples pour \u00e9liminer d\u00e9licatement la plaque dentaire<\/li>\n<li data-mce-fragment=\"1\">T\u00eate compacte<\/li>\n<li data-mce-fragment=\"1\">Manche ergonomique avec ventouse pour pr\u00e9server les brins propres entre chaque utilisation et r\u00e9duire l\u2019encombrement autour du lavabo<\/li>\n<\/ol>\n<\/div>","protected":false},"excerpt":{"rendered":"<p>Gum JUNIOR Laser 7-9 ans Brosse \u00e0 Dents\u00a0pour indiquer le juste temps de brossage par arcade Ce sera d\u00e9sormais chose facile gr\u00e2ce \u00e0 la brosse \u00e0 dents clignontante GUM TIMER LIGHT.\u00a0Cette brosse dot\u00e9e d\u2019un timer lumineux a \u00e9t\u00e9 sp\u00e9cialement con\u00e7ue pour encourager les enfants \u00e0 se brosser les dents pendant 2 minutes, le temps de [&hellip;]<\/p>\n","protected":false},"featured_media":18802,"template":"","meta":{"om_disable_all_campaigns":false},"product_brand":[],"product_cat":[15],"product_tag":[],"class_list":{"0":"post-18810","1":"product","2":"type-product","3":"status-publish","4":"has-post-thumbnail","6":"product_cat-beaute-sante-complements-alimentaires-soins-et-bien-etre-au-meilleur-prix","8":"first","9":"instock","10":"sale","11":"taxable","12":"shipping-taxable","13":"purchasable","14":"product-type-simple"},"yoast_head":"<!-- This site is optimized with the Yoast SEO plugin v27.5 - https:\/\/yoast.com\/product\/yoast-seo-wordpress\/ -->\n<title>Gum JUNIOR Laser 7-9 ans Brosse \u00e0 Dents (903) - Maroc Prix<\/title>\n<meta name=\"description\" content=\"Gum JUNIOR Laser 7-9 ans Brosse \u00e0 Dents (903)\" \/>\n<meta name=\"robots\" content=\"index, follow, max-snippet:-1, max-image-preview:large, max-video-preview:-1\" \/>\n<link rel=\"canonical\" href=\"https:\/\/vitablanca.ma\/ar\/product-2\/gum-junior-laser-7-9-ans-brosse-a-dents-903\/\" \/>\n<meta property=\"og:locale\" content=\"ar_AR\" \/>\n<meta property=\"og:type\" content=\"article\" \/>\n<meta property=\"og:title\" content=\"Gum JUNIOR Laser 7-9 ans Brosse \u00e0 Dents (903) - Maroc Prix\" \/>\n<meta property=\"og:description\" content=\"Gum JUNIOR Laser 7-9 ans Brosse \u00e0 Dents (903)\" \/>\n<meta property=\"og:url\" content=\"https:\/\/vitablanca.ma\/ar\/product-2\/gum-junior-laser-7-9-ans-brosse-a-dents-903\/\" \/>\n<meta property=\"og:site_name\" content=\"Vitablanca.ma &ndash; Sant&eacute;, vitalit&eacute; et bien-&ecirc;tre pour tous les Marocains\" \/>\n<meta property=\"article:publisher\" content=\"https:\/\/www.facebook.com\/profile.php?id=61576678196717\" \/>\n<meta property=\"og:image\" content=\"https:\/\/vitablanca.ma\/wp-content\/uploads\/2025\/06\/Gum-JUNIOR-Laser-7-9-ans-Brosse-a-Dents-_903_-nova-parapharmacie-maroc.png\" \/>\n\t<meta property=\"og:image:width\" content=\"1000\" \/>\n\t<meta property=\"og:image:height\" content=\"1000\" \/>\n\t<meta property=\"og:image:type\" content=\"image\/png\" \/>\n<meta name=\"twitter:card\" content=\"summary_large_image\" \/>\n<meta name=\"twitter:label1\" content=\"\u0648\u0642\u062a \u0627\u0644\u0642\u0631\u0627\u0621\u0629 \u0627\u0644\u0645\u064f\u0642\u062f\u0651\u0631\" \/>\n\t<meta name=\"twitter:data1\" content=\"\u062f\u0642\u064a\u0642\u0629 \u0648\u0627\u062d\u062f\u0629\" \/>\n<script type=\"application\/ld+json\" class=\"yoast-schema-graph\">{\"@context\":\"https:\\\/\\\/schema.org\",\"@graph\":[{\"@type\":[\"WebPage\",\"ItemPage\"],\"@id\":\"https:\\\/\\\/vitablanca.ma\\\/produit\\\/gum-junior-laser-7-9-ans-brosse-a-dents-903\\\/\",\"url\":\"https:\\\/\\\/vitablanca.ma\\\/produit\\\/gum-junior-laser-7-9-ans-brosse-a-dents-903\\\/\",\"name\":\"Gum JUNIOR Laser 7-9 ans Brosse \u00e0 Dents (903) - Maroc Prix\",\"isPartOf\":{\"@id\":\"https:\\\/\\\/vitablanca.ma\\\/#website\"},\"primaryImageOfPage\":{\"@id\":\"https:\\\/\\\/vitablanca.ma\\\/produit\\\/gum-junior-laser-7-9-ans-brosse-a-dents-903\\\/#primaryimage\"},\"image\":{\"@id\":\"https:\\\/\\\/vitablanca.ma\\\/produit\\\/gum-junior-laser-7-9-ans-brosse-a-dents-903\\\/#primaryimage\"},\"thumbnailUrl\":\"https:\\\/\\\/vitablanca.ma\\\/wp-content\\\/uploads\\\/2025\\\/06\\\/Gum-JUNIOR-Laser-7-9-ans-Brosse-a-Dents-_903_-nova-parapharmacie-maroc.png\",\"datePublished\":\"2025-06-10T17:36:47+00:00\",\"description\":\"Gum JUNIOR Laser 7-9 ans Brosse \u00e0 Dents (903)\",\"breadcrumb\":{\"@id\":\"https:\\\/\\\/vitablanca.ma\\\/produit\\\/gum-junior-laser-7-9-ans-brosse-a-dents-903\\\/#breadcrumb\"},\"inLanguage\":\"ar\",\"potentialAction\":[{\"@type\":\"ReadAction\",\"target\":[\"https:\\\/\\\/vitablanca.ma\\\/produit\\\/gum-junior-laser-7-9-ans-brosse-a-dents-903\\\/\"]}]},{\"@type\":\"ImageObject\",\"inLanguage\":\"ar\",\"@id\":\"https:\\\/\\\/vitablanca.ma\\\/produit\\\/gum-junior-laser-7-9-ans-brosse-a-dents-903\\\/#primaryimage\",\"url\":\"https:\\\/\\\/vitablanca.ma\\\/wp-content\\\/uploads\\\/2025\\\/06\\\/Gum-JUNIOR-Laser-7-9-ans-Brosse-a-Dents-_903_-nova-parapharmacie-maroc.png\",\"contentUrl\":\"https:\\\/\\\/vitablanca.ma\\\/wp-content\\\/uploads\\\/2025\\\/06\\\/Gum-JUNIOR-Laser-7-9-ans-Brosse-a-Dents-_903_-nova-parapharmacie-maroc.png\",\"width\":1000,\"height\":1000},{\"@type\":\"BreadcrumbList\",\"@id\":\"https:\\\/\\\/vitablanca.ma\\\/produit\\\/gum-junior-laser-7-9-ans-brosse-a-dents-903\\\/#breadcrumb\",\"itemListElement\":[{\"@type\":\"ListItem\",\"position\":1,\"name\":\"Home\",\"item\":\"https:\\\/\\\/vitablanca.ma\\\/\"},{\"@type\":\"ListItem\",\"position\":2,\"name\":\"Tous Les Produits\",\"item\":\"https:\\\/\\\/vitablanca.ma\\\/tous-les-produits\\\/\"},{\"@type\":\"ListItem\",\"position\":3,\"name\":\"Gum JUNIOR Laser 7-9 ans Brosse \u00e0 Dents (903)\"}]},{\"@type\":\"WebSite\",\"@id\":\"https:\\\/\\\/vitablanca.ma\\\/#website\",\"url\":\"https:\\\/\\\/vitablanca.ma\\\/\",\"name\":\"VitaBlanca.ma | Compl\u00e9ments alimentaires, sant\u00e9 & beaut\u00e9 au Maroc\",\"description\":\"vendre vitamines et compl\u00e9ments premium des USA &amp; Canada, Nouvelle Z\u00e9lande,Maroc (NOW Foods, Solgar, Manuka). Livraison rapide partout au Maroc.\",\"publisher\":{\"@id\":\"https:\\\/\\\/vitablanca.ma\\\/#organization\"},\"alternateName\":\"VitaBlanca.ma\",\"potentialAction\":[{\"@type\":\"SearchAction\",\"target\":{\"@type\":\"EntryPoint\",\"urlTemplate\":\"https:\\\/\\\/vitablanca.ma\\\/?s={search_term_string}\"},\"query-input\":{\"@type\":\"PropertyValueSpecification\",\"valueRequired\":true,\"valueName\":\"search_term_string\"}}],\"inLanguage\":\"ar\"},{\"@type\":\"Organization\",\"@id\":\"https:\\\/\\\/vitablanca.ma\\\/#organization\",\"name\":\"VitaBlanca\",\"url\":\"https:\\\/\\\/vitablanca.ma\\\/\",\"logo\":{\"@type\":\"ImageObject\",\"inLanguage\":\"ar\",\"@id\":\"https:\\\/\\\/vitablanca.ma\\\/#\\\/schema\\\/logo\\\/image\\\/\",\"url\":\"https:\\\/\\\/vitablanca.ma\\\/wp-content\\\/uploads\\\/2025\\\/05\\\/cropped-vitablanca.png\",\"contentUrl\":\"https:\\\/\\\/vitablanca.ma\\\/wp-content\\\/uploads\\\/2025\\\/05\\\/cropped-vitablanca.png\",\"width\":360,\"height\":67,\"caption\":\"VitaBlanca\"},\"image\":{\"@id\":\"https:\\\/\\\/vitablanca.ma\\\/#\\\/schema\\\/logo\\\/image\\\/\"},\"sameAs\":[\"https:\\\/\\\/www.facebook.com\\\/profile.php?id=61576678196717\",\"https:\\\/\\\/www.tiktok.com\\\/@vitablanca.ma\",\"https:\\\/\\\/www.instagram.com\\\/vitablanca.ma\\\/\"]}]}<\/script>\n<!-- \/ Yoast SEO plugin. -->","yoast_head_json":{"title":"Gum JUNIOR Laser 7-9 ans Brosse \u00e0 Dents (903) - Maroc Prix","description":"\u0641\u0631\u0634\u0627\u0629 \u0623\u0633\u0646\u0627\u0646 Gum JUNIOR Laser \u0645\u0646 \u0639\u0645\u0631 7 \u0625\u0644\u0649 9 \u0633\u0646\u0648\u0627\u062a (903)","robots":{"index":"index","follow":"follow","max-snippet":"max-snippet:-1","max-image-preview":"max-image-preview:large","max-video-preview":"max-video-preview:-1"},"canonical":"https:\/\/vitablanca.ma\/ar\/product-2\/gum-junior-laser-7-9-ans-brosse-a-dents-903\/","og_locale":"ar_AR","og_type":"article","og_title":"Gum JUNIOR Laser 7-9 ans Brosse \u00e0 Dents (903) - Maroc Prix","og_description":"Gum JUNIOR Laser 7-9 ans Brosse \u00e0 Dents (903)","og_url":"https:\/\/vitablanca.ma\/ar\/product-2\/gum-junior-laser-7-9-ans-brosse-a-dents-903\/","og_site_name":"Vitablanca.ma &ndash; Sant&eacute;, vitalit&eacute; et bien-&ecirc;tre pour tous les Marocains","article_publisher":"https:\/\/www.facebook.com\/profile.php?id=61576678196717","og_image":[{"width":1000,"height":1000,"url":"https:\/\/vitablanca.ma\/wp-content\/uploads\/2025\/06\/Gum-JUNIOR-Laser-7-9-ans-Brosse-a-Dents-_903_-nova-parapharmacie-maroc.png","type":"image\/png"}],"twitter_card":"summary_large_image","twitter_misc":{"\u0648\u0642\u062a \u0627\u0644\u0642\u0631\u0627\u0621\u0629 \u0627\u0644\u0645\u064f\u0642\u062f\u0651\u0631":"\u062f\u0642\u064a\u0642\u0629 \u0648\u0627\u062d\u062f\u0629"},"schema":{"@context":"https:\/\/schema.org","@graph":[{"@type":["WebPage","ItemPage"],"@id":"https:\/\/vitablanca.ma\/produit\/gum-junior-laser-7-9-ans-brosse-a-dents-903\/","url":"https:\/\/vitablanca.ma\/produit\/gum-junior-laser-7-9-ans-brosse-a-dents-903\/","name":"Gum JUNIOR Laser 7-9 ans Brosse \u00e0 Dents (903) - Maroc Prix","isPartOf":{"@id":"https:\/\/vitablanca.ma\/#website"},"primaryImageOfPage":{"@id":"https:\/\/vitablanca.ma\/produit\/gum-junior-laser-7-9-ans-brosse-a-dents-903\/#primaryimage"},"image":{"@id":"https:\/\/vitablanca.ma\/produit\/gum-junior-laser-7-9-ans-brosse-a-dents-903\/#primaryimage"},"thumbnailUrl":"https:\/\/vitablanca.ma\/wp-content\/uploads\/2025\/06\/Gum-JUNIOR-Laser-7-9-ans-Brosse-a-Dents-_903_-nova-parapharmacie-maroc.png","datePublished":"2025-06-10T17:36:47+00:00","description":"\u0641\u0631\u0634\u0627\u0629 \u0623\u0633\u0646\u0627\u0646 Gum JUNIOR Laser \u0645\u0646 \u0639\u0645\u0631 7 \u0625\u0644\u0649 9 \u0633\u0646\u0648\u0627\u062a (903)","breadcrumb":{"@id":"https:\/\/vitablanca.ma\/produit\/gum-junior-laser-7-9-ans-brosse-a-dents-903\/#breadcrumb"},"inLanguage":"ar","potentialAction":[{"@type":"ReadAction","target":["https:\/\/vitablanca.ma\/produit\/gum-junior-laser-7-9-ans-brosse-a-dents-903\/"]}]},{"@type":"ImageObject","inLanguage":"ar","@id":"https:\/\/vitablanca.ma\/produit\/gum-junior-laser-7-9-ans-brosse-a-dents-903\/#primaryimage","url":"https:\/\/vitablanca.ma\/wp-content\/uploads\/2025\/06\/Gum-JUNIOR-Laser-7-9-ans-Brosse-a-Dents-_903_-nova-parapharmacie-maroc.png","contentUrl":"https:\/\/vitablanca.ma\/wp-content\/uploads\/2025\/06\/Gum-JUNIOR-Laser-7-9-ans-Brosse-a-Dents-_903_-nova-parapharmacie-maroc.png","width":1000,"height":1000},{"@type":"BreadcrumbList","@id":"https:\/\/vitablanca.ma\/produit\/gum-junior-laser-7-9-ans-brosse-a-dents-903\/#breadcrumb","itemListElement":[{"@type":"ListItem","position":1,"name":"Home","item":"https:\/\/vitablanca.ma\/"},{"@type":"ListItem","position":2,"name":"Tous Les Produits","item":"https:\/\/vitablanca.ma\/tous-les-produits\/"},{"@type":"ListItem","position":3,"name":"Gum JUNIOR Laser 7-9 ans Brosse \u00e0 Dents (903)"}]},{"@type":"WebSite","@id":"https:\/\/vitablanca.ma\/#website","url":"https:\/\/vitablanca.ma\/","name":"VitaBlanca.ma | \u0627\u0644\u0645\u0643\u0645\u0644\u0627\u062a \u0627\u0644\u063a\u0630\u0627\u0626\u064a\u0629\u060c \u0627\u0644\u0635\u062d\u0629 \u0648\u0627\u0644\u062c\u0645\u0627\u0644 \u0641\u064a \u0627\u0644\u0645\u063a\u0631\u0628","description":"\u0646\u0628\u064a\u0639 \u0641\u064a\u062a\u0627\u0645\u064a\u0646\u0627\u062a \u0648\u0645\u0643\u0645\u0644\u0627\u062a \u063a\u0630\u0627\u0626\u064a\u0629 \u0641\u0627\u062e\u0631\u0629 \u0645\u0646 \u0627\u0644\u0648\u0644\u0627\u064a\u0627\u062a \u0627\u0644\u0645\u062a\u062d\u062f\u0629 \u0627\u0644\u0623\u0645\u0631\u064a\u0643\u064a\u0629 \u0648\u0643\u0646\u062f\u0627 \u0648\u0646\u064a\u0648\u0632\u064a\u0644\u0646\u062f\u0627 \u0648\u0627\u0644\u0645\u063a\u0631\u0628 (\u0646\u0627\u0648 \u0641\u0648\u062f\u0632\u060c \u0633\u0648\u0644\u062c\u0627\u0631\u060c \u0645\u0627\u0646\u0648\u0643\u0627). \u062a\u0648\u0635\u064a\u0644 \u0633\u0631\u064a\u0639 \u0625\u0644\u0649 \u062c\u0645\u064a\u0639 \u0623\u0646\u062d\u0627\u0621 \u0627\u0644\u0645\u063a\u0631\u0628.","publisher":{"@id":"https:\/\/vitablanca.ma\/#organization"},"alternateName":"VitaBlanca.ma","potentialAction":[{"@type":"SearchAction","target":{"@type":"EntryPoint","urlTemplate":"https:\/\/vitablanca.ma\/?s={search_term_string}"},"query-input":{"@type":"PropertyValueSpecification","valueRequired":true,"valueName":"search_term_string"}}],"inLanguage":"ar"},{"@type":"Organization","@id":"https:\/\/vitablanca.ma\/#organization","name":"\u0641\u064a\u062a\u0627\u0628\u0644\u0627\u0646\u0643\u0627","url":"https:\/\/vitablanca.ma\/","logo":{"@type":"ImageObject","inLanguage":"ar","@id":"https:\/\/vitablanca.ma\/#\/schema\/logo\/image\/","url":"https:\/\/vitablanca.ma\/wp-content\/uploads\/2025\/05\/cropped-vitablanca.png","contentUrl":"https:\/\/vitablanca.ma\/wp-content\/uploads\/2025\/05\/cropped-vitablanca.png","width":360,"height":67,"caption":"VitaBlanca"},"image":{"@id":"https:\/\/vitablanca.ma\/#\/schema\/logo\/image\/"},"sameAs":["https:\/\/www.facebook.com\/profile.php?id=61576678196717","https:\/\/www.tiktok.com\/@vitablanca.ma","https:\/\/www.instagram.com\/vitablanca.ma\/"]}]}},"jetpack_sharing_enabled":true,"_links":{"self":[{"href":"https:\/\/vitablanca.ma\/ar\/wp-json\/wp\/v2\/product\/18810","targetHints":{"allow":["GET"]}}],"collection":[{"href":"https:\/\/vitablanca.ma\/ar\/wp-json\/wp\/v2\/product"}],"about":[{"href":"https:\/\/vitablanca.ma\/ar\/wp-json\/wp\/v2\/types\/product"}],"wp:featuredmedia":[{"embeddable":true,"href":"https:\/\/vitablanca.ma\/ar\/wp-json\/wp\/v2\/media\/18802"}],"wp:attachment":[{"href":"https:\/\/vitablanca.ma\/ar\/wp-json\/wp\/v2\/media?parent=18810"}],"wp:term":[{"taxonomy":"product_brand","embeddable":true,"href":"https:\/\/vitablanca.ma\/ar\/wp-json\/wp\/v2\/product_brand?post=18810"},{"taxonomy":"product_cat","embeddable":true,"href":"https:\/\/vitablanca.ma\/ar\/wp-json\/wp\/v2\/product_cat?post=18810"},{"taxonomy":"product_tag","embeddable":true,"href":"https:\/\/vitablanca.ma\/ar\/wp-json\/wp\/v2\/product_tag?post=18810"}],"curies":[{"name":"wp","href":"https:\/\/api.w.org\/{rel}","templated":true}]}}