{"id":18685,"date":"2025-06-10T17:30:46","date_gmt":"2025-06-10T17:30:46","guid":{"rendered":"https:\/\/vitablanca.ma\/product\/heliocare-360-color-water-gel-beige-spf50-50ml\/"},"modified":"2025-06-10T17:30:46","modified_gmt":"2025-06-10T17:30:46","slug":"heliocare-360-color-water-gel-beige-spf50-50ml","status":"publish","type":"product","link":"https:\/\/vitablanca.ma\/ar\/product-2\/heliocare-360-color-water-gel-beige-spf50-50ml\/","title":{"rendered":"Heliocare 360\u00b0 Color Water Gel Beige SPF50+ 50ml"},"content":{"rendered":"<h2 class=\"titularFichaProducto\" data-mce-fragment=\"1\">Heliocare 360\u00b0 Color Water Gel Beige SPF50+ <span>associ\u00e9 \u00e0 des actifs r\u00e9parateurs et antioxydant r\u00e9pare les dommages caus\u00e9s par le soleil<\/span><br \/>\n<\/h2>\n<p><span>Heliocare 360\u00ba Color Water Gel SPF 50+ r\u00e9pond aux exigences les plus \u00e9lev\u00e9es en termes de photoprotection. Sa formule avec filtres sp\u00e9cifiques et Fernblock+ prot\u00e8ge contre les 4 radiations (UVB, UVA, Visible et Infrarouge) et la lumi\u00e8re bleue des appareils \u00e9lectroniques. De plus, le Fernblock+, associ\u00e9 \u00e0 des actifs r\u00e9parateurs et antioxydants, neutralise et r\u00e9pare les dommages caus\u00e9s par le soleil. Haute tol\u00e9rance cutan\u00e9e.<\/span><\/p>\n<h3><strong>Conseils d&rsquo;Utilisation<\/strong><\/h3>\n<div>\n<div class=\"productAccordion\">\n<div data-th=\"Conseils d'utilisation\" class=\"contentAccordion\">Agiter avant utilisation. Appliquer sur le visage le matin, apr\u00e8s votre soin de jour habituel, g\u00e9n\u00e9reusement et uniform\u00e9ment avant l\u2019exposition au soleil. Renouvelez fr\u00e9quemment l\u2019application, surtout apr\u00e8s des bains prolong\u00e9s ou une transpiration excessive. Usage externe. Eviter le contact direct avec les yeux et les muqueuses. \u00c9vitez les expositions prolong\u00e9es au soleil. Portez des v\u00eatements, un chapeau et des lunettes de soleil pour vous prot\u00e9ger. N\u2019exposez pas les b\u00e9b\u00e9s et les jeunes enfants directement au soleil.<\/div>\n<\/div>\n<\/div>\n<div><\/div>\n<h3 data-mce-fragment=\"1\">\u062a\u0639\u0628\u064a\u0631<\/h3>\n<p><span>Combinaison optimale et stable d\u2019\u00e9crans solaires<\/span><br \/><span>Fernblock+<\/span><br \/><span>Glycosylase<\/span><br \/><span>Physavie<\/span><br \/><span>\u0641\u064a\u062a\u0627\u0645\u064a\u0646 \u0647\u0640<\/span><br \/><span>Syst\u00e8me d\u2019hydratation longue dur\u00e9e<\/span><br \/><span>Acide hyaluronique r\u00e9ticul\u00e9\u201d.<\/span><br \/><span>Pour qui est-il indiqu\u00e9 :<\/span><br \/><span>Tous les types de peau, m\u00eame sensibles<\/span><\/p>","protected":false},"excerpt":{"rendered":"<p>Heliocare 360\u00b0 Color Water Gel Beige SPF50+ associ\u00e9 \u00e0 des actifs r\u00e9parateurs et antioxydant r\u00e9pare les dommages caus\u00e9s par le soleil Heliocare 360\u00ba Color Water Gel SPF 50+ r\u00e9pond aux exigences les plus \u00e9lev\u00e9es en termes de photoprotection. Sa formule avec filtres sp\u00e9cifiques et Fernblock+ prot\u00e8ge contre les 4 radiations (UVB, UVA, Visible et Infrarouge) [&hellip;]<\/p>\n","protected":false},"featured_media":18679,"template":"","meta":{"om_disable_all_campaigns":false},"product_brand":[],"product_cat":[15],"product_tag":[],"class_list":{"0":"post-18685","1":"product","2":"type-product","3":"status-publish","4":"has-post-thumbnail","6":"product_cat-beaute-sante-complements-alimentaires-soins-et-bien-etre-au-meilleur-prix","8":"first","9":"instock","10":"sale","11":"taxable","12":"shipping-taxable","13":"purchasable","14":"product-type-simple"},"yoast_head":"<!-- This site is optimized with the Yoast SEO plugin v27.4 - https:\/\/yoast.com\/product\/yoast-seo-wordpress\/ -->\n<title>Heliocare 360\u00b0 Color Water Gel Beige SPF50+ 50ml - Maroc Prix<\/title>\n<meta name=\"description\" content=\"Heliocare 360\u00b0 Color Water Gel Beige SPF50+ 50ml\" \/>\n<meta name=\"robots\" content=\"index, follow, max-snippet:-1, max-image-preview:large, max-video-preview:-1\" \/>\n<link rel=\"canonical\" href=\"https:\/\/vitablanca.ma\/ar\/product-2\/heliocare-360-color-water-gel-beige-spf50-50ml\/\" \/>\n<meta property=\"og:locale\" content=\"ar_AR\" \/>\n<meta property=\"og:type\" content=\"article\" \/>\n<meta property=\"og:title\" content=\"Heliocare 360\u00b0 Color Water Gel Beige SPF50+ 50ml - Maroc Prix\" \/>\n<meta property=\"og:description\" content=\"Heliocare 360\u00b0 Color Water Gel Beige SPF50+ 50ml\" \/>\n<meta property=\"og:url\" content=\"https:\/\/vitablanca.ma\/ar\/product-2\/heliocare-360-color-water-gel-beige-spf50-50ml\/\" \/>\n<meta property=\"og:site_name\" content=\"Vitablanca.ma &ndash; Sant&eacute;, vitalit&eacute; et bien-&ecirc;tre pour tous les Marocains\" \/>\n<meta property=\"article:publisher\" content=\"https:\/\/www.facebook.com\/profile.php?id=61576678196717\" \/>\n<meta property=\"og:image\" content=\"https:\/\/vitablanca.ma\/wp-content\/uploads\/2025\/06\/HELIOCARE-360-COLOR-WATER-GEL-BEIGE-SPF-50_-Nova-para-Maroc.jpg\" \/>\n\t<meta property=\"og:image:width\" content=\"1000\" \/>\n\t<meta property=\"og:image:height\" content=\"1000\" \/>\n\t<meta property=\"og:image:type\" content=\"image\/jpeg\" \/>\n<meta name=\"twitter:card\" content=\"summary_large_image\" \/>\n<meta name=\"twitter:label1\" content=\"\u0648\u0642\u062a \u0627\u0644\u0642\u0631\u0627\u0621\u0629 \u0627\u0644\u0645\u064f\u0642\u062f\u0651\u0631\" \/>\n\t<meta name=\"twitter:data1\" content=\"\u062f\u0642\u064a\u0642\u0629 \u0648\u0627\u062d\u062f\u0629\" \/>\n<script type=\"application\/ld+json\" class=\"yoast-schema-graph\">{\"@context\":\"https:\\\/\\\/schema.org\",\"@graph\":[{\"@type\":[\"WebPage\",\"ItemPage\"],\"@id\":\"https:\\\/\\\/vitablanca.ma\\\/produit\\\/heliocare-360-color-water-gel-beige-spf50-50ml\\\/\",\"url\":\"https:\\\/\\\/vitablanca.ma\\\/produit\\\/heliocare-360-color-water-gel-beige-spf50-50ml\\\/\",\"name\":\"Heliocare 360\u00b0 Color Water Gel Beige SPF50+ 50ml - Maroc Prix\",\"isPartOf\":{\"@id\":\"https:\\\/\\\/vitablanca.ma\\\/#website\"},\"primaryImageOfPage\":{\"@id\":\"https:\\\/\\\/vitablanca.ma\\\/produit\\\/heliocare-360-color-water-gel-beige-spf50-50ml\\\/#primaryimage\"},\"image\":{\"@id\":\"https:\\\/\\\/vitablanca.ma\\\/produit\\\/heliocare-360-color-water-gel-beige-spf50-50ml\\\/#primaryimage\"},\"thumbnailUrl\":\"https:\\\/\\\/vitablanca.ma\\\/wp-content\\\/uploads\\\/2025\\\/06\\\/HELIOCARE-360-COLOR-WATER-GEL-BEIGE-SPF-50_-Nova-para-Maroc.jpg\",\"datePublished\":\"2025-06-10T17:30:46+00:00\",\"description\":\"Heliocare 360\u00b0 Color Water Gel Beige SPF50+ 50ml\",\"breadcrumb\":{\"@id\":\"https:\\\/\\\/vitablanca.ma\\\/produit\\\/heliocare-360-color-water-gel-beige-spf50-50ml\\\/#breadcrumb\"},\"inLanguage\":\"ar\",\"potentialAction\":[{\"@type\":\"ReadAction\",\"target\":[\"https:\\\/\\\/vitablanca.ma\\\/produit\\\/heliocare-360-color-water-gel-beige-spf50-50ml\\\/\"]}]},{\"@type\":\"ImageObject\",\"inLanguage\":\"ar\",\"@id\":\"https:\\\/\\\/vitablanca.ma\\\/produit\\\/heliocare-360-color-water-gel-beige-spf50-50ml\\\/#primaryimage\",\"url\":\"https:\\\/\\\/vitablanca.ma\\\/wp-content\\\/uploads\\\/2025\\\/06\\\/HELIOCARE-360-COLOR-WATER-GEL-BEIGE-SPF-50_-Nova-para-Maroc.jpg\",\"contentUrl\":\"https:\\\/\\\/vitablanca.ma\\\/wp-content\\\/uploads\\\/2025\\\/06\\\/HELIOCARE-360-COLOR-WATER-GEL-BEIGE-SPF-50_-Nova-para-Maroc.jpg\",\"width\":1000,\"height\":1000},{\"@type\":\"BreadcrumbList\",\"@id\":\"https:\\\/\\\/vitablanca.ma\\\/produit\\\/heliocare-360-color-water-gel-beige-spf50-50ml\\\/#breadcrumb\",\"itemListElement\":[{\"@type\":\"ListItem\",\"position\":1,\"name\":\"Home\",\"item\":\"https:\\\/\\\/vitablanca.ma\\\/\"},{\"@type\":\"ListItem\",\"position\":2,\"name\":\"Tous Les Produits\",\"item\":\"https:\\\/\\\/vitablanca.ma\\\/tous-les-produits\\\/\"},{\"@type\":\"ListItem\",\"position\":3,\"name\":\"Heliocare 360\u00b0 Color Water Gel Beige SPF50+ 50ml\"}]},{\"@type\":\"WebSite\",\"@id\":\"https:\\\/\\\/vitablanca.ma\\\/#website\",\"url\":\"https:\\\/\\\/vitablanca.ma\\\/\",\"name\":\"VitaBlanca.ma | Compl\u00e9ments alimentaires, sant\u00e9 & beaut\u00e9 au Maroc\",\"description\":\"vendre vitamines et compl\u00e9ments premium des USA &amp; Canada, Nouvelle Z\u00e9lande,Maroc (NOW Foods, Solgar, Manuka). Livraison rapide partout au Maroc.\",\"publisher\":{\"@id\":\"https:\\\/\\\/vitablanca.ma\\\/#organization\"},\"alternateName\":\"VitaBlanca.ma\",\"potentialAction\":[{\"@type\":\"SearchAction\",\"target\":{\"@type\":\"EntryPoint\",\"urlTemplate\":\"https:\\\/\\\/vitablanca.ma\\\/?s={search_term_string}\"},\"query-input\":{\"@type\":\"PropertyValueSpecification\",\"valueRequired\":true,\"valueName\":\"search_term_string\"}}],\"inLanguage\":\"ar\"},{\"@type\":\"Organization\",\"@id\":\"https:\\\/\\\/vitablanca.ma\\\/#organization\",\"name\":\"VitaBlanca\",\"url\":\"https:\\\/\\\/vitablanca.ma\\\/\",\"logo\":{\"@type\":\"ImageObject\",\"inLanguage\":\"ar\",\"@id\":\"https:\\\/\\\/vitablanca.ma\\\/#\\\/schema\\\/logo\\\/image\\\/\",\"url\":\"https:\\\/\\\/vitablanca.ma\\\/wp-content\\\/uploads\\\/2025\\\/05\\\/cropped-vitablanca.png\",\"contentUrl\":\"https:\\\/\\\/vitablanca.ma\\\/wp-content\\\/uploads\\\/2025\\\/05\\\/cropped-vitablanca.png\",\"width\":360,\"height\":67,\"caption\":\"VitaBlanca\"},\"image\":{\"@id\":\"https:\\\/\\\/vitablanca.ma\\\/#\\\/schema\\\/logo\\\/image\\\/\"},\"sameAs\":[\"https:\\\/\\\/www.facebook.com\\\/profile.php?id=61576678196717\",\"https:\\\/\\\/www.tiktok.com\\\/@vitablanca.ma\",\"https:\\\/\\\/www.instagram.com\\\/vitablanca.ma\\\/\"]}]}<\/script>\n<!-- \/ Yoast SEO plugin. -->","yoast_head_json":{"title":"Heliocare 360\u00b0 Color Water Gel Beige SPF50+ 50ml - Maroc Prix","description":"Heliocare 360\u00b0 Color Water Gel Beige SPF50+ 50ml","robots":{"index":"index","follow":"follow","max-snippet":"max-snippet:-1","max-image-preview":"max-image-preview:large","max-video-preview":"max-video-preview:-1"},"canonical":"https:\/\/vitablanca.ma\/ar\/product-2\/heliocare-360-color-water-gel-beige-spf50-50ml\/","og_locale":"ar_AR","og_type":"article","og_title":"Heliocare 360\u00b0 Color Water Gel Beige SPF50+ 50ml - Maroc Prix","og_description":"Heliocare 360\u00b0 Color Water Gel Beige SPF50+ 50ml","og_url":"https:\/\/vitablanca.ma\/ar\/product-2\/heliocare-360-color-water-gel-beige-spf50-50ml\/","og_site_name":"Vitablanca.ma &ndash; Sant&eacute;, vitalit&eacute; et bien-&ecirc;tre pour tous les Marocains","article_publisher":"https:\/\/www.facebook.com\/profile.php?id=61576678196717","og_image":[{"width":1000,"height":1000,"url":"https:\/\/vitablanca.ma\/wp-content\/uploads\/2025\/06\/HELIOCARE-360-COLOR-WATER-GEL-BEIGE-SPF-50_-Nova-para-Maroc.jpg","type":"image\/jpeg"}],"twitter_card":"summary_large_image","twitter_misc":{"\u0648\u0642\u062a \u0627\u0644\u0642\u0631\u0627\u0621\u0629 \u0627\u0644\u0645\u064f\u0642\u062f\u0651\u0631":"\u062f\u0642\u064a\u0642\u0629 \u0648\u0627\u062d\u062f\u0629"},"schema":{"@context":"https:\/\/schema.org","@graph":[{"@type":["WebPage","ItemPage"],"@id":"https:\/\/vitablanca.ma\/produit\/heliocare-360-color-water-gel-beige-spf50-50ml\/","url":"https:\/\/vitablanca.ma\/produit\/heliocare-360-color-water-gel-beige-spf50-50ml\/","name":"Heliocare 360\u00b0 Color Water Gel Beige SPF50+ 50ml - Maroc Prix","isPartOf":{"@id":"https:\/\/vitablanca.ma\/#website"},"primaryImageOfPage":{"@id":"https:\/\/vitablanca.ma\/produit\/heliocare-360-color-water-gel-beige-spf50-50ml\/#primaryimage"},"image":{"@id":"https:\/\/vitablanca.ma\/produit\/heliocare-360-color-water-gel-beige-spf50-50ml\/#primaryimage"},"thumbnailUrl":"https:\/\/vitablanca.ma\/wp-content\/uploads\/2025\/06\/HELIOCARE-360-COLOR-WATER-GEL-BEIGE-SPF-50_-Nova-para-Maroc.jpg","datePublished":"2025-06-10T17:30:46+00:00","description":"Heliocare 360\u00b0 Color Water Gel Beige SPF50+ 50ml","breadcrumb":{"@id":"https:\/\/vitablanca.ma\/produit\/heliocare-360-color-water-gel-beige-spf50-50ml\/#breadcrumb"},"inLanguage":"ar","potentialAction":[{"@type":"ReadAction","target":["https:\/\/vitablanca.ma\/produit\/heliocare-360-color-water-gel-beige-spf50-50ml\/"]}]},{"@type":"ImageObject","inLanguage":"ar","@id":"https:\/\/vitablanca.ma\/produit\/heliocare-360-color-water-gel-beige-spf50-50ml\/#primaryimage","url":"https:\/\/vitablanca.ma\/wp-content\/uploads\/2025\/06\/HELIOCARE-360-COLOR-WATER-GEL-BEIGE-SPF-50_-Nova-para-Maroc.jpg","contentUrl":"https:\/\/vitablanca.ma\/wp-content\/uploads\/2025\/06\/HELIOCARE-360-COLOR-WATER-GEL-BEIGE-SPF-50_-Nova-para-Maroc.jpg","width":1000,"height":1000},{"@type":"BreadcrumbList","@id":"https:\/\/vitablanca.ma\/produit\/heliocare-360-color-water-gel-beige-spf50-50ml\/#breadcrumb","itemListElement":[{"@type":"ListItem","position":1,"name":"Home","item":"https:\/\/vitablanca.ma\/"},{"@type":"ListItem","position":2,"name":"Tous Les Produits","item":"https:\/\/vitablanca.ma\/tous-les-produits\/"},{"@type":"ListItem","position":3,"name":"Heliocare 360\u00b0 Color Water Gel Beige SPF50+ 50ml"}]},{"@type":"WebSite","@id":"https:\/\/vitablanca.ma\/#website","url":"https:\/\/vitablanca.ma\/","name":"VitaBlanca.ma | \u0627\u0644\u0645\u0643\u0645\u0644\u0627\u062a \u0627\u0644\u063a\u0630\u0627\u0626\u064a\u0629\u060c \u0627\u0644\u0635\u062d\u0629 \u0648\u0627\u0644\u062c\u0645\u0627\u0644 \u0641\u064a \u0627\u0644\u0645\u063a\u0631\u0628","description":"\u0646\u0628\u064a\u0639 \u0641\u064a\u062a\u0627\u0645\u064a\u0646\u0627\u062a \u0648\u0645\u0643\u0645\u0644\u0627\u062a \u063a\u0630\u0627\u0626\u064a\u0629 \u0641\u0627\u062e\u0631\u0629 \u0645\u0646 \u0627\u0644\u0648\u0644\u0627\u064a\u0627\u062a \u0627\u0644\u0645\u062a\u062d\u062f\u0629 \u0627\u0644\u0623\u0645\u0631\u064a\u0643\u064a\u0629 \u0648\u0643\u0646\u062f\u0627 \u0648\u0646\u064a\u0648\u0632\u064a\u0644\u0646\u062f\u0627 \u0648\u0627\u0644\u0645\u063a\u0631\u0628 (\u0646\u0627\u0648 \u0641\u0648\u062f\u0632\u060c \u0633\u0648\u0644\u062c\u0627\u0631\u060c \u0645\u0627\u0646\u0648\u0643\u0627). \u062a\u0648\u0635\u064a\u0644 \u0633\u0631\u064a\u0639 \u0625\u0644\u0649 \u062c\u0645\u064a\u0639 \u0623\u0646\u062d\u0627\u0621 \u0627\u0644\u0645\u063a\u0631\u0628.","publisher":{"@id":"https:\/\/vitablanca.ma\/#organization"},"alternateName":"VitaBlanca.ma","potentialAction":[{"@type":"SearchAction","target":{"@type":"EntryPoint","urlTemplate":"https:\/\/vitablanca.ma\/?s={search_term_string}"},"query-input":{"@type":"PropertyValueSpecification","valueRequired":true,"valueName":"search_term_string"}}],"inLanguage":"ar"},{"@type":"Organization","@id":"https:\/\/vitablanca.ma\/#organization","name":"\u0641\u064a\u062a\u0627\u0628\u0644\u0627\u0646\u0643\u0627","url":"https:\/\/vitablanca.ma\/","logo":{"@type":"ImageObject","inLanguage":"ar","@id":"https:\/\/vitablanca.ma\/#\/schema\/logo\/image\/","url":"https:\/\/vitablanca.ma\/wp-content\/uploads\/2025\/05\/cropped-vitablanca.png","contentUrl":"https:\/\/vitablanca.ma\/wp-content\/uploads\/2025\/05\/cropped-vitablanca.png","width":360,"height":67,"caption":"VitaBlanca"},"image":{"@id":"https:\/\/vitablanca.ma\/#\/schema\/logo\/image\/"},"sameAs":["https:\/\/www.facebook.com\/profile.php?id=61576678196717","https:\/\/www.tiktok.com\/@vitablanca.ma","https:\/\/www.instagram.com\/vitablanca.ma\/"]}]}},"jetpack_sharing_enabled":true,"_links":{"self":[{"href":"https:\/\/vitablanca.ma\/ar\/wp-json\/wp\/v2\/product\/18685","targetHints":{"allow":["GET"]}}],"collection":[{"href":"https:\/\/vitablanca.ma\/ar\/wp-json\/wp\/v2\/product"}],"about":[{"href":"https:\/\/vitablanca.ma\/ar\/wp-json\/wp\/v2\/types\/product"}],"wp:featuredmedia":[{"embeddable":true,"href":"https:\/\/vitablanca.ma\/ar\/wp-json\/wp\/v2\/media\/18679"}],"wp:attachment":[{"href":"https:\/\/vitablanca.ma\/ar\/wp-json\/wp\/v2\/media?parent=18685"}],"wp:term":[{"taxonomy":"product_brand","embeddable":true,"href":"https:\/\/vitablanca.ma\/ar\/wp-json\/wp\/v2\/product_brand?post=18685"},{"taxonomy":"product_cat","embeddable":true,"href":"https:\/\/vitablanca.ma\/ar\/wp-json\/wp\/v2\/product_cat?post=18685"},{"taxonomy":"product_tag","embeddable":true,"href":"https:\/\/vitablanca.ma\/ar\/wp-json\/wp\/v2\/product_tag?post=18685"}],"curies":[{"name":"wp","href":"https:\/\/api.w.org\/{rel}","templated":true}]}}