{"id":18680,"date":"2025-06-10T17:30:36","date_gmt":"2025-06-10T17:30:36","guid":{"rendered":"https:\/\/vitablanca.ma\/product\/gph-diffusion-extrait-levure-de-riz-rouge-600-mg-180-gelules\/"},"modified":"2026-01-21T17:07:59","modified_gmt":"2026-01-21T17:07:59","slug":"gph-diffusion-extrait-levure-de-riz-rouge-600-mg-180-gelules","status":"publish","type":"product","link":"https:\/\/vitablanca.ma\/ar\/product-2\/gph-diffusion-extrait-levure-de-riz-rouge-600-mg-180-gelules\/","title":{"rendered":"GPH DIFFUSION Extrait Levure De Riz Rouge 600 Mg 180 G\u00e9lules"},"content":{"rendered":"<h1 class=\"h1\">GPH DIFFUSION Extrait Levure De Riz Rouge 600 Mg | 60 G\u00e9lules<\/h1>\n<p>La levure de riz rouge nous arrive tout droit d\u2019Asie, continent o\u00f9 cet organisme se d\u00e9veloppe en toute tranquillit\u00e9 sur les plants de riz. Celle-ci a bien entendu \u00e9t\u00e9 \u00e0 la base utilis\u00e9e au sein des pays asiatiques, et avant m\u00eame d\u2019\u00eatre un compl\u00e9ment alimentaire, la levure de riz rouge a \u00e9t\u00e9 consid\u00e9r\u00e9e comme un condiment. Celle-ci est donc tr\u00e8s fr\u00e9quemment employ\u00e9e pour parfumer certains plats en Asie. Elle est largement repr\u00e9sent\u00e9e dans les pays o\u00f9 l\u2019on fait la culture du riz bien s\u00fbr.<\/p>\n<p><strong>Qu\u2019est-ce que la levure de riz rouge ?<\/strong><\/p>\n<p>Qui dit levure, dit forc\u00e9ment champignon. Ainsi, il s\u2019agit d\u2019un organisme microscopique de type fongique, que l\u2019on nomme \u00e9galement Monoascus purpureus. Sa teinte caract\u00e9ristique lui vaut le surnom de levure de riz rouge. Celle-ci appara\u00eet spontan\u00e9ment au moment de la fermentation des grains de riz, et c\u2019est \u00e0 ce moment pr\u00e9cis que l\u2019on va justement r\u00e9colter cette levure. Elle est pourvue d\u2019un go\u00fbt bien sp\u00e9cifique, ce qui en explique l\u2019emploi en tant que condiment dans la gastronomie asiatique.<\/p>\n<p><strong>Les diff\u00e9rents atouts sant\u00e9 de la levure de riz rouge<\/strong><\/p>\n<p>La levure de riz rouge est un aliment int\u00e9ressant \u00e0 consommer, notamment parce qu\u2019elle contient de la monacoline. Il s\u2019agit du principe actif principal de cette substance, et celui-ci est pr\u00e9sent \u00e0 hauteur de 1,6% au sein de ce compl\u00e9ment alimentaire. Et bien s\u00fbr, les diff\u00e9rentes qualit\u00e9s de la levure de riz rouge sont reconnues depuis bien longtemps. Cela explique pourquoi on l\u2019utilise massivement dans les pharmacop\u00e9es chinoises, et dans les compl\u00e9ments alimentaires.<\/p>\n<h3>\n<strong style=\"font-size: 0.875rem\" data-mce-style=\"font-size: 0.875rem;\">\u0637\u0631\u064a\u0642\u0629 \u0627\u0644\u0627\u0633\u062a\u062e\u062f\u0627\u0645:<\/strong><br \/>\n<\/h3>\n<ul><\/ul>\n<div class=\"w-post-elm post_content\">\n<p>1 comprim\u00e9 par jour avec un grand verre d\u2019eau au cours des repas.<\/p>\n<p>Ne doit pas \u00eatre consomm\u00e9 par les femmes enceintes et allaitantes, les enfants de moins de 18 ans et les adultes de plus de 70 ans, ainsi qu\u2019aux personnes sensibles aux statines.<\/p>\n<p>Si vous avez des probl\u00e8mes de sant\u00e9, demandez conseil \u00e0 votre m\u00e9decin avant de consommer ce produit.<\/p>\n<p>Ne doit pas \u00eatre consomm\u00e9 si vous prenez un m\u00e9dicament pour faire baisser votre taux de cholest\u00e9rol.<\/p>\n<p>Ne doit pas \u00eatre consomm\u00e9 si vous prenez d\u00e9j\u00e0 d\u2019autres produits contenant de la levure de riz rouge.<\/p>\n<p>La dose journali\u00e8re de monacoline ne doit pas d\u00e9passer 3 mg par jour.<\/p>\n<p>Tenir hors de port\u00e9e des enfants. \u00c0 conserver dans un endroit sec, frais et \u00e0 l&rsquo;abri de la lumi\u00e8re.<\/p>\n<h3><span>\u0645\u0643\u0648\u0646\u0627\u062a :<\/span><\/h3>\n<p><em>INGR\u00c9DIENTS POUR 1 COMPRIM\u00c9 :<\/em><\/p>\n<p>Poudre d\u2019extrait de levure de riz rouge* (soit 2,99 mg de monacolines),<\/p>\n<p>Agent de charge : Maltodextrine*,<\/p>\n<p>Carbonate de magn\u00e9sium, Antiagglom\u00e9rant : Talc.<\/p>\n<p>Poids net total : 83.16 g<\/p>\n<\/div>\n<div class=\"w-post-elm post_content\">\n<ul><\/ul>\n<\/div>","protected":false},"excerpt":{"rendered":"<p>GPH DIFFUSION Extrait Levure De Riz Rouge 600 Mg | 60 G\u00e9lules La levure de riz rouge nous arrive tout droit d\u2019Asie, continent o\u00f9 cet organisme se d\u00e9veloppe en toute tranquillit\u00e9 sur les plants de riz. Celle-ci a bien entendu \u00e9t\u00e9 \u00e0 la base utilis\u00e9e au sein des pays asiatiques, et avant m\u00eame d\u2019\u00eatre un [&hellip;]<\/p>\n","protected":false},"featured_media":18678,"template":"","meta":{"om_disable_all_campaigns":false},"product_brand":[5979],"product_cat":[18,15,3366],"product_tag":[],"class_list":{"0":"post-18680","1":"product","2":"type-product","3":"status-publish","4":"has-post-thumbnail","6":"product_brand-gph-maroc-prix","7":"product_cat-beaute-sante","8":"product_cat-beaute-sante-complements-alimentaires-soins-et-bien-etre-au-meilleur-prix","9":"product_cat-complements-alimentaires-au-maroc-vitablanca","11":"first","12":"instock","13":"taxable","14":"shipping-taxable","15":"purchasable","16":"product-type-simple"},"yoast_head":"<!-- This site is optimized with the Yoast SEO plugin v27.4 - https:\/\/yoast.com\/product\/yoast-seo-wordpress\/ -->\n<title>GPH DIFFUSION Extrait Levure De Riz Rouge 600 Mg 180 G\u00e9lules - Maroc Prix<\/title>\n<meta name=\"description\" content=\"GPH DIFFUSION Extrait Levure De Riz Rouge 600 Mg 180 G\u00e9lules\" \/>\n<meta name=\"robots\" content=\"index, follow, max-snippet:-1, max-image-preview:large, max-video-preview:-1\" \/>\n<link rel=\"canonical\" href=\"https:\/\/vitablanca.ma\/ar\/product-2\/gph-diffusion-extrait-levure-de-riz-rouge-600-mg-180-gelules\/\" \/>\n<meta property=\"og:locale\" content=\"ar_AR\" \/>\n<meta property=\"og:type\" content=\"article\" \/>\n<meta property=\"og:title\" content=\"GPH DIFFUSION Extrait Levure De Riz Rouge 600 Mg 180 G\u00e9lules - Maroc Prix\" \/>\n<meta property=\"og:description\" content=\"GPH DIFFUSION Extrait Levure De Riz Rouge 600 Mg 180 G\u00e9lules\" \/>\n<meta property=\"og:url\" content=\"https:\/\/vitablanca.ma\/ar\/product-2\/gph-diffusion-extrait-levure-de-riz-rouge-600-mg-180-gelules\/\" \/>\n<meta property=\"og:site_name\" content=\"Vitablanca.ma &ndash; Sant&eacute;, vitalit&eacute; et bien-&ecirc;tre pour tous les Marocains\" \/>\n<meta property=\"article:publisher\" content=\"https:\/\/www.facebook.com\/profile.php?id=61576678196717\" \/>\n<meta property=\"article:modified_time\" content=\"2026-01-21T17:07:59+00:00\" \/>\n<meta property=\"og:image\" content=\"https:\/\/vitablanca.ma\/wp-content\/uploads\/2025\/06\/GPH-Extrait-De-Levure-De-Riz-Rouge-0-novapara-maroc.jpg\" \/>\n\t<meta property=\"og:image:width\" content=\"1000\" \/>\n\t<meta property=\"og:image:height\" content=\"1000\" \/>\n\t<meta property=\"og:image:type\" content=\"image\/jpeg\" \/>\n<meta name=\"twitter:card\" content=\"summary_large_image\" \/>\n<meta name=\"twitter:label1\" content=\"\u0648\u0642\u062a \u0627\u0644\u0642\u0631\u0627\u0621\u0629 \u0627\u0644\u0645\u064f\u0642\u062f\u0651\u0631\" \/>\n\t<meta name=\"twitter:data1\" content=\"\u062f\u0642\u064a\u0642\u062a\u0627\u0646\" \/>\n<script type=\"application\/ld+json\" class=\"yoast-schema-graph\">{\"@context\":\"https:\\\/\\\/schema.org\",\"@graph\":[{\"@type\":[\"WebPage\",\"ItemPage\"],\"@id\":\"https:\\\/\\\/vitablanca.ma\\\/produit\\\/gph-diffusion-extrait-levure-de-riz-rouge-600-mg-180-gelules\\\/\",\"url\":\"https:\\\/\\\/vitablanca.ma\\\/produit\\\/gph-diffusion-extrait-levure-de-riz-rouge-600-mg-180-gelules\\\/\",\"name\":\"GPH DIFFUSION Extrait Levure De Riz Rouge 600 Mg 180 G\u00e9lules - Maroc Prix\",\"isPartOf\":{\"@id\":\"https:\\\/\\\/vitablanca.ma\\\/#website\"},\"primaryImageOfPage\":{\"@id\":\"https:\\\/\\\/vitablanca.ma\\\/produit\\\/gph-diffusion-extrait-levure-de-riz-rouge-600-mg-180-gelules\\\/#primaryimage\"},\"image\":{\"@id\":\"https:\\\/\\\/vitablanca.ma\\\/produit\\\/gph-diffusion-extrait-levure-de-riz-rouge-600-mg-180-gelules\\\/#primaryimage\"},\"thumbnailUrl\":\"https:\\\/\\\/vitablanca.ma\\\/wp-content\\\/uploads\\\/2025\\\/06\\\/GPH-Extrait-De-Levure-De-Riz-Rouge-0-novapara-maroc.jpg\",\"datePublished\":\"2025-06-10T17:30:36+00:00\",\"dateModified\":\"2026-01-21T17:07:59+00:00\",\"description\":\"GPH DIFFUSION Extrait Levure De Riz Rouge 600 Mg 180 G\u00e9lules\",\"breadcrumb\":{\"@id\":\"https:\\\/\\\/vitablanca.ma\\\/produit\\\/gph-diffusion-extrait-levure-de-riz-rouge-600-mg-180-gelules\\\/#breadcrumb\"},\"inLanguage\":\"ar\",\"potentialAction\":[{\"@type\":\"ReadAction\",\"target\":[\"https:\\\/\\\/vitablanca.ma\\\/produit\\\/gph-diffusion-extrait-levure-de-riz-rouge-600-mg-180-gelules\\\/\"]}]},{\"@type\":\"ImageObject\",\"inLanguage\":\"ar\",\"@id\":\"https:\\\/\\\/vitablanca.ma\\\/produit\\\/gph-diffusion-extrait-levure-de-riz-rouge-600-mg-180-gelules\\\/#primaryimage\",\"url\":\"https:\\\/\\\/vitablanca.ma\\\/wp-content\\\/uploads\\\/2025\\\/06\\\/GPH-Extrait-De-Levure-De-Riz-Rouge-0-novapara-maroc.jpg\",\"contentUrl\":\"https:\\\/\\\/vitablanca.ma\\\/wp-content\\\/uploads\\\/2025\\\/06\\\/GPH-Extrait-De-Levure-De-Riz-Rouge-0-novapara-maroc.jpg\",\"width\":1000,\"height\":1000},{\"@type\":\"BreadcrumbList\",\"@id\":\"https:\\\/\\\/vitablanca.ma\\\/produit\\\/gph-diffusion-extrait-levure-de-riz-rouge-600-mg-180-gelules\\\/#breadcrumb\",\"itemListElement\":[{\"@type\":\"ListItem\",\"position\":1,\"name\":\"Home\",\"item\":\"https:\\\/\\\/vitablanca.ma\\\/\"},{\"@type\":\"ListItem\",\"position\":2,\"name\":\"Tous Les Produits\",\"item\":\"https:\\\/\\\/vitablanca.ma\\\/tous-les-produits\\\/\"},{\"@type\":\"ListItem\",\"position\":3,\"name\":\"GPH DIFFUSION Extrait Levure De Riz Rouge 600 Mg 180 G\u00e9lules\"}]},{\"@type\":\"WebSite\",\"@id\":\"https:\\\/\\\/vitablanca.ma\\\/#website\",\"url\":\"https:\\\/\\\/vitablanca.ma\\\/\",\"name\":\"VitaBlanca.ma | Compl\u00e9ments alimentaires, sant\u00e9 & beaut\u00e9 au Maroc\",\"description\":\"vendre vitamines et compl\u00e9ments premium des USA &amp; Canada, Nouvelle Z\u00e9lande,Maroc (NOW Foods, Solgar, Manuka). Livraison rapide partout au Maroc.\",\"publisher\":{\"@id\":\"https:\\\/\\\/vitablanca.ma\\\/#organization\"},\"alternateName\":\"VitaBlanca.ma\",\"potentialAction\":[{\"@type\":\"SearchAction\",\"target\":{\"@type\":\"EntryPoint\",\"urlTemplate\":\"https:\\\/\\\/vitablanca.ma\\\/?s={search_term_string}\"},\"query-input\":{\"@type\":\"PropertyValueSpecification\",\"valueRequired\":true,\"valueName\":\"search_term_string\"}}],\"inLanguage\":\"ar\"},{\"@type\":\"Organization\",\"@id\":\"https:\\\/\\\/vitablanca.ma\\\/#organization\",\"name\":\"VitaBlanca\",\"url\":\"https:\\\/\\\/vitablanca.ma\\\/\",\"logo\":{\"@type\":\"ImageObject\",\"inLanguage\":\"ar\",\"@id\":\"https:\\\/\\\/vitablanca.ma\\\/#\\\/schema\\\/logo\\\/image\\\/\",\"url\":\"https:\\\/\\\/vitablanca.ma\\\/wp-content\\\/uploads\\\/2025\\\/05\\\/cropped-vitablanca.png\",\"contentUrl\":\"https:\\\/\\\/vitablanca.ma\\\/wp-content\\\/uploads\\\/2025\\\/05\\\/cropped-vitablanca.png\",\"width\":360,\"height\":67,\"caption\":\"VitaBlanca\"},\"image\":{\"@id\":\"https:\\\/\\\/vitablanca.ma\\\/#\\\/schema\\\/logo\\\/image\\\/\"},\"sameAs\":[\"https:\\\/\\\/www.facebook.com\\\/profile.php?id=61576678196717\",\"https:\\\/\\\/www.tiktok.com\\\/@vitablanca.ma\",\"https:\\\/\\\/www.instagram.com\\\/vitablanca.ma\\\/\"]}]}<\/script>\n<!-- \/ Yoast SEO plugin. -->","yoast_head_json":{"title":"GPH DIFFUSION Extrait Levure De Riz Rouge 600 Mg 180 G\u00e9lules - Maroc Prix","description":"GPH DIFFUSION Extrait Levure De Riz Rouge 600 Mg 180 G\u00e9lules","robots":{"index":"index","follow":"follow","max-snippet":"max-snippet:-1","max-image-preview":"max-image-preview:large","max-video-preview":"max-video-preview:-1"},"canonical":"https:\/\/vitablanca.ma\/ar\/product-2\/gph-diffusion-extrait-levure-de-riz-rouge-600-mg-180-gelules\/","og_locale":"ar_AR","og_type":"article","og_title":"GPH DIFFUSION Extrait Levure De Riz Rouge 600 Mg 180 G\u00e9lules - Maroc Prix","og_description":"GPH DIFFUSION Extrait Levure De Riz Rouge 600 Mg 180 G\u00e9lules","og_url":"https:\/\/vitablanca.ma\/ar\/product-2\/gph-diffusion-extrait-levure-de-riz-rouge-600-mg-180-gelules\/","og_site_name":"Vitablanca.ma &ndash; Sant&eacute;, vitalit&eacute; et bien-&ecirc;tre pour tous les Marocains","article_publisher":"https:\/\/www.facebook.com\/profile.php?id=61576678196717","article_modified_time":"2026-01-21T17:07:59+00:00","og_image":[{"width":1000,"height":1000,"url":"https:\/\/vitablanca.ma\/wp-content\/uploads\/2025\/06\/GPH-Extrait-De-Levure-De-Riz-Rouge-0-novapara-maroc.jpg","type":"image\/jpeg"}],"twitter_card":"summary_large_image","twitter_misc":{"\u0648\u0642\u062a \u0627\u0644\u0642\u0631\u0627\u0621\u0629 \u0627\u0644\u0645\u064f\u0642\u062f\u0651\u0631":"\u062f\u0642\u064a\u0642\u062a\u0627\u0646"},"schema":{"@context":"https:\/\/schema.org","@graph":[{"@type":["WebPage","ItemPage"],"@id":"https:\/\/vitablanca.ma\/produit\/gph-diffusion-extrait-levure-de-riz-rouge-600-mg-180-gelules\/","url":"https:\/\/vitablanca.ma\/produit\/gph-diffusion-extrait-levure-de-riz-rouge-600-mg-180-gelules\/","name":"GPH DIFFUSION Extrait Levure De Riz Rouge 600 Mg 180 G\u00e9lules - Maroc Prix","isPartOf":{"@id":"https:\/\/vitablanca.ma\/#website"},"primaryImageOfPage":{"@id":"https:\/\/vitablanca.ma\/produit\/gph-diffusion-extrait-levure-de-riz-rouge-600-mg-180-gelules\/#primaryimage"},"image":{"@id":"https:\/\/vitablanca.ma\/produit\/gph-diffusion-extrait-levure-de-riz-rouge-600-mg-180-gelules\/#primaryimage"},"thumbnailUrl":"https:\/\/vitablanca.ma\/wp-content\/uploads\/2025\/06\/GPH-Extrait-De-Levure-De-Riz-Rouge-0-novapara-maroc.jpg","datePublished":"2025-06-10T17:30:36+00:00","dateModified":"2026-01-21T17:07:59+00:00","description":"GPH DIFFUSION Extrait Levure De Riz Rouge 600 Mg 180 G\u00e9lules","breadcrumb":{"@id":"https:\/\/vitablanca.ma\/produit\/gph-diffusion-extrait-levure-de-riz-rouge-600-mg-180-gelules\/#breadcrumb"},"inLanguage":"ar","potentialAction":[{"@type":"ReadAction","target":["https:\/\/vitablanca.ma\/produit\/gph-diffusion-extrait-levure-de-riz-rouge-600-mg-180-gelules\/"]}]},{"@type":"ImageObject","inLanguage":"ar","@id":"https:\/\/vitablanca.ma\/produit\/gph-diffusion-extrait-levure-de-riz-rouge-600-mg-180-gelules\/#primaryimage","url":"https:\/\/vitablanca.ma\/wp-content\/uploads\/2025\/06\/GPH-Extrait-De-Levure-De-Riz-Rouge-0-novapara-maroc.jpg","contentUrl":"https:\/\/vitablanca.ma\/wp-content\/uploads\/2025\/06\/GPH-Extrait-De-Levure-De-Riz-Rouge-0-novapara-maroc.jpg","width":1000,"height":1000},{"@type":"BreadcrumbList","@id":"https:\/\/vitablanca.ma\/produit\/gph-diffusion-extrait-levure-de-riz-rouge-600-mg-180-gelules\/#breadcrumb","itemListElement":[{"@type":"ListItem","position":1,"name":"Home","item":"https:\/\/vitablanca.ma\/"},{"@type":"ListItem","position":2,"name":"Tous Les Produits","item":"https:\/\/vitablanca.ma\/tous-les-produits\/"},{"@type":"ListItem","position":3,"name":"GPH DIFFUSION Extrait Levure De Riz Rouge 600 Mg 180 G\u00e9lules"}]},{"@type":"WebSite","@id":"https:\/\/vitablanca.ma\/#website","url":"https:\/\/vitablanca.ma\/","name":"VitaBlanca.ma | \u0627\u0644\u0645\u0643\u0645\u0644\u0627\u062a \u0627\u0644\u063a\u0630\u0627\u0626\u064a\u0629\u060c \u0627\u0644\u0635\u062d\u0629 \u0648\u0627\u0644\u062c\u0645\u0627\u0644 \u0641\u064a \u0627\u0644\u0645\u063a\u0631\u0628","description":"\u0646\u0628\u064a\u0639 \u0641\u064a\u062a\u0627\u0645\u064a\u0646\u0627\u062a \u0648\u0645\u0643\u0645\u0644\u0627\u062a \u063a\u0630\u0627\u0626\u064a\u0629 \u0641\u0627\u062e\u0631\u0629 \u0645\u0646 \u0627\u0644\u0648\u0644\u0627\u064a\u0627\u062a \u0627\u0644\u0645\u062a\u062d\u062f\u0629 \u0627\u0644\u0623\u0645\u0631\u064a\u0643\u064a\u0629 \u0648\u0643\u0646\u062f\u0627 \u0648\u0646\u064a\u0648\u0632\u064a\u0644\u0646\u062f\u0627 \u0648\u0627\u0644\u0645\u063a\u0631\u0628 (\u0646\u0627\u0648 \u0641\u0648\u062f\u0632\u060c \u0633\u0648\u0644\u062c\u0627\u0631\u060c \u0645\u0627\u0646\u0648\u0643\u0627). \u062a\u0648\u0635\u064a\u0644 \u0633\u0631\u064a\u0639 \u0625\u0644\u0649 \u062c\u0645\u064a\u0639 \u0623\u0646\u062d\u0627\u0621 \u0627\u0644\u0645\u063a\u0631\u0628.","publisher":{"@id":"https:\/\/vitablanca.ma\/#organization"},"alternateName":"VitaBlanca.ma","potentialAction":[{"@type":"SearchAction","target":{"@type":"EntryPoint","urlTemplate":"https:\/\/vitablanca.ma\/?s={search_term_string}"},"query-input":{"@type":"PropertyValueSpecification","valueRequired":true,"valueName":"search_term_string"}}],"inLanguage":"ar"},{"@type":"Organization","@id":"https:\/\/vitablanca.ma\/#organization","name":"\u0641\u064a\u062a\u0627\u0628\u0644\u0627\u0646\u0643\u0627","url":"https:\/\/vitablanca.ma\/","logo":{"@type":"ImageObject","inLanguage":"ar","@id":"https:\/\/vitablanca.ma\/#\/schema\/logo\/image\/","url":"https:\/\/vitablanca.ma\/wp-content\/uploads\/2025\/05\/cropped-vitablanca.png","contentUrl":"https:\/\/vitablanca.ma\/wp-content\/uploads\/2025\/05\/cropped-vitablanca.png","width":360,"height":67,"caption":"VitaBlanca"},"image":{"@id":"https:\/\/vitablanca.ma\/#\/schema\/logo\/image\/"},"sameAs":["https:\/\/www.facebook.com\/profile.php?id=61576678196717","https:\/\/www.tiktok.com\/@vitablanca.ma","https:\/\/www.instagram.com\/vitablanca.ma\/"]}]}},"jetpack_sharing_enabled":true,"_links":{"self":[{"href":"https:\/\/vitablanca.ma\/ar\/wp-json\/wp\/v2\/product\/18680","targetHints":{"allow":["GET"]}}],"collection":[{"href":"https:\/\/vitablanca.ma\/ar\/wp-json\/wp\/v2\/product"}],"about":[{"href":"https:\/\/vitablanca.ma\/ar\/wp-json\/wp\/v2\/types\/product"}],"wp:featuredmedia":[{"embeddable":true,"href":"https:\/\/vitablanca.ma\/ar\/wp-json\/wp\/v2\/media\/18678"}],"wp:attachment":[{"href":"https:\/\/vitablanca.ma\/ar\/wp-json\/wp\/v2\/media?parent=18680"}],"wp:term":[{"taxonomy":"product_brand","embeddable":true,"href":"https:\/\/vitablanca.ma\/ar\/wp-json\/wp\/v2\/product_brand?post=18680"},{"taxonomy":"product_cat","embeddable":true,"href":"https:\/\/vitablanca.ma\/ar\/wp-json\/wp\/v2\/product_cat?post=18680"},{"taxonomy":"product_tag","embeddable":true,"href":"https:\/\/vitablanca.ma\/ar\/wp-json\/wp\/v2\/product_tag?post=18680"}],"curies":[{"name":"wp","href":"https:\/\/api.w.org\/{rel}","templated":true}]}}