{"id":18606,"date":"2025-06-10T17:27:49","date_gmt":"2025-06-10T17:27:49","guid":{"rendered":"https:\/\/vitablanca.ma\/product\/heliabrine-creme-protectrice-oxy-defense-peaux-sensibles-et-reactive-50ml\/"},"modified":"2025-06-10T17:27:49","modified_gmt":"2025-06-10T17:27:49","slug":"heliabrine-creme-protectrice-oxy-defense-peaux-sensibles-et-reactive-50ml","status":"publish","type":"product","link":"https:\/\/vitablanca.ma\/ar\/product-2\/heliabrine-creme-protectrice-oxy-defense-peaux-sensibles-et-reactive-50ml\/","title":{"rendered":"Heliabrine Cr\u00e8me Protectrice Oxy-Defense Peaux Sensibles Et R\u00e9active 50ml"},"content":{"rendered":"<h2>Heliabrine Cr\u00e8me Protectrice Oxy-Defense Peaux Sensibles Et R\u00e9active\u00a0<span data-mce-fragment=\"1\">dynamiser les peaux soumises\u00a0<\/span><br \/>\n<\/h2>\n<p><span>Ce soin a \u00e9t\u00e9 sp\u00e9cialement formul\u00e9 pour d\u00e9toxifier, prot\u00e9ger, r\u00e9\u00e9quilibrer et dynamiser les peaux soumises aux contraintes de la vie urbaine.\u00a0<\/span><br \/><span>Il contient un concentr\u00e9 d\u2019actifs qui agissent en synergie pour favoriser la micro circulation et l\u2019oxyg\u00e9nation de la peau (Lupin et Ginkgo biloba), son hydratation (acide hyaluronique, imp\u00e9rata cylindrica et huile de p\u00e9pins de raisin) et le renouvellement cellulaire : l\u2019extrait de fleurs de Nopal exerce un effet peeling tr\u00e8s doux pour r\u00e9v\u00e9ler l\u2019\u00e9clat du teint.<\/span><\/p>\n<h3><span>\u0637\u0644\u0628<\/span><\/h3>\n<div class=\"product__properties\">\n<div id=\"product-collapse-3\" class=\"product__properties__text collapse show\">\n<p>Appliquer le matin sur une peau soigneusement d\u00e9maquill\u00e9e avec la mousse d\u00e9maquillante \u201cEclat du teint\u201d.\u00a0<br \/>Proc\u00e9der \u00e0 un l\u00e9ger massage pour lisser les traits et r\u00e9veiller votre peau : avec les mains effleurer le nez et \u00e9tirer les mains vers les oreilles et les tempes. R\u00e9p\u00e9ter plusieurs fois ce mouvement, puis lisser le front en partant de la base du nez vers la racine des cheveux et terminer en lissant le cou par des effleurages de la base du cou vers la m\u00e2choire.<\/p>\n<h3>\u062a\u0639\u0628\u064a\u0631<\/h3>\n<\/div>\n<\/div>\n<div class=\"product__properties\">\n<div id=\"product-collapse-4\" class=\"product__properties__text collapse show\">\n<p>\u0627\u0644\u062c\u0646\u0643\u0629 \u0628\u064a\u0644\u0648\u0628\u0627<br \/>Lipopeptides de lupin\u00a0<br \/>Fleur de nopal\u00a0<br \/>\u0641\u064a\u062a\u0627\u0645\u064a\u0646 \u0647\u0640<br \/>Oligo-\u00e9l\u00e9ment zinc<br \/>Imp\u00e9rata cylindrica<br \/>\u062d\u0645\u0636 \u0627\u0644\u0647\u064a\u0627\u0644\u0648\u0631\u0648\u0646\u064a\u0643\u00a0<br \/>Huile de p\u00e9pins de raisin\u00a0<\/p>\n<\/div>\n<\/div>","protected":false},"excerpt":{"rendered":"<p>Heliabrine Cr\u00e8me Protectrice Oxy-Defense Peaux Sensibles Et R\u00e9active\u00a0dynamiser les peaux soumises\u00a0 Ce soin a \u00e9t\u00e9 sp\u00e9cialement formul\u00e9 pour d\u00e9toxifier, prot\u00e9ger, r\u00e9\u00e9quilibrer et dynamiser les peaux soumises aux contraintes de la vie urbaine.\u00a0Il contient un concentr\u00e9 d\u2019actifs qui agissent en synergie pour favoriser la micro circulation et l\u2019oxyg\u00e9nation de la peau (Lupin et Ginkgo biloba), son [&hellip;]<\/p>\n","protected":false},"featured_media":18604,"template":"","meta":{"om_disable_all_campaigns":false},"product_brand":[],"product_cat":[15],"product_tag":[],"class_list":{"0":"post-18606","1":"product","2":"type-product","3":"status-publish","4":"has-post-thumbnail","6":"product_cat-beaute-sante-complements-alimentaires-soins-et-bien-etre-au-meilleur-prix","8":"first","9":"instock","10":"sale","11":"taxable","12":"shipping-taxable","13":"purchasable","14":"product-type-simple"},"yoast_head":"<!-- This site is optimized with the Yoast SEO plugin v27.4 - https:\/\/yoast.com\/product\/yoast-seo-wordpress\/ -->\n<title>Heliabrine Cr\u00e8me Protectrice Oxy-Defense Peaux Sensibles Et R\u00e9active 50ml - Maroc Prix<\/title>\n<meta name=\"description\" content=\"Heliabrine Cr\u00e8me Protectrice Oxy-Defense Peaux Sensibles Et R\u00e9active 50ml\" \/>\n<meta name=\"robots\" content=\"index, follow, max-snippet:-1, max-image-preview:large, max-video-preview:-1\" \/>\n<link rel=\"canonical\" href=\"https:\/\/vitablanca.ma\/ar\/product-2\/heliabrine-creme-protectrice-oxy-defense-peaux-sensibles-et-reactive-50ml\/\" \/>\n<meta property=\"og:locale\" content=\"ar_AR\" \/>\n<meta property=\"og:type\" content=\"article\" \/>\n<meta property=\"og:title\" content=\"Heliabrine Cr\u00e8me Protectrice Oxy-Defense Peaux Sensibles Et R\u00e9active 50ml - Maroc Prix\" \/>\n<meta property=\"og:description\" content=\"Heliabrine Cr\u00e8me Protectrice Oxy-Defense Peaux Sensibles Et R\u00e9active 50ml\" \/>\n<meta property=\"og:url\" content=\"https:\/\/vitablanca.ma\/ar\/product-2\/heliabrine-creme-protectrice-oxy-defense-peaux-sensibles-et-reactive-50ml\/\" \/>\n<meta property=\"og:site_name\" content=\"Vitablanca.ma &ndash; Sant&eacute;, vitalit&eacute; et bien-&ecirc;tre pour tous les Marocains\" \/>\n<meta property=\"article:publisher\" content=\"https:\/\/www.facebook.com\/profile.php?id=61576678196717\" \/>\n<meta property=\"og:image\" content=\"https:\/\/vitablanca.ma\/wp-content\/uploads\/2025\/06\/Heliabrine-Creme-Protectrice-Oxy-Defense-Peaux-Sensibles-Et-Reactive-50ml-nova-parapharmacie-maroc.jpg\" \/>\n\t<meta property=\"og:image:width\" content=\"1000\" \/>\n\t<meta property=\"og:image:height\" content=\"1000\" \/>\n\t<meta property=\"og:image:type\" content=\"image\/jpeg\" \/>\n<meta name=\"twitter:card\" content=\"summary_large_image\" \/>\n<meta name=\"twitter:label1\" content=\"\u0648\u0642\u062a \u0627\u0644\u0642\u0631\u0627\u0621\u0629 \u0627\u0644\u0645\u064f\u0642\u062f\u0651\u0631\" \/>\n\t<meta name=\"twitter:data1\" content=\"\u062f\u0642\u064a\u0642\u0629 \u0648\u0627\u062d\u062f\u0629\" \/>\n<script type=\"application\/ld+json\" class=\"yoast-schema-graph\">{\"@context\":\"https:\\\/\\\/schema.org\",\"@graph\":[{\"@type\":[\"WebPage\",\"ItemPage\"],\"@id\":\"https:\\\/\\\/vitablanca.ma\\\/produit\\\/heliabrine-creme-protectrice-oxy-defense-peaux-sensibles-et-reactive-50ml\\\/\",\"url\":\"https:\\\/\\\/vitablanca.ma\\\/produit\\\/heliabrine-creme-protectrice-oxy-defense-peaux-sensibles-et-reactive-50ml\\\/\",\"name\":\"Heliabrine Cr\u00e8me Protectrice Oxy-Defense Peaux Sensibles Et R\u00e9active 50ml - Maroc Prix\",\"isPartOf\":{\"@id\":\"https:\\\/\\\/vitablanca.ma\\\/#website\"},\"primaryImageOfPage\":{\"@id\":\"https:\\\/\\\/vitablanca.ma\\\/produit\\\/heliabrine-creme-protectrice-oxy-defense-peaux-sensibles-et-reactive-50ml\\\/#primaryimage\"},\"image\":{\"@id\":\"https:\\\/\\\/vitablanca.ma\\\/produit\\\/heliabrine-creme-protectrice-oxy-defense-peaux-sensibles-et-reactive-50ml\\\/#primaryimage\"},\"thumbnailUrl\":\"https:\\\/\\\/vitablanca.ma\\\/wp-content\\\/uploads\\\/2025\\\/06\\\/Heliabrine-Creme-Protectrice-Oxy-Defense-Peaux-Sensibles-Et-Reactive-50ml-nova-parapharmacie-maroc.jpg\",\"datePublished\":\"2025-06-10T17:27:49+00:00\",\"description\":\"Heliabrine Cr\u00e8me Protectrice Oxy-Defense Peaux Sensibles Et R\u00e9active 50ml\",\"breadcrumb\":{\"@id\":\"https:\\\/\\\/vitablanca.ma\\\/produit\\\/heliabrine-creme-protectrice-oxy-defense-peaux-sensibles-et-reactive-50ml\\\/#breadcrumb\"},\"inLanguage\":\"ar\",\"potentialAction\":[{\"@type\":\"ReadAction\",\"target\":[\"https:\\\/\\\/vitablanca.ma\\\/produit\\\/heliabrine-creme-protectrice-oxy-defense-peaux-sensibles-et-reactive-50ml\\\/\"]}]},{\"@type\":\"ImageObject\",\"inLanguage\":\"ar\",\"@id\":\"https:\\\/\\\/vitablanca.ma\\\/produit\\\/heliabrine-creme-protectrice-oxy-defense-peaux-sensibles-et-reactive-50ml\\\/#primaryimage\",\"url\":\"https:\\\/\\\/vitablanca.ma\\\/wp-content\\\/uploads\\\/2025\\\/06\\\/Heliabrine-Creme-Protectrice-Oxy-Defense-Peaux-Sensibles-Et-Reactive-50ml-nova-parapharmacie-maroc.jpg\",\"contentUrl\":\"https:\\\/\\\/vitablanca.ma\\\/wp-content\\\/uploads\\\/2025\\\/06\\\/Heliabrine-Creme-Protectrice-Oxy-Defense-Peaux-Sensibles-Et-Reactive-50ml-nova-parapharmacie-maroc.jpg\",\"width\":1000,\"height\":1000},{\"@type\":\"BreadcrumbList\",\"@id\":\"https:\\\/\\\/vitablanca.ma\\\/produit\\\/heliabrine-creme-protectrice-oxy-defense-peaux-sensibles-et-reactive-50ml\\\/#breadcrumb\",\"itemListElement\":[{\"@type\":\"ListItem\",\"position\":1,\"name\":\"Home\",\"item\":\"https:\\\/\\\/vitablanca.ma\\\/\"},{\"@type\":\"ListItem\",\"position\":2,\"name\":\"Tous Les Produits\",\"item\":\"https:\\\/\\\/vitablanca.ma\\\/tous-les-produits\\\/\"},{\"@type\":\"ListItem\",\"position\":3,\"name\":\"Heliabrine Cr\u00e8me Protectrice Oxy-Defense Peaux Sensibles Et R\u00e9active 50ml\"}]},{\"@type\":\"WebSite\",\"@id\":\"https:\\\/\\\/vitablanca.ma\\\/#website\",\"url\":\"https:\\\/\\\/vitablanca.ma\\\/\",\"name\":\"VitaBlanca.ma | Compl\u00e9ments alimentaires, sant\u00e9 & beaut\u00e9 au Maroc\",\"description\":\"vendre vitamines et compl\u00e9ments premium des USA &amp; Canada, Nouvelle Z\u00e9lande,Maroc (NOW Foods, Solgar, Manuka). Livraison rapide partout au Maroc.\",\"publisher\":{\"@id\":\"https:\\\/\\\/vitablanca.ma\\\/#organization\"},\"alternateName\":\"VitaBlanca.ma\",\"potentialAction\":[{\"@type\":\"SearchAction\",\"target\":{\"@type\":\"EntryPoint\",\"urlTemplate\":\"https:\\\/\\\/vitablanca.ma\\\/?s={search_term_string}\"},\"query-input\":{\"@type\":\"PropertyValueSpecification\",\"valueRequired\":true,\"valueName\":\"search_term_string\"}}],\"inLanguage\":\"ar\"},{\"@type\":\"Organization\",\"@id\":\"https:\\\/\\\/vitablanca.ma\\\/#organization\",\"name\":\"VitaBlanca\",\"url\":\"https:\\\/\\\/vitablanca.ma\\\/\",\"logo\":{\"@type\":\"ImageObject\",\"inLanguage\":\"ar\",\"@id\":\"https:\\\/\\\/vitablanca.ma\\\/#\\\/schema\\\/logo\\\/image\\\/\",\"url\":\"https:\\\/\\\/vitablanca.ma\\\/wp-content\\\/uploads\\\/2025\\\/05\\\/cropped-vitablanca.png\",\"contentUrl\":\"https:\\\/\\\/vitablanca.ma\\\/wp-content\\\/uploads\\\/2025\\\/05\\\/cropped-vitablanca.png\",\"width\":360,\"height\":67,\"caption\":\"VitaBlanca\"},\"image\":{\"@id\":\"https:\\\/\\\/vitablanca.ma\\\/#\\\/schema\\\/logo\\\/image\\\/\"},\"sameAs\":[\"https:\\\/\\\/www.facebook.com\\\/profile.php?id=61576678196717\",\"https:\\\/\\\/www.tiktok.com\\\/@vitablanca.ma\",\"https:\\\/\\\/www.instagram.com\\\/vitablanca.ma\\\/\"]}]}<\/script>\n<!-- \/ Yoast SEO plugin. -->","yoast_head_json":{"title":"Heliabrine Cr\u00e8me Protectrice Oxy-Defense Peaux Sensibles Et R\u00e9active 50ml - Maroc Prix","description":"Heliabrine Cr\u00e8me Protectrice Oxy-Defense Peaux Sensibles Et R\u00e9active 50ml","robots":{"index":"index","follow":"follow","max-snippet":"max-snippet:-1","max-image-preview":"max-image-preview:large","max-video-preview":"max-video-preview:-1"},"canonical":"https:\/\/vitablanca.ma\/ar\/product-2\/heliabrine-creme-protectrice-oxy-defense-peaux-sensibles-et-reactive-50ml\/","og_locale":"ar_AR","og_type":"article","og_title":"Heliabrine Cr\u00e8me Protectrice Oxy-Defense Peaux Sensibles Et R\u00e9active 50ml - Maroc Prix","og_description":"Heliabrine Cr\u00e8me Protectrice Oxy-Defense Peaux Sensibles Et R\u00e9active 50ml","og_url":"https:\/\/vitablanca.ma\/ar\/product-2\/heliabrine-creme-protectrice-oxy-defense-peaux-sensibles-et-reactive-50ml\/","og_site_name":"Vitablanca.ma &ndash; Sant&eacute;, vitalit&eacute; et bien-&ecirc;tre pour tous les Marocains","article_publisher":"https:\/\/www.facebook.com\/profile.php?id=61576678196717","og_image":[{"width":1000,"height":1000,"url":"https:\/\/vitablanca.ma\/wp-content\/uploads\/2025\/06\/Heliabrine-Creme-Protectrice-Oxy-Defense-Peaux-Sensibles-Et-Reactive-50ml-nova-parapharmacie-maroc.jpg","type":"image\/jpeg"}],"twitter_card":"summary_large_image","twitter_misc":{"\u0648\u0642\u062a \u0627\u0644\u0642\u0631\u0627\u0621\u0629 \u0627\u0644\u0645\u064f\u0642\u062f\u0651\u0631":"\u062f\u0642\u064a\u0642\u0629 \u0648\u0627\u062d\u062f\u0629"},"schema":{"@context":"https:\/\/schema.org","@graph":[{"@type":["WebPage","ItemPage"],"@id":"https:\/\/vitablanca.ma\/produit\/heliabrine-creme-protectrice-oxy-defense-peaux-sensibles-et-reactive-50ml\/","url":"https:\/\/vitablanca.ma\/produit\/heliabrine-creme-protectrice-oxy-defense-peaux-sensibles-et-reactive-50ml\/","name":"Heliabrine Cr\u00e8me Protectrice Oxy-Defense Peaux Sensibles Et R\u00e9active 50ml - Maroc Prix","isPartOf":{"@id":"https:\/\/vitablanca.ma\/#website"},"primaryImageOfPage":{"@id":"https:\/\/vitablanca.ma\/produit\/heliabrine-creme-protectrice-oxy-defense-peaux-sensibles-et-reactive-50ml\/#primaryimage"},"image":{"@id":"https:\/\/vitablanca.ma\/produit\/heliabrine-creme-protectrice-oxy-defense-peaux-sensibles-et-reactive-50ml\/#primaryimage"},"thumbnailUrl":"https:\/\/vitablanca.ma\/wp-content\/uploads\/2025\/06\/Heliabrine-Creme-Protectrice-Oxy-Defense-Peaux-Sensibles-Et-Reactive-50ml-nova-parapharmacie-maroc.jpg","datePublished":"2025-06-10T17:27:49+00:00","description":"Heliabrine Cr\u00e8me Protectrice Oxy-Defense Peaux Sensibles Et R\u00e9active 50ml","breadcrumb":{"@id":"https:\/\/vitablanca.ma\/produit\/heliabrine-creme-protectrice-oxy-defense-peaux-sensibles-et-reactive-50ml\/#breadcrumb"},"inLanguage":"ar","potentialAction":[{"@type":"ReadAction","target":["https:\/\/vitablanca.ma\/produit\/heliabrine-creme-protectrice-oxy-defense-peaux-sensibles-et-reactive-50ml\/"]}]},{"@type":"ImageObject","inLanguage":"ar","@id":"https:\/\/vitablanca.ma\/produit\/heliabrine-creme-protectrice-oxy-defense-peaux-sensibles-et-reactive-50ml\/#primaryimage","url":"https:\/\/vitablanca.ma\/wp-content\/uploads\/2025\/06\/Heliabrine-Creme-Protectrice-Oxy-Defense-Peaux-Sensibles-Et-Reactive-50ml-nova-parapharmacie-maroc.jpg","contentUrl":"https:\/\/vitablanca.ma\/wp-content\/uploads\/2025\/06\/Heliabrine-Creme-Protectrice-Oxy-Defense-Peaux-Sensibles-Et-Reactive-50ml-nova-parapharmacie-maroc.jpg","width":1000,"height":1000},{"@type":"BreadcrumbList","@id":"https:\/\/vitablanca.ma\/produit\/heliabrine-creme-protectrice-oxy-defense-peaux-sensibles-et-reactive-50ml\/#breadcrumb","itemListElement":[{"@type":"ListItem","position":1,"name":"Home","item":"https:\/\/vitablanca.ma\/"},{"@type":"ListItem","position":2,"name":"Tous Les Produits","item":"https:\/\/vitablanca.ma\/tous-les-produits\/"},{"@type":"ListItem","position":3,"name":"Heliabrine Cr\u00e8me Protectrice Oxy-Defense Peaux Sensibles Et R\u00e9active 50ml"}]},{"@type":"WebSite","@id":"https:\/\/vitablanca.ma\/#website","url":"https:\/\/vitablanca.ma\/","name":"VitaBlanca.ma | \u0627\u0644\u0645\u0643\u0645\u0644\u0627\u062a \u0627\u0644\u063a\u0630\u0627\u0626\u064a\u0629\u060c \u0627\u0644\u0635\u062d\u0629 \u0648\u0627\u0644\u062c\u0645\u0627\u0644 \u0641\u064a \u0627\u0644\u0645\u063a\u0631\u0628","description":"\u0646\u0628\u064a\u0639 \u0641\u064a\u062a\u0627\u0645\u064a\u0646\u0627\u062a \u0648\u0645\u0643\u0645\u0644\u0627\u062a \u063a\u0630\u0627\u0626\u064a\u0629 \u0641\u0627\u062e\u0631\u0629 \u0645\u0646 \u0627\u0644\u0648\u0644\u0627\u064a\u0627\u062a \u0627\u0644\u0645\u062a\u062d\u062f\u0629 \u0627\u0644\u0623\u0645\u0631\u064a\u0643\u064a\u0629 \u0648\u0643\u0646\u062f\u0627 \u0648\u0646\u064a\u0648\u0632\u064a\u0644\u0646\u062f\u0627 \u0648\u0627\u0644\u0645\u063a\u0631\u0628 (\u0646\u0627\u0648 \u0641\u0648\u062f\u0632\u060c \u0633\u0648\u0644\u062c\u0627\u0631\u060c \u0645\u0627\u0646\u0648\u0643\u0627). \u062a\u0648\u0635\u064a\u0644 \u0633\u0631\u064a\u0639 \u0625\u0644\u0649 \u062c\u0645\u064a\u0639 \u0623\u0646\u062d\u0627\u0621 \u0627\u0644\u0645\u063a\u0631\u0628.","publisher":{"@id":"https:\/\/vitablanca.ma\/#organization"},"alternateName":"VitaBlanca.ma","potentialAction":[{"@type":"SearchAction","target":{"@type":"EntryPoint","urlTemplate":"https:\/\/vitablanca.ma\/?s={search_term_string}"},"query-input":{"@type":"PropertyValueSpecification","valueRequired":true,"valueName":"search_term_string"}}],"inLanguage":"ar"},{"@type":"Organization","@id":"https:\/\/vitablanca.ma\/#organization","name":"\u0641\u064a\u062a\u0627\u0628\u0644\u0627\u0646\u0643\u0627","url":"https:\/\/vitablanca.ma\/","logo":{"@type":"ImageObject","inLanguage":"ar","@id":"https:\/\/vitablanca.ma\/#\/schema\/logo\/image\/","url":"https:\/\/vitablanca.ma\/wp-content\/uploads\/2025\/05\/cropped-vitablanca.png","contentUrl":"https:\/\/vitablanca.ma\/wp-content\/uploads\/2025\/05\/cropped-vitablanca.png","width":360,"height":67,"caption":"VitaBlanca"},"image":{"@id":"https:\/\/vitablanca.ma\/#\/schema\/logo\/image\/"},"sameAs":["https:\/\/www.facebook.com\/profile.php?id=61576678196717","https:\/\/www.tiktok.com\/@vitablanca.ma","https:\/\/www.instagram.com\/vitablanca.ma\/"]}]}},"jetpack_sharing_enabled":true,"_links":{"self":[{"href":"https:\/\/vitablanca.ma\/ar\/wp-json\/wp\/v2\/product\/18606","targetHints":{"allow":["GET"]}}],"collection":[{"href":"https:\/\/vitablanca.ma\/ar\/wp-json\/wp\/v2\/product"}],"about":[{"href":"https:\/\/vitablanca.ma\/ar\/wp-json\/wp\/v2\/types\/product"}],"wp:featuredmedia":[{"embeddable":true,"href":"https:\/\/vitablanca.ma\/ar\/wp-json\/wp\/v2\/media\/18604"}],"wp:attachment":[{"href":"https:\/\/vitablanca.ma\/ar\/wp-json\/wp\/v2\/media?parent=18606"}],"wp:term":[{"taxonomy":"product_brand","embeddable":true,"href":"https:\/\/vitablanca.ma\/ar\/wp-json\/wp\/v2\/product_brand?post=18606"},{"taxonomy":"product_cat","embeddable":true,"href":"https:\/\/vitablanca.ma\/ar\/wp-json\/wp\/v2\/product_cat?post=18606"},{"taxonomy":"product_tag","embeddable":true,"href":"https:\/\/vitablanca.ma\/ar\/wp-json\/wp\/v2\/product_tag?post=18606"}],"curies":[{"name":"wp","href":"https:\/\/api.w.org\/{rel}","templated":true}]}}