{"id":18495,"date":"2025-06-10T17:24:52","date_gmt":"2025-06-10T17:24:52","guid":{"rendered":"https:\/\/vitablanca.ma\/product\/gph-graviola-corossol-dosees-a-300mg\/"},"modified":"2026-01-21T17:08:07","modified_gmt":"2026-01-21T17:08:07","slug":"gph-graviola-corossol-dosees-a-300mg","status":"publish","type":"product","link":"https:\/\/vitablanca.ma\/ar\/product-2\/gph-graviola-corossol-dosees-a-300mg\/","title":{"rendered":"GPH Graviola Soursop \u0628\u062c\u0631\u0639\u0629 300 \u0645\u0644\u063a"},"content":{"rendered":"<h2>GPH Graviola Soursop \u0628\u062c\u0631\u0639\u0629 300 \u0645\u0644\u063a<\/h2>\n<p>100 \u0643\u0628\u0633\u0648\u0644\u0629<\/p>\n<p>200 \u0643\u0628\u0633\u0648\u0644\u0629<\/p>\n<p>Compl\u00e9ment alimentaires aux extraits de fruits de corossol ou graviola.<\/p>\n<p>Favorise le bien-\u00eatre physique et psychique.<\/p>\n<p>Id\u00e9al en cas de burn-out.<\/p>\n<p>Stress et vitalit\u00e9<\/p>\n<p>Hautement dos\u00e9, extrait concentr\u00e9.\u00a0<\/p>\n<h3>\u0648\u0635\u0641:<\/h3>\n<p>Le corossol aussi appel\u00e9 \u201cgraviola\u201d ou encore \u201ccorossol graviola\u201d est un fruit \u00e0 la peau verte parcourue de picots pouvant mesurer jusqu\u2019\u00e0 30 centim\u00e8tres de long et peser plusieurs kilos. Ce fruit peu connu en France est pourtant utilis\u00e9 depuis tr\u00e8s longtemps en Afrique ou Am\u00e9rique latine. Le corossol est une mine incroyable de nutriments, il est riche en vitamine C, B1, B2, calcium, magn\u00e9sium, fer&#8230; Gr\u00e2ce \u00e0 cette richesse on reconnait au corossol des propri\u00e9t\u00e9s stimulantes sur les d\u00e9fenses naturelles, la vitalit\u00e9 mais aussi sur le contr\u00f4le du stress et le maintien d&rsquo;une humeur positive.<\/p>\n<p>Renfermant des actifs nutritifs essentiels, le corosso ou graviola favorise le bon fonctionnement des d\u00e9fenses naturelles et d\u00e9tient des propri\u00e9t\u00e9s apaisantes tr\u00e8s vertueuses pour l&rsquo;\u00e9quilibre psychique en cas de fatigue et stress intense.<\/p>\n<h3><span>\u0637\u0631\u064a\u0642\u0629 \u0627\u0644\u0627\u0633\u062a\u062e\u062f\u0627\u0645:<\/span><\/h3>\n<p>2 \u00e0 3 g\u00e9lules par jour avec un grand verre d&rsquo;eau.<\/p>\n<p>D\u00e9conseill\u00e9 aux enfants de moins de 6 ans.<\/p>\n<p>\u0644\u0627 \u062a\u0633\u062a\u062e\u062f\u0645 \u0623\u062b\u0646\u0627\u0621 \u0627\u0644\u062d\u0645\u0644 \u0623\u0648 \u0627\u0644\u0631\u0636\u0627\u0639\u0629 \u0627\u0644\u0637\u0628\u064a\u0639\u064a\u0629.<\/p>\n<p>\u0644\u0627 \u064a\u0645\u0643\u0646 \u0627\u0633\u062a\u0628\u062f\u0627\u0644\u0647 \u0628\u0646\u0638\u0627\u0645 \u063a\u0630\u0627\u0626\u064a \u0645\u062a\u0646\u0648\u0639.<\/p>\n<p>\u064a\u062c\u0628 \u0623\u0646 \u064a\u0624\u062e\u0630 \u0643\u062c\u0632\u0621 \u0645\u0646 \u0646\u0645\u0637 \u062d\u064a\u0627\u0629 \u0635\u062d\u064a.<\/p>\n<p>\u064a\u062d\u0641\u0638 \u0628\u0639\u064a\u062f\u0627 \u0639\u0646 \u0645\u062a\u0646\u0627\u0648\u0644 \u0627\u0644\u0623\u0637\u0641\u0627\u0644.<\/p>\n<p>\u0644\u0627 \u062a\u062a\u062c\u0627\u0648\u0632 \u0627\u0644\u062c\u0631\u0639\u0629 \u0627\u0644\u064a\u0648\u0645\u064a\u0629 \u0627\u0644\u0645\u0648\u0635\u0649 \u0628\u0647\u0627.<\/p>\n<p>\u064a\u062d\u0641\u0638 \u0641\u064a \u0645\u0643\u0627\u0646 \u062c\u0627\u0641 \u0628\u0639\u064a\u062f\u064b\u0627 \u0639\u0646 \u0627\u0644\u0636\u0648\u0621.<\/p>\n<h3><span>\u062a\u0639\u0628\u064a\u0631 :<\/span><\/h3>\n<p>Composition pour 3 g\u00e9lules de Corossol Graviola dos\u00e9es \u00e0 300 mg : Poudre de fruit de Graviola corossol (Annona muricata) 900 mg, Enveloppe (g\u00e9latine + glyc\u00e9rine).<\/p>","protected":false},"excerpt":{"rendered":"<p>GPH Graviola Corossol Dos\u00e9es \u00e0 300mg 100 G\u00e9lules 200 G\u00e9lules Compl\u00e9ment alimentaires aux extraits de fruits de corossol ou graviola. Favorise le bien-\u00eatre physique et psychique. Id\u00e9al en cas de burn-out. Stress et vitalit\u00e9 Hautement dos\u00e9, extrait concentr\u00e9.\u00a0 Description: Le corossol aussi appel\u00e9 \u201cgraviola\u201d ou encore \u201ccorossol graviola\u201d est un fruit \u00e0 la peau verte [&hellip;]<\/p>\n","protected":false},"featured_media":18493,"template":"","meta":{"om_disable_all_campaigns":false},"product_brand":[5979],"product_cat":[18,15,3366],"product_tag":[],"class_list":{"0":"post-18495","1":"product","2":"type-product","3":"status-publish","4":"has-post-thumbnail","6":"product_brand-gph-maroc-prix","7":"product_cat-beaute-sante","8":"product_cat-beaute-sante-complements-alimentaires-soins-et-bien-etre-au-meilleur-prix","9":"product_cat-complements-alimentaires-au-maroc-vitablanca","11":"first","12":"instock","13":"sale","14":"taxable","15":"shipping-taxable","16":"purchasable","17":"product-type-variable"},"yoast_head":"<!-- This site is optimized with the Yoast SEO plugin v27.4 - https:\/\/yoast.com\/product\/yoast-seo-wordpress\/ -->\n<title>GPH Graviola Corossol Dos\u00e9es \u00e0 300mg - Maroc Prix<\/title>\n<meta name=\"description\" content=\"GPH Graviola Corossol Dos\u00e9es \u00e0 300mg\" \/>\n<meta name=\"robots\" content=\"index, follow, max-snippet:-1, max-image-preview:large, max-video-preview:-1\" \/>\n<link rel=\"canonical\" href=\"https:\/\/vitablanca.ma\/ar\/product-2\/gph-graviola-corossol-dosees-a-300mg\/\" \/>\n<meta property=\"og:locale\" content=\"ar_AR\" \/>\n<meta property=\"og:type\" content=\"article\" \/>\n<meta property=\"og:title\" content=\"GPH Graviola Corossol Dos\u00e9es \u00e0 300mg - Maroc Prix\" \/>\n<meta property=\"og:description\" content=\"GPH Graviola Corossol Dos\u00e9es \u00e0 300mg\" \/>\n<meta property=\"og:url\" content=\"https:\/\/vitablanca.ma\/ar\/product-2\/gph-graviola-corossol-dosees-a-300mg\/\" \/>\n<meta property=\"og:site_name\" content=\"Vitablanca.ma &ndash; Sant&eacute;, vitalit&eacute; et bien-&ecirc;tre pour tous les Marocains\" \/>\n<meta property=\"article:publisher\" content=\"https:\/\/www.facebook.com\/profile.php?id=61576678196717\" \/>\n<meta property=\"article:modified_time\" content=\"2026-01-21T17:08:07+00:00\" \/>\n<meta property=\"og:image\" content=\"https:\/\/vitablanca.ma\/wp-content\/uploads\/2025\/06\/GPH-Graviola-Corossol-Dosees-a-300mg-100-Gelules-prix-maroc-parapharmacie-casablanca.jpg\" \/>\n\t<meta property=\"og:image:width\" content=\"1000\" \/>\n\t<meta property=\"og:image:height\" content=\"1000\" \/>\n\t<meta property=\"og:image:type\" content=\"image\/jpeg\" \/>\n<meta name=\"twitter:card\" content=\"summary_large_image\" \/>\n<meta name=\"twitter:label1\" content=\"\u0648\u0642\u062a \u0627\u0644\u0642\u0631\u0627\u0621\u0629 \u0627\u0644\u0645\u064f\u0642\u062f\u0651\u0631\" \/>\n\t<meta name=\"twitter:data1\" content=\"\u062f\u0642\u064a\u0642\u0629 \u0648\u0627\u062d\u062f\u0629\" \/>\n<script type=\"application\/ld+json\" class=\"yoast-schema-graph\">{\"@context\":\"https:\\\/\\\/schema.org\",\"@graph\":[{\"@type\":[\"WebPage\",\"ItemPage\"],\"@id\":\"https:\\\/\\\/vitablanca.ma\\\/produit\\\/gph-graviola-corossol-dosees-a-300mg\\\/\",\"url\":\"https:\\\/\\\/vitablanca.ma\\\/produit\\\/gph-graviola-corossol-dosees-a-300mg\\\/\",\"name\":\"GPH Graviola Corossol Dos\u00e9es \u00e0 300mg - Maroc Prix\",\"isPartOf\":{\"@id\":\"https:\\\/\\\/vitablanca.ma\\\/#website\"},\"primaryImageOfPage\":{\"@id\":\"https:\\\/\\\/vitablanca.ma\\\/produit\\\/gph-graviola-corossol-dosees-a-300mg\\\/#primaryimage\"},\"image\":{\"@id\":\"https:\\\/\\\/vitablanca.ma\\\/produit\\\/gph-graviola-corossol-dosees-a-300mg\\\/#primaryimage\"},\"thumbnailUrl\":\"https:\\\/\\\/vitablanca.ma\\\/wp-content\\\/uploads\\\/2025\\\/06\\\/GPH-Graviola-Corossol-Dosees-a-300mg-100-Gelules-prix-maroc-parapharmacie-casablanca.jpg\",\"datePublished\":\"2025-06-10T17:24:52+00:00\",\"dateModified\":\"2026-01-21T17:08:07+00:00\",\"description\":\"GPH Graviola Corossol Dos\u00e9es \u00e0 300mg\",\"breadcrumb\":{\"@id\":\"https:\\\/\\\/vitablanca.ma\\\/produit\\\/gph-graviola-corossol-dosees-a-300mg\\\/#breadcrumb\"},\"inLanguage\":\"ar\",\"potentialAction\":[{\"@type\":\"ReadAction\",\"target\":[\"https:\\\/\\\/vitablanca.ma\\\/produit\\\/gph-graviola-corossol-dosees-a-300mg\\\/\"]}]},{\"@type\":\"ImageObject\",\"inLanguage\":\"ar\",\"@id\":\"https:\\\/\\\/vitablanca.ma\\\/produit\\\/gph-graviola-corossol-dosees-a-300mg\\\/#primaryimage\",\"url\":\"https:\\\/\\\/vitablanca.ma\\\/wp-content\\\/uploads\\\/2025\\\/06\\\/GPH-Graviola-Corossol-Dosees-a-300mg-100-Gelules-prix-maroc-parapharmacie-casablanca.jpg\",\"contentUrl\":\"https:\\\/\\\/vitablanca.ma\\\/wp-content\\\/uploads\\\/2025\\\/06\\\/GPH-Graviola-Corossol-Dosees-a-300mg-100-Gelules-prix-maroc-parapharmacie-casablanca.jpg\",\"width\":1000,\"height\":1000},{\"@type\":\"BreadcrumbList\",\"@id\":\"https:\\\/\\\/vitablanca.ma\\\/produit\\\/gph-graviola-corossol-dosees-a-300mg\\\/#breadcrumb\",\"itemListElement\":[{\"@type\":\"ListItem\",\"position\":1,\"name\":\"Home\",\"item\":\"https:\\\/\\\/vitablanca.ma\\\/\"},{\"@type\":\"ListItem\",\"position\":2,\"name\":\"Tous Les Produits\",\"item\":\"https:\\\/\\\/vitablanca.ma\\\/tous-les-produits\\\/\"},{\"@type\":\"ListItem\",\"position\":3,\"name\":\"GPH Graviola Corossol Dos\u00e9es \u00e0 300mg\"}]},{\"@type\":\"WebSite\",\"@id\":\"https:\\\/\\\/vitablanca.ma\\\/#website\",\"url\":\"https:\\\/\\\/vitablanca.ma\\\/\",\"name\":\"VitaBlanca.ma | Compl\u00e9ments alimentaires, sant\u00e9 & beaut\u00e9 au Maroc\",\"description\":\"vendre vitamines et compl\u00e9ments premium des USA &amp; Canada, Nouvelle Z\u00e9lande,Maroc (NOW Foods, Solgar, Manuka). Livraison rapide partout au Maroc.\",\"publisher\":{\"@id\":\"https:\\\/\\\/vitablanca.ma\\\/#organization\"},\"alternateName\":\"VitaBlanca.ma\",\"potentialAction\":[{\"@type\":\"SearchAction\",\"target\":{\"@type\":\"EntryPoint\",\"urlTemplate\":\"https:\\\/\\\/vitablanca.ma\\\/?s={search_term_string}\"},\"query-input\":{\"@type\":\"PropertyValueSpecification\",\"valueRequired\":true,\"valueName\":\"search_term_string\"}}],\"inLanguage\":\"ar\"},{\"@type\":\"Organization\",\"@id\":\"https:\\\/\\\/vitablanca.ma\\\/#organization\",\"name\":\"VitaBlanca\",\"url\":\"https:\\\/\\\/vitablanca.ma\\\/\",\"logo\":{\"@type\":\"ImageObject\",\"inLanguage\":\"ar\",\"@id\":\"https:\\\/\\\/vitablanca.ma\\\/#\\\/schema\\\/logo\\\/image\\\/\",\"url\":\"https:\\\/\\\/vitablanca.ma\\\/wp-content\\\/uploads\\\/2025\\\/05\\\/cropped-vitablanca.png\",\"contentUrl\":\"https:\\\/\\\/vitablanca.ma\\\/wp-content\\\/uploads\\\/2025\\\/05\\\/cropped-vitablanca.png\",\"width\":360,\"height\":67,\"caption\":\"VitaBlanca\"},\"image\":{\"@id\":\"https:\\\/\\\/vitablanca.ma\\\/#\\\/schema\\\/logo\\\/image\\\/\"},\"sameAs\":[\"https:\\\/\\\/www.facebook.com\\\/profile.php?id=61576678196717\",\"https:\\\/\\\/www.tiktok.com\\\/@vitablanca.ma\",\"https:\\\/\\\/www.instagram.com\\\/vitablanca.ma\\\/\"]}]}<\/script>\n<!-- \/ Yoast SEO plugin. -->","yoast_head_json":{"title":"GPH Graviola Corossol Dos\u00e9es \u00e0 300mg - Maroc Prix","description":"GPH Graviola Soursop \u0628\u062c\u0631\u0639\u0629 300 \u0645\u0644\u063a","robots":{"index":"index","follow":"follow","max-snippet":"max-snippet:-1","max-image-preview":"max-image-preview:large","max-video-preview":"max-video-preview:-1"},"canonical":"https:\/\/vitablanca.ma\/ar\/product-2\/gph-graviola-corossol-dosees-a-300mg\/","og_locale":"ar_AR","og_type":"article","og_title":"GPH Graviola Corossol Dos\u00e9es \u00e0 300mg - Maroc Prix","og_description":"GPH Graviola Corossol Dos\u00e9es \u00e0 300mg","og_url":"https:\/\/vitablanca.ma\/ar\/product-2\/gph-graviola-corossol-dosees-a-300mg\/","og_site_name":"Vitablanca.ma &ndash; Sant&eacute;, vitalit&eacute; et bien-&ecirc;tre pour tous les Marocains","article_publisher":"https:\/\/www.facebook.com\/profile.php?id=61576678196717","article_modified_time":"2026-01-21T17:08:07+00:00","og_image":[{"width":1000,"height":1000,"url":"https:\/\/vitablanca.ma\/wp-content\/uploads\/2025\/06\/GPH-Graviola-Corossol-Dosees-a-300mg-100-Gelules-prix-maroc-parapharmacie-casablanca.jpg","type":"image\/jpeg"}],"twitter_card":"summary_large_image","twitter_misc":{"\u0648\u0642\u062a \u0627\u0644\u0642\u0631\u0627\u0621\u0629 \u0627\u0644\u0645\u064f\u0642\u062f\u0651\u0631":"\u062f\u0642\u064a\u0642\u0629 \u0648\u0627\u062d\u062f\u0629"},"schema":{"@context":"https:\/\/schema.org","@graph":[{"@type":["WebPage","ItemPage"],"@id":"https:\/\/vitablanca.ma\/produit\/gph-graviola-corossol-dosees-a-300mg\/","url":"https:\/\/vitablanca.ma\/produit\/gph-graviola-corossol-dosees-a-300mg\/","name":"GPH Graviola Corossol Dos\u00e9es \u00e0 300mg - Maroc Prix","isPartOf":{"@id":"https:\/\/vitablanca.ma\/#website"},"primaryImageOfPage":{"@id":"https:\/\/vitablanca.ma\/produit\/gph-graviola-corossol-dosees-a-300mg\/#primaryimage"},"image":{"@id":"https:\/\/vitablanca.ma\/produit\/gph-graviola-corossol-dosees-a-300mg\/#primaryimage"},"thumbnailUrl":"https:\/\/vitablanca.ma\/wp-content\/uploads\/2025\/06\/GPH-Graviola-Corossol-Dosees-a-300mg-100-Gelules-prix-maroc-parapharmacie-casablanca.jpg","datePublished":"2025-06-10T17:24:52+00:00","dateModified":"2026-01-21T17:08:07+00:00","description":"GPH Graviola Soursop \u0628\u062c\u0631\u0639\u0629 300 \u0645\u0644\u063a","breadcrumb":{"@id":"https:\/\/vitablanca.ma\/produit\/gph-graviola-corossol-dosees-a-300mg\/#breadcrumb"},"inLanguage":"ar","potentialAction":[{"@type":"ReadAction","target":["https:\/\/vitablanca.ma\/produit\/gph-graviola-corossol-dosees-a-300mg\/"]}]},{"@type":"ImageObject","inLanguage":"ar","@id":"https:\/\/vitablanca.ma\/produit\/gph-graviola-corossol-dosees-a-300mg\/#primaryimage","url":"https:\/\/vitablanca.ma\/wp-content\/uploads\/2025\/06\/GPH-Graviola-Corossol-Dosees-a-300mg-100-Gelules-prix-maroc-parapharmacie-casablanca.jpg","contentUrl":"https:\/\/vitablanca.ma\/wp-content\/uploads\/2025\/06\/GPH-Graviola-Corossol-Dosees-a-300mg-100-Gelules-prix-maroc-parapharmacie-casablanca.jpg","width":1000,"height":1000},{"@type":"BreadcrumbList","@id":"https:\/\/vitablanca.ma\/produit\/gph-graviola-corossol-dosees-a-300mg\/#breadcrumb","itemListElement":[{"@type":"ListItem","position":1,"name":"Home","item":"https:\/\/vitablanca.ma\/"},{"@type":"ListItem","position":2,"name":"Tous Les Produits","item":"https:\/\/vitablanca.ma\/tous-les-produits\/"},{"@type":"ListItem","position":3,"name":"GPH Graviola Corossol Dos\u00e9es \u00e0 300mg"}]},{"@type":"WebSite","@id":"https:\/\/vitablanca.ma\/#website","url":"https:\/\/vitablanca.ma\/","name":"VitaBlanca.ma | \u0627\u0644\u0645\u0643\u0645\u0644\u0627\u062a \u0627\u0644\u063a\u0630\u0627\u0626\u064a\u0629\u060c \u0627\u0644\u0635\u062d\u0629 \u0648\u0627\u0644\u062c\u0645\u0627\u0644 \u0641\u064a \u0627\u0644\u0645\u063a\u0631\u0628","description":"\u0646\u0628\u064a\u0639 \u0641\u064a\u062a\u0627\u0645\u064a\u0646\u0627\u062a \u0648\u0645\u0643\u0645\u0644\u0627\u062a \u063a\u0630\u0627\u0626\u064a\u0629 \u0641\u0627\u062e\u0631\u0629 \u0645\u0646 \u0627\u0644\u0648\u0644\u0627\u064a\u0627\u062a \u0627\u0644\u0645\u062a\u062d\u062f\u0629 \u0627\u0644\u0623\u0645\u0631\u064a\u0643\u064a\u0629 \u0648\u0643\u0646\u062f\u0627 \u0648\u0646\u064a\u0648\u0632\u064a\u0644\u0646\u062f\u0627 \u0648\u0627\u0644\u0645\u063a\u0631\u0628 (\u0646\u0627\u0648 \u0641\u0648\u062f\u0632\u060c \u0633\u0648\u0644\u062c\u0627\u0631\u060c \u0645\u0627\u0646\u0648\u0643\u0627). \u062a\u0648\u0635\u064a\u0644 \u0633\u0631\u064a\u0639 \u0625\u0644\u0649 \u062c\u0645\u064a\u0639 \u0623\u0646\u062d\u0627\u0621 \u0627\u0644\u0645\u063a\u0631\u0628.","publisher":{"@id":"https:\/\/vitablanca.ma\/#organization"},"alternateName":"VitaBlanca.ma","potentialAction":[{"@type":"SearchAction","target":{"@type":"EntryPoint","urlTemplate":"https:\/\/vitablanca.ma\/?s={search_term_string}"},"query-input":{"@type":"PropertyValueSpecification","valueRequired":true,"valueName":"search_term_string"}}],"inLanguage":"ar"},{"@type":"Organization","@id":"https:\/\/vitablanca.ma\/#organization","name":"\u0641\u064a\u062a\u0627\u0628\u0644\u0627\u0646\u0643\u0627","url":"https:\/\/vitablanca.ma\/","logo":{"@type":"ImageObject","inLanguage":"ar","@id":"https:\/\/vitablanca.ma\/#\/schema\/logo\/image\/","url":"https:\/\/vitablanca.ma\/wp-content\/uploads\/2025\/05\/cropped-vitablanca.png","contentUrl":"https:\/\/vitablanca.ma\/wp-content\/uploads\/2025\/05\/cropped-vitablanca.png","width":360,"height":67,"caption":"VitaBlanca"},"image":{"@id":"https:\/\/vitablanca.ma\/#\/schema\/logo\/image\/"},"sameAs":["https:\/\/www.facebook.com\/profile.php?id=61576678196717","https:\/\/www.tiktok.com\/@vitablanca.ma","https:\/\/www.instagram.com\/vitablanca.ma\/"]}]}},"jetpack_sharing_enabled":true,"_links":{"self":[{"href":"https:\/\/vitablanca.ma\/ar\/wp-json\/wp\/v2\/product\/18495","targetHints":{"allow":["GET"]}}],"collection":[{"href":"https:\/\/vitablanca.ma\/ar\/wp-json\/wp\/v2\/product"}],"about":[{"href":"https:\/\/vitablanca.ma\/ar\/wp-json\/wp\/v2\/types\/product"}],"wp:featuredmedia":[{"embeddable":true,"href":"https:\/\/vitablanca.ma\/ar\/wp-json\/wp\/v2\/media\/18493"}],"wp:attachment":[{"href":"https:\/\/vitablanca.ma\/ar\/wp-json\/wp\/v2\/media?parent=18495"}],"wp:term":[{"taxonomy":"product_brand","embeddable":true,"href":"https:\/\/vitablanca.ma\/ar\/wp-json\/wp\/v2\/product_brand?post=18495"},{"taxonomy":"product_cat","embeddable":true,"href":"https:\/\/vitablanca.ma\/ar\/wp-json\/wp\/v2\/product_cat?post=18495"},{"taxonomy":"product_tag","embeddable":true,"href":"https:\/\/vitablanca.ma\/ar\/wp-json\/wp\/v2\/product_tag?post=18495"}],"curies":[{"name":"wp","href":"https:\/\/api.w.org\/{rel}","templated":true}]}}