{"id":18490,"date":"2025-06-10T17:24:46","date_gmt":"2025-06-10T17:24:46","guid":{"rendered":"https:\/\/vitablanca.ma\/product\/gph-diffusion-multivitamines-et-mineraux-60-comprimes\/"},"modified":"2026-01-21T17:08:07","modified_gmt":"2026-01-21T17:08:07","slug":"gph-diffusion-multivitamines-et-mineraux-60-comprimes","status":"publish","type":"product","link":"https:\/\/vitablanca.ma\/ar\/product-2\/gph-diffusion-multivitamines-et-mineraux-60-comprimes\/","title":{"rendered":"Gph Diffusion Multivitamines et Min\u00e9raux 60 Comprim\u00e9s"},"content":{"rendered":"<h1 class=\"w-post-elm post_title us_custom_92655679 entry-title color_link_inherit\">Gph Diffusion Multivitamines et Min\u00e9raux 60 Comprim\u00e9s<\/h1>\n<div class=\"w-post-elm post_content\">\n<p><span>Vitamines du groupe B, vitamine C, Fer, Zinc ou encore magn\u00e9sium, faites le plein de vitamines et oligo\u00e9l\u00e9ments gr\u00e2ce \u00e0 notre complexe Multivitamines et min\u00e9raux ! Votre organisme tout entier vous dira merci, de la pointe de vos cheveux jusqu\u2019au c\u0153ur de vos os.<\/span><\/p>\n<p><strong style=\"font-size: 0.875rem\" data-mce-style=\"font-size: 0.875rem;\">\u0637\u0631\u064a\u0642\u0629 \u0627\u0644\u0627\u0633\u062a\u062e\u062f\u0627\u0645:<\/strong>\n<\/div>\n<div class=\"w-post-elm post_content\"><strong style=\"font-size: 0.875rem\" data-mce-style=\"font-size: 0.875rem;\"><\/strong><\/div>\n<div class=\"w-post-elm post_content\">\n<p><span>2 comprim\u00e9 par jour, de pr\u00e9f\u00e9rence le matin, avec un grand verre d\u2019eau.<\/span><br \/><span>\u00c0 consommer dans le cadre d\u2019une alimentation \u00e9quilibr\u00e9e. Tenir hors de port\u00e9e des enfants. Ne pas d\u00e9passer la dose journali\u00e8re recommand\u00e9e. Nous recommandons aux femmes enceintes et allaitantes de consulter un professionnel de sant\u00e9 avant toute compl\u00e9mentation. Notre formule contribue \u00e0 r\u00e9duire la fatigue, au maintien d\u2019une ossature, d\u2019une peau et de cheveux normaux.<\/span><\/p>\n<h3><span style=\"font-size: 0.875rem\"><strong data-mce-fragment=\"1\">Dosage pour deux comprim\u00e9s par jour<\/strong> :<\/span><\/h3>\n<p><span>Vitamine B1 Thiamine : 3,3 mg 100 % des VNR*<\/span><br \/><span>Vitamine B2 Ribo\ufb02avine : 4,2 mg 100 % des VNR*<\/span><br \/><span>Vitamine B3 Nicotinamide : 16 mg 100 % des VNR*<\/span><br \/><span>Vitamine B5 Pantothenate : 6 mg 100 % des VNR*<\/span><br \/><span>Vitamine B6 Piridoxine : 1,4 mg 100 % des VNR*<\/span><br \/><span>Vitamine B8 Biotine : 50 \u00b5g 100 % des VNR*<\/span><br \/><span>Vitamine B9 Acide Folique : 200 \u00b5g 100 % des VNR*<\/span><br \/><span>Vitamine B12 Cobalamine : 2,5 \u00b5g 100 % des VNR*<\/span><br \/><span>Vitamine A Acetate : 1332 UI 400 \u00b5g 50 % des VNR*<\/span><br \/><span>Vitamine D3 Chlolecalciferol : 100 UI 2,5 \u00b5g 50 % des VNR*<\/span><br \/><span>Vitamine E Alpha Tocopherol : 9 UI 6 mg 50 % des VNR*<\/span><br \/><span>Vitamine C Sodium Ascorbate : 40 mg 50 % des VNR*<\/span><br \/><span>Magn\u00e9sium (Oxyde de Magn\u00e9sium Marin) : 7.5 mg 20% des VNR*<\/span><br \/><span>Zinc (Gluconate de zinc) : 10 mg 100 % des VNR*<\/span><br \/><span>S\u00e9l\u00e9nium (Levure s\u00e9l\u00e9nium) : 55 \u00b5g 100 % des VNR*<\/span><br \/><span>Calcium (Carbonate de Calcium) : 72 mg 9 % des VNR*<\/span><br \/><span>St\u00e9arate de magn\u00e9sium, Maltodextrine<\/span><br \/><span>*Valeurs Nutritionnelles Recommand\u00e9es<\/span><\/p>\n<\/div>\n<div class=\"w-post-elm post_content\">\n<ul><\/ul>\n<\/div>","protected":false},"excerpt":{"rendered":"<p>Gph Diffusion Multivitamines et Min\u00e9raux 60 Comprim\u00e9s Vitamines du groupe B, vitamine C, Fer, Zinc ou encore magn\u00e9sium, faites le plein de vitamines et oligo\u00e9l\u00e9ments gr\u00e2ce \u00e0 notre complexe Multivitamines et min\u00e9raux ! Votre organisme tout entier vous dira merci, de la pointe de vos cheveux jusqu\u2019au c\u0153ur de vos os. CONSEILS D&rsquo;UTILISATION : 2 [&hellip;]<\/p>\n","protected":false},"featured_media":18487,"template":"","meta":{"om_disable_all_campaigns":false},"product_brand":[5979],"product_cat":[18,15,3366],"product_tag":[],"class_list":{"0":"post-18490","1":"product","2":"type-product","3":"status-publish","4":"has-post-thumbnail","6":"product_brand-gph-maroc-prix","7":"product_cat-beaute-sante","8":"product_cat-beaute-sante-complements-alimentaires-soins-et-bien-etre-au-meilleur-prix","9":"product_cat-complements-alimentaires-au-maroc-vitablanca","11":"first","12":"instock","13":"sale","14":"taxable","15":"shipping-taxable","16":"purchasable","17":"product-type-simple"},"yoast_head":"<!-- This site is optimized with the Yoast SEO plugin v27.4 - https:\/\/yoast.com\/product\/yoast-seo-wordpress\/ -->\n<title>Gph Diffusion Multivitamines et Min\u00e9raux 60 Comprim\u00e9s - Maroc Prix<\/title>\n<meta name=\"description\" content=\"Gph Diffusion Multivitamines et Min\u00e9raux 60 Comprim\u00e9s\" \/>\n<meta name=\"robots\" content=\"index, follow, max-snippet:-1, max-image-preview:large, max-video-preview:-1\" \/>\n<link rel=\"canonical\" href=\"https:\/\/vitablanca.ma\/ar\/product-2\/gph-diffusion-multivitamines-et-mineraux-60-comprimes\/\" \/>\n<meta property=\"og:locale\" content=\"ar_AR\" \/>\n<meta property=\"og:type\" content=\"article\" \/>\n<meta property=\"og:title\" content=\"Gph Diffusion Multivitamines et Min\u00e9raux 60 Comprim\u00e9s - Maroc Prix\" \/>\n<meta property=\"og:description\" content=\"Gph Diffusion Multivitamines et Min\u00e9raux 60 Comprim\u00e9s\" \/>\n<meta property=\"og:url\" content=\"https:\/\/vitablanca.ma\/ar\/product-2\/gph-diffusion-multivitamines-et-mineraux-60-comprimes\/\" \/>\n<meta property=\"og:site_name\" content=\"Vitablanca.ma &ndash; Sant&eacute;, vitalit&eacute; et bien-&ecirc;tre pour tous les Marocains\" \/>\n<meta property=\"article:publisher\" content=\"https:\/\/www.facebook.com\/profile.php?id=61576678196717\" \/>\n<meta property=\"article:modified_time\" content=\"2026-01-21T17:08:07+00:00\" \/>\n<meta property=\"og:image\" content=\"https:\/\/vitablanca.ma\/wp-content\/uploads\/2025\/06\/gph-diffusion-multivitamines-et-mineraux-60-comprimes-876379_2048x2048_7e93db0c-5835-4467-87d1-aa669c02f549.jpg\" \/>\n\t<meta property=\"og:image:width\" content=\"452\" \/>\n\t<meta property=\"og:image:height\" content=\"452\" \/>\n\t<meta property=\"og:image:type\" content=\"image\/jpeg\" \/>\n<meta name=\"twitter:card\" content=\"summary_large_image\" \/>\n<meta name=\"twitter:label1\" content=\"\u0648\u0642\u062a \u0627\u0644\u0642\u0631\u0627\u0621\u0629 \u0627\u0644\u0645\u064f\u0642\u062f\u0651\u0631\" \/>\n\t<meta name=\"twitter:data1\" content=\"\u062f\u0642\u064a\u0642\u0629 \u0648\u0627\u062d\u062f\u0629\" \/>\n<script type=\"application\/ld+json\" class=\"yoast-schema-graph\">{\"@context\":\"https:\\\/\\\/schema.org\",\"@graph\":[{\"@type\":[\"WebPage\",\"ItemPage\"],\"@id\":\"https:\\\/\\\/vitablanca.ma\\\/produit\\\/gph-diffusion-multivitamines-et-mineraux-60-comprimes\\\/\",\"url\":\"https:\\\/\\\/vitablanca.ma\\\/produit\\\/gph-diffusion-multivitamines-et-mineraux-60-comprimes\\\/\",\"name\":\"Gph Diffusion Multivitamines et Min\u00e9raux 60 Comprim\u00e9s - Maroc Prix\",\"isPartOf\":{\"@id\":\"https:\\\/\\\/vitablanca.ma\\\/#website\"},\"primaryImageOfPage\":{\"@id\":\"https:\\\/\\\/vitablanca.ma\\\/produit\\\/gph-diffusion-multivitamines-et-mineraux-60-comprimes\\\/#primaryimage\"},\"image\":{\"@id\":\"https:\\\/\\\/vitablanca.ma\\\/produit\\\/gph-diffusion-multivitamines-et-mineraux-60-comprimes\\\/#primaryimage\"},\"thumbnailUrl\":\"https:\\\/\\\/vitablanca.ma\\\/wp-content\\\/uploads\\\/2025\\\/06\\\/gph-diffusion-multivitamines-et-mineraux-60-comprimes-876379_2048x2048_7e93db0c-5835-4467-87d1-aa669c02f549.jpg\",\"datePublished\":\"2025-06-10T17:24:46+00:00\",\"dateModified\":\"2026-01-21T17:08:07+00:00\",\"description\":\"Gph Diffusion Multivitamines et Min\u00e9raux 60 Comprim\u00e9s\",\"breadcrumb\":{\"@id\":\"https:\\\/\\\/vitablanca.ma\\\/produit\\\/gph-diffusion-multivitamines-et-mineraux-60-comprimes\\\/#breadcrumb\"},\"inLanguage\":\"ar\",\"potentialAction\":[{\"@type\":\"ReadAction\",\"target\":[\"https:\\\/\\\/vitablanca.ma\\\/produit\\\/gph-diffusion-multivitamines-et-mineraux-60-comprimes\\\/\"]}]},{\"@type\":\"ImageObject\",\"inLanguage\":\"ar\",\"@id\":\"https:\\\/\\\/vitablanca.ma\\\/produit\\\/gph-diffusion-multivitamines-et-mineraux-60-comprimes\\\/#primaryimage\",\"url\":\"https:\\\/\\\/vitablanca.ma\\\/wp-content\\\/uploads\\\/2025\\\/06\\\/gph-diffusion-multivitamines-et-mineraux-60-comprimes-876379_2048x2048_7e93db0c-5835-4467-87d1-aa669c02f549.jpg\",\"contentUrl\":\"https:\\\/\\\/vitablanca.ma\\\/wp-content\\\/uploads\\\/2025\\\/06\\\/gph-diffusion-multivitamines-et-mineraux-60-comprimes-876379_2048x2048_7e93db0c-5835-4467-87d1-aa669c02f549.jpg\",\"width\":452,\"height\":452},{\"@type\":\"BreadcrumbList\",\"@id\":\"https:\\\/\\\/vitablanca.ma\\\/produit\\\/gph-diffusion-multivitamines-et-mineraux-60-comprimes\\\/#breadcrumb\",\"itemListElement\":[{\"@type\":\"ListItem\",\"position\":1,\"name\":\"Home\",\"item\":\"https:\\\/\\\/vitablanca.ma\\\/\"},{\"@type\":\"ListItem\",\"position\":2,\"name\":\"Tous Les Produits\",\"item\":\"https:\\\/\\\/vitablanca.ma\\\/tous-les-produits\\\/\"},{\"@type\":\"ListItem\",\"position\":3,\"name\":\"Gph Diffusion Multivitamines et Min\u00e9raux 60 Comprim\u00e9s\"}]},{\"@type\":\"WebSite\",\"@id\":\"https:\\\/\\\/vitablanca.ma\\\/#website\",\"url\":\"https:\\\/\\\/vitablanca.ma\\\/\",\"name\":\"VitaBlanca.ma | Compl\u00e9ments alimentaires, sant\u00e9 & beaut\u00e9 au Maroc\",\"description\":\"vendre vitamines et compl\u00e9ments premium des USA &amp; Canada, Nouvelle Z\u00e9lande,Maroc (NOW Foods, Solgar, Manuka). Livraison rapide partout au Maroc.\",\"publisher\":{\"@id\":\"https:\\\/\\\/vitablanca.ma\\\/#organization\"},\"alternateName\":\"VitaBlanca.ma\",\"potentialAction\":[{\"@type\":\"SearchAction\",\"target\":{\"@type\":\"EntryPoint\",\"urlTemplate\":\"https:\\\/\\\/vitablanca.ma\\\/?s={search_term_string}\"},\"query-input\":{\"@type\":\"PropertyValueSpecification\",\"valueRequired\":true,\"valueName\":\"search_term_string\"}}],\"inLanguage\":\"ar\"},{\"@type\":\"Organization\",\"@id\":\"https:\\\/\\\/vitablanca.ma\\\/#organization\",\"name\":\"VitaBlanca\",\"url\":\"https:\\\/\\\/vitablanca.ma\\\/\",\"logo\":{\"@type\":\"ImageObject\",\"inLanguage\":\"ar\",\"@id\":\"https:\\\/\\\/vitablanca.ma\\\/#\\\/schema\\\/logo\\\/image\\\/\",\"url\":\"https:\\\/\\\/vitablanca.ma\\\/wp-content\\\/uploads\\\/2025\\\/05\\\/cropped-vitablanca.png\",\"contentUrl\":\"https:\\\/\\\/vitablanca.ma\\\/wp-content\\\/uploads\\\/2025\\\/05\\\/cropped-vitablanca.png\",\"width\":360,\"height\":67,\"caption\":\"VitaBlanca\"},\"image\":{\"@id\":\"https:\\\/\\\/vitablanca.ma\\\/#\\\/schema\\\/logo\\\/image\\\/\"},\"sameAs\":[\"https:\\\/\\\/www.facebook.com\\\/profile.php?id=61576678196717\",\"https:\\\/\\\/www.tiktok.com\\\/@vitablanca.ma\",\"https:\\\/\\\/www.instagram.com\\\/vitablanca.ma\\\/\"]}]}<\/script>\n<!-- \/ Yoast SEO plugin. -->","yoast_head_json":{"title":"Gph Diffusion Multivitamines et Min\u00e9raux 60 Comprim\u00e9s - Maroc Prix","description":"Gph Diffusion Multivitamines et Min\u00e9raux 60 Comprim\u00e9s","robots":{"index":"index","follow":"follow","max-snippet":"max-snippet:-1","max-image-preview":"max-image-preview:large","max-video-preview":"max-video-preview:-1"},"canonical":"https:\/\/vitablanca.ma\/ar\/product-2\/gph-diffusion-multivitamines-et-mineraux-60-comprimes\/","og_locale":"ar_AR","og_type":"article","og_title":"Gph Diffusion Multivitamines et Min\u00e9raux 60 Comprim\u00e9s - Maroc Prix","og_description":"Gph Diffusion Multivitamines et Min\u00e9raux 60 Comprim\u00e9s","og_url":"https:\/\/vitablanca.ma\/ar\/product-2\/gph-diffusion-multivitamines-et-mineraux-60-comprimes\/","og_site_name":"Vitablanca.ma &ndash; Sant&eacute;, vitalit&eacute; et bien-&ecirc;tre pour tous les Marocains","article_publisher":"https:\/\/www.facebook.com\/profile.php?id=61576678196717","article_modified_time":"2026-01-21T17:08:07+00:00","og_image":[{"width":452,"height":452,"url":"https:\/\/vitablanca.ma\/wp-content\/uploads\/2025\/06\/gph-diffusion-multivitamines-et-mineraux-60-comprimes-876379_2048x2048_7e93db0c-5835-4467-87d1-aa669c02f549.jpg","type":"image\/jpeg"}],"twitter_card":"summary_large_image","twitter_misc":{"\u0648\u0642\u062a \u0627\u0644\u0642\u0631\u0627\u0621\u0629 \u0627\u0644\u0645\u064f\u0642\u062f\u0651\u0631":"\u062f\u0642\u064a\u0642\u0629 \u0648\u0627\u062d\u062f\u0629"},"schema":{"@context":"https:\/\/schema.org","@graph":[{"@type":["WebPage","ItemPage"],"@id":"https:\/\/vitablanca.ma\/produit\/gph-diffusion-multivitamines-et-mineraux-60-comprimes\/","url":"https:\/\/vitablanca.ma\/produit\/gph-diffusion-multivitamines-et-mineraux-60-comprimes\/","name":"Gph Diffusion Multivitamines et Min\u00e9raux 60 Comprim\u00e9s - Maroc Prix","isPartOf":{"@id":"https:\/\/vitablanca.ma\/#website"},"primaryImageOfPage":{"@id":"https:\/\/vitablanca.ma\/produit\/gph-diffusion-multivitamines-et-mineraux-60-comprimes\/#primaryimage"},"image":{"@id":"https:\/\/vitablanca.ma\/produit\/gph-diffusion-multivitamines-et-mineraux-60-comprimes\/#primaryimage"},"thumbnailUrl":"https:\/\/vitablanca.ma\/wp-content\/uploads\/2025\/06\/gph-diffusion-multivitamines-et-mineraux-60-comprimes-876379_2048x2048_7e93db0c-5835-4467-87d1-aa669c02f549.jpg","datePublished":"2025-06-10T17:24:46+00:00","dateModified":"2026-01-21T17:08:07+00:00","description":"Gph Diffusion Multivitamines et Min\u00e9raux 60 Comprim\u00e9s","breadcrumb":{"@id":"https:\/\/vitablanca.ma\/produit\/gph-diffusion-multivitamines-et-mineraux-60-comprimes\/#breadcrumb"},"inLanguage":"ar","potentialAction":[{"@type":"ReadAction","target":["https:\/\/vitablanca.ma\/produit\/gph-diffusion-multivitamines-et-mineraux-60-comprimes\/"]}]},{"@type":"ImageObject","inLanguage":"ar","@id":"https:\/\/vitablanca.ma\/produit\/gph-diffusion-multivitamines-et-mineraux-60-comprimes\/#primaryimage","url":"https:\/\/vitablanca.ma\/wp-content\/uploads\/2025\/06\/gph-diffusion-multivitamines-et-mineraux-60-comprimes-876379_2048x2048_7e93db0c-5835-4467-87d1-aa669c02f549.jpg","contentUrl":"https:\/\/vitablanca.ma\/wp-content\/uploads\/2025\/06\/gph-diffusion-multivitamines-et-mineraux-60-comprimes-876379_2048x2048_7e93db0c-5835-4467-87d1-aa669c02f549.jpg","width":452,"height":452},{"@type":"BreadcrumbList","@id":"https:\/\/vitablanca.ma\/produit\/gph-diffusion-multivitamines-et-mineraux-60-comprimes\/#breadcrumb","itemListElement":[{"@type":"ListItem","position":1,"name":"Home","item":"https:\/\/vitablanca.ma\/"},{"@type":"ListItem","position":2,"name":"Tous Les Produits","item":"https:\/\/vitablanca.ma\/tous-les-produits\/"},{"@type":"ListItem","position":3,"name":"Gph Diffusion Multivitamines et Min\u00e9raux 60 Comprim\u00e9s"}]},{"@type":"WebSite","@id":"https:\/\/vitablanca.ma\/#website","url":"https:\/\/vitablanca.ma\/","name":"VitaBlanca.ma | \u0627\u0644\u0645\u0643\u0645\u0644\u0627\u062a \u0627\u0644\u063a\u0630\u0627\u0626\u064a\u0629\u060c \u0627\u0644\u0635\u062d\u0629 \u0648\u0627\u0644\u062c\u0645\u0627\u0644 \u0641\u064a \u0627\u0644\u0645\u063a\u0631\u0628","description":"\u0646\u0628\u064a\u0639 \u0641\u064a\u062a\u0627\u0645\u064a\u0646\u0627\u062a \u0648\u0645\u0643\u0645\u0644\u0627\u062a \u063a\u0630\u0627\u0626\u064a\u0629 \u0641\u0627\u062e\u0631\u0629 \u0645\u0646 \u0627\u0644\u0648\u0644\u0627\u064a\u0627\u062a \u0627\u0644\u0645\u062a\u062d\u062f\u0629 \u0627\u0644\u0623\u0645\u0631\u064a\u0643\u064a\u0629 \u0648\u0643\u0646\u062f\u0627 \u0648\u0646\u064a\u0648\u0632\u064a\u0644\u0646\u062f\u0627 \u0648\u0627\u0644\u0645\u063a\u0631\u0628 (\u0646\u0627\u0648 \u0641\u0648\u062f\u0632\u060c \u0633\u0648\u0644\u062c\u0627\u0631\u060c \u0645\u0627\u0646\u0648\u0643\u0627). \u062a\u0648\u0635\u064a\u0644 \u0633\u0631\u064a\u0639 \u0625\u0644\u0649 \u062c\u0645\u064a\u0639 \u0623\u0646\u062d\u0627\u0621 \u0627\u0644\u0645\u063a\u0631\u0628.","publisher":{"@id":"https:\/\/vitablanca.ma\/#organization"},"alternateName":"VitaBlanca.ma","potentialAction":[{"@type":"SearchAction","target":{"@type":"EntryPoint","urlTemplate":"https:\/\/vitablanca.ma\/?s={search_term_string}"},"query-input":{"@type":"PropertyValueSpecification","valueRequired":true,"valueName":"search_term_string"}}],"inLanguage":"ar"},{"@type":"Organization","@id":"https:\/\/vitablanca.ma\/#organization","name":"\u0641\u064a\u062a\u0627\u0628\u0644\u0627\u0646\u0643\u0627","url":"https:\/\/vitablanca.ma\/","logo":{"@type":"ImageObject","inLanguage":"ar","@id":"https:\/\/vitablanca.ma\/#\/schema\/logo\/image\/","url":"https:\/\/vitablanca.ma\/wp-content\/uploads\/2025\/05\/cropped-vitablanca.png","contentUrl":"https:\/\/vitablanca.ma\/wp-content\/uploads\/2025\/05\/cropped-vitablanca.png","width":360,"height":67,"caption":"VitaBlanca"},"image":{"@id":"https:\/\/vitablanca.ma\/#\/schema\/logo\/image\/"},"sameAs":["https:\/\/www.facebook.com\/profile.php?id=61576678196717","https:\/\/www.tiktok.com\/@vitablanca.ma","https:\/\/www.instagram.com\/vitablanca.ma\/"]}]}},"jetpack_sharing_enabled":true,"_links":{"self":[{"href":"https:\/\/vitablanca.ma\/ar\/wp-json\/wp\/v2\/product\/18490","targetHints":{"allow":["GET"]}}],"collection":[{"href":"https:\/\/vitablanca.ma\/ar\/wp-json\/wp\/v2\/product"}],"about":[{"href":"https:\/\/vitablanca.ma\/ar\/wp-json\/wp\/v2\/types\/product"}],"wp:featuredmedia":[{"embeddable":true,"href":"https:\/\/vitablanca.ma\/ar\/wp-json\/wp\/v2\/media\/18487"}],"wp:attachment":[{"href":"https:\/\/vitablanca.ma\/ar\/wp-json\/wp\/v2\/media?parent=18490"}],"wp:term":[{"taxonomy":"product_brand","embeddable":true,"href":"https:\/\/vitablanca.ma\/ar\/wp-json\/wp\/v2\/product_brand?post=18490"},{"taxonomy":"product_cat","embeddable":true,"href":"https:\/\/vitablanca.ma\/ar\/wp-json\/wp\/v2\/product_cat?post=18490"},{"taxonomy":"product_tag","embeddable":true,"href":"https:\/\/vitablanca.ma\/ar\/wp-json\/wp\/v2\/product_tag?post=18490"}],"curies":[{"name":"wp","href":"https:\/\/api.w.org\/{rel}","templated":true}]}}