{"id":18486,"date":"2025-06-10T17:24:41","date_gmt":"2025-06-10T17:24:41","guid":{"rendered":"https:\/\/vitablanca.ma\/product\/gilbert-bebe-cold-cream-50ml\/"},"modified":"2025-09-16T17:56:56","modified_gmt":"2025-09-16T17:56:56","slug":"gilbert-bebe-cold-cream-50ml","status":"publish","type":"product","link":"https:\/\/vitablanca.ma\/ar\/product-2\/gilbert-bebe-cold-cream-50ml\/","title":{"rendered":"\u0643\u0631\u064a\u0645 \u062c\u064a\u0644\u0628\u0631\u062a \u0644\u0644\u0623\u0637\u0641\u0627\u0644 \u0644\u0639\u0644\u0627\u062c \u0627\u0644\u0628\u0631\u062f 50 \u0645\u0644"},"content":{"rendered":"<h2><strong>Gilbert B\u00e9b\u00e9 Cold Cream\u00a0<span>Soin nourrissant et protecteur<\/span><\/strong><\/h2>\n<p><strong>La Cold Cream formul\u00e9e par les laboratoires Gilbert<\/strong><span>\u00a0a \u00e9t\u00e9 con\u00e7ue dans le but de\u00a0<\/span><strong>nourrir<\/strong><span>\u00a0\u0648\u00a0<\/span><strong>\u064a\u062d\u0645\u064a<\/strong><span>\u00a0la peau. Cette \u00e9mulsion est notamment reconnue pour ses propri\u00e9t\u00e9s apaisantes, nourrissantes et protectrices. Elle convient parfaitement aux\u00a0<\/span><strong>\u0623\u0637\u0641\u0627\u0644<\/strong><span>, aux enfants ainsi qu\u2019aux adultes. Cette cr\u00e8me est g\u00e9n\u00e9ralement conseill\u00e9e pour le soin des peaux s\u00e8ches\u00a0et d\u00e9shydrat\u00e9es.<\/span><\/p>\n<p><span>La Cold Cream Gilbert est un produit phare de la pharmacie, tr\u00e8s r\u00e9put\u00e9e pour\u00a0<\/span><strong>lutter contre les agressions ext\u00e9rieures<\/strong><span>, notamment l\u2019hiver. En effet, elle a pour r\u00f4le d\u2019assurer une protection efficace des \u00e9pidermes vuln\u00e9rables aux temp\u00e9ratures froides ainsi qu\u2019au vent. C\u2019est pourquoi cette cr\u00e8me agit comme une\u00a0<\/span><strong>barri\u00e8re<\/strong><span>\u00a0afin que le film hydrolipidique de la peau ne soit pas alt\u00e9r\u00e9.<\/span><\/p>\n<p><span>Compos\u00e9e de corps gras et de cire d\u2019abeille, cette cr\u00e8me offre une\u00a0<\/span><strong>action imm\u00e9diate<\/strong><span>.\u00a0<\/span><strong>La cire d\u2019abeille<\/strong><span>, riche en vitamine A, est reconnue pour ses propri\u00e9t\u00e9s\u00a0<\/span><strong>hydratantes<\/strong><span>\u00a0\u0648\u00a0<\/span><strong>nourrissantes<\/strong><span>. Elle\u00a0va cr\u00e9er un film imperm\u00e9able naturel et ainsi\u00a0prot\u00e8ge des agressions ext\u00e9rieures.<\/span><\/p>\n<p><span>La Cold Cream est un produit abordable, qui convient \u00e0 toute la famille et \u00e0 toutes les peaux. Elle a pour avantage de pouvoir \u00eatre emport\u00e9e partout et appliqu\u00e9e \u00e0 la fois sur le\u00a0<\/span><strong>visage et le corps<\/strong><span>. Depuis 1904, les laboratoires Gilbert s\u2019attachent \u00e0 proposer des produits aux compositions r\u00e9duites, hautement efficaces et tol\u00e9r\u00e9s par tous les types de peau.<\/span><\/p>\n<h3><span>\u0637\u0631\u064a\u0642\u0629 \u0627\u0644\u0627\u0633\u062a\u062e\u062f\u0627\u0645<\/span><\/h3>\n<ul>\n<li>Il est conseill\u00e9 d\u2019appliquer le Cold Cream une \u00e0 deux fois par jour sur la peau parfaitement nettoy\u00e9e.<\/li>\n<li>Il peut \u00eatre appliqu\u00e9 \u00e0 la fois sur le visage et sur le corps.<\/li>\n<li>\u0644\u0627 \u062a\u0628\u062a\u0644\u0639.<\/li>\n<li>Tenir hors de la port\u00e9e et de la vue des enfants.<\/li>\n<li>Conserver le produit \u00e0 l\u2019abri de la chaleur.<\/li>\n<\/ul>\n<p>\u00a0<\/p>\n<p style=\"text-align: center\">D\u00e9couvrez Gilbert B\u00e9b\u00e9 Cold Cream , un produit soigneusement s\u00e9lectionn\u00e9 pour r\u00e9pondre \u00e0 vos besoins sp\u00e9cifiques, et vivez une exp\u00e9rience d&rsquo;achat exceptionnelle sur notre site, <strong>Vita Blanca Parapharmacie Maroc<\/strong><\/p>","protected":false},"excerpt":{"rendered":"<p>Gilbert B\u00e9b\u00e9 Cold Cream\u00a0Soin nourrissant et protecteur La Cold Cream formul\u00e9e par les laboratoires Gilbert\u00a0a \u00e9t\u00e9 con\u00e7ue dans le but de\u00a0nourrir\u00a0et\u00a0prot\u00e9ger\u00a0la peau. Cette \u00e9mulsion est notamment reconnue pour ses propri\u00e9t\u00e9s apaisantes, nourrissantes et protectrices. Elle convient parfaitement aux\u00a0b\u00e9b\u00e9s, aux enfants ainsi qu\u2019aux adultes. Cette cr\u00e8me est g\u00e9n\u00e9ralement conseill\u00e9e pour le soin des peaux s\u00e8ches\u00a0et d\u00e9shydrat\u00e9es. [&hellip;]<\/p>\n","protected":false},"featured_media":18485,"template":"","meta":{"om_disable_all_campaigns":false},"product_brand":[],"product_cat":[15],"product_tag":[],"class_list":{"0":"post-18486","1":"product","2":"type-product","3":"status-publish","4":"has-post-thumbnail","6":"product_cat-beaute-sante-complements-alimentaires-soins-et-bien-etre-au-meilleur-prix","8":"first","9":"instock","10":"sale","11":"taxable","12":"shipping-taxable","13":"purchasable","14":"product-type-simple"},"yoast_head":"<!-- This site is optimized with the Yoast SEO plugin v27.4 - https:\/\/yoast.com\/product\/yoast-seo-wordpress\/ -->\n<title>Gilbert B\u00e9b\u00e9 Cold Cream 50ml - Maroc Prix<\/title>\n<meta name=\"description\" content=\"Gilbert B\u00e9b\u00e9 Cold Cream 50ml\" \/>\n<meta name=\"robots\" content=\"index, follow, max-snippet:-1, max-image-preview:large, max-video-preview:-1\" \/>\n<link rel=\"canonical\" href=\"https:\/\/vitablanca.ma\/ar\/product-2\/gilbert-bebe-cold-cream-50ml\/\" \/>\n<meta property=\"og:locale\" content=\"ar_AR\" \/>\n<meta property=\"og:type\" content=\"article\" \/>\n<meta property=\"og:title\" content=\"Gilbert B\u00e9b\u00e9 Cold Cream 50ml - Maroc Prix\" \/>\n<meta property=\"og:description\" content=\"Gilbert B\u00e9b\u00e9 Cold Cream 50ml\" \/>\n<meta property=\"og:url\" content=\"https:\/\/vitablanca.ma\/ar\/product-2\/gilbert-bebe-cold-cream-50ml\/\" \/>\n<meta property=\"og:site_name\" content=\"Vitablanca.ma &ndash; Sant&eacute;, vitalit&eacute; et bien-&ecirc;tre pour tous les Marocains\" \/>\n<meta property=\"article:publisher\" content=\"https:\/\/www.facebook.com\/profile.php?id=61576678196717\" \/>\n<meta property=\"article:modified_time\" content=\"2025-09-16T17:56:56+00:00\" \/>\n<meta property=\"og:image\" content=\"https:\/\/vitablanca.ma\/wp-content\/uploads\/2025\/06\/Gilbert-Bebe-Cold-Cream-50ml-nova-parapharmacie-maroc.jpg\" \/>\n\t<meta property=\"og:image:width\" content=\"1000\" \/>\n\t<meta property=\"og:image:height\" content=\"1000\" \/>\n\t<meta property=\"og:image:type\" content=\"image\/jpeg\" \/>\n<meta name=\"twitter:card\" content=\"summary_large_image\" \/>\n<meta name=\"twitter:label1\" content=\"\u0648\u0642\u062a \u0627\u0644\u0642\u0631\u0627\u0621\u0629 \u0627\u0644\u0645\u064f\u0642\u062f\u0651\u0631\" \/>\n\t<meta name=\"twitter:data1\" content=\"\u062f\u0642\u064a\u0642\u062a\u0627\u0646\" \/>\n<script type=\"application\/ld+json\" class=\"yoast-schema-graph\">{\"@context\":\"https:\\\/\\\/schema.org\",\"@graph\":[{\"@type\":[\"WebPage\",\"ItemPage\"],\"@id\":\"https:\\\/\\\/vitablanca.ma\\\/produit\\\/gilbert-bebe-cold-cream-50ml\\\/\",\"url\":\"https:\\\/\\\/vitablanca.ma\\\/produit\\\/gilbert-bebe-cold-cream-50ml\\\/\",\"name\":\"Gilbert B\u00e9b\u00e9 Cold Cream 50ml - Maroc Prix\",\"isPartOf\":{\"@id\":\"https:\\\/\\\/vitablanca.ma\\\/#website\"},\"primaryImageOfPage\":{\"@id\":\"https:\\\/\\\/vitablanca.ma\\\/produit\\\/gilbert-bebe-cold-cream-50ml\\\/#primaryimage\"},\"image\":{\"@id\":\"https:\\\/\\\/vitablanca.ma\\\/produit\\\/gilbert-bebe-cold-cream-50ml\\\/#primaryimage\"},\"thumbnailUrl\":\"https:\\\/\\\/vitablanca.ma\\\/wp-content\\\/uploads\\\/2025\\\/06\\\/Gilbert-Bebe-Cold-Cream-50ml-nova-parapharmacie-maroc.jpg\",\"datePublished\":\"2025-06-10T17:24:41+00:00\",\"dateModified\":\"2025-09-16T17:56:56+00:00\",\"description\":\"Gilbert B\u00e9b\u00e9 Cold Cream 50ml\",\"breadcrumb\":{\"@id\":\"https:\\\/\\\/vitablanca.ma\\\/produit\\\/gilbert-bebe-cold-cream-50ml\\\/#breadcrumb\"},\"inLanguage\":\"ar\",\"potentialAction\":[{\"@type\":\"ReadAction\",\"target\":[\"https:\\\/\\\/vitablanca.ma\\\/produit\\\/gilbert-bebe-cold-cream-50ml\\\/\"]}]},{\"@type\":\"ImageObject\",\"inLanguage\":\"ar\",\"@id\":\"https:\\\/\\\/vitablanca.ma\\\/produit\\\/gilbert-bebe-cold-cream-50ml\\\/#primaryimage\",\"url\":\"https:\\\/\\\/vitablanca.ma\\\/wp-content\\\/uploads\\\/2025\\\/06\\\/Gilbert-Bebe-Cold-Cream-50ml-nova-parapharmacie-maroc.jpg\",\"contentUrl\":\"https:\\\/\\\/vitablanca.ma\\\/wp-content\\\/uploads\\\/2025\\\/06\\\/Gilbert-Bebe-Cold-Cream-50ml-nova-parapharmacie-maroc.jpg\",\"width\":1000,\"height\":1000},{\"@type\":\"BreadcrumbList\",\"@id\":\"https:\\\/\\\/vitablanca.ma\\\/produit\\\/gilbert-bebe-cold-cream-50ml\\\/#breadcrumb\",\"itemListElement\":[{\"@type\":\"ListItem\",\"position\":1,\"name\":\"Home\",\"item\":\"https:\\\/\\\/vitablanca.ma\\\/\"},{\"@type\":\"ListItem\",\"position\":2,\"name\":\"Tous Les Produits\",\"item\":\"https:\\\/\\\/vitablanca.ma\\\/tous-les-produits\\\/\"},{\"@type\":\"ListItem\",\"position\":3,\"name\":\"Gilbert B\u00e9b\u00e9 Cold Cream 50ml\"}]},{\"@type\":\"WebSite\",\"@id\":\"https:\\\/\\\/vitablanca.ma\\\/#website\",\"url\":\"https:\\\/\\\/vitablanca.ma\\\/\",\"name\":\"VitaBlanca.ma | Compl\u00e9ments alimentaires, sant\u00e9 & beaut\u00e9 au Maroc\",\"description\":\"vendre vitamines et compl\u00e9ments premium des USA &amp; Canada, Nouvelle Z\u00e9lande,Maroc (NOW Foods, Solgar, Manuka). Livraison rapide partout au Maroc.\",\"publisher\":{\"@id\":\"https:\\\/\\\/vitablanca.ma\\\/#organization\"},\"alternateName\":\"VitaBlanca.ma\",\"potentialAction\":[{\"@type\":\"SearchAction\",\"target\":{\"@type\":\"EntryPoint\",\"urlTemplate\":\"https:\\\/\\\/vitablanca.ma\\\/?s={search_term_string}\"},\"query-input\":{\"@type\":\"PropertyValueSpecification\",\"valueRequired\":true,\"valueName\":\"search_term_string\"}}],\"inLanguage\":\"ar\"},{\"@type\":\"Organization\",\"@id\":\"https:\\\/\\\/vitablanca.ma\\\/#organization\",\"name\":\"VitaBlanca\",\"url\":\"https:\\\/\\\/vitablanca.ma\\\/\",\"logo\":{\"@type\":\"ImageObject\",\"inLanguage\":\"ar\",\"@id\":\"https:\\\/\\\/vitablanca.ma\\\/#\\\/schema\\\/logo\\\/image\\\/\",\"url\":\"https:\\\/\\\/vitablanca.ma\\\/wp-content\\\/uploads\\\/2025\\\/05\\\/cropped-vitablanca.png\",\"contentUrl\":\"https:\\\/\\\/vitablanca.ma\\\/wp-content\\\/uploads\\\/2025\\\/05\\\/cropped-vitablanca.png\",\"width\":360,\"height\":67,\"caption\":\"VitaBlanca\"},\"image\":{\"@id\":\"https:\\\/\\\/vitablanca.ma\\\/#\\\/schema\\\/logo\\\/image\\\/\"},\"sameAs\":[\"https:\\\/\\\/www.facebook.com\\\/profile.php?id=61576678196717\",\"https:\\\/\\\/www.tiktok.com\\\/@vitablanca.ma\",\"https:\\\/\\\/www.instagram.com\\\/vitablanca.ma\\\/\"]}]}<\/script>\n<!-- \/ Yoast SEO plugin. -->","yoast_head_json":{"title":"Gilbert B\u00e9b\u00e9 Cold Cream 50ml - Maroc Prix","description":"\u0643\u0631\u064a\u0645 \u062c\u064a\u0644\u0628\u0631\u062a \u0644\u0644\u0623\u0637\u0641\u0627\u0644 \u0644\u0639\u0644\u0627\u062c \u0627\u0644\u0628\u0631\u062f 50 \u0645\u0644","robots":{"index":"index","follow":"follow","max-snippet":"max-snippet:-1","max-image-preview":"max-image-preview:large","max-video-preview":"max-video-preview:-1"},"canonical":"https:\/\/vitablanca.ma\/ar\/product-2\/gilbert-bebe-cold-cream-50ml\/","og_locale":"ar_AR","og_type":"article","og_title":"Gilbert B\u00e9b\u00e9 Cold Cream 50ml - Maroc Prix","og_description":"Gilbert B\u00e9b\u00e9 Cold Cream 50ml","og_url":"https:\/\/vitablanca.ma\/ar\/product-2\/gilbert-bebe-cold-cream-50ml\/","og_site_name":"Vitablanca.ma &ndash; Sant&eacute;, vitalit&eacute; et bien-&ecirc;tre pour tous les Marocains","article_publisher":"https:\/\/www.facebook.com\/profile.php?id=61576678196717","article_modified_time":"2025-09-16T17:56:56+00:00","og_image":[{"width":1000,"height":1000,"url":"https:\/\/vitablanca.ma\/wp-content\/uploads\/2025\/06\/Gilbert-Bebe-Cold-Cream-50ml-nova-parapharmacie-maroc.jpg","type":"image\/jpeg"}],"twitter_card":"summary_large_image","twitter_misc":{"\u0648\u0642\u062a \u0627\u0644\u0642\u0631\u0627\u0621\u0629 \u0627\u0644\u0645\u064f\u0642\u062f\u0651\u0631":"\u062f\u0642\u064a\u0642\u062a\u0627\u0646"},"schema":{"@context":"https:\/\/schema.org","@graph":[{"@type":["WebPage","ItemPage"],"@id":"https:\/\/vitablanca.ma\/produit\/gilbert-bebe-cold-cream-50ml\/","url":"https:\/\/vitablanca.ma\/produit\/gilbert-bebe-cold-cream-50ml\/","name":"Gilbert B\u00e9b\u00e9 Cold Cream 50ml - Maroc Prix","isPartOf":{"@id":"https:\/\/vitablanca.ma\/#website"},"primaryImageOfPage":{"@id":"https:\/\/vitablanca.ma\/produit\/gilbert-bebe-cold-cream-50ml\/#primaryimage"},"image":{"@id":"https:\/\/vitablanca.ma\/produit\/gilbert-bebe-cold-cream-50ml\/#primaryimage"},"thumbnailUrl":"https:\/\/vitablanca.ma\/wp-content\/uploads\/2025\/06\/Gilbert-Bebe-Cold-Cream-50ml-nova-parapharmacie-maroc.jpg","datePublished":"2025-06-10T17:24:41+00:00","dateModified":"2025-09-16T17:56:56+00:00","description":"\u0643\u0631\u064a\u0645 \u062c\u064a\u0644\u0628\u0631\u062a \u0644\u0644\u0623\u0637\u0641\u0627\u0644 \u0644\u0639\u0644\u0627\u062c \u0627\u0644\u0628\u0631\u062f 50 \u0645\u0644","breadcrumb":{"@id":"https:\/\/vitablanca.ma\/produit\/gilbert-bebe-cold-cream-50ml\/#breadcrumb"},"inLanguage":"ar","potentialAction":[{"@type":"ReadAction","target":["https:\/\/vitablanca.ma\/produit\/gilbert-bebe-cold-cream-50ml\/"]}]},{"@type":"ImageObject","inLanguage":"ar","@id":"https:\/\/vitablanca.ma\/produit\/gilbert-bebe-cold-cream-50ml\/#primaryimage","url":"https:\/\/vitablanca.ma\/wp-content\/uploads\/2025\/06\/Gilbert-Bebe-Cold-Cream-50ml-nova-parapharmacie-maroc.jpg","contentUrl":"https:\/\/vitablanca.ma\/wp-content\/uploads\/2025\/06\/Gilbert-Bebe-Cold-Cream-50ml-nova-parapharmacie-maroc.jpg","width":1000,"height":1000},{"@type":"BreadcrumbList","@id":"https:\/\/vitablanca.ma\/produit\/gilbert-bebe-cold-cream-50ml\/#breadcrumb","itemListElement":[{"@type":"ListItem","position":1,"name":"Home","item":"https:\/\/vitablanca.ma\/"},{"@type":"ListItem","position":2,"name":"Tous Les Produits","item":"https:\/\/vitablanca.ma\/tous-les-produits\/"},{"@type":"ListItem","position":3,"name":"Gilbert B\u00e9b\u00e9 Cold Cream 50ml"}]},{"@type":"WebSite","@id":"https:\/\/vitablanca.ma\/#website","url":"https:\/\/vitablanca.ma\/","name":"VitaBlanca.ma | \u0627\u0644\u0645\u0643\u0645\u0644\u0627\u062a \u0627\u0644\u063a\u0630\u0627\u0626\u064a\u0629\u060c \u0627\u0644\u0635\u062d\u0629 \u0648\u0627\u0644\u062c\u0645\u0627\u0644 \u0641\u064a \u0627\u0644\u0645\u063a\u0631\u0628","description":"\u0646\u0628\u064a\u0639 \u0641\u064a\u062a\u0627\u0645\u064a\u0646\u0627\u062a \u0648\u0645\u0643\u0645\u0644\u0627\u062a \u063a\u0630\u0627\u0626\u064a\u0629 \u0641\u0627\u062e\u0631\u0629 \u0645\u0646 \u0627\u0644\u0648\u0644\u0627\u064a\u0627\u062a \u0627\u0644\u0645\u062a\u062d\u062f\u0629 \u0627\u0644\u0623\u0645\u0631\u064a\u0643\u064a\u0629 \u0648\u0643\u0646\u062f\u0627 \u0648\u0646\u064a\u0648\u0632\u064a\u0644\u0646\u062f\u0627 \u0648\u0627\u0644\u0645\u063a\u0631\u0628 (\u0646\u0627\u0648 \u0641\u0648\u062f\u0632\u060c \u0633\u0648\u0644\u062c\u0627\u0631\u060c \u0645\u0627\u0646\u0648\u0643\u0627). \u062a\u0648\u0635\u064a\u0644 \u0633\u0631\u064a\u0639 \u0625\u0644\u0649 \u062c\u0645\u064a\u0639 \u0623\u0646\u062d\u0627\u0621 \u0627\u0644\u0645\u063a\u0631\u0628.","publisher":{"@id":"https:\/\/vitablanca.ma\/#organization"},"alternateName":"VitaBlanca.ma","potentialAction":[{"@type":"SearchAction","target":{"@type":"EntryPoint","urlTemplate":"https:\/\/vitablanca.ma\/?s={search_term_string}"},"query-input":{"@type":"PropertyValueSpecification","valueRequired":true,"valueName":"search_term_string"}}],"inLanguage":"ar"},{"@type":"Organization","@id":"https:\/\/vitablanca.ma\/#organization","name":"\u0641\u064a\u062a\u0627\u0628\u0644\u0627\u0646\u0643\u0627","url":"https:\/\/vitablanca.ma\/","logo":{"@type":"ImageObject","inLanguage":"ar","@id":"https:\/\/vitablanca.ma\/#\/schema\/logo\/image\/","url":"https:\/\/vitablanca.ma\/wp-content\/uploads\/2025\/05\/cropped-vitablanca.png","contentUrl":"https:\/\/vitablanca.ma\/wp-content\/uploads\/2025\/05\/cropped-vitablanca.png","width":360,"height":67,"caption":"VitaBlanca"},"image":{"@id":"https:\/\/vitablanca.ma\/#\/schema\/logo\/image\/"},"sameAs":["https:\/\/www.facebook.com\/profile.php?id=61576678196717","https:\/\/www.tiktok.com\/@vitablanca.ma","https:\/\/www.instagram.com\/vitablanca.ma\/"]}]}},"jetpack_sharing_enabled":true,"_links":{"self":[{"href":"https:\/\/vitablanca.ma\/ar\/wp-json\/wp\/v2\/product\/18486","targetHints":{"allow":["GET"]}}],"collection":[{"href":"https:\/\/vitablanca.ma\/ar\/wp-json\/wp\/v2\/product"}],"about":[{"href":"https:\/\/vitablanca.ma\/ar\/wp-json\/wp\/v2\/types\/product"}],"wp:featuredmedia":[{"embeddable":true,"href":"https:\/\/vitablanca.ma\/ar\/wp-json\/wp\/v2\/media\/18485"}],"wp:attachment":[{"href":"https:\/\/vitablanca.ma\/ar\/wp-json\/wp\/v2\/media?parent=18486"}],"wp:term":[{"taxonomy":"product_brand","embeddable":true,"href":"https:\/\/vitablanca.ma\/ar\/wp-json\/wp\/v2\/product_brand?post=18486"},{"taxonomy":"product_cat","embeddable":true,"href":"https:\/\/vitablanca.ma\/ar\/wp-json\/wp\/v2\/product_cat?post=18486"},{"taxonomy":"product_tag","embeddable":true,"href":"https:\/\/vitablanca.ma\/ar\/wp-json\/wp\/v2\/product_tag?post=18486"}],"curies":[{"name":"wp","href":"https:\/\/api.w.org\/{rel}","templated":true}]}}