{"id":18455,"date":"2025-06-10T17:24:09","date_gmt":"2025-06-10T17:24:09","guid":{"rendered":"https:\/\/vitablanca.ma\/product\/gilbert-lingettes-bebe-a-leau-70-unites\/"},"modified":"2025-06-10T17:24:09","modified_gmt":"2025-06-10T17:24:09","slug":"gilbert-lingettes-bebe-a-leau-70-unites","status":"publish","type":"product","link":"https:\/\/vitablanca.ma\/ar\/product-2\/gilbert-lingettes-bebe-a-leau-70-unites\/","title":{"rendered":"\u0645\u0646\u0627\u062f\u064a\u0644 \u062c\u064a\u0644\u0628\u0631\u062a \u0644\u0644\u0623\u0637\u0641\u0627\u0644 - 70 \u0645\u0646\u062f\u064a\u0644\u064b\u0627"},"content":{"rendered":"<h2>Gilbert Lingettes B\u00e9b\u00e9 \u00e0 l\u2019Eau\u00a0<span data-mce-fragment=\"1\">laissent la peau propre, douce, apais\u00e9e et prot\u00e9g\u00e9e contre les rougeurs.<\/span><br \/>\n<\/h2>\n<p>Lingette \u00e0 l\u2019eau visage, corps, si\u00e8ge et mains<\/p>\n<p>Formul\u00e9es avec un minimum d\u2019ingr\u00e9dients pour garantir une tol\u00e9rance optimale, les lingettes \u00e0 l\u2019eau nettoient en douceur dans le plus grand respect des peaux les plus d\u00e9licates .<\/p>\n<p>Extra-douceur, r\u00e9sistantes et id\u00e9alement impr\u00e9gn\u00e9es , elles\u00a0 nettoient efficacement et en un seul geste sans irriter ou dess\u00e9cher la peau .<\/p>\n<p>Adapt\u00e9es \u00e0 une utilisation fr\u00e9quente, elles laissent la peau propre , douce , apais\u00e9e et prot\u00e9g\u00e9e contre les rougeurs.<\/p>\n<p>Test\u00e9es sous contr\u00f4le dermatologique et p\u00e9diatrique, les Lingettes \u00e0 l\u2019Eau du Laboratoire Gilbert peuvent \u00eatre utilis\u00e9es d\u00e8s la naissance. Compos\u00e9es \u00e0 99,8% d\u2019eau, elles sont garanties :<\/p>\n<ul>\n<li>\u062e\u0627\u0644\u064a \u0645\u0646 \u0627\u0644\u0639\u0637\u0648\u0631<\/li>\n<li>\u062e\u0627\u0644\u064a \u0645\u0646 \u0627\u0644\u0643\u062d\u0648\u0644<\/li>\n<\/ul>\n<p>Biod\u00e9gradables, ces lingettes b\u00e9b\u00e9 sont porteuse du label Ecocert et ont \u00e9t\u00e9 fabriqu\u00e9es en France. En un geste, elles d\u00e9barrassent le visage, les mains ou le si\u00e8ge de b\u00e9b\u00e9 des impuret\u00e9s.<\/p>\n<h3>\u0637\u0631\u064a\u0642\u0629 \u0627\u0644\u0627\u0633\u062a\u062e\u062f\u0627\u0645<\/h3>\n<p><span>Passez une lingette sur la peau pour en \u00f4ter les impuret\u00e9s. Ne jetez pas les lingettes dans la cuvette des toilettes. Refermez soigneusement l\u2019emballage entre les utilisations pour \u00e9viter que les lingettes ne se dess\u00e8chent.<\/span><\/p>","protected":false},"excerpt":{"rendered":"<p>Gilbert Lingettes B\u00e9b\u00e9 \u00e0 l\u2019Eau\u00a0laissent la peau propre, douce, apais\u00e9e et prot\u00e9g\u00e9e contre les rougeurs. Lingette \u00e0 l\u2019eau visage, corps, si\u00e8ge et mains Formul\u00e9es avec un minimum d\u2019ingr\u00e9dients pour garantir une tol\u00e9rance optimale, les lingettes \u00e0 l\u2019eau nettoient en douceur dans le plus grand respect des peaux les plus d\u00e9licates . Extra-douceur, r\u00e9sistantes et id\u00e9alement [&hellip;]<\/p>\n","protected":false},"featured_media":18454,"template":"","meta":{"om_disable_all_campaigns":false},"product_brand":[],"product_cat":[15],"product_tag":[],"class_list":{"0":"post-18455","1":"product","2":"type-product","3":"status-publish","4":"has-post-thumbnail","6":"product_cat-beaute-sante-complements-alimentaires-soins-et-bien-etre-au-meilleur-prix","8":"first","9":"instock","10":"sale","11":"taxable","12":"shipping-taxable","13":"purchasable","14":"product-type-simple"},"yoast_head":"<!-- This site is optimized with the Yoast SEO plugin v27.3 - https:\/\/yoast.com\/product\/yoast-seo-wordpress\/ -->\n<title>Gilbert Lingettes B\u00e9b\u00e9 \u00e0 l\u2019Eau 70 Unit\u00e9s - Maroc Prix<\/title>\n<meta name=\"description\" content=\"Gilbert Lingettes B\u00e9b\u00e9 \u00e0 l\u2019Eau 70 Unit\u00e9s\" \/>\n<meta name=\"robots\" content=\"index, follow, max-snippet:-1, max-image-preview:large, max-video-preview:-1\" \/>\n<link rel=\"canonical\" href=\"https:\/\/vitablanca.ma\/ar\/product-2\/gilbert-lingettes-bebe-a-leau-70-unites\/\" \/>\n<meta property=\"og:locale\" content=\"ar_AR\" \/>\n<meta property=\"og:type\" content=\"article\" \/>\n<meta property=\"og:title\" content=\"Gilbert Lingettes B\u00e9b\u00e9 \u00e0 l\u2019Eau 70 Unit\u00e9s - Maroc Prix\" \/>\n<meta property=\"og:description\" content=\"Gilbert Lingettes B\u00e9b\u00e9 \u00e0 l\u2019Eau 70 Unit\u00e9s\" \/>\n<meta property=\"og:url\" content=\"https:\/\/vitablanca.ma\/ar\/product-2\/gilbert-lingettes-bebe-a-leau-70-unites\/\" \/>\n<meta property=\"og:site_name\" content=\"Vitablanca.ma &ndash; Sant&eacute;, vitalit&eacute; et bien-&ecirc;tre pour tous les Marocains\" \/>\n<meta property=\"article:publisher\" content=\"https:\/\/www.facebook.com\/profile.php?id=61576678196717\" \/>\n<meta property=\"og:image\" content=\"https:\/\/vitablanca.ma\/wp-content\/uploads\/2025\/06\/Gilbert-Lingettes-Bebe-a-l_Eau-70-Unites-nova-paraparmacie-maroc.jpg\" \/>\n\t<meta property=\"og:image:width\" content=\"1000\" \/>\n\t<meta property=\"og:image:height\" content=\"1000\" \/>\n\t<meta property=\"og:image:type\" content=\"image\/jpeg\" \/>\n<meta name=\"twitter:card\" content=\"summary_large_image\" \/>\n<meta name=\"twitter:label1\" content=\"\u0648\u0642\u062a \u0627\u0644\u0642\u0631\u0627\u0621\u0629 \u0627\u0644\u0645\u064f\u0642\u062f\u0651\u0631\" \/>\n\t<meta name=\"twitter:data1\" content=\"\u062f\u0642\u064a\u0642\u0629 \u0648\u0627\u062d\u062f\u0629\" \/>\n<script type=\"application\/ld+json\" class=\"yoast-schema-graph\">{\"@context\":\"https:\\\/\\\/schema.org\",\"@graph\":[{\"@type\":[\"WebPage\",\"ItemPage\"],\"@id\":\"https:\\\/\\\/vitablanca.ma\\\/produit\\\/gilbert-lingettes-bebe-a-leau-70-unites\\\/\",\"url\":\"https:\\\/\\\/vitablanca.ma\\\/produit\\\/gilbert-lingettes-bebe-a-leau-70-unites\\\/\",\"name\":\"Gilbert Lingettes B\u00e9b\u00e9 \u00e0 l\u2019Eau 70 Unit\u00e9s - Maroc Prix\",\"isPartOf\":{\"@id\":\"https:\\\/\\\/vitablanca.ma\\\/#website\"},\"primaryImageOfPage\":{\"@id\":\"https:\\\/\\\/vitablanca.ma\\\/produit\\\/gilbert-lingettes-bebe-a-leau-70-unites\\\/#primaryimage\"},\"image\":{\"@id\":\"https:\\\/\\\/vitablanca.ma\\\/produit\\\/gilbert-lingettes-bebe-a-leau-70-unites\\\/#primaryimage\"},\"thumbnailUrl\":\"https:\\\/\\\/vitablanca.ma\\\/wp-content\\\/uploads\\\/2025\\\/06\\\/Gilbert-Lingettes-Bebe-a-l_Eau-70-Unites-nova-paraparmacie-maroc.jpg\",\"datePublished\":\"2025-06-10T17:24:09+00:00\",\"description\":\"Gilbert Lingettes B\u00e9b\u00e9 \u00e0 l\u2019Eau 70 Unit\u00e9s\",\"breadcrumb\":{\"@id\":\"https:\\\/\\\/vitablanca.ma\\\/produit\\\/gilbert-lingettes-bebe-a-leau-70-unites\\\/#breadcrumb\"},\"inLanguage\":\"ar\",\"potentialAction\":[{\"@type\":\"ReadAction\",\"target\":[\"https:\\\/\\\/vitablanca.ma\\\/produit\\\/gilbert-lingettes-bebe-a-leau-70-unites\\\/\"]}]},{\"@type\":\"ImageObject\",\"inLanguage\":\"ar\",\"@id\":\"https:\\\/\\\/vitablanca.ma\\\/produit\\\/gilbert-lingettes-bebe-a-leau-70-unites\\\/#primaryimage\",\"url\":\"https:\\\/\\\/vitablanca.ma\\\/wp-content\\\/uploads\\\/2025\\\/06\\\/Gilbert-Lingettes-Bebe-a-l_Eau-70-Unites-nova-paraparmacie-maroc.jpg\",\"contentUrl\":\"https:\\\/\\\/vitablanca.ma\\\/wp-content\\\/uploads\\\/2025\\\/06\\\/Gilbert-Lingettes-Bebe-a-l_Eau-70-Unites-nova-paraparmacie-maroc.jpg\",\"width\":1000,\"height\":1000},{\"@type\":\"BreadcrumbList\",\"@id\":\"https:\\\/\\\/vitablanca.ma\\\/produit\\\/gilbert-lingettes-bebe-a-leau-70-unites\\\/#breadcrumb\",\"itemListElement\":[{\"@type\":\"ListItem\",\"position\":1,\"name\":\"Home\",\"item\":\"https:\\\/\\\/vitablanca.ma\\\/\"},{\"@type\":\"ListItem\",\"position\":2,\"name\":\"Tous Les Produits\",\"item\":\"https:\\\/\\\/vitablanca.ma\\\/tous-les-produits\\\/\"},{\"@type\":\"ListItem\",\"position\":3,\"name\":\"Gilbert Lingettes B\u00e9b\u00e9 \u00e0 l\u2019Eau 70 Unit\u00e9s\"}]},{\"@type\":\"WebSite\",\"@id\":\"https:\\\/\\\/vitablanca.ma\\\/#website\",\"url\":\"https:\\\/\\\/vitablanca.ma\\\/\",\"name\":\"VitaBlanca.ma | Compl\u00e9ments alimentaires, sant\u00e9 & beaut\u00e9 au Maroc\",\"description\":\"vendre vitamines et compl\u00e9ments premium des USA &amp; Canada, Nouvelle Z\u00e9lande,Maroc (NOW Foods, Solgar, Manuka). Livraison rapide partout au Maroc.\",\"publisher\":{\"@id\":\"https:\\\/\\\/vitablanca.ma\\\/#organization\"},\"alternateName\":\"VitaBlanca.ma\",\"potentialAction\":[{\"@type\":\"SearchAction\",\"target\":{\"@type\":\"EntryPoint\",\"urlTemplate\":\"https:\\\/\\\/vitablanca.ma\\\/?s={search_term_string}\"},\"query-input\":{\"@type\":\"PropertyValueSpecification\",\"valueRequired\":true,\"valueName\":\"search_term_string\"}}],\"inLanguage\":\"ar\"},{\"@type\":\"Organization\",\"@id\":\"https:\\\/\\\/vitablanca.ma\\\/#organization\",\"name\":\"VitaBlanca\",\"url\":\"https:\\\/\\\/vitablanca.ma\\\/\",\"logo\":{\"@type\":\"ImageObject\",\"inLanguage\":\"ar\",\"@id\":\"https:\\\/\\\/vitablanca.ma\\\/#\\\/schema\\\/logo\\\/image\\\/\",\"url\":\"https:\\\/\\\/vitablanca.ma\\\/wp-content\\\/uploads\\\/2025\\\/05\\\/cropped-vitablanca.png\",\"contentUrl\":\"https:\\\/\\\/vitablanca.ma\\\/wp-content\\\/uploads\\\/2025\\\/05\\\/cropped-vitablanca.png\",\"width\":360,\"height\":67,\"caption\":\"VitaBlanca\"},\"image\":{\"@id\":\"https:\\\/\\\/vitablanca.ma\\\/#\\\/schema\\\/logo\\\/image\\\/\"},\"sameAs\":[\"https:\\\/\\\/www.facebook.com\\\/profile.php?id=61576678196717\",\"https:\\\/\\\/www.tiktok.com\\\/@vitablanca.ma\",\"https:\\\/\\\/www.instagram.com\\\/vitablanca.ma\\\/\"]}]}<\/script>\n<!-- \/ Yoast SEO plugin. -->","yoast_head_json":{"title":"Gilbert Lingettes B\u00e9b\u00e9 \u00e0 l\u2019Eau 70 Unit\u00e9s - Maroc Prix","description":"\u0645\u0646\u0627\u062f\u064a\u0644 \u062c\u064a\u0644\u0628\u0631\u062a \u0644\u0644\u0623\u0637\u0641\u0627\u0644 - 70 \u0645\u0646\u062f\u064a\u0644\u064b\u0627","robots":{"index":"index","follow":"follow","max-snippet":"max-snippet:-1","max-image-preview":"max-image-preview:large","max-video-preview":"max-video-preview:-1"},"canonical":"https:\/\/vitablanca.ma\/ar\/product-2\/gilbert-lingettes-bebe-a-leau-70-unites\/","og_locale":"ar_AR","og_type":"article","og_title":"Gilbert Lingettes B\u00e9b\u00e9 \u00e0 l\u2019Eau 70 Unit\u00e9s - Maroc Prix","og_description":"Gilbert Lingettes B\u00e9b\u00e9 \u00e0 l\u2019Eau 70 Unit\u00e9s","og_url":"https:\/\/vitablanca.ma\/ar\/product-2\/gilbert-lingettes-bebe-a-leau-70-unites\/","og_site_name":"Vitablanca.ma &ndash; Sant&eacute;, vitalit&eacute; et bien-&ecirc;tre pour tous les Marocains","article_publisher":"https:\/\/www.facebook.com\/profile.php?id=61576678196717","og_image":[{"width":1000,"height":1000,"url":"https:\/\/vitablanca.ma\/wp-content\/uploads\/2025\/06\/Gilbert-Lingettes-Bebe-a-l_Eau-70-Unites-nova-paraparmacie-maroc.jpg","type":"image\/jpeg"}],"twitter_card":"summary_large_image","twitter_misc":{"\u0648\u0642\u062a \u0627\u0644\u0642\u0631\u0627\u0621\u0629 \u0627\u0644\u0645\u064f\u0642\u062f\u0651\u0631":"\u062f\u0642\u064a\u0642\u0629 \u0648\u0627\u062d\u062f\u0629"},"schema":{"@context":"https:\/\/schema.org","@graph":[{"@type":["WebPage","ItemPage"],"@id":"https:\/\/vitablanca.ma\/produit\/gilbert-lingettes-bebe-a-leau-70-unites\/","url":"https:\/\/vitablanca.ma\/produit\/gilbert-lingettes-bebe-a-leau-70-unites\/","name":"Gilbert Lingettes B\u00e9b\u00e9 \u00e0 l\u2019Eau 70 Unit\u00e9s - Maroc Prix","isPartOf":{"@id":"https:\/\/vitablanca.ma\/#website"},"primaryImageOfPage":{"@id":"https:\/\/vitablanca.ma\/produit\/gilbert-lingettes-bebe-a-leau-70-unites\/#primaryimage"},"image":{"@id":"https:\/\/vitablanca.ma\/produit\/gilbert-lingettes-bebe-a-leau-70-unites\/#primaryimage"},"thumbnailUrl":"https:\/\/vitablanca.ma\/wp-content\/uploads\/2025\/06\/Gilbert-Lingettes-Bebe-a-l_Eau-70-Unites-nova-paraparmacie-maroc.jpg","datePublished":"2025-06-10T17:24:09+00:00","description":"\u0645\u0646\u0627\u062f\u064a\u0644 \u062c\u064a\u0644\u0628\u0631\u062a \u0644\u0644\u0623\u0637\u0641\u0627\u0644 - 70 \u0645\u0646\u062f\u064a\u0644\u064b\u0627","breadcrumb":{"@id":"https:\/\/vitablanca.ma\/produit\/gilbert-lingettes-bebe-a-leau-70-unites\/#breadcrumb"},"inLanguage":"ar","potentialAction":[{"@type":"ReadAction","target":["https:\/\/vitablanca.ma\/produit\/gilbert-lingettes-bebe-a-leau-70-unites\/"]}]},{"@type":"ImageObject","inLanguage":"ar","@id":"https:\/\/vitablanca.ma\/produit\/gilbert-lingettes-bebe-a-leau-70-unites\/#primaryimage","url":"https:\/\/vitablanca.ma\/wp-content\/uploads\/2025\/06\/Gilbert-Lingettes-Bebe-a-l_Eau-70-Unites-nova-paraparmacie-maroc.jpg","contentUrl":"https:\/\/vitablanca.ma\/wp-content\/uploads\/2025\/06\/Gilbert-Lingettes-Bebe-a-l_Eau-70-Unites-nova-paraparmacie-maroc.jpg","width":1000,"height":1000},{"@type":"BreadcrumbList","@id":"https:\/\/vitablanca.ma\/produit\/gilbert-lingettes-bebe-a-leau-70-unites\/#breadcrumb","itemListElement":[{"@type":"ListItem","position":1,"name":"Home","item":"https:\/\/vitablanca.ma\/"},{"@type":"ListItem","position":2,"name":"Tous Les Produits","item":"https:\/\/vitablanca.ma\/tous-les-produits\/"},{"@type":"ListItem","position":3,"name":"Gilbert Lingettes B\u00e9b\u00e9 \u00e0 l\u2019Eau 70 Unit\u00e9s"}]},{"@type":"WebSite","@id":"https:\/\/vitablanca.ma\/#website","url":"https:\/\/vitablanca.ma\/","name":"VitaBlanca.ma | \u0627\u0644\u0645\u0643\u0645\u0644\u0627\u062a \u0627\u0644\u063a\u0630\u0627\u0626\u064a\u0629\u060c \u0627\u0644\u0635\u062d\u0629 \u0648\u0627\u0644\u062c\u0645\u0627\u0644 \u0641\u064a \u0627\u0644\u0645\u063a\u0631\u0628","description":"\u0646\u0628\u064a\u0639 \u0641\u064a\u062a\u0627\u0645\u064a\u0646\u0627\u062a \u0648\u0645\u0643\u0645\u0644\u0627\u062a \u063a\u0630\u0627\u0626\u064a\u0629 \u0641\u0627\u062e\u0631\u0629 \u0645\u0646 \u0627\u0644\u0648\u0644\u0627\u064a\u0627\u062a \u0627\u0644\u0645\u062a\u062d\u062f\u0629 \u0627\u0644\u0623\u0645\u0631\u064a\u0643\u064a\u0629 \u0648\u0643\u0646\u062f\u0627 \u0648\u0646\u064a\u0648\u0632\u064a\u0644\u0646\u062f\u0627 \u0648\u0627\u0644\u0645\u063a\u0631\u0628 (\u0646\u0627\u0648 \u0641\u0648\u062f\u0632\u060c \u0633\u0648\u0644\u062c\u0627\u0631\u060c \u0645\u0627\u0646\u0648\u0643\u0627). \u062a\u0648\u0635\u064a\u0644 \u0633\u0631\u064a\u0639 \u0625\u0644\u0649 \u062c\u0645\u064a\u0639 \u0623\u0646\u062d\u0627\u0621 \u0627\u0644\u0645\u063a\u0631\u0628.","publisher":{"@id":"https:\/\/vitablanca.ma\/#organization"},"alternateName":"VitaBlanca.ma","potentialAction":[{"@type":"SearchAction","target":{"@type":"EntryPoint","urlTemplate":"https:\/\/vitablanca.ma\/?s={search_term_string}"},"query-input":{"@type":"PropertyValueSpecification","valueRequired":true,"valueName":"search_term_string"}}],"inLanguage":"ar"},{"@type":"Organization","@id":"https:\/\/vitablanca.ma\/#organization","name":"\u0641\u064a\u062a\u0627\u0628\u0644\u0627\u0646\u0643\u0627","url":"https:\/\/vitablanca.ma\/","logo":{"@type":"ImageObject","inLanguage":"ar","@id":"https:\/\/vitablanca.ma\/#\/schema\/logo\/image\/","url":"https:\/\/vitablanca.ma\/wp-content\/uploads\/2025\/05\/cropped-vitablanca.png","contentUrl":"https:\/\/vitablanca.ma\/wp-content\/uploads\/2025\/05\/cropped-vitablanca.png","width":360,"height":67,"caption":"VitaBlanca"},"image":{"@id":"https:\/\/vitablanca.ma\/#\/schema\/logo\/image\/"},"sameAs":["https:\/\/www.facebook.com\/profile.php?id=61576678196717","https:\/\/www.tiktok.com\/@vitablanca.ma","https:\/\/www.instagram.com\/vitablanca.ma\/"]}]}},"jetpack_sharing_enabled":true,"_links":{"self":[{"href":"https:\/\/vitablanca.ma\/ar\/wp-json\/wp\/v2\/product\/18455","targetHints":{"allow":["GET"]}}],"collection":[{"href":"https:\/\/vitablanca.ma\/ar\/wp-json\/wp\/v2\/product"}],"about":[{"href":"https:\/\/vitablanca.ma\/ar\/wp-json\/wp\/v2\/types\/product"}],"wp:featuredmedia":[{"embeddable":true,"href":"https:\/\/vitablanca.ma\/ar\/wp-json\/wp\/v2\/media\/18454"}],"wp:attachment":[{"href":"https:\/\/vitablanca.ma\/ar\/wp-json\/wp\/v2\/media?parent=18455"}],"wp:term":[{"taxonomy":"product_brand","embeddable":true,"href":"https:\/\/vitablanca.ma\/ar\/wp-json\/wp\/v2\/product_brand?post=18455"},{"taxonomy":"product_cat","embeddable":true,"href":"https:\/\/vitablanca.ma\/ar\/wp-json\/wp\/v2\/product_cat?post=18455"},{"taxonomy":"product_tag","embeddable":true,"href":"https:\/\/vitablanca.ma\/ar\/wp-json\/wp\/v2\/product_tag?post=18455"}],"curies":[{"name":"wp","href":"https:\/\/api.w.org\/{rel}","templated":true}]}}