{"id":18434,"date":"2025-06-10T17:23:40","date_gmt":"2025-06-10T17:23:40","guid":{"rendered":"https:\/\/vitablanca.ma\/product\/gifrer-liniment-oleo-calcaire-900ml\/"},"modified":"2025-06-10T17:23:40","modified_gmt":"2025-06-10T17:23:40","slug":"gifrer-liniment-oleo-calcaire-900ml","status":"publish","type":"product","link":"https:\/\/vitablanca.ma\/ar\/product-2\/gifrer-liniment-oleo-calcaire-900ml\/","title":{"rendered":"Gifrer Liniment Ol\u00e9o-Calcaire 900ml"},"content":{"rendered":"<h2 data-mce-fragment=\"1\">\u0645\u0631\u0647\u0645 \u062c\u064a\u0641\u0631\u064a\u0631 \u0627\u0644\u0632\u064a\u062a\u064a \u0627\u0644\u0643\u0644\u0633\u064a\u00a0<span data-mce-fragment=\"1\">\u062a\u0645 \u062a\u0631\u0643\u064a\u0628\u0647 \u062e\u0635\u064a\u0635\u064b\u0627 \u0644\u0628\u0634\u0631\u0629 \u0627\u0644\u0623\u0637\u0641\u0627\u0644 \u0627\u0644\u062d\u0633\u0627\u0633\u0629<\/span><br \/>\n<\/h2>\n<div id=\"description_haute_produit\" data-mce-fragment=\"1\">\n<p data-mce-fragment=\"1\">\u0645\u0631\u0647\u0645 \u062c\u064a\u0641\u0631\u064a\u0631 \u0627\u0644\u0632\u064a\u062a\u064a \u0627\u0644\u0643\u0644\u0633\u064a \u0627\u0644\u0645\u0633\u062a\u0642\u0631 \u0647\u0648 \u0639\u0644\u0627\u062c \u0637\u0628\u064a\u0639\u064a \u0645\u0646\u0638\u0641 \u0648\u0648\u0642\u0627\u0626\u064a\u060c \u0645\u062e\u0635\u0635 \u0644\u0644\u062a\u063a\u064a\u064a\u0631.<\/p>\n<h3 data-mce-fragment=\"1\"><span data-mce-fragment=\"1\">\u0637\u0631\u064a\u0642\u0629 \u0627\u0644\u0627\u0633\u062a\u062e\u062f\u0627\u0645<br data-mce-fragment=\"1\"><\/span><\/h3>\n<div id=\"conseils_left_produit\" data-mce-fragment=\"1\">\n<p data-mce-fragment=\"1\">\u0631\u062c\u0651 \u0642\u0628\u0644 \u0627\u0644\u0627\u0633\u062a\u062e\u062f\u0627\u0645. \u0644\u0627 \u064a\u064f\u0648\u0636\u0639 \u0639\u0644\u0649 \u0627\u0644\u0639\u064a\u0646\u064a\u0646. \u0644\u0627 \u064a\u064f\u0628\u0644\u0639. \u064a\u064f\u062d\u0641\u0638 \u0641\u064a \u062f\u0631\u062c\u0629 \u062d\u0631\u0627\u0631\u0629 \u0623\u0642\u0644 \u0645\u0646 30 \u062f\u0631\u062c\u0629 \u0645\u0626\u0648\u064a\u0629.<\/p>\n<p data-mce-fragment=\"1\">\u0647\u0630\u0627 \u0627\u0644\u0645\u0646\u062a\u062c \u0647\u0648 \u0645\u0633\u062a\u062d\u0636\u0631 \u062a\u062c\u0645\u064a\u0644\u064a.<br data-mce-fragment=\"1\">\u0645\u062a\u0648\u0641\u0631 \u0623\u064a\u0636\u064b\u0627 \u0628\u0645\u0636\u062e\u0629 100 \u0645\u0644\u060c 500 \u0645\u0644\u060c 900 \u0645\u0644\u060c \u0648\u062c\u062f\u064a\u062f: \u0639\u0628\u0648\u0629 \u0625\u0639\u0627\u062f\u0629 \u062a\u0639\u0628\u0626\u0629 \u0635\u062f\u064a\u0642\u0629 \u0644\u0644\u0628\u064a\u0626\u0629 700 \u0645\u0644<\/p>\n<p data-mce-fragment=\"1\"><span data-mce-fragment=\"1\">99% \u0645\u0646 \u0645\u0643\u0648\u0646\u0627\u062a \u0630\u0627\u062a \u0623\u0635\u0644 \u0637\u0628\u064a\u0639\u064a*.<\/span><\/p>\n<\/div>\n<\/div>","protected":false},"excerpt":{"rendered":"<p>Gifrer Liniment Ol\u00e9o-Calcaire\u00a0formul\u00e9 sp\u00e9cialement pour la peau sensible des b\u00e9b\u00e9s Le liniment ol\u00e9o-calcaire stabilis\u00e9 Gifrer est un soin naturel, nettoyant et protecteur, indiqu\u00e9 pour le change. Conseils D&rsquo;utilisation Agiter avant emploi. Ne pas appliquer sur les yeux. Ne pas avaler. A conserver \u00e0 une temp\u00e9rature inf\u00e9rieure \u00e0\u00a030\u00b0C. Ce produit est un cosm\u00e9tique.Existe aussi en formats [&hellip;]<\/p>\n","protected":false},"featured_media":18433,"template":"","meta":{"om_disable_all_campaigns":false},"product_brand":[],"product_cat":[15],"product_tag":[],"class_list":{"0":"post-18434","1":"product","2":"type-product","3":"status-publish","4":"has-post-thumbnail","6":"product_cat-beaute-sante-complements-alimentaires-soins-et-bien-etre-au-meilleur-prix","8":"first","9":"instock","10":"sale","11":"taxable","12":"shipping-taxable","13":"purchasable","14":"product-type-simple"},"yoast_head":"<!-- This site is optimized with the Yoast SEO plugin v27.3 - https:\/\/yoast.com\/product\/yoast-seo-wordpress\/ -->\n<title>Gifrer Liniment Ol\u00e9o-Calcaire 900ml - Maroc Prix<\/title>\n<meta name=\"description\" content=\"Gifrer Liniment Ol\u00e9o-Calcaire 900ml\" \/>\n<meta name=\"robots\" content=\"index, follow, max-snippet:-1, max-image-preview:large, max-video-preview:-1\" \/>\n<link rel=\"canonical\" href=\"https:\/\/vitablanca.ma\/ar\/product-2\/gifrer-liniment-oleo-calcaire-900ml\/\" \/>\n<meta property=\"og:locale\" content=\"ar_AR\" \/>\n<meta property=\"og:type\" content=\"article\" \/>\n<meta property=\"og:title\" content=\"Gifrer Liniment Ol\u00e9o-Calcaire 900ml - Maroc Prix\" \/>\n<meta property=\"og:description\" content=\"Gifrer Liniment Ol\u00e9o-Calcaire 900ml\" \/>\n<meta property=\"og:url\" content=\"https:\/\/vitablanca.ma\/ar\/product-2\/gifrer-liniment-oleo-calcaire-900ml\/\" \/>\n<meta property=\"og:site_name\" content=\"Vitablanca.ma &ndash; Sant&eacute;, vitalit&eacute; et bien-&ecirc;tre pour tous les Marocains\" \/>\n<meta property=\"article:publisher\" content=\"https:\/\/www.facebook.com\/profile.php?id=61576678196717\" \/>\n<meta property=\"og:image\" content=\"https:\/\/vitablanca.ma\/wp-content\/uploads\/2025\/06\/Gifrer-Liniment-Oleo-Calcaire-900ml-nova-parapharmacie-maroc.jpg\" \/>\n\t<meta property=\"og:image:width\" content=\"1000\" \/>\n\t<meta property=\"og:image:height\" content=\"1000\" \/>\n\t<meta property=\"og:image:type\" content=\"image\/jpeg\" \/>\n<meta name=\"twitter:card\" content=\"summary_large_image\" \/>\n<script type=\"application\/ld+json\" class=\"yoast-schema-graph\">{\"@context\":\"https:\\\/\\\/schema.org\",\"@graph\":[{\"@type\":[\"WebPage\",\"ItemPage\"],\"@id\":\"https:\\\/\\\/vitablanca.ma\\\/produit\\\/gifrer-liniment-oleo-calcaire-900ml\\\/\",\"url\":\"https:\\\/\\\/vitablanca.ma\\\/produit\\\/gifrer-liniment-oleo-calcaire-900ml\\\/\",\"name\":\"Gifrer Liniment Ol\u00e9o-Calcaire 900ml - Maroc Prix\",\"isPartOf\":{\"@id\":\"https:\\\/\\\/vitablanca.ma\\\/#website\"},\"primaryImageOfPage\":{\"@id\":\"https:\\\/\\\/vitablanca.ma\\\/produit\\\/gifrer-liniment-oleo-calcaire-900ml\\\/#primaryimage\"},\"image\":{\"@id\":\"https:\\\/\\\/vitablanca.ma\\\/produit\\\/gifrer-liniment-oleo-calcaire-900ml\\\/#primaryimage\"},\"thumbnailUrl\":\"https:\\\/\\\/vitablanca.ma\\\/wp-content\\\/uploads\\\/2025\\\/06\\\/Gifrer-Liniment-Oleo-Calcaire-900ml-nova-parapharmacie-maroc.jpg\",\"datePublished\":\"2025-06-10T17:23:40+00:00\",\"description\":\"Gifrer Liniment Ol\u00e9o-Calcaire 900ml\",\"breadcrumb\":{\"@id\":\"https:\\\/\\\/vitablanca.ma\\\/produit\\\/gifrer-liniment-oleo-calcaire-900ml\\\/#breadcrumb\"},\"inLanguage\":\"ar\",\"potentialAction\":[{\"@type\":\"ReadAction\",\"target\":[\"https:\\\/\\\/vitablanca.ma\\\/produit\\\/gifrer-liniment-oleo-calcaire-900ml\\\/\"]}]},{\"@type\":\"ImageObject\",\"inLanguage\":\"ar\",\"@id\":\"https:\\\/\\\/vitablanca.ma\\\/produit\\\/gifrer-liniment-oleo-calcaire-900ml\\\/#primaryimage\",\"url\":\"https:\\\/\\\/vitablanca.ma\\\/wp-content\\\/uploads\\\/2025\\\/06\\\/Gifrer-Liniment-Oleo-Calcaire-900ml-nova-parapharmacie-maroc.jpg\",\"contentUrl\":\"https:\\\/\\\/vitablanca.ma\\\/wp-content\\\/uploads\\\/2025\\\/06\\\/Gifrer-Liniment-Oleo-Calcaire-900ml-nova-parapharmacie-maroc.jpg\",\"width\":1000,\"height\":1000},{\"@type\":\"BreadcrumbList\",\"@id\":\"https:\\\/\\\/vitablanca.ma\\\/produit\\\/gifrer-liniment-oleo-calcaire-900ml\\\/#breadcrumb\",\"itemListElement\":[{\"@type\":\"ListItem\",\"position\":1,\"name\":\"Home\",\"item\":\"https:\\\/\\\/vitablanca.ma\\\/\"},{\"@type\":\"ListItem\",\"position\":2,\"name\":\"Tous Les Produits\",\"item\":\"https:\\\/\\\/vitablanca.ma\\\/tous-les-produits\\\/\"},{\"@type\":\"ListItem\",\"position\":3,\"name\":\"Gifrer Liniment Ol\u00e9o-Calcaire 900ml\"}]},{\"@type\":\"WebSite\",\"@id\":\"https:\\\/\\\/vitablanca.ma\\\/#website\",\"url\":\"https:\\\/\\\/vitablanca.ma\\\/\",\"name\":\"VitaBlanca.ma | Compl\u00e9ments alimentaires, sant\u00e9 & beaut\u00e9 au Maroc\",\"description\":\"vendre vitamines et compl\u00e9ments premium des USA &amp; Canada, Nouvelle Z\u00e9lande,Maroc (NOW Foods, Solgar, Manuka). Livraison rapide partout au Maroc.\",\"publisher\":{\"@id\":\"https:\\\/\\\/vitablanca.ma\\\/#organization\"},\"alternateName\":\"VitaBlanca.ma\",\"potentialAction\":[{\"@type\":\"SearchAction\",\"target\":{\"@type\":\"EntryPoint\",\"urlTemplate\":\"https:\\\/\\\/vitablanca.ma\\\/?s={search_term_string}\"},\"query-input\":{\"@type\":\"PropertyValueSpecification\",\"valueRequired\":true,\"valueName\":\"search_term_string\"}}],\"inLanguage\":\"ar\"},{\"@type\":\"Organization\",\"@id\":\"https:\\\/\\\/vitablanca.ma\\\/#organization\",\"name\":\"VitaBlanca\",\"url\":\"https:\\\/\\\/vitablanca.ma\\\/\",\"logo\":{\"@type\":\"ImageObject\",\"inLanguage\":\"ar\",\"@id\":\"https:\\\/\\\/vitablanca.ma\\\/#\\\/schema\\\/logo\\\/image\\\/\",\"url\":\"https:\\\/\\\/vitablanca.ma\\\/wp-content\\\/uploads\\\/2025\\\/05\\\/cropped-vitablanca.png\",\"contentUrl\":\"https:\\\/\\\/vitablanca.ma\\\/wp-content\\\/uploads\\\/2025\\\/05\\\/cropped-vitablanca.png\",\"width\":360,\"height\":67,\"caption\":\"VitaBlanca\"},\"image\":{\"@id\":\"https:\\\/\\\/vitablanca.ma\\\/#\\\/schema\\\/logo\\\/image\\\/\"},\"sameAs\":[\"https:\\\/\\\/www.facebook.com\\\/profile.php?id=61576678196717\",\"https:\\\/\\\/www.tiktok.com\\\/@vitablanca.ma\",\"https:\\\/\\\/www.instagram.com\\\/vitablanca.ma\\\/\"]}]}<\/script>\n<!-- \/ Yoast SEO plugin. -->","yoast_head_json":{"title":"Gifrer Liniment Ol\u00e9o-Calcaire 900ml - Maroc Prix","description":"Gifrer Liniment Ol\u00e9o-Calcaire 900ml","robots":{"index":"index","follow":"follow","max-snippet":"max-snippet:-1","max-image-preview":"max-image-preview:large","max-video-preview":"max-video-preview:-1"},"canonical":"https:\/\/vitablanca.ma\/ar\/product-2\/gifrer-liniment-oleo-calcaire-900ml\/","og_locale":"ar_AR","og_type":"article","og_title":"Gifrer Liniment Ol\u00e9o-Calcaire 900ml - Maroc Prix","og_description":"Gifrer Liniment Ol\u00e9o-Calcaire 900ml","og_url":"https:\/\/vitablanca.ma\/ar\/product-2\/gifrer-liniment-oleo-calcaire-900ml\/","og_site_name":"Vitablanca.ma &ndash; Sant&eacute;, vitalit&eacute; et bien-&ecirc;tre pour tous les Marocains","article_publisher":"https:\/\/www.facebook.com\/profile.php?id=61576678196717","og_image":[{"width":1000,"height":1000,"url":"https:\/\/vitablanca.ma\/wp-content\/uploads\/2025\/06\/Gifrer-Liniment-Oleo-Calcaire-900ml-nova-parapharmacie-maroc.jpg","type":"image\/jpeg"}],"twitter_card":"summary_large_image","schema":{"@context":"https:\/\/schema.org","@graph":[{"@type":["WebPage","ItemPage"],"@id":"https:\/\/vitablanca.ma\/produit\/gifrer-liniment-oleo-calcaire-900ml\/","url":"https:\/\/vitablanca.ma\/produit\/gifrer-liniment-oleo-calcaire-900ml\/","name":"Gifrer Liniment Ol\u00e9o-Calcaire 900ml - Maroc Prix","isPartOf":{"@id":"https:\/\/vitablanca.ma\/#website"},"primaryImageOfPage":{"@id":"https:\/\/vitablanca.ma\/produit\/gifrer-liniment-oleo-calcaire-900ml\/#primaryimage"},"image":{"@id":"https:\/\/vitablanca.ma\/produit\/gifrer-liniment-oleo-calcaire-900ml\/#primaryimage"},"thumbnailUrl":"https:\/\/vitablanca.ma\/wp-content\/uploads\/2025\/06\/Gifrer-Liniment-Oleo-Calcaire-900ml-nova-parapharmacie-maroc.jpg","datePublished":"2025-06-10T17:23:40+00:00","description":"Gifrer Liniment Ol\u00e9o-Calcaire 900ml","breadcrumb":{"@id":"https:\/\/vitablanca.ma\/produit\/gifrer-liniment-oleo-calcaire-900ml\/#breadcrumb"},"inLanguage":"ar","potentialAction":[{"@type":"ReadAction","target":["https:\/\/vitablanca.ma\/produit\/gifrer-liniment-oleo-calcaire-900ml\/"]}]},{"@type":"ImageObject","inLanguage":"ar","@id":"https:\/\/vitablanca.ma\/produit\/gifrer-liniment-oleo-calcaire-900ml\/#primaryimage","url":"https:\/\/vitablanca.ma\/wp-content\/uploads\/2025\/06\/Gifrer-Liniment-Oleo-Calcaire-900ml-nova-parapharmacie-maroc.jpg","contentUrl":"https:\/\/vitablanca.ma\/wp-content\/uploads\/2025\/06\/Gifrer-Liniment-Oleo-Calcaire-900ml-nova-parapharmacie-maroc.jpg","width":1000,"height":1000},{"@type":"BreadcrumbList","@id":"https:\/\/vitablanca.ma\/produit\/gifrer-liniment-oleo-calcaire-900ml\/#breadcrumb","itemListElement":[{"@type":"ListItem","position":1,"name":"Home","item":"https:\/\/vitablanca.ma\/"},{"@type":"ListItem","position":2,"name":"Tous Les Produits","item":"https:\/\/vitablanca.ma\/tous-les-produits\/"},{"@type":"ListItem","position":3,"name":"Gifrer Liniment Ol\u00e9o-Calcaire 900ml"}]},{"@type":"WebSite","@id":"https:\/\/vitablanca.ma\/#website","url":"https:\/\/vitablanca.ma\/","name":"VitaBlanca.ma | \u0627\u0644\u0645\u0643\u0645\u0644\u0627\u062a \u0627\u0644\u063a\u0630\u0627\u0626\u064a\u0629\u060c \u0627\u0644\u0635\u062d\u0629 \u0648\u0627\u0644\u062c\u0645\u0627\u0644 \u0641\u064a \u0627\u0644\u0645\u063a\u0631\u0628","description":"\u0646\u0628\u064a\u0639 \u0641\u064a\u062a\u0627\u0645\u064a\u0646\u0627\u062a \u0648\u0645\u0643\u0645\u0644\u0627\u062a \u063a\u0630\u0627\u0626\u064a\u0629 \u0641\u0627\u062e\u0631\u0629 \u0645\u0646 \u0627\u0644\u0648\u0644\u0627\u064a\u0627\u062a \u0627\u0644\u0645\u062a\u062d\u062f\u0629 \u0627\u0644\u0623\u0645\u0631\u064a\u0643\u064a\u0629 \u0648\u0643\u0646\u062f\u0627 \u0648\u0646\u064a\u0648\u0632\u064a\u0644\u0646\u062f\u0627 \u0648\u0627\u0644\u0645\u063a\u0631\u0628 (\u0646\u0627\u0648 \u0641\u0648\u062f\u0632\u060c \u0633\u0648\u0644\u062c\u0627\u0631\u060c \u0645\u0627\u0646\u0648\u0643\u0627). \u062a\u0648\u0635\u064a\u0644 \u0633\u0631\u064a\u0639 \u0625\u0644\u0649 \u062c\u0645\u064a\u0639 \u0623\u0646\u062d\u0627\u0621 \u0627\u0644\u0645\u063a\u0631\u0628.","publisher":{"@id":"https:\/\/vitablanca.ma\/#organization"},"alternateName":"VitaBlanca.ma","potentialAction":[{"@type":"SearchAction","target":{"@type":"EntryPoint","urlTemplate":"https:\/\/vitablanca.ma\/?s={search_term_string}"},"query-input":{"@type":"PropertyValueSpecification","valueRequired":true,"valueName":"search_term_string"}}],"inLanguage":"ar"},{"@type":"Organization","@id":"https:\/\/vitablanca.ma\/#organization","name":"\u0641\u064a\u062a\u0627\u0628\u0644\u0627\u0646\u0643\u0627","url":"https:\/\/vitablanca.ma\/","logo":{"@type":"ImageObject","inLanguage":"ar","@id":"https:\/\/vitablanca.ma\/#\/schema\/logo\/image\/","url":"https:\/\/vitablanca.ma\/wp-content\/uploads\/2025\/05\/cropped-vitablanca.png","contentUrl":"https:\/\/vitablanca.ma\/wp-content\/uploads\/2025\/05\/cropped-vitablanca.png","width":360,"height":67,"caption":"VitaBlanca"},"image":{"@id":"https:\/\/vitablanca.ma\/#\/schema\/logo\/image\/"},"sameAs":["https:\/\/www.facebook.com\/profile.php?id=61576678196717","https:\/\/www.tiktok.com\/@vitablanca.ma","https:\/\/www.instagram.com\/vitablanca.ma\/"]}]}},"jetpack_sharing_enabled":true,"_links":{"self":[{"href":"https:\/\/vitablanca.ma\/ar\/wp-json\/wp\/v2\/product\/18434","targetHints":{"allow":["GET"]}}],"collection":[{"href":"https:\/\/vitablanca.ma\/ar\/wp-json\/wp\/v2\/product"}],"about":[{"href":"https:\/\/vitablanca.ma\/ar\/wp-json\/wp\/v2\/types\/product"}],"wp:featuredmedia":[{"embeddable":true,"href":"https:\/\/vitablanca.ma\/ar\/wp-json\/wp\/v2\/media\/18433"}],"wp:attachment":[{"href":"https:\/\/vitablanca.ma\/ar\/wp-json\/wp\/v2\/media?parent=18434"}],"wp:term":[{"taxonomy":"product_brand","embeddable":true,"href":"https:\/\/vitablanca.ma\/ar\/wp-json\/wp\/v2\/product_brand?post=18434"},{"taxonomy":"product_cat","embeddable":true,"href":"https:\/\/vitablanca.ma\/ar\/wp-json\/wp\/v2\/product_cat?post=18434"},{"taxonomy":"product_tag","embeddable":true,"href":"https:\/\/vitablanca.ma\/ar\/wp-json\/wp\/v2\/product_tag?post=18434"}],"curies":[{"name":"wp","href":"https:\/\/api.w.org\/{rel}","templated":true}]}}